{"id":3033,"date":"2021-11-29T19:00:49","date_gmt":"2021-11-29T19:00:49","guid":{"rendered":"https:\/\/zep.valgekana.ee\/toode\/biocontrol-5-20kg\/"},"modified":"2025-07-01T00:24:24","modified_gmt":"2025-07-01T00:24:24","slug":"biocontrol-5-20kg","status":"publish","type":"product","link":"https:\/\/zepestonia.com\/en\/toode\/biocontrol-5-20kg\/","title":{"rendered":"Biocontrol 5 * 20kg &#8211; Jahutusvee desinfitseerija"},"content":{"rendered":"<ul>\n<li>Kasutada toodet kontsentratsioonis <strong>10-300 ppm<\/strong> s\u00f5ltuvalt m\u00f5juajast ja mikrobioloogilisest s\u00fcsteemist (toitainete olemasolu, valgus, temperatuur).<\/li>\n<li>Toodet tuleb doseerida kas \u00fchekordselt v\u00f5i p\u00fcsivalt.<\/li>\n<li>V\u00f5ib doseerida kasutades doseerimispumpa.<\/li>\n<li>Soovitav on desinfitseerimisvahendit aegajalt vahetada, et ei tekiks harjumuse fenomeni.<\/li>\n<\/ul>\n","protected":false},"excerpt":{"rendered":"<p>BIOCONTROL 5 on laia spektriga desinfitseerija, mis hoiab \u00e4ra nii aeroobsete kui ka anaeroobsete bakterite, seente ja vetikate kasvu.<br \/>\nVahend on efektiivne ka nendes jahutuss\u00fcsteemides, kus vee vahetus on kiire ja kokkupuuteaeg on l\u00fchikene.<br \/>\nDesinfitseerija eemaldab ka madala kontsentratsiooni (pH 5 kuni 12) korral Legionella Pneumophila bakteri.<br \/>\nV\u00f5ib kasutada ka bakterite eemaldamiseks soojusvahetitelt ja teistelt pindadelt.<\/p>\n","protected":false},"featured_media":4886,"comment_status":"closed","ping_status":"closed","template":"","meta":[],"product_brand":[],"product_cat":[210],"product_tag":[],"class_list":{"0":"post-3033","1":"product","2":"type-product","3":"status-publish","4":"has-post-thumbnail","6":"product_cat-jahutus","8":"first","9":"instock","10":"taxable","11":"shipping-taxable","12":"purchasable","13":"product-type-simple"},"yoast_head":"<!-- This site is optimized with the Yoast SEO plugin v26.5 - https:\/\/yoast.com\/wordpress\/plugins\/seo\/ -->\n<title>Biocontrol 5 * 20kg - Jahutusvee desinfitseerija I ZEP Eesti<\/title>\n<meta name=\"description\" content=\"BIOCONTROL 5 on laia spektriga desinfitseerija, mis hoiab \u00e4ra bakterite, seente ja vetikate kasvu. Sobilik kasutamiseks ka soojusvahetitel ja teistel pindadel.\" \/>\n<meta name=\"robots\" content=\"index, follow, max-snippet:-1, max-image-preview:large, max-video-preview:-1\" \/>\n<link rel=\"canonical\" href=\"https:\/\/zepestonia.com\/en\/toode\/biocontrol-5-20kg\/\" \/>\n<meta property=\"og:locale\" content=\"en_US\" \/>\n<meta property=\"og:type\" content=\"article\" \/>\n<meta property=\"og:title\" content=\"Biocontrol 5 * 20kg - Jahutusvee desinfitseerija I ZEP Eesti\" \/>\n<meta property=\"og:description\" content=\"BIOCONTROL 5 on laia spektriga desinfitseerija, mis hoiab \u00e4ra bakterite, seente ja vetikate kasvu. Sobilik kasutamiseks ka soojusvahetitel ja teistel pindadel.\" \/>\n<meta property=\"og:url\" content=\"https:\/\/zepestonia.com\/en\/toode\/biocontrol-5-20kg\/\" \/>\n<meta property=\"og:site_name\" content=\"ZEP Eesti I Puhastusvahendid I E-pood\" \/>\n<meta property=\"article:publisher\" content=\"https:\/\/www.facebook.com\/ZepEesti\" \/>\n<meta property=\"article:modified_time\" content=\"2025-07-01T00:24:24+00:00\" \/>\n<meta property=\"og:image\" content=\"https:\/\/zepestonia.com\/wp-content\/uploads\/2022\/02\/BIOCONTROL5-4.png\" \/>\n\t<meta property=\"og:image:width\" content=\"400\" \/>\n\t<meta property=\"og:image:height\" content=\"600\" \/>\n\t<meta property=\"og:image:type\" content=\"image\/png\" \/>\n<meta name=\"twitter:card\" content=\"summary_large_image\" \/>\n<script type=\"application\/ld+json\" class=\"yoast-schema-graph\">{\"@context\":\"https:\/\/schema.org\",\"@graph\":[{\"@type\":\"WebPage\",\"@id\":\"https:\/\/zepestonia.com\/en\/toode\/biocontrol-5-20kg\/\",\"url\":\"https:\/\/zepestonia.com\/en\/toode\/biocontrol-5-20kg\/\",\"name\":\"Biocontrol 5 * 20kg - Jahutusvee desinfitseerija I ZEP Eesti\",\"isPartOf\":{\"@id\":\"https:\/\/zepestonia.com\/en\/#website\"},\"primaryImageOfPage\":{\"@id\":\"https:\/\/zepestonia.com\/en\/toode\/biocontrol-5-20kg\/#primaryimage\"},\"image\":{\"@id\":\"https:\/\/zepestonia.com\/en\/toode\/biocontrol-5-20kg\/#primaryimage\"},\"thumbnailUrl\":\"https:\/\/zepestonia.com\/wp-content\/uploads\/2022\/02\/BIOCONTROL5-4.png\",\"datePublished\":\"2021-11-29T19:00:49+00:00\",\"dateModified\":\"2025-07-01T00:24:24+00:00\",\"description\":\"BIOCONTROL 5 on laia spektriga desinfitseerija, mis hoiab \u00e4ra bakterite, seente ja vetikate kasvu. Sobilik kasutamiseks ka soojusvahetitel ja teistel pindadel.\",\"breadcrumb\":{\"@id\":\"https:\/\/zepestonia.com\/en\/toode\/biocontrol-5-20kg\/#breadcrumb\"},\"inLanguage\":\"en-US\",\"potentialAction\":[{\"@type\":\"ReadAction\",\"target\":[\"https:\/\/zepestonia.com\/en\/toode\/biocontrol-5-20kg\/\"]}]},{\"@type\":\"ImageObject\",\"inLanguage\":\"en-US\",\"@id\":\"https:\/\/zepestonia.com\/en\/toode\/biocontrol-5-20kg\/#primaryimage\",\"url\":\"https:\/\/zepestonia.com\/wp-content\/uploads\/2022\/02\/BIOCONTROL5-4.png\",\"contentUrl\":\"https:\/\/zepestonia.com\/wp-content\/uploads\/2022\/02\/BIOCONTROL5-4.png\",\"width\":400,\"height\":600,\"caption\":\"BIOCONTROL5-4\"},{\"@type\":\"BreadcrumbList\",\"@id\":\"https:\/\/zepestonia.com\/en\/toode\/biocontrol-5-20kg\/#breadcrumb\",\"itemListElement\":[{\"@type\":\"ListItem\",\"position\":1,\"name\":\"Home\",\"item\":\"https:\/\/zepestonia.com\/en\/\"},{\"@type\":\"ListItem\",\"position\":2,\"name\":\"Shop\",\"item\":\"https:\/\/zepestonia.com\/en\/?page_id=4643\"},{\"@type\":\"ListItem\",\"position\":3,\"name\":\"Biocontrol 5 * 20kg &#8211; Jahutusvee desinfitseerija\"}]},{\"@type\":\"WebSite\",\"@id\":\"https:\/\/zepestonia.com\/en\/#website\",\"url\":\"https:\/\/zepestonia.com\/en\/\",\"name\":\"ZEP Eesti I Puhastusvahendid I E-pood\",\"description\":\"Pakume puhastus- ja hooldusprobleemidele efektiivseid keskkonnas\u00f5bralikke lahendusi!\",\"publisher\":{\"@id\":\"https:\/\/zepestonia.com\/en\/#organization\"},\"potentialAction\":[{\"@type\":\"SearchAction\",\"target\":{\"@type\":\"EntryPoint\",\"urlTemplate\":\"https:\/\/zepestonia.com\/en\/?s={search_term_string}\"},\"query-input\":{\"@type\":\"PropertyValueSpecification\",\"valueRequired\":true,\"valueName\":\"search_term_string\"}}],\"inLanguage\":\"en-US\"},{\"@type\":\"Organization\",\"@id\":\"https:\/\/zepestonia.com\/en\/#organization\",\"name\":\"Zep Estonia\",\"url\":\"https:\/\/zepestonia.com\/en\/\",\"logo\":{\"@type\":\"ImageObject\",\"inLanguage\":\"en-US\",\"@id\":\"https:\/\/zepestonia.com\/en\/#\/schema\/logo\/image\/\",\"url\":\"https:\/\/zepestonia.com\/wp-content\/uploads\/2022\/03\/Zep-Logo_png.jpeg\",\"contentUrl\":\"https:\/\/zepestonia.com\/wp-content\/uploads\/2022\/03\/Zep-Logo_png.jpeg\",\"width\":109,\"height\":70,\"caption\":\"Zep Estonia\"},\"image\":{\"@id\":\"https:\/\/zepestonia.com\/en\/#\/schema\/logo\/image\/\"},\"sameAs\":[\"https:\/\/www.facebook.com\/ZepEesti\"]}]}<\/script>\n<!-- \/ Yoast SEO plugin. -->","yoast_head_json":{"title":"Biocontrol 5 * 20kg - Jahutusvee desinfitseerija I ZEP Eesti","description":"BIOCONTROL 5 on laia spektriga desinfitseerija, mis hoiab \u00e4ra bakterite, seente ja vetikate kasvu. Sobilik kasutamiseks ka soojusvahetitel ja teistel pindadel.","robots":{"index":"index","follow":"follow","max-snippet":"max-snippet:-1","max-image-preview":"max-image-preview:large","max-video-preview":"max-video-preview:-1"},"canonical":"https:\/\/zepestonia.com\/en\/toode\/biocontrol-5-20kg\/","og_locale":"en_US","og_type":"article","og_title":"Biocontrol 5 * 20kg - Jahutusvee desinfitseerija I ZEP Eesti","og_description":"BIOCONTROL 5 on laia spektriga desinfitseerija, mis hoiab \u00e4ra bakterite, seente ja vetikate kasvu. Sobilik kasutamiseks ka soojusvahetitel ja teistel pindadel.","og_url":"https:\/\/zepestonia.com\/en\/toode\/biocontrol-5-20kg\/","og_site_name":"ZEP Eesti I Puhastusvahendid I E-pood","article_publisher":"https:\/\/www.facebook.com\/ZepEesti","article_modified_time":"2025-07-01T00:24:24+00:00","og_image":[{"width":400,"height":600,"url":"https:\/\/zepestonia.com\/wp-content\/uploads\/2022\/02\/BIOCONTROL5-4.png","type":"image\/png"}],"twitter_card":"summary_large_image","schema":{"@context":"https:\/\/schema.org","@graph":[{"@type":"WebPage","@id":"https:\/\/zepestonia.com\/en\/toode\/biocontrol-5-20kg\/","url":"https:\/\/zepestonia.com\/en\/toode\/biocontrol-5-20kg\/","name":"Biocontrol 5 * 20kg - Jahutusvee desinfitseerija I ZEP Eesti","isPartOf":{"@id":"https:\/\/zepestonia.com\/en\/#website"},"primaryImageOfPage":{"@id":"https:\/\/zepestonia.com\/en\/toode\/biocontrol-5-20kg\/#primaryimage"},"image":{"@id":"https:\/\/zepestonia.com\/en\/toode\/biocontrol-5-20kg\/#primaryimage"},"thumbnailUrl":"https:\/\/zepestonia.com\/wp-content\/uploads\/2022\/02\/BIOCONTROL5-4.png","datePublished":"2021-11-29T19:00:49+00:00","dateModified":"2025-07-01T00:24:24+00:00","description":"BIOCONTROL 5 on laia spektriga desinfitseerija, mis hoiab \u00e4ra bakterite, seente ja vetikate kasvu. Sobilik kasutamiseks ka soojusvahetitel ja teistel pindadel.","breadcrumb":{"@id":"https:\/\/zepestonia.com\/en\/toode\/biocontrol-5-20kg\/#breadcrumb"},"inLanguage":"en-US","potentialAction":[{"@type":"ReadAction","target":["https:\/\/zepestonia.com\/en\/toode\/biocontrol-5-20kg\/"]}]},{"@type":"ImageObject","inLanguage":"en-US","@id":"https:\/\/zepestonia.com\/en\/toode\/biocontrol-5-20kg\/#primaryimage","url":"https:\/\/zepestonia.com\/wp-content\/uploads\/2022\/02\/BIOCONTROL5-4.png","contentUrl":"https:\/\/zepestonia.com\/wp-content\/uploads\/2022\/02\/BIOCONTROL5-4.png","width":400,"height":600,"caption":"BIOCONTROL5-4"},{"@type":"BreadcrumbList","@id":"https:\/\/zepestonia.com\/en\/toode\/biocontrol-5-20kg\/#breadcrumb","itemListElement":[{"@type":"ListItem","position":1,"name":"Home","item":"https:\/\/zepestonia.com\/en\/"},{"@type":"ListItem","position":2,"name":"Shop","item":"https:\/\/zepestonia.com\/en\/?page_id=4643"},{"@type":"ListItem","position":3,"name":"Biocontrol 5 * 20kg &#8211; Jahutusvee desinfitseerija"}]},{"@type":"WebSite","@id":"https:\/\/zepestonia.com\/en\/#website","url":"https:\/\/zepestonia.com\/en\/","name":"ZEP Eesti I Puhastusvahendid I E-pood","description":"Pakume puhastus- ja hooldusprobleemidele efektiivseid keskkonnas\u00f5bralikke lahendusi!","publisher":{"@id":"https:\/\/zepestonia.com\/en\/#organization"},"potentialAction":[{"@type":"SearchAction","target":{"@type":"EntryPoint","urlTemplate":"https:\/\/zepestonia.com\/en\/?s={search_term_string}"},"query-input":{"@type":"PropertyValueSpecification","valueRequired":true,"valueName":"search_term_string"}}],"inLanguage":"en-US"},{"@type":"Organization","@id":"https:\/\/zepestonia.com\/en\/#organization","name":"Zep Estonia","url":"https:\/\/zepestonia.com\/en\/","logo":{"@type":"ImageObject","inLanguage":"en-US","@id":"https:\/\/zepestonia.com\/en\/#\/schema\/logo\/image\/","url":"https:\/\/zepestonia.com\/wp-content\/uploads\/2022\/03\/Zep-Logo_png.jpeg","contentUrl":"https:\/\/zepestonia.com\/wp-content\/uploads\/2022\/03\/Zep-Logo_png.jpeg","width":109,"height":70,"caption":"Zep Estonia"},"image":{"@id":"https:\/\/zepestonia.com\/en\/#\/schema\/logo\/image\/"},"sameAs":["https:\/\/www.facebook.com\/ZepEesti"]}]}},"_links":{"self":[{"href":"https:\/\/zepestonia.com\/en\/wp-json\/wp\/v2\/product\/3033","targetHints":{"allow":["GET"]}}],"collection":[{"href":"https:\/\/zepestonia.com\/en\/wp-json\/wp\/v2\/product"}],"about":[{"href":"https:\/\/zepestonia.com\/en\/wp-json\/wp\/v2\/types\/product"}],"replies":[{"embeddable":true,"href":"https:\/\/zepestonia.com\/en\/wp-json\/wp\/v2\/comments?post=3033"}],"version-history":[{"count":1,"href":"https:\/\/zepestonia.com\/en\/wp-json\/wp\/v2\/product\/3033\/revisions"}],"predecessor-version":[{"id":12326,"href":"https:\/\/zepestonia.com\/en\/wp-json\/wp\/v2\/product\/3033\/revisions\/12326"}],"wp:featuredmedia":[{"embeddable":true,"href":"https:\/\/zepestonia.com\/en\/wp-json\/wp\/v2\/media\/4886"}],"wp:attachment":[{"href":"https:\/\/zepestonia.com\/en\/wp-json\/wp\/v2\/media?parent=3033"}],"wp:term":[{"taxonomy":"product_brand","embeddable":true,"href":"https:\/\/zepestonia.com\/en\/wp-json\/wp\/v2\/product_brand?post=3033"},{"taxonomy":"product_cat","embeddable":true,"href":"https:\/\/zepestonia.com\/en\/wp-json\/wp\/v2\/product_cat?post=3033"},{"taxonomy":"product_tag","embeddable":true,"href":"https:\/\/zepestonia.com\/en\/wp-json\/wp\/v2\/product_tag?post=3033"}],"curies":[{"name":"wp","href":"https:\/\/api.w.org\/{rel}","templated":true}]}}