{"id":3028,"date":"2021-11-29T19:00:49","date_gmt":"2021-11-29T19:00:49","guid":{"rendered":"https:\/\/zep.valgekana.ee\/toode\/sealine-412-5l\/"},"modified":"2026-04-22T03:13:21","modified_gmt":"2026-04-22T03:13:21","slug":"sealine-412-5l","status":"publish","type":"product","link":"https:\/\/zepestonia.com\/en\/toode\/sealine-412-5l\/","title":{"rendered":"Sealine 412 5L &#8211; Laeva puhastusvahend"},"content":{"rendered":"<ul>\n<li><span style=\"font-size:14px\"><span class=\"markedContent\" id=\"page3R_mcid43\"><span dir=\"ltr\" role=\"presentation\" style=\"left: 90px;top: 696.511px;font-family: sans-serif\">Lahustada veega (<strong>ka mer<\/strong><\/span><span dir=\"ltr\" role=\"presentation\" style=\"left: 317.083px;top: 696.511px;font-family: sans-serif\"><strong>eveega<\/strong>) vastavalt:<\/span><\/span><\/span><\/li>\n<li><span style=\"font-size:14px\"><span class=\"markedContent\" id=\"page3R_mcid46\"><span dir=\"ltr\" role=\"presentation\" style=\"left: 163.84px;top: 720.911px;font-family: sans-serif\">1:10<\/span><span dir=\"ltr\" role=\"presentation\" style=\"left: 202.74px;top: 720.911px;font-family: sans-serif\"> <\/span><span dir=\"ltr\" role=\"presentation\" style=\"left: 208.433px;top: 720.911px;font-family: sans-serif\">\u2013<\/span><span dir=\"ltr\" role=\"presentation\" style=\"left: 219.553px;top: 720.911px;font-family: sans-serif\"> <\/span><span dir=\"ltr\" role=\"presentation\" style=\"left: 225.033px;top: 720.911px;font-family: sans-serif\">1:20 \u00dcldine puhastus, dekid ja varustus.<\/span><\/span><\/span><\/li>\n<li><span style=\"font-size:14px\"><span class=\"markedContent\" id=\"page3R_mcid49\"><span dir=\"ltr\" role=\"presentation\" style=\"left: 149.04px;top: 745.311px;font-family: sans-serif\">Kuni 1:1<\/span><span dir=\"ltr\" role=\"presentation\" style=\"left: 222.633px;top: 745.311px;font-family: sans-serif\">&#8211;<\/span><span dir=\"ltr\" role=\"presentation\" style=\"left: 229.233px;top: 745.311px;font-family: sans-serif\">2 Raske mustuse, katlakivi jms eemaldamiseks.<\/span><\/span><\/span><\/li>\n<li><span style=\"font-size:14px\"><span class=\"markedContent\" id=\"page3R_mcid52\"><span dir=\"ltr\" role=\"presentation\" style=\"left: 149.04px;top: 769.711px;font-family: sans-serif\">Loputada korralikult veega<\/span><span dir=\"ltr\" role=\"presentation\" style=\"left: 292.633px;top: 769.711px;font-family: sans-serif\">.<\/span><\/span><\/span><\/li>\n<\/ul>\n<p><span style=\"color:#FF0000\"><strong><span style=\"font-size:14px\"><span class=\"markedContent\" id=\"page3R_mcid55\"><span dir=\"ltr\" role=\"presentation\" style=\"left: 90px;top: 815.744px;font-family: sans-serif\">PS!<\/span><\/span><\/span><\/strong><\/span><\/p>\n<ul>\n<li><span style=\"font-size:14px\"><span class=\"markedContent\" id=\"page3R_mcid56\"><span dir=\"ltr\" role=\"presentation\" style=\"left: 149.04px;top: 840.144px;font-family: sans-serif\">Mitte lasta<\/span><span dir=\"ltr\" role=\"presentation\" style=\"left: 240.28px;top: 840.144px;font-family: sans-serif\"> <\/span><span dir=\"ltr\" role=\"presentation\" style=\"left: 245.833px;top: 840.144px;font-family: sans-serif\">puhastataval pinnal<\/span><span dir=\"ltr\" role=\"presentation\" style=\"left: 418.113px;top: 840.144px;font-family: sans-serif\"> <\/span><span dir=\"ltr\" role=\"presentation\" style=\"left: 423.883px;top: 840.144px;font-family: sans-serif\">too<\/span><span dir=\"ltr\" role=\"presentation\" style=\"left: 451.683px;top: 840.144px;font-family: sans-serif\">det<\/span><span dir=\"ltr\" role=\"presentation\" style=\"left: 479.423px;top: 840.144px;font-family: sans-serif\"> <\/span><span dir=\"ltr\" role=\"presentation\" style=\"left: 485.083px;top: 840.144px;font-family: sans-serif\">\u00e4ra kuivada<\/span><span dir=\"ltr\" role=\"presentation\" style=\"left: 588.323px;top: 840.144px;font-family: sans-serif\"> <\/span><span dir=\"ltr\" role=\"presentation\" style=\"left: 594.117px;top: 840.144px;font-family: sans-serif\">&#8211;<\/span><span dir=\"ltr\" role=\"presentation\" style=\"left: 600.777px;top: 840.144px;font-family: sans-serif\"> <\/span><span dir=\"ltr\" role=\"presentation\" style=\"left: 606.117px;top: 840.144px;font-family: sans-serif\">K<\/span><span dir=\"ltr\" role=\"presentation\" style=\"left: 619.517px;top: 840.144px;font-family: sans-serif\">oheselt loputada!<\/span><\/span><\/span><\/li>\n<li><span style=\"font-size:14px\"><span class=\"markedContent\" id=\"page3R_mcid58\"><span dir=\"ltr\" role=\"presentation\" style=\"left: 149.04px;top: 864.544px;font-family: sans-serif\">Suuremate pindade puhastamisel kanda pinnale osade kaupa ja loputada korralikult<\/span> <span dir=\"ltr\" role=\"presentation\" style=\"left: 150.04px;top: 887.544px;font-family: sans-serif\">enne j\u00e4rgmise osa t\u00f6\u00f6tlemist.<\/span><\/span><\/span><\/li>\n<\/ul>\n<p>pH<span style=\"font-size:14px\">&nbsp;<span class=\"markedContent\" id=\"page3R_mcid74\"><span dir=\"ltr\" role=\"presentation\" style=\"left: 149.04px;top: 1144.59px;font-family: sans-serif\">2,3 (10g\/L).<\/span><\/span><\/span><\/p>\n","protected":false},"excerpt":{"rendered":"<p>Universaalne puhastaja ning katlakivi eemaldaja \u00fches oksiidi eemaldamise v\u00f5imega, et puhastada laeva k\u00f5iki pindu.<br \/>\nTaastab koheselt algse tiigi v\u00e4rvi.<br \/>\nEemaldab efektiivselt rasva pilsilt.<br \/>\nTaastab roostevaba terase ning anodiseeritud alumiiniumi algsed omadused.<br \/>\nEemaldab efektiivselt rasva, sudu, soolad.<br \/>\nLahustab kiiresti katlakivi, rooste, hallituse ja molluskid.<br \/>\nKasutamiseks roostevaba terasel, alumiiniumil, epoksiidil, pol\u00fcauretaanv\u00e4rvidel, v\u00e4rvitud pindadel, tiigil ja kummil.<\/p>\n","protected":false},"featured_media":4789,"comment_status":"closed","ping_status":"closed","template":"","meta":[],"product_brand":[],"product_cat":[202],"product_tag":[],"class_list":{"0":"post-3028","1":"product","2":"type-product","3":"status-publish","4":"has-post-thumbnail","6":"product_cat-laevandus","8":"first","9":"instock","10":"taxable","11":"shipping-taxable","12":"purchasable","13":"product-type-simple"},"yoast_head":"<!-- This site is optimized with the Yoast SEO plugin v26.5 - https:\/\/yoast.com\/wordpress\/plugins\/seo\/ -->\n<title>Sealine 412 5L - Laeva puhastusvahend, universaalne toode I ZEP Eesti<\/title>\n<meta name=\"description\" content=\"Universaalne puhastaja ning katlakivi eemaldaja \u00fches oksiidi eemaldamise v\u00f5imega, et puhastada laeva k\u00f5iki pindu. Eemaldab efektiivselt rasva, sudu, soolad.\" \/>\n<meta name=\"robots\" content=\"index, follow, max-snippet:-1, max-image-preview:large, max-video-preview:-1\" \/>\n<link rel=\"canonical\" href=\"https:\/\/zepestonia.com\/en\/toode\/sealine-412-5l\/\" \/>\n<meta property=\"og:locale\" content=\"en_US\" \/>\n<meta property=\"og:type\" content=\"article\" \/>\n<meta property=\"og:title\" content=\"Sealine 412 5L - Laeva puhastusvahend, universaalne toode I ZEP Eesti\" \/>\n<meta property=\"og:description\" content=\"Universaalne puhastaja ning katlakivi eemaldaja \u00fches oksiidi eemaldamise v\u00f5imega, et puhastada laeva k\u00f5iki pindu. Eemaldab efektiivselt rasva, sudu, soolad.\" \/>\n<meta property=\"og:url\" content=\"https:\/\/zepestonia.com\/en\/toode\/sealine-412-5l\/\" \/>\n<meta property=\"og:site_name\" content=\"ZEP Eesti I Puhastusvahendid I E-pood\" \/>\n<meta property=\"article:publisher\" content=\"https:\/\/www.facebook.com\/ZepEesti\" \/>\n<meta property=\"article:modified_time\" content=\"2026-04-22T03:13:21+00:00\" \/>\n<meta property=\"og:image\" content=\"https:\/\/zepestonia.com\/wp-content\/uploads\/2022\/02\/329-60e8ffff0b1ce2-29601527-Sealine20412.png\" \/>\n\t<meta property=\"og:image:width\" content=\"400\" \/>\n\t<meta property=\"og:image:height\" content=\"600\" \/>\n\t<meta property=\"og:image:type\" content=\"image\/png\" \/>\n<meta name=\"twitter:card\" content=\"summary_large_image\" \/>\n<script type=\"application\/ld+json\" class=\"yoast-schema-graph\">{\"@context\":\"https:\/\/schema.org\",\"@graph\":[{\"@type\":\"WebPage\",\"@id\":\"https:\/\/zepestonia.com\/en\/toode\/sealine-412-5l\/\",\"url\":\"https:\/\/zepestonia.com\/en\/toode\/sealine-412-5l\/\",\"name\":\"Sealine 412 5L - Laeva puhastusvahend, universaalne toode I ZEP Eesti\",\"isPartOf\":{\"@id\":\"https:\/\/zepestonia.com\/en\/#website\"},\"primaryImageOfPage\":{\"@id\":\"https:\/\/zepestonia.com\/en\/toode\/sealine-412-5l\/#primaryimage\"},\"image\":{\"@id\":\"https:\/\/zepestonia.com\/en\/toode\/sealine-412-5l\/#primaryimage\"},\"thumbnailUrl\":\"https:\/\/zepestonia.com\/wp-content\/uploads\/2022\/02\/329-60e8ffff0b1ce2-29601527-Sealine20412.png\",\"datePublished\":\"2021-11-29T19:00:49+00:00\",\"dateModified\":\"2026-04-22T03:13:21+00:00\",\"description\":\"Universaalne puhastaja ning katlakivi eemaldaja \u00fches oksiidi eemaldamise v\u00f5imega, et puhastada laeva k\u00f5iki pindu. Eemaldab efektiivselt rasva, sudu, soolad.\",\"breadcrumb\":{\"@id\":\"https:\/\/zepestonia.com\/en\/toode\/sealine-412-5l\/#breadcrumb\"},\"inLanguage\":\"en-US\",\"potentialAction\":[{\"@type\":\"ReadAction\",\"target\":[\"https:\/\/zepestonia.com\/en\/toode\/sealine-412-5l\/\"]}]},{\"@type\":\"ImageObject\",\"inLanguage\":\"en-US\",\"@id\":\"https:\/\/zepestonia.com\/en\/toode\/sealine-412-5l\/#primaryimage\",\"url\":\"https:\/\/zepestonia.com\/wp-content\/uploads\/2022\/02\/329-60e8ffff0b1ce2-29601527-Sealine20412.png\",\"contentUrl\":\"https:\/\/zepestonia.com\/wp-content\/uploads\/2022\/02\/329-60e8ffff0b1ce2-29601527-Sealine20412.png\",\"width\":400,\"height\":600,\"caption\":\"329-60e8ffff0b1ce2-29601527-Sealine20412\"},{\"@type\":\"BreadcrumbList\",\"@id\":\"https:\/\/zepestonia.com\/en\/toode\/sealine-412-5l\/#breadcrumb\",\"itemListElement\":[{\"@type\":\"ListItem\",\"position\":1,\"name\":\"Home\",\"item\":\"https:\/\/zepestonia.com\/en\/\"},{\"@type\":\"ListItem\",\"position\":2,\"name\":\"Shop\",\"item\":\"https:\/\/zepestonia.com\/en\/?page_id=4643\"},{\"@type\":\"ListItem\",\"position\":3,\"name\":\"Sealine 412 5L &#8211; Laeva puhastusvahend\"}]},{\"@type\":\"WebSite\",\"@id\":\"https:\/\/zepestonia.com\/en\/#website\",\"url\":\"https:\/\/zepestonia.com\/en\/\",\"name\":\"ZEP Eesti I Puhastusvahendid I E-pood\",\"description\":\"Pakume puhastus- ja hooldusprobleemidele efektiivseid keskkonnas\u00f5bralikke lahendusi!\",\"publisher\":{\"@id\":\"https:\/\/zepestonia.com\/en\/#organization\"},\"potentialAction\":[{\"@type\":\"SearchAction\",\"target\":{\"@type\":\"EntryPoint\",\"urlTemplate\":\"https:\/\/zepestonia.com\/en\/?s={search_term_string}\"},\"query-input\":{\"@type\":\"PropertyValueSpecification\",\"valueRequired\":true,\"valueName\":\"search_term_string\"}}],\"inLanguage\":\"en-US\"},{\"@type\":\"Organization\",\"@id\":\"https:\/\/zepestonia.com\/en\/#organization\",\"name\":\"Zep Estonia\",\"url\":\"https:\/\/zepestonia.com\/en\/\",\"logo\":{\"@type\":\"ImageObject\",\"inLanguage\":\"en-US\",\"@id\":\"https:\/\/zepestonia.com\/en\/#\/schema\/logo\/image\/\",\"url\":\"https:\/\/zepestonia.com\/wp-content\/uploads\/2022\/03\/Zep-Logo_png.jpeg\",\"contentUrl\":\"https:\/\/zepestonia.com\/wp-content\/uploads\/2022\/03\/Zep-Logo_png.jpeg\",\"width\":109,\"height\":70,\"caption\":\"Zep Estonia\"},\"image\":{\"@id\":\"https:\/\/zepestonia.com\/en\/#\/schema\/logo\/image\/\"},\"sameAs\":[\"https:\/\/www.facebook.com\/ZepEesti\"]}]}<\/script>\n<!-- \/ Yoast SEO plugin. -->","yoast_head_json":{"title":"Sealine 412 5L - Laeva puhastusvahend, universaalne toode I ZEP Eesti","description":"Universaalne puhastaja ning katlakivi eemaldaja \u00fches oksiidi eemaldamise v\u00f5imega, et puhastada laeva k\u00f5iki pindu. Eemaldab efektiivselt rasva, sudu, soolad.","robots":{"index":"index","follow":"follow","max-snippet":"max-snippet:-1","max-image-preview":"max-image-preview:large","max-video-preview":"max-video-preview:-1"},"canonical":"https:\/\/zepestonia.com\/en\/toode\/sealine-412-5l\/","og_locale":"en_US","og_type":"article","og_title":"Sealine 412 5L - Laeva puhastusvahend, universaalne toode I ZEP Eesti","og_description":"Universaalne puhastaja ning katlakivi eemaldaja \u00fches oksiidi eemaldamise v\u00f5imega, et puhastada laeva k\u00f5iki pindu. Eemaldab efektiivselt rasva, sudu, soolad.","og_url":"https:\/\/zepestonia.com\/en\/toode\/sealine-412-5l\/","og_site_name":"ZEP Eesti I Puhastusvahendid I E-pood","article_publisher":"https:\/\/www.facebook.com\/ZepEesti","article_modified_time":"2026-04-22T03:13:21+00:00","og_image":[{"width":400,"height":600,"url":"https:\/\/zepestonia.com\/wp-content\/uploads\/2022\/02\/329-60e8ffff0b1ce2-29601527-Sealine20412.png","type":"image\/png"}],"twitter_card":"summary_large_image","schema":{"@context":"https:\/\/schema.org","@graph":[{"@type":"WebPage","@id":"https:\/\/zepestonia.com\/en\/toode\/sealine-412-5l\/","url":"https:\/\/zepestonia.com\/en\/toode\/sealine-412-5l\/","name":"Sealine 412 5L - Laeva puhastusvahend, universaalne toode I ZEP Eesti","isPartOf":{"@id":"https:\/\/zepestonia.com\/en\/#website"},"primaryImageOfPage":{"@id":"https:\/\/zepestonia.com\/en\/toode\/sealine-412-5l\/#primaryimage"},"image":{"@id":"https:\/\/zepestonia.com\/en\/toode\/sealine-412-5l\/#primaryimage"},"thumbnailUrl":"https:\/\/zepestonia.com\/wp-content\/uploads\/2022\/02\/329-60e8ffff0b1ce2-29601527-Sealine20412.png","datePublished":"2021-11-29T19:00:49+00:00","dateModified":"2026-04-22T03:13:21+00:00","description":"Universaalne puhastaja ning katlakivi eemaldaja \u00fches oksiidi eemaldamise v\u00f5imega, et puhastada laeva k\u00f5iki pindu. Eemaldab efektiivselt rasva, sudu, soolad.","breadcrumb":{"@id":"https:\/\/zepestonia.com\/en\/toode\/sealine-412-5l\/#breadcrumb"},"inLanguage":"en-US","potentialAction":[{"@type":"ReadAction","target":["https:\/\/zepestonia.com\/en\/toode\/sealine-412-5l\/"]}]},{"@type":"ImageObject","inLanguage":"en-US","@id":"https:\/\/zepestonia.com\/en\/toode\/sealine-412-5l\/#primaryimage","url":"https:\/\/zepestonia.com\/wp-content\/uploads\/2022\/02\/329-60e8ffff0b1ce2-29601527-Sealine20412.png","contentUrl":"https:\/\/zepestonia.com\/wp-content\/uploads\/2022\/02\/329-60e8ffff0b1ce2-29601527-Sealine20412.png","width":400,"height":600,"caption":"329-60e8ffff0b1ce2-29601527-Sealine20412"},{"@type":"BreadcrumbList","@id":"https:\/\/zepestonia.com\/en\/toode\/sealine-412-5l\/#breadcrumb","itemListElement":[{"@type":"ListItem","position":1,"name":"Home","item":"https:\/\/zepestonia.com\/en\/"},{"@type":"ListItem","position":2,"name":"Shop","item":"https:\/\/zepestonia.com\/en\/?page_id=4643"},{"@type":"ListItem","position":3,"name":"Sealine 412 5L &#8211; Laeva puhastusvahend"}]},{"@type":"WebSite","@id":"https:\/\/zepestonia.com\/en\/#website","url":"https:\/\/zepestonia.com\/en\/","name":"ZEP Eesti I Puhastusvahendid I E-pood","description":"Pakume puhastus- ja hooldusprobleemidele efektiivseid keskkonnas\u00f5bralikke lahendusi!","publisher":{"@id":"https:\/\/zepestonia.com\/en\/#organization"},"potentialAction":[{"@type":"SearchAction","target":{"@type":"EntryPoint","urlTemplate":"https:\/\/zepestonia.com\/en\/?s={search_term_string}"},"query-input":{"@type":"PropertyValueSpecification","valueRequired":true,"valueName":"search_term_string"}}],"inLanguage":"en-US"},{"@type":"Organization","@id":"https:\/\/zepestonia.com\/en\/#organization","name":"Zep Estonia","url":"https:\/\/zepestonia.com\/en\/","logo":{"@type":"ImageObject","inLanguage":"en-US","@id":"https:\/\/zepestonia.com\/en\/#\/schema\/logo\/image\/","url":"https:\/\/zepestonia.com\/wp-content\/uploads\/2022\/03\/Zep-Logo_png.jpeg","contentUrl":"https:\/\/zepestonia.com\/wp-content\/uploads\/2022\/03\/Zep-Logo_png.jpeg","width":109,"height":70,"caption":"Zep Estonia"},"image":{"@id":"https:\/\/zepestonia.com\/en\/#\/schema\/logo\/image\/"},"sameAs":["https:\/\/www.facebook.com\/ZepEesti"]}]}},"_links":{"self":[{"href":"https:\/\/zepestonia.com\/en\/wp-json\/wp\/v2\/product\/3028","targetHints":{"allow":["GET"]}}],"collection":[{"href":"https:\/\/zepestonia.com\/en\/wp-json\/wp\/v2\/product"}],"about":[{"href":"https:\/\/zepestonia.com\/en\/wp-json\/wp\/v2\/types\/product"}],"replies":[{"embeddable":true,"href":"https:\/\/zepestonia.com\/en\/wp-json\/wp\/v2\/comments?post=3028"}],"version-history":[{"count":2,"href":"https:\/\/zepestonia.com\/en\/wp-json\/wp\/v2\/product\/3028\/revisions"}],"predecessor-version":[{"id":11144,"href":"https:\/\/zepestonia.com\/en\/wp-json\/wp\/v2\/product\/3028\/revisions\/11144"}],"wp:featuredmedia":[{"embeddable":true,"href":"https:\/\/zepestonia.com\/en\/wp-json\/wp\/v2\/media\/4789"}],"wp:attachment":[{"href":"https:\/\/zepestonia.com\/en\/wp-json\/wp\/v2\/media?parent=3028"}],"wp:term":[{"taxonomy":"product_brand","embeddable":true,"href":"https:\/\/zepestonia.com\/en\/wp-json\/wp\/v2\/product_brand?post=3028"},{"taxonomy":"product_cat","embeddable":true,"href":"https:\/\/zepestonia.com\/en\/wp-json\/wp\/v2\/product_cat?post=3028"},{"taxonomy":"product_tag","embeddable":true,"href":"https:\/\/zepestonia.com\/en\/wp-json\/wp\/v2\/product_tag?post=3028"}],"curies":[{"name":"wp","href":"https:\/\/api.w.org\/{rel}","templated":true}]}}