{"id":3027,"date":"2021-11-29T19:00:49","date_gmt":"2021-11-29T19:00:49","guid":{"rendered":"https:\/\/zep.valgekana.ee\/toode\/manoflor\/"},"modified":"2025-09-20T00:00:46","modified_gmt":"2025-09-20T00:00:46","slug":"manoflor","status":"publish","type":"product","link":"https:\/\/zepestonia.com\/en\/toode\/manoflor\/","title":{"rendered":"Manoflor* &#8211; L\u00f5hnastatud seep"},"content":{"rendered":"<ul>\n<li><span style=\"font-size:14px\"><span class=\"markedContent\" id=\"page3R_mcid41\"><span dir=\"ltr\" role=\"presentation\" style=\"left: 150.04px;top: 788.344px;font-family: sans-serif\">V\u00f5ib lahjendada veega kuni 1\/5<\/span><span dir=\"ltr\" role=\"presentation\" style=\"left: 429.483px;top: 788.344px;font-family: sans-serif\">.<\/span><\/span><\/span><\/li>\n<li><span style=\"font-size:14px\"><span class=\"markedContent\" id=\"page3R_mcid42\"><span dir=\"ltr\" role=\"presentation\" style=\"left: 150.04px;top: 812.744px;font-family: sans-serif\">Teha k\u00e4ed m\u00e4rjaks, kanda seep k\u00e4tele ja h\u00f5\u00f5ruda.<\/span><\/span><\/span><\/li>\n<li><span style=\"font-size:14px\"><span class=\"markedContent\" id=\"page3R_mcid43\"><span dir=\"ltr\" role=\"presentation\" style=\"left: 150.04px;top: 836.944px;font-family: sans-serif\">Loputada<\/span><span dir=\"ltr\" role=\"presentation\" style=\"left: 233.48px;top: 836.944px;font-family: sans-serif\"> <\/span><span dir=\"ltr\" role=\"presentation\" style=\"left: 239.233px;top: 836.944px;font-family: sans-serif\">ja kuivatada<\/span><span dir=\"ltr\" role=\"presentation\" style=\"left: 345.873px;top: 836.944px;font-family: sans-serif\"> <\/span><span dir=\"ltr\" role=\"presentation\" style=\"left: 351.283px;top: 836.944px;font-family: sans-serif\">korralikult.<\/span><\/span><\/span><\/li>\n<\/ul>\n<p><span style=\"font-size:14px\"><span class=\"markedContent\"><span dir=\"ltr\" role=\"presentation\" style=\"left: 351.283px;top: 836.944px;font-family: sans-serif\">pH 7,0<\/span><\/span><\/span><\/p>\n","protected":false},"excerpt":{"rendered":"<p>Eemaldab efektiivselt k\u00e4telt mustuse.<br \/>\n\u2022 \u00d6konoomne.<br \/>\n\u2022 J\u00e4tab k\u00e4ed p\u00e4rast kasutamist pehmeks.<br \/>\n\u2022 V\u00e4ga \u00f5rn ja sobib igap\u00e4evaseks pesuks.<br \/>\n\u2022 Ei sisalda lahusteid ega abrassiivseid puhastajaid.<br \/>\n\u2022 Meeldiva sidrunirohu l\u00f5hnaga.<br \/>\n\u2022 Lihtne maha pesta.<br \/>\n\u2022 Efektiivne isegi kareda vee korral.<br \/>\n\u2022 Vastab kosmeetiliste toodete normatiivile AFNOR NFT 7310,<br \/>\n  mis reguleerib lahustivaba k\u00e4tepesuainete kasutamist t\u00f6\u00f6stuses.<br \/>\n\u2022 Pindaktiivsed ained on 90% biolagunevad.<br \/>\n\u2022 Sisaldab bakteriostaatilisi osi.<\/p>\n","protected":false},"featured_media":3789,"comment_status":"closed","ping_status":"closed","template":"","meta":[],"product_brand":[],"product_cat":[216],"product_tag":[],"class_list":{"0":"post-3027","1":"product","2":"type-product","3":"status-publish","4":"has-post-thumbnail","6":"product_cat-igapaevane-puhastus","8":"first","9":"instock","10":"taxable","11":"shipping-taxable","12":"purchasable","13":"product-type-simple"},"yoast_head":"<!-- This site is optimized with the Yoast SEO plugin v26.5 - https:\/\/yoast.com\/wordpress\/plugins\/seo\/ -->\n<title>Manoflor* - L\u00f5hnastatud seep, \u00f6konoomne I ZEP Eesti<\/title>\n<meta name=\"description\" content=\"Seep eemaldab efektiivselt k\u00e4telt mustuse ja j\u00e4tab k\u00e4ed p\u00e4rast kasutamist pehmeks. V\u00e4ga \u00f5rn ja sobib igap\u00e4evaseks pesuks. Seep on meeldiva sidrunirohu l\u00f5hnaga.\" \/>\n<meta name=\"robots\" content=\"index, follow, max-snippet:-1, max-image-preview:large, max-video-preview:-1\" \/>\n<link rel=\"canonical\" href=\"https:\/\/zepestonia.com\/en\/toode\/manoflor\/\" \/>\n<meta property=\"og:locale\" content=\"en_US\" \/>\n<meta property=\"og:type\" content=\"article\" \/>\n<meta property=\"og:title\" content=\"Manoflor* - L\u00f5hnastatud seep, \u00f6konoomne I ZEP Eesti\" \/>\n<meta property=\"og:description\" content=\"Seep eemaldab efektiivselt k\u00e4telt mustuse ja j\u00e4tab k\u00e4ed p\u00e4rast kasutamist pehmeks. V\u00e4ga \u00f5rn ja sobib igap\u00e4evaseks pesuks. Seep on meeldiva sidrunirohu l\u00f5hnaga.\" \/>\n<meta property=\"og:url\" content=\"https:\/\/zepestonia.com\/en\/toode\/manoflor\/\" \/>\n<meta property=\"og:site_name\" content=\"ZEP Eesti I Puhastusvahendid I E-pood\" \/>\n<meta property=\"article:publisher\" content=\"https:\/\/www.facebook.com\/ZepEesti\" \/>\n<meta property=\"article:modified_time\" content=\"2025-09-20T00:00:46+00:00\" \/>\n<meta property=\"og:image\" content=\"https:\/\/zepestonia.com\/wp-content\/uploads\/2021\/12\/108-60e10cbd848288-38413810-Manoflor-.png\" \/>\n\t<meta property=\"og:image:width\" content=\"400\" \/>\n\t<meta property=\"og:image:height\" content=\"600\" \/>\n\t<meta property=\"og:image:type\" content=\"image\/png\" \/>\n<meta name=\"twitter:card\" content=\"summary_large_image\" \/>\n<script type=\"application\/ld+json\" class=\"yoast-schema-graph\">{\"@context\":\"https:\/\/schema.org\",\"@graph\":[{\"@type\":\"WebPage\",\"@id\":\"https:\/\/zepestonia.com\/en\/toode\/manoflor\/\",\"url\":\"https:\/\/zepestonia.com\/en\/toode\/manoflor\/\",\"name\":\"Manoflor* - L\u00f5hnastatud seep, \u00f6konoomne I ZEP Eesti\",\"isPartOf\":{\"@id\":\"https:\/\/zepestonia.com\/en\/#website\"},\"primaryImageOfPage\":{\"@id\":\"https:\/\/zepestonia.com\/en\/toode\/manoflor\/#primaryimage\"},\"image\":{\"@id\":\"https:\/\/zepestonia.com\/en\/toode\/manoflor\/#primaryimage\"},\"thumbnailUrl\":\"https:\/\/zepestonia.com\/wp-content\/uploads\/2021\/12\/108-60e10cbd848288-38413810-Manoflor-.png\",\"datePublished\":\"2021-11-29T19:00:49+00:00\",\"dateModified\":\"2025-09-20T00:00:46+00:00\",\"description\":\"Seep eemaldab efektiivselt k\u00e4telt mustuse ja j\u00e4tab k\u00e4ed p\u00e4rast kasutamist pehmeks. V\u00e4ga \u00f5rn ja sobib igap\u00e4evaseks pesuks. Seep on meeldiva sidrunirohu l\u00f5hnaga.\",\"breadcrumb\":{\"@id\":\"https:\/\/zepestonia.com\/en\/toode\/manoflor\/#breadcrumb\"},\"inLanguage\":\"en-US\",\"potentialAction\":[{\"@type\":\"ReadAction\",\"target\":[\"https:\/\/zepestonia.com\/en\/toode\/manoflor\/\"]}]},{\"@type\":\"ImageObject\",\"inLanguage\":\"en-US\",\"@id\":\"https:\/\/zepestonia.com\/en\/toode\/manoflor\/#primaryimage\",\"url\":\"https:\/\/zepestonia.com\/wp-content\/uploads\/2021\/12\/108-60e10cbd848288-38413810-Manoflor-.png\",\"contentUrl\":\"https:\/\/zepestonia.com\/wp-content\/uploads\/2021\/12\/108-60e10cbd848288-38413810-Manoflor-.png\",\"width\":400,\"height\":600,\"caption\":\"108-60e10cbd848288-38413810-Manoflor-\"},{\"@type\":\"BreadcrumbList\",\"@id\":\"https:\/\/zepestonia.com\/en\/toode\/manoflor\/#breadcrumb\",\"itemListElement\":[{\"@type\":\"ListItem\",\"position\":1,\"name\":\"Home\",\"item\":\"https:\/\/zepestonia.com\/en\/\"},{\"@type\":\"ListItem\",\"position\":2,\"name\":\"Shop\",\"item\":\"https:\/\/zepestonia.com\/en\/?page_id=4643\"},{\"@type\":\"ListItem\",\"position\":3,\"name\":\"Manoflor* &#8211; L\u00f5hnastatud seep\"}]},{\"@type\":\"WebSite\",\"@id\":\"https:\/\/zepestonia.com\/en\/#website\",\"url\":\"https:\/\/zepestonia.com\/en\/\",\"name\":\"ZEP Eesti I Puhastusvahendid I E-pood\",\"description\":\"Pakume puhastus- ja hooldusprobleemidele efektiivseid keskkonnas\u00f5bralikke lahendusi!\",\"publisher\":{\"@id\":\"https:\/\/zepestonia.com\/en\/#organization\"},\"potentialAction\":[{\"@type\":\"SearchAction\",\"target\":{\"@type\":\"EntryPoint\",\"urlTemplate\":\"https:\/\/zepestonia.com\/en\/?s={search_term_string}\"},\"query-input\":{\"@type\":\"PropertyValueSpecification\",\"valueRequired\":true,\"valueName\":\"search_term_string\"}}],\"inLanguage\":\"en-US\"},{\"@type\":\"Organization\",\"@id\":\"https:\/\/zepestonia.com\/en\/#organization\",\"name\":\"Zep Estonia\",\"url\":\"https:\/\/zepestonia.com\/en\/\",\"logo\":{\"@type\":\"ImageObject\",\"inLanguage\":\"en-US\",\"@id\":\"https:\/\/zepestonia.com\/en\/#\/schema\/logo\/image\/\",\"url\":\"https:\/\/zepestonia.com\/wp-content\/uploads\/2022\/03\/Zep-Logo_png.jpeg\",\"contentUrl\":\"https:\/\/zepestonia.com\/wp-content\/uploads\/2022\/03\/Zep-Logo_png.jpeg\",\"width\":109,\"height\":70,\"caption\":\"Zep Estonia\"},\"image\":{\"@id\":\"https:\/\/zepestonia.com\/en\/#\/schema\/logo\/image\/\"},\"sameAs\":[\"https:\/\/www.facebook.com\/ZepEesti\"]}]}<\/script>\n<!-- \/ Yoast SEO plugin. -->","yoast_head_json":{"title":"Manoflor* - L\u00f5hnastatud seep, \u00f6konoomne I ZEP Eesti","description":"Seep eemaldab efektiivselt k\u00e4telt mustuse ja j\u00e4tab k\u00e4ed p\u00e4rast kasutamist pehmeks. V\u00e4ga \u00f5rn ja sobib igap\u00e4evaseks pesuks. Seep on meeldiva sidrunirohu l\u00f5hnaga.","robots":{"index":"index","follow":"follow","max-snippet":"max-snippet:-1","max-image-preview":"max-image-preview:large","max-video-preview":"max-video-preview:-1"},"canonical":"https:\/\/zepestonia.com\/en\/toode\/manoflor\/","og_locale":"en_US","og_type":"article","og_title":"Manoflor* - L\u00f5hnastatud seep, \u00f6konoomne I ZEP Eesti","og_description":"Seep eemaldab efektiivselt k\u00e4telt mustuse ja j\u00e4tab k\u00e4ed p\u00e4rast kasutamist pehmeks. V\u00e4ga \u00f5rn ja sobib igap\u00e4evaseks pesuks. Seep on meeldiva sidrunirohu l\u00f5hnaga.","og_url":"https:\/\/zepestonia.com\/en\/toode\/manoflor\/","og_site_name":"ZEP Eesti I Puhastusvahendid I E-pood","article_publisher":"https:\/\/www.facebook.com\/ZepEesti","article_modified_time":"2025-09-20T00:00:46+00:00","og_image":[{"width":400,"height":600,"url":"https:\/\/zepestonia.com\/wp-content\/uploads\/2021\/12\/108-60e10cbd848288-38413810-Manoflor-.png","type":"image\/png"}],"twitter_card":"summary_large_image","schema":{"@context":"https:\/\/schema.org","@graph":[{"@type":"WebPage","@id":"https:\/\/zepestonia.com\/en\/toode\/manoflor\/","url":"https:\/\/zepestonia.com\/en\/toode\/manoflor\/","name":"Manoflor* - L\u00f5hnastatud seep, \u00f6konoomne I ZEP Eesti","isPartOf":{"@id":"https:\/\/zepestonia.com\/en\/#website"},"primaryImageOfPage":{"@id":"https:\/\/zepestonia.com\/en\/toode\/manoflor\/#primaryimage"},"image":{"@id":"https:\/\/zepestonia.com\/en\/toode\/manoflor\/#primaryimage"},"thumbnailUrl":"https:\/\/zepestonia.com\/wp-content\/uploads\/2021\/12\/108-60e10cbd848288-38413810-Manoflor-.png","datePublished":"2021-11-29T19:00:49+00:00","dateModified":"2025-09-20T00:00:46+00:00","description":"Seep eemaldab efektiivselt k\u00e4telt mustuse ja j\u00e4tab k\u00e4ed p\u00e4rast kasutamist pehmeks. V\u00e4ga \u00f5rn ja sobib igap\u00e4evaseks pesuks. Seep on meeldiva sidrunirohu l\u00f5hnaga.","breadcrumb":{"@id":"https:\/\/zepestonia.com\/en\/toode\/manoflor\/#breadcrumb"},"inLanguage":"en-US","potentialAction":[{"@type":"ReadAction","target":["https:\/\/zepestonia.com\/en\/toode\/manoflor\/"]}]},{"@type":"ImageObject","inLanguage":"en-US","@id":"https:\/\/zepestonia.com\/en\/toode\/manoflor\/#primaryimage","url":"https:\/\/zepestonia.com\/wp-content\/uploads\/2021\/12\/108-60e10cbd848288-38413810-Manoflor-.png","contentUrl":"https:\/\/zepestonia.com\/wp-content\/uploads\/2021\/12\/108-60e10cbd848288-38413810-Manoflor-.png","width":400,"height":600,"caption":"108-60e10cbd848288-38413810-Manoflor-"},{"@type":"BreadcrumbList","@id":"https:\/\/zepestonia.com\/en\/toode\/manoflor\/#breadcrumb","itemListElement":[{"@type":"ListItem","position":1,"name":"Home","item":"https:\/\/zepestonia.com\/en\/"},{"@type":"ListItem","position":2,"name":"Shop","item":"https:\/\/zepestonia.com\/en\/?page_id=4643"},{"@type":"ListItem","position":3,"name":"Manoflor* &#8211; L\u00f5hnastatud seep"}]},{"@type":"WebSite","@id":"https:\/\/zepestonia.com\/en\/#website","url":"https:\/\/zepestonia.com\/en\/","name":"ZEP Eesti I Puhastusvahendid I E-pood","description":"Pakume puhastus- ja hooldusprobleemidele efektiivseid keskkonnas\u00f5bralikke lahendusi!","publisher":{"@id":"https:\/\/zepestonia.com\/en\/#organization"},"potentialAction":[{"@type":"SearchAction","target":{"@type":"EntryPoint","urlTemplate":"https:\/\/zepestonia.com\/en\/?s={search_term_string}"},"query-input":{"@type":"PropertyValueSpecification","valueRequired":true,"valueName":"search_term_string"}}],"inLanguage":"en-US"},{"@type":"Organization","@id":"https:\/\/zepestonia.com\/en\/#organization","name":"Zep Estonia","url":"https:\/\/zepestonia.com\/en\/","logo":{"@type":"ImageObject","inLanguage":"en-US","@id":"https:\/\/zepestonia.com\/en\/#\/schema\/logo\/image\/","url":"https:\/\/zepestonia.com\/wp-content\/uploads\/2022\/03\/Zep-Logo_png.jpeg","contentUrl":"https:\/\/zepestonia.com\/wp-content\/uploads\/2022\/03\/Zep-Logo_png.jpeg","width":109,"height":70,"caption":"Zep Estonia"},"image":{"@id":"https:\/\/zepestonia.com\/en\/#\/schema\/logo\/image\/"},"sameAs":["https:\/\/www.facebook.com\/ZepEesti"]}]}},"_links":{"self":[{"href":"https:\/\/zepestonia.com\/en\/wp-json\/wp\/v2\/product\/3027","targetHints":{"allow":["GET"]}}],"collection":[{"href":"https:\/\/zepestonia.com\/en\/wp-json\/wp\/v2\/product"}],"about":[{"href":"https:\/\/zepestonia.com\/en\/wp-json\/wp\/v2\/types\/product"}],"replies":[{"embeddable":true,"href":"https:\/\/zepestonia.com\/en\/wp-json\/wp\/v2\/comments?post=3027"}],"version-history":[{"count":2,"href":"https:\/\/zepestonia.com\/en\/wp-json\/wp\/v2\/product\/3027\/revisions"}],"predecessor-version":[{"id":11251,"href":"https:\/\/zepestonia.com\/en\/wp-json\/wp\/v2\/product\/3027\/revisions\/11251"}],"wp:featuredmedia":[{"embeddable":true,"href":"https:\/\/zepestonia.com\/en\/wp-json\/wp\/v2\/media\/3789"}],"wp:attachment":[{"href":"https:\/\/zepestonia.com\/en\/wp-json\/wp\/v2\/media?parent=3027"}],"wp:term":[{"taxonomy":"product_brand","embeddable":true,"href":"https:\/\/zepestonia.com\/en\/wp-json\/wp\/v2\/product_brand?post=3027"},{"taxonomy":"product_cat","embeddable":true,"href":"https:\/\/zepestonia.com\/en\/wp-json\/wp\/v2\/product_cat?post=3027"},{"taxonomy":"product_tag","embeddable":true,"href":"https:\/\/zepestonia.com\/en\/wp-json\/wp\/v2\/product_tag?post=3027"}],"curies":[{"name":"wp","href":"https:\/\/api.w.org\/{rel}","templated":true}]}}