{"id":3024,"date":"2021-11-29T19:00:49","date_gmt":"2021-11-29T19:00:49","guid":{"rendered":"https:\/\/zep.valgekana.ee\/toode\/sea-water-soap-1l\/"},"modified":"2026-01-28T00:00:03","modified_gmt":"2026-01-28T00:00:03","slug":"sea-water-soap-1l","status":"publish","type":"product","link":"https:\/\/zepestonia.com\/en\/toode\/sea-water-soap-1l\/","title":{"rendered":"Sea Water Soap 1L  &#8211; Puhastusvahend mereveega kasutamiseks"},"content":{"rendered":"<p><strong><span style=\"font-size:14px\"><span class=\"markedContent\" id=\"page3R_mcid22\"><span dir=\"ltr\" role=\"presentation\" style=\"left: 90px;top: 649.311px;font-family: sans-serif\">K\u00e4ed<\/span><\/span><\/span><\/strong><\/p>\n<ul>\n<li><span style=\"font-size:14px\"><span class=\"markedContent\" id=\"page3R_mcid23\"><span dir=\"ltr\" role=\"presentation\" style=\"left: 149.04px;top: 673.511px;font-family: sans-serif\">Kand<\/span><span dir=\"ltr\" role=\"presentation\" style=\"left: 195.833px;top: 673.511px;font-family: sans-serif\">a<\/span><span dir=\"ltr\" role=\"presentation\" style=\"left: 206.953px;top: 673.511px;font-family: sans-serif\"> <\/span><span dir=\"ltr\" role=\"presentation\" style=\"left: 212.633px;top: 673.511px;font-family: sans-serif\">kuivale v\u00f5i kergelt niiskele nahale<\/span><span dir=\"ltr\" role=\"presentation\" style=\"left: 509.483px;top: 673.511px;font-family: sans-serif\">.<\/span><\/span><\/span><\/li>\n<li><span style=\"font-size:14px\"><span class=\"markedContent\" id=\"page3R_mcid24\"><span dir=\"ltr\" role=\"presentation\" style=\"left: 149.04px;top: 697.911px;font-family: sans-serif\">H<\/span><span dir=\"ltr\" role=\"presentation\" style=\"left: 163.44px;top: 697.911px;font-family: sans-serif\">\u00f5\u00f5ruge, kuni mustus on emulgeerunud.<\/span><\/span><\/span><\/li>\n<li><span style=\"font-size:14px\"><span class=\"markedContent\" id=\"page3R_mcid25\"><span dir=\"ltr\" role=\"presentation\" style=\"left: 149.04px;top: 722.311px;font-family: sans-serif\">Lisa<\/span><span dir=\"ltr\" role=\"presentation\" style=\"left: 185.833px;top: 722.311px;font-family: sans-serif\">da<\/span><span dir=\"ltr\" role=\"presentation\" style=\"left: 208.153px;top: 722.311px;font-family: sans-serif\"> <\/span><span dir=\"ltr\" role=\"presentation\" style=\"left: 213.633px;top: 722.311px;font-family: sans-serif\">v\u00e4<\/span><span dir=\"ltr\" role=\"presentation\" style=\"left: 234.833px;top: 722.311px;font-family: sans-serif\">ike kogus vett ja j\u00e4tka<\/span><span dir=\"ltr\" role=\"presentation\" style=\"left: 426.083px;top: 722.311px;font-family: sans-serif\">ta<\/span><span dir=\"ltr\" role=\"presentation\" style=\"left: 442.803px;top: 722.311px;font-family: sans-serif\"> <\/span><span dir=\"ltr\" role=\"presentation\" style=\"left: 448.283px;top: 722.311px;font-family: sans-serif\">h\u00f5\u00f5rumist.<\/span><\/span><\/span><\/li>\n<li><span style=\"font-size:14px\"><span class=\"markedContent\" id=\"page3R_mcid26\"><span dir=\"ltr\" role=\"presentation\" style=\"left: 149.04px;top: 746.511px;font-family: sans-serif\">Pes<\/span><span dir=\"ltr\" role=\"presentation\" style=\"left: 183.633px;top: 746.511px;font-family: sans-serif\">ta<\/span><span dir=\"ltr\" role=\"presentation\" style=\"left: 200.313px;top: 746.511px;font-family: sans-serif\"> <\/span><span dir=\"ltr\" role=\"presentation\" style=\"left: 205.833px;top: 746.511px;font-family: sans-serif\">maha veega.<\/span><\/span><\/span><\/li>\n<\/ul>\n<p><strong><span style=\"font-size:14px\"><span class=\"markedContent\" id=\"page3R_mcid28\"><span dir=\"ltr\" role=\"presentation\" style=\"left: 90px;top: 792.544px;font-family: sans-serif\">N\u00f5ude<\/span><span dir=\"ltr\" role=\"presentation\" style=\"left: 149.04px;top: 792.544px;font-family: sans-serif\">pes<\/span><span dir=\"ltr\" role=\"presentation\" style=\"left: 181.433px;top: 792.544px;font-family: sans-serif\">u<\/span><span dir=\"ltr\" role=\"presentation\" style=\"left: 192.553px;top: 792.544px;font-family: sans-serif\"> <\/span><span dir=\"ltr\" role=\"presentation\" style=\"left: 198.033px;top: 792.544px;font-family: sans-serif\">v\u00f5i \u00fcldi<\/span><span dir=\"ltr\" role=\"presentation\" style=\"left: 260.233px;top: 792.544px;font-family: sans-serif\">ne<\/span><span dir=\"ltr\" role=\"presentation\" style=\"left: 282.553px;top: 792.544px;font-family: sans-serif\"> <\/span><span dir=\"ltr\" role=\"presentation\" style=\"left: 288.033px;top: 792.544px;font-family: sans-serif\">puhast<\/span><span dir=\"ltr\" role=\"presentation\" style=\"left: 348.283px;top: 792.544px;font-family: sans-serif\">us<\/span><\/span><\/span><\/strong><\/p>\n<ul>\n<li><span style=\"font-size:14px\"><span class=\"markedContent\" id=\"page3R_mcid29\"><span dir=\"ltr\" role=\"presentation\" style=\"left: 149.04px;top: 816.944px;font-family: sans-serif\">L<\/span><span dir=\"ltr\" role=\"presentation\" style=\"left: 160.24px;top: 816.944px;font-family: sans-serif\">isa<\/span><span dir=\"ltr\" role=\"presentation\" style=\"left: 185.833px;top: 816.944px;font-family: sans-serif\">da<\/span><span dir=\"ltr\" role=\"presentation\" style=\"left: 208.153px;top: 816.944px;font-family: sans-serif\"> <\/span><span dir=\"ltr\" role=\"presentation\" style=\"left: 213.633px;top: 816.944px;font-family: sans-serif\">v\u00e4ike kogus<\/span><span dir=\"ltr\" role=\"presentation\" style=\"left: 319.333px;top: 816.944px;font-family: sans-serif\"> <\/span><span dir=\"ltr\" role=\"presentation\" style=\"left: 324.883px;top: 816.944px;font-family: sans-serif\">toodet<\/span><span dir=\"ltr\" role=\"presentation\" style=\"left: 380.403px;top: 816.944px;font-family: sans-serif\"> <\/span><span dir=\"ltr\" role=\"presentation\" style=\"left: 386.083px;top: 816.944px;font-family: sans-serif\">vette<\/span><span dir=\"ltr\" role=\"presentation\" style=\"left: 429.363px;top: 816.944px;font-family: sans-serif\"> <\/span><span dir=\"ltr\" role=\"presentation\" style=\"left: 434.883px;top: 816.944px;font-family: sans-serif\">(s<\/span><span dir=\"ltr\" role=\"presentation\" style=\"left: 451.483px;top: 816.944px;font-family: sans-serif\">\u00f5ltuvalt veet\u00fc\u00fcbist).<\/span><\/span><\/span><\/li>\n<li><span style=\"font-size:14px\"><span class=\"markedContent\" id=\"page3R_mcid30\"><span dir=\"ltr\" role=\"presentation\" style=\"left: 149.04px;top: 841.344px;font-family: sans-serif\">Kasutades pesuk\u00e4sna puhastada pinnad<\/span><\/span><\/span><\/li>\n<li><span style=\"font-size:14px\"><span class=\"markedContent\" id=\"page3R_mcid31\"><span dir=\"ltr\" role=\"presentation\" style=\"left: 149.04px;top: 865.744px;font-family: sans-serif\">Eraldunud mustus<\/span><span dir=\"ltr\" role=\"presentation\" style=\"left: 310.28px;top: 865.744px;font-family: sans-serif\"> <\/span><span dir=\"ltr\" role=\"presentation\" style=\"left: 316.033px;top: 865.744px;font-family: sans-serif\">ja seebij\u00e4\u00e4gid loputada veega maha<\/span><span dir=\"ltr\" role=\"presentation\" style=\"left: 636.317px;top: 865.744px;font-family: sans-serif\">.<\/span><\/span><\/span><\/li>\n<\/ul>\n<p><span style=\"font-size:14px\"><span class=\"markedContent\"><span dir=\"ltr\" role=\"presentation\" style=\"left: 636.317px;top: 865.744px;font-family: sans-serif\">ph 9,3<\/span><\/span><\/span><\/p>\n","protected":false},"excerpt":{"rendered":"<p>Multifunktsionaalne puhastusvahend, mida kasutatakse laevadel ja k\u00f5ikidel juhtudel, kui kasutamiseks on ainult merevesi.<br \/>\nSaab kasutada k\u00e4te ja keha pesemiseks, \u0161ampoonina, n\u00f5udepesuvahendina ja \u00fcldiseks puhastamiseks.<br \/>\nPeseb k\u00e4telt ja pindadelt kergesti, kiiresti ja t\u00e4ielikult igasuguse mustuse isegi v\u00e4ga soolases vees.<br \/>\nOn dermatoloogiliselt testitud, t\u00e4iesti ohutu keskkonnale ning sobib sagedaseks kasutamiseks isegi tundlikule nahale.<\/p>\n","protected":false},"featured_media":3741,"comment_status":"closed","ping_status":"closed","template":"","meta":[],"product_brand":[],"product_cat":[202],"product_tag":[],"class_list":{"0":"post-3024","1":"product","2":"type-product","3":"status-publish","4":"has-post-thumbnail","6":"product_cat-laevandus","8":"first","9":"instock","10":"taxable","11":"shipping-taxable","12":"purchasable","13":"product-type-simple"},"yoast_head":"<!-- This site is optimized with the Yoast SEO plugin v26.5 - https:\/\/yoast.com\/wordpress\/plugins\/seo\/ -->\n<title>Sea Water Soap 1L - Puhastusvahend mereveega kasutamiseks I ZEP Eesti<\/title>\n<meta name=\"description\" content=\"Multifunktsionaalne puhastusvahend, mida kasutatakse mereveega kokkupuutumisel. Saab kasutada veel \u0161ampoonina, n\u00f5udepesuvahendina ja \u00fcldiseks puhastamiseks.\" \/>\n<meta name=\"robots\" content=\"index, follow, max-snippet:-1, max-image-preview:large, max-video-preview:-1\" \/>\n<link rel=\"canonical\" href=\"https:\/\/zepestonia.com\/en\/toode\/sea-water-soap-1l\/\" \/>\n<meta property=\"og:locale\" content=\"en_US\" \/>\n<meta property=\"og:type\" content=\"article\" \/>\n<meta property=\"og:title\" content=\"Sea Water Soap 1L - Puhastusvahend mereveega kasutamiseks I ZEP Eesti\" \/>\n<meta property=\"og:description\" content=\"Multifunktsionaalne puhastusvahend, mida kasutatakse mereveega kokkupuutumisel. Saab kasutada veel \u0161ampoonina, n\u00f5udepesuvahendina ja \u00fcldiseks puhastamiseks.\" \/>\n<meta property=\"og:url\" content=\"https:\/\/zepestonia.com\/en\/toode\/sea-water-soap-1l\/\" \/>\n<meta property=\"og:site_name\" content=\"ZEP Eesti I Puhastusvahendid I E-pood\" \/>\n<meta property=\"article:publisher\" content=\"https:\/\/www.facebook.com\/ZepEesti\" \/>\n<meta property=\"article:modified_time\" content=\"2026-01-28T00:00:03+00:00\" \/>\n<meta property=\"og:image\" content=\"https:\/\/zepestonia.com\/wp-content\/uploads\/2021\/12\/153-60e8ff741d8196-54233634-Sea20Water20Soap.png\" \/>\n\t<meta property=\"og:image:width\" content=\"400\" \/>\n\t<meta property=\"og:image:height\" content=\"600\" \/>\n\t<meta property=\"og:image:type\" content=\"image\/png\" \/>\n<meta name=\"twitter:card\" content=\"summary_large_image\" \/>\n<script type=\"application\/ld+json\" class=\"yoast-schema-graph\">{\"@context\":\"https:\/\/schema.org\",\"@graph\":[{\"@type\":\"WebPage\",\"@id\":\"https:\/\/zepestonia.com\/en\/toode\/sea-water-soap-1l\/\",\"url\":\"https:\/\/zepestonia.com\/en\/toode\/sea-water-soap-1l\/\",\"name\":\"Sea Water Soap 1L - Puhastusvahend mereveega kasutamiseks I ZEP Eesti\",\"isPartOf\":{\"@id\":\"https:\/\/zepestonia.com\/en\/#website\"},\"primaryImageOfPage\":{\"@id\":\"https:\/\/zepestonia.com\/en\/toode\/sea-water-soap-1l\/#primaryimage\"},\"image\":{\"@id\":\"https:\/\/zepestonia.com\/en\/toode\/sea-water-soap-1l\/#primaryimage\"},\"thumbnailUrl\":\"https:\/\/zepestonia.com\/wp-content\/uploads\/2021\/12\/153-60e8ff741d8196-54233634-Sea20Water20Soap.png\",\"datePublished\":\"2021-11-29T19:00:49+00:00\",\"dateModified\":\"2026-01-28T00:00:03+00:00\",\"description\":\"Multifunktsionaalne puhastusvahend, mida kasutatakse mereveega kokkupuutumisel. Saab kasutada veel \u0161ampoonina, n\u00f5udepesuvahendina ja \u00fcldiseks puhastamiseks.\",\"breadcrumb\":{\"@id\":\"https:\/\/zepestonia.com\/en\/toode\/sea-water-soap-1l\/#breadcrumb\"},\"inLanguage\":\"en-US\",\"potentialAction\":[{\"@type\":\"ReadAction\",\"target\":[\"https:\/\/zepestonia.com\/en\/toode\/sea-water-soap-1l\/\"]}]},{\"@type\":\"ImageObject\",\"inLanguage\":\"en-US\",\"@id\":\"https:\/\/zepestonia.com\/en\/toode\/sea-water-soap-1l\/#primaryimage\",\"url\":\"https:\/\/zepestonia.com\/wp-content\/uploads\/2021\/12\/153-60e8ff741d8196-54233634-Sea20Water20Soap.png\",\"contentUrl\":\"https:\/\/zepestonia.com\/wp-content\/uploads\/2021\/12\/153-60e8ff741d8196-54233634-Sea20Water20Soap.png\",\"width\":400,\"height\":600,\"caption\":\"153-60e8ff741d8196-54233634-Sea20Water20Soap\"},{\"@type\":\"BreadcrumbList\",\"@id\":\"https:\/\/zepestonia.com\/en\/toode\/sea-water-soap-1l\/#breadcrumb\",\"itemListElement\":[{\"@type\":\"ListItem\",\"position\":1,\"name\":\"Home\",\"item\":\"https:\/\/zepestonia.com\/en\/\"},{\"@type\":\"ListItem\",\"position\":2,\"name\":\"Shop\",\"item\":\"https:\/\/zepestonia.com\/en\/?page_id=4643\"},{\"@type\":\"ListItem\",\"position\":3,\"name\":\"Sea Water Soap 1L &#8211; Puhastusvahend mereveega kasutamiseks\"}]},{\"@type\":\"WebSite\",\"@id\":\"https:\/\/zepestonia.com\/en\/#website\",\"url\":\"https:\/\/zepestonia.com\/en\/\",\"name\":\"ZEP Eesti I Puhastusvahendid I E-pood\",\"description\":\"Pakume puhastus- ja hooldusprobleemidele efektiivseid keskkonnas\u00f5bralikke lahendusi!\",\"publisher\":{\"@id\":\"https:\/\/zepestonia.com\/en\/#organization\"},\"potentialAction\":[{\"@type\":\"SearchAction\",\"target\":{\"@type\":\"EntryPoint\",\"urlTemplate\":\"https:\/\/zepestonia.com\/en\/?s={search_term_string}\"},\"query-input\":{\"@type\":\"PropertyValueSpecification\",\"valueRequired\":true,\"valueName\":\"search_term_string\"}}],\"inLanguage\":\"en-US\"},{\"@type\":\"Organization\",\"@id\":\"https:\/\/zepestonia.com\/en\/#organization\",\"name\":\"Zep Estonia\",\"url\":\"https:\/\/zepestonia.com\/en\/\",\"logo\":{\"@type\":\"ImageObject\",\"inLanguage\":\"en-US\",\"@id\":\"https:\/\/zepestonia.com\/en\/#\/schema\/logo\/image\/\",\"url\":\"https:\/\/zepestonia.com\/wp-content\/uploads\/2022\/03\/Zep-Logo_png.jpeg\",\"contentUrl\":\"https:\/\/zepestonia.com\/wp-content\/uploads\/2022\/03\/Zep-Logo_png.jpeg\",\"width\":109,\"height\":70,\"caption\":\"Zep Estonia\"},\"image\":{\"@id\":\"https:\/\/zepestonia.com\/en\/#\/schema\/logo\/image\/\"},\"sameAs\":[\"https:\/\/www.facebook.com\/ZepEesti\"]}]}<\/script>\n<!-- \/ Yoast SEO plugin. -->","yoast_head_json":{"title":"Sea Water Soap 1L - Puhastusvahend mereveega kasutamiseks I ZEP Eesti","description":"Multifunktsionaalne puhastusvahend, mida kasutatakse mereveega kokkupuutumisel. Saab kasutada veel \u0161ampoonina, n\u00f5udepesuvahendina ja \u00fcldiseks puhastamiseks.","robots":{"index":"index","follow":"follow","max-snippet":"max-snippet:-1","max-image-preview":"max-image-preview:large","max-video-preview":"max-video-preview:-1"},"canonical":"https:\/\/zepestonia.com\/en\/toode\/sea-water-soap-1l\/","og_locale":"en_US","og_type":"article","og_title":"Sea Water Soap 1L - Puhastusvahend mereveega kasutamiseks I ZEP Eesti","og_description":"Multifunktsionaalne puhastusvahend, mida kasutatakse mereveega kokkupuutumisel. Saab kasutada veel \u0161ampoonina, n\u00f5udepesuvahendina ja \u00fcldiseks puhastamiseks.","og_url":"https:\/\/zepestonia.com\/en\/toode\/sea-water-soap-1l\/","og_site_name":"ZEP Eesti I Puhastusvahendid I E-pood","article_publisher":"https:\/\/www.facebook.com\/ZepEesti","article_modified_time":"2026-01-28T00:00:03+00:00","og_image":[{"width":400,"height":600,"url":"https:\/\/zepestonia.com\/wp-content\/uploads\/2021\/12\/153-60e8ff741d8196-54233634-Sea20Water20Soap.png","type":"image\/png"}],"twitter_card":"summary_large_image","schema":{"@context":"https:\/\/schema.org","@graph":[{"@type":"WebPage","@id":"https:\/\/zepestonia.com\/en\/toode\/sea-water-soap-1l\/","url":"https:\/\/zepestonia.com\/en\/toode\/sea-water-soap-1l\/","name":"Sea Water Soap 1L - Puhastusvahend mereveega kasutamiseks I ZEP Eesti","isPartOf":{"@id":"https:\/\/zepestonia.com\/en\/#website"},"primaryImageOfPage":{"@id":"https:\/\/zepestonia.com\/en\/toode\/sea-water-soap-1l\/#primaryimage"},"image":{"@id":"https:\/\/zepestonia.com\/en\/toode\/sea-water-soap-1l\/#primaryimage"},"thumbnailUrl":"https:\/\/zepestonia.com\/wp-content\/uploads\/2021\/12\/153-60e8ff741d8196-54233634-Sea20Water20Soap.png","datePublished":"2021-11-29T19:00:49+00:00","dateModified":"2026-01-28T00:00:03+00:00","description":"Multifunktsionaalne puhastusvahend, mida kasutatakse mereveega kokkupuutumisel. Saab kasutada veel \u0161ampoonina, n\u00f5udepesuvahendina ja \u00fcldiseks puhastamiseks.","breadcrumb":{"@id":"https:\/\/zepestonia.com\/en\/toode\/sea-water-soap-1l\/#breadcrumb"},"inLanguage":"en-US","potentialAction":[{"@type":"ReadAction","target":["https:\/\/zepestonia.com\/en\/toode\/sea-water-soap-1l\/"]}]},{"@type":"ImageObject","inLanguage":"en-US","@id":"https:\/\/zepestonia.com\/en\/toode\/sea-water-soap-1l\/#primaryimage","url":"https:\/\/zepestonia.com\/wp-content\/uploads\/2021\/12\/153-60e8ff741d8196-54233634-Sea20Water20Soap.png","contentUrl":"https:\/\/zepestonia.com\/wp-content\/uploads\/2021\/12\/153-60e8ff741d8196-54233634-Sea20Water20Soap.png","width":400,"height":600,"caption":"153-60e8ff741d8196-54233634-Sea20Water20Soap"},{"@type":"BreadcrumbList","@id":"https:\/\/zepestonia.com\/en\/toode\/sea-water-soap-1l\/#breadcrumb","itemListElement":[{"@type":"ListItem","position":1,"name":"Home","item":"https:\/\/zepestonia.com\/en\/"},{"@type":"ListItem","position":2,"name":"Shop","item":"https:\/\/zepestonia.com\/en\/?page_id=4643"},{"@type":"ListItem","position":3,"name":"Sea Water Soap 1L &#8211; Puhastusvahend mereveega kasutamiseks"}]},{"@type":"WebSite","@id":"https:\/\/zepestonia.com\/en\/#website","url":"https:\/\/zepestonia.com\/en\/","name":"ZEP Eesti I Puhastusvahendid I E-pood","description":"Pakume puhastus- ja hooldusprobleemidele efektiivseid keskkonnas\u00f5bralikke lahendusi!","publisher":{"@id":"https:\/\/zepestonia.com\/en\/#organization"},"potentialAction":[{"@type":"SearchAction","target":{"@type":"EntryPoint","urlTemplate":"https:\/\/zepestonia.com\/en\/?s={search_term_string}"},"query-input":{"@type":"PropertyValueSpecification","valueRequired":true,"valueName":"search_term_string"}}],"inLanguage":"en-US"},{"@type":"Organization","@id":"https:\/\/zepestonia.com\/en\/#organization","name":"Zep Estonia","url":"https:\/\/zepestonia.com\/en\/","logo":{"@type":"ImageObject","inLanguage":"en-US","@id":"https:\/\/zepestonia.com\/en\/#\/schema\/logo\/image\/","url":"https:\/\/zepestonia.com\/wp-content\/uploads\/2022\/03\/Zep-Logo_png.jpeg","contentUrl":"https:\/\/zepestonia.com\/wp-content\/uploads\/2022\/03\/Zep-Logo_png.jpeg","width":109,"height":70,"caption":"Zep Estonia"},"image":{"@id":"https:\/\/zepestonia.com\/en\/#\/schema\/logo\/image\/"},"sameAs":["https:\/\/www.facebook.com\/ZepEesti"]}]}},"_links":{"self":[{"href":"https:\/\/zepestonia.com\/en\/wp-json\/wp\/v2\/product\/3024","targetHints":{"allow":["GET"]}}],"collection":[{"href":"https:\/\/zepestonia.com\/en\/wp-json\/wp\/v2\/product"}],"about":[{"href":"https:\/\/zepestonia.com\/en\/wp-json\/wp\/v2\/types\/product"}],"replies":[{"embeddable":true,"href":"https:\/\/zepestonia.com\/en\/wp-json\/wp\/v2\/comments?post=3024"}],"version-history":[{"count":2,"href":"https:\/\/zepestonia.com\/en\/wp-json\/wp\/v2\/product\/3024\/revisions"}],"predecessor-version":[{"id":11259,"href":"https:\/\/zepestonia.com\/en\/wp-json\/wp\/v2\/product\/3024\/revisions\/11259"}],"wp:featuredmedia":[{"embeddable":true,"href":"https:\/\/zepestonia.com\/en\/wp-json\/wp\/v2\/media\/3741"}],"wp:attachment":[{"href":"https:\/\/zepestonia.com\/en\/wp-json\/wp\/v2\/media?parent=3024"}],"wp:term":[{"taxonomy":"product_brand","embeddable":true,"href":"https:\/\/zepestonia.com\/en\/wp-json\/wp\/v2\/product_brand?post=3024"},{"taxonomy":"product_cat","embeddable":true,"href":"https:\/\/zepestonia.com\/en\/wp-json\/wp\/v2\/product_cat?post=3024"},{"taxonomy":"product_tag","embeddable":true,"href":"https:\/\/zepestonia.com\/en\/wp-json\/wp\/v2\/product_tag?post=3024"}],"curies":[{"name":"wp","href":"https:\/\/api.w.org\/{rel}","templated":true}]}}