{"id":3023,"date":"2021-11-29T19:00:49","date_gmt":"2021-11-29T19:00:49","guid":{"rendered":"https:\/\/zep.valgekana.ee\/toode\/ml-lubricant\/"},"modified":"2025-07-01T00:24:35","modified_gmt":"2025-07-01T00:24:35","slug":"ml-lubricant","status":"publish","type":"product","link":"https:\/\/zepestonia.com\/en\/toode\/ml-lubricant\/","title":{"rendered":"ML Lubricant  &#8211; Mol\u00fcbdeeni baasil aerosoolm\u00e4\u00e4re"},"content":{"rendered":"<ul>\n<li><span style=\"font-size:14px\"><span class=\"markedContent\" id=\"page3R_mcid58\"><span dir=\"ltr\" role=\"presentation\" style=\"left: 149.84px;top: 1071.39px;font-family: sans-serif\">Hoida pudelit p\u00fcstises<\/span><span dir=\"ltr\" role=\"presentation\" style=\"left: 345.48px;top: 1071.39px;font-family: sans-serif\"> <\/span><span dir=\"ltr\" role=\"presentation\" style=\"left: 351.083px;top: 1071.39px;font-family: sans-serif\">asendis 30<\/span><span dir=\"ltr\" role=\"presentation\" style=\"left: 448.083px;top: 1071.39px;font-family: sans-serif\">&#8211;<\/span><span dir=\"ltr\" role=\"presentation\" style=\"left: 454.683px;top: 1071.39px;font-family: sans-serif\">45 cm kaugusel pinnast.<\/span><\/span><\/span><\/li>\n<li><span style=\"font-size:14px\"><span class=\"markedContent\" id=\"page3R_mcid59\"><span dir=\"ltr\" role=\"presentation\" style=\"left: 149.84px;top: 1095.79px;font-family: sans-serif\">Parima tulemuse saavutamiseks pihustada l\u00fchikeste pursetena.<\/span><\/span><\/span><\/li>\n<li><span style=\"font-size:14px\"><span class=\"markedContent\" id=\"page3R_mcid60\"><span dir=\"ltr\" role=\"presentation\" style=\"left: 149.84px;top: 1120.19px;font-family: sans-serif\">Lasta seista 15 minutit enne hooldatud osa kasutusele v\u00f5tmist.<\/span><\/span><\/span><\/li>\n<li><span style=\"font-size:14px\"><span class=\"markedContent\" id=\"page3R_mcid61\"><span dir=\"ltr\" role=\"presentation\" style=\"left: 149.84px;top: 1144.39px;font-family: sans-serif\">Vajadusel korrata protseduuri.<\/span><\/span><\/span><\/li>\n<\/ul>\n","protected":false},"excerpt":{"rendered":"<p>Tugevatoimeline mol\u00fcbdeeni baasil aerosoolm\u00e4\u00e4re, mis sisaldab imbuvaid lahusteid, mol\u00fcbdeendisulfiidi ja korrosiooni inhibiitoreid.<br \/>\nV\u00e4hendab metallosade h\u00f5\u00f5rdumist aeglaste ja raskete koormate all.<br \/>\nPiserdades j\u00e4tab \u00f5hukese kiiresti imbuva vahu l\u00f5hedesse ja pragudesse, misj\u00e4rel muutub tugevaks ja kauakestvaks kihiks.<br \/>\nToode s\u00e4ilitab efektiivsuse ka normaalsel t\u00f6\u00f6temperatuuril: ei sula, murdu ega kooru.<br \/>\nSuurep\u00e4rane m\u00e4\u00e4re \u00fclekandeseadmetele, kett\u00fclekannetele, konveieritele, nukkidele, kaevandusvarustusele, kraanadele, ekskavaatoritele, autoosadele, ehitusmasinatele jne.<br \/>\nHeaks kiidetud toiduainetet\u00f6\u00f6stuses kasutamiseks kui m\u00e4\u00e4re, mis ei puutu toiduainetega kokku.<\/p>\n","protected":false},"featured_media":3740,"comment_status":"closed","ping_status":"closed","template":"","meta":[],"product_brand":[],"product_cat":[224],"product_tag":[],"class_list":{"0":"post-3023","1":"product","2":"type-product","3":"status-publish","4":"has-post-thumbnail","6":"product_cat-maarded","8":"first","9":"instock","10":"taxable","11":"shipping-taxable","12":"purchasable","13":"product-type-simple"},"yoast_head":"<!-- This site is optimized with the Yoast SEO plugin v26.5 - https:\/\/yoast.com\/wordpress\/plugins\/seo\/ -->\n<title>ML Lubricant - Mol\u00fcbdeeni baasil aerosoolm\u00e4\u00e4re I ZEP Eesti<\/title>\n<meta name=\"description\" content=\"Tugevatoimeline mol\u00fcbdeeni baasil aerosoolm\u00e4\u00e4re, sisaldab imbuvaid lahusteid, mol\u00fcbdeendisulfiidi ja korrosiooni inhibiitoreid. V\u00e4hendab metallosade h\u00f5\u00f5rdumist.\" \/>\n<meta name=\"robots\" content=\"index, follow, max-snippet:-1, max-image-preview:large, max-video-preview:-1\" \/>\n<link rel=\"canonical\" href=\"https:\/\/zepestonia.com\/en\/toode\/ml-lubricant\/\" \/>\n<meta property=\"og:locale\" content=\"en_US\" \/>\n<meta property=\"og:type\" content=\"article\" \/>\n<meta property=\"og:title\" content=\"ML Lubricant - Mol\u00fcbdeeni baasil aerosoolm\u00e4\u00e4re I ZEP Eesti\" \/>\n<meta property=\"og:description\" content=\"Tugevatoimeline mol\u00fcbdeeni baasil aerosoolm\u00e4\u00e4re, sisaldab imbuvaid lahusteid, mol\u00fcbdeendisulfiidi ja korrosiooni inhibiitoreid. V\u00e4hendab metallosade h\u00f5\u00f5rdumist.\" \/>\n<meta property=\"og:url\" content=\"https:\/\/zepestonia.com\/en\/toode\/ml-lubricant\/\" \/>\n<meta property=\"og:site_name\" content=\"ZEP Eesti I Puhastusvahendid I E-pood\" \/>\n<meta property=\"article:publisher\" content=\"https:\/\/www.facebook.com\/ZepEesti\" \/>\n<meta property=\"article:modified_time\" content=\"2025-07-01T00:24:35+00:00\" \/>\n<meta property=\"og:image\" content=\"https:\/\/zepestonia.com\/wp-content\/uploads\/2021\/12\/112-60e11110191889-47829945-ML20Lubricant.png\" \/>\n\t<meta property=\"og:image:width\" content=\"200\" \/>\n\t<meta property=\"og:image:height\" content=\"300\" \/>\n\t<meta property=\"og:image:type\" content=\"image\/png\" \/>\n<meta name=\"twitter:card\" content=\"summary_large_image\" \/>\n<script type=\"application\/ld+json\" class=\"yoast-schema-graph\">{\"@context\":\"https:\/\/schema.org\",\"@graph\":[{\"@type\":\"WebPage\",\"@id\":\"https:\/\/zepestonia.com\/en\/toode\/ml-lubricant\/\",\"url\":\"https:\/\/zepestonia.com\/en\/toode\/ml-lubricant\/\",\"name\":\"ML Lubricant - Mol\u00fcbdeeni baasil aerosoolm\u00e4\u00e4re I ZEP Eesti\",\"isPartOf\":{\"@id\":\"https:\/\/zepestonia.com\/en\/#website\"},\"primaryImageOfPage\":{\"@id\":\"https:\/\/zepestonia.com\/en\/toode\/ml-lubricant\/#primaryimage\"},\"image\":{\"@id\":\"https:\/\/zepestonia.com\/en\/toode\/ml-lubricant\/#primaryimage\"},\"thumbnailUrl\":\"https:\/\/zepestonia.com\/wp-content\/uploads\/2021\/12\/112-60e11110191889-47829945-ML20Lubricant.png\",\"datePublished\":\"2021-11-29T19:00:49+00:00\",\"dateModified\":\"2025-07-01T00:24:35+00:00\",\"description\":\"Tugevatoimeline mol\u00fcbdeeni baasil aerosoolm\u00e4\u00e4re, sisaldab imbuvaid lahusteid, mol\u00fcbdeendisulfiidi ja korrosiooni inhibiitoreid. V\u00e4hendab metallosade h\u00f5\u00f5rdumist.\",\"breadcrumb\":{\"@id\":\"https:\/\/zepestonia.com\/en\/toode\/ml-lubricant\/#breadcrumb\"},\"inLanguage\":\"en-US\",\"potentialAction\":[{\"@type\":\"ReadAction\",\"target\":[\"https:\/\/zepestonia.com\/en\/toode\/ml-lubricant\/\"]}]},{\"@type\":\"ImageObject\",\"inLanguage\":\"en-US\",\"@id\":\"https:\/\/zepestonia.com\/en\/toode\/ml-lubricant\/#primaryimage\",\"url\":\"https:\/\/zepestonia.com\/wp-content\/uploads\/2021\/12\/112-60e11110191889-47829945-ML20Lubricant.png\",\"contentUrl\":\"https:\/\/zepestonia.com\/wp-content\/uploads\/2021\/12\/112-60e11110191889-47829945-ML20Lubricant.png\",\"width\":200,\"height\":300,\"caption\":\"112-60e11110191889-47829945-ML20Lubricant\"},{\"@type\":\"BreadcrumbList\",\"@id\":\"https:\/\/zepestonia.com\/en\/toode\/ml-lubricant\/#breadcrumb\",\"itemListElement\":[{\"@type\":\"ListItem\",\"position\":1,\"name\":\"Home\",\"item\":\"https:\/\/zepestonia.com\/en\/\"},{\"@type\":\"ListItem\",\"position\":2,\"name\":\"Shop\",\"item\":\"https:\/\/zepestonia.com\/en\/?page_id=4643\"},{\"@type\":\"ListItem\",\"position\":3,\"name\":\"ML Lubricant &#8211; Mol\u00fcbdeeni baasil aerosoolm\u00e4\u00e4re\"}]},{\"@type\":\"WebSite\",\"@id\":\"https:\/\/zepestonia.com\/en\/#website\",\"url\":\"https:\/\/zepestonia.com\/en\/\",\"name\":\"ZEP Eesti I Puhastusvahendid I E-pood\",\"description\":\"Pakume puhastus- ja hooldusprobleemidele efektiivseid keskkonnas\u00f5bralikke lahendusi!\",\"publisher\":{\"@id\":\"https:\/\/zepestonia.com\/en\/#organization\"},\"potentialAction\":[{\"@type\":\"SearchAction\",\"target\":{\"@type\":\"EntryPoint\",\"urlTemplate\":\"https:\/\/zepestonia.com\/en\/?s={search_term_string}\"},\"query-input\":{\"@type\":\"PropertyValueSpecification\",\"valueRequired\":true,\"valueName\":\"search_term_string\"}}],\"inLanguage\":\"en-US\"},{\"@type\":\"Organization\",\"@id\":\"https:\/\/zepestonia.com\/en\/#organization\",\"name\":\"Zep Estonia\",\"url\":\"https:\/\/zepestonia.com\/en\/\",\"logo\":{\"@type\":\"ImageObject\",\"inLanguage\":\"en-US\",\"@id\":\"https:\/\/zepestonia.com\/en\/#\/schema\/logo\/image\/\",\"url\":\"https:\/\/zepestonia.com\/wp-content\/uploads\/2022\/03\/Zep-Logo_png.jpeg\",\"contentUrl\":\"https:\/\/zepestonia.com\/wp-content\/uploads\/2022\/03\/Zep-Logo_png.jpeg\",\"width\":109,\"height\":70,\"caption\":\"Zep Estonia\"},\"image\":{\"@id\":\"https:\/\/zepestonia.com\/en\/#\/schema\/logo\/image\/\"},\"sameAs\":[\"https:\/\/www.facebook.com\/ZepEesti\"]}]}<\/script>\n<!-- \/ Yoast SEO plugin. -->","yoast_head_json":{"title":"ML Lubricant - Mol\u00fcbdeeni baasil aerosoolm\u00e4\u00e4re I ZEP Eesti","description":"Tugevatoimeline mol\u00fcbdeeni baasil aerosoolm\u00e4\u00e4re, sisaldab imbuvaid lahusteid, mol\u00fcbdeendisulfiidi ja korrosiooni inhibiitoreid. V\u00e4hendab metallosade h\u00f5\u00f5rdumist.","robots":{"index":"index","follow":"follow","max-snippet":"max-snippet:-1","max-image-preview":"max-image-preview:large","max-video-preview":"max-video-preview:-1"},"canonical":"https:\/\/zepestonia.com\/en\/toode\/ml-lubricant\/","og_locale":"en_US","og_type":"article","og_title":"ML Lubricant - Mol\u00fcbdeeni baasil aerosoolm\u00e4\u00e4re I ZEP Eesti","og_description":"Tugevatoimeline mol\u00fcbdeeni baasil aerosoolm\u00e4\u00e4re, sisaldab imbuvaid lahusteid, mol\u00fcbdeendisulfiidi ja korrosiooni inhibiitoreid. V\u00e4hendab metallosade h\u00f5\u00f5rdumist.","og_url":"https:\/\/zepestonia.com\/en\/toode\/ml-lubricant\/","og_site_name":"ZEP Eesti I Puhastusvahendid I E-pood","article_publisher":"https:\/\/www.facebook.com\/ZepEesti","article_modified_time":"2025-07-01T00:24:35+00:00","og_image":[{"width":200,"height":300,"url":"https:\/\/zepestonia.com\/wp-content\/uploads\/2021\/12\/112-60e11110191889-47829945-ML20Lubricant.png","type":"image\/png"}],"twitter_card":"summary_large_image","schema":{"@context":"https:\/\/schema.org","@graph":[{"@type":"WebPage","@id":"https:\/\/zepestonia.com\/en\/toode\/ml-lubricant\/","url":"https:\/\/zepestonia.com\/en\/toode\/ml-lubricant\/","name":"ML Lubricant - Mol\u00fcbdeeni baasil aerosoolm\u00e4\u00e4re I ZEP Eesti","isPartOf":{"@id":"https:\/\/zepestonia.com\/en\/#website"},"primaryImageOfPage":{"@id":"https:\/\/zepestonia.com\/en\/toode\/ml-lubricant\/#primaryimage"},"image":{"@id":"https:\/\/zepestonia.com\/en\/toode\/ml-lubricant\/#primaryimage"},"thumbnailUrl":"https:\/\/zepestonia.com\/wp-content\/uploads\/2021\/12\/112-60e11110191889-47829945-ML20Lubricant.png","datePublished":"2021-11-29T19:00:49+00:00","dateModified":"2025-07-01T00:24:35+00:00","description":"Tugevatoimeline mol\u00fcbdeeni baasil aerosoolm\u00e4\u00e4re, sisaldab imbuvaid lahusteid, mol\u00fcbdeendisulfiidi ja korrosiooni inhibiitoreid. V\u00e4hendab metallosade h\u00f5\u00f5rdumist.","breadcrumb":{"@id":"https:\/\/zepestonia.com\/en\/toode\/ml-lubricant\/#breadcrumb"},"inLanguage":"en-US","potentialAction":[{"@type":"ReadAction","target":["https:\/\/zepestonia.com\/en\/toode\/ml-lubricant\/"]}]},{"@type":"ImageObject","inLanguage":"en-US","@id":"https:\/\/zepestonia.com\/en\/toode\/ml-lubricant\/#primaryimage","url":"https:\/\/zepestonia.com\/wp-content\/uploads\/2021\/12\/112-60e11110191889-47829945-ML20Lubricant.png","contentUrl":"https:\/\/zepestonia.com\/wp-content\/uploads\/2021\/12\/112-60e11110191889-47829945-ML20Lubricant.png","width":200,"height":300,"caption":"112-60e11110191889-47829945-ML20Lubricant"},{"@type":"BreadcrumbList","@id":"https:\/\/zepestonia.com\/en\/toode\/ml-lubricant\/#breadcrumb","itemListElement":[{"@type":"ListItem","position":1,"name":"Home","item":"https:\/\/zepestonia.com\/en\/"},{"@type":"ListItem","position":2,"name":"Shop","item":"https:\/\/zepestonia.com\/en\/?page_id=4643"},{"@type":"ListItem","position":3,"name":"ML Lubricant &#8211; Mol\u00fcbdeeni baasil aerosoolm\u00e4\u00e4re"}]},{"@type":"WebSite","@id":"https:\/\/zepestonia.com\/en\/#website","url":"https:\/\/zepestonia.com\/en\/","name":"ZEP Eesti I Puhastusvahendid I E-pood","description":"Pakume puhastus- ja hooldusprobleemidele efektiivseid keskkonnas\u00f5bralikke lahendusi!","publisher":{"@id":"https:\/\/zepestonia.com\/en\/#organization"},"potentialAction":[{"@type":"SearchAction","target":{"@type":"EntryPoint","urlTemplate":"https:\/\/zepestonia.com\/en\/?s={search_term_string}"},"query-input":{"@type":"PropertyValueSpecification","valueRequired":true,"valueName":"search_term_string"}}],"inLanguage":"en-US"},{"@type":"Organization","@id":"https:\/\/zepestonia.com\/en\/#organization","name":"Zep Estonia","url":"https:\/\/zepestonia.com\/en\/","logo":{"@type":"ImageObject","inLanguage":"en-US","@id":"https:\/\/zepestonia.com\/en\/#\/schema\/logo\/image\/","url":"https:\/\/zepestonia.com\/wp-content\/uploads\/2022\/03\/Zep-Logo_png.jpeg","contentUrl":"https:\/\/zepestonia.com\/wp-content\/uploads\/2022\/03\/Zep-Logo_png.jpeg","width":109,"height":70,"caption":"Zep Estonia"},"image":{"@id":"https:\/\/zepestonia.com\/en\/#\/schema\/logo\/image\/"},"sameAs":["https:\/\/www.facebook.com\/ZepEesti"]}]}},"_links":{"self":[{"href":"https:\/\/zepestonia.com\/en\/wp-json\/wp\/v2\/product\/3023","targetHints":{"allow":["GET"]}}],"collection":[{"href":"https:\/\/zepestonia.com\/en\/wp-json\/wp\/v2\/product"}],"about":[{"href":"https:\/\/zepestonia.com\/en\/wp-json\/wp\/v2\/types\/product"}],"replies":[{"embeddable":true,"href":"https:\/\/zepestonia.com\/en\/wp-json\/wp\/v2\/comments?post=3023"}],"version-history":[{"count":2,"href":"https:\/\/zepestonia.com\/en\/wp-json\/wp\/v2\/product\/3023\/revisions"}],"predecessor-version":[{"id":11170,"href":"https:\/\/zepestonia.com\/en\/wp-json\/wp\/v2\/product\/3023\/revisions\/11170"}],"wp:featuredmedia":[{"embeddable":true,"href":"https:\/\/zepestonia.com\/en\/wp-json\/wp\/v2\/media\/3740"}],"wp:attachment":[{"href":"https:\/\/zepestonia.com\/en\/wp-json\/wp\/v2\/media?parent=3023"}],"wp:term":[{"taxonomy":"product_brand","embeddable":true,"href":"https:\/\/zepestonia.com\/en\/wp-json\/wp\/v2\/product_brand?post=3023"},{"taxonomy":"product_cat","embeddable":true,"href":"https:\/\/zepestonia.com\/en\/wp-json\/wp\/v2\/product_cat?post=3023"},{"taxonomy":"product_tag","embeddable":true,"href":"https:\/\/zepestonia.com\/en\/wp-json\/wp\/v2\/product_tag?post=3023"}],"curies":[{"name":"wp","href":"https:\/\/api.w.org\/{rel}","templated":true}]}}