{"id":3020,"date":"2021-11-29T19:00:48","date_gmt":"2021-11-29T19:00:48","guid":{"rendered":"https:\/\/zep.valgekana.ee\/toode\/new-plus-auto-foam-5l\/"},"modified":"2025-07-01T00:24:36","modified_gmt":"2025-07-01T00:24:36","slug":"new-plus-auto-foam-5l","status":"publish","type":"product","link":"https:\/\/zepestonia.com\/en\/toode\/new-plus-auto-foam-5l\/","title":{"rendered":"NEW PLUS 5L  &#8211; Auto\u0161ampoon"},"content":{"rendered":"<p><span style=\"font-size:14px\"><span class=\"markedContent\" id=\"page3R_mcid35\"><span dir=\"ltr\" role=\"presentation\" style=\"left: 90px;top: 779.544px;font-family: sans-serif\">Valmistada 1,5% vesilahus, mis kantakse peale kas<\/span><\/span><span class=\"markedContent\" id=\"page3R_mcid36\"><span dir=\"ltr\" role=\"presentation\" style=\"left: 548.317px;top: 779.544px;font-family: sans-serif\">:<\/span><\/span><\/span><\/p>\n<ul>\n<li><span style=\"font-size:14px\"><span class=\"markedContent\" id=\"page3R_mcid37\"><span dir=\"ltr\" role=\"presentation\" style=\"left: 179.033px;top: 803.944px;font-family: sans-serif\">s<\/span><span dir=\"ltr\" role=\"presentation\" style=\"left: 189.033px;top: 803.944px;font-family: sans-serif\">urvepesuriga<\/span><\/span>, <span class=\"markedContent\" id=\"page3R_mcid38\"><span dir=\"ltr\" role=\"presentation\" style=\"left: 179.033px;top: 828.344px;font-family: sans-serif\">ZEP FS<\/span><span dir=\"ltr\" role=\"presentation\" style=\"left: 249.133px;top: 828.344px;font-family: sans-serif\"> <\/span><span dir=\"ltr\" role=\"presentation\" style=\"left: 254.833px;top: 828.344px;font-family: sans-serif\">Foam Gun<\/span><span dir=\"ltr\" role=\"presentation\" style=\"left: 353.653px;top: 828.344px;font-family: sans-serif\"> <\/span><span dir=\"ltr\" role=\"presentation\" style=\"left: 359.283px;top: 828.344px;font-family: sans-serif\">pritsiga<\/span><\/span><span class=\"markedContent\" id=\"page3R_mcid41\"><span dir=\"ltr\" role=\"presentation\" style=\"left: 458.083px;top: 852.544px;font-family: sans-serif\">.<\/span><\/span><\/span><\/li>\n<li><span style=\"font-size:14px\"><span class=\"markedContent\" id=\"page3R_mcid42\"><span dir=\"ltr\" role=\"presentation\" style=\"left: 179.033px;top: 876.944px;font-family: sans-serif\">S\u00e4rava<\/span><span dir=\"ltr\" role=\"presentation\" style=\"left: 242.493px;top: 876.944px;font-family: sans-serif\"> <\/span><span dir=\"ltr\" role=\"presentation\" style=\"left: 248.233px;top: 876.944px;font-family: sans-serif\">l\u00e4ike<\/span><span dir=\"ltr\" role=\"presentation\" style=\"left: 289.173px;top: 876.944px;font-family: sans-serif\"> <\/span><span dir=\"ltr\" role=\"presentation\" style=\"left: 294.833px;top: 876.944px;font-family: sans-serif\">saavutamiseks<\/span><span dir=\"ltr\" role=\"presentation\" style=\"left: 426.933px;top: 876.944px;font-family: sans-serif\"> <\/span><span dir=\"ltr\" role=\"presentation\" style=\"left: 432.683px;top: 876.944px;font-family: sans-serif\">kuivatada<\/span><span dir=\"ltr\" role=\"presentation\" style=\"left: 518.343px;top: 876.944px;font-family: sans-serif\"> <\/span><span dir=\"ltr\" role=\"presentation\" style=\"left: 529.517px;top: 876.944px;font-family: sans-serif\">pes<\/span><span dir=\"ltr\" role=\"presentation\" style=\"left: 561.717px;top: 876.944px;font-family: sans-serif\">tud<\/span><span dir=\"ltr\" role=\"presentation\" style=\"left: 589.437px;top: 876.944px;font-family: sans-serif\"> <\/span><span dir=\"ltr\" role=\"presentation\" style=\"left: 600.717px;top: 876.944px;font-family: sans-serif\">pin<\/span><span dir=\"ltr\" role=\"presentation\" style=\"left: 627.317px;top: 876.944px;font-family: sans-serif\">d<\/span><span dir=\"ltr\" role=\"presentation\" style=\"left: 638.437px;top: 876.944px;font-family: sans-serif\"> <\/span><span dir=\"ltr\" role=\"presentation\" style=\"left: 644.117px;top: 876.944px;font-family: sans-serif\">\u00fcle pehme lapiga<\/span><span dir=\"ltr\" role=\"presentation\" style=\"left: 796.567px;top: 876.944px;font-family: sans-serif\">.<\/span><\/span><\/span><\/li>\n<li><span style=\"font-size:14px\"><span class=\"markedContent\" id=\"page3R_mcid43\"><span dir=\"ltr\" role=\"presentation\" style=\"left: 179.033px;top: 901.344px;font-family: sans-serif\">Kui vaha v\u00f5i muud<\/span><span dir=\"ltr\" role=\"presentation\" style=\"left: 352.753px;top: 901.344px;font-family: sans-serif\"> <\/span><span dir=\"ltr\" role=\"presentation\" style=\"left: 361.883px;top: 901.344px;font-family: sans-serif\">kaitsvat viimistlust ei kasutata, ei ole vaja s\u00f5idukit r\u00e4tikuga<\/span> <span dir=\"ltr\" role=\"presentation\" style=\"left: 179.033px;top: 924.344px;font-family: sans-serif\">kuivatada (\u00e4rge laske otsese p\u00e4ikesevalguse k\u00e4es kuivada).<\/span><\/span><\/span><\/li>\n<\/ul>\n<p><span style=\"font-size:14px\"><span class=\"markedContent\"><span dir=\"ltr\" role=\"presentation\" style=\"left: 179.033px;top: 924.344px;font-family: sans-serif\">pH 7,5<\/span><\/span><\/span><\/p>\n","protected":false},"excerpt":{"rendered":"<p>Akr\u00fc\u00fclip\u00f5hine autode pesuvahend, mis tagab pestud osade uue s\u00e4rava v\u00e4limuse.<br \/>\nAuto\u0161ampoon mis puhastab ja kaitseb j\u00e4ttes puhastatud pinnale \u00f5hukese akr\u00fc\u00fclkatte, mis t\u00f5rjub vett ja takistab m\u00e4\u00e4rdumist.<br \/>\nPuhastab ja kaitseb j\u00e4ttes masina pinnale kauakestva \u00f5hukese akr\u00fc\u00fclkatte, mis t\u00f5rjub vett ja takistab uuesti m\u00e4\u00e4rdumist.<br \/>\nEi kahjusta kroom- ja klaaspindu ning on ohutu ka kummile ja v\u00e4rvile.<br \/>\nV\u00f5ib lahjendada nii pehme kui ka kareda veega.<br \/>\nOn t\u00e4ielikult biolagunev ega avalda kahjulikku m\u00f5ju kanalisatsioonis\u00fcsteemide v\u00f5i septikute looduslikele bakteritele.<\/p>\n","protected":false},"featured_media":5026,"comment_status":"closed","ping_status":"closed","template":"","meta":[],"product_brand":[],"product_cat":[199],"product_tag":[],"class_list":{"0":"post-3020","1":"product","2":"type-product","3":"status-publish","4":"has-post-thumbnail","6":"product_cat-autod","8":"first","9":"instock","10":"taxable","11":"shipping-taxable","12":"purchasable","13":"product-type-simple"},"yoast_head":"<!-- This site is optimized with the Yoast SEO plugin v26.5 - https:\/\/yoast.com\/wordpress\/plugins\/seo\/ -->\n<title>NEW PLUS 5L - Auto\u0161ampoon, akr\u00fc\u00fclip\u00f5hine I ZEP Eesti<\/title>\n<meta name=\"description\" content=\"Auto\u0161ampoon, mis puhastab ja kaitseb j\u00e4ttes puhastatud pinnale \u00f5hukese akr\u00fc\u00fclkatte, mis t\u00f5rjub vett ja takistab m\u00e4\u00e4rdumist. Lahjendada pehme v\u00f5i kareda veega.\" \/>\n<meta name=\"robots\" content=\"index, follow, max-snippet:-1, max-image-preview:large, max-video-preview:-1\" \/>\n<link rel=\"canonical\" href=\"https:\/\/zepestonia.com\/en\/toode\/new-plus-auto-foam-5l\/\" \/>\n<meta property=\"og:locale\" content=\"en_US\" \/>\n<meta property=\"og:type\" content=\"article\" \/>\n<meta property=\"og:title\" content=\"NEW PLUS 5L - Auto\u0161ampoon, akr\u00fc\u00fclip\u00f5hine I ZEP Eesti\" \/>\n<meta property=\"og:description\" content=\"Auto\u0161ampoon, mis puhastab ja kaitseb j\u00e4ttes puhastatud pinnale \u00f5hukese akr\u00fc\u00fclkatte, mis t\u00f5rjub vett ja takistab m\u00e4\u00e4rdumist. Lahjendada pehme v\u00f5i kareda veega.\" \/>\n<meta property=\"og:url\" content=\"https:\/\/zepestonia.com\/en\/toode\/new-plus-auto-foam-5l\/\" \/>\n<meta property=\"og:site_name\" content=\"ZEP Eesti I Puhastusvahendid I E-pood\" \/>\n<meta property=\"article:publisher\" content=\"https:\/\/www.facebook.com\/ZepEesti\" \/>\n<meta property=\"article:modified_time\" content=\"2025-07-01T00:24:36+00:00\" \/>\n<meta property=\"og:image\" content=\"https:\/\/zepestonia.com\/wp-content\/uploads\/2022\/02\/NEW-PLUS.png\" \/>\n\t<meta property=\"og:image:width\" content=\"200\" \/>\n\t<meta property=\"og:image:height\" content=\"300\" \/>\n\t<meta property=\"og:image:type\" content=\"image\/png\" \/>\n<meta name=\"twitter:card\" content=\"summary_large_image\" \/>\n<script type=\"application\/ld+json\" class=\"yoast-schema-graph\">{\"@context\":\"https:\/\/schema.org\",\"@graph\":[{\"@type\":\"WebPage\",\"@id\":\"https:\/\/zepestonia.com\/en\/toode\/new-plus-auto-foam-5l\/\",\"url\":\"https:\/\/zepestonia.com\/en\/toode\/new-plus-auto-foam-5l\/\",\"name\":\"NEW PLUS 5L - Auto\u0161ampoon, akr\u00fc\u00fclip\u00f5hine I ZEP Eesti\",\"isPartOf\":{\"@id\":\"https:\/\/zepestonia.com\/en\/#website\"},\"primaryImageOfPage\":{\"@id\":\"https:\/\/zepestonia.com\/en\/toode\/new-plus-auto-foam-5l\/#primaryimage\"},\"image\":{\"@id\":\"https:\/\/zepestonia.com\/en\/toode\/new-plus-auto-foam-5l\/#primaryimage\"},\"thumbnailUrl\":\"https:\/\/zepestonia.com\/wp-content\/uploads\/2022\/02\/NEW-PLUS.png\",\"datePublished\":\"2021-11-29T19:00:48+00:00\",\"dateModified\":\"2025-07-01T00:24:36+00:00\",\"description\":\"Auto\u0161ampoon, mis puhastab ja kaitseb j\u00e4ttes puhastatud pinnale \u00f5hukese akr\u00fc\u00fclkatte, mis t\u00f5rjub vett ja takistab m\u00e4\u00e4rdumist. Lahjendada pehme v\u00f5i kareda veega.\",\"breadcrumb\":{\"@id\":\"https:\/\/zepestonia.com\/en\/toode\/new-plus-auto-foam-5l\/#breadcrumb\"},\"inLanguage\":\"en-US\",\"potentialAction\":[{\"@type\":\"ReadAction\",\"target\":[\"https:\/\/zepestonia.com\/en\/toode\/new-plus-auto-foam-5l\/\"]}]},{\"@type\":\"ImageObject\",\"inLanguage\":\"en-US\",\"@id\":\"https:\/\/zepestonia.com\/en\/toode\/new-plus-auto-foam-5l\/#primaryimage\",\"url\":\"https:\/\/zepestonia.com\/wp-content\/uploads\/2022\/02\/NEW-PLUS.png\",\"contentUrl\":\"https:\/\/zepestonia.com\/wp-content\/uploads\/2022\/02\/NEW-PLUS.png\",\"width\":200,\"height\":300,\"caption\":\"NEW-PLUS\"},{\"@type\":\"BreadcrumbList\",\"@id\":\"https:\/\/zepestonia.com\/en\/toode\/new-plus-auto-foam-5l\/#breadcrumb\",\"itemListElement\":[{\"@type\":\"ListItem\",\"position\":1,\"name\":\"Home\",\"item\":\"https:\/\/zepestonia.com\/en\/\"},{\"@type\":\"ListItem\",\"position\":2,\"name\":\"Shop\",\"item\":\"https:\/\/zepestonia.com\/en\/?page_id=4643\"},{\"@type\":\"ListItem\",\"position\":3,\"name\":\"NEW PLUS 5L &#8211; Auto\u0161ampoon\"}]},{\"@type\":\"WebSite\",\"@id\":\"https:\/\/zepestonia.com\/en\/#website\",\"url\":\"https:\/\/zepestonia.com\/en\/\",\"name\":\"ZEP Eesti I Puhastusvahendid I E-pood\",\"description\":\"Pakume puhastus- ja hooldusprobleemidele efektiivseid keskkonnas\u00f5bralikke lahendusi!\",\"publisher\":{\"@id\":\"https:\/\/zepestonia.com\/en\/#organization\"},\"potentialAction\":[{\"@type\":\"SearchAction\",\"target\":{\"@type\":\"EntryPoint\",\"urlTemplate\":\"https:\/\/zepestonia.com\/en\/?s={search_term_string}\"},\"query-input\":{\"@type\":\"PropertyValueSpecification\",\"valueRequired\":true,\"valueName\":\"search_term_string\"}}],\"inLanguage\":\"en-US\"},{\"@type\":\"Organization\",\"@id\":\"https:\/\/zepestonia.com\/en\/#organization\",\"name\":\"Zep Estonia\",\"url\":\"https:\/\/zepestonia.com\/en\/\",\"logo\":{\"@type\":\"ImageObject\",\"inLanguage\":\"en-US\",\"@id\":\"https:\/\/zepestonia.com\/en\/#\/schema\/logo\/image\/\",\"url\":\"https:\/\/zepestonia.com\/wp-content\/uploads\/2022\/03\/Zep-Logo_png.jpeg\",\"contentUrl\":\"https:\/\/zepestonia.com\/wp-content\/uploads\/2022\/03\/Zep-Logo_png.jpeg\",\"width\":109,\"height\":70,\"caption\":\"Zep Estonia\"},\"image\":{\"@id\":\"https:\/\/zepestonia.com\/en\/#\/schema\/logo\/image\/\"},\"sameAs\":[\"https:\/\/www.facebook.com\/ZepEesti\"]}]}<\/script>\n<!-- \/ Yoast SEO plugin. -->","yoast_head_json":{"title":"NEW PLUS 5L - Auto\u0161ampoon, akr\u00fc\u00fclip\u00f5hine I ZEP Eesti","description":"Auto\u0161ampoon, mis puhastab ja kaitseb j\u00e4ttes puhastatud pinnale \u00f5hukese akr\u00fc\u00fclkatte, mis t\u00f5rjub vett ja takistab m\u00e4\u00e4rdumist. Lahjendada pehme v\u00f5i kareda veega.","robots":{"index":"index","follow":"follow","max-snippet":"max-snippet:-1","max-image-preview":"max-image-preview:large","max-video-preview":"max-video-preview:-1"},"canonical":"https:\/\/zepestonia.com\/en\/toode\/new-plus-auto-foam-5l\/","og_locale":"en_US","og_type":"article","og_title":"NEW PLUS 5L - Auto\u0161ampoon, akr\u00fc\u00fclip\u00f5hine I ZEP Eesti","og_description":"Auto\u0161ampoon, mis puhastab ja kaitseb j\u00e4ttes puhastatud pinnale \u00f5hukese akr\u00fc\u00fclkatte, mis t\u00f5rjub vett ja takistab m\u00e4\u00e4rdumist. Lahjendada pehme v\u00f5i kareda veega.","og_url":"https:\/\/zepestonia.com\/en\/toode\/new-plus-auto-foam-5l\/","og_site_name":"ZEP Eesti I Puhastusvahendid I E-pood","article_publisher":"https:\/\/www.facebook.com\/ZepEesti","article_modified_time":"2025-07-01T00:24:36+00:00","og_image":[{"width":200,"height":300,"url":"https:\/\/zepestonia.com\/wp-content\/uploads\/2022\/02\/NEW-PLUS.png","type":"image\/png"}],"twitter_card":"summary_large_image","schema":{"@context":"https:\/\/schema.org","@graph":[{"@type":"WebPage","@id":"https:\/\/zepestonia.com\/en\/toode\/new-plus-auto-foam-5l\/","url":"https:\/\/zepestonia.com\/en\/toode\/new-plus-auto-foam-5l\/","name":"NEW PLUS 5L - Auto\u0161ampoon, akr\u00fc\u00fclip\u00f5hine I ZEP Eesti","isPartOf":{"@id":"https:\/\/zepestonia.com\/en\/#website"},"primaryImageOfPage":{"@id":"https:\/\/zepestonia.com\/en\/toode\/new-plus-auto-foam-5l\/#primaryimage"},"image":{"@id":"https:\/\/zepestonia.com\/en\/toode\/new-plus-auto-foam-5l\/#primaryimage"},"thumbnailUrl":"https:\/\/zepestonia.com\/wp-content\/uploads\/2022\/02\/NEW-PLUS.png","datePublished":"2021-11-29T19:00:48+00:00","dateModified":"2025-07-01T00:24:36+00:00","description":"Auto\u0161ampoon, mis puhastab ja kaitseb j\u00e4ttes puhastatud pinnale \u00f5hukese akr\u00fc\u00fclkatte, mis t\u00f5rjub vett ja takistab m\u00e4\u00e4rdumist. Lahjendada pehme v\u00f5i kareda veega.","breadcrumb":{"@id":"https:\/\/zepestonia.com\/en\/toode\/new-plus-auto-foam-5l\/#breadcrumb"},"inLanguage":"en-US","potentialAction":[{"@type":"ReadAction","target":["https:\/\/zepestonia.com\/en\/toode\/new-plus-auto-foam-5l\/"]}]},{"@type":"ImageObject","inLanguage":"en-US","@id":"https:\/\/zepestonia.com\/en\/toode\/new-plus-auto-foam-5l\/#primaryimage","url":"https:\/\/zepestonia.com\/wp-content\/uploads\/2022\/02\/NEW-PLUS.png","contentUrl":"https:\/\/zepestonia.com\/wp-content\/uploads\/2022\/02\/NEW-PLUS.png","width":200,"height":300,"caption":"NEW-PLUS"},{"@type":"BreadcrumbList","@id":"https:\/\/zepestonia.com\/en\/toode\/new-plus-auto-foam-5l\/#breadcrumb","itemListElement":[{"@type":"ListItem","position":1,"name":"Home","item":"https:\/\/zepestonia.com\/en\/"},{"@type":"ListItem","position":2,"name":"Shop","item":"https:\/\/zepestonia.com\/en\/?page_id=4643"},{"@type":"ListItem","position":3,"name":"NEW PLUS 5L &#8211; Auto\u0161ampoon"}]},{"@type":"WebSite","@id":"https:\/\/zepestonia.com\/en\/#website","url":"https:\/\/zepestonia.com\/en\/","name":"ZEP Eesti I Puhastusvahendid I E-pood","description":"Pakume puhastus- ja hooldusprobleemidele efektiivseid keskkonnas\u00f5bralikke lahendusi!","publisher":{"@id":"https:\/\/zepestonia.com\/en\/#organization"},"potentialAction":[{"@type":"SearchAction","target":{"@type":"EntryPoint","urlTemplate":"https:\/\/zepestonia.com\/en\/?s={search_term_string}"},"query-input":{"@type":"PropertyValueSpecification","valueRequired":true,"valueName":"search_term_string"}}],"inLanguage":"en-US"},{"@type":"Organization","@id":"https:\/\/zepestonia.com\/en\/#organization","name":"Zep Estonia","url":"https:\/\/zepestonia.com\/en\/","logo":{"@type":"ImageObject","inLanguage":"en-US","@id":"https:\/\/zepestonia.com\/en\/#\/schema\/logo\/image\/","url":"https:\/\/zepestonia.com\/wp-content\/uploads\/2022\/03\/Zep-Logo_png.jpeg","contentUrl":"https:\/\/zepestonia.com\/wp-content\/uploads\/2022\/03\/Zep-Logo_png.jpeg","width":109,"height":70,"caption":"Zep Estonia"},"image":{"@id":"https:\/\/zepestonia.com\/en\/#\/schema\/logo\/image\/"},"sameAs":["https:\/\/www.facebook.com\/ZepEesti"]}]}},"_links":{"self":[{"href":"https:\/\/zepestonia.com\/en\/wp-json\/wp\/v2\/product\/3020","targetHints":{"allow":["GET"]}}],"collection":[{"href":"https:\/\/zepestonia.com\/en\/wp-json\/wp\/v2\/product"}],"about":[{"href":"https:\/\/zepestonia.com\/en\/wp-json\/wp\/v2\/types\/product"}],"replies":[{"embeddable":true,"href":"https:\/\/zepestonia.com\/en\/wp-json\/wp\/v2\/comments?post=3020"}],"version-history":[{"count":2,"href":"https:\/\/zepestonia.com\/en\/wp-json\/wp\/v2\/product\/3020\/revisions"}],"predecessor-version":[{"id":11160,"href":"https:\/\/zepestonia.com\/en\/wp-json\/wp\/v2\/product\/3020\/revisions\/11160"}],"wp:featuredmedia":[{"embeddable":true,"href":"https:\/\/zepestonia.com\/en\/wp-json\/wp\/v2\/media\/5026"}],"wp:attachment":[{"href":"https:\/\/zepestonia.com\/en\/wp-json\/wp\/v2\/media?parent=3020"}],"wp:term":[{"taxonomy":"product_brand","embeddable":true,"href":"https:\/\/zepestonia.com\/en\/wp-json\/wp\/v2\/product_brand?post=3020"},{"taxonomy":"product_cat","embeddable":true,"href":"https:\/\/zepestonia.com\/en\/wp-json\/wp\/v2\/product_cat?post=3020"},{"taxonomy":"product_tag","embeddable":true,"href":"https:\/\/zepestonia.com\/en\/wp-json\/wp\/v2\/product_tag?post=3020"}],"curies":[{"name":"wp","href":"https:\/\/api.w.org\/{rel}","templated":true}]}}