{"id":3016,"date":"2021-11-29T19:00:48","date_gmt":"2021-11-29T19:00:48","guid":{"rendered":"https:\/\/zep.valgekana.ee\/toode\/zep-70\/"},"modified":"2026-03-05T09:24:48","modified_gmt":"2026-03-05T09:24:48","slug":"zep-70","status":"publish","type":"product","link":"https:\/\/zepestonia.com\/en\/toode\/zep-70\/","title":{"rendered":"ZEP 70 &#8211; Sojabaasil m\u00e4\u00e4r"},"content":{"rendered":"<p><strong><span style=\"font-size:14px\"><span class=\"markedContent\" id=\"page42R_mcid5\"><span dir=\"ltr\" role=\"presentation\" style=\"left: 149.04px;top: 305.261px;font-family: sans-serif\">Kinnikiilunud osad:<\/span><span dir=\"ltr\" role=\"presentation\" style=\"left: 315.86px;top: 305.261px;font-family: sans-serif\"> <\/span><\/span><\/span><\/strong><\/p>\n<ul>\n<li><span style=\"font-size:14px\"><span class=\"markedContent\" id=\"page42R_mcid4\"><span dir=\"ltr\" role=\"presentation\" style=\"left: 149.04px;top: 281.061px;font-family: sans-serif\">Enne kasutamist loksutada!<\/span><\/span><\/span><\/li>\n<li><span style=\"font-size:14px\"><span class=\"markedContent\"><span dir=\"ltr\" role=\"presentation\" style=\"left: 321.483px;top: 305.261px;font-family: sans-serif\">Pihustada kinnikiilu<\/span><span dir=\"ltr\" role=\"presentation\" style=\"left: 491.683px;top: 305.261px;font-family: sans-serif\">nud v\u00f5i roostetanud osad<\/span><span dir=\"ltr\" role=\"presentation\" style=\"left: 716.117px;top: 305.261px;font-family: sans-serif\">el<\/span><span dir=\"ltr\" role=\"presentation\" style=\"left: 731.717px;top: 305.261px;font-family: sans-serif\">e<\/span><span dir=\"ltr\" role=\"presentation\" style=\"left: 742.967px;top: 305.261px;font-family: sans-serif\">.<\/span><\/span><\/span><\/li>\n<li><span style=\"font-size:14px\"><span class=\"markedContent\" id=\"page42R_mcid6\"><span dir=\"ltr\" role=\"presentation\" style=\"left: 149.04px;top: 329.661px;font-family: sans-serif\">Parima tulemuse saavutamiseks eemaldada roostetus ja<\/span><span dir=\"ltr\" role=\"presentation\" style=\"left: 650.18px;top: 329.661px;font-family: sans-serif\"> <\/span><span dir=\"ltr\" role=\"presentation\" style=\"left: 656.117px;top: 329.661px;font-family: sans-serif\">mustus enne kasutamist.<\/span><\/span><\/span><\/li>\n<\/ul>\n<p><strong><span style=\"font-size:14px\"><span class=\"markedContent\" id=\"page42R_mcid7\"><span dir=\"ltr\" role=\"presentation\" style=\"left: 149.04px;top: 354.061px;font-family: sans-serif\">M\u00e4\u00e4rdeks ja kaitseks: <\/span><\/span><\/span><\/strong><\/p>\n<ul>\n<li><span style=\"font-size:14px\"><span class=\"markedContent\" id=\"page42R_mcid4\"><span dir=\"ltr\" role=\"presentation\" style=\"left: 149.04px;top: 281.061px;font-family: sans-serif\">Enne kasutamist loksutada!<\/span><\/span><\/span><\/li>\n<li><span style=\"font-size:14px\"><span class=\"markedContent\"><span dir=\"ltr\" role=\"presentation\" style=\"left: 149.04px;top: 354.061px;font-family: sans-serif\">Pihustada pinnale ja lasta \u00f5line kiht imbuda.<\/span><\/span><\/span><\/li>\n<li><span style=\"font-size:14px\"><span class=\"markedContent\" id=\"page42R_mcid8\"><span dir=\"ltr\" role=\"presentation\" style=\"left: 149.04px;top: 378.461px;font-family: sans-serif\">M\u00e4\u00e4re ei aurustu ja kaitseb ning m\u00e4\u00e4rib pikaajaliselt.<\/span><\/span><\/span><\/li>\n<\/ul>\n","protected":false},"excerpt":{"rendered":"<p>Kaitseb, puhastab ja m\u00e4\u00e4rib samaaegselt.<br \/>\nImbub kiiresti l\u00e4bi roostest kahjustunud pinna.<br \/>\nKasutamiseks liitmike lahti\u00fchendamisel, m\u00e4\u00e4rimiseks metallpindadele ja kaitsemiseks korrosiooni- ja keskkonnatingimuste eest.<br \/>\nOsade m\u00e4\u00e4rimiseks ja kaitsmiseks seadmete kokkupanemisel.<br \/>\nOsade remondil kinnikiilunud liitmike vabastamiseks, metallidevaheliste pindade m\u00e4\u00e4rimiseks ning tulevaste korrosiooni- ja keskkonnatingimuste eest kaitsmiseks.<br \/>\nEriti kasulik: puidu t\u00f6\u00f6tlemismasinetele,  autoremont, metalltoodete kauplused, mootorrataste edasim\u00fc\u00fcjad, ehitusettev\u00f5tted, t\u00f6\u00f6stusrajatised, uute ja kasutatud autode m\u00fc\u00fcjad, kontorimasinad, hotellid \/ motellid, sport ja vaba aeg<\/p>\n","protected":false},"featured_media":3669,"comment_status":"closed","ping_status":"closed","template":"","meta":[],"product_brand":[],"product_cat":[224],"product_tag":[],"class_list":{"0":"post-3016","1":"product","2":"type-product","3":"status-publish","4":"has-post-thumbnail","6":"product_cat-maarded","8":"first","9":"instock","10":"taxable","11":"shipping-taxable","12":"purchasable","13":"product-type-simple"},"yoast_head":"<!-- This site is optimized with the Yoast SEO plugin v26.5 - https:\/\/yoast.com\/wordpress\/plugins\/seo\/ -->\n<title>ZEP 70 - Sojabaasil m\u00e4\u00e4re: kaitseb, puhastab, m\u00e4\u00e4rib I ZEP Eesti<\/title>\n<meta name=\"description\" content=\"M\u00e4\u00e4re kaitseb, puhastab ning m\u00e4\u00e4rib samaaegselt. Imbub kiiresti l\u00e4bi roostest kahjustunud pinna. Osade m\u00e4\u00e4rimiseks ning kaitsmiseks seadmete kokkupanemisel.\" \/>\n<meta name=\"robots\" content=\"index, follow, max-snippet:-1, max-image-preview:large, max-video-preview:-1\" \/>\n<link rel=\"canonical\" href=\"https:\/\/zepestonia.com\/en\/toode\/zep-70\/\" \/>\n<meta property=\"og:locale\" content=\"en_US\" \/>\n<meta property=\"og:type\" content=\"article\" \/>\n<meta property=\"og:title\" content=\"ZEP 70 - Sojabaasil m\u00e4\u00e4re: kaitseb, puhastab, m\u00e4\u00e4rib I ZEP Eesti\" \/>\n<meta property=\"og:description\" content=\"M\u00e4\u00e4re kaitseb, puhastab ning m\u00e4\u00e4rib samaaegselt. Imbub kiiresti l\u00e4bi roostest kahjustunud pinna. Osade m\u00e4\u00e4rimiseks ning kaitsmiseks seadmete kokkupanemisel.\" \/>\n<meta property=\"og:url\" content=\"https:\/\/zepestonia.com\/en\/toode\/zep-70\/\" \/>\n<meta property=\"og:site_name\" content=\"ZEP Eesti I Puhastusvahendid I E-pood\" \/>\n<meta property=\"article:publisher\" content=\"https:\/\/www.facebook.com\/ZepEesti\" \/>\n<meta property=\"article:modified_time\" content=\"2026-03-05T09:24:48+00:00\" \/>\n<meta property=\"og:image\" content=\"https:\/\/zepestonia.com\/wp-content\/uploads\/2021\/12\/185-60ea34bedd2098-45386959-ZEP207020.png\" \/>\n\t<meta property=\"og:image:width\" content=\"400\" \/>\n\t<meta property=\"og:image:height\" content=\"600\" \/>\n\t<meta property=\"og:image:type\" content=\"image\/png\" \/>\n<meta name=\"twitter:card\" content=\"summary_large_image\" \/>\n<script type=\"application\/ld+json\" class=\"yoast-schema-graph\">{\"@context\":\"https:\/\/schema.org\",\"@graph\":[{\"@type\":\"WebPage\",\"@id\":\"https:\/\/zepestonia.com\/en\/toode\/zep-70\/\",\"url\":\"https:\/\/zepestonia.com\/en\/toode\/zep-70\/\",\"name\":\"ZEP 70 - Sojabaasil m\u00e4\u00e4re: kaitseb, puhastab, m\u00e4\u00e4rib I ZEP Eesti\",\"isPartOf\":{\"@id\":\"https:\/\/zepestonia.com\/en\/#website\"},\"primaryImageOfPage\":{\"@id\":\"https:\/\/zepestonia.com\/en\/toode\/zep-70\/#primaryimage\"},\"image\":{\"@id\":\"https:\/\/zepestonia.com\/en\/toode\/zep-70\/#primaryimage\"},\"thumbnailUrl\":\"https:\/\/zepestonia.com\/wp-content\/uploads\/2021\/12\/185-60ea34bedd2098-45386959-ZEP207020.png\",\"datePublished\":\"2021-11-29T19:00:48+00:00\",\"dateModified\":\"2026-03-05T09:24:48+00:00\",\"description\":\"M\u00e4\u00e4re kaitseb, puhastab ning m\u00e4\u00e4rib samaaegselt. Imbub kiiresti l\u00e4bi roostest kahjustunud pinna. Osade m\u00e4\u00e4rimiseks ning kaitsmiseks seadmete kokkupanemisel.\",\"breadcrumb\":{\"@id\":\"https:\/\/zepestonia.com\/en\/toode\/zep-70\/#breadcrumb\"},\"inLanguage\":\"en-US\",\"potentialAction\":[{\"@type\":\"ReadAction\",\"target\":[\"https:\/\/zepestonia.com\/en\/toode\/zep-70\/\"]}]},{\"@type\":\"ImageObject\",\"inLanguage\":\"en-US\",\"@id\":\"https:\/\/zepestonia.com\/en\/toode\/zep-70\/#primaryimage\",\"url\":\"https:\/\/zepestonia.com\/wp-content\/uploads\/2021\/12\/185-60ea34bedd2098-45386959-ZEP207020.png\",\"contentUrl\":\"https:\/\/zepestonia.com\/wp-content\/uploads\/2021\/12\/185-60ea34bedd2098-45386959-ZEP207020.png\",\"width\":400,\"height\":600,\"caption\":\"185-60ea34bedd2098-45386959-ZEP207020\"},{\"@type\":\"BreadcrumbList\",\"@id\":\"https:\/\/zepestonia.com\/en\/toode\/zep-70\/#breadcrumb\",\"itemListElement\":[{\"@type\":\"ListItem\",\"position\":1,\"name\":\"Home\",\"item\":\"https:\/\/zepestonia.com\/en\/\"},{\"@type\":\"ListItem\",\"position\":2,\"name\":\"Shop\",\"item\":\"https:\/\/zepestonia.com\/en\/?page_id=4643\"},{\"@type\":\"ListItem\",\"position\":3,\"name\":\"ZEP 70 &#8211; Sojabaasil m\u00e4\u00e4r\"}]},{\"@type\":\"WebSite\",\"@id\":\"https:\/\/zepestonia.com\/en\/#website\",\"url\":\"https:\/\/zepestonia.com\/en\/\",\"name\":\"ZEP Eesti I Puhastusvahendid I E-pood\",\"description\":\"Pakume puhastus- ja hooldusprobleemidele efektiivseid keskkonnas\u00f5bralikke lahendusi!\",\"publisher\":{\"@id\":\"https:\/\/zepestonia.com\/en\/#organization\"},\"potentialAction\":[{\"@type\":\"SearchAction\",\"target\":{\"@type\":\"EntryPoint\",\"urlTemplate\":\"https:\/\/zepestonia.com\/en\/?s={search_term_string}\"},\"query-input\":{\"@type\":\"PropertyValueSpecification\",\"valueRequired\":true,\"valueName\":\"search_term_string\"}}],\"inLanguage\":\"en-US\"},{\"@type\":\"Organization\",\"@id\":\"https:\/\/zepestonia.com\/en\/#organization\",\"name\":\"Zep Estonia\",\"url\":\"https:\/\/zepestonia.com\/en\/\",\"logo\":{\"@type\":\"ImageObject\",\"inLanguage\":\"en-US\",\"@id\":\"https:\/\/zepestonia.com\/en\/#\/schema\/logo\/image\/\",\"url\":\"https:\/\/zepestonia.com\/wp-content\/uploads\/2022\/03\/Zep-Logo_png.jpeg\",\"contentUrl\":\"https:\/\/zepestonia.com\/wp-content\/uploads\/2022\/03\/Zep-Logo_png.jpeg\",\"width\":109,\"height\":70,\"caption\":\"Zep Estonia\"},\"image\":{\"@id\":\"https:\/\/zepestonia.com\/en\/#\/schema\/logo\/image\/\"},\"sameAs\":[\"https:\/\/www.facebook.com\/ZepEesti\"]}]}<\/script>\n<!-- \/ Yoast SEO plugin. -->","yoast_head_json":{"title":"ZEP 70 - Sojabaasil m\u00e4\u00e4re: kaitseb, puhastab, m\u00e4\u00e4rib I ZEP Eesti","description":"M\u00e4\u00e4re kaitseb, puhastab ning m\u00e4\u00e4rib samaaegselt. Imbub kiiresti l\u00e4bi roostest kahjustunud pinna. Osade m\u00e4\u00e4rimiseks ning kaitsmiseks seadmete kokkupanemisel.","robots":{"index":"index","follow":"follow","max-snippet":"max-snippet:-1","max-image-preview":"max-image-preview:large","max-video-preview":"max-video-preview:-1"},"canonical":"https:\/\/zepestonia.com\/en\/toode\/zep-70\/","og_locale":"en_US","og_type":"article","og_title":"ZEP 70 - Sojabaasil m\u00e4\u00e4re: kaitseb, puhastab, m\u00e4\u00e4rib I ZEP Eesti","og_description":"M\u00e4\u00e4re kaitseb, puhastab ning m\u00e4\u00e4rib samaaegselt. Imbub kiiresti l\u00e4bi roostest kahjustunud pinna. Osade m\u00e4\u00e4rimiseks ning kaitsmiseks seadmete kokkupanemisel.","og_url":"https:\/\/zepestonia.com\/en\/toode\/zep-70\/","og_site_name":"ZEP Eesti I Puhastusvahendid I E-pood","article_publisher":"https:\/\/www.facebook.com\/ZepEesti","article_modified_time":"2026-03-05T09:24:48+00:00","og_image":[{"width":400,"height":600,"url":"https:\/\/zepestonia.com\/wp-content\/uploads\/2021\/12\/185-60ea34bedd2098-45386959-ZEP207020.png","type":"image\/png"}],"twitter_card":"summary_large_image","schema":{"@context":"https:\/\/schema.org","@graph":[{"@type":"WebPage","@id":"https:\/\/zepestonia.com\/en\/toode\/zep-70\/","url":"https:\/\/zepestonia.com\/en\/toode\/zep-70\/","name":"ZEP 70 - Sojabaasil m\u00e4\u00e4re: kaitseb, puhastab, m\u00e4\u00e4rib I ZEP Eesti","isPartOf":{"@id":"https:\/\/zepestonia.com\/en\/#website"},"primaryImageOfPage":{"@id":"https:\/\/zepestonia.com\/en\/toode\/zep-70\/#primaryimage"},"image":{"@id":"https:\/\/zepestonia.com\/en\/toode\/zep-70\/#primaryimage"},"thumbnailUrl":"https:\/\/zepestonia.com\/wp-content\/uploads\/2021\/12\/185-60ea34bedd2098-45386959-ZEP207020.png","datePublished":"2021-11-29T19:00:48+00:00","dateModified":"2026-03-05T09:24:48+00:00","description":"M\u00e4\u00e4re kaitseb, puhastab ning m\u00e4\u00e4rib samaaegselt. Imbub kiiresti l\u00e4bi roostest kahjustunud pinna. Osade m\u00e4\u00e4rimiseks ning kaitsmiseks seadmete kokkupanemisel.","breadcrumb":{"@id":"https:\/\/zepestonia.com\/en\/toode\/zep-70\/#breadcrumb"},"inLanguage":"en-US","potentialAction":[{"@type":"ReadAction","target":["https:\/\/zepestonia.com\/en\/toode\/zep-70\/"]}]},{"@type":"ImageObject","inLanguage":"en-US","@id":"https:\/\/zepestonia.com\/en\/toode\/zep-70\/#primaryimage","url":"https:\/\/zepestonia.com\/wp-content\/uploads\/2021\/12\/185-60ea34bedd2098-45386959-ZEP207020.png","contentUrl":"https:\/\/zepestonia.com\/wp-content\/uploads\/2021\/12\/185-60ea34bedd2098-45386959-ZEP207020.png","width":400,"height":600,"caption":"185-60ea34bedd2098-45386959-ZEP207020"},{"@type":"BreadcrumbList","@id":"https:\/\/zepestonia.com\/en\/toode\/zep-70\/#breadcrumb","itemListElement":[{"@type":"ListItem","position":1,"name":"Home","item":"https:\/\/zepestonia.com\/en\/"},{"@type":"ListItem","position":2,"name":"Shop","item":"https:\/\/zepestonia.com\/en\/?page_id=4643"},{"@type":"ListItem","position":3,"name":"ZEP 70 &#8211; Sojabaasil m\u00e4\u00e4r"}]},{"@type":"WebSite","@id":"https:\/\/zepestonia.com\/en\/#website","url":"https:\/\/zepestonia.com\/en\/","name":"ZEP Eesti I Puhastusvahendid I E-pood","description":"Pakume puhastus- ja hooldusprobleemidele efektiivseid keskkonnas\u00f5bralikke lahendusi!","publisher":{"@id":"https:\/\/zepestonia.com\/en\/#organization"},"potentialAction":[{"@type":"SearchAction","target":{"@type":"EntryPoint","urlTemplate":"https:\/\/zepestonia.com\/en\/?s={search_term_string}"},"query-input":{"@type":"PropertyValueSpecification","valueRequired":true,"valueName":"search_term_string"}}],"inLanguage":"en-US"},{"@type":"Organization","@id":"https:\/\/zepestonia.com\/en\/#organization","name":"Zep Estonia","url":"https:\/\/zepestonia.com\/en\/","logo":{"@type":"ImageObject","inLanguage":"en-US","@id":"https:\/\/zepestonia.com\/en\/#\/schema\/logo\/image\/","url":"https:\/\/zepestonia.com\/wp-content\/uploads\/2022\/03\/Zep-Logo_png.jpeg","contentUrl":"https:\/\/zepestonia.com\/wp-content\/uploads\/2022\/03\/Zep-Logo_png.jpeg","width":109,"height":70,"caption":"Zep Estonia"},"image":{"@id":"https:\/\/zepestonia.com\/en\/#\/schema\/logo\/image\/"},"sameAs":["https:\/\/www.facebook.com\/ZepEesti"]}]}},"_links":{"self":[{"href":"https:\/\/zepestonia.com\/en\/wp-json\/wp\/v2\/product\/3016","targetHints":{"allow":["GET"]}}],"collection":[{"href":"https:\/\/zepestonia.com\/en\/wp-json\/wp\/v2\/product"}],"about":[{"href":"https:\/\/zepestonia.com\/en\/wp-json\/wp\/v2\/types\/product"}],"replies":[{"embeddable":true,"href":"https:\/\/zepestonia.com\/en\/wp-json\/wp\/v2\/comments?post=3016"}],"version-history":[{"count":2,"href":"https:\/\/zepestonia.com\/en\/wp-json\/wp\/v2\/product\/3016\/revisions"}],"predecessor-version":[{"id":11216,"href":"https:\/\/zepestonia.com\/en\/wp-json\/wp\/v2\/product\/3016\/revisions\/11216"}],"wp:featuredmedia":[{"embeddable":true,"href":"https:\/\/zepestonia.com\/en\/wp-json\/wp\/v2\/media\/3669"}],"wp:attachment":[{"href":"https:\/\/zepestonia.com\/en\/wp-json\/wp\/v2\/media?parent=3016"}],"wp:term":[{"taxonomy":"product_brand","embeddable":true,"href":"https:\/\/zepestonia.com\/en\/wp-json\/wp\/v2\/product_brand?post=3016"},{"taxonomy":"product_cat","embeddable":true,"href":"https:\/\/zepestonia.com\/en\/wp-json\/wp\/v2\/product_cat?post=3016"},{"taxonomy":"product_tag","embeddable":true,"href":"https:\/\/zepestonia.com\/en\/wp-json\/wp\/v2\/product_tag?post=3016"}],"curies":[{"name":"wp","href":"https:\/\/api.w.org\/{rel}","templated":true}]}}