{"id":3013,"date":"2021-11-29T19:00:48","date_gmt":"2021-11-29T19:00:48","guid":{"rendered":"https:\/\/zep.valgekana.ee\/toode\/zep-45-nc-5l\/"},"modified":"2025-07-01T00:24:11","modified_gmt":"2025-07-01T00:24:11","slug":"zep-45-nc-5l","status":"publish","type":"product","link":"https:\/\/zepestonia.com\/en\/toode\/zep-45-nc-5l\/","title":{"rendered":"ZEP 45 NC 5L &#8211; Puhastav ja kaitsev \u00f5li"},"content":{"rendered":"<ul>\n<li>Kandke tood peale pintsliga v\u00f5i sissekastmise teel.<\/li>\n<li>V\u00e4ga tugeval korrosiooni puhul eemaldage rooste ja kandke toodet uuesti kestvama kaitse saavutamiseks.<\/li>\n<\/ul>\n<p>\n<span style=\"font-family: Arial;font-size: 13px;font-style: normal;font-weight: 400;letter-spacing: normal;text-align: left;text-indent: 0px;text-transform: none;display: inline !important;float: none\">T\u00f6\u00f6temperatuur \u2013 45\u00b0C kuni +245\u00b0C.<br \/>\nOmab militaarseid sertifikaate.<\/span><\/p>\n","protected":false},"excerpt":{"rendered":"<p>Tootes isalduv Tefloni ja Vydax tungib kiiresti l\u00e4bi ja vabastab mehaanilised osad rooste, korrosiooni v\u00f5i kulumise eest.<br \/>\nPTFE j\u00e4tkab oma m\u00e4\u00e4rdetoimet aja jooksul, isegi drastilistes kasutustingimustes.<br \/>\nEfektiivne  masinate,  relvade, t\u00f6\u00f6riistade, kettide, konveierrihmade, hammasrataste, poltide jne. lahti keeramiseks ja kaitsmiseks.<\/p>\n","protected":false},"featured_media":3683,"comment_status":"closed","ping_status":"closed","template":"","meta":[],"product_brand":[],"product_cat":[224],"product_tag":[],"class_list":{"0":"post-3013","1":"product","2":"type-product","3":"status-publish","4":"has-post-thumbnail","6":"product_cat-maarded","8":"first","9":"instock","10":"taxable","11":"shipping-taxable","12":"purchasable","13":"product-type-simple"},"yoast_head":"<!-- This site is optimized with the Yoast SEO plugin v26.5 - https:\/\/yoast.com\/wordpress\/plugins\/seo\/ -->\n<title>ZEP 45 NC 5L - Puhastav ja kaitsev \u00f5li I ZEP Eesti<\/title>\n<meta name=\"description\" content=\"Tootes sisalduv Tefloni ja Vydax tungib kiiresti l\u00e4bi, vabastab mehaanilised osad rooste, korrosiooni ja kulumise eest. Ka poltide keeramiseks ja kaitsmiseks.\" \/>\n<meta name=\"robots\" content=\"index, follow, max-snippet:-1, max-image-preview:large, max-video-preview:-1\" \/>\n<link rel=\"canonical\" href=\"https:\/\/zepestonia.com\/en\/toode\/zep-45-nc-5l\/\" \/>\n<meta property=\"og:locale\" content=\"en_US\" \/>\n<meta property=\"og:type\" content=\"article\" \/>\n<meta property=\"og:title\" content=\"ZEP 45 NC 5L - Puhastav ja kaitsev \u00f5li I ZEP Eesti\" \/>\n<meta property=\"og:description\" content=\"Tootes sisalduv Tefloni ja Vydax tungib kiiresti l\u00e4bi, vabastab mehaanilised osad rooste, korrosiooni ja kulumise eest. Ka poltide keeramiseks ja kaitsmiseks.\" \/>\n<meta property=\"og:url\" content=\"https:\/\/zepestonia.com\/en\/toode\/zep-45-nc-5l\/\" \/>\n<meta property=\"og:site_name\" content=\"ZEP Eesti I Puhastusvahendid I E-pood\" \/>\n<meta property=\"article:publisher\" content=\"https:\/\/www.facebook.com\/ZepEesti\" \/>\n<meta property=\"article:modified_time\" content=\"2025-07-01T00:24:11+00:00\" \/>\n<meta property=\"og:image\" content=\"https:\/\/zepestonia.com\/wp-content\/uploads\/2021\/12\/181-60ea338c204174-86928969-ZEP204520LIQUID.png\" \/>\n\t<meta property=\"og:image:width\" content=\"200\" \/>\n\t<meta property=\"og:image:height\" content=\"300\" \/>\n\t<meta property=\"og:image:type\" content=\"image\/png\" \/>\n<meta name=\"twitter:card\" content=\"summary_large_image\" \/>\n<script type=\"application\/ld+json\" class=\"yoast-schema-graph\">{\"@context\":\"https:\/\/schema.org\",\"@graph\":[{\"@type\":\"WebPage\",\"@id\":\"https:\/\/zepestonia.com\/en\/toode\/zep-45-nc-5l\/\",\"url\":\"https:\/\/zepestonia.com\/en\/toode\/zep-45-nc-5l\/\",\"name\":\"ZEP 45 NC 5L - Puhastav ja kaitsev \u00f5li I ZEP Eesti\",\"isPartOf\":{\"@id\":\"https:\/\/zepestonia.com\/en\/#website\"},\"primaryImageOfPage\":{\"@id\":\"https:\/\/zepestonia.com\/en\/toode\/zep-45-nc-5l\/#primaryimage\"},\"image\":{\"@id\":\"https:\/\/zepestonia.com\/en\/toode\/zep-45-nc-5l\/#primaryimage\"},\"thumbnailUrl\":\"https:\/\/zepestonia.com\/wp-content\/uploads\/2021\/12\/181-60ea338c204174-86928969-ZEP204520LIQUID.png\",\"datePublished\":\"2021-11-29T19:00:48+00:00\",\"dateModified\":\"2025-07-01T00:24:11+00:00\",\"description\":\"Tootes sisalduv Tefloni ja Vydax tungib kiiresti l\u00e4bi, vabastab mehaanilised osad rooste, korrosiooni ja kulumise eest. Ka poltide keeramiseks ja kaitsmiseks.\",\"breadcrumb\":{\"@id\":\"https:\/\/zepestonia.com\/en\/toode\/zep-45-nc-5l\/#breadcrumb\"},\"inLanguage\":\"en-US\",\"potentialAction\":[{\"@type\":\"ReadAction\",\"target\":[\"https:\/\/zepestonia.com\/en\/toode\/zep-45-nc-5l\/\"]}]},{\"@type\":\"ImageObject\",\"inLanguage\":\"en-US\",\"@id\":\"https:\/\/zepestonia.com\/en\/toode\/zep-45-nc-5l\/#primaryimage\",\"url\":\"https:\/\/zepestonia.com\/wp-content\/uploads\/2021\/12\/181-60ea338c204174-86928969-ZEP204520LIQUID.png\",\"contentUrl\":\"https:\/\/zepestonia.com\/wp-content\/uploads\/2021\/12\/181-60ea338c204174-86928969-ZEP204520LIQUID.png\",\"width\":200,\"height\":300,\"caption\":\"181-60ea338c204174-86928969-ZEP204520LIQUID\"},{\"@type\":\"BreadcrumbList\",\"@id\":\"https:\/\/zepestonia.com\/en\/toode\/zep-45-nc-5l\/#breadcrumb\",\"itemListElement\":[{\"@type\":\"ListItem\",\"position\":1,\"name\":\"Home\",\"item\":\"https:\/\/zepestonia.com\/en\/\"},{\"@type\":\"ListItem\",\"position\":2,\"name\":\"Shop\",\"item\":\"https:\/\/zepestonia.com\/en\/?page_id=4643\"},{\"@type\":\"ListItem\",\"position\":3,\"name\":\"ZEP 45 NC 5L &#8211; Puhastav ja kaitsev \u00f5li\"}]},{\"@type\":\"WebSite\",\"@id\":\"https:\/\/zepestonia.com\/en\/#website\",\"url\":\"https:\/\/zepestonia.com\/en\/\",\"name\":\"ZEP Eesti I Puhastusvahendid I E-pood\",\"description\":\"Pakume puhastus- ja hooldusprobleemidele efektiivseid keskkonnas\u00f5bralikke lahendusi!\",\"publisher\":{\"@id\":\"https:\/\/zepestonia.com\/en\/#organization\"},\"potentialAction\":[{\"@type\":\"SearchAction\",\"target\":{\"@type\":\"EntryPoint\",\"urlTemplate\":\"https:\/\/zepestonia.com\/en\/?s={search_term_string}\"},\"query-input\":{\"@type\":\"PropertyValueSpecification\",\"valueRequired\":true,\"valueName\":\"search_term_string\"}}],\"inLanguage\":\"en-US\"},{\"@type\":\"Organization\",\"@id\":\"https:\/\/zepestonia.com\/en\/#organization\",\"name\":\"Zep Estonia\",\"url\":\"https:\/\/zepestonia.com\/en\/\",\"logo\":{\"@type\":\"ImageObject\",\"inLanguage\":\"en-US\",\"@id\":\"https:\/\/zepestonia.com\/en\/#\/schema\/logo\/image\/\",\"url\":\"https:\/\/zepestonia.com\/wp-content\/uploads\/2022\/03\/Zep-Logo_png.jpeg\",\"contentUrl\":\"https:\/\/zepestonia.com\/wp-content\/uploads\/2022\/03\/Zep-Logo_png.jpeg\",\"width\":109,\"height\":70,\"caption\":\"Zep Estonia\"},\"image\":{\"@id\":\"https:\/\/zepestonia.com\/en\/#\/schema\/logo\/image\/\"},\"sameAs\":[\"https:\/\/www.facebook.com\/ZepEesti\"]}]}<\/script>\n<!-- \/ Yoast SEO plugin. -->","yoast_head_json":{"title":"ZEP 45 NC 5L - Puhastav ja kaitsev \u00f5li I ZEP Eesti","description":"Tootes sisalduv Tefloni ja Vydax tungib kiiresti l\u00e4bi, vabastab mehaanilised osad rooste, korrosiooni ja kulumise eest. Ka poltide keeramiseks ja kaitsmiseks.","robots":{"index":"index","follow":"follow","max-snippet":"max-snippet:-1","max-image-preview":"max-image-preview:large","max-video-preview":"max-video-preview:-1"},"canonical":"https:\/\/zepestonia.com\/en\/toode\/zep-45-nc-5l\/","og_locale":"en_US","og_type":"article","og_title":"ZEP 45 NC 5L - Puhastav ja kaitsev \u00f5li I ZEP Eesti","og_description":"Tootes sisalduv Tefloni ja Vydax tungib kiiresti l\u00e4bi, vabastab mehaanilised osad rooste, korrosiooni ja kulumise eest. Ka poltide keeramiseks ja kaitsmiseks.","og_url":"https:\/\/zepestonia.com\/en\/toode\/zep-45-nc-5l\/","og_site_name":"ZEP Eesti I Puhastusvahendid I E-pood","article_publisher":"https:\/\/www.facebook.com\/ZepEesti","article_modified_time":"2025-07-01T00:24:11+00:00","og_image":[{"width":200,"height":300,"url":"https:\/\/zepestonia.com\/wp-content\/uploads\/2021\/12\/181-60ea338c204174-86928969-ZEP204520LIQUID.png","type":"image\/png"}],"twitter_card":"summary_large_image","schema":{"@context":"https:\/\/schema.org","@graph":[{"@type":"WebPage","@id":"https:\/\/zepestonia.com\/en\/toode\/zep-45-nc-5l\/","url":"https:\/\/zepestonia.com\/en\/toode\/zep-45-nc-5l\/","name":"ZEP 45 NC 5L - Puhastav ja kaitsev \u00f5li I ZEP Eesti","isPartOf":{"@id":"https:\/\/zepestonia.com\/en\/#website"},"primaryImageOfPage":{"@id":"https:\/\/zepestonia.com\/en\/toode\/zep-45-nc-5l\/#primaryimage"},"image":{"@id":"https:\/\/zepestonia.com\/en\/toode\/zep-45-nc-5l\/#primaryimage"},"thumbnailUrl":"https:\/\/zepestonia.com\/wp-content\/uploads\/2021\/12\/181-60ea338c204174-86928969-ZEP204520LIQUID.png","datePublished":"2021-11-29T19:00:48+00:00","dateModified":"2025-07-01T00:24:11+00:00","description":"Tootes sisalduv Tefloni ja Vydax tungib kiiresti l\u00e4bi, vabastab mehaanilised osad rooste, korrosiooni ja kulumise eest. Ka poltide keeramiseks ja kaitsmiseks.","breadcrumb":{"@id":"https:\/\/zepestonia.com\/en\/toode\/zep-45-nc-5l\/#breadcrumb"},"inLanguage":"en-US","potentialAction":[{"@type":"ReadAction","target":["https:\/\/zepestonia.com\/en\/toode\/zep-45-nc-5l\/"]}]},{"@type":"ImageObject","inLanguage":"en-US","@id":"https:\/\/zepestonia.com\/en\/toode\/zep-45-nc-5l\/#primaryimage","url":"https:\/\/zepestonia.com\/wp-content\/uploads\/2021\/12\/181-60ea338c204174-86928969-ZEP204520LIQUID.png","contentUrl":"https:\/\/zepestonia.com\/wp-content\/uploads\/2021\/12\/181-60ea338c204174-86928969-ZEP204520LIQUID.png","width":200,"height":300,"caption":"181-60ea338c204174-86928969-ZEP204520LIQUID"},{"@type":"BreadcrumbList","@id":"https:\/\/zepestonia.com\/en\/toode\/zep-45-nc-5l\/#breadcrumb","itemListElement":[{"@type":"ListItem","position":1,"name":"Home","item":"https:\/\/zepestonia.com\/en\/"},{"@type":"ListItem","position":2,"name":"Shop","item":"https:\/\/zepestonia.com\/en\/?page_id=4643"},{"@type":"ListItem","position":3,"name":"ZEP 45 NC 5L &#8211; Puhastav ja kaitsev \u00f5li"}]},{"@type":"WebSite","@id":"https:\/\/zepestonia.com\/en\/#website","url":"https:\/\/zepestonia.com\/en\/","name":"ZEP Eesti I Puhastusvahendid I E-pood","description":"Pakume puhastus- ja hooldusprobleemidele efektiivseid keskkonnas\u00f5bralikke lahendusi!","publisher":{"@id":"https:\/\/zepestonia.com\/en\/#organization"},"potentialAction":[{"@type":"SearchAction","target":{"@type":"EntryPoint","urlTemplate":"https:\/\/zepestonia.com\/en\/?s={search_term_string}"},"query-input":{"@type":"PropertyValueSpecification","valueRequired":true,"valueName":"search_term_string"}}],"inLanguage":"en-US"},{"@type":"Organization","@id":"https:\/\/zepestonia.com\/en\/#organization","name":"Zep Estonia","url":"https:\/\/zepestonia.com\/en\/","logo":{"@type":"ImageObject","inLanguage":"en-US","@id":"https:\/\/zepestonia.com\/en\/#\/schema\/logo\/image\/","url":"https:\/\/zepestonia.com\/wp-content\/uploads\/2022\/03\/Zep-Logo_png.jpeg","contentUrl":"https:\/\/zepestonia.com\/wp-content\/uploads\/2022\/03\/Zep-Logo_png.jpeg","width":109,"height":70,"caption":"Zep Estonia"},"image":{"@id":"https:\/\/zepestonia.com\/en\/#\/schema\/logo\/image\/"},"sameAs":["https:\/\/www.facebook.com\/ZepEesti"]}]}},"_links":{"self":[{"href":"https:\/\/zepestonia.com\/en\/wp-json\/wp\/v2\/product\/3013","targetHints":{"allow":["GET"]}}],"collection":[{"href":"https:\/\/zepestonia.com\/en\/wp-json\/wp\/v2\/product"}],"about":[{"href":"https:\/\/zepestonia.com\/en\/wp-json\/wp\/v2\/types\/product"}],"replies":[{"embeddable":true,"href":"https:\/\/zepestonia.com\/en\/wp-json\/wp\/v2\/comments?post=3013"}],"version-history":[{"count":1,"href":"https:\/\/zepestonia.com\/en\/wp-json\/wp\/v2\/product\/3013\/revisions"}],"predecessor-version":[{"id":10390,"href":"https:\/\/zepestonia.com\/en\/wp-json\/wp\/v2\/product\/3013\/revisions\/10390"}],"wp:featuredmedia":[{"embeddable":true,"href":"https:\/\/zepestonia.com\/en\/wp-json\/wp\/v2\/media\/3683"}],"wp:attachment":[{"href":"https:\/\/zepestonia.com\/en\/wp-json\/wp\/v2\/media?parent=3013"}],"wp:term":[{"taxonomy":"product_brand","embeddable":true,"href":"https:\/\/zepestonia.com\/en\/wp-json\/wp\/v2\/product_brand?post=3013"},{"taxonomy":"product_cat","embeddable":true,"href":"https:\/\/zepestonia.com\/en\/wp-json\/wp\/v2\/product_cat?post=3013"},{"taxonomy":"product_tag","embeddable":true,"href":"https:\/\/zepestonia.com\/en\/wp-json\/wp\/v2\/product_tag?post=3013"}],"curies":[{"name":"wp","href":"https:\/\/api.w.org\/{rel}","templated":true}]}}