{"id":3005,"date":"2021-11-29T19:00:47","date_gmt":"2021-11-29T19:00:47","guid":{"rendered":"https:\/\/zep.valgekana.ee\/toode\/naturalle-5l\/"},"modified":"2026-03-11T00:00:06","modified_gmt":"2026-03-11T00:00:06","slug":"naturalle-5l","status":"publish","type":"product","link":"https:\/\/zepestonia.com\/en\/toode\/naturalle-5l\/","title":{"rendered":"Naturalle 5L &#8211; Bioloogiline puhastaja ja rasva eemaldaja"},"content":{"rendered":"<p><span style=\"font-size:14px\"><span class=\"markedContent\"><span dir=\"ltr\" role=\"presentation\" style=\"left: 71px;top: 278.261px;font-family: sans-serif\">K<\/span><span dir=\"ltr\" role=\"presentation\" style=\"left: 84.4px;top: 278.261px;font-family: sans-serif\">asuta<\/span><span dir=\"ltr\" role=\"presentation\" style=\"left: 133.44px;top: 278.261px;font-family: sans-serif\">miseks<\/span><span dir=\"ltr\" role=\"presentation\" style=\"left: 195.78px;top: 278.261px;font-family: sans-serif\"> <\/span><span dir=\"ltr\" role=\"presentation\" style=\"left: 207.033px;top: 278.261px;font-family: sans-serif\">p\u00f5randapuhast<\/span><span dir=\"ltr\" role=\"presentation\" style=\"left: 340.683px;top: 278.261px;font-family: sans-serif\">usmasinates,<\/span><span dir=\"ltr\" role=\"presentation\" style=\"left: 458.363px;top: 278.261px;font-family: sans-serif\"> <\/span><span dir=\"ltr\" role=\"presentation\" style=\"left: 469.683px;top: 278.261px;font-family: sans-serif\">k\u00e4sipesuks<\/span><span dir=\"ltr\" role=\"presentation\" style=\"left: 568.917px;top: 278.261px;font-family: sans-serif\">, pihustatavates<\/span><span dir=\"ltr\" role=\"presentation\" style=\"left: 714.797px;top: 278.261px;font-family: sans-serif\"> <\/span><span dir=\"ltr\" role=\"presentation\" style=\"left: 726.317px;top: 278.261px;font-family: sans-serif\">seadmetes:<\/span><\/span><\/span><\/p>\n<ul>\n<li><span style=\"font-size:14px\"><span class=\"markedContent\" id=\"page29R_mcid9\"><span dir=\"ltr\" role=\"presentation\" style=\"left: 80px;top: 400.461px;font-family: sans-serif\">Roostevabast terasest seadmed toiduainet\u00f6\u00f6stuses<\/span><\/span><span class=\"markedContent\" id=\"page29R_mcid10\"><span dir=\"ltr\" role=\"presentation\" style=\"left: 539px;top: 400.461px;font-family: sans-serif\">&nbsp;&nbsp; <\/span><span dir=\"ltr\" role=\"presentation\" style=\"left: 649.317px;top: 400.461px;font-family: sans-serif\">1<\/span><span dir=\"ltr\" role=\"presentation\" style=\"left: 660.517px;top: 400.461px;font-family: sans-serif\">&#8211;<\/span><span dir=\"ltr\" role=\"presentation\" style=\"left: 667.117px;top: 400.461px;font-family: sans-serif\">2%<\/span><\/span><\/span><\/li>\n<li><span style=\"font-size:14px\"><span class=\"markedContent\" id=\"page29R_mcid11\"><span dir=\"ltr\" role=\"presentation\" style=\"left: 80px;top: 430.061px;font-family: sans-serif\">T\u00f6\u00f6stuslikud p\u00f5randad<\/span><\/span><span class=\"markedContent\" id=\"page29R_mcid12\"><span dir=\"ltr\" role=\"presentation\" style=\"left: 282.38px;top: 430.061px;font-family: sans-serif\"> &nbsp; <\/span><span dir=\"ltr\" role=\"presentation\" style=\"left: 649.317px;top: 430.061px;font-family: sans-serif\">2%<\/span><\/span><\/span><\/li>\n<li><span style=\"font-size:14px\"><span class=\"markedContent\" id=\"page29R_mcid13\"><span dir=\"ltr\" role=\"presentation\" style=\"left: 80px;top: 457.511px;font-family: sans-serif\">Keraamika, plaadid, tsement, puit ja k\u00f5i<\/span><span dir=\"ltr\" role=\"presentation\" style=\"left: 429.283px;top: 457.511px;font-family: sans-serif\">k s\u00fcnteetilised pinnad<\/span><\/span><span class=\"markedContent\" id=\"page29R_mcid14\"><span dir=\"ltr\" role=\"presentation\" style=\"left: 621.443px;top: 457.511px;font-family: sans-serif\">&nbsp;&nbsp; <\/span><span dir=\"ltr\" role=\"presentation\" style=\"left: 649.317px;top: 457.511px;font-family: sans-serif\">1<\/span><span dir=\"ltr\" role=\"presentation\" style=\"left: 660.517px;top: 457.511px;font-family: sans-serif\">&#8211;<\/span><span dir=\"ltr\" role=\"presentation\" style=\"left: 667.117px;top: 457.511px;font-family: sans-serif\">2%<\/span><\/span><\/span><\/li>\n<li><span style=\"font-size:14px\"><span class=\"markedContent\" id=\"page29R_mcid15\"><span dir=\"ltr\" role=\"presentation\" style=\"left: 80px;top: 486.911px;font-family: sans-serif\">Vaibad (pihustatakse v\u00f5i kantakse k\u00e4sitsi peale)<\/span><\/span><span class=\"markedContent\" id=\"page29R_mcid16\"><span dir=\"ltr\" role=\"presentation\" style=\"left: 505.52px;top: 486.911px;font-family: sans-serif\">&nbsp;&nbsp; <\/span><span dir=\"ltr\" role=\"presentation\" style=\"left: 649.317px;top: 486.911px;font-family: sans-serif\">kuni 2%<\/span><\/span><\/span><\/li>\n<li><span style=\"font-size:14px\"><span class=\"markedContent\" id=\"page29R_mcid17\"><span dir=\"ltr\" role=\"presentation\" style=\"left: 80px;top: 516.511px;font-family: sans-serif\">Kroomitud pinnad<\/span><span dir=\"ltr\" role=\"presentation\" style=\"left: 237.033px;top: 516.511px;font-family: sans-serif\">, klaas<\/span><span dir=\"ltr\" role=\"presentation\" style=\"left: 294.613px;top: 516.511px;font-family: sans-serif\"> <\/span><span dir=\"ltr\" role=\"presentation\" style=\"left: 300.233px;top: 516.511px;font-family: sans-serif\">(pihustusseadmesse)<\/span><\/span><span class=\"markedContent\" id=\"page29R_mcid18\"><span dir=\"ltr\" role=\"presentation\" style=\"left: 490.173px;top: 516.511px;font-family: sans-serif\">&nbsp;&nbsp;&nbsp;&nbsp; <\/span><span dir=\"ltr\" role=\"presentation\" style=\"left: 649.317px;top: 516.511px;font-family: sans-serif\">kuni 1%<\/span><\/span><\/span><\/li>\n<li><span style=\"font-size:14px\"><span class=\"markedContent\" id=\"page29R_mcid19\"><span dir=\"ltr\" role=\"presentation\" style=\"left: 80px;top: 545.911px;font-family: sans-serif\">S\u00f5iduki interj\u00f6\u00f6rid (kangas, nahk, kunstnahk, vaibad)<\/span><\/span><span class=\"markedContent\" id=\"page29R_mcid20\"><span dir=\"ltr\" role=\"presentation\" style=\"left: 549.08px;top: 545.911px;font-family: sans-serif\">&nbsp;&nbsp; <\/span><span dir=\"ltr\" role=\"presentation\" style=\"left: 649.317px;top: 545.911px;font-family: sans-serif\">kuni 1%<\/span><\/span><\/span><\/li>\n<li><span style=\"font-size:14px\"><span class=\"markedContent\" id=\"page29R_mcid21\"><span dir=\"ltr\" role=\"presentation\" style=\"left: 80px;top: 573.311px;font-family: sans-serif\">Auto esiklaas ja esilaternad (efektiivne putukate va<\/span><span dir=\"ltr\" role=\"presentation\" style=\"left: 529.517px;top: 573.311px;font-family: sans-serif\">stu)<\/span><\/span><span class=\"markedContent\" id=\"page29R_mcid22\"><span dir=\"ltr\" role=\"presentation\" style=\"left: 562.757px;top: 573.311px;font-family: sans-serif\"> &nbsp; <\/span><span dir=\"ltr\" role=\"presentation\" style=\"left: 649.317px;top: 573.311px;font-family: sans-serif\">kuni 1%<\/span><span dir=\"ltr\" role=\"presentation\" style=\"left: 720.637px;top: 573.311px;font-family: sans-serif\"> <\/span><span dir=\"ltr\" role=\"presentation\" style=\"left: 726.317px;top: 573.311px;font-family: sans-serif\">lahus pihustisse<\/span><\/span><\/span><\/li>\n<li><span style=\"font-size:14px\"><span class=\"markedContent\" id=\"page29R_mcid23\"><span dir=\"ltr\" role=\"presentation\" style=\"left: 80px;top: 602.911px;font-family: sans-serif\">T\u00f6\u00f6stuslikud s\u00f5idukid (kasutada k\u00f5rgsurvepesuris)<\/span><\/span><span class=\"markedContent\" id=\"page29R_mcid24\"><span dir=\"ltr\" role=\"presentation\" style=\"left: 528.76px;top: 602.911px;font-family: sans-serif\">&nbsp;&nbsp; <\/span><span dir=\"ltr\" role=\"presentation\" style=\"left: 649.317px;top: 602.911px;font-family: sans-serif\">1<\/span><span dir=\"ltr\" role=\"presentation\" style=\"left: 660.517px;top: 602.911px;font-family: sans-serif\">&#8211;<\/span><span dir=\"ltr\" role=\"presentation\" style=\"left: 667.117px;top: 602.911px;font-family: sans-serif\">2% s\u00f5ltuvalt mustuse<\/span> <span dir=\"ltr\" role=\"presentation\" style=\"left: 649.317px;top: 625.911px;font-family: sans-serif\">astmest<\/span><\/span><\/span><\/li>\n<li><span style=\"font-size:14px\"><span class=\"markedContent\" id=\"page29R_mcid25\"><span dir=\"ltr\" role=\"presentation\" style=\"left: 80px;top: 649.711px;font-family: sans-serif\">Kaminaklaasid<\/span><\/span><span class=\"markedContent\" id=\"page29R_mcid26\"><span dir=\"ltr\" role=\"presentation\" style=\"left: 210px;top: 649.711px;font-family: sans-serif\">&nbsp;&nbsp; <\/span><span dir=\"ltr\" role=\"presentation\" style=\"left: 649.317px;top: 649.711px;font-family: sans-serif\">2%<\/span><\/span><\/span><\/li>\n<\/ul>\n<p><span style=\"font-size:14px\"><span class=\"markedContent\" id=\"page29R_mcid28\"><span dir=\"ltr\" role=\"presentation\" style=\"left: 71px;top: 700.311px;font-family: sans-serif\">P\u00e4rast pealekandmist t\u00fchjenda<\/span><span dir=\"ltr\" role=\"presentation\" style=\"left: 345.883px;top: 700.311px;font-family: sans-serif\">da<\/span><span dir=\"ltr\" role=\"presentation\" style=\"left: 368.003px;top: 700.311px;font-family: sans-serif\"> <\/span><span dir=\"ltr\" role=\"presentation\" style=\"left: 379.083px;top: 700.311px;font-family: sans-serif\">pe<\/span><span dir=\"ltr\" role=\"presentation\" style=\"left: 401.483px;top: 700.311px;font-family: sans-serif\">s<\/span><span dir=\"ltr\" role=\"presentation\" style=\"left: 411.483px;top: 700.311px;font-family: sans-serif\">ulahus<\/span><span dir=\"ltr\" role=\"presentation\" style=\"left: 470.403px;top: 700.311px;font-family: sans-serif\"> <\/span><span dir=\"ltr\" role=\"presentation\" style=\"left: 475.683px;top: 700.311px;font-family: sans-serif\">kanalis<\/span><span dir=\"ltr\" role=\"presentation\" style=\"left: 538.117px;top: 700.311px;font-family: sans-serif\">atsiooni<\/span><span dir=\"ltr\" role=\"presentation\" style=\"left: 607.117px;top: 700.311px;font-family: sans-serif\">, kus see t\u00e4idab oma<\/span> <span dir=\"ltr\" role=\"presentation\" style=\"left: 71px;top: 723.311px;font-family: sans-serif\">biolagundamise funktsiooni<\/span><span dir=\"ltr\" role=\"presentation\" style=\"left: 312.22px;top: 723.311px;font-family: sans-serif\"> <\/span><span dir=\"ltr\" role=\"presentation\" style=\"left: 317.883px;top: 723.311px;font-family: sans-serif\">edasi.<br \/>\npH 8,0<\/span><\/span><\/span><\/p>\n","protected":false},"excerpt":{"rendered":"<p>Sisaldab ens\u00fc\u00fcme, mis lagundavad mustuse ja rasva, tagades p\u00f5hjaliku puhastamise isegi poorsetel v\u00f5i ebakorrap\u00e4rastel pindadel.<br \/>\nTopeltaktsioon Pindaktiivsete ainete kohene puhastusv\u00f5ime j\u00f5ustub ens\u00fc\u00fcmide t\u00f5ttu.<br \/>\nLoputusvaba P\u00e4rast kasutamist ei ole vaja loputada.<br \/>\nOhutu pinnale Neutraalse pH t\u00f5ttu ei riku see t\u00f6\u00f6deldud pindu.<br \/>\nMeeldiv l\u00f5hn J\u00e4tab t\u00f6\u00f6deldavatele pindadele meeldiva v\u00e4rske l\u00f5hna.<br \/>\nOhutu Mittes\u00fcttiv, lahusti-, happe- ja leelisevaba, biolagundatavus &gt;\/- 95 %.<br \/>\nToiduainet\u00f6\u00f6stused, restoranid ja baarid, kohvikud, kiirtoidurestoranid, koolid, lennujaamad, autoparklad, garaa\u017eid, tanklad, autopesulad, puhastus- ja hooldusteenused jne. Bakteriaalne aktiivsus takistab halbade l\u00f5hnade v\u00f5i ummistuste teket kanalites ja kanalisatsioonides. <\/p>\n","protected":false},"featured_media":3607,"comment_status":"closed","ping_status":"closed","template":"","meta":[],"product_brand":[],"product_cat":[195],"product_tag":[],"class_list":{"0":"post-3005","1":"product","2":"type-product","3":"status-publish","4":"has-post-thumbnail","6":"product_cat-hooldus","8":"first","9":"instock","10":"taxable","11":"shipping-taxable","12":"purchasable","13":"product-type-simple"},"yoast_head":"<!-- This site is optimized with the Yoast SEO plugin v26.5 - https:\/\/yoast.com\/wordpress\/plugins\/seo\/ -->\n<title>Naturalle 5L - Bioloogiline puhastaja ja rasva eemaldaja I ZEP Eesti<\/title>\n<meta name=\"description\" content=\"Sisaldab ens\u00fc\u00fcme, mis lagundavad mustuse ja rasva, tagades p\u00f5hjaliku puhastamise isegi poorsetel v\u00f5i ebakorrap\u00e4rastel pindadel. Loputusvaba ja ohutu pinnale.\" \/>\n<meta name=\"robots\" content=\"index, follow, max-snippet:-1, max-image-preview:large, max-video-preview:-1\" \/>\n<link rel=\"canonical\" href=\"https:\/\/zepestonia.com\/en\/toode\/naturalle-5l\/\" \/>\n<meta property=\"og:locale\" content=\"en_US\" \/>\n<meta property=\"og:type\" content=\"article\" \/>\n<meta property=\"og:title\" content=\"Naturalle 5L - Bioloogiline puhastaja ja rasva eemaldaja I ZEP Eesti\" \/>\n<meta property=\"og:description\" content=\"Sisaldab ens\u00fc\u00fcme, mis lagundavad mustuse ja rasva, tagades p\u00f5hjaliku puhastamise isegi poorsetel v\u00f5i ebakorrap\u00e4rastel pindadel. Loputusvaba ja ohutu pinnale.\" \/>\n<meta property=\"og:url\" content=\"https:\/\/zepestonia.com\/en\/toode\/naturalle-5l\/\" \/>\n<meta property=\"og:site_name\" content=\"ZEP Eesti I Puhastusvahendid I E-pood\" \/>\n<meta property=\"article:publisher\" content=\"https:\/\/www.facebook.com\/ZepEesti\" \/>\n<meta property=\"article:modified_time\" content=\"2026-03-11T00:00:06+00:00\" \/>\n<meta property=\"og:image\" content=\"https:\/\/zepestonia.com\/wp-content\/uploads\/2021\/12\/119-60e1198c0485b5-84942666-NATURALLE.png\" \/>\n\t<meta property=\"og:image:width\" content=\"400\" \/>\n\t<meta property=\"og:image:height\" content=\"600\" \/>\n\t<meta property=\"og:image:type\" content=\"image\/png\" \/>\n<meta name=\"twitter:card\" content=\"summary_large_image\" \/>\n<meta name=\"twitter:label1\" content=\"Est. reading time\" \/>\n\t<meta name=\"twitter:data1\" content=\"1 minute\" \/>\n<script type=\"application\/ld+json\" class=\"yoast-schema-graph\">{\"@context\":\"https:\/\/schema.org\",\"@graph\":[{\"@type\":\"WebPage\",\"@id\":\"https:\/\/zepestonia.com\/en\/toode\/naturalle-5l\/\",\"url\":\"https:\/\/zepestonia.com\/en\/toode\/naturalle-5l\/\",\"name\":\"Naturalle 5L - Bioloogiline puhastaja ja rasva eemaldaja I ZEP Eesti\",\"isPartOf\":{\"@id\":\"https:\/\/zepestonia.com\/en\/#website\"},\"primaryImageOfPage\":{\"@id\":\"https:\/\/zepestonia.com\/en\/toode\/naturalle-5l\/#primaryimage\"},\"image\":{\"@id\":\"https:\/\/zepestonia.com\/en\/toode\/naturalle-5l\/#primaryimage\"},\"thumbnailUrl\":\"https:\/\/zepestonia.com\/wp-content\/uploads\/2021\/12\/119-60e1198c0485b5-84942666-NATURALLE.png\",\"datePublished\":\"2021-11-29T19:00:47+00:00\",\"dateModified\":\"2026-03-11T00:00:06+00:00\",\"description\":\"Sisaldab ens\u00fc\u00fcme, mis lagundavad mustuse ja rasva, tagades p\u00f5hjaliku puhastamise isegi poorsetel v\u00f5i ebakorrap\u00e4rastel pindadel. Loputusvaba ja ohutu pinnale.\",\"breadcrumb\":{\"@id\":\"https:\/\/zepestonia.com\/en\/toode\/naturalle-5l\/#breadcrumb\"},\"inLanguage\":\"en-US\",\"potentialAction\":[{\"@type\":\"ReadAction\",\"target\":[\"https:\/\/zepestonia.com\/en\/toode\/naturalle-5l\/\"]}]},{\"@type\":\"ImageObject\",\"inLanguage\":\"en-US\",\"@id\":\"https:\/\/zepestonia.com\/en\/toode\/naturalle-5l\/#primaryimage\",\"url\":\"https:\/\/zepestonia.com\/wp-content\/uploads\/2021\/12\/119-60e1198c0485b5-84942666-NATURALLE.png\",\"contentUrl\":\"https:\/\/zepestonia.com\/wp-content\/uploads\/2021\/12\/119-60e1198c0485b5-84942666-NATURALLE.png\",\"width\":400,\"height\":600,\"caption\":\"119-60e1198c0485b5-84942666-NATURALLE\"},{\"@type\":\"BreadcrumbList\",\"@id\":\"https:\/\/zepestonia.com\/en\/toode\/naturalle-5l\/#breadcrumb\",\"itemListElement\":[{\"@type\":\"ListItem\",\"position\":1,\"name\":\"Home\",\"item\":\"https:\/\/zepestonia.com\/en\/\"},{\"@type\":\"ListItem\",\"position\":2,\"name\":\"Shop\",\"item\":\"https:\/\/zepestonia.com\/en\/?page_id=4643\"},{\"@type\":\"ListItem\",\"position\":3,\"name\":\"Naturalle 5L &#8211; Bioloogiline puhastaja ja rasva eemaldaja\"}]},{\"@type\":\"WebSite\",\"@id\":\"https:\/\/zepestonia.com\/en\/#website\",\"url\":\"https:\/\/zepestonia.com\/en\/\",\"name\":\"ZEP Eesti I Puhastusvahendid I E-pood\",\"description\":\"Pakume puhastus- ja hooldusprobleemidele efektiivseid keskkonnas\u00f5bralikke lahendusi!\",\"publisher\":{\"@id\":\"https:\/\/zepestonia.com\/en\/#organization\"},\"potentialAction\":[{\"@type\":\"SearchAction\",\"target\":{\"@type\":\"EntryPoint\",\"urlTemplate\":\"https:\/\/zepestonia.com\/en\/?s={search_term_string}\"},\"query-input\":{\"@type\":\"PropertyValueSpecification\",\"valueRequired\":true,\"valueName\":\"search_term_string\"}}],\"inLanguage\":\"en-US\"},{\"@type\":\"Organization\",\"@id\":\"https:\/\/zepestonia.com\/en\/#organization\",\"name\":\"Zep Estonia\",\"url\":\"https:\/\/zepestonia.com\/en\/\",\"logo\":{\"@type\":\"ImageObject\",\"inLanguage\":\"en-US\",\"@id\":\"https:\/\/zepestonia.com\/en\/#\/schema\/logo\/image\/\",\"url\":\"https:\/\/zepestonia.com\/wp-content\/uploads\/2022\/03\/Zep-Logo_png.jpeg\",\"contentUrl\":\"https:\/\/zepestonia.com\/wp-content\/uploads\/2022\/03\/Zep-Logo_png.jpeg\",\"width\":109,\"height\":70,\"caption\":\"Zep Estonia\"},\"image\":{\"@id\":\"https:\/\/zepestonia.com\/en\/#\/schema\/logo\/image\/\"},\"sameAs\":[\"https:\/\/www.facebook.com\/ZepEesti\"]}]}<\/script>\n<!-- \/ Yoast SEO plugin. -->","yoast_head_json":{"title":"Naturalle 5L - Bioloogiline puhastaja ja rasva eemaldaja I ZEP Eesti","description":"Sisaldab ens\u00fc\u00fcme, mis lagundavad mustuse ja rasva, tagades p\u00f5hjaliku puhastamise isegi poorsetel v\u00f5i ebakorrap\u00e4rastel pindadel. Loputusvaba ja ohutu pinnale.","robots":{"index":"index","follow":"follow","max-snippet":"max-snippet:-1","max-image-preview":"max-image-preview:large","max-video-preview":"max-video-preview:-1"},"canonical":"https:\/\/zepestonia.com\/en\/toode\/naturalle-5l\/","og_locale":"en_US","og_type":"article","og_title":"Naturalle 5L - Bioloogiline puhastaja ja rasva eemaldaja I ZEP Eesti","og_description":"Sisaldab ens\u00fc\u00fcme, mis lagundavad mustuse ja rasva, tagades p\u00f5hjaliku puhastamise isegi poorsetel v\u00f5i ebakorrap\u00e4rastel pindadel. Loputusvaba ja ohutu pinnale.","og_url":"https:\/\/zepestonia.com\/en\/toode\/naturalle-5l\/","og_site_name":"ZEP Eesti I Puhastusvahendid I E-pood","article_publisher":"https:\/\/www.facebook.com\/ZepEesti","article_modified_time":"2026-03-11T00:00:06+00:00","og_image":[{"width":400,"height":600,"url":"https:\/\/zepestonia.com\/wp-content\/uploads\/2021\/12\/119-60e1198c0485b5-84942666-NATURALLE.png","type":"image\/png"}],"twitter_card":"summary_large_image","twitter_misc":{"Est. reading time":"1 minute"},"schema":{"@context":"https:\/\/schema.org","@graph":[{"@type":"WebPage","@id":"https:\/\/zepestonia.com\/en\/toode\/naturalle-5l\/","url":"https:\/\/zepestonia.com\/en\/toode\/naturalle-5l\/","name":"Naturalle 5L - Bioloogiline puhastaja ja rasva eemaldaja I ZEP Eesti","isPartOf":{"@id":"https:\/\/zepestonia.com\/en\/#website"},"primaryImageOfPage":{"@id":"https:\/\/zepestonia.com\/en\/toode\/naturalle-5l\/#primaryimage"},"image":{"@id":"https:\/\/zepestonia.com\/en\/toode\/naturalle-5l\/#primaryimage"},"thumbnailUrl":"https:\/\/zepestonia.com\/wp-content\/uploads\/2021\/12\/119-60e1198c0485b5-84942666-NATURALLE.png","datePublished":"2021-11-29T19:00:47+00:00","dateModified":"2026-03-11T00:00:06+00:00","description":"Sisaldab ens\u00fc\u00fcme, mis lagundavad mustuse ja rasva, tagades p\u00f5hjaliku puhastamise isegi poorsetel v\u00f5i ebakorrap\u00e4rastel pindadel. Loputusvaba ja ohutu pinnale.","breadcrumb":{"@id":"https:\/\/zepestonia.com\/en\/toode\/naturalle-5l\/#breadcrumb"},"inLanguage":"en-US","potentialAction":[{"@type":"ReadAction","target":["https:\/\/zepestonia.com\/en\/toode\/naturalle-5l\/"]}]},{"@type":"ImageObject","inLanguage":"en-US","@id":"https:\/\/zepestonia.com\/en\/toode\/naturalle-5l\/#primaryimage","url":"https:\/\/zepestonia.com\/wp-content\/uploads\/2021\/12\/119-60e1198c0485b5-84942666-NATURALLE.png","contentUrl":"https:\/\/zepestonia.com\/wp-content\/uploads\/2021\/12\/119-60e1198c0485b5-84942666-NATURALLE.png","width":400,"height":600,"caption":"119-60e1198c0485b5-84942666-NATURALLE"},{"@type":"BreadcrumbList","@id":"https:\/\/zepestonia.com\/en\/toode\/naturalle-5l\/#breadcrumb","itemListElement":[{"@type":"ListItem","position":1,"name":"Home","item":"https:\/\/zepestonia.com\/en\/"},{"@type":"ListItem","position":2,"name":"Shop","item":"https:\/\/zepestonia.com\/en\/?page_id=4643"},{"@type":"ListItem","position":3,"name":"Naturalle 5L &#8211; Bioloogiline puhastaja ja rasva eemaldaja"}]},{"@type":"WebSite","@id":"https:\/\/zepestonia.com\/en\/#website","url":"https:\/\/zepestonia.com\/en\/","name":"ZEP Eesti I Puhastusvahendid I E-pood","description":"Pakume puhastus- ja hooldusprobleemidele efektiivseid keskkonnas\u00f5bralikke lahendusi!","publisher":{"@id":"https:\/\/zepestonia.com\/en\/#organization"},"potentialAction":[{"@type":"SearchAction","target":{"@type":"EntryPoint","urlTemplate":"https:\/\/zepestonia.com\/en\/?s={search_term_string}"},"query-input":{"@type":"PropertyValueSpecification","valueRequired":true,"valueName":"search_term_string"}}],"inLanguage":"en-US"},{"@type":"Organization","@id":"https:\/\/zepestonia.com\/en\/#organization","name":"Zep Estonia","url":"https:\/\/zepestonia.com\/en\/","logo":{"@type":"ImageObject","inLanguage":"en-US","@id":"https:\/\/zepestonia.com\/en\/#\/schema\/logo\/image\/","url":"https:\/\/zepestonia.com\/wp-content\/uploads\/2022\/03\/Zep-Logo_png.jpeg","contentUrl":"https:\/\/zepestonia.com\/wp-content\/uploads\/2022\/03\/Zep-Logo_png.jpeg","width":109,"height":70,"caption":"Zep Estonia"},"image":{"@id":"https:\/\/zepestonia.com\/en\/#\/schema\/logo\/image\/"},"sameAs":["https:\/\/www.facebook.com\/ZepEesti"]}]}},"_links":{"self":[{"href":"https:\/\/zepestonia.com\/en\/wp-json\/wp\/v2\/product\/3005","targetHints":{"allow":["GET"]}}],"collection":[{"href":"https:\/\/zepestonia.com\/en\/wp-json\/wp\/v2\/product"}],"about":[{"href":"https:\/\/zepestonia.com\/en\/wp-json\/wp\/v2\/types\/product"}],"replies":[{"embeddable":true,"href":"https:\/\/zepestonia.com\/en\/wp-json\/wp\/v2\/comments?post=3005"}],"version-history":[{"count":2,"href":"https:\/\/zepestonia.com\/en\/wp-json\/wp\/v2\/product\/3005\/revisions"}],"predecessor-version":[{"id":11222,"href":"https:\/\/zepestonia.com\/en\/wp-json\/wp\/v2\/product\/3005\/revisions\/11222"}],"wp:featuredmedia":[{"embeddable":true,"href":"https:\/\/zepestonia.com\/en\/wp-json\/wp\/v2\/media\/3607"}],"wp:attachment":[{"href":"https:\/\/zepestonia.com\/en\/wp-json\/wp\/v2\/media?parent=3005"}],"wp:term":[{"taxonomy":"product_brand","embeddable":true,"href":"https:\/\/zepestonia.com\/en\/wp-json\/wp\/v2\/product_brand?post=3005"},{"taxonomy":"product_cat","embeddable":true,"href":"https:\/\/zepestonia.com\/en\/wp-json\/wp\/v2\/product_cat?post=3005"},{"taxonomy":"product_tag","embeddable":true,"href":"https:\/\/zepestonia.com\/en\/wp-json\/wp\/v2\/product_tag?post=3005"}],"curies":[{"name":"wp","href":"https:\/\/api.w.org\/{rel}","templated":true}]}}