{"id":3004,"date":"2021-11-29T19:00:47","date_gmt":"2021-11-29T19:00:47","guid":{"rendered":"https:\/\/zep.valgekana.ee\/toode\/aqua-sacs\/"},"modified":"2025-07-01T00:23:49","modified_gmt":"2025-07-01T00:23:49","slug":"aqua-sacs","status":"publish","type":"product","link":"https:\/\/zepestonia.com\/en\/toode\/aqua-sacs\/","title":{"rendered":"AQUA SACS &#8211; Iset\u00e4ituv kott \u00fcleujutuste t\u00f5rjeks"},"content":{"rendered":"<ul>\n<li>Kotte kasutatakse \u00fcleujutuse t\u00f5rjeks sarnaselt traditsiooniliste liivakottidega.<\/li>\n<li>T\u00e4itunud kotid sisaldavad SAP-i imendunud vett.<\/li>\n<li>V\u00f5rreldes traditsiooniliste liivakottidega on need kergemad ja h\u00f5lpsamini k\u00e4sitsetavad.<\/li>\n<li>Veevoolu \u00fcmbersuunamiseks v\u00f5ib tammi moodustamiseks kasutada mitmeid kotte.<\/li>\n<li>Kotte tuleks t\u00e4ita ainult v\u00e4rskes vees.<\/li>\n<li>Saab kasutada loodevetes \u00fcleujutuse eest kaitsmiseks, kuid seda ei tohi mereveega t\u00e4ita<\/li>\n<\/ul>\n<p>M\u00f5\u00f5dud:<\/p>\n<ul>\n<li>Kuiva koti m\u00f5\u00f5dud (pikkus X laius) 60 cm X 37 cm<\/li>\n<li>Kaal p\u00e4rast t\u00e4itumist 13 kg<\/li>\n<li>Kuiva koti kaal 0,4 kg<\/li>\n<li>M\u00f5\u00f5tmed p\u00e4rast t\u00e4itumist (pikkus X laius) 54 cm X 31 cm<\/li>\n<li>K\u00f5rgus, p\u00e4rast t\u00e4itumist 10,5 cm<\/li>\n<\/ul>\n","protected":false},"excerpt":{"rendered":"<p>P\u00e4rast 3-5-minutilist vees leotamist paisub kott oma esialgsest suurusest \u00fcle 30-korra.<br \/>\n P\u00e4rast t\u00e4itumist saab kotti kasutada \u00fcleujutuse t\u00f5kestamiseks, nt. tammide ehitamisel.<br \/>\nEnne kasutamist tutvuda kasutusjuhendiga.<br \/>\nTehnilised andmed ja t\u00fc\u00fcpilised omadused on toodud allpool.<br \/>\nKotid tarnitakse kaitse\u00fcmbrises ja neid v\u00f5ib kuivades tingimustes s\u00e4ilitada 5 aastat.<\/p>\n","protected":false},"featured_media":3896,"comment_status":"closed","ping_status":"closed","template":"","meta":[],"product_brand":[],"product_cat":[204],"product_tag":[],"class_list":{"0":"post-3004","1":"product","2":"type-product","3":"status-publish","4":"has-post-thumbnail","6":"product_cat-keskkond","8":"first","9":"instock","10":"taxable","11":"shipping-taxable","12":"purchasable","13":"product-type-simple"},"yoast_head":"<!-- This site is optimized with the Yoast SEO plugin v26.5 - https:\/\/yoast.com\/wordpress\/plugins\/seo\/ -->\n<title>AQUA SACS - Iset\u00e4ituv kott \u00fcleujutuste t\u00f5rjeks I ZEP Eesti<\/title>\n<meta name=\"description\" content=\"P\u00e4rast 3-5-minutilist vees leotamist paisub kott oma esialgsest suurusest \u00fcle 30-korra. Kotti on m\u00f5eldud kasutada \u00fcleujutuse t\u00f5kestamiseks, tammide ehitamiseks.\" \/>\n<meta name=\"robots\" content=\"index, follow, max-snippet:-1, max-image-preview:large, max-video-preview:-1\" \/>\n<link rel=\"canonical\" href=\"https:\/\/zepestonia.com\/en\/toode\/aqua-sacs\/\" \/>\n<meta property=\"og:locale\" content=\"en_US\" \/>\n<meta property=\"og:type\" content=\"article\" \/>\n<meta property=\"og:title\" content=\"AQUA SACS - Iset\u00e4ituv kott \u00fcleujutuste t\u00f5rjeks I ZEP Eesti\" \/>\n<meta property=\"og:description\" content=\"P\u00e4rast 3-5-minutilist vees leotamist paisub kott oma esialgsest suurusest \u00fcle 30-korra. Kotti on m\u00f5eldud kasutada \u00fcleujutuse t\u00f5kestamiseks, tammide ehitamiseks.\" \/>\n<meta property=\"og:url\" content=\"https:\/\/zepestonia.com\/en\/toode\/aqua-sacs\/\" \/>\n<meta property=\"og:site_name\" content=\"ZEP Eesti I Puhastusvahendid I E-pood\" \/>\n<meta property=\"article:publisher\" content=\"https:\/\/www.facebook.com\/ZepEesti\" \/>\n<meta property=\"article:modified_time\" content=\"2025-07-01T00:23:49+00:00\" \/>\n<meta property=\"og:image\" content=\"https:\/\/zepestonia.com\/wp-content\/uploads\/2021\/12\/646-60b99226c0b149-53124773-AQUA-SAC.png\" \/>\n\t<meta property=\"og:image:width\" content=\"400\" \/>\n\t<meta property=\"og:image:height\" content=\"600\" \/>\n\t<meta property=\"og:image:type\" content=\"image\/png\" \/>\n<meta name=\"twitter:card\" content=\"summary_large_image\" \/>\n<script type=\"application\/ld+json\" class=\"yoast-schema-graph\">{\"@context\":\"https:\/\/schema.org\",\"@graph\":[{\"@type\":\"WebPage\",\"@id\":\"https:\/\/zepestonia.com\/en\/toode\/aqua-sacs\/\",\"url\":\"https:\/\/zepestonia.com\/en\/toode\/aqua-sacs\/\",\"name\":\"AQUA SACS - Iset\u00e4ituv kott \u00fcleujutuste t\u00f5rjeks I ZEP Eesti\",\"isPartOf\":{\"@id\":\"https:\/\/zepestonia.com\/en\/#website\"},\"primaryImageOfPage\":{\"@id\":\"https:\/\/zepestonia.com\/en\/toode\/aqua-sacs\/#primaryimage\"},\"image\":{\"@id\":\"https:\/\/zepestonia.com\/en\/toode\/aqua-sacs\/#primaryimage\"},\"thumbnailUrl\":\"https:\/\/zepestonia.com\/wp-content\/uploads\/2021\/12\/646-60b99226c0b149-53124773-AQUA-SAC.png\",\"datePublished\":\"2021-11-29T19:00:47+00:00\",\"dateModified\":\"2025-07-01T00:23:49+00:00\",\"description\":\"P\u00e4rast 3-5-minutilist vees leotamist paisub kott oma esialgsest suurusest \u00fcle 30-korra. Kotti on m\u00f5eldud kasutada \u00fcleujutuse t\u00f5kestamiseks, tammide ehitamiseks.\",\"breadcrumb\":{\"@id\":\"https:\/\/zepestonia.com\/en\/toode\/aqua-sacs\/#breadcrumb\"},\"inLanguage\":\"en-US\",\"potentialAction\":[{\"@type\":\"ReadAction\",\"target\":[\"https:\/\/zepestonia.com\/en\/toode\/aqua-sacs\/\"]}]},{\"@type\":\"ImageObject\",\"inLanguage\":\"en-US\",\"@id\":\"https:\/\/zepestonia.com\/en\/toode\/aqua-sacs\/#primaryimage\",\"url\":\"https:\/\/zepestonia.com\/wp-content\/uploads\/2021\/12\/646-60b99226c0b149-53124773-AQUA-SAC.png\",\"contentUrl\":\"https:\/\/zepestonia.com\/wp-content\/uploads\/2021\/12\/646-60b99226c0b149-53124773-AQUA-SAC.png\",\"width\":400,\"height\":600,\"caption\":\"646-60b99226c0b149-53124773-AQUA-SAC\"},{\"@type\":\"BreadcrumbList\",\"@id\":\"https:\/\/zepestonia.com\/en\/toode\/aqua-sacs\/#breadcrumb\",\"itemListElement\":[{\"@type\":\"ListItem\",\"position\":1,\"name\":\"Home\",\"item\":\"https:\/\/zepestonia.com\/en\/\"},{\"@type\":\"ListItem\",\"position\":2,\"name\":\"Shop\",\"item\":\"https:\/\/zepestonia.com\/en\/?page_id=4643\"},{\"@type\":\"ListItem\",\"position\":3,\"name\":\"AQUA SACS &#8211; Iset\u00e4ituv kott \u00fcleujutuste t\u00f5rjeks\"}]},{\"@type\":\"WebSite\",\"@id\":\"https:\/\/zepestonia.com\/en\/#website\",\"url\":\"https:\/\/zepestonia.com\/en\/\",\"name\":\"ZEP Eesti I Puhastusvahendid I E-pood\",\"description\":\"Pakume puhastus- ja hooldusprobleemidele efektiivseid keskkonnas\u00f5bralikke lahendusi!\",\"publisher\":{\"@id\":\"https:\/\/zepestonia.com\/en\/#organization\"},\"potentialAction\":[{\"@type\":\"SearchAction\",\"target\":{\"@type\":\"EntryPoint\",\"urlTemplate\":\"https:\/\/zepestonia.com\/en\/?s={search_term_string}\"},\"query-input\":{\"@type\":\"PropertyValueSpecification\",\"valueRequired\":true,\"valueName\":\"search_term_string\"}}],\"inLanguage\":\"en-US\"},{\"@type\":\"Organization\",\"@id\":\"https:\/\/zepestonia.com\/en\/#organization\",\"name\":\"Zep Estonia\",\"url\":\"https:\/\/zepestonia.com\/en\/\",\"logo\":{\"@type\":\"ImageObject\",\"inLanguage\":\"en-US\",\"@id\":\"https:\/\/zepestonia.com\/en\/#\/schema\/logo\/image\/\",\"url\":\"https:\/\/zepestonia.com\/wp-content\/uploads\/2022\/03\/Zep-Logo_png.jpeg\",\"contentUrl\":\"https:\/\/zepestonia.com\/wp-content\/uploads\/2022\/03\/Zep-Logo_png.jpeg\",\"width\":109,\"height\":70,\"caption\":\"Zep Estonia\"},\"image\":{\"@id\":\"https:\/\/zepestonia.com\/en\/#\/schema\/logo\/image\/\"},\"sameAs\":[\"https:\/\/www.facebook.com\/ZepEesti\"]}]}<\/script>\n<!-- \/ Yoast SEO plugin. -->","yoast_head_json":{"title":"AQUA SACS - Iset\u00e4ituv kott \u00fcleujutuste t\u00f5rjeks I ZEP Eesti","description":"P\u00e4rast 3-5-minutilist vees leotamist paisub kott oma esialgsest suurusest \u00fcle 30-korra. Kotti on m\u00f5eldud kasutada \u00fcleujutuse t\u00f5kestamiseks, tammide ehitamiseks.","robots":{"index":"index","follow":"follow","max-snippet":"max-snippet:-1","max-image-preview":"max-image-preview:large","max-video-preview":"max-video-preview:-1"},"canonical":"https:\/\/zepestonia.com\/en\/toode\/aqua-sacs\/","og_locale":"en_US","og_type":"article","og_title":"AQUA SACS - Iset\u00e4ituv kott \u00fcleujutuste t\u00f5rjeks I ZEP Eesti","og_description":"P\u00e4rast 3-5-minutilist vees leotamist paisub kott oma esialgsest suurusest \u00fcle 30-korra. Kotti on m\u00f5eldud kasutada \u00fcleujutuse t\u00f5kestamiseks, tammide ehitamiseks.","og_url":"https:\/\/zepestonia.com\/en\/toode\/aqua-sacs\/","og_site_name":"ZEP Eesti I Puhastusvahendid I E-pood","article_publisher":"https:\/\/www.facebook.com\/ZepEesti","article_modified_time":"2025-07-01T00:23:49+00:00","og_image":[{"width":400,"height":600,"url":"https:\/\/zepestonia.com\/wp-content\/uploads\/2021\/12\/646-60b99226c0b149-53124773-AQUA-SAC.png","type":"image\/png"}],"twitter_card":"summary_large_image","schema":{"@context":"https:\/\/schema.org","@graph":[{"@type":"WebPage","@id":"https:\/\/zepestonia.com\/en\/toode\/aqua-sacs\/","url":"https:\/\/zepestonia.com\/en\/toode\/aqua-sacs\/","name":"AQUA SACS - Iset\u00e4ituv kott \u00fcleujutuste t\u00f5rjeks I ZEP Eesti","isPartOf":{"@id":"https:\/\/zepestonia.com\/en\/#website"},"primaryImageOfPage":{"@id":"https:\/\/zepestonia.com\/en\/toode\/aqua-sacs\/#primaryimage"},"image":{"@id":"https:\/\/zepestonia.com\/en\/toode\/aqua-sacs\/#primaryimage"},"thumbnailUrl":"https:\/\/zepestonia.com\/wp-content\/uploads\/2021\/12\/646-60b99226c0b149-53124773-AQUA-SAC.png","datePublished":"2021-11-29T19:00:47+00:00","dateModified":"2025-07-01T00:23:49+00:00","description":"P\u00e4rast 3-5-minutilist vees leotamist paisub kott oma esialgsest suurusest \u00fcle 30-korra. Kotti on m\u00f5eldud kasutada \u00fcleujutuse t\u00f5kestamiseks, tammide ehitamiseks.","breadcrumb":{"@id":"https:\/\/zepestonia.com\/en\/toode\/aqua-sacs\/#breadcrumb"},"inLanguage":"en-US","potentialAction":[{"@type":"ReadAction","target":["https:\/\/zepestonia.com\/en\/toode\/aqua-sacs\/"]}]},{"@type":"ImageObject","inLanguage":"en-US","@id":"https:\/\/zepestonia.com\/en\/toode\/aqua-sacs\/#primaryimage","url":"https:\/\/zepestonia.com\/wp-content\/uploads\/2021\/12\/646-60b99226c0b149-53124773-AQUA-SAC.png","contentUrl":"https:\/\/zepestonia.com\/wp-content\/uploads\/2021\/12\/646-60b99226c0b149-53124773-AQUA-SAC.png","width":400,"height":600,"caption":"646-60b99226c0b149-53124773-AQUA-SAC"},{"@type":"BreadcrumbList","@id":"https:\/\/zepestonia.com\/en\/toode\/aqua-sacs\/#breadcrumb","itemListElement":[{"@type":"ListItem","position":1,"name":"Home","item":"https:\/\/zepestonia.com\/en\/"},{"@type":"ListItem","position":2,"name":"Shop","item":"https:\/\/zepestonia.com\/en\/?page_id=4643"},{"@type":"ListItem","position":3,"name":"AQUA SACS &#8211; Iset\u00e4ituv kott \u00fcleujutuste t\u00f5rjeks"}]},{"@type":"WebSite","@id":"https:\/\/zepestonia.com\/en\/#website","url":"https:\/\/zepestonia.com\/en\/","name":"ZEP Eesti I Puhastusvahendid I E-pood","description":"Pakume puhastus- ja hooldusprobleemidele efektiivseid keskkonnas\u00f5bralikke lahendusi!","publisher":{"@id":"https:\/\/zepestonia.com\/en\/#organization"},"potentialAction":[{"@type":"SearchAction","target":{"@type":"EntryPoint","urlTemplate":"https:\/\/zepestonia.com\/en\/?s={search_term_string}"},"query-input":{"@type":"PropertyValueSpecification","valueRequired":true,"valueName":"search_term_string"}}],"inLanguage":"en-US"},{"@type":"Organization","@id":"https:\/\/zepestonia.com\/en\/#organization","name":"Zep Estonia","url":"https:\/\/zepestonia.com\/en\/","logo":{"@type":"ImageObject","inLanguage":"en-US","@id":"https:\/\/zepestonia.com\/en\/#\/schema\/logo\/image\/","url":"https:\/\/zepestonia.com\/wp-content\/uploads\/2022\/03\/Zep-Logo_png.jpeg","contentUrl":"https:\/\/zepestonia.com\/wp-content\/uploads\/2022\/03\/Zep-Logo_png.jpeg","width":109,"height":70,"caption":"Zep Estonia"},"image":{"@id":"https:\/\/zepestonia.com\/en\/#\/schema\/logo\/image\/"},"sameAs":["https:\/\/www.facebook.com\/ZepEesti"]}]}},"_links":{"self":[{"href":"https:\/\/zepestonia.com\/en\/wp-json\/wp\/v2\/product\/3004","targetHints":{"allow":["GET"]}}],"collection":[{"href":"https:\/\/zepestonia.com\/en\/wp-json\/wp\/v2\/product"}],"about":[{"href":"https:\/\/zepestonia.com\/en\/wp-json\/wp\/v2\/types\/product"}],"replies":[{"embeddable":true,"href":"https:\/\/zepestonia.com\/en\/wp-json\/wp\/v2\/comments?post=3004"}],"version-history":[{"count":1,"href":"https:\/\/zepestonia.com\/en\/wp-json\/wp\/v2\/product\/3004\/revisions"}],"predecessor-version":[{"id":12335,"href":"https:\/\/zepestonia.com\/en\/wp-json\/wp\/v2\/product\/3004\/revisions\/12335"}],"wp:featuredmedia":[{"embeddable":true,"href":"https:\/\/zepestonia.com\/en\/wp-json\/wp\/v2\/media\/3896"}],"wp:attachment":[{"href":"https:\/\/zepestonia.com\/en\/wp-json\/wp\/v2\/media?parent=3004"}],"wp:term":[{"taxonomy":"product_brand","embeddable":true,"href":"https:\/\/zepestonia.com\/en\/wp-json\/wp\/v2\/product_brand?post=3004"},{"taxonomy":"product_cat","embeddable":true,"href":"https:\/\/zepestonia.com\/en\/wp-json\/wp\/v2\/product_cat?post=3004"},{"taxonomy":"product_tag","embeddable":true,"href":"https:\/\/zepestonia.com\/en\/wp-json\/wp\/v2\/product_tag?post=3004"}],"curies":[{"name":"wp","href":"https:\/\/api.w.org\/{rel}","templated":true}]}}