{"id":3002,"date":"2021-11-29T19:00:47","date_gmt":"2021-11-29T19:00:47","guid":{"rendered":"https:\/\/zep.valgekana.ee\/toode\/klean-four\/"},"modified":"2026-04-11T00:00:07","modified_gmt":"2026-04-11T00:00:07","slug":"klean-four","status":"publish","type":"product","link":"https:\/\/zepestonia.com\/en\/toode\/klean-four\/","title":{"rendered":"Klean Four &#8211; Grillide ja ahjude puhastusvaht"},"content":{"rendered":"<ul>\n<li><span style=\"font-size:14px\"><span class=\"markedContent\" id=\"page3R_mcid28\"><span dir=\"ltr\" role=\"presentation\" style=\"left: 103.4px;top: 459.911px;font-family: sans-serif\">T\u00f6\u00f6tab k\u00fclmalt ja kuumalt (kuni 90*C)<\/span><\/span><\/span><\/li>\n<li><span style=\"font-size:14px\"><span class=\"markedContent\" id=\"page3R_mcid29\"><span dir=\"ltr\" role=\"presentation\" style=\"left: 90px;top: 482.911px;font-family: sans-serif\">Piserdada ainet 25cm kauguselt pinnale ja lasta m\u00f5juda 5<\/span><span dir=\"ltr\" role=\"presentation\" style=\"left: 620.717px;top: 482.911px;font-family: sans-serif\">&#8211;<\/span><span dir=\"ltr\" role=\"presentation\" style=\"left: 627.317px;top: 482.911px;font-family: sans-serif\">10 min.<\/span><\/span><\/span><\/li>\n<li><span style=\"font-size:14px\"><span class=\"markedContent\" id=\"page3R_mcid30\"><span dir=\"ltr\" role=\"presentation\" style=\"left: 90px;top: 505.911px;font-family: sans-serif\">P\u00fchkida niiske lapiga mustus \u00e4ra ja loputada.<\/span><\/span><\/span><\/li>\n<li><span style=\"font-size:14px\"><span class=\"markedContent\" id=\"page3R_mcid31\"><span dir=\"ltr\" role=\"presentation\" style=\"left: 90px;top: 528.911px;font-family: sans-serif\">Vajadusel<\/span><span dir=\"ltr\" role=\"presentation\" style=\"left: 191.34px;top: 528.911px;font-family: sans-serif\"> <\/span><span dir=\"ltr\" role=\"presentation\" style=\"left: 197.033px;top: 528.911px;font-family: sans-serif\">korrata protseduuri.<\/span><\/span><\/span><\/li>\n<\/ul>\n<p><span style=\"font-size:14px\"><span class=\"markedContent\" id=\"page3R_mcid33\"><span dir=\"ltr\" role=\"presentation\" style=\"left: 90px;top: 574.911px;font-family: sans-serif\"><strong><span style=\"color:#FF0000\">NB!<\/span><\/strong><\/span><\/span><\/span><\/p>\n<ul>\n<li><span style=\"font-size:14px\"><span class=\"markedContent\" id=\"page3R_mcid33\"><span dir=\"ltr\" role=\"presentation\" style=\"left: 90px;top: 574.911px;font-family: sans-serif\"><span class=\"markedContent\"><span dir=\"ltr\" role=\"presentation\" style=\"left: 90px;top: 574.911px;font-family: sans-serif\">Mitte kasutada kroompindadel, alumiiniumil, vasel ja tsing<\/span><\/span><\/span><\/span><\/span><\/li>\n<li><span style=\"font-size:14px\"><span class=\"markedContent\" id=\"page3R_mcid33\"><span dir=\"ltr\" role=\"presentation\" style=\"left: 90px;top: 574.911px;font-family: sans-serif\"><span class=\"markedContent\"><span dir=\"ltr\" role=\"presentation\" style=\"left: 90px;top: 574.911px;font-family: sans-serif\"><span style=\"font-size:14px\"><span class=\"markedContent\" id=\"page3R_mcid34\"><span dir=\"ltr\" role=\"presentation\" style=\"left: 90px;top: 597.911px;font-family: sans-serif\">V\u00e4ltida<\/span><span dir=\"ltr\" role=\"presentation\" style=\"left: 155.68px;top: 597.911px;font-family: sans-serif\"> <\/span><span dir=\"ltr\" role=\"presentation\" style=\"left: 161.24px;top: 597.911px;font-family: sans-serif\">ka v\u00e4rvitud pindade<\/span><span dir=\"ltr\" role=\"presentation\" style=\"left: 349.083px;top: 597.911px;font-family: sans-serif\">le<\/span><span dir=\"ltr\" role=\"presentation\" style=\"left: 365.803px;top: 597.911px;font-family: sans-serif\"> <\/span><span dir=\"ltr\" role=\"presentation\" style=\"left: 371.283px;top: 597.911px;font-family: sans-serif\">sattumis<\/span><span dir=\"ltr\" role=\"presentation\" style=\"left: 453.683px;top: 597.911px;font-family: sans-serif\">t!<\/span><\/span><\/span><\/span><\/span><\/span><\/span><\/span><\/li>\n<\/ul>\n","protected":false},"excerpt":{"rendered":"<p>Grillide, ahjude, k\u00f6\u00f6gipindade ja -n\u00f5ude puhastaja k\u00f5rbenud rasvast.<br \/>\nKasutada ahjude, pliitide, grillide, ventilatsiooni avause restide ja muude seadmete puhastamiseks, mis \u00f5li ja rasvaga t\u00f6\u00f6tlemisel otseselt v\u00f5i kaudselt kokku puutuvad.<br \/>\nIdeaalne puhastusvahend k\u00f6\u00f6kidele, s\u00f6\u00f6klatele, restoranidele jne.<\/p>\n","protected":false},"featured_media":3595,"comment_status":"closed","ping_status":"closed","template":"","meta":[],"product_brand":[],"product_cat":[217],"product_tag":[],"class_list":{"0":"post-3002","1":"product","2":"type-product","3":"status-publish","4":"has-post-thumbnail","6":"product_cat-suvapuhastus-horeca","8":"first","9":"instock","10":"taxable","11":"shipping-taxable","12":"purchasable","13":"product-type-simple"},"yoast_head":"<!-- This site is optimized with the Yoast SEO plugin v26.5 - https:\/\/yoast.com\/wordpress\/plugins\/seo\/ -->\n<title>Klean Four - Grillide ja ahjude puhastusvaht I ZEP Eesti<\/title>\n<meta name=\"description\" content=\"Puhastusvaht grillide, ahjude, k\u00f6\u00f6gipindade ja -n\u00f5ude puhastaja k\u00f5rbenud rasvast. Ideaalne puhastusvahend k\u00f6\u00f6kidele, s\u00f6\u00f6klatele, restoranidele, kontorisse jne.\" \/>\n<meta name=\"robots\" content=\"index, follow, max-snippet:-1, max-image-preview:large, max-video-preview:-1\" \/>\n<link rel=\"canonical\" href=\"https:\/\/zepestonia.com\/en\/toode\/klean-four\/\" \/>\n<meta property=\"og:locale\" content=\"en_US\" \/>\n<meta property=\"og:type\" content=\"article\" \/>\n<meta property=\"og:title\" content=\"Klean Four - Grillide ja ahjude puhastusvaht I ZEP Eesti\" \/>\n<meta property=\"og:description\" content=\"Puhastusvaht grillide, ahjude, k\u00f6\u00f6gipindade ja -n\u00f5ude puhastaja k\u00f5rbenud rasvast. Ideaalne puhastusvahend k\u00f6\u00f6kidele, s\u00f6\u00f6klatele, restoranidele, kontorisse jne.\" \/>\n<meta property=\"og:url\" content=\"https:\/\/zepestonia.com\/en\/toode\/klean-four\/\" \/>\n<meta property=\"og:site_name\" content=\"ZEP Eesti I Puhastusvahendid I E-pood\" \/>\n<meta property=\"article:publisher\" content=\"https:\/\/www.facebook.com\/ZepEesti\" \/>\n<meta property=\"article:modified_time\" content=\"2026-04-11T00:00:07+00:00\" \/>\n<meta property=\"og:image\" content=\"https:\/\/zepestonia.com\/wp-content\/uploads\/2021\/12\/92-60dfc18ddf0281-79218335-KLEAN20FOUR.png\" \/>\n\t<meta property=\"og:image:width\" content=\"400\" \/>\n\t<meta property=\"og:image:height\" content=\"600\" \/>\n\t<meta property=\"og:image:type\" content=\"image\/png\" \/>\n<meta name=\"twitter:card\" content=\"summary_large_image\" \/>\n<script type=\"application\/ld+json\" class=\"yoast-schema-graph\">{\"@context\":\"https:\/\/schema.org\",\"@graph\":[{\"@type\":\"WebPage\",\"@id\":\"https:\/\/zepestonia.com\/en\/toode\/klean-four\/\",\"url\":\"https:\/\/zepestonia.com\/en\/toode\/klean-four\/\",\"name\":\"Klean Four - Grillide ja ahjude puhastusvaht I ZEP Eesti\",\"isPartOf\":{\"@id\":\"https:\/\/zepestonia.com\/en\/#website\"},\"primaryImageOfPage\":{\"@id\":\"https:\/\/zepestonia.com\/en\/toode\/klean-four\/#primaryimage\"},\"image\":{\"@id\":\"https:\/\/zepestonia.com\/en\/toode\/klean-four\/#primaryimage\"},\"thumbnailUrl\":\"https:\/\/zepestonia.com\/wp-content\/uploads\/2021\/12\/92-60dfc18ddf0281-79218335-KLEAN20FOUR.png\",\"datePublished\":\"2021-11-29T19:00:47+00:00\",\"dateModified\":\"2026-04-11T00:00:07+00:00\",\"description\":\"Puhastusvaht grillide, ahjude, k\u00f6\u00f6gipindade ja -n\u00f5ude puhastaja k\u00f5rbenud rasvast. Ideaalne puhastusvahend k\u00f6\u00f6kidele, s\u00f6\u00f6klatele, restoranidele, kontorisse jne.\",\"breadcrumb\":{\"@id\":\"https:\/\/zepestonia.com\/en\/toode\/klean-four\/#breadcrumb\"},\"inLanguage\":\"en-US\",\"potentialAction\":[{\"@type\":\"ReadAction\",\"target\":[\"https:\/\/zepestonia.com\/en\/toode\/klean-four\/\"]}]},{\"@type\":\"ImageObject\",\"inLanguage\":\"en-US\",\"@id\":\"https:\/\/zepestonia.com\/en\/toode\/klean-four\/#primaryimage\",\"url\":\"https:\/\/zepestonia.com\/wp-content\/uploads\/2021\/12\/92-60dfc18ddf0281-79218335-KLEAN20FOUR.png\",\"contentUrl\":\"https:\/\/zepestonia.com\/wp-content\/uploads\/2021\/12\/92-60dfc18ddf0281-79218335-KLEAN20FOUR.png\",\"width\":400,\"height\":600,\"caption\":\"92-60dfc18ddf0281-79218335-KLEAN20FOUR\"},{\"@type\":\"BreadcrumbList\",\"@id\":\"https:\/\/zepestonia.com\/en\/toode\/klean-four\/#breadcrumb\",\"itemListElement\":[{\"@type\":\"ListItem\",\"position\":1,\"name\":\"Home\",\"item\":\"https:\/\/zepestonia.com\/en\/\"},{\"@type\":\"ListItem\",\"position\":2,\"name\":\"Shop\",\"item\":\"https:\/\/zepestonia.com\/en\/?page_id=4643\"},{\"@type\":\"ListItem\",\"position\":3,\"name\":\"Klean Four &#8211; Grillide ja ahjude puhastusvaht\"}]},{\"@type\":\"WebSite\",\"@id\":\"https:\/\/zepestonia.com\/en\/#website\",\"url\":\"https:\/\/zepestonia.com\/en\/\",\"name\":\"ZEP Eesti I Puhastusvahendid I E-pood\",\"description\":\"Pakume puhastus- ja hooldusprobleemidele efektiivseid keskkonnas\u00f5bralikke lahendusi!\",\"publisher\":{\"@id\":\"https:\/\/zepestonia.com\/en\/#organization\"},\"potentialAction\":[{\"@type\":\"SearchAction\",\"target\":{\"@type\":\"EntryPoint\",\"urlTemplate\":\"https:\/\/zepestonia.com\/en\/?s={search_term_string}\"},\"query-input\":{\"@type\":\"PropertyValueSpecification\",\"valueRequired\":true,\"valueName\":\"search_term_string\"}}],\"inLanguage\":\"en-US\"},{\"@type\":\"Organization\",\"@id\":\"https:\/\/zepestonia.com\/en\/#organization\",\"name\":\"Zep Estonia\",\"url\":\"https:\/\/zepestonia.com\/en\/\",\"logo\":{\"@type\":\"ImageObject\",\"inLanguage\":\"en-US\",\"@id\":\"https:\/\/zepestonia.com\/en\/#\/schema\/logo\/image\/\",\"url\":\"https:\/\/zepestonia.com\/wp-content\/uploads\/2022\/03\/Zep-Logo_png.jpeg\",\"contentUrl\":\"https:\/\/zepestonia.com\/wp-content\/uploads\/2022\/03\/Zep-Logo_png.jpeg\",\"width\":109,\"height\":70,\"caption\":\"Zep Estonia\"},\"image\":{\"@id\":\"https:\/\/zepestonia.com\/en\/#\/schema\/logo\/image\/\"},\"sameAs\":[\"https:\/\/www.facebook.com\/ZepEesti\"]}]}<\/script>\n<!-- \/ Yoast SEO plugin. -->","yoast_head_json":{"title":"Klean Four - Grillide ja ahjude puhastusvaht I ZEP Eesti","description":"Puhastusvaht grillide, ahjude, k\u00f6\u00f6gipindade ja -n\u00f5ude puhastaja k\u00f5rbenud rasvast. Ideaalne puhastusvahend k\u00f6\u00f6kidele, s\u00f6\u00f6klatele, restoranidele, kontorisse jne.","robots":{"index":"index","follow":"follow","max-snippet":"max-snippet:-1","max-image-preview":"max-image-preview:large","max-video-preview":"max-video-preview:-1"},"canonical":"https:\/\/zepestonia.com\/en\/toode\/klean-four\/","og_locale":"en_US","og_type":"article","og_title":"Klean Four - Grillide ja ahjude puhastusvaht I ZEP Eesti","og_description":"Puhastusvaht grillide, ahjude, k\u00f6\u00f6gipindade ja -n\u00f5ude puhastaja k\u00f5rbenud rasvast. Ideaalne puhastusvahend k\u00f6\u00f6kidele, s\u00f6\u00f6klatele, restoranidele, kontorisse jne.","og_url":"https:\/\/zepestonia.com\/en\/toode\/klean-four\/","og_site_name":"ZEP Eesti I Puhastusvahendid I E-pood","article_publisher":"https:\/\/www.facebook.com\/ZepEesti","article_modified_time":"2026-04-11T00:00:07+00:00","og_image":[{"width":400,"height":600,"url":"https:\/\/zepestonia.com\/wp-content\/uploads\/2021\/12\/92-60dfc18ddf0281-79218335-KLEAN20FOUR.png","type":"image\/png"}],"twitter_card":"summary_large_image","schema":{"@context":"https:\/\/schema.org","@graph":[{"@type":"WebPage","@id":"https:\/\/zepestonia.com\/en\/toode\/klean-four\/","url":"https:\/\/zepestonia.com\/en\/toode\/klean-four\/","name":"Klean Four - Grillide ja ahjude puhastusvaht I ZEP Eesti","isPartOf":{"@id":"https:\/\/zepestonia.com\/en\/#website"},"primaryImageOfPage":{"@id":"https:\/\/zepestonia.com\/en\/toode\/klean-four\/#primaryimage"},"image":{"@id":"https:\/\/zepestonia.com\/en\/toode\/klean-four\/#primaryimage"},"thumbnailUrl":"https:\/\/zepestonia.com\/wp-content\/uploads\/2021\/12\/92-60dfc18ddf0281-79218335-KLEAN20FOUR.png","datePublished":"2021-11-29T19:00:47+00:00","dateModified":"2026-04-11T00:00:07+00:00","description":"Puhastusvaht grillide, ahjude, k\u00f6\u00f6gipindade ja -n\u00f5ude puhastaja k\u00f5rbenud rasvast. Ideaalne puhastusvahend k\u00f6\u00f6kidele, s\u00f6\u00f6klatele, restoranidele, kontorisse jne.","breadcrumb":{"@id":"https:\/\/zepestonia.com\/en\/toode\/klean-four\/#breadcrumb"},"inLanguage":"en-US","potentialAction":[{"@type":"ReadAction","target":["https:\/\/zepestonia.com\/en\/toode\/klean-four\/"]}]},{"@type":"ImageObject","inLanguage":"en-US","@id":"https:\/\/zepestonia.com\/en\/toode\/klean-four\/#primaryimage","url":"https:\/\/zepestonia.com\/wp-content\/uploads\/2021\/12\/92-60dfc18ddf0281-79218335-KLEAN20FOUR.png","contentUrl":"https:\/\/zepestonia.com\/wp-content\/uploads\/2021\/12\/92-60dfc18ddf0281-79218335-KLEAN20FOUR.png","width":400,"height":600,"caption":"92-60dfc18ddf0281-79218335-KLEAN20FOUR"},{"@type":"BreadcrumbList","@id":"https:\/\/zepestonia.com\/en\/toode\/klean-four\/#breadcrumb","itemListElement":[{"@type":"ListItem","position":1,"name":"Home","item":"https:\/\/zepestonia.com\/en\/"},{"@type":"ListItem","position":2,"name":"Shop","item":"https:\/\/zepestonia.com\/en\/?page_id=4643"},{"@type":"ListItem","position":3,"name":"Klean Four &#8211; Grillide ja ahjude puhastusvaht"}]},{"@type":"WebSite","@id":"https:\/\/zepestonia.com\/en\/#website","url":"https:\/\/zepestonia.com\/en\/","name":"ZEP Eesti I Puhastusvahendid I E-pood","description":"Pakume puhastus- ja hooldusprobleemidele efektiivseid keskkonnas\u00f5bralikke lahendusi!","publisher":{"@id":"https:\/\/zepestonia.com\/en\/#organization"},"potentialAction":[{"@type":"SearchAction","target":{"@type":"EntryPoint","urlTemplate":"https:\/\/zepestonia.com\/en\/?s={search_term_string}"},"query-input":{"@type":"PropertyValueSpecification","valueRequired":true,"valueName":"search_term_string"}}],"inLanguage":"en-US"},{"@type":"Organization","@id":"https:\/\/zepestonia.com\/en\/#organization","name":"Zep Estonia","url":"https:\/\/zepestonia.com\/en\/","logo":{"@type":"ImageObject","inLanguage":"en-US","@id":"https:\/\/zepestonia.com\/en\/#\/schema\/logo\/image\/","url":"https:\/\/zepestonia.com\/wp-content\/uploads\/2022\/03\/Zep-Logo_png.jpeg","contentUrl":"https:\/\/zepestonia.com\/wp-content\/uploads\/2022\/03\/Zep-Logo_png.jpeg","width":109,"height":70,"caption":"Zep Estonia"},"image":{"@id":"https:\/\/zepestonia.com\/en\/#\/schema\/logo\/image\/"},"sameAs":["https:\/\/www.facebook.com\/ZepEesti"]}]}},"_links":{"self":[{"href":"https:\/\/zepestonia.com\/en\/wp-json\/wp\/v2\/product\/3002","targetHints":{"allow":["GET"]}}],"collection":[{"href":"https:\/\/zepestonia.com\/en\/wp-json\/wp\/v2\/product"}],"about":[{"href":"https:\/\/zepestonia.com\/en\/wp-json\/wp\/v2\/types\/product"}],"replies":[{"embeddable":true,"href":"https:\/\/zepestonia.com\/en\/wp-json\/wp\/v2\/comments?post=3002"}],"version-history":[{"count":2,"href":"https:\/\/zepestonia.com\/en\/wp-json\/wp\/v2\/product\/3002\/revisions"}],"predecessor-version":[{"id":11155,"href":"https:\/\/zepestonia.com\/en\/wp-json\/wp\/v2\/product\/3002\/revisions\/11155"}],"wp:featuredmedia":[{"embeddable":true,"href":"https:\/\/zepestonia.com\/en\/wp-json\/wp\/v2\/media\/3595"}],"wp:attachment":[{"href":"https:\/\/zepestonia.com\/en\/wp-json\/wp\/v2\/media?parent=3002"}],"wp:term":[{"taxonomy":"product_brand","embeddable":true,"href":"https:\/\/zepestonia.com\/en\/wp-json\/wp\/v2\/product_brand?post=3002"},{"taxonomy":"product_cat","embeddable":true,"href":"https:\/\/zepestonia.com\/en\/wp-json\/wp\/v2\/product_cat?post=3002"},{"taxonomy":"product_tag","embeddable":true,"href":"https:\/\/zepestonia.com\/en\/wp-json\/wp\/v2\/product_tag?post=3002"}],"curies":[{"name":"wp","href":"https:\/\/api.w.org\/{rel}","templated":true}]}}