{"id":3001,"date":"2021-11-29T19:00:47","date_gmt":"2021-11-29T19:00:47","guid":{"rendered":"https:\/\/zep.valgekana.ee\/toode\/biopower-tabs\/"},"modified":"2025-07-01T00:23:58","modified_gmt":"2025-07-01T00:23:58","slug":"biopower-tabs","status":"publish","type":"product","link":"https:\/\/zepestonia.com\/en\/toode\/biopower-tabs\/","title":{"rendered":"Biopower Tabs &#8211; Mikroorganismidega rikastatud tabletid"},"content":{"rendered":"<ul>\n<li>BIOPOWER CLEANER lisamine on v\u00e4ga lihtne lisage bioparandusprotsessi k\u00e4ivitamiseks tablett alustada.<\/li>\n<li>Lisage olenevalt iga 4\u20136 n\u00e4dala j\u00e4rel uus tablett.<\/li>\n<li>V\u00e4ga kontsentreeritud: iga tablett sisaldab \u00b1 150 miljardit mikroorganismi.<\/li>\n<\/ul>\n<p>pH 7,5<br \/>\nPakend: 4x30g<br \/>\n&nbsp;<\/p>\n","protected":false},"excerpt":{"rendered":"<p>Lisatakse bioloogiliste osade puhastusvahendisse BIOPOWER SYSTEM BIOPOWER CLEANER.<br \/>\nSisaldab mikroorganisme, mis taastavad pidevalt vannis olevat puhastusvedelikku.<br \/>\nNeutraliseerib halvad l\u00f5hnad ja v\u00e4hendab rasva\u00e4rastuse t\u00f5ttu muda teket.<br \/>\nKasutuskohad: autot\u00f6\u00f6stus, t\u00f6\u00f6kojad, garaa\u017eid, tr\u00fckikojad, teenindusjaamad, hooldus- ja remondit\u00f6\u00f6kojad.<\/p>\n","protected":false},"featured_media":3844,"comment_status":"closed","ping_status":"closed","template":"","meta":[],"product_brand":[],"product_cat":[215],"product_tag":[],"class_list":{"0":"post-3001","1":"product","2":"type-product","3":"status-publish","4":"has-post-thumbnail","6":"product_cat-metall","8":"first","9":"instock","10":"taxable","11":"shipping-taxable","12":"purchasable","13":"product-type-simple"},"yoast_head":"<!-- This site is optimized with the Yoast SEO plugin v26.5 - https:\/\/yoast.com\/wordpress\/plugins\/seo\/ -->\n<title>Biopower Tabs - Mikroorganismidega rikastatud tabletid I ZEP Eesti<\/title>\n<meta name=\"description\" content=\"Sisaldab mikroorganisme, mis taastavad pidevalt vannis olevat puhastusvedelikku. Toode neutraliseerib halvad l\u00f5hnad ja v\u00e4hendab rasva\u00e4rastuse t\u00f5ttu muda teket.\" \/>\n<meta name=\"robots\" content=\"index, follow, max-snippet:-1, max-image-preview:large, max-video-preview:-1\" \/>\n<link rel=\"canonical\" href=\"https:\/\/zepestonia.com\/en\/toode\/biopower-tabs\/\" \/>\n<meta property=\"og:locale\" content=\"en_US\" \/>\n<meta property=\"og:type\" content=\"article\" \/>\n<meta property=\"og:title\" content=\"Biopower Tabs - Mikroorganismidega rikastatud tabletid I ZEP Eesti\" \/>\n<meta property=\"og:description\" content=\"Sisaldab mikroorganisme, mis taastavad pidevalt vannis olevat puhastusvedelikku. Toode neutraliseerib halvad l\u00f5hnad ja v\u00e4hendab rasva\u00e4rastuse t\u00f5ttu muda teket.\" \/>\n<meta property=\"og:url\" content=\"https:\/\/zepestonia.com\/en\/toode\/biopower-tabs\/\" \/>\n<meta property=\"og:site_name\" content=\"ZEP Eesti I Puhastusvahendid I E-pood\" \/>\n<meta property=\"article:publisher\" content=\"https:\/\/www.facebook.com\/ZepEesti\" \/>\n<meta property=\"article:modified_time\" content=\"2025-07-01T00:23:58+00:00\" \/>\n<meta property=\"og:image\" content=\"https:\/\/zepestonia.com\/wp-content\/uploads\/2021\/12\/537-60bad51688df89-45963667-BIOPOWER20TABS.png\" \/>\n\t<meta property=\"og:image:width\" content=\"200\" \/>\n\t<meta property=\"og:image:height\" content=\"300\" \/>\n\t<meta property=\"og:image:type\" content=\"image\/png\" \/>\n<meta name=\"twitter:card\" content=\"summary_large_image\" \/>\n<script type=\"application\/ld+json\" class=\"yoast-schema-graph\">{\"@context\":\"https:\/\/schema.org\",\"@graph\":[{\"@type\":\"WebPage\",\"@id\":\"https:\/\/zepestonia.com\/en\/toode\/biopower-tabs\/\",\"url\":\"https:\/\/zepestonia.com\/en\/toode\/biopower-tabs\/\",\"name\":\"Biopower Tabs - Mikroorganismidega rikastatud tabletid I ZEP Eesti\",\"isPartOf\":{\"@id\":\"https:\/\/zepestonia.com\/en\/#website\"},\"primaryImageOfPage\":{\"@id\":\"https:\/\/zepestonia.com\/en\/toode\/biopower-tabs\/#primaryimage\"},\"image\":{\"@id\":\"https:\/\/zepestonia.com\/en\/toode\/biopower-tabs\/#primaryimage\"},\"thumbnailUrl\":\"https:\/\/zepestonia.com\/wp-content\/uploads\/2021\/12\/537-60bad51688df89-45963667-BIOPOWER20TABS.png\",\"datePublished\":\"2021-11-29T19:00:47+00:00\",\"dateModified\":\"2025-07-01T00:23:58+00:00\",\"description\":\"Sisaldab mikroorganisme, mis taastavad pidevalt vannis olevat puhastusvedelikku. Toode neutraliseerib halvad l\u00f5hnad ja v\u00e4hendab rasva\u00e4rastuse t\u00f5ttu muda teket.\",\"breadcrumb\":{\"@id\":\"https:\/\/zepestonia.com\/en\/toode\/biopower-tabs\/#breadcrumb\"},\"inLanguage\":\"en-US\",\"potentialAction\":[{\"@type\":\"ReadAction\",\"target\":[\"https:\/\/zepestonia.com\/en\/toode\/biopower-tabs\/\"]}]},{\"@type\":\"ImageObject\",\"inLanguage\":\"en-US\",\"@id\":\"https:\/\/zepestonia.com\/en\/toode\/biopower-tabs\/#primaryimage\",\"url\":\"https:\/\/zepestonia.com\/wp-content\/uploads\/2021\/12\/537-60bad51688df89-45963667-BIOPOWER20TABS.png\",\"contentUrl\":\"https:\/\/zepestonia.com\/wp-content\/uploads\/2021\/12\/537-60bad51688df89-45963667-BIOPOWER20TABS.png\",\"width\":200,\"height\":300,\"caption\":\"537-60bad51688df89-45963667-BIOPOWER20TABS\"},{\"@type\":\"BreadcrumbList\",\"@id\":\"https:\/\/zepestonia.com\/en\/toode\/biopower-tabs\/#breadcrumb\",\"itemListElement\":[{\"@type\":\"ListItem\",\"position\":1,\"name\":\"Home\",\"item\":\"https:\/\/zepestonia.com\/en\/\"},{\"@type\":\"ListItem\",\"position\":2,\"name\":\"Shop\",\"item\":\"https:\/\/zepestonia.com\/en\/?page_id=4643\"},{\"@type\":\"ListItem\",\"position\":3,\"name\":\"Biopower Tabs &#8211; Mikroorganismidega rikastatud tabletid\"}]},{\"@type\":\"WebSite\",\"@id\":\"https:\/\/zepestonia.com\/en\/#website\",\"url\":\"https:\/\/zepestonia.com\/en\/\",\"name\":\"ZEP Eesti I Puhastusvahendid I E-pood\",\"description\":\"Pakume puhastus- ja hooldusprobleemidele efektiivseid keskkonnas\u00f5bralikke lahendusi!\",\"publisher\":{\"@id\":\"https:\/\/zepestonia.com\/en\/#organization\"},\"potentialAction\":[{\"@type\":\"SearchAction\",\"target\":{\"@type\":\"EntryPoint\",\"urlTemplate\":\"https:\/\/zepestonia.com\/en\/?s={search_term_string}\"},\"query-input\":{\"@type\":\"PropertyValueSpecification\",\"valueRequired\":true,\"valueName\":\"search_term_string\"}}],\"inLanguage\":\"en-US\"},{\"@type\":\"Organization\",\"@id\":\"https:\/\/zepestonia.com\/en\/#organization\",\"name\":\"Zep Estonia\",\"url\":\"https:\/\/zepestonia.com\/en\/\",\"logo\":{\"@type\":\"ImageObject\",\"inLanguage\":\"en-US\",\"@id\":\"https:\/\/zepestonia.com\/en\/#\/schema\/logo\/image\/\",\"url\":\"https:\/\/zepestonia.com\/wp-content\/uploads\/2022\/03\/Zep-Logo_png.jpeg\",\"contentUrl\":\"https:\/\/zepestonia.com\/wp-content\/uploads\/2022\/03\/Zep-Logo_png.jpeg\",\"width\":109,\"height\":70,\"caption\":\"Zep Estonia\"},\"image\":{\"@id\":\"https:\/\/zepestonia.com\/en\/#\/schema\/logo\/image\/\"},\"sameAs\":[\"https:\/\/www.facebook.com\/ZepEesti\"]}]}<\/script>\n<!-- \/ Yoast SEO plugin. -->","yoast_head_json":{"title":"Biopower Tabs - Mikroorganismidega rikastatud tabletid I ZEP Eesti","description":"Sisaldab mikroorganisme, mis taastavad pidevalt vannis olevat puhastusvedelikku. Toode neutraliseerib halvad l\u00f5hnad ja v\u00e4hendab rasva\u00e4rastuse t\u00f5ttu muda teket.","robots":{"index":"index","follow":"follow","max-snippet":"max-snippet:-1","max-image-preview":"max-image-preview:large","max-video-preview":"max-video-preview:-1"},"canonical":"https:\/\/zepestonia.com\/en\/toode\/biopower-tabs\/","og_locale":"en_US","og_type":"article","og_title":"Biopower Tabs - Mikroorganismidega rikastatud tabletid I ZEP Eesti","og_description":"Sisaldab mikroorganisme, mis taastavad pidevalt vannis olevat puhastusvedelikku. Toode neutraliseerib halvad l\u00f5hnad ja v\u00e4hendab rasva\u00e4rastuse t\u00f5ttu muda teket.","og_url":"https:\/\/zepestonia.com\/en\/toode\/biopower-tabs\/","og_site_name":"ZEP Eesti I Puhastusvahendid I E-pood","article_publisher":"https:\/\/www.facebook.com\/ZepEesti","article_modified_time":"2025-07-01T00:23:58+00:00","og_image":[{"width":200,"height":300,"url":"https:\/\/zepestonia.com\/wp-content\/uploads\/2021\/12\/537-60bad51688df89-45963667-BIOPOWER20TABS.png","type":"image\/png"}],"twitter_card":"summary_large_image","schema":{"@context":"https:\/\/schema.org","@graph":[{"@type":"WebPage","@id":"https:\/\/zepestonia.com\/en\/toode\/biopower-tabs\/","url":"https:\/\/zepestonia.com\/en\/toode\/biopower-tabs\/","name":"Biopower Tabs - Mikroorganismidega rikastatud tabletid I ZEP Eesti","isPartOf":{"@id":"https:\/\/zepestonia.com\/en\/#website"},"primaryImageOfPage":{"@id":"https:\/\/zepestonia.com\/en\/toode\/biopower-tabs\/#primaryimage"},"image":{"@id":"https:\/\/zepestonia.com\/en\/toode\/biopower-tabs\/#primaryimage"},"thumbnailUrl":"https:\/\/zepestonia.com\/wp-content\/uploads\/2021\/12\/537-60bad51688df89-45963667-BIOPOWER20TABS.png","datePublished":"2021-11-29T19:00:47+00:00","dateModified":"2025-07-01T00:23:58+00:00","description":"Sisaldab mikroorganisme, mis taastavad pidevalt vannis olevat puhastusvedelikku. Toode neutraliseerib halvad l\u00f5hnad ja v\u00e4hendab rasva\u00e4rastuse t\u00f5ttu muda teket.","breadcrumb":{"@id":"https:\/\/zepestonia.com\/en\/toode\/biopower-tabs\/#breadcrumb"},"inLanguage":"en-US","potentialAction":[{"@type":"ReadAction","target":["https:\/\/zepestonia.com\/en\/toode\/biopower-tabs\/"]}]},{"@type":"ImageObject","inLanguage":"en-US","@id":"https:\/\/zepestonia.com\/en\/toode\/biopower-tabs\/#primaryimage","url":"https:\/\/zepestonia.com\/wp-content\/uploads\/2021\/12\/537-60bad51688df89-45963667-BIOPOWER20TABS.png","contentUrl":"https:\/\/zepestonia.com\/wp-content\/uploads\/2021\/12\/537-60bad51688df89-45963667-BIOPOWER20TABS.png","width":200,"height":300,"caption":"537-60bad51688df89-45963667-BIOPOWER20TABS"},{"@type":"BreadcrumbList","@id":"https:\/\/zepestonia.com\/en\/toode\/biopower-tabs\/#breadcrumb","itemListElement":[{"@type":"ListItem","position":1,"name":"Home","item":"https:\/\/zepestonia.com\/en\/"},{"@type":"ListItem","position":2,"name":"Shop","item":"https:\/\/zepestonia.com\/en\/?page_id=4643"},{"@type":"ListItem","position":3,"name":"Biopower Tabs &#8211; Mikroorganismidega rikastatud tabletid"}]},{"@type":"WebSite","@id":"https:\/\/zepestonia.com\/en\/#website","url":"https:\/\/zepestonia.com\/en\/","name":"ZEP Eesti I Puhastusvahendid I E-pood","description":"Pakume puhastus- ja hooldusprobleemidele efektiivseid keskkonnas\u00f5bralikke lahendusi!","publisher":{"@id":"https:\/\/zepestonia.com\/en\/#organization"},"potentialAction":[{"@type":"SearchAction","target":{"@type":"EntryPoint","urlTemplate":"https:\/\/zepestonia.com\/en\/?s={search_term_string}"},"query-input":{"@type":"PropertyValueSpecification","valueRequired":true,"valueName":"search_term_string"}}],"inLanguage":"en-US"},{"@type":"Organization","@id":"https:\/\/zepestonia.com\/en\/#organization","name":"Zep Estonia","url":"https:\/\/zepestonia.com\/en\/","logo":{"@type":"ImageObject","inLanguage":"en-US","@id":"https:\/\/zepestonia.com\/en\/#\/schema\/logo\/image\/","url":"https:\/\/zepestonia.com\/wp-content\/uploads\/2022\/03\/Zep-Logo_png.jpeg","contentUrl":"https:\/\/zepestonia.com\/wp-content\/uploads\/2022\/03\/Zep-Logo_png.jpeg","width":109,"height":70,"caption":"Zep Estonia"},"image":{"@id":"https:\/\/zepestonia.com\/en\/#\/schema\/logo\/image\/"},"sameAs":["https:\/\/www.facebook.com\/ZepEesti"]}]}},"_links":{"self":[{"href":"https:\/\/zepestonia.com\/en\/wp-json\/wp\/v2\/product\/3001","targetHints":{"allow":["GET"]}}],"collection":[{"href":"https:\/\/zepestonia.com\/en\/wp-json\/wp\/v2\/product"}],"about":[{"href":"https:\/\/zepestonia.com\/en\/wp-json\/wp\/v2\/types\/product"}],"replies":[{"embeddable":true,"href":"https:\/\/zepestonia.com\/en\/wp-json\/wp\/v2\/comments?post=3001"}],"version-history":[{"count":1,"href":"https:\/\/zepestonia.com\/en\/wp-json\/wp\/v2\/product\/3001\/revisions"}],"predecessor-version":[{"id":12334,"href":"https:\/\/zepestonia.com\/en\/wp-json\/wp\/v2\/product\/3001\/revisions\/12334"}],"wp:featuredmedia":[{"embeddable":true,"href":"https:\/\/zepestonia.com\/en\/wp-json\/wp\/v2\/media\/3844"}],"wp:attachment":[{"href":"https:\/\/zepestonia.com\/en\/wp-json\/wp\/v2\/media?parent=3001"}],"wp:term":[{"taxonomy":"product_brand","embeddable":true,"href":"https:\/\/zepestonia.com\/en\/wp-json\/wp\/v2\/product_brand?post=3001"},{"taxonomy":"product_cat","embeddable":true,"href":"https:\/\/zepestonia.com\/en\/wp-json\/wp\/v2\/product_cat?post=3001"},{"taxonomy":"product_tag","embeddable":true,"href":"https:\/\/zepestonia.com\/en\/wp-json\/wp\/v2\/product_tag?post=3001"}],"curies":[{"name":"wp","href":"https:\/\/api.w.org\/{rel}","templated":true}]}}