{"id":2997,"date":"2021-11-29T19:00:47","date_gmt":"2021-11-29T19:00:47","guid":{"rendered":"https:\/\/zep.valgekana.ee\/toode\/alinox\/"},"modified":"2025-10-31T00:00:15","modified_gmt":"2025-10-31T00:00:15","slug":"alinox","status":"publish","type":"product","link":"https:\/\/zepestonia.com\/en\/toode\/alinox\/","title":{"rendered":"ALINOX * &#8211; Roostevabaterase efektiga metallpindade katja"},"content":{"rendered":"<ul>\n<li>Kanda alati korralikult puhastatud ja kuivale pinnale.<\/li>\n<li>Enne kasutamist ja aegajalt ka kasutamise ajal loksutada.<\/li>\n<li>Pihustada \u00fchtlaselt t\u00f6\u00f6deldavale pinnale, hoides pudelit p\u00fcstiasendis 20-25 cm kaugusel.<\/li>\n<li>T\u00f5husa ja vastupidava kaitse saamiseks on soovitatav \u00fche paksema kihi asemel kanda 2 v\u00f5i 3 v\u00e4ga \u00f5hukest kihti.<\/li>\n<li>Enne kui j\u00e4rgmisega j\u00e4tkata, lasta igal kihil p\u00f5hjalikult kuivada.<\/li>\n<li>P\u00e4rast pealekandmise l\u00f5ppu keerata purk tagurpidi ja pihustada kaks sekundit, et pihusti puhastuks.<\/li>\n<\/ul>\n<p>&nbsp;<\/p>\n<ul>\n<li>Maksimaalne katvus: 1,8 m2<\/li>\n<li>Tolmuvaba: 20 min<\/li>\n<li>Kuivamisaeg: 48 tundi.<\/li>\n<\/ul>\n","protected":false},"excerpt":{"rendered":"<p>Roostevabaterase efektiga metallpindade kattematerjal.<br \/>\nSobib k\u00f5ikide metallpindade katmiseks.<br \/>\nSaab kasutada ka \u201ckruntv\u00e4rvina\u201d v\u00f5i lihtsalt viimistlusmaterjalina.<br \/>\n. P\u00e4rast kuivamist on kate vastupidav sooladele, karedale veele ja \u00f5lidele ning temperatuuridele \u00fcle +170 \u00b0 C<br \/>\nSuurep\u00e4rane toode metallpindade hoolduseks erinevates valdkondades (santehnikat\u00f6\u00f6d, merendus; transpordi- ja p\u00f5llut\u00f6\u00f6masinad; sepistatud raud; keevituskohtade katmine ja<br \/>\nkaitsmine) mis tahes olukorras, kus niiskus ja ilm v\u00f5ivad metallpindu m\u00f5jutada.<\/p>\n","protected":false},"featured_media":3612,"comment_status":"closed","ping_status":"closed","template":"","meta":[],"product_brand":[],"product_cat":[215],"product_tag":[],"class_list":{"0":"post-2997","1":"product","2":"type-product","3":"status-publish","4":"has-post-thumbnail","6":"product_cat-metall","8":"first","9":"instock","10":"taxable","11":"shipping-taxable","12":"purchasable","13":"product-type-simple"},"yoast_head":"<!-- This site is optimized with the Yoast SEO plugin v26.5 - https:\/\/yoast.com\/wordpress\/plugins\/seo\/ -->\n<title>ALINOX * - Roostevabaterase efektiga metallpindade katja I ZEP Eesti<\/title>\n<meta name=\"description\" content=\"Roostevabaterase efektiga k\u00f5ikide metallpindade kattematerjal. Peale kasutamist on kate vastupidav sooladele, karedale veele, \u00f5lidele, temperatuuridele +170\u00b0C.\" \/>\n<meta name=\"robots\" content=\"index, follow, max-snippet:-1, max-image-preview:large, max-video-preview:-1\" \/>\n<link rel=\"canonical\" href=\"https:\/\/zepestonia.com\/en\/toode\/alinox\/\" \/>\n<meta property=\"og:locale\" content=\"en_US\" \/>\n<meta property=\"og:type\" content=\"article\" \/>\n<meta property=\"og:title\" content=\"ALINOX * - Roostevabaterase efektiga metallpindade katja I ZEP Eesti\" \/>\n<meta property=\"og:description\" content=\"Roostevabaterase efektiga k\u00f5ikide metallpindade kattematerjal. Peale kasutamist on kate vastupidav sooladele, karedale veele, \u00f5lidele, temperatuuridele +170\u00b0C.\" \/>\n<meta property=\"og:url\" content=\"https:\/\/zepestonia.com\/en\/toode\/alinox\/\" \/>\n<meta property=\"og:site_name\" content=\"ZEP Eesti I Puhastusvahendid I E-pood\" \/>\n<meta property=\"article:publisher\" content=\"https:\/\/www.facebook.com\/ZepEesti\" \/>\n<meta property=\"article:modified_time\" content=\"2025-10-31T00:00:15+00:00\" \/>\n<meta property=\"og:image\" content=\"https:\/\/zepestonia.com\/wp-content\/uploads\/2021\/12\/620-60b98ed0e0bec3-93144122-ALINOX.png\" \/>\n\t<meta property=\"og:image:width\" content=\"200\" \/>\n\t<meta property=\"og:image:height\" content=\"300\" \/>\n\t<meta property=\"og:image:type\" content=\"image\/png\" \/>\n<meta name=\"twitter:card\" content=\"summary_large_image\" \/>\n<script type=\"application\/ld+json\" class=\"yoast-schema-graph\">{\"@context\":\"https:\/\/schema.org\",\"@graph\":[{\"@type\":\"WebPage\",\"@id\":\"https:\/\/zepestonia.com\/en\/toode\/alinox\/\",\"url\":\"https:\/\/zepestonia.com\/en\/toode\/alinox\/\",\"name\":\"ALINOX * - Roostevabaterase efektiga metallpindade katja I ZEP Eesti\",\"isPartOf\":{\"@id\":\"https:\/\/zepestonia.com\/en\/#website\"},\"primaryImageOfPage\":{\"@id\":\"https:\/\/zepestonia.com\/en\/toode\/alinox\/#primaryimage\"},\"image\":{\"@id\":\"https:\/\/zepestonia.com\/en\/toode\/alinox\/#primaryimage\"},\"thumbnailUrl\":\"https:\/\/zepestonia.com\/wp-content\/uploads\/2021\/12\/620-60b98ed0e0bec3-93144122-ALINOX.png\",\"datePublished\":\"2021-11-29T19:00:47+00:00\",\"dateModified\":\"2025-10-31T00:00:15+00:00\",\"description\":\"Roostevabaterase efektiga k\u00f5ikide metallpindade kattematerjal. Peale kasutamist on kate vastupidav sooladele, karedale veele, \u00f5lidele, temperatuuridele +170\u00b0C.\",\"breadcrumb\":{\"@id\":\"https:\/\/zepestonia.com\/en\/toode\/alinox\/#breadcrumb\"},\"inLanguage\":\"en-US\",\"potentialAction\":[{\"@type\":\"ReadAction\",\"target\":[\"https:\/\/zepestonia.com\/en\/toode\/alinox\/\"]}]},{\"@type\":\"ImageObject\",\"inLanguage\":\"en-US\",\"@id\":\"https:\/\/zepestonia.com\/en\/toode\/alinox\/#primaryimage\",\"url\":\"https:\/\/zepestonia.com\/wp-content\/uploads\/2021\/12\/620-60b98ed0e0bec3-93144122-ALINOX.png\",\"contentUrl\":\"https:\/\/zepestonia.com\/wp-content\/uploads\/2021\/12\/620-60b98ed0e0bec3-93144122-ALINOX.png\",\"width\":200,\"height\":300,\"caption\":\"620-60b98ed0e0bec3-93144122-ALINOX\"},{\"@type\":\"BreadcrumbList\",\"@id\":\"https:\/\/zepestonia.com\/en\/toode\/alinox\/#breadcrumb\",\"itemListElement\":[{\"@type\":\"ListItem\",\"position\":1,\"name\":\"Home\",\"item\":\"https:\/\/zepestonia.com\/en\/\"},{\"@type\":\"ListItem\",\"position\":2,\"name\":\"Shop\",\"item\":\"https:\/\/zepestonia.com\/en\/?page_id=4643\"},{\"@type\":\"ListItem\",\"position\":3,\"name\":\"ALINOX * &#8211; Roostevabaterase efektiga metallpindade katja\"}]},{\"@type\":\"WebSite\",\"@id\":\"https:\/\/zepestonia.com\/en\/#website\",\"url\":\"https:\/\/zepestonia.com\/en\/\",\"name\":\"ZEP Eesti I Puhastusvahendid I E-pood\",\"description\":\"Pakume puhastus- ja hooldusprobleemidele efektiivseid keskkonnas\u00f5bralikke lahendusi!\",\"publisher\":{\"@id\":\"https:\/\/zepestonia.com\/en\/#organization\"},\"potentialAction\":[{\"@type\":\"SearchAction\",\"target\":{\"@type\":\"EntryPoint\",\"urlTemplate\":\"https:\/\/zepestonia.com\/en\/?s={search_term_string}\"},\"query-input\":{\"@type\":\"PropertyValueSpecification\",\"valueRequired\":true,\"valueName\":\"search_term_string\"}}],\"inLanguage\":\"en-US\"},{\"@type\":\"Organization\",\"@id\":\"https:\/\/zepestonia.com\/en\/#organization\",\"name\":\"Zep Estonia\",\"url\":\"https:\/\/zepestonia.com\/en\/\",\"logo\":{\"@type\":\"ImageObject\",\"inLanguage\":\"en-US\",\"@id\":\"https:\/\/zepestonia.com\/en\/#\/schema\/logo\/image\/\",\"url\":\"https:\/\/zepestonia.com\/wp-content\/uploads\/2022\/03\/Zep-Logo_png.jpeg\",\"contentUrl\":\"https:\/\/zepestonia.com\/wp-content\/uploads\/2022\/03\/Zep-Logo_png.jpeg\",\"width\":109,\"height\":70,\"caption\":\"Zep Estonia\"},\"image\":{\"@id\":\"https:\/\/zepestonia.com\/en\/#\/schema\/logo\/image\/\"},\"sameAs\":[\"https:\/\/www.facebook.com\/ZepEesti\"]}]}<\/script>\n<!-- \/ Yoast SEO plugin. -->","yoast_head_json":{"title":"ALINOX * - Roostevabaterase efektiga metallpindade katja I ZEP Eesti","description":"Roostevabaterase efektiga k\u00f5ikide metallpindade kattematerjal. Peale kasutamist on kate vastupidav sooladele, karedale veele, \u00f5lidele, temperatuuridele +170\u00b0C.","robots":{"index":"index","follow":"follow","max-snippet":"max-snippet:-1","max-image-preview":"max-image-preview:large","max-video-preview":"max-video-preview:-1"},"canonical":"https:\/\/zepestonia.com\/en\/toode\/alinox\/","og_locale":"en_US","og_type":"article","og_title":"ALINOX * - Roostevabaterase efektiga metallpindade katja I ZEP Eesti","og_description":"Roostevabaterase efektiga k\u00f5ikide metallpindade kattematerjal. Peale kasutamist on kate vastupidav sooladele, karedale veele, \u00f5lidele, temperatuuridele +170\u00b0C.","og_url":"https:\/\/zepestonia.com\/en\/toode\/alinox\/","og_site_name":"ZEP Eesti I Puhastusvahendid I E-pood","article_publisher":"https:\/\/www.facebook.com\/ZepEesti","article_modified_time":"2025-10-31T00:00:15+00:00","og_image":[{"width":200,"height":300,"url":"https:\/\/zepestonia.com\/wp-content\/uploads\/2021\/12\/620-60b98ed0e0bec3-93144122-ALINOX.png","type":"image\/png"}],"twitter_card":"summary_large_image","schema":{"@context":"https:\/\/schema.org","@graph":[{"@type":"WebPage","@id":"https:\/\/zepestonia.com\/en\/toode\/alinox\/","url":"https:\/\/zepestonia.com\/en\/toode\/alinox\/","name":"ALINOX * - Roostevabaterase efektiga metallpindade katja I ZEP Eesti","isPartOf":{"@id":"https:\/\/zepestonia.com\/en\/#website"},"primaryImageOfPage":{"@id":"https:\/\/zepestonia.com\/en\/toode\/alinox\/#primaryimage"},"image":{"@id":"https:\/\/zepestonia.com\/en\/toode\/alinox\/#primaryimage"},"thumbnailUrl":"https:\/\/zepestonia.com\/wp-content\/uploads\/2021\/12\/620-60b98ed0e0bec3-93144122-ALINOX.png","datePublished":"2021-11-29T19:00:47+00:00","dateModified":"2025-10-31T00:00:15+00:00","description":"Roostevabaterase efektiga k\u00f5ikide metallpindade kattematerjal. Peale kasutamist on kate vastupidav sooladele, karedale veele, \u00f5lidele, temperatuuridele +170\u00b0C.","breadcrumb":{"@id":"https:\/\/zepestonia.com\/en\/toode\/alinox\/#breadcrumb"},"inLanguage":"en-US","potentialAction":[{"@type":"ReadAction","target":["https:\/\/zepestonia.com\/en\/toode\/alinox\/"]}]},{"@type":"ImageObject","inLanguage":"en-US","@id":"https:\/\/zepestonia.com\/en\/toode\/alinox\/#primaryimage","url":"https:\/\/zepestonia.com\/wp-content\/uploads\/2021\/12\/620-60b98ed0e0bec3-93144122-ALINOX.png","contentUrl":"https:\/\/zepestonia.com\/wp-content\/uploads\/2021\/12\/620-60b98ed0e0bec3-93144122-ALINOX.png","width":200,"height":300,"caption":"620-60b98ed0e0bec3-93144122-ALINOX"},{"@type":"BreadcrumbList","@id":"https:\/\/zepestonia.com\/en\/toode\/alinox\/#breadcrumb","itemListElement":[{"@type":"ListItem","position":1,"name":"Home","item":"https:\/\/zepestonia.com\/en\/"},{"@type":"ListItem","position":2,"name":"Shop","item":"https:\/\/zepestonia.com\/en\/?page_id=4643"},{"@type":"ListItem","position":3,"name":"ALINOX * &#8211; Roostevabaterase efektiga metallpindade katja"}]},{"@type":"WebSite","@id":"https:\/\/zepestonia.com\/en\/#website","url":"https:\/\/zepestonia.com\/en\/","name":"ZEP Eesti I Puhastusvahendid I E-pood","description":"Pakume puhastus- ja hooldusprobleemidele efektiivseid keskkonnas\u00f5bralikke lahendusi!","publisher":{"@id":"https:\/\/zepestonia.com\/en\/#organization"},"potentialAction":[{"@type":"SearchAction","target":{"@type":"EntryPoint","urlTemplate":"https:\/\/zepestonia.com\/en\/?s={search_term_string}"},"query-input":{"@type":"PropertyValueSpecification","valueRequired":true,"valueName":"search_term_string"}}],"inLanguage":"en-US"},{"@type":"Organization","@id":"https:\/\/zepestonia.com\/en\/#organization","name":"Zep Estonia","url":"https:\/\/zepestonia.com\/en\/","logo":{"@type":"ImageObject","inLanguage":"en-US","@id":"https:\/\/zepestonia.com\/en\/#\/schema\/logo\/image\/","url":"https:\/\/zepestonia.com\/wp-content\/uploads\/2022\/03\/Zep-Logo_png.jpeg","contentUrl":"https:\/\/zepestonia.com\/wp-content\/uploads\/2022\/03\/Zep-Logo_png.jpeg","width":109,"height":70,"caption":"Zep Estonia"},"image":{"@id":"https:\/\/zepestonia.com\/en\/#\/schema\/logo\/image\/"},"sameAs":["https:\/\/www.facebook.com\/ZepEesti"]}]}},"_links":{"self":[{"href":"https:\/\/zepestonia.com\/en\/wp-json\/wp\/v2\/product\/2997","targetHints":{"allow":["GET"]}}],"collection":[{"href":"https:\/\/zepestonia.com\/en\/wp-json\/wp\/v2\/product"}],"about":[{"href":"https:\/\/zepestonia.com\/en\/wp-json\/wp\/v2\/types\/product"}],"replies":[{"embeddable":true,"href":"https:\/\/zepestonia.com\/en\/wp-json\/wp\/v2\/comments?post=2997"}],"version-history":[{"count":1,"href":"https:\/\/zepestonia.com\/en\/wp-json\/wp\/v2\/product\/2997\/revisions"}],"predecessor-version":[{"id":12333,"href":"https:\/\/zepestonia.com\/en\/wp-json\/wp\/v2\/product\/2997\/revisions\/12333"}],"wp:featuredmedia":[{"embeddable":true,"href":"https:\/\/zepestonia.com\/en\/wp-json\/wp\/v2\/media\/3612"}],"wp:attachment":[{"href":"https:\/\/zepestonia.com\/en\/wp-json\/wp\/v2\/media?parent=2997"}],"wp:term":[{"taxonomy":"product_brand","embeddable":true,"href":"https:\/\/zepestonia.com\/en\/wp-json\/wp\/v2\/product_brand?post=2997"},{"taxonomy":"product_cat","embeddable":true,"href":"https:\/\/zepestonia.com\/en\/wp-json\/wp\/v2\/product_cat?post=2997"},{"taxonomy":"product_tag","embeddable":true,"href":"https:\/\/zepestonia.com\/en\/wp-json\/wp\/v2\/product_tag?post=2997"}],"curies":[{"name":"wp","href":"https:\/\/api.w.org\/{rel}","templated":true}]}}