{"id":2994,"date":"2021-11-29T19:00:47","date_gmt":"2021-11-29T19:00:47","guid":{"rendered":"https:\/\/zep.valgekana.ee\/toode\/super-shine\/"},"modified":"2025-07-01T00:23:23","modified_gmt":"2025-07-01T00:23:23","slug":"super-shine","status":"publish","type":"product","link":"https:\/\/zepestonia.com\/en\/toode\/super-shine\/","title":{"rendered":"Super Shine* &#8211; Auto, metalli ja k\u00f5vade pindade poleerimisvahend"},"content":{"rendered":"<ul>\n<li><span style=\"font-size:14px\"><span class=\"markedContent\" id=\"page3R_mcid28\"><span dir=\"ltr\" role=\"presentation\" style=\"left: 120.04px;top: 872.944px;font-family: sans-serif\">Enne<\/span><span dir=\"ltr\" role=\"presentation\" style=\"left: 166.9px;top: 872.944px;font-family: sans-serif\"> <\/span><span dir=\"ltr\" role=\"presentation\" style=\"left: 172.433px;top: 872.944px;font-family: sans-serif\">kasutamist loksutada pudelit.<\/span><\/span><\/span><\/li>\n<li><span style=\"font-size:14px\"><span class=\"markedContent\" id=\"page3R_mcid29\"><span dir=\"ltr\" role=\"presentation\" style=\"left: 120.04px;top: 895.944px;font-family: sans-serif\">Pihustada toodet \u00fchtlaselt t\u00f6\u00f6deldavale pinnale.<\/span><\/span><\/span><\/li>\n<li><span style=\"font-size:14px\"><span class=\"markedContent\" id=\"page3R_mcid30\"><span dir=\"ltr\" role=\"presentation\" style=\"left: 120.04px;top: 918.944px;font-family: sans-serif\">P\u00fchkida\/poleerida<\/span><span dir=\"ltr\" role=\"presentation\" style=\"left: 280.22px;top: 918.944px;font-family: sans-serif\"> <\/span><span dir=\"ltr\" role=\"presentation\" style=\"left: 285.833px;top: 918.944px;font-family: sans-serif\">pehme<\/span><span dir=\"ltr\" role=\"presentation\" style=\"left: 346.913px;top: 918.944px;font-family: sans-serif\"> <\/span><span dir=\"ltr\" role=\"presentation\" style=\"left: 352.483px;top: 918.944px;font-family: sans-serif\">mikrokiudlap<\/span><span dir=\"ltr\" role=\"presentation\" style=\"left: 464.883px;top: 918.944px;font-family: sans-serif\">iga.<\/span><\/span><\/span><\/li>\n<li><span style=\"font-size:14px\"><span class=\"markedContent\" id=\"page3R_mcid31\"><span dir=\"ltr\" role=\"presentation\" style=\"left: 120.04px;top: 941.944px;font-family: sans-serif\">Raskemal m\u00e4\u00e4rdumisel korrata protsessi.<\/span><\/span><\/span><\/li>\n<li><span style=\"font-size:14px\"><span class=\"markedContent\" id=\"page3R_mcid32\"><span dir=\"ltr\" role=\"presentation\" style=\"left: 120.04px;top: 964.944px;font-family: sans-serif\">Hoida lastele k\u00e4ttesaamatus kohas!<\/span><\/span><\/span><\/li>\n<li><span style=\"font-size:14px\"><span class=\"markedContent\" id=\"page3R_mcid33\"><span dir=\"ltr\" role=\"presentation\" style=\"left: 120.04px;top: 987.944px;font-family: sans-serif\">Allaneelamise korral v\u00f5tta viivitamatult \u00fchendust<\/span><span dir=\"ltr\" role=\"presentation\" style=\"left: 546.6px;top: 987.944px;font-family: sans-serif\"> <\/span><span dir=\"ltr\" role=\"presentation\" style=\"left: 552.717px;top: 987.944px;font-family: sans-serif\">arstiga!<\/span><\/span><\/span><\/li>\n<li><span style=\"font-size:14px\"><span class=\"markedContent\" id=\"page3R_mcid34\"><span dir=\"ltr\" role=\"presentation\" style=\"left: 120.04px;top: 1010.94px;font-family: sans-serif\">S<\/span><span dir=\"ltr\" role=\"presentation\" style=\"left: 133.44px;top: 1010.94px;font-family: sans-serif\">isaldab mitteioonseid aineid v\u00e4hemalt 5%<\/span><span dir=\"ltr\" role=\"presentation\" style=\"left: 500.483px;top: 1010.94px;font-family: sans-serif\">.<\/span><\/span><\/span><\/li>\n<\/ul>\n<p><span style=\"font-size:14px\"><span class=\"markedContent\"><span dir=\"ltr\" role=\"presentation\" style=\"left: 257.033px;top: 1033.99px;font-family: sans-serif\">pH 7,0<\/span><\/span><\/span><\/p>\n","protected":false},"excerpt":{"rendered":"<p>Ainulaadne veevaba puhastus- ja poleerimisvahend.<br \/>\nSpetsiaalne biolagunev tsitrusviljade baasil p\u00f5hinev k\u00e4sipuhastuseks m\u00f5eldud toode.<br \/>\nSisaldab ka laia toimespektriga antibakteriaalset ainet v\u00e4ltimaks mustuse edasist nakkuvust ja saastatust t\u00f6\u00f6deldud pinnal.<br \/>\nKaitseb, poleerib ja puhastab ilma veeta<br \/>\nJ\u00e4tab t\u00f6\u00f6deldud pinnale pikaajalise kaitsva veekindla kihi.<br \/>\nMistahes v\u00e4rvitud v\u00f5i metalne pind, kroom, kumm, vin\u00fc\u00fcl, klaaskiud, klaas, plast ja enamus teadaolevad mittepoorsed k\u00f5vad pinnad<\/p>\n","protected":false},"featured_media":3734,"comment_status":"closed","ping_status":"closed","template":"","meta":[],"product_brand":[],"product_cat":[199],"product_tag":[],"class_list":{"0":"post-2994","1":"product","2":"type-product","3":"status-publish","4":"has-post-thumbnail","6":"product_cat-autod","8":"first","9":"instock","10":"taxable","11":"shipping-taxable","12":"purchasable","13":"product-type-simple"},"yoast_head":"<!-- This site is optimized with the Yoast SEO plugin v26.5 - https:\/\/yoast.com\/wordpress\/plugins\/seo\/ -->\n<title>Super Shine* - Auto, metalli ja pindade poleerimisvahend I ZEP Eesti<\/title>\n<meta name=\"description\" content=\"Veevaba puhastus- ja poleerimisvahend. Spetsiaalne biolagunev tsitrusviljade baasil p\u00f5hinev k\u00e4sipuhastuseks m\u00f5eldud toode. Kaitseb, poleerib ning puhastab.\" \/>\n<meta name=\"robots\" content=\"index, follow, max-snippet:-1, max-image-preview:large, max-video-preview:-1\" \/>\n<link rel=\"canonical\" href=\"https:\/\/zepestonia.com\/en\/toode\/super-shine\/\" \/>\n<meta property=\"og:locale\" content=\"en_US\" \/>\n<meta property=\"og:type\" content=\"article\" \/>\n<meta property=\"og:title\" content=\"Super Shine* - Auto, metalli ja pindade poleerimisvahend I ZEP Eesti\" \/>\n<meta property=\"og:description\" content=\"Veevaba puhastus- ja poleerimisvahend. Spetsiaalne biolagunev tsitrusviljade baasil p\u00f5hinev k\u00e4sipuhastuseks m\u00f5eldud toode. Kaitseb, poleerib ning puhastab.\" \/>\n<meta property=\"og:url\" content=\"https:\/\/zepestonia.com\/en\/toode\/super-shine\/\" \/>\n<meta property=\"og:site_name\" content=\"ZEP Eesti I Puhastusvahendid I E-pood\" \/>\n<meta property=\"article:publisher\" content=\"https:\/\/www.facebook.com\/ZepEesti\" \/>\n<meta property=\"article:modified_time\" content=\"2025-07-01T00:23:23+00:00\" \/>\n<meta property=\"og:image\" content=\"https:\/\/zepestonia.com\/wp-content\/uploads\/2021\/12\/579-60ea2f2a0366c5-73934997-Super20Shine.png\" \/>\n\t<meta property=\"og:image:width\" content=\"400\" \/>\n\t<meta property=\"og:image:height\" content=\"600\" \/>\n\t<meta property=\"og:image:type\" content=\"image\/png\" \/>\n<meta name=\"twitter:card\" content=\"summary_large_image\" \/>\n<script type=\"application\/ld+json\" class=\"yoast-schema-graph\">{\"@context\":\"https:\/\/schema.org\",\"@graph\":[{\"@type\":\"WebPage\",\"@id\":\"https:\/\/zepestonia.com\/en\/toode\/super-shine\/\",\"url\":\"https:\/\/zepestonia.com\/en\/toode\/super-shine\/\",\"name\":\"Super Shine* - Auto, metalli ja pindade poleerimisvahend I ZEP Eesti\",\"isPartOf\":{\"@id\":\"https:\/\/zepestonia.com\/en\/#website\"},\"primaryImageOfPage\":{\"@id\":\"https:\/\/zepestonia.com\/en\/toode\/super-shine\/#primaryimage\"},\"image\":{\"@id\":\"https:\/\/zepestonia.com\/en\/toode\/super-shine\/#primaryimage\"},\"thumbnailUrl\":\"https:\/\/zepestonia.com\/wp-content\/uploads\/2021\/12\/579-60ea2f2a0366c5-73934997-Super20Shine.png\",\"datePublished\":\"2021-11-29T19:00:47+00:00\",\"dateModified\":\"2025-07-01T00:23:23+00:00\",\"description\":\"Veevaba puhastus- ja poleerimisvahend. Spetsiaalne biolagunev tsitrusviljade baasil p\u00f5hinev k\u00e4sipuhastuseks m\u00f5eldud toode. Kaitseb, poleerib ning puhastab.\",\"breadcrumb\":{\"@id\":\"https:\/\/zepestonia.com\/en\/toode\/super-shine\/#breadcrumb\"},\"inLanguage\":\"en-US\",\"potentialAction\":[{\"@type\":\"ReadAction\",\"target\":[\"https:\/\/zepestonia.com\/en\/toode\/super-shine\/\"]}]},{\"@type\":\"ImageObject\",\"inLanguage\":\"en-US\",\"@id\":\"https:\/\/zepestonia.com\/en\/toode\/super-shine\/#primaryimage\",\"url\":\"https:\/\/zepestonia.com\/wp-content\/uploads\/2021\/12\/579-60ea2f2a0366c5-73934997-Super20Shine.png\",\"contentUrl\":\"https:\/\/zepestonia.com\/wp-content\/uploads\/2021\/12\/579-60ea2f2a0366c5-73934997-Super20Shine.png\",\"width\":400,\"height\":600,\"caption\":\"579-60ea2f2a0366c5-73934997-Super20Shine\"},{\"@type\":\"BreadcrumbList\",\"@id\":\"https:\/\/zepestonia.com\/en\/toode\/super-shine\/#breadcrumb\",\"itemListElement\":[{\"@type\":\"ListItem\",\"position\":1,\"name\":\"Home\",\"item\":\"https:\/\/zepestonia.com\/en\/\"},{\"@type\":\"ListItem\",\"position\":2,\"name\":\"Shop\",\"item\":\"https:\/\/zepestonia.com\/en\/?page_id=4643\"},{\"@type\":\"ListItem\",\"position\":3,\"name\":\"Super Shine* &#8211; Auto, metalli ja k\u00f5vade pindade poleerimisvahend\"}]},{\"@type\":\"WebSite\",\"@id\":\"https:\/\/zepestonia.com\/en\/#website\",\"url\":\"https:\/\/zepestonia.com\/en\/\",\"name\":\"ZEP Eesti I Puhastusvahendid I E-pood\",\"description\":\"Pakume puhastus- ja hooldusprobleemidele efektiivseid keskkonnas\u00f5bralikke lahendusi!\",\"publisher\":{\"@id\":\"https:\/\/zepestonia.com\/en\/#organization\"},\"potentialAction\":[{\"@type\":\"SearchAction\",\"target\":{\"@type\":\"EntryPoint\",\"urlTemplate\":\"https:\/\/zepestonia.com\/en\/?s={search_term_string}\"},\"query-input\":{\"@type\":\"PropertyValueSpecification\",\"valueRequired\":true,\"valueName\":\"search_term_string\"}}],\"inLanguage\":\"en-US\"},{\"@type\":\"Organization\",\"@id\":\"https:\/\/zepestonia.com\/en\/#organization\",\"name\":\"Zep Estonia\",\"url\":\"https:\/\/zepestonia.com\/en\/\",\"logo\":{\"@type\":\"ImageObject\",\"inLanguage\":\"en-US\",\"@id\":\"https:\/\/zepestonia.com\/en\/#\/schema\/logo\/image\/\",\"url\":\"https:\/\/zepestonia.com\/wp-content\/uploads\/2022\/03\/Zep-Logo_png.jpeg\",\"contentUrl\":\"https:\/\/zepestonia.com\/wp-content\/uploads\/2022\/03\/Zep-Logo_png.jpeg\",\"width\":109,\"height\":70,\"caption\":\"Zep Estonia\"},\"image\":{\"@id\":\"https:\/\/zepestonia.com\/en\/#\/schema\/logo\/image\/\"},\"sameAs\":[\"https:\/\/www.facebook.com\/ZepEesti\"]}]}<\/script>\n<!-- \/ Yoast SEO plugin. -->","yoast_head_json":{"title":"Super Shine* - Auto, metalli ja pindade poleerimisvahend I ZEP Eesti","description":"Veevaba puhastus- ja poleerimisvahend. Spetsiaalne biolagunev tsitrusviljade baasil p\u00f5hinev k\u00e4sipuhastuseks m\u00f5eldud toode. Kaitseb, poleerib ning puhastab.","robots":{"index":"index","follow":"follow","max-snippet":"max-snippet:-1","max-image-preview":"max-image-preview:large","max-video-preview":"max-video-preview:-1"},"canonical":"https:\/\/zepestonia.com\/en\/toode\/super-shine\/","og_locale":"en_US","og_type":"article","og_title":"Super Shine* - Auto, metalli ja pindade poleerimisvahend I ZEP Eesti","og_description":"Veevaba puhastus- ja poleerimisvahend. Spetsiaalne biolagunev tsitrusviljade baasil p\u00f5hinev k\u00e4sipuhastuseks m\u00f5eldud toode. Kaitseb, poleerib ning puhastab.","og_url":"https:\/\/zepestonia.com\/en\/toode\/super-shine\/","og_site_name":"ZEP Eesti I Puhastusvahendid I E-pood","article_publisher":"https:\/\/www.facebook.com\/ZepEesti","article_modified_time":"2025-07-01T00:23:23+00:00","og_image":[{"width":400,"height":600,"url":"https:\/\/zepestonia.com\/wp-content\/uploads\/2021\/12\/579-60ea2f2a0366c5-73934997-Super20Shine.png","type":"image\/png"}],"twitter_card":"summary_large_image","schema":{"@context":"https:\/\/schema.org","@graph":[{"@type":"WebPage","@id":"https:\/\/zepestonia.com\/en\/toode\/super-shine\/","url":"https:\/\/zepestonia.com\/en\/toode\/super-shine\/","name":"Super Shine* - Auto, metalli ja pindade poleerimisvahend I ZEP Eesti","isPartOf":{"@id":"https:\/\/zepestonia.com\/en\/#website"},"primaryImageOfPage":{"@id":"https:\/\/zepestonia.com\/en\/toode\/super-shine\/#primaryimage"},"image":{"@id":"https:\/\/zepestonia.com\/en\/toode\/super-shine\/#primaryimage"},"thumbnailUrl":"https:\/\/zepestonia.com\/wp-content\/uploads\/2021\/12\/579-60ea2f2a0366c5-73934997-Super20Shine.png","datePublished":"2021-11-29T19:00:47+00:00","dateModified":"2025-07-01T00:23:23+00:00","description":"Veevaba puhastus- ja poleerimisvahend. Spetsiaalne biolagunev tsitrusviljade baasil p\u00f5hinev k\u00e4sipuhastuseks m\u00f5eldud toode. Kaitseb, poleerib ning puhastab.","breadcrumb":{"@id":"https:\/\/zepestonia.com\/en\/toode\/super-shine\/#breadcrumb"},"inLanguage":"en-US","potentialAction":[{"@type":"ReadAction","target":["https:\/\/zepestonia.com\/en\/toode\/super-shine\/"]}]},{"@type":"ImageObject","inLanguage":"en-US","@id":"https:\/\/zepestonia.com\/en\/toode\/super-shine\/#primaryimage","url":"https:\/\/zepestonia.com\/wp-content\/uploads\/2021\/12\/579-60ea2f2a0366c5-73934997-Super20Shine.png","contentUrl":"https:\/\/zepestonia.com\/wp-content\/uploads\/2021\/12\/579-60ea2f2a0366c5-73934997-Super20Shine.png","width":400,"height":600,"caption":"579-60ea2f2a0366c5-73934997-Super20Shine"},{"@type":"BreadcrumbList","@id":"https:\/\/zepestonia.com\/en\/toode\/super-shine\/#breadcrumb","itemListElement":[{"@type":"ListItem","position":1,"name":"Home","item":"https:\/\/zepestonia.com\/en\/"},{"@type":"ListItem","position":2,"name":"Shop","item":"https:\/\/zepestonia.com\/en\/?page_id=4643"},{"@type":"ListItem","position":3,"name":"Super Shine* &#8211; Auto, metalli ja k\u00f5vade pindade poleerimisvahend"}]},{"@type":"WebSite","@id":"https:\/\/zepestonia.com\/en\/#website","url":"https:\/\/zepestonia.com\/en\/","name":"ZEP Eesti I Puhastusvahendid I E-pood","description":"Pakume puhastus- ja hooldusprobleemidele efektiivseid keskkonnas\u00f5bralikke lahendusi!","publisher":{"@id":"https:\/\/zepestonia.com\/en\/#organization"},"potentialAction":[{"@type":"SearchAction","target":{"@type":"EntryPoint","urlTemplate":"https:\/\/zepestonia.com\/en\/?s={search_term_string}"},"query-input":{"@type":"PropertyValueSpecification","valueRequired":true,"valueName":"search_term_string"}}],"inLanguage":"en-US"},{"@type":"Organization","@id":"https:\/\/zepestonia.com\/en\/#organization","name":"Zep Estonia","url":"https:\/\/zepestonia.com\/en\/","logo":{"@type":"ImageObject","inLanguage":"en-US","@id":"https:\/\/zepestonia.com\/en\/#\/schema\/logo\/image\/","url":"https:\/\/zepestonia.com\/wp-content\/uploads\/2022\/03\/Zep-Logo_png.jpeg","contentUrl":"https:\/\/zepestonia.com\/wp-content\/uploads\/2022\/03\/Zep-Logo_png.jpeg","width":109,"height":70,"caption":"Zep Estonia"},"image":{"@id":"https:\/\/zepestonia.com\/en\/#\/schema\/logo\/image\/"},"sameAs":["https:\/\/www.facebook.com\/ZepEesti"]}]}},"_links":{"self":[{"href":"https:\/\/zepestonia.com\/en\/wp-json\/wp\/v2\/product\/2994","targetHints":{"allow":["GET"]}}],"collection":[{"href":"https:\/\/zepestonia.com\/en\/wp-json\/wp\/v2\/product"}],"about":[{"href":"https:\/\/zepestonia.com\/en\/wp-json\/wp\/v2\/types\/product"}],"replies":[{"embeddable":true,"href":"https:\/\/zepestonia.com\/en\/wp-json\/wp\/v2\/comments?post=2994"}],"version-history":[{"count":2,"href":"https:\/\/zepestonia.com\/en\/wp-json\/wp\/v2\/product\/2994\/revisions"}],"predecessor-version":[{"id":11242,"href":"https:\/\/zepestonia.com\/en\/wp-json\/wp\/v2\/product\/2994\/revisions\/11242"}],"wp:featuredmedia":[{"embeddable":true,"href":"https:\/\/zepestonia.com\/en\/wp-json\/wp\/v2\/media\/3734"}],"wp:attachment":[{"href":"https:\/\/zepestonia.com\/en\/wp-json\/wp\/v2\/media?parent=2994"}],"wp:term":[{"taxonomy":"product_brand","embeddable":true,"href":"https:\/\/zepestonia.com\/en\/wp-json\/wp\/v2\/product_brand?post=2994"},{"taxonomy":"product_cat","embeddable":true,"href":"https:\/\/zepestonia.com\/en\/wp-json\/wp\/v2\/product_cat?post=2994"},{"taxonomy":"product_tag","embeddable":true,"href":"https:\/\/zepestonia.com\/en\/wp-json\/wp\/v2\/product_tag?post=2994"}],"curies":[{"name":"wp","href":"https:\/\/api.w.org\/{rel}","templated":true}]}}