{"id":2986,"date":"2021-11-29T19:00:46","date_gmt":"2021-11-29T19:00:46","guid":{"rendered":"https:\/\/zep.valgekana.ee\/toode\/sewer-aid-fa-4kg\/"},"modified":"2026-02-18T00:00:07","modified_gmt":"2026-02-18T00:00:07","slug":"sewer-aid-fa-4kg","status":"publish","type":"product","link":"https:\/\/zepestonia.com\/en\/toode\/sewer-aid-fa-4kg\/","title":{"rendered":"SEWER AID FA  4kg &#8211; Kiire ummistuse avamise graanulid"},"content":{"rendered":"<p>\u2022 Puistake toodet aeglaselt kanalisatsiooni, et v\u00e4ltida pritsimist.<\/p>\n<p><strong>100m pikkuse toru jaoks: <\/strong><br \/>\n\u00d8 50mm &#8211; lisada 1,5-3kg<br \/>\n\u00d8 100mm &#8211; lisada 2,5-5kg<br \/>\n\u00d8 200mm &#8211; lisada 9-18kg \u00d8 300mm &#8211; lisada 23-45kg<\/p>\n<p><strong>\u2022 Loputamiseks kasutada ainult k\u00fclma vett. <\/strong><\/p>\n<p><strong>Omadused:<\/strong> pH: 13.0+\/- 0.5<\/p>\n","protected":false},"excerpt":{"rendered":"<p>Granuleeritud leeliseline vahend, mis liikudes koos veega avab kiirelt ummistunud trassid, lihtsustades san.tehnikute igap\u00e4evat\u00f6\u00f6d.<br \/>\nSobib h\u00e4sti kasutamiseks era majapidamises, kinnisvara hooldamisel, restoranides, suurk\u00f6\u00f6kides, haiglates, hotellides, juuksurisalongides jne.<\/p>\n","protected":false},"featured_media":3907,"comment_status":"closed","ping_status":"closed","template":"","meta":[],"product_brand":[],"product_cat":[208],"product_tag":[],"class_list":{"0":"post-2986","1":"product","2":"type-product","3":"status-publish","4":"has-post-thumbnail","6":"product_cat-heitvesi","8":"first","9":"instock","10":"taxable","11":"shipping-taxable","12":"purchasable","13":"product-type-simple"},"yoast_head":"<!-- This site is optimized with the Yoast SEO plugin v26.5 - https:\/\/yoast.com\/wordpress\/plugins\/seo\/ -->\n<title>SEWER AID FA 4kg - Kiire ummistuse avamise graanulid I ZEP Eesti<\/title>\n<meta name=\"description\" content=\"Granuleeritud leeliseline vahend, mis liikudes koos veega avab kiirelt ummistunud trassid. Sobib h\u00e4sti kasutamiseks ka era majapidamites, restoranides jne.\" \/>\n<meta name=\"robots\" content=\"index, follow, max-snippet:-1, max-image-preview:large, max-video-preview:-1\" \/>\n<link rel=\"canonical\" href=\"https:\/\/zepestonia.com\/en\/toode\/sewer-aid-fa-4kg\/\" \/>\n<meta property=\"og:locale\" content=\"en_US\" \/>\n<meta property=\"og:type\" content=\"article\" \/>\n<meta property=\"og:title\" content=\"SEWER AID FA 4kg - Kiire ummistuse avamise graanulid I ZEP Eesti\" \/>\n<meta property=\"og:description\" content=\"Granuleeritud leeliseline vahend, mis liikudes koos veega avab kiirelt ummistunud trassid. Sobib h\u00e4sti kasutamiseks ka era majapidamites, restoranides jne.\" \/>\n<meta property=\"og:url\" content=\"https:\/\/zepestonia.com\/en\/toode\/sewer-aid-fa-4kg\/\" \/>\n<meta property=\"og:site_name\" content=\"ZEP Eesti I Puhastusvahendid I E-pood\" \/>\n<meta property=\"article:publisher\" content=\"https:\/\/www.facebook.com\/ZepEesti\" \/>\n<meta property=\"article:modified_time\" content=\"2026-02-18T00:00:07+00:00\" \/>\n<meta property=\"og:image\" content=\"https:\/\/zepestonia.com\/wp-content\/uploads\/2021\/12\/155-60e9013e4b35c8-69928670-SEWER20AID20FA20.png\" \/>\n\t<meta property=\"og:image:width\" content=\"400\" \/>\n\t<meta property=\"og:image:height\" content=\"600\" \/>\n\t<meta property=\"og:image:type\" content=\"image\/png\" \/>\n<meta name=\"twitter:card\" content=\"summary_large_image\" \/>\n<script type=\"application\/ld+json\" class=\"yoast-schema-graph\">{\"@context\":\"https:\/\/schema.org\",\"@graph\":[{\"@type\":\"WebPage\",\"@id\":\"https:\/\/zepestonia.com\/en\/toode\/sewer-aid-fa-4kg\/\",\"url\":\"https:\/\/zepestonia.com\/en\/toode\/sewer-aid-fa-4kg\/\",\"name\":\"SEWER AID FA 4kg - Kiire ummistuse avamise graanulid I ZEP Eesti\",\"isPartOf\":{\"@id\":\"https:\/\/zepestonia.com\/en\/#website\"},\"primaryImageOfPage\":{\"@id\":\"https:\/\/zepestonia.com\/en\/toode\/sewer-aid-fa-4kg\/#primaryimage\"},\"image\":{\"@id\":\"https:\/\/zepestonia.com\/en\/toode\/sewer-aid-fa-4kg\/#primaryimage\"},\"thumbnailUrl\":\"https:\/\/zepestonia.com\/wp-content\/uploads\/2021\/12\/155-60e9013e4b35c8-69928670-SEWER20AID20FA20.png\",\"datePublished\":\"2021-11-29T19:00:46+00:00\",\"dateModified\":\"2026-02-18T00:00:07+00:00\",\"description\":\"Granuleeritud leeliseline vahend, mis liikudes koos veega avab kiirelt ummistunud trassid. Sobib h\u00e4sti kasutamiseks ka era majapidamites, restoranides jne.\",\"breadcrumb\":{\"@id\":\"https:\/\/zepestonia.com\/en\/toode\/sewer-aid-fa-4kg\/#breadcrumb\"},\"inLanguage\":\"en-US\",\"potentialAction\":[{\"@type\":\"ReadAction\",\"target\":[\"https:\/\/zepestonia.com\/en\/toode\/sewer-aid-fa-4kg\/\"]}]},{\"@type\":\"ImageObject\",\"inLanguage\":\"en-US\",\"@id\":\"https:\/\/zepestonia.com\/en\/toode\/sewer-aid-fa-4kg\/#primaryimage\",\"url\":\"https:\/\/zepestonia.com\/wp-content\/uploads\/2021\/12\/155-60e9013e4b35c8-69928670-SEWER20AID20FA20.png\",\"contentUrl\":\"https:\/\/zepestonia.com\/wp-content\/uploads\/2021\/12\/155-60e9013e4b35c8-69928670-SEWER20AID20FA20.png\",\"width\":400,\"height\":600,\"caption\":\"155-60e9013e4b35c8-69928670-SEWER20AID20FA20\"},{\"@type\":\"BreadcrumbList\",\"@id\":\"https:\/\/zepestonia.com\/en\/toode\/sewer-aid-fa-4kg\/#breadcrumb\",\"itemListElement\":[{\"@type\":\"ListItem\",\"position\":1,\"name\":\"Home\",\"item\":\"https:\/\/zepestonia.com\/en\/\"},{\"@type\":\"ListItem\",\"position\":2,\"name\":\"Shop\",\"item\":\"https:\/\/zepestonia.com\/en\/?page_id=4643\"},{\"@type\":\"ListItem\",\"position\":3,\"name\":\"SEWER AID FA 4kg &#8211; Kiire ummistuse avamise graanulid\"}]},{\"@type\":\"WebSite\",\"@id\":\"https:\/\/zepestonia.com\/en\/#website\",\"url\":\"https:\/\/zepestonia.com\/en\/\",\"name\":\"ZEP Eesti I Puhastusvahendid I E-pood\",\"description\":\"Pakume puhastus- ja hooldusprobleemidele efektiivseid keskkonnas\u00f5bralikke lahendusi!\",\"publisher\":{\"@id\":\"https:\/\/zepestonia.com\/en\/#organization\"},\"potentialAction\":[{\"@type\":\"SearchAction\",\"target\":{\"@type\":\"EntryPoint\",\"urlTemplate\":\"https:\/\/zepestonia.com\/en\/?s={search_term_string}\"},\"query-input\":{\"@type\":\"PropertyValueSpecification\",\"valueRequired\":true,\"valueName\":\"search_term_string\"}}],\"inLanguage\":\"en-US\"},{\"@type\":\"Organization\",\"@id\":\"https:\/\/zepestonia.com\/en\/#organization\",\"name\":\"Zep Estonia\",\"url\":\"https:\/\/zepestonia.com\/en\/\",\"logo\":{\"@type\":\"ImageObject\",\"inLanguage\":\"en-US\",\"@id\":\"https:\/\/zepestonia.com\/en\/#\/schema\/logo\/image\/\",\"url\":\"https:\/\/zepestonia.com\/wp-content\/uploads\/2022\/03\/Zep-Logo_png.jpeg\",\"contentUrl\":\"https:\/\/zepestonia.com\/wp-content\/uploads\/2022\/03\/Zep-Logo_png.jpeg\",\"width\":109,\"height\":70,\"caption\":\"Zep Estonia\"},\"image\":{\"@id\":\"https:\/\/zepestonia.com\/en\/#\/schema\/logo\/image\/\"},\"sameAs\":[\"https:\/\/www.facebook.com\/ZepEesti\"]}]}<\/script>\n<!-- \/ Yoast SEO plugin. -->","yoast_head_json":{"title":"SEWER AID FA 4kg - Kiire ummistuse avamise graanulid I ZEP Eesti","description":"Granuleeritud leeliseline vahend, mis liikudes koos veega avab kiirelt ummistunud trassid. Sobib h\u00e4sti kasutamiseks ka era majapidamites, restoranides jne.","robots":{"index":"index","follow":"follow","max-snippet":"max-snippet:-1","max-image-preview":"max-image-preview:large","max-video-preview":"max-video-preview:-1"},"canonical":"https:\/\/zepestonia.com\/en\/toode\/sewer-aid-fa-4kg\/","og_locale":"en_US","og_type":"article","og_title":"SEWER AID FA 4kg - Kiire ummistuse avamise graanulid I ZEP Eesti","og_description":"Granuleeritud leeliseline vahend, mis liikudes koos veega avab kiirelt ummistunud trassid. Sobib h\u00e4sti kasutamiseks ka era majapidamites, restoranides jne.","og_url":"https:\/\/zepestonia.com\/en\/toode\/sewer-aid-fa-4kg\/","og_site_name":"ZEP Eesti I Puhastusvahendid I E-pood","article_publisher":"https:\/\/www.facebook.com\/ZepEesti","article_modified_time":"2026-02-18T00:00:07+00:00","og_image":[{"width":400,"height":600,"url":"https:\/\/zepestonia.com\/wp-content\/uploads\/2021\/12\/155-60e9013e4b35c8-69928670-SEWER20AID20FA20.png","type":"image\/png"}],"twitter_card":"summary_large_image","schema":{"@context":"https:\/\/schema.org","@graph":[{"@type":"WebPage","@id":"https:\/\/zepestonia.com\/en\/toode\/sewer-aid-fa-4kg\/","url":"https:\/\/zepestonia.com\/en\/toode\/sewer-aid-fa-4kg\/","name":"SEWER AID FA 4kg - Kiire ummistuse avamise graanulid I ZEP Eesti","isPartOf":{"@id":"https:\/\/zepestonia.com\/en\/#website"},"primaryImageOfPage":{"@id":"https:\/\/zepestonia.com\/en\/toode\/sewer-aid-fa-4kg\/#primaryimage"},"image":{"@id":"https:\/\/zepestonia.com\/en\/toode\/sewer-aid-fa-4kg\/#primaryimage"},"thumbnailUrl":"https:\/\/zepestonia.com\/wp-content\/uploads\/2021\/12\/155-60e9013e4b35c8-69928670-SEWER20AID20FA20.png","datePublished":"2021-11-29T19:00:46+00:00","dateModified":"2026-02-18T00:00:07+00:00","description":"Granuleeritud leeliseline vahend, mis liikudes koos veega avab kiirelt ummistunud trassid. Sobib h\u00e4sti kasutamiseks ka era majapidamites, restoranides jne.","breadcrumb":{"@id":"https:\/\/zepestonia.com\/en\/toode\/sewer-aid-fa-4kg\/#breadcrumb"},"inLanguage":"en-US","potentialAction":[{"@type":"ReadAction","target":["https:\/\/zepestonia.com\/en\/toode\/sewer-aid-fa-4kg\/"]}]},{"@type":"ImageObject","inLanguage":"en-US","@id":"https:\/\/zepestonia.com\/en\/toode\/sewer-aid-fa-4kg\/#primaryimage","url":"https:\/\/zepestonia.com\/wp-content\/uploads\/2021\/12\/155-60e9013e4b35c8-69928670-SEWER20AID20FA20.png","contentUrl":"https:\/\/zepestonia.com\/wp-content\/uploads\/2021\/12\/155-60e9013e4b35c8-69928670-SEWER20AID20FA20.png","width":400,"height":600,"caption":"155-60e9013e4b35c8-69928670-SEWER20AID20FA20"},{"@type":"BreadcrumbList","@id":"https:\/\/zepestonia.com\/en\/toode\/sewer-aid-fa-4kg\/#breadcrumb","itemListElement":[{"@type":"ListItem","position":1,"name":"Home","item":"https:\/\/zepestonia.com\/en\/"},{"@type":"ListItem","position":2,"name":"Shop","item":"https:\/\/zepestonia.com\/en\/?page_id=4643"},{"@type":"ListItem","position":3,"name":"SEWER AID FA 4kg &#8211; Kiire ummistuse avamise graanulid"}]},{"@type":"WebSite","@id":"https:\/\/zepestonia.com\/en\/#website","url":"https:\/\/zepestonia.com\/en\/","name":"ZEP Eesti I Puhastusvahendid I E-pood","description":"Pakume puhastus- ja hooldusprobleemidele efektiivseid keskkonnas\u00f5bralikke lahendusi!","publisher":{"@id":"https:\/\/zepestonia.com\/en\/#organization"},"potentialAction":[{"@type":"SearchAction","target":{"@type":"EntryPoint","urlTemplate":"https:\/\/zepestonia.com\/en\/?s={search_term_string}"},"query-input":{"@type":"PropertyValueSpecification","valueRequired":true,"valueName":"search_term_string"}}],"inLanguage":"en-US"},{"@type":"Organization","@id":"https:\/\/zepestonia.com\/en\/#organization","name":"Zep Estonia","url":"https:\/\/zepestonia.com\/en\/","logo":{"@type":"ImageObject","inLanguage":"en-US","@id":"https:\/\/zepestonia.com\/en\/#\/schema\/logo\/image\/","url":"https:\/\/zepestonia.com\/wp-content\/uploads\/2022\/03\/Zep-Logo_png.jpeg","contentUrl":"https:\/\/zepestonia.com\/wp-content\/uploads\/2022\/03\/Zep-Logo_png.jpeg","width":109,"height":70,"caption":"Zep Estonia"},"image":{"@id":"https:\/\/zepestonia.com\/en\/#\/schema\/logo\/image\/"},"sameAs":["https:\/\/www.facebook.com\/ZepEesti"]}]}},"_links":{"self":[{"href":"https:\/\/zepestonia.com\/en\/wp-json\/wp\/v2\/product\/2986","targetHints":{"allow":["GET"]}}],"collection":[{"href":"https:\/\/zepestonia.com\/en\/wp-json\/wp\/v2\/product"}],"about":[{"href":"https:\/\/zepestonia.com\/en\/wp-json\/wp\/v2\/types\/product"}],"replies":[{"embeddable":true,"href":"https:\/\/zepestonia.com\/en\/wp-json\/wp\/v2\/comments?post=2986"}],"version-history":[{"count":1,"href":"https:\/\/zepestonia.com\/en\/wp-json\/wp\/v2\/product\/2986\/revisions"}],"predecessor-version":[{"id":12339,"href":"https:\/\/zepestonia.com\/en\/wp-json\/wp\/v2\/product\/2986\/revisions\/12339"}],"wp:featuredmedia":[{"embeddable":true,"href":"https:\/\/zepestonia.com\/en\/wp-json\/wp\/v2\/media\/3907"}],"wp:attachment":[{"href":"https:\/\/zepestonia.com\/en\/wp-json\/wp\/v2\/media?parent=2986"}],"wp:term":[{"taxonomy":"product_brand","embeddable":true,"href":"https:\/\/zepestonia.com\/en\/wp-json\/wp\/v2\/product_brand?post=2986"},{"taxonomy":"product_cat","embeddable":true,"href":"https:\/\/zepestonia.com\/en\/wp-json\/wp\/v2\/product_cat?post=2986"},{"taxonomy":"product_tag","embeddable":true,"href":"https:\/\/zepestonia.com\/en\/wp-json\/wp\/v2\/product_tag?post=2986"}],"curies":[{"name":"wp","href":"https:\/\/api.w.org\/{rel}","templated":true}]}}