{"id":2973,"date":"2021-11-29T19:00:45","date_gmt":"2021-11-29T19:00:45","guid":{"rendered":"https:\/\/zep.valgekana.ee\/toode\/biotect-av\/"},"modified":"2025-07-01T00:24:35","modified_gmt":"2025-07-01T00:24:35","slug":"biotect-av","status":"publish","type":"product","link":"https:\/\/zepestonia.com\/en\/toode\/biotect-av\/","title":{"rendered":"BIOTECT AV 5L &#8211; Puhastus- ja desinfitseerimisvahend"},"content":{"rendered":"<p>Lahjendada toodet j\u00e4rgmiste kontsentratsioonidega:<\/p>\n<p><strong>4-5% puhastav ja desinfitseeriv toime. <\/strong><\/p>\n<ul>\n<li>Kontaktiaeg 15 min. bakteritsiidne ja fungitsiidne toime.<\/li>\n<li>Kontaktiaeg 30 min. t\u00e4ielik virutsiidne toime.<\/li>\n<\/ul>\n<p><strong>2% puhastav ja h\u00fcgieeni tagav toime. <\/strong><\/p>\n<ul>\n<li>T\u00f6\u00f6lahus kanda t\u00f6\u00f6deldavatele pindadele k\u00e4sna, mopi v\u00f5i pihustamise (k\u00e4si- v\u00f5i automaatpihusti) abil.<\/li>\n<li>P\u00e4rast m\u00f5juaega vajadusel ja v\u00f5imalusel loputada pinnad puhta veega \u00fcle.<\/li>\n<li>Siseruume nebuliseerida inimeste \u00e4raolekul.<\/li>\n<li>Enne ruumide taaskasutamist tuulutada need p\u00f5hjalikult.<\/li>\n<\/ul>\n<p>pH 11,2<\/p>\n","protected":false},"excerpt":{"rendered":"<p>Kontsentreeritud puhastus- ja desinfitseerimisvahend, mis on efektiivne paljude bakterite, seente ja viiruste vastu.<br \/>\nSobib ideaalselt erinevate asutuste, k.a. toidu- ja tervishoiuasutuste, pindade, p\u00f5randate, t\u00f6\u00f6riistade ja t\u00f6\u00f6vahendite puhastamiseks ja desinfitseerimiseks.<br \/>\n\u00dchildub k\u00f5igi pestavate pindadega.<br \/>\nDesinfitseerimisvahend on soovitatud lahjendustes ohutu ega kahjusta t\u00f6\u00f6deldavaid pindu.<br \/>\nBiotsiidi reg. nr. 2120\/20<\/p>\n","protected":false},"featured_media":3855,"comment_status":"closed","ping_status":"closed","template":"","meta":[],"product_brand":[],"product_cat":[211],"product_tag":[],"class_list":{"0":"post-2973","1":"product","2":"type-product","3":"status-publish","4":"has-post-thumbnail","6":"product_cat-desinfitseerimine","8":"first","9":"instock","10":"taxable","11":"shipping-taxable","12":"purchasable","13":"product-type-simple"},"yoast_head":"<!-- This site is optimized with the Yoast SEO plugin v26.5 - https:\/\/yoast.com\/wordpress\/plugins\/seo\/ -->\n<title>BIOTECT AV 5L - Puhastus- ja desinfitseerimisvahend I ZEP Eesti<\/title>\n<meta name=\"description\" content=\"Kontsentreeritud puhastus- ja desinfitseerimisvahend, mis on efektiivne paljude bakterite, seente ja viiruste vastu. Vahend \u00fchildub k\u00f5igi pestavate pindadega.\" \/>\n<meta name=\"robots\" content=\"index, follow, max-snippet:-1, max-image-preview:large, max-video-preview:-1\" \/>\n<link rel=\"canonical\" href=\"https:\/\/zepestonia.com\/en\/toode\/biotect-av\/\" \/>\n<meta property=\"og:locale\" content=\"en_US\" \/>\n<meta property=\"og:type\" content=\"article\" \/>\n<meta property=\"og:title\" content=\"BIOTECT AV 5L - Puhastus- ja desinfitseerimisvahend I ZEP Eesti\" \/>\n<meta property=\"og:description\" content=\"Kontsentreeritud puhastus- ja desinfitseerimisvahend, mis on efektiivne paljude bakterite, seente ja viiruste vastu. Vahend \u00fchildub k\u00f5igi pestavate pindadega.\" \/>\n<meta property=\"og:url\" content=\"https:\/\/zepestonia.com\/en\/toode\/biotect-av\/\" \/>\n<meta property=\"og:site_name\" content=\"ZEP Eesti I Puhastusvahendid I E-pood\" \/>\n<meta property=\"article:publisher\" content=\"https:\/\/www.facebook.com\/ZepEesti\" \/>\n<meta property=\"article:modified_time\" content=\"2025-07-01T00:24:35+00:00\" \/>\n<meta property=\"og:image\" content=\"https:\/\/zepestonia.com\/wp-content\/uploads\/2021\/12\/633-60bad59ab19197-05868813-BIOTECT20AV.png\" \/>\n\t<meta property=\"og:image:width\" content=\"400\" \/>\n\t<meta property=\"og:image:height\" content=\"600\" \/>\n\t<meta property=\"og:image:type\" content=\"image\/png\" \/>\n<meta name=\"twitter:card\" content=\"summary_large_image\" \/>\n<script type=\"application\/ld+json\" class=\"yoast-schema-graph\">{\"@context\":\"https:\/\/schema.org\",\"@graph\":[{\"@type\":\"WebPage\",\"@id\":\"https:\/\/zepestonia.com\/en\/toode\/biotect-av\/\",\"url\":\"https:\/\/zepestonia.com\/en\/toode\/biotect-av\/\",\"name\":\"BIOTECT AV 5L - Puhastus- ja desinfitseerimisvahend I ZEP Eesti\",\"isPartOf\":{\"@id\":\"https:\/\/zepestonia.com\/en\/#website\"},\"primaryImageOfPage\":{\"@id\":\"https:\/\/zepestonia.com\/en\/toode\/biotect-av\/#primaryimage\"},\"image\":{\"@id\":\"https:\/\/zepestonia.com\/en\/toode\/biotect-av\/#primaryimage\"},\"thumbnailUrl\":\"https:\/\/zepestonia.com\/wp-content\/uploads\/2021\/12\/633-60bad59ab19197-05868813-BIOTECT20AV.png\",\"datePublished\":\"2021-11-29T19:00:45+00:00\",\"dateModified\":\"2025-07-01T00:24:35+00:00\",\"description\":\"Kontsentreeritud puhastus- ja desinfitseerimisvahend, mis on efektiivne paljude bakterite, seente ja viiruste vastu. Vahend \u00fchildub k\u00f5igi pestavate pindadega.\",\"breadcrumb\":{\"@id\":\"https:\/\/zepestonia.com\/en\/toode\/biotect-av\/#breadcrumb\"},\"inLanguage\":\"en-US\",\"potentialAction\":[{\"@type\":\"ReadAction\",\"target\":[\"https:\/\/zepestonia.com\/en\/toode\/biotect-av\/\"]}]},{\"@type\":\"ImageObject\",\"inLanguage\":\"en-US\",\"@id\":\"https:\/\/zepestonia.com\/en\/toode\/biotect-av\/#primaryimage\",\"url\":\"https:\/\/zepestonia.com\/wp-content\/uploads\/2021\/12\/633-60bad59ab19197-05868813-BIOTECT20AV.png\",\"contentUrl\":\"https:\/\/zepestonia.com\/wp-content\/uploads\/2021\/12\/633-60bad59ab19197-05868813-BIOTECT20AV.png\",\"width\":400,\"height\":600,\"caption\":\"633-60bad59ab19197-05868813-BIOTECT20AV\"},{\"@type\":\"BreadcrumbList\",\"@id\":\"https:\/\/zepestonia.com\/en\/toode\/biotect-av\/#breadcrumb\",\"itemListElement\":[{\"@type\":\"ListItem\",\"position\":1,\"name\":\"Home\",\"item\":\"https:\/\/zepestonia.com\/en\/\"},{\"@type\":\"ListItem\",\"position\":2,\"name\":\"Shop\",\"item\":\"https:\/\/zepestonia.com\/en\/?page_id=4643\"},{\"@type\":\"ListItem\",\"position\":3,\"name\":\"BIOTECT AV 5L &#8211; Puhastus- ja desinfitseerimisvahend\"}]},{\"@type\":\"WebSite\",\"@id\":\"https:\/\/zepestonia.com\/en\/#website\",\"url\":\"https:\/\/zepestonia.com\/en\/\",\"name\":\"ZEP Eesti I Puhastusvahendid I E-pood\",\"description\":\"Pakume puhastus- ja hooldusprobleemidele efektiivseid keskkonnas\u00f5bralikke lahendusi!\",\"publisher\":{\"@id\":\"https:\/\/zepestonia.com\/en\/#organization\"},\"potentialAction\":[{\"@type\":\"SearchAction\",\"target\":{\"@type\":\"EntryPoint\",\"urlTemplate\":\"https:\/\/zepestonia.com\/en\/?s={search_term_string}\"},\"query-input\":{\"@type\":\"PropertyValueSpecification\",\"valueRequired\":true,\"valueName\":\"search_term_string\"}}],\"inLanguage\":\"en-US\"},{\"@type\":\"Organization\",\"@id\":\"https:\/\/zepestonia.com\/en\/#organization\",\"name\":\"Zep Estonia\",\"url\":\"https:\/\/zepestonia.com\/en\/\",\"logo\":{\"@type\":\"ImageObject\",\"inLanguage\":\"en-US\",\"@id\":\"https:\/\/zepestonia.com\/en\/#\/schema\/logo\/image\/\",\"url\":\"https:\/\/zepestonia.com\/wp-content\/uploads\/2022\/03\/Zep-Logo_png.jpeg\",\"contentUrl\":\"https:\/\/zepestonia.com\/wp-content\/uploads\/2022\/03\/Zep-Logo_png.jpeg\",\"width\":109,\"height\":70,\"caption\":\"Zep Estonia\"},\"image\":{\"@id\":\"https:\/\/zepestonia.com\/en\/#\/schema\/logo\/image\/\"},\"sameAs\":[\"https:\/\/www.facebook.com\/ZepEesti\"]}]}<\/script>\n<!-- \/ Yoast SEO plugin. -->","yoast_head_json":{"title":"BIOTECT AV 5L - Puhastus- ja desinfitseerimisvahend I ZEP Eesti","description":"Kontsentreeritud puhastus- ja desinfitseerimisvahend, mis on efektiivne paljude bakterite, seente ja viiruste vastu. Vahend \u00fchildub k\u00f5igi pestavate pindadega.","robots":{"index":"index","follow":"follow","max-snippet":"max-snippet:-1","max-image-preview":"max-image-preview:large","max-video-preview":"max-video-preview:-1"},"canonical":"https:\/\/zepestonia.com\/en\/toode\/biotect-av\/","og_locale":"en_US","og_type":"article","og_title":"BIOTECT AV 5L - Puhastus- ja desinfitseerimisvahend I ZEP Eesti","og_description":"Kontsentreeritud puhastus- ja desinfitseerimisvahend, mis on efektiivne paljude bakterite, seente ja viiruste vastu. Vahend \u00fchildub k\u00f5igi pestavate pindadega.","og_url":"https:\/\/zepestonia.com\/en\/toode\/biotect-av\/","og_site_name":"ZEP Eesti I Puhastusvahendid I E-pood","article_publisher":"https:\/\/www.facebook.com\/ZepEesti","article_modified_time":"2025-07-01T00:24:35+00:00","og_image":[{"width":400,"height":600,"url":"https:\/\/zepestonia.com\/wp-content\/uploads\/2021\/12\/633-60bad59ab19197-05868813-BIOTECT20AV.png","type":"image\/png"}],"twitter_card":"summary_large_image","schema":{"@context":"https:\/\/schema.org","@graph":[{"@type":"WebPage","@id":"https:\/\/zepestonia.com\/en\/toode\/biotect-av\/","url":"https:\/\/zepestonia.com\/en\/toode\/biotect-av\/","name":"BIOTECT AV 5L - Puhastus- ja desinfitseerimisvahend I ZEP Eesti","isPartOf":{"@id":"https:\/\/zepestonia.com\/en\/#website"},"primaryImageOfPage":{"@id":"https:\/\/zepestonia.com\/en\/toode\/biotect-av\/#primaryimage"},"image":{"@id":"https:\/\/zepestonia.com\/en\/toode\/biotect-av\/#primaryimage"},"thumbnailUrl":"https:\/\/zepestonia.com\/wp-content\/uploads\/2021\/12\/633-60bad59ab19197-05868813-BIOTECT20AV.png","datePublished":"2021-11-29T19:00:45+00:00","dateModified":"2025-07-01T00:24:35+00:00","description":"Kontsentreeritud puhastus- ja desinfitseerimisvahend, mis on efektiivne paljude bakterite, seente ja viiruste vastu. Vahend \u00fchildub k\u00f5igi pestavate pindadega.","breadcrumb":{"@id":"https:\/\/zepestonia.com\/en\/toode\/biotect-av\/#breadcrumb"},"inLanguage":"en-US","potentialAction":[{"@type":"ReadAction","target":["https:\/\/zepestonia.com\/en\/toode\/biotect-av\/"]}]},{"@type":"ImageObject","inLanguage":"en-US","@id":"https:\/\/zepestonia.com\/en\/toode\/biotect-av\/#primaryimage","url":"https:\/\/zepestonia.com\/wp-content\/uploads\/2021\/12\/633-60bad59ab19197-05868813-BIOTECT20AV.png","contentUrl":"https:\/\/zepestonia.com\/wp-content\/uploads\/2021\/12\/633-60bad59ab19197-05868813-BIOTECT20AV.png","width":400,"height":600,"caption":"633-60bad59ab19197-05868813-BIOTECT20AV"},{"@type":"BreadcrumbList","@id":"https:\/\/zepestonia.com\/en\/toode\/biotect-av\/#breadcrumb","itemListElement":[{"@type":"ListItem","position":1,"name":"Home","item":"https:\/\/zepestonia.com\/en\/"},{"@type":"ListItem","position":2,"name":"Shop","item":"https:\/\/zepestonia.com\/en\/?page_id=4643"},{"@type":"ListItem","position":3,"name":"BIOTECT AV 5L &#8211; Puhastus- ja desinfitseerimisvahend"}]},{"@type":"WebSite","@id":"https:\/\/zepestonia.com\/en\/#website","url":"https:\/\/zepestonia.com\/en\/","name":"ZEP Eesti I Puhastusvahendid I E-pood","description":"Pakume puhastus- ja hooldusprobleemidele efektiivseid keskkonnas\u00f5bralikke lahendusi!","publisher":{"@id":"https:\/\/zepestonia.com\/en\/#organization"},"potentialAction":[{"@type":"SearchAction","target":{"@type":"EntryPoint","urlTemplate":"https:\/\/zepestonia.com\/en\/?s={search_term_string}"},"query-input":{"@type":"PropertyValueSpecification","valueRequired":true,"valueName":"search_term_string"}}],"inLanguage":"en-US"},{"@type":"Organization","@id":"https:\/\/zepestonia.com\/en\/#organization","name":"Zep Estonia","url":"https:\/\/zepestonia.com\/en\/","logo":{"@type":"ImageObject","inLanguage":"en-US","@id":"https:\/\/zepestonia.com\/en\/#\/schema\/logo\/image\/","url":"https:\/\/zepestonia.com\/wp-content\/uploads\/2022\/03\/Zep-Logo_png.jpeg","contentUrl":"https:\/\/zepestonia.com\/wp-content\/uploads\/2022\/03\/Zep-Logo_png.jpeg","width":109,"height":70,"caption":"Zep Estonia"},"image":{"@id":"https:\/\/zepestonia.com\/en\/#\/schema\/logo\/image\/"},"sameAs":["https:\/\/www.facebook.com\/ZepEesti"]}]}},"_links":{"self":[{"href":"https:\/\/zepestonia.com\/en\/wp-json\/wp\/v2\/product\/2973","targetHints":{"allow":["GET"]}}],"collection":[{"href":"https:\/\/zepestonia.com\/en\/wp-json\/wp\/v2\/product"}],"about":[{"href":"https:\/\/zepestonia.com\/en\/wp-json\/wp\/v2\/types\/product"}],"replies":[{"embeddable":true,"href":"https:\/\/zepestonia.com\/en\/wp-json\/wp\/v2\/comments?post=2973"}],"version-history":[{"count":1,"href":"https:\/\/zepestonia.com\/en\/wp-json\/wp\/v2\/product\/2973\/revisions"}],"predecessor-version":[{"id":12343,"href":"https:\/\/zepestonia.com\/en\/wp-json\/wp\/v2\/product\/2973\/revisions\/12343"}],"wp:featuredmedia":[{"embeddable":true,"href":"https:\/\/zepestonia.com\/en\/wp-json\/wp\/v2\/media\/3855"}],"wp:attachment":[{"href":"https:\/\/zepestonia.com\/en\/wp-json\/wp\/v2\/media?parent=2973"}],"wp:term":[{"taxonomy":"product_brand","embeddable":true,"href":"https:\/\/zepestonia.com\/en\/wp-json\/wp\/v2\/product_brand?post=2973"},{"taxonomy":"product_cat","embeddable":true,"href":"https:\/\/zepestonia.com\/en\/wp-json\/wp\/v2\/product_cat?post=2973"},{"taxonomy":"product_tag","embeddable":true,"href":"https:\/\/zepestonia.com\/en\/wp-json\/wp\/v2\/product_tag?post=2973"}],"curies":[{"name":"wp","href":"https:\/\/api.w.org\/{rel}","templated":true}]}}