{"id":2968,"date":"2021-11-29T19:00:45","date_gmt":"2021-11-29T19:00:45","guid":{"rendered":"https:\/\/zep.valgekana.ee\/toode\/n-124-w-o-1l\/"},"modified":"2026-02-21T01:30:28","modified_gmt":"2026-02-21T01:30:28","slug":"n-124-w-o-1l","status":"publish","type":"product","link":"https:\/\/zepestonia.com\/en\/toode\/n-124-w-o-1l\/","title":{"rendered":"N-124-W.O. 1L  &#8211; Kivi ja betooni s\u00fcvapesuaine"},"content":{"rendered":"<p><strong>M\u00e4\u00e4rdunud pinnad:<\/strong><\/p>\n<ul>\n<li>K\u00e4sipesu&nbsp;&nbsp;&nbsp;&nbsp; 1:20-1:50<\/li>\n<li>Masinpesu&nbsp;&nbsp; 1:50-1:100<\/li>\n<\/ul>\n<p><strong>V\u00e4ga m\u00e4\u00e4rdunud pinnad<\/strong>:<\/p>\n<ul>\n<li>K\u00e4sipesu&nbsp;&nbsp;&nbsp;&nbsp; 1:1-1:5<\/li>\n<li>Masinpesu&nbsp;&nbsp; 1:10-1:50<\/li>\n<\/ul>\n<p>pH <span class=\"markedContent\" id=\"page3R_mcid54\"><span dir=\"ltr\" role=\"presentation\" style=\"left: 149.04px;top: 1007.14px;font-family: sans-serif\">1% lahus&nbsp; 10,5<\/span><span dir=\"ltr\" role=\"presentation\" style=\"left: 323.883px;top: 1007.14px;font-family: sans-serif\">&#8211;<\/span><span dir=\"ltr\" role=\"presentation\" style=\"left: 330.483px;top: 1007.14px;font-family: sans-serif\">11,5<\/span><\/span><br \/>\n<img decoding=\"async\" src=\"https:\/\/cdn.erply.com\/assets\/386945\/file\/hDvMfH2w1EgjEDhy6n0KaZd3ZtPG1aUD78gdm5WhUPbuuX3v9i.jpg\" \/><br \/>\n&nbsp;<\/p>\n","protected":false},"excerpt":{"rendered":"<p>V\u00e4hendatud l\u00f5hna ja vahutavusega puhastuasine tugeva mustuse eemaldamiseks kivi- ja betoonpindadelt, nii k\u00e4si kui masinpesuks.<br \/>\nSegu sisaldab nii m\u00e4rguvaid ja emulgeerivaid vahendeid kui ka rasva ja \u00f5li lahustuvaid aineid.<br \/>\nEi vaja p\u00e4rast kasutamist loputamist.<br \/>\nRegistreeritud NSF A4<\/p>\n","protected":false},"featured_media":4944,"comment_status":"closed","ping_status":"closed","template":"","meta":[],"product_brand":[],"product_cat":[196],"product_tag":[],"class_list":{"0":"post-2968","1":"product","2":"type-product","3":"status-publish","4":"has-post-thumbnail","6":"product_cat-suvapuhastus","8":"first","9":"instock","10":"taxable","11":"shipping-taxable","12":"purchasable","13":"product-type-simple"},"yoast_head":"<!-- This site is optimized with the Yoast SEO plugin v26.5 - https:\/\/yoast.com\/wordpress\/plugins\/seo\/ -->\n<title>N-124-W.O. 1L - Kivi ja betooni s\u00fcvapesuaine I ZEP Eesti<\/title>\n<meta name=\"description\" content=\"V\u00e4hendatud l\u00f5hna ja vahutavusega puhastusaine tugeva mustuse eemaldamiseks kivi- ja betoonpindadelt, nii k\u00e4si kui masinpesuks. Pesuainet ei vaja loputamist.\" \/>\n<meta name=\"robots\" content=\"index, follow, max-snippet:-1, max-image-preview:large, max-video-preview:-1\" \/>\n<link rel=\"canonical\" href=\"https:\/\/zepestonia.com\/en\/toode\/n-124-w-o-1l\/\" \/>\n<meta property=\"og:locale\" content=\"en_US\" \/>\n<meta property=\"og:type\" content=\"article\" \/>\n<meta property=\"og:title\" content=\"N-124-W.O. 1L - Kivi ja betooni s\u00fcvapesuaine I ZEP Eesti\" \/>\n<meta property=\"og:description\" content=\"V\u00e4hendatud l\u00f5hna ja vahutavusega puhastusaine tugeva mustuse eemaldamiseks kivi- ja betoonpindadelt, nii k\u00e4si kui masinpesuks. Pesuainet ei vaja loputamist.\" \/>\n<meta property=\"og:url\" content=\"https:\/\/zepestonia.com\/en\/toode\/n-124-w-o-1l\/\" \/>\n<meta property=\"og:site_name\" content=\"ZEP Eesti I Puhastusvahendid I E-pood\" \/>\n<meta property=\"article:publisher\" content=\"https:\/\/www.facebook.com\/ZepEesti\" \/>\n<meta property=\"article:modified_time\" content=\"2026-02-21T01:30:28+00:00\" \/>\n<meta property=\"og:image\" content=\"https:\/\/zepestonia.com\/wp-content\/uploads\/2022\/02\/N-124-WO-5.png\" \/>\n\t<meta property=\"og:image:width\" content=\"400\" \/>\n\t<meta property=\"og:image:height\" content=\"600\" \/>\n\t<meta property=\"og:image:type\" content=\"image\/png\" \/>\n<meta name=\"twitter:card\" content=\"summary_large_image\" \/>\n<script type=\"application\/ld+json\" class=\"yoast-schema-graph\">{\"@context\":\"https:\/\/schema.org\",\"@graph\":[{\"@type\":\"WebPage\",\"@id\":\"https:\/\/zepestonia.com\/en\/toode\/n-124-w-o-1l\/\",\"url\":\"https:\/\/zepestonia.com\/en\/toode\/n-124-w-o-1l\/\",\"name\":\"N-124-W.O. 1L - Kivi ja betooni s\u00fcvapesuaine I ZEP Eesti\",\"isPartOf\":{\"@id\":\"https:\/\/zepestonia.com\/en\/#website\"},\"primaryImageOfPage\":{\"@id\":\"https:\/\/zepestonia.com\/en\/toode\/n-124-w-o-1l\/#primaryimage\"},\"image\":{\"@id\":\"https:\/\/zepestonia.com\/en\/toode\/n-124-w-o-1l\/#primaryimage\"},\"thumbnailUrl\":\"https:\/\/zepestonia.com\/wp-content\/uploads\/2022\/02\/N-124-WO-5.png\",\"datePublished\":\"2021-11-29T19:00:45+00:00\",\"dateModified\":\"2026-02-21T01:30:28+00:00\",\"description\":\"V\u00e4hendatud l\u00f5hna ja vahutavusega puhastusaine tugeva mustuse eemaldamiseks kivi- ja betoonpindadelt, nii k\u00e4si kui masinpesuks. Pesuainet ei vaja loputamist.\",\"breadcrumb\":{\"@id\":\"https:\/\/zepestonia.com\/en\/toode\/n-124-w-o-1l\/#breadcrumb\"},\"inLanguage\":\"en-US\",\"potentialAction\":[{\"@type\":\"ReadAction\",\"target\":[\"https:\/\/zepestonia.com\/en\/toode\/n-124-w-o-1l\/\"]}]},{\"@type\":\"ImageObject\",\"inLanguage\":\"en-US\",\"@id\":\"https:\/\/zepestonia.com\/en\/toode\/n-124-w-o-1l\/#primaryimage\",\"url\":\"https:\/\/zepestonia.com\/wp-content\/uploads\/2022\/02\/N-124-WO-5.png\",\"contentUrl\":\"https:\/\/zepestonia.com\/wp-content\/uploads\/2022\/02\/N-124-WO-5.png\",\"width\":400,\"height\":600,\"caption\":\"N-124-WO-5\"},{\"@type\":\"BreadcrumbList\",\"@id\":\"https:\/\/zepestonia.com\/en\/toode\/n-124-w-o-1l\/#breadcrumb\",\"itemListElement\":[{\"@type\":\"ListItem\",\"position\":1,\"name\":\"Home\",\"item\":\"https:\/\/zepestonia.com\/en\/\"},{\"@type\":\"ListItem\",\"position\":2,\"name\":\"Shop\",\"item\":\"https:\/\/zepestonia.com\/en\/?page_id=4643\"},{\"@type\":\"ListItem\",\"position\":3,\"name\":\"N-124-W.O. 1L &#8211; Kivi ja betooni s\u00fcvapesuaine\"}]},{\"@type\":\"WebSite\",\"@id\":\"https:\/\/zepestonia.com\/en\/#website\",\"url\":\"https:\/\/zepestonia.com\/en\/\",\"name\":\"ZEP Eesti I Puhastusvahendid I E-pood\",\"description\":\"Pakume puhastus- ja hooldusprobleemidele efektiivseid keskkonnas\u00f5bralikke lahendusi!\",\"publisher\":{\"@id\":\"https:\/\/zepestonia.com\/en\/#organization\"},\"potentialAction\":[{\"@type\":\"SearchAction\",\"target\":{\"@type\":\"EntryPoint\",\"urlTemplate\":\"https:\/\/zepestonia.com\/en\/?s={search_term_string}\"},\"query-input\":{\"@type\":\"PropertyValueSpecification\",\"valueRequired\":true,\"valueName\":\"search_term_string\"}}],\"inLanguage\":\"en-US\"},{\"@type\":\"Organization\",\"@id\":\"https:\/\/zepestonia.com\/en\/#organization\",\"name\":\"Zep Estonia\",\"url\":\"https:\/\/zepestonia.com\/en\/\",\"logo\":{\"@type\":\"ImageObject\",\"inLanguage\":\"en-US\",\"@id\":\"https:\/\/zepestonia.com\/en\/#\/schema\/logo\/image\/\",\"url\":\"https:\/\/zepestonia.com\/wp-content\/uploads\/2022\/03\/Zep-Logo_png.jpeg\",\"contentUrl\":\"https:\/\/zepestonia.com\/wp-content\/uploads\/2022\/03\/Zep-Logo_png.jpeg\",\"width\":109,\"height\":70,\"caption\":\"Zep Estonia\"},\"image\":{\"@id\":\"https:\/\/zepestonia.com\/en\/#\/schema\/logo\/image\/\"},\"sameAs\":[\"https:\/\/www.facebook.com\/ZepEesti\"]}]}<\/script>\n<!-- \/ Yoast SEO plugin. -->","yoast_head_json":{"title":"N-124-W.O. 1L - Kivi ja betooni s\u00fcvapesuaine I ZEP Eesti","description":"V\u00e4hendatud l\u00f5hna ja vahutavusega puhastusaine tugeva mustuse eemaldamiseks kivi- ja betoonpindadelt, nii k\u00e4si kui masinpesuks. Pesuainet ei vaja loputamist.","robots":{"index":"index","follow":"follow","max-snippet":"max-snippet:-1","max-image-preview":"max-image-preview:large","max-video-preview":"max-video-preview:-1"},"canonical":"https:\/\/zepestonia.com\/en\/toode\/n-124-w-o-1l\/","og_locale":"en_US","og_type":"article","og_title":"N-124-W.O. 1L - Kivi ja betooni s\u00fcvapesuaine I ZEP Eesti","og_description":"V\u00e4hendatud l\u00f5hna ja vahutavusega puhastusaine tugeva mustuse eemaldamiseks kivi- ja betoonpindadelt, nii k\u00e4si kui masinpesuks. Pesuainet ei vaja loputamist.","og_url":"https:\/\/zepestonia.com\/en\/toode\/n-124-w-o-1l\/","og_site_name":"ZEP Eesti I Puhastusvahendid I E-pood","article_publisher":"https:\/\/www.facebook.com\/ZepEesti","article_modified_time":"2026-02-21T01:30:28+00:00","og_image":[{"width":400,"height":600,"url":"https:\/\/zepestonia.com\/wp-content\/uploads\/2022\/02\/N-124-WO-5.png","type":"image\/png"}],"twitter_card":"summary_large_image","schema":{"@context":"https:\/\/schema.org","@graph":[{"@type":"WebPage","@id":"https:\/\/zepestonia.com\/en\/toode\/n-124-w-o-1l\/","url":"https:\/\/zepestonia.com\/en\/toode\/n-124-w-o-1l\/","name":"N-124-W.O. 1L - Kivi ja betooni s\u00fcvapesuaine I ZEP Eesti","isPartOf":{"@id":"https:\/\/zepestonia.com\/en\/#website"},"primaryImageOfPage":{"@id":"https:\/\/zepestonia.com\/en\/toode\/n-124-w-o-1l\/#primaryimage"},"image":{"@id":"https:\/\/zepestonia.com\/en\/toode\/n-124-w-o-1l\/#primaryimage"},"thumbnailUrl":"https:\/\/zepestonia.com\/wp-content\/uploads\/2022\/02\/N-124-WO-5.png","datePublished":"2021-11-29T19:00:45+00:00","dateModified":"2026-02-21T01:30:28+00:00","description":"V\u00e4hendatud l\u00f5hna ja vahutavusega puhastusaine tugeva mustuse eemaldamiseks kivi- ja betoonpindadelt, nii k\u00e4si kui masinpesuks. Pesuainet ei vaja loputamist.","breadcrumb":{"@id":"https:\/\/zepestonia.com\/en\/toode\/n-124-w-o-1l\/#breadcrumb"},"inLanguage":"en-US","potentialAction":[{"@type":"ReadAction","target":["https:\/\/zepestonia.com\/en\/toode\/n-124-w-o-1l\/"]}]},{"@type":"ImageObject","inLanguage":"en-US","@id":"https:\/\/zepestonia.com\/en\/toode\/n-124-w-o-1l\/#primaryimage","url":"https:\/\/zepestonia.com\/wp-content\/uploads\/2022\/02\/N-124-WO-5.png","contentUrl":"https:\/\/zepestonia.com\/wp-content\/uploads\/2022\/02\/N-124-WO-5.png","width":400,"height":600,"caption":"N-124-WO-5"},{"@type":"BreadcrumbList","@id":"https:\/\/zepestonia.com\/en\/toode\/n-124-w-o-1l\/#breadcrumb","itemListElement":[{"@type":"ListItem","position":1,"name":"Home","item":"https:\/\/zepestonia.com\/en\/"},{"@type":"ListItem","position":2,"name":"Shop","item":"https:\/\/zepestonia.com\/en\/?page_id=4643"},{"@type":"ListItem","position":3,"name":"N-124-W.O. 1L &#8211; Kivi ja betooni s\u00fcvapesuaine"}]},{"@type":"WebSite","@id":"https:\/\/zepestonia.com\/en\/#website","url":"https:\/\/zepestonia.com\/en\/","name":"ZEP Eesti I Puhastusvahendid I E-pood","description":"Pakume puhastus- ja hooldusprobleemidele efektiivseid keskkonnas\u00f5bralikke lahendusi!","publisher":{"@id":"https:\/\/zepestonia.com\/en\/#organization"},"potentialAction":[{"@type":"SearchAction","target":{"@type":"EntryPoint","urlTemplate":"https:\/\/zepestonia.com\/en\/?s={search_term_string}"},"query-input":{"@type":"PropertyValueSpecification","valueRequired":true,"valueName":"search_term_string"}}],"inLanguage":"en-US"},{"@type":"Organization","@id":"https:\/\/zepestonia.com\/en\/#organization","name":"Zep Estonia","url":"https:\/\/zepestonia.com\/en\/","logo":{"@type":"ImageObject","inLanguage":"en-US","@id":"https:\/\/zepestonia.com\/en\/#\/schema\/logo\/image\/","url":"https:\/\/zepestonia.com\/wp-content\/uploads\/2022\/03\/Zep-Logo_png.jpeg","contentUrl":"https:\/\/zepestonia.com\/wp-content\/uploads\/2022\/03\/Zep-Logo_png.jpeg","width":109,"height":70,"caption":"Zep Estonia"},"image":{"@id":"https:\/\/zepestonia.com\/en\/#\/schema\/logo\/image\/"},"sameAs":["https:\/\/www.facebook.com\/ZepEesti"]}]}},"_links":{"self":[{"href":"https:\/\/zepestonia.com\/en\/wp-json\/wp\/v2\/product\/2968","targetHints":{"allow":["GET"]}}],"collection":[{"href":"https:\/\/zepestonia.com\/en\/wp-json\/wp\/v2\/product"}],"about":[{"href":"https:\/\/zepestonia.com\/en\/wp-json\/wp\/v2\/types\/product"}],"replies":[{"embeddable":true,"href":"https:\/\/zepestonia.com\/en\/wp-json\/wp\/v2\/comments?post=2968"}],"version-history":[{"count":4,"href":"https:\/\/zepestonia.com\/en\/wp-json\/wp\/v2\/product\/2968\/revisions"}],"predecessor-version":[{"id":14209,"href":"https:\/\/zepestonia.com\/en\/wp-json\/wp\/v2\/product\/2968\/revisions\/14209"}],"wp:featuredmedia":[{"embeddable":true,"href":"https:\/\/zepestonia.com\/en\/wp-json\/wp\/v2\/media\/4944"}],"wp:attachment":[{"href":"https:\/\/zepestonia.com\/en\/wp-json\/wp\/v2\/media?parent=2968"}],"wp:term":[{"taxonomy":"product_brand","embeddable":true,"href":"https:\/\/zepestonia.com\/en\/wp-json\/wp\/v2\/product_brand?post=2968"},{"taxonomy":"product_cat","embeddable":true,"href":"https:\/\/zepestonia.com\/en\/wp-json\/wp\/v2\/product_cat?post=2968"},{"taxonomy":"product_tag","embeddable":true,"href":"https:\/\/zepestonia.com\/en\/wp-json\/wp\/v2\/product_tag?post=2968"}],"curies":[{"name":"wp","href":"https:\/\/api.w.org\/{rel}","templated":true}]}}