{"id":2966,"date":"2021-11-29T19:00:45","date_gmt":"2021-11-29T19:00:45","guid":{"rendered":"https:\/\/zep.valgekana.ee\/toode\/carpet86-5l\/"},"modified":"2026-03-11T00:00:06","modified_gmt":"2026-03-11T00:00:06","slug":"carpet86-5l","status":"publish","type":"product","link":"https:\/\/zepestonia.com\/en\/toode\/carpet86-5l\/","title":{"rendered":"Carpet&#8217;86  5L &#8211; Vaiba\u0161ampoon masinpesuks"},"content":{"rendered":"<ul>\n<li><span style=\"font-family:arial,helvetica,sans-serif\"><span style=\"font-size:14px\"><span class=\"markedContent\" id=\"page3R_mcid58\"><span dir=\"ltr\" role=\"presentation\" style=\"left: 150.04px;top: 1031.39px\">V\u00e4ga tugeva m\u00e4\u00e4rdumise<\/span><span dir=\"ltr\" role=\"presentation\" style=\"left: 377.82px;top: 1031.39px\"> <\/span><span dir=\"ltr\" role=\"presentation\" style=\"left: 389.283px;top: 1031.39px\">korral k<\/span><span dir=\"ltr\" role=\"presentation\" style=\"left: 454.883px;top: 1031.39px\">asutada lahust<\/span><span dir=\"ltr\" role=\"presentation\" style=\"left: 584.943px;top: 1031.39px\"> <\/span><span dir=\"ltr\" role=\"presentation\" style=\"left: 590.517px;top: 1031.39px\">1:20<\/span><span dir=\"ltr\" role=\"presentation\" style=\"left: 629.517px;top: 1031.39px\">&#8211;<\/span><span dir=\"ltr\" role=\"presentation\" style=\"left: 636.117px;top: 1031.39px\">30 (vajab loputamist)<\/span><\/span><\/span><\/span><\/li>\n<li><span style=\"font-family:arial,helvetica,sans-serif\"><span style=\"font-size:14px\"><span class=\"markedContent\" id=\"page3R_mcid59\"><span dir=\"ltr\" role=\"presentation\" style=\"left: 150.04px;top: 1055.59px\">Tugeva m\u00e4\u00e4rdumise korral k<\/span><span dir=\"ltr\" role=\"presentation\" style=\"left: 403.483px;top: 1055.59px\">asutada lahust<\/span><span dir=\"ltr\" role=\"presentation\" style=\"left: 533.503px;top: 1055.59px\"> <\/span><span dir=\"ltr\" role=\"presentation\" style=\"left: 539.317px;top: 1055.59px\">1:<\/span><span dir=\"ltr\" role=\"presentation\" style=\"left: 555.917px;top: 1055.59px\">50<\/span><span dir=\"ltr\" role=\"presentation\" style=\"left: 578.317px;top: 1055.59px\">&#8211;<\/span><span dir=\"ltr\" role=\"presentation\" style=\"left: 584.917px;top: 1055.59px\">6<\/span><span dir=\"ltr\" role=\"presentation\" style=\"left: 596.117px;top: 1055.59px\">0<\/span><span dir=\"ltr\" role=\"presentation\" style=\"left: 607.237px;top: 1055.59px\"> <\/span><span dir=\"ltr\" role=\"presentation\" style=\"left: 612.717px;top: 1055.59px\">(ei vaja loputamist)<\/span><\/span><\/span><\/span><\/li>\n<li><span style=\"font-family:arial,helvetica,sans-serif\"><span style=\"font-size:14px\"><span class=\"markedContent\" id=\"page3R_mcid60\"><span dir=\"ltr\" role=\"presentation\" style=\"left: 150.04px;top: 1079.99px\">Keskmine m\u00e4\u00e4rdumine<\/span><span dir=\"ltr\" role=\"presentation\" style=\"left: 354.56px;top: 1079.99px\"> <\/span><span dir=\"ltr\" role=\"presentation\" style=\"left: 360.283px;top: 1079.99px\">1:<\/span><span dir=\"ltr\" role=\"presentation\" style=\"left: 377.083px;top: 1079.99px\">100<\/span> &#8211; 130<span dir=\"ltr\" role=\"presentation\" style=\"left: 450.403px;top: 1079.99px\"> <\/span><span dir=\"ltr\" role=\"presentation\" style=\"left: 456.083px;top: 1079.99px\">(ei vaja loputamist)<\/span><\/span><\/span><\/span><\/li>\n<li><span style=\"font-family:arial,helvetica,sans-serif\"><span style=\"font-size:14px\"><span class=\"markedContent\" id=\"page3R_mcid61\"><span dir=\"ltr\" role=\"presentation\" style=\"left: 150.04px;top: 1104.39px\">Kuuma vee kasutam<\/span><span dir=\"ltr\" role=\"presentation\" style=\"left: 332.683px;top: 1104.39px\">ine kergendab vaiba puhastamist<\/span><\/span><\/span><\/span><\/li>\n<li><span style=\"font-family:arial,helvetica,sans-serif\"><span style=\"font-size:14px\"><span class=\"markedContent\" id=\"page3R_mcid62\"><span dir=\"ltr\" role=\"presentation\" style=\"left: 150.04px;top: 1128.59px\">Puhastada vasta<\/span><span dir=\"ltr\" role=\"presentation\" style=\"left: 299.233px;top: 1128.59px\">valt masina kasutus<\/span><span dir=\"ltr\" role=\"presentation\" style=\"left: 475.083px;top: 1128.59px\">juhenditele<\/span><\/span><\/span><\/span><\/li>\n<li><span style=\"font-family:arial,helvetica,sans-serif\"><span style=\"font-size:14px\"><span class=\"markedContent\" id=\"page3R_mcid63\"><span dir=\"ltr\" role=\"presentation\" style=\"left: 150.04px;top: 1152.99px\">Kuivamisaeg<\/span><span dir=\"ltr\" role=\"presentation\" style=\"left: 264.68px;top: 1152.99px\"> <\/span><span dir=\"ltr\" role=\"presentation\" style=\"left: 275.833px;top: 1152.99px\">2<\/span><span dir=\"ltr\" role=\"presentation\" style=\"left: 286.953px;top: 1152.99px\"> <\/span><span dir=\"ltr\" role=\"presentation\" style=\"left: 292.633px;top: 1152.99px\">&#8211;<\/span><span dir=\"ltr\" role=\"presentation\" style=\"left: 299.293px;top: 1152.99px\"> <\/span><span dir=\"ltr\" role=\"presentation\" style=\"left: 304.633px;top: 1152.99px\">6<\/span><span dir=\"ltr\" role=\"presentation\" style=\"left: 315.753px;top: 1152.99px\"> <\/span><span dir=\"ltr\" role=\"presentation\" style=\"left: 321.483px;top: 1152.99px\">tundi<\/span><\/span><\/span><\/span><\/li>\n<li><span style=\"font-size:14px\"><span style=\"font-family:arial,helvetica,sans-serif\"><span class=\"markedContent\" id=\"page40R_mcid0\"><span dir=\"ltr\" role=\"presentation\" style=\"left: 142.24px;top: 222.261px\">M\u00f5ned vaiba tekstuurid ei ole<\/span><span dir=\"ltr\" role=\"presentation\" style=\"left: 402.36px;top: 222.261px\"> <\/span><span dir=\"ltr\" role=\"presentation\" style=\"left: 408.283px;top: 222.261px\">v\u00e4rvikindlad<\/span><span dir=\"ltr\" role=\"presentation\" style=\"left: 513.883px;top: 222.261px\">, seet\u00f5ttu<\/span><span dir=\"ltr\" role=\"presentation\" style=\"left: 596.103px;top: 222.261px\"> <\/span><span dir=\"ltr\" role=\"presentation\" style=\"left: 607.317px;top: 222.261px\">testida<\/span><span dir=\"ltr\" role=\"presentation\" style=\"left: 666.197px;top: 222.261px\"> <\/span><span dir=\"ltr\" role=\"presentation\" style=\"left: 671.717px;top: 222.261px\">t<\/span><span dir=\"ltr\" role=\"presentation\" style=\"left: 677.317px;top: 222.261px\">oodet<\/span><span dir=\"ltr\" role=\"presentation\" style=\"left: 727.417px;top: 222.261px\"> <\/span><span dir=\"ltr\" role=\"presentation\" style=\"left: 732.917px;top: 222.261px\">enne kasutamist<\/span><span dir=\"ltr\" role=\"presentation\" style=\"left: 90px;top: 245.261px\">n\u00e4htamatus kohas.<\/span><\/span><\/span><\/span><\/li>\n<li><span style=\"font-size:14px\"><span style=\"font-family:arial,helvetica,sans-serif\"><span class=\"markedContent\"><span dir=\"ltr\" role=\"presentation\" style=\"left: 90px;top: 268.261px\">Ei soovitata vaipadele, mida on<\/span><span dir=\"ltr\" role=\"presentation\" style=\"left: 366.94px;top: 268.261px\"> <\/span><span dir=\"ltr\" role=\"presentation\" style=\"left: 372.683px;top: 268.261px\">t\u00f6\u00f6deldud hooldusvahendiga ja mille puhast<\/span><span dir=\"ltr\" role=\"presentation\" style=\"left: 761.967px;top: 268.261px\">usvahendi<\/span><span dir=\"ltr\" role=\"presentation\" style=\"left: 853.127px;top: 268.261px\"> <\/span><span dir=\"ltr\" role=\"presentation\" style=\"left: 858.767px;top: 268.261px\">pH<\/span> <span dir=\"ltr\" role=\"presentation\" style=\"left: 90px;top: 291.261px\">peab olema 10.0 v<\/span><span dir=\"ltr\" role=\"presentation\" style=\"left: 254.633px;top: 291.261px\">\u00f5i v\u00e4hem.<\/span><\/span><\/span><\/span><\/li>\n<\/ul>\n<p><span style=\"font-family:arial,helvetica,sans-serif\"><span style=\"font-size:14px\"><span class=\"markedContent\" id=\"page40R_mcid17\"><span dir=\"ltr\" role=\"presentation\" style=\"left: 150.04px;top: 544.311px\">pH (kontsentraat):<\/span><\/span><span class=\"markedContent\" id=\"page40R_mcid18\"><span dir=\"ltr\" role=\"presentation\" style=\"left: 322.2px;top: 544.311px\"> <\/span><span dir=\"ltr\" role=\"presentation\" style=\"left: 414.083px;top: 544.311px\">10.0<\/span><span dir=\"ltr\" role=\"presentation\" style=\"left: 453.283px;top: 544.311px\">&#8211;<\/span><span dir=\"ltr\" role=\"presentation\" style=\"left: 459.883px;top: 544.311px\">11.0<\/span><\/span><br role=\"presentation\" \/><br \/>\n<span class=\"markedContent\" id=\"page40R_mcid19\"><span dir=\"ltr\" role=\"presentation\" style=\"left: 150.04px;top: 567.311px\">pH (lahus 1:1<\/span><span dir=\"ltr\" role=\"presentation\" style=\"left: 275.833px;top: 567.311px\">30<\/span><span dir=\"ltr\" role=\"presentation\" style=\"left: 298.033px;top: 567.311px\">):<\/span><\/span><span class=\"markedContent\" id=\"page40R_mcid20\"><span dir=\"ltr\" role=\"presentation\" style=\"left: 311.293px;top: 567.311px\"> <\/span><span dir=\"ltr\" role=\"presentation\" style=\"left: 414.083px;top: 567.311px\">9.5<\/span><span dir=\"ltr\" role=\"presentation\" style=\"left: 442.083px;top: 567.311px\">&#8211;<\/span><span dir=\"ltr\" role=\"presentation\" style=\"left: 448.683px;top: 567.311px\">10.5<\/span><\/span><\/span><\/span><br \/>\n&nbsp;<\/p>\n","protected":false},"excerpt":{"rendered":"<p>Spetsiaalne tugevatoimeline segu lahustab ja eemaldab kiiresti sisses\u00f6\u00f6binud mustuse, rasva, \u0161ampooni j\u00e4\u00e4gid ja paljud sisses\u00f6\u00f6binud plekid.<br \/>\nPuhastab efektiivselt k\u00f5iki t\u00fc\u00fcpi vaipkatteid k.a. narmas- ja pl\u00fc\u00fcsvaibad.<br \/>\nOhutu k\u00f5ikidele vaibakoostistele (nailon, akr\u00fc\u00fcl, monoakr\u00fc\u00fcl, pol\u00fcester, vill, olefiin).<br \/>\nSettimisvastaste komponentidega, et v\u00e4hendada vaibastruktuuri uuesti m\u00e4\u00e4rdumist.<br \/>\nIdeaalne kasutamiseks lennujaamades, toitlustusasutustes, kinnisvarahoolduses, lasteasutustes, hotellides, haridusasutustes jne.<br \/>\nK\u00f5ik koostisained on biolagunevad.<\/p>\n","protected":false},"featured_media":3888,"comment_status":"closed","ping_status":"closed","template":"","meta":[],"product_brand":[],"product_cat":[196],"product_tag":[],"class_list":{"0":"post-2966","1":"product","2":"type-product","3":"status-publish","4":"has-post-thumbnail","6":"product_cat-suvapuhastus","8":"first","9":"instock","10":"taxable","11":"shipping-taxable","12":"purchasable","13":"product-type-simple"},"yoast_head":"<!-- This site is optimized with the Yoast SEO plugin v26.5 - https:\/\/yoast.com\/wordpress\/plugins\/seo\/ -->\n<title>Carpet&#039;86 5L - Vaiba\u0161ampoon masinpesuks I ZEP Eesti<\/title>\n<meta name=\"description\" content=\"Spetsiaalne tugevatoimeline segu lahustab ja eemaldab kiiresti sisses\u00f6\u00f6binud mustuse, rasva, \u0161ampooni j\u00e4\u00e4gid ja sisses\u00f6\u00f6binud plekid. K\u00f5iki t\u00fc\u00fcpi vaipkatetele.\" \/>\n<meta name=\"robots\" content=\"index, follow, max-snippet:-1, max-image-preview:large, max-video-preview:-1\" \/>\n<link rel=\"canonical\" href=\"https:\/\/zepestonia.com\/en\/toode\/carpet86-5l\/\" \/>\n<meta property=\"og:locale\" content=\"en_US\" \/>\n<meta property=\"og:type\" content=\"article\" \/>\n<meta property=\"og:title\" content=\"Carpet&#039;86 5L - Vaiba\u0161ampoon masinpesuks I ZEP Eesti\" \/>\n<meta property=\"og:description\" content=\"Spetsiaalne tugevatoimeline segu lahustab ja eemaldab kiiresti sisses\u00f6\u00f6binud mustuse, rasva, \u0161ampooni j\u00e4\u00e4gid ja sisses\u00f6\u00f6binud plekid. K\u00f5iki t\u00fc\u00fcpi vaipkatetele.\" \/>\n<meta property=\"og:url\" content=\"https:\/\/zepestonia.com\/en\/toode\/carpet86-5l\/\" \/>\n<meta property=\"og:site_name\" content=\"ZEP Eesti I Puhastusvahendid I E-pood\" \/>\n<meta property=\"article:publisher\" content=\"https:\/\/www.facebook.com\/ZepEesti\" \/>\n<meta property=\"article:modified_time\" content=\"2026-03-11T00:00:06+00:00\" \/>\n<meta property=\"og:image\" content=\"https:\/\/zepestonia.com\/wp-content\/uploads\/2021\/12\/49-60bb249e0ed256-94018284-CARPET2786.png\" \/>\n\t<meta property=\"og:image:width\" content=\"400\" \/>\n\t<meta property=\"og:image:height\" content=\"600\" \/>\n\t<meta property=\"og:image:type\" content=\"image\/png\" \/>\n<meta name=\"twitter:card\" content=\"summary_large_image\" \/>\n<script type=\"application\/ld+json\" class=\"yoast-schema-graph\">{\"@context\":\"https:\/\/schema.org\",\"@graph\":[{\"@type\":\"WebPage\",\"@id\":\"https:\/\/zepestonia.com\/en\/toode\/carpet86-5l\/\",\"url\":\"https:\/\/zepestonia.com\/en\/toode\/carpet86-5l\/\",\"name\":\"Carpet'86 5L - Vaiba\u0161ampoon masinpesuks I ZEP Eesti\",\"isPartOf\":{\"@id\":\"https:\/\/zepestonia.com\/en\/#website\"},\"primaryImageOfPage\":{\"@id\":\"https:\/\/zepestonia.com\/en\/toode\/carpet86-5l\/#primaryimage\"},\"image\":{\"@id\":\"https:\/\/zepestonia.com\/en\/toode\/carpet86-5l\/#primaryimage\"},\"thumbnailUrl\":\"https:\/\/zepestonia.com\/wp-content\/uploads\/2021\/12\/49-60bb249e0ed256-94018284-CARPET2786.png\",\"datePublished\":\"2021-11-29T19:00:45+00:00\",\"dateModified\":\"2026-03-11T00:00:06+00:00\",\"description\":\"Spetsiaalne tugevatoimeline segu lahustab ja eemaldab kiiresti sisses\u00f6\u00f6binud mustuse, rasva, \u0161ampooni j\u00e4\u00e4gid ja sisses\u00f6\u00f6binud plekid. K\u00f5iki t\u00fc\u00fcpi vaipkatetele.\",\"breadcrumb\":{\"@id\":\"https:\/\/zepestonia.com\/en\/toode\/carpet86-5l\/#breadcrumb\"},\"inLanguage\":\"en-US\",\"potentialAction\":[{\"@type\":\"ReadAction\",\"target\":[\"https:\/\/zepestonia.com\/en\/toode\/carpet86-5l\/\"]}]},{\"@type\":\"ImageObject\",\"inLanguage\":\"en-US\",\"@id\":\"https:\/\/zepestonia.com\/en\/toode\/carpet86-5l\/#primaryimage\",\"url\":\"https:\/\/zepestonia.com\/wp-content\/uploads\/2021\/12\/49-60bb249e0ed256-94018284-CARPET2786.png\",\"contentUrl\":\"https:\/\/zepestonia.com\/wp-content\/uploads\/2021\/12\/49-60bb249e0ed256-94018284-CARPET2786.png\",\"width\":400,\"height\":600,\"caption\":\"49-60bb249e0ed256-94018284-CARPET2786\"},{\"@type\":\"BreadcrumbList\",\"@id\":\"https:\/\/zepestonia.com\/en\/toode\/carpet86-5l\/#breadcrumb\",\"itemListElement\":[{\"@type\":\"ListItem\",\"position\":1,\"name\":\"Home\",\"item\":\"https:\/\/zepestonia.com\/en\/\"},{\"@type\":\"ListItem\",\"position\":2,\"name\":\"Shop\",\"item\":\"https:\/\/zepestonia.com\/en\/?page_id=4643\"},{\"@type\":\"ListItem\",\"position\":3,\"name\":\"Carpet&#8217;86 5L &#8211; Vaiba\u0161ampoon masinpesuks\"}]},{\"@type\":\"WebSite\",\"@id\":\"https:\/\/zepestonia.com\/en\/#website\",\"url\":\"https:\/\/zepestonia.com\/en\/\",\"name\":\"ZEP Eesti I Puhastusvahendid I E-pood\",\"description\":\"Pakume puhastus- ja hooldusprobleemidele efektiivseid keskkonnas\u00f5bralikke lahendusi!\",\"publisher\":{\"@id\":\"https:\/\/zepestonia.com\/en\/#organization\"},\"potentialAction\":[{\"@type\":\"SearchAction\",\"target\":{\"@type\":\"EntryPoint\",\"urlTemplate\":\"https:\/\/zepestonia.com\/en\/?s={search_term_string}\"},\"query-input\":{\"@type\":\"PropertyValueSpecification\",\"valueRequired\":true,\"valueName\":\"search_term_string\"}}],\"inLanguage\":\"en-US\"},{\"@type\":\"Organization\",\"@id\":\"https:\/\/zepestonia.com\/en\/#organization\",\"name\":\"Zep Estonia\",\"url\":\"https:\/\/zepestonia.com\/en\/\",\"logo\":{\"@type\":\"ImageObject\",\"inLanguage\":\"en-US\",\"@id\":\"https:\/\/zepestonia.com\/en\/#\/schema\/logo\/image\/\",\"url\":\"https:\/\/zepestonia.com\/wp-content\/uploads\/2022\/03\/Zep-Logo_png.jpeg\",\"contentUrl\":\"https:\/\/zepestonia.com\/wp-content\/uploads\/2022\/03\/Zep-Logo_png.jpeg\",\"width\":109,\"height\":70,\"caption\":\"Zep Estonia\"},\"image\":{\"@id\":\"https:\/\/zepestonia.com\/en\/#\/schema\/logo\/image\/\"},\"sameAs\":[\"https:\/\/www.facebook.com\/ZepEesti\"]}]}<\/script>\n<!-- \/ Yoast SEO plugin. -->","yoast_head_json":{"title":"Carpet'86 5L - Vaiba\u0161ampoon masinpesuks I ZEP Eesti","description":"Spetsiaalne tugevatoimeline segu lahustab ja eemaldab kiiresti sisses\u00f6\u00f6binud mustuse, rasva, \u0161ampooni j\u00e4\u00e4gid ja sisses\u00f6\u00f6binud plekid. K\u00f5iki t\u00fc\u00fcpi vaipkatetele.","robots":{"index":"index","follow":"follow","max-snippet":"max-snippet:-1","max-image-preview":"max-image-preview:large","max-video-preview":"max-video-preview:-1"},"canonical":"https:\/\/zepestonia.com\/en\/toode\/carpet86-5l\/","og_locale":"en_US","og_type":"article","og_title":"Carpet'86 5L - Vaiba\u0161ampoon masinpesuks I ZEP Eesti","og_description":"Spetsiaalne tugevatoimeline segu lahustab ja eemaldab kiiresti sisses\u00f6\u00f6binud mustuse, rasva, \u0161ampooni j\u00e4\u00e4gid ja sisses\u00f6\u00f6binud plekid. K\u00f5iki t\u00fc\u00fcpi vaipkatetele.","og_url":"https:\/\/zepestonia.com\/en\/toode\/carpet86-5l\/","og_site_name":"ZEP Eesti I Puhastusvahendid I E-pood","article_publisher":"https:\/\/www.facebook.com\/ZepEesti","article_modified_time":"2026-03-11T00:00:06+00:00","og_image":[{"width":400,"height":600,"url":"https:\/\/zepestonia.com\/wp-content\/uploads\/2021\/12\/49-60bb249e0ed256-94018284-CARPET2786.png","type":"image\/png"}],"twitter_card":"summary_large_image","schema":{"@context":"https:\/\/schema.org","@graph":[{"@type":"WebPage","@id":"https:\/\/zepestonia.com\/en\/toode\/carpet86-5l\/","url":"https:\/\/zepestonia.com\/en\/toode\/carpet86-5l\/","name":"Carpet'86 5L - Vaiba\u0161ampoon masinpesuks I ZEP Eesti","isPartOf":{"@id":"https:\/\/zepestonia.com\/en\/#website"},"primaryImageOfPage":{"@id":"https:\/\/zepestonia.com\/en\/toode\/carpet86-5l\/#primaryimage"},"image":{"@id":"https:\/\/zepestonia.com\/en\/toode\/carpet86-5l\/#primaryimage"},"thumbnailUrl":"https:\/\/zepestonia.com\/wp-content\/uploads\/2021\/12\/49-60bb249e0ed256-94018284-CARPET2786.png","datePublished":"2021-11-29T19:00:45+00:00","dateModified":"2026-03-11T00:00:06+00:00","description":"Spetsiaalne tugevatoimeline segu lahustab ja eemaldab kiiresti sisses\u00f6\u00f6binud mustuse, rasva, \u0161ampooni j\u00e4\u00e4gid ja sisses\u00f6\u00f6binud plekid. K\u00f5iki t\u00fc\u00fcpi vaipkatetele.","breadcrumb":{"@id":"https:\/\/zepestonia.com\/en\/toode\/carpet86-5l\/#breadcrumb"},"inLanguage":"en-US","potentialAction":[{"@type":"ReadAction","target":["https:\/\/zepestonia.com\/en\/toode\/carpet86-5l\/"]}]},{"@type":"ImageObject","inLanguage":"en-US","@id":"https:\/\/zepestonia.com\/en\/toode\/carpet86-5l\/#primaryimage","url":"https:\/\/zepestonia.com\/wp-content\/uploads\/2021\/12\/49-60bb249e0ed256-94018284-CARPET2786.png","contentUrl":"https:\/\/zepestonia.com\/wp-content\/uploads\/2021\/12\/49-60bb249e0ed256-94018284-CARPET2786.png","width":400,"height":600,"caption":"49-60bb249e0ed256-94018284-CARPET2786"},{"@type":"BreadcrumbList","@id":"https:\/\/zepestonia.com\/en\/toode\/carpet86-5l\/#breadcrumb","itemListElement":[{"@type":"ListItem","position":1,"name":"Home","item":"https:\/\/zepestonia.com\/en\/"},{"@type":"ListItem","position":2,"name":"Shop","item":"https:\/\/zepestonia.com\/en\/?page_id=4643"},{"@type":"ListItem","position":3,"name":"Carpet&#8217;86 5L &#8211; Vaiba\u0161ampoon masinpesuks"}]},{"@type":"WebSite","@id":"https:\/\/zepestonia.com\/en\/#website","url":"https:\/\/zepestonia.com\/en\/","name":"ZEP Eesti I Puhastusvahendid I E-pood","description":"Pakume puhastus- ja hooldusprobleemidele efektiivseid keskkonnas\u00f5bralikke lahendusi!","publisher":{"@id":"https:\/\/zepestonia.com\/en\/#organization"},"potentialAction":[{"@type":"SearchAction","target":{"@type":"EntryPoint","urlTemplate":"https:\/\/zepestonia.com\/en\/?s={search_term_string}"},"query-input":{"@type":"PropertyValueSpecification","valueRequired":true,"valueName":"search_term_string"}}],"inLanguage":"en-US"},{"@type":"Organization","@id":"https:\/\/zepestonia.com\/en\/#organization","name":"Zep Estonia","url":"https:\/\/zepestonia.com\/en\/","logo":{"@type":"ImageObject","inLanguage":"en-US","@id":"https:\/\/zepestonia.com\/en\/#\/schema\/logo\/image\/","url":"https:\/\/zepestonia.com\/wp-content\/uploads\/2022\/03\/Zep-Logo_png.jpeg","contentUrl":"https:\/\/zepestonia.com\/wp-content\/uploads\/2022\/03\/Zep-Logo_png.jpeg","width":109,"height":70,"caption":"Zep Estonia"},"image":{"@id":"https:\/\/zepestonia.com\/en\/#\/schema\/logo\/image\/"},"sameAs":["https:\/\/www.facebook.com\/ZepEesti"]}]}},"_links":{"self":[{"href":"https:\/\/zepestonia.com\/en\/wp-json\/wp\/v2\/product\/2966","targetHints":{"allow":["GET"]}}],"collection":[{"href":"https:\/\/zepestonia.com\/en\/wp-json\/wp\/v2\/product"}],"about":[{"href":"https:\/\/zepestonia.com\/en\/wp-json\/wp\/v2\/types\/product"}],"replies":[{"embeddable":true,"href":"https:\/\/zepestonia.com\/en\/wp-json\/wp\/v2\/comments?post=2966"}],"version-history":[{"count":2,"href":"https:\/\/zepestonia.com\/en\/wp-json\/wp\/v2\/product\/2966\/revisions"}],"predecessor-version":[{"id":11285,"href":"https:\/\/zepestonia.com\/en\/wp-json\/wp\/v2\/product\/2966\/revisions\/11285"}],"wp:featuredmedia":[{"embeddable":true,"href":"https:\/\/zepestonia.com\/en\/wp-json\/wp\/v2\/media\/3888"}],"wp:attachment":[{"href":"https:\/\/zepestonia.com\/en\/wp-json\/wp\/v2\/media?parent=2966"}],"wp:term":[{"taxonomy":"product_brand","embeddable":true,"href":"https:\/\/zepestonia.com\/en\/wp-json\/wp\/v2\/product_brand?post=2966"},{"taxonomy":"product_cat","embeddable":true,"href":"https:\/\/zepestonia.com\/en\/wp-json\/wp\/v2\/product_cat?post=2966"},{"taxonomy":"product_tag","embeddable":true,"href":"https:\/\/zepestonia.com\/en\/wp-json\/wp\/v2\/product_tag?post=2966"}],"curies":[{"name":"wp","href":"https:\/\/api.w.org\/{rel}","templated":true}]}}