{"id":2965,"date":"2021-11-29T19:00:45","date_gmt":"2021-11-29T19:00:45","guid":{"rendered":"https:\/\/zep.valgekana.ee\/toode\/battery-fox-sprayer\/"},"modified":"2025-07-01T00:23:50","modified_gmt":"2025-07-01T00:23:50","slug":"battery-fox-sprayer","status":"publish","type":"product","link":"https:\/\/zepestonia.com\/en\/toode\/battery-fox-sprayer\/","title":{"rendered":"BATTERY FOX SPRAYER &#8211; Akutoitel prits"},"content":{"rendered":"<ul>\n<li>T\u00f6\u00f6r\u00f5hk<strong> 0,5-5 baari<\/strong><\/li>\n<li>Pihustusvooliku pikkus 1,5 m<\/li>\n<li>Paagi maht <strong>12 L<\/strong><\/li>\n<li>Laetav liitiumaku 12 Vdc 6 Ah 72 Wh<\/li>\n<li>Aku laadimisaeg 2 baari \u2013 kuni 9 tundi<\/li>\n<li>\u00dcldm\u00f5\u00f5tmed (PxLxK) mm 365 x 230 x 575<\/li>\n<li>Kaal 3,5 kg<\/li>\n<li>Paagi materjal pol\u00fcprop\u00fcleen<\/li>\n<\/ul>\n<p>&nbsp;<\/p>\n","protected":false},"excerpt":{"rendered":"<p>Seljas kantav ergonoomiline prits erinevate ainete pihustamiseks<br \/>\nAkutoitel, reguleeritava survega.<\/p>\n","protected":false},"featured_media":3852,"comment_status":"closed","ping_status":"closed","template":"","meta":[],"product_brand":[],"product_cat":[191],"product_tag":[],"class_list":{"0":"post-2965","1":"product","2":"type-product","3":"status-publish","4":"has-post-thumbnail","6":"product_cat-tarvikud","8":"first","9":"instock","10":"taxable","11":"shipping-taxable","12":"purchasable","13":"product-type-simple"},"yoast_head":"<!-- This site is optimized with the Yoast SEO plugin v26.5 - https:\/\/yoast.com\/wordpress\/plugins\/seo\/ -->\n<title>BATTERY FOX SPRAYER - Akutoitel prits, seljas kantav I ZEP Eesti<\/title>\n<meta name=\"description\" content=\"Seljas kantav ergonoomiline prits erinevate ainete pihustamiseks. Prits on akutoitli ja reguleeritava survega. Antud pritsi on mugav kasutada seljas kandes.\" \/>\n<meta name=\"robots\" content=\"index, follow, max-snippet:-1, max-image-preview:large, max-video-preview:-1\" \/>\n<link rel=\"canonical\" href=\"https:\/\/zepestonia.com\/en\/toode\/battery-fox-sprayer\/\" \/>\n<meta property=\"og:locale\" content=\"en_US\" \/>\n<meta property=\"og:type\" content=\"article\" \/>\n<meta property=\"og:title\" content=\"BATTERY FOX SPRAYER - Akutoitel prits, seljas kantav I ZEP Eesti\" \/>\n<meta property=\"og:description\" content=\"Seljas kantav ergonoomiline prits erinevate ainete pihustamiseks. Prits on akutoitli ja reguleeritava survega. Antud pritsi on mugav kasutada seljas kandes.\" \/>\n<meta property=\"og:url\" content=\"https:\/\/zepestonia.com\/en\/toode\/battery-fox-sprayer\/\" \/>\n<meta property=\"og:site_name\" content=\"ZEP Eesti I Puhastusvahendid I E-pood\" \/>\n<meta property=\"article:publisher\" content=\"https:\/\/www.facebook.com\/ZepEesti\" \/>\n<meta property=\"article:modified_time\" content=\"2025-07-01T00:23:50+00:00\" \/>\n<meta property=\"og:image\" content=\"https:\/\/zepestonia.com\/wp-content\/uploads\/2021\/12\/696-60fa6757d725c3-40157313-BATTERY20FOX20SPRAYER.png\" \/>\n\t<meta property=\"og:image:width\" content=\"200\" \/>\n\t<meta property=\"og:image:height\" content=\"300\" \/>\n\t<meta property=\"og:image:type\" content=\"image\/png\" \/>\n<meta name=\"twitter:card\" content=\"summary_large_image\" \/>\n<script type=\"application\/ld+json\" class=\"yoast-schema-graph\">{\"@context\":\"https:\/\/schema.org\",\"@graph\":[{\"@type\":\"WebPage\",\"@id\":\"https:\/\/zepestonia.com\/en\/toode\/battery-fox-sprayer\/\",\"url\":\"https:\/\/zepestonia.com\/en\/toode\/battery-fox-sprayer\/\",\"name\":\"BATTERY FOX SPRAYER - Akutoitel prits, seljas kantav I ZEP Eesti\",\"isPartOf\":{\"@id\":\"https:\/\/zepestonia.com\/en\/#website\"},\"primaryImageOfPage\":{\"@id\":\"https:\/\/zepestonia.com\/en\/toode\/battery-fox-sprayer\/#primaryimage\"},\"image\":{\"@id\":\"https:\/\/zepestonia.com\/en\/toode\/battery-fox-sprayer\/#primaryimage\"},\"thumbnailUrl\":\"https:\/\/zepestonia.com\/wp-content\/uploads\/2021\/12\/696-60fa6757d725c3-40157313-BATTERY20FOX20SPRAYER.png\",\"datePublished\":\"2021-11-29T19:00:45+00:00\",\"dateModified\":\"2025-07-01T00:23:50+00:00\",\"description\":\"Seljas kantav ergonoomiline prits erinevate ainete pihustamiseks. Prits on akutoitli ja reguleeritava survega. Antud pritsi on mugav kasutada seljas kandes.\",\"breadcrumb\":{\"@id\":\"https:\/\/zepestonia.com\/en\/toode\/battery-fox-sprayer\/#breadcrumb\"},\"inLanguage\":\"en-US\",\"potentialAction\":[{\"@type\":\"ReadAction\",\"target\":[\"https:\/\/zepestonia.com\/en\/toode\/battery-fox-sprayer\/\"]}]},{\"@type\":\"ImageObject\",\"inLanguage\":\"en-US\",\"@id\":\"https:\/\/zepestonia.com\/en\/toode\/battery-fox-sprayer\/#primaryimage\",\"url\":\"https:\/\/zepestonia.com\/wp-content\/uploads\/2021\/12\/696-60fa6757d725c3-40157313-BATTERY20FOX20SPRAYER.png\",\"contentUrl\":\"https:\/\/zepestonia.com\/wp-content\/uploads\/2021\/12\/696-60fa6757d725c3-40157313-BATTERY20FOX20SPRAYER.png\",\"width\":200,\"height\":300,\"caption\":\"696-60fa6757d725c3-40157313-BATTERY20FOX20SPRAYER\"},{\"@type\":\"BreadcrumbList\",\"@id\":\"https:\/\/zepestonia.com\/en\/toode\/battery-fox-sprayer\/#breadcrumb\",\"itemListElement\":[{\"@type\":\"ListItem\",\"position\":1,\"name\":\"Home\",\"item\":\"https:\/\/zepestonia.com\/en\/\"},{\"@type\":\"ListItem\",\"position\":2,\"name\":\"Shop\",\"item\":\"https:\/\/zepestonia.com\/en\/?page_id=4643\"},{\"@type\":\"ListItem\",\"position\":3,\"name\":\"BATTERY FOX SPRAYER &#8211; Akutoitel prits\"}]},{\"@type\":\"WebSite\",\"@id\":\"https:\/\/zepestonia.com\/en\/#website\",\"url\":\"https:\/\/zepestonia.com\/en\/\",\"name\":\"ZEP Eesti I Puhastusvahendid I E-pood\",\"description\":\"Pakume puhastus- ja hooldusprobleemidele efektiivseid keskkonnas\u00f5bralikke lahendusi!\",\"publisher\":{\"@id\":\"https:\/\/zepestonia.com\/en\/#organization\"},\"potentialAction\":[{\"@type\":\"SearchAction\",\"target\":{\"@type\":\"EntryPoint\",\"urlTemplate\":\"https:\/\/zepestonia.com\/en\/?s={search_term_string}\"},\"query-input\":{\"@type\":\"PropertyValueSpecification\",\"valueRequired\":true,\"valueName\":\"search_term_string\"}}],\"inLanguage\":\"en-US\"},{\"@type\":\"Organization\",\"@id\":\"https:\/\/zepestonia.com\/en\/#organization\",\"name\":\"Zep Estonia\",\"url\":\"https:\/\/zepestonia.com\/en\/\",\"logo\":{\"@type\":\"ImageObject\",\"inLanguage\":\"en-US\",\"@id\":\"https:\/\/zepestonia.com\/en\/#\/schema\/logo\/image\/\",\"url\":\"https:\/\/zepestonia.com\/wp-content\/uploads\/2022\/03\/Zep-Logo_png.jpeg\",\"contentUrl\":\"https:\/\/zepestonia.com\/wp-content\/uploads\/2022\/03\/Zep-Logo_png.jpeg\",\"width\":109,\"height\":70,\"caption\":\"Zep Estonia\"},\"image\":{\"@id\":\"https:\/\/zepestonia.com\/en\/#\/schema\/logo\/image\/\"},\"sameAs\":[\"https:\/\/www.facebook.com\/ZepEesti\"]}]}<\/script>\n<!-- \/ Yoast SEO plugin. -->","yoast_head_json":{"title":"BATTERY FOX SPRAYER - Akutoitel prits, seljas kantav I ZEP Eesti","description":"Seljas kantav ergonoomiline prits erinevate ainete pihustamiseks. Prits on akutoitli ja reguleeritava survega. Antud pritsi on mugav kasutada seljas kandes.","robots":{"index":"index","follow":"follow","max-snippet":"max-snippet:-1","max-image-preview":"max-image-preview:large","max-video-preview":"max-video-preview:-1"},"canonical":"https:\/\/zepestonia.com\/en\/toode\/battery-fox-sprayer\/","og_locale":"en_US","og_type":"article","og_title":"BATTERY FOX SPRAYER - Akutoitel prits, seljas kantav I ZEP Eesti","og_description":"Seljas kantav ergonoomiline prits erinevate ainete pihustamiseks. Prits on akutoitli ja reguleeritava survega. Antud pritsi on mugav kasutada seljas kandes.","og_url":"https:\/\/zepestonia.com\/en\/toode\/battery-fox-sprayer\/","og_site_name":"ZEP Eesti I Puhastusvahendid I E-pood","article_publisher":"https:\/\/www.facebook.com\/ZepEesti","article_modified_time":"2025-07-01T00:23:50+00:00","og_image":[{"width":200,"height":300,"url":"https:\/\/zepestonia.com\/wp-content\/uploads\/2021\/12\/696-60fa6757d725c3-40157313-BATTERY20FOX20SPRAYER.png","type":"image\/png"}],"twitter_card":"summary_large_image","schema":{"@context":"https:\/\/schema.org","@graph":[{"@type":"WebPage","@id":"https:\/\/zepestonia.com\/en\/toode\/battery-fox-sprayer\/","url":"https:\/\/zepestonia.com\/en\/toode\/battery-fox-sprayer\/","name":"BATTERY FOX SPRAYER - Akutoitel prits, seljas kantav I ZEP Eesti","isPartOf":{"@id":"https:\/\/zepestonia.com\/en\/#website"},"primaryImageOfPage":{"@id":"https:\/\/zepestonia.com\/en\/toode\/battery-fox-sprayer\/#primaryimage"},"image":{"@id":"https:\/\/zepestonia.com\/en\/toode\/battery-fox-sprayer\/#primaryimage"},"thumbnailUrl":"https:\/\/zepestonia.com\/wp-content\/uploads\/2021\/12\/696-60fa6757d725c3-40157313-BATTERY20FOX20SPRAYER.png","datePublished":"2021-11-29T19:00:45+00:00","dateModified":"2025-07-01T00:23:50+00:00","description":"Seljas kantav ergonoomiline prits erinevate ainete pihustamiseks. Prits on akutoitli ja reguleeritava survega. Antud pritsi on mugav kasutada seljas kandes.","breadcrumb":{"@id":"https:\/\/zepestonia.com\/en\/toode\/battery-fox-sprayer\/#breadcrumb"},"inLanguage":"en-US","potentialAction":[{"@type":"ReadAction","target":["https:\/\/zepestonia.com\/en\/toode\/battery-fox-sprayer\/"]}]},{"@type":"ImageObject","inLanguage":"en-US","@id":"https:\/\/zepestonia.com\/en\/toode\/battery-fox-sprayer\/#primaryimage","url":"https:\/\/zepestonia.com\/wp-content\/uploads\/2021\/12\/696-60fa6757d725c3-40157313-BATTERY20FOX20SPRAYER.png","contentUrl":"https:\/\/zepestonia.com\/wp-content\/uploads\/2021\/12\/696-60fa6757d725c3-40157313-BATTERY20FOX20SPRAYER.png","width":200,"height":300,"caption":"696-60fa6757d725c3-40157313-BATTERY20FOX20SPRAYER"},{"@type":"BreadcrumbList","@id":"https:\/\/zepestonia.com\/en\/toode\/battery-fox-sprayer\/#breadcrumb","itemListElement":[{"@type":"ListItem","position":1,"name":"Home","item":"https:\/\/zepestonia.com\/en\/"},{"@type":"ListItem","position":2,"name":"Shop","item":"https:\/\/zepestonia.com\/en\/?page_id=4643"},{"@type":"ListItem","position":3,"name":"BATTERY FOX SPRAYER &#8211; Akutoitel prits"}]},{"@type":"WebSite","@id":"https:\/\/zepestonia.com\/en\/#website","url":"https:\/\/zepestonia.com\/en\/","name":"ZEP Eesti I Puhastusvahendid I E-pood","description":"Pakume puhastus- ja hooldusprobleemidele efektiivseid keskkonnas\u00f5bralikke lahendusi!","publisher":{"@id":"https:\/\/zepestonia.com\/en\/#organization"},"potentialAction":[{"@type":"SearchAction","target":{"@type":"EntryPoint","urlTemplate":"https:\/\/zepestonia.com\/en\/?s={search_term_string}"},"query-input":{"@type":"PropertyValueSpecification","valueRequired":true,"valueName":"search_term_string"}}],"inLanguage":"en-US"},{"@type":"Organization","@id":"https:\/\/zepestonia.com\/en\/#organization","name":"Zep Estonia","url":"https:\/\/zepestonia.com\/en\/","logo":{"@type":"ImageObject","inLanguage":"en-US","@id":"https:\/\/zepestonia.com\/en\/#\/schema\/logo\/image\/","url":"https:\/\/zepestonia.com\/wp-content\/uploads\/2022\/03\/Zep-Logo_png.jpeg","contentUrl":"https:\/\/zepestonia.com\/wp-content\/uploads\/2022\/03\/Zep-Logo_png.jpeg","width":109,"height":70,"caption":"Zep Estonia"},"image":{"@id":"https:\/\/zepestonia.com\/en\/#\/schema\/logo\/image\/"},"sameAs":["https:\/\/www.facebook.com\/ZepEesti"]}]}},"_links":{"self":[{"href":"https:\/\/zepestonia.com\/en\/wp-json\/wp\/v2\/product\/2965","targetHints":{"allow":["GET"]}}],"collection":[{"href":"https:\/\/zepestonia.com\/en\/wp-json\/wp\/v2\/product"}],"about":[{"href":"https:\/\/zepestonia.com\/en\/wp-json\/wp\/v2\/types\/product"}],"replies":[{"embeddable":true,"href":"https:\/\/zepestonia.com\/en\/wp-json\/wp\/v2\/comments?post=2965"}],"version-history":[{"count":1,"href":"https:\/\/zepestonia.com\/en\/wp-json\/wp\/v2\/product\/2965\/revisions"}],"predecessor-version":[{"id":12342,"href":"https:\/\/zepestonia.com\/en\/wp-json\/wp\/v2\/product\/2965\/revisions\/12342"}],"wp:featuredmedia":[{"embeddable":true,"href":"https:\/\/zepestonia.com\/en\/wp-json\/wp\/v2\/media\/3852"}],"wp:attachment":[{"href":"https:\/\/zepestonia.com\/en\/wp-json\/wp\/v2\/media?parent=2965"}],"wp:term":[{"taxonomy":"product_brand","embeddable":true,"href":"https:\/\/zepestonia.com\/en\/wp-json\/wp\/v2\/product_brand?post=2965"},{"taxonomy":"product_cat","embeddable":true,"href":"https:\/\/zepestonia.com\/en\/wp-json\/wp\/v2\/product_cat?post=2965"},{"taxonomy":"product_tag","embeddable":true,"href":"https:\/\/zepestonia.com\/en\/wp-json\/wp\/v2\/product_tag?post=2965"}],"curies":[{"name":"wp","href":"https:\/\/api.w.org\/{rel}","templated":true}]}}