{"id":2961,"date":"2021-11-29T19:00:44","date_gmt":"2021-11-29T19:00:44","guid":{"rendered":"https:\/\/zep.valgekana.ee\/toode\/steam-control-10-30-kg\/"},"modified":"2026-02-21T01:30:29","modified_gmt":"2026-02-21T01:30:29","slug":"steam-control-10-30-kg","status":"publish","type":"product","link":"https:\/\/zepestonia.com\/en\/toode\/steam-control-10-30-kg\/","title":{"rendered":"Steam Control 10 &#8211; Auru kondensaadi korrosioonivastane aine"},"content":{"rendered":"<ul>\n<li><span class=\"VIiyi\" lang=\"et\"><span class=\"JLqJ4b\" data-language-for-alternatives=\"et\" data-language-to-translate-into=\"it\" data-number-of-phrases=\"1\" data-phrase-index=\"0\"><span>Toodet tuleb pidevalt lisada generaatori toiteliini akumulatsioonipaaki aurule. <\/span><\/span><\/span><\/li>\n<li><span class=\"VIiyi\" lang=\"et\"><span class=\"JLqJ4b\" data-language-for-alternatives=\"et\" data-language-to-translate-into=\"it\" data-number-of-phrases=\"1\" data-phrase-index=\"0\"><span>Optimaalseks lisamiseks kasutada doseerimispumpa<\/span><\/span><\/span><\/li>\n<li><span class=\"VIiyi\" lang=\"et\"><span class=\"JLqJ4b\" data-language-for-alternatives=\"et\" data-language-to-translate-into=\"it\" data-number-of-phrases=\"1\" data-phrase-index=\"0\"><span>Annus varieerub vahemikus 20\u201350 ppm omaduste funktsioon (anh\u00fcdriidi kontsentratsioon lahustunud s\u00fcsinikdioksiid) ja ali- l\u00f5ug. <\/span><\/span><\/span><\/li>\n<li><span class=\"VIiyi\" lang=\"et\"><span class=\"JLqJ4b\" data-language-for-alternatives=\"et\" data-language-to-translate-into=\"it\" data-number-of-phrases=\"1\" data-phrase-index=\"0\"><span>Toitevee parameetrid, mida tuleb hoida kontroll on: <\/span><\/span><\/span>\n<ul>\n<li><span class=\"VIiyi\" lang=\"et\"><span class=\"JLqJ4b\" data-language-for-alternatives=\"et\" data-language-to-translate-into=\"it\" data-number-of-phrases=\"1\" data-phrase-index=\"0\"><span>pH &gt; 8.3 <\/span><\/span><\/span><\/li>\n<li><span class=\"VIiyi\" lang=\"et\"><span class=\"JLqJ4b\" data-language-for-alternatives=\"et\" data-language-to-translate-into=\"it\" data-number-of-phrases=\"1\" data-phrase-index=\"0\"><span>Fe &lt;0,1 ppm<\/span><\/span><\/span><\/li>\n<\/ul>\n<\/li>\n<\/ul>\n<p><span class=\"VIiyi\" lang=\"et\"><span class=\"JLqJ4b\" data-language-for-alternatives=\"et\" data-language-to-translate-into=\"it\" data-number-of-phrases=\"1\" data-phrase-index=\"0\"><span>pH 10,5<\/span><\/span><\/span><br \/>\n<img decoding=\"async\" src=\"https:\/\/cdn.erply.com\/assets\/386945\/file\/hDvMfH2w1EgjEDhy6n0KaZd3ZtPG1aUD78gdm5WhUPbuuX3v9i.jpg\" \/><\/p>\n","protected":false},"excerpt":{"rendered":"<p>Hoiab \u00e4ra raudoksiidi moodustumise ja sellest tulenevalt sattumise veekogu toitevette aurugeneraatorites.<br \/>\nKaitseb k\u00f5iki auru-kondensatsioonitorude s\u00fcsteeme.<br \/>\nToode on registreeritud NSF G6 (# 154972).<br \/>\nSeda saab kasutada katelde v\u00f5i aurukontuuride t\u00f6\u00f6tlemiseks, kus tekkiv aur v\u00f5ib kogemata toiduga kokku puutuda.<br \/>\nMaksimaalne annus 50 ppm.<br \/>\nEi ole kasutatav piimatoodete tarneahelas. <\/p>\n","protected":false},"featured_media":3668,"comment_status":"closed","ping_status":"closed","template":"","meta":[],"product_brand":[],"product_cat":[220],"product_tag":[],"class_list":{"0":"post-2961","1":"product","2":"type-product","3":"status-publish","4":"has-post-thumbnail","6":"product_cat-tarbevesi","8":"first","9":"instock","10":"taxable","11":"shipping-taxable","12":"purchasable","13":"product-type-simple"},"yoast_head":"<!-- This site is optimized with the Yoast SEO plugin v26.5 - https:\/\/yoast.com\/wordpress\/plugins\/seo\/ -->\n<title>Steam Control 10- Auru kondensaadi korrosioonivastane aine I ZEP Eesti<\/title>\n<meta name=\"description\" content=\"Hoiab \u00e4ra raudoksiidi moodustumise ja sellest tulenevalt sattumise veekogu toitevette aurugeneraatorites. Kaitseb k\u00f5iki auru-kondensatsioonitorude s\u00fcsteeme.\" \/>\n<meta name=\"robots\" content=\"index, follow, max-snippet:-1, max-image-preview:large, max-video-preview:-1\" \/>\n<link rel=\"canonical\" href=\"https:\/\/zepestonia.com\/en\/toode\/steam-control-10-30-kg\/\" \/>\n<meta property=\"og:locale\" content=\"en_US\" \/>\n<meta property=\"og:type\" content=\"article\" \/>\n<meta property=\"og:title\" content=\"Steam Control 10- Auru kondensaadi korrosioonivastane aine I ZEP Eesti\" \/>\n<meta property=\"og:description\" content=\"Hoiab \u00e4ra raudoksiidi moodustumise ja sellest tulenevalt sattumise veekogu toitevette aurugeneraatorites. Kaitseb k\u00f5iki auru-kondensatsioonitorude s\u00fcsteeme.\" \/>\n<meta property=\"og:url\" content=\"https:\/\/zepestonia.com\/en\/toode\/steam-control-10-30-kg\/\" \/>\n<meta property=\"og:site_name\" content=\"ZEP Eesti I Puhastusvahendid I E-pood\" \/>\n<meta property=\"article:publisher\" content=\"https:\/\/www.facebook.com\/ZepEesti\" \/>\n<meta property=\"article:modified_time\" content=\"2026-02-21T01:30:29+00:00\" \/>\n<meta property=\"og:image\" content=\"https:\/\/zepestonia.com\/wp-content\/uploads\/2021\/12\/165-60ea271947daa8-32409905-Steam20Control2010.png\" \/>\n\t<meta property=\"og:image:width\" content=\"200\" \/>\n\t<meta property=\"og:image:height\" content=\"300\" \/>\n\t<meta property=\"og:image:type\" content=\"image\/png\" \/>\n<meta name=\"twitter:card\" content=\"summary_large_image\" \/>\n<script type=\"application\/ld+json\" class=\"yoast-schema-graph\">{\"@context\":\"https:\/\/schema.org\",\"@graph\":[{\"@type\":\"WebPage\",\"@id\":\"https:\/\/zepestonia.com\/en\/toode\/steam-control-10-30-kg\/\",\"url\":\"https:\/\/zepestonia.com\/en\/toode\/steam-control-10-30-kg\/\",\"name\":\"Steam Control 10- Auru kondensaadi korrosioonivastane aine I ZEP Eesti\",\"isPartOf\":{\"@id\":\"https:\/\/zepestonia.com\/en\/#website\"},\"primaryImageOfPage\":{\"@id\":\"https:\/\/zepestonia.com\/en\/toode\/steam-control-10-30-kg\/#primaryimage\"},\"image\":{\"@id\":\"https:\/\/zepestonia.com\/en\/toode\/steam-control-10-30-kg\/#primaryimage\"},\"thumbnailUrl\":\"https:\/\/zepestonia.com\/wp-content\/uploads\/2021\/12\/165-60ea271947daa8-32409905-Steam20Control2010.png\",\"datePublished\":\"2021-11-29T19:00:44+00:00\",\"dateModified\":\"2026-02-21T01:30:29+00:00\",\"description\":\"Hoiab \u00e4ra raudoksiidi moodustumise ja sellest tulenevalt sattumise veekogu toitevette aurugeneraatorites. Kaitseb k\u00f5iki auru-kondensatsioonitorude s\u00fcsteeme.\",\"breadcrumb\":{\"@id\":\"https:\/\/zepestonia.com\/en\/toode\/steam-control-10-30-kg\/#breadcrumb\"},\"inLanguage\":\"en-US\",\"potentialAction\":[{\"@type\":\"ReadAction\",\"target\":[\"https:\/\/zepestonia.com\/en\/toode\/steam-control-10-30-kg\/\"]}]},{\"@type\":\"ImageObject\",\"inLanguage\":\"en-US\",\"@id\":\"https:\/\/zepestonia.com\/en\/toode\/steam-control-10-30-kg\/#primaryimage\",\"url\":\"https:\/\/zepestonia.com\/wp-content\/uploads\/2021\/12\/165-60ea271947daa8-32409905-Steam20Control2010.png\",\"contentUrl\":\"https:\/\/zepestonia.com\/wp-content\/uploads\/2021\/12\/165-60ea271947daa8-32409905-Steam20Control2010.png\",\"width\":200,\"height\":300,\"caption\":\"165-60ea271947daa8-32409905-Steam20Control2010\"},{\"@type\":\"BreadcrumbList\",\"@id\":\"https:\/\/zepestonia.com\/en\/toode\/steam-control-10-30-kg\/#breadcrumb\",\"itemListElement\":[{\"@type\":\"ListItem\",\"position\":1,\"name\":\"Home\",\"item\":\"https:\/\/zepestonia.com\/en\/\"},{\"@type\":\"ListItem\",\"position\":2,\"name\":\"Shop\",\"item\":\"https:\/\/zepestonia.com\/en\/?page_id=4643\"},{\"@type\":\"ListItem\",\"position\":3,\"name\":\"Steam Control 10 &#8211; Auru kondensaadi korrosioonivastane aine\"}]},{\"@type\":\"WebSite\",\"@id\":\"https:\/\/zepestonia.com\/en\/#website\",\"url\":\"https:\/\/zepestonia.com\/en\/\",\"name\":\"ZEP Eesti I Puhastusvahendid I E-pood\",\"description\":\"Pakume puhastus- ja hooldusprobleemidele efektiivseid keskkonnas\u00f5bralikke lahendusi!\",\"publisher\":{\"@id\":\"https:\/\/zepestonia.com\/en\/#organization\"},\"potentialAction\":[{\"@type\":\"SearchAction\",\"target\":{\"@type\":\"EntryPoint\",\"urlTemplate\":\"https:\/\/zepestonia.com\/en\/?s={search_term_string}\"},\"query-input\":{\"@type\":\"PropertyValueSpecification\",\"valueRequired\":true,\"valueName\":\"search_term_string\"}}],\"inLanguage\":\"en-US\"},{\"@type\":\"Organization\",\"@id\":\"https:\/\/zepestonia.com\/en\/#organization\",\"name\":\"Zep Estonia\",\"url\":\"https:\/\/zepestonia.com\/en\/\",\"logo\":{\"@type\":\"ImageObject\",\"inLanguage\":\"en-US\",\"@id\":\"https:\/\/zepestonia.com\/en\/#\/schema\/logo\/image\/\",\"url\":\"https:\/\/zepestonia.com\/wp-content\/uploads\/2022\/03\/Zep-Logo_png.jpeg\",\"contentUrl\":\"https:\/\/zepestonia.com\/wp-content\/uploads\/2022\/03\/Zep-Logo_png.jpeg\",\"width\":109,\"height\":70,\"caption\":\"Zep Estonia\"},\"image\":{\"@id\":\"https:\/\/zepestonia.com\/en\/#\/schema\/logo\/image\/\"},\"sameAs\":[\"https:\/\/www.facebook.com\/ZepEesti\"]}]}<\/script>\n<!-- \/ Yoast SEO plugin. -->","yoast_head_json":{"title":"Steam Control 10- Auru kondensaadi korrosioonivastane aine I ZEP Eesti","description":"Hoiab \u00e4ra raudoksiidi moodustumise ja sellest tulenevalt sattumise veekogu toitevette aurugeneraatorites. Kaitseb k\u00f5iki auru-kondensatsioonitorude s\u00fcsteeme.","robots":{"index":"index","follow":"follow","max-snippet":"max-snippet:-1","max-image-preview":"max-image-preview:large","max-video-preview":"max-video-preview:-1"},"canonical":"https:\/\/zepestonia.com\/en\/toode\/steam-control-10-30-kg\/","og_locale":"en_US","og_type":"article","og_title":"Steam Control 10- Auru kondensaadi korrosioonivastane aine I ZEP Eesti","og_description":"Hoiab \u00e4ra raudoksiidi moodustumise ja sellest tulenevalt sattumise veekogu toitevette aurugeneraatorites. Kaitseb k\u00f5iki auru-kondensatsioonitorude s\u00fcsteeme.","og_url":"https:\/\/zepestonia.com\/en\/toode\/steam-control-10-30-kg\/","og_site_name":"ZEP Eesti I Puhastusvahendid I E-pood","article_publisher":"https:\/\/www.facebook.com\/ZepEesti","article_modified_time":"2026-02-21T01:30:29+00:00","og_image":[{"width":200,"height":300,"url":"https:\/\/zepestonia.com\/wp-content\/uploads\/2021\/12\/165-60ea271947daa8-32409905-Steam20Control2010.png","type":"image\/png"}],"twitter_card":"summary_large_image","schema":{"@context":"https:\/\/schema.org","@graph":[{"@type":"WebPage","@id":"https:\/\/zepestonia.com\/en\/toode\/steam-control-10-30-kg\/","url":"https:\/\/zepestonia.com\/en\/toode\/steam-control-10-30-kg\/","name":"Steam Control 10- Auru kondensaadi korrosioonivastane aine I ZEP Eesti","isPartOf":{"@id":"https:\/\/zepestonia.com\/en\/#website"},"primaryImageOfPage":{"@id":"https:\/\/zepestonia.com\/en\/toode\/steam-control-10-30-kg\/#primaryimage"},"image":{"@id":"https:\/\/zepestonia.com\/en\/toode\/steam-control-10-30-kg\/#primaryimage"},"thumbnailUrl":"https:\/\/zepestonia.com\/wp-content\/uploads\/2021\/12\/165-60ea271947daa8-32409905-Steam20Control2010.png","datePublished":"2021-11-29T19:00:44+00:00","dateModified":"2026-02-21T01:30:29+00:00","description":"Hoiab \u00e4ra raudoksiidi moodustumise ja sellest tulenevalt sattumise veekogu toitevette aurugeneraatorites. Kaitseb k\u00f5iki auru-kondensatsioonitorude s\u00fcsteeme.","breadcrumb":{"@id":"https:\/\/zepestonia.com\/en\/toode\/steam-control-10-30-kg\/#breadcrumb"},"inLanguage":"en-US","potentialAction":[{"@type":"ReadAction","target":["https:\/\/zepestonia.com\/en\/toode\/steam-control-10-30-kg\/"]}]},{"@type":"ImageObject","inLanguage":"en-US","@id":"https:\/\/zepestonia.com\/en\/toode\/steam-control-10-30-kg\/#primaryimage","url":"https:\/\/zepestonia.com\/wp-content\/uploads\/2021\/12\/165-60ea271947daa8-32409905-Steam20Control2010.png","contentUrl":"https:\/\/zepestonia.com\/wp-content\/uploads\/2021\/12\/165-60ea271947daa8-32409905-Steam20Control2010.png","width":200,"height":300,"caption":"165-60ea271947daa8-32409905-Steam20Control2010"},{"@type":"BreadcrumbList","@id":"https:\/\/zepestonia.com\/en\/toode\/steam-control-10-30-kg\/#breadcrumb","itemListElement":[{"@type":"ListItem","position":1,"name":"Home","item":"https:\/\/zepestonia.com\/en\/"},{"@type":"ListItem","position":2,"name":"Shop","item":"https:\/\/zepestonia.com\/en\/?page_id=4643"},{"@type":"ListItem","position":3,"name":"Steam Control 10 &#8211; Auru kondensaadi korrosioonivastane aine"}]},{"@type":"WebSite","@id":"https:\/\/zepestonia.com\/en\/#website","url":"https:\/\/zepestonia.com\/en\/","name":"ZEP Eesti I Puhastusvahendid I E-pood","description":"Pakume puhastus- ja hooldusprobleemidele efektiivseid keskkonnas\u00f5bralikke lahendusi!","publisher":{"@id":"https:\/\/zepestonia.com\/en\/#organization"},"potentialAction":[{"@type":"SearchAction","target":{"@type":"EntryPoint","urlTemplate":"https:\/\/zepestonia.com\/en\/?s={search_term_string}"},"query-input":{"@type":"PropertyValueSpecification","valueRequired":true,"valueName":"search_term_string"}}],"inLanguage":"en-US"},{"@type":"Organization","@id":"https:\/\/zepestonia.com\/en\/#organization","name":"Zep Estonia","url":"https:\/\/zepestonia.com\/en\/","logo":{"@type":"ImageObject","inLanguage":"en-US","@id":"https:\/\/zepestonia.com\/en\/#\/schema\/logo\/image\/","url":"https:\/\/zepestonia.com\/wp-content\/uploads\/2022\/03\/Zep-Logo_png.jpeg","contentUrl":"https:\/\/zepestonia.com\/wp-content\/uploads\/2022\/03\/Zep-Logo_png.jpeg","width":109,"height":70,"caption":"Zep Estonia"},"image":{"@id":"https:\/\/zepestonia.com\/en\/#\/schema\/logo\/image\/"},"sameAs":["https:\/\/www.facebook.com\/ZepEesti"]}]}},"_links":{"self":[{"href":"https:\/\/zepestonia.com\/en\/wp-json\/wp\/v2\/product\/2961","targetHints":{"allow":["GET"]}}],"collection":[{"href":"https:\/\/zepestonia.com\/en\/wp-json\/wp\/v2\/product"}],"about":[{"href":"https:\/\/zepestonia.com\/en\/wp-json\/wp\/v2\/types\/product"}],"replies":[{"embeddable":true,"href":"https:\/\/zepestonia.com\/en\/wp-json\/wp\/v2\/comments?post=2961"}],"version-history":[{"count":2,"href":"https:\/\/zepestonia.com\/en\/wp-json\/wp\/v2\/product\/2961\/revisions"}],"predecessor-version":[{"id":14226,"href":"https:\/\/zepestonia.com\/en\/wp-json\/wp\/v2\/product\/2961\/revisions\/14226"}],"wp:featuredmedia":[{"embeddable":true,"href":"https:\/\/zepestonia.com\/en\/wp-json\/wp\/v2\/media\/3668"}],"wp:attachment":[{"href":"https:\/\/zepestonia.com\/en\/wp-json\/wp\/v2\/media?parent=2961"}],"wp:term":[{"taxonomy":"product_brand","embeddable":true,"href":"https:\/\/zepestonia.com\/en\/wp-json\/wp\/v2\/product_brand?post=2961"},{"taxonomy":"product_cat","embeddable":true,"href":"https:\/\/zepestonia.com\/en\/wp-json\/wp\/v2\/product_cat?post=2961"},{"taxonomy":"product_tag","embeddable":true,"href":"https:\/\/zepestonia.com\/en\/wp-json\/wp\/v2\/product_tag?post=2961"}],"curies":[{"name":"wp","href":"https:\/\/api.w.org\/{rel}","templated":true}]}}