{"id":2959,"date":"2021-11-29T19:00:44","date_gmt":"2021-11-29T19:00:44","guid":{"rendered":"https:\/\/zep.valgekana.ee\/toode\/q1-glass-2l\/"},"modified":"2026-04-21T00:00:10","modified_gmt":"2026-04-21T00:00:10","slug":"q1-glass-2l","status":"publish","type":"product","link":"https:\/\/zepestonia.com\/en\/toode\/q1-glass-2l\/","title":{"rendered":"Q1 GLASS 2L &#8211; Kontsentreeritud klaasipuhastusvahend"},"content":{"rendered":"<ul>\n<li><span style=\"font-family: Arial;font-size: 13px;font-style: normal;font-weight: 400;letter-spacing: normal;text-align: left;text-indent: 0px;text-transform: none;white-space: pre-wrap;float: none\">Teha pritspudelisse vesilahus 1:30. <\/span><\/li>\n<li><span style=\"font-family: Arial;font-size: 13px;font-style: normal;font-weight: 400;letter-spacing: normal;text-align: left;text-indent: 0px;text-transform: none;white-space: pre-wrap;float: none\">Piserdada pinnale. <\/span><\/li>\n<li><span style=\"font-family: Arial;font-size: 13px;font-style: normal;font-weight: 400;letter-spacing: normal;text-align: left;text-indent: 0px;text-transform: none;white-space: pre-wrap;float: none\">P\u00fchkida puhta lapi v\u00f5i paberiga. <\/span><\/li>\n<\/ul>\n<p><span style=\"font-family: Arial;font-size: 13px;font-style: normal;font-weight: 400;letter-spacing: normal;text-align: left;text-indent: 0px;text-transform: none;white-space: pre-wrap;float: none\">pH: 9,1<br \/>\nTarvik: P-600<\/span><\/p>\n","protected":false},"excerpt":{"rendered":"<p>Puhastab kergelt klaaspinnad j\u00e4lgi j\u00e4tmata.<br \/>\nToode eemaldab klaasilt rasvased s\u00f5rmej\u00e4ljed, putukaj\u00e4ljed, huulepulga ja muud mustused.<br \/>\nVahendi sinine v\u00e4rv s\u00e4ilib ka lahjendatud kujul, et oleks t\u00f6\u00f6taja poolt kergesti \u00e4ratuntav.<br \/>\nKasutamiseks k\u00f5ikidel klaasipindadel ja sobilik k\u00f5ikidelt pindadelt kerge mustuse ja tolmu eemaldamiseks<br \/>\nToode on v\u00e4ga \u00f6konoomne 2L=62 L valmislahust<\/p>\n","protected":false},"featured_media":3917,"comment_status":"closed","ping_status":"closed","template":"","meta":[],"product_brand":[],"product_cat":[195],"product_tag":[],"class_list":{"0":"post-2959","1":"product","2":"type-product","3":"status-publish","4":"has-post-thumbnail","6":"product_cat-hooldus","8":"first","9":"instock","10":"taxable","11":"shipping-taxable","12":"purchasable","13":"product-type-simple"},"yoast_head":"<!-- This site is optimized with the Yoast SEO plugin v26.5 - https:\/\/yoast.com\/wordpress\/plugins\/seo\/ -->\n<title>Q1 GLASS 2L - Kontsentreeritud klaasipuhastusvahend I ZEP Eesti<\/title>\n<meta name=\"description\" content=\"Toode eemaldab k\u00f5ikidelt klaasidelt rasvased s\u00f5rmej\u00e4ljed, putukaj\u00e4ljed, huulepulga ja muud mustused. K\u00f5ikidelt pindadelt kerge mustuse ja tolmu eemaldamiseks.\" \/>\n<meta name=\"robots\" content=\"index, follow, max-snippet:-1, max-image-preview:large, max-video-preview:-1\" \/>\n<link rel=\"canonical\" href=\"https:\/\/zepestonia.com\/en\/toode\/q1-glass-2l\/\" \/>\n<meta property=\"og:locale\" content=\"en_US\" \/>\n<meta property=\"og:type\" content=\"article\" \/>\n<meta property=\"og:title\" content=\"Q1 GLASS 2L - Kontsentreeritud klaasipuhastusvahend I ZEP Eesti\" \/>\n<meta property=\"og:description\" content=\"Toode eemaldab k\u00f5ikidelt klaasidelt rasvased s\u00f5rmej\u00e4ljed, putukaj\u00e4ljed, huulepulga ja muud mustused. K\u00f5ikidelt pindadelt kerge mustuse ja tolmu eemaldamiseks.\" \/>\n<meta property=\"og:url\" content=\"https:\/\/zepestonia.com\/en\/toode\/q1-glass-2l\/\" \/>\n<meta property=\"og:site_name\" content=\"ZEP Eesti I Puhastusvahendid I E-pood\" \/>\n<meta property=\"article:publisher\" content=\"https:\/\/www.facebook.com\/ZepEesti\" \/>\n<meta property=\"article:modified_time\" content=\"2026-04-21T00:00:10+00:00\" \/>\n<meta property=\"og:image\" content=\"https:\/\/zepestonia.com\/wp-content\/uploads\/2021\/12\/135-60e7df2304d3a2-95934082-Q120Glass.png\" \/>\n\t<meta property=\"og:image:width\" content=\"400\" \/>\n\t<meta property=\"og:image:height\" content=\"600\" \/>\n\t<meta property=\"og:image:type\" content=\"image\/png\" \/>\n<meta name=\"twitter:card\" content=\"summary_large_image\" \/>\n<script type=\"application\/ld+json\" class=\"yoast-schema-graph\">{\"@context\":\"https:\/\/schema.org\",\"@graph\":[{\"@type\":\"WebPage\",\"@id\":\"https:\/\/zepestonia.com\/en\/toode\/q1-glass-2l\/\",\"url\":\"https:\/\/zepestonia.com\/en\/toode\/q1-glass-2l\/\",\"name\":\"Q1 GLASS 2L - Kontsentreeritud klaasipuhastusvahend I ZEP Eesti\",\"isPartOf\":{\"@id\":\"https:\/\/zepestonia.com\/en\/#website\"},\"primaryImageOfPage\":{\"@id\":\"https:\/\/zepestonia.com\/en\/toode\/q1-glass-2l\/#primaryimage\"},\"image\":{\"@id\":\"https:\/\/zepestonia.com\/en\/toode\/q1-glass-2l\/#primaryimage\"},\"thumbnailUrl\":\"https:\/\/zepestonia.com\/wp-content\/uploads\/2021\/12\/135-60e7df2304d3a2-95934082-Q120Glass.png\",\"datePublished\":\"2021-11-29T19:00:44+00:00\",\"dateModified\":\"2026-04-21T00:00:10+00:00\",\"description\":\"Toode eemaldab k\u00f5ikidelt klaasidelt rasvased s\u00f5rmej\u00e4ljed, putukaj\u00e4ljed, huulepulga ja muud mustused. K\u00f5ikidelt pindadelt kerge mustuse ja tolmu eemaldamiseks.\",\"breadcrumb\":{\"@id\":\"https:\/\/zepestonia.com\/en\/toode\/q1-glass-2l\/#breadcrumb\"},\"inLanguage\":\"en-US\",\"potentialAction\":[{\"@type\":\"ReadAction\",\"target\":[\"https:\/\/zepestonia.com\/en\/toode\/q1-glass-2l\/\"]}]},{\"@type\":\"ImageObject\",\"inLanguage\":\"en-US\",\"@id\":\"https:\/\/zepestonia.com\/en\/toode\/q1-glass-2l\/#primaryimage\",\"url\":\"https:\/\/zepestonia.com\/wp-content\/uploads\/2021\/12\/135-60e7df2304d3a2-95934082-Q120Glass.png\",\"contentUrl\":\"https:\/\/zepestonia.com\/wp-content\/uploads\/2021\/12\/135-60e7df2304d3a2-95934082-Q120Glass.png\",\"width\":400,\"height\":600,\"caption\":\"135-60e7df2304d3a2-95934082-Q120Glass\"},{\"@type\":\"BreadcrumbList\",\"@id\":\"https:\/\/zepestonia.com\/en\/toode\/q1-glass-2l\/#breadcrumb\",\"itemListElement\":[{\"@type\":\"ListItem\",\"position\":1,\"name\":\"Home\",\"item\":\"https:\/\/zepestonia.com\/en\/\"},{\"@type\":\"ListItem\",\"position\":2,\"name\":\"Shop\",\"item\":\"https:\/\/zepestonia.com\/en\/?page_id=4643\"},{\"@type\":\"ListItem\",\"position\":3,\"name\":\"Q1 GLASS 2L &#8211; Kontsentreeritud klaasipuhastusvahend\"}]},{\"@type\":\"WebSite\",\"@id\":\"https:\/\/zepestonia.com\/en\/#website\",\"url\":\"https:\/\/zepestonia.com\/en\/\",\"name\":\"ZEP Eesti I Puhastusvahendid I E-pood\",\"description\":\"Pakume puhastus- ja hooldusprobleemidele efektiivseid keskkonnas\u00f5bralikke lahendusi!\",\"publisher\":{\"@id\":\"https:\/\/zepestonia.com\/en\/#organization\"},\"potentialAction\":[{\"@type\":\"SearchAction\",\"target\":{\"@type\":\"EntryPoint\",\"urlTemplate\":\"https:\/\/zepestonia.com\/en\/?s={search_term_string}\"},\"query-input\":{\"@type\":\"PropertyValueSpecification\",\"valueRequired\":true,\"valueName\":\"search_term_string\"}}],\"inLanguage\":\"en-US\"},{\"@type\":\"Organization\",\"@id\":\"https:\/\/zepestonia.com\/en\/#organization\",\"name\":\"Zep Estonia\",\"url\":\"https:\/\/zepestonia.com\/en\/\",\"logo\":{\"@type\":\"ImageObject\",\"inLanguage\":\"en-US\",\"@id\":\"https:\/\/zepestonia.com\/en\/#\/schema\/logo\/image\/\",\"url\":\"https:\/\/zepestonia.com\/wp-content\/uploads\/2022\/03\/Zep-Logo_png.jpeg\",\"contentUrl\":\"https:\/\/zepestonia.com\/wp-content\/uploads\/2022\/03\/Zep-Logo_png.jpeg\",\"width\":109,\"height\":70,\"caption\":\"Zep Estonia\"},\"image\":{\"@id\":\"https:\/\/zepestonia.com\/en\/#\/schema\/logo\/image\/\"},\"sameAs\":[\"https:\/\/www.facebook.com\/ZepEesti\"]}]}<\/script>\n<!-- \/ Yoast SEO plugin. -->","yoast_head_json":{"title":"Q1 GLASS 2L - Kontsentreeritud klaasipuhastusvahend I ZEP Eesti","description":"Toode eemaldab k\u00f5ikidelt klaasidelt rasvased s\u00f5rmej\u00e4ljed, putukaj\u00e4ljed, huulepulga ja muud mustused. K\u00f5ikidelt pindadelt kerge mustuse ja tolmu eemaldamiseks.","robots":{"index":"index","follow":"follow","max-snippet":"max-snippet:-1","max-image-preview":"max-image-preview:large","max-video-preview":"max-video-preview:-1"},"canonical":"https:\/\/zepestonia.com\/en\/toode\/q1-glass-2l\/","og_locale":"en_US","og_type":"article","og_title":"Q1 GLASS 2L - Kontsentreeritud klaasipuhastusvahend I ZEP Eesti","og_description":"Toode eemaldab k\u00f5ikidelt klaasidelt rasvased s\u00f5rmej\u00e4ljed, putukaj\u00e4ljed, huulepulga ja muud mustused. K\u00f5ikidelt pindadelt kerge mustuse ja tolmu eemaldamiseks.","og_url":"https:\/\/zepestonia.com\/en\/toode\/q1-glass-2l\/","og_site_name":"ZEP Eesti I Puhastusvahendid I E-pood","article_publisher":"https:\/\/www.facebook.com\/ZepEesti","article_modified_time":"2026-04-21T00:00:10+00:00","og_image":[{"width":400,"height":600,"url":"https:\/\/zepestonia.com\/wp-content\/uploads\/2021\/12\/135-60e7df2304d3a2-95934082-Q120Glass.png","type":"image\/png"}],"twitter_card":"summary_large_image","schema":{"@context":"https:\/\/schema.org","@graph":[{"@type":"WebPage","@id":"https:\/\/zepestonia.com\/en\/toode\/q1-glass-2l\/","url":"https:\/\/zepestonia.com\/en\/toode\/q1-glass-2l\/","name":"Q1 GLASS 2L - Kontsentreeritud klaasipuhastusvahend I ZEP Eesti","isPartOf":{"@id":"https:\/\/zepestonia.com\/en\/#website"},"primaryImageOfPage":{"@id":"https:\/\/zepestonia.com\/en\/toode\/q1-glass-2l\/#primaryimage"},"image":{"@id":"https:\/\/zepestonia.com\/en\/toode\/q1-glass-2l\/#primaryimage"},"thumbnailUrl":"https:\/\/zepestonia.com\/wp-content\/uploads\/2021\/12\/135-60e7df2304d3a2-95934082-Q120Glass.png","datePublished":"2021-11-29T19:00:44+00:00","dateModified":"2026-04-21T00:00:10+00:00","description":"Toode eemaldab k\u00f5ikidelt klaasidelt rasvased s\u00f5rmej\u00e4ljed, putukaj\u00e4ljed, huulepulga ja muud mustused. K\u00f5ikidelt pindadelt kerge mustuse ja tolmu eemaldamiseks.","breadcrumb":{"@id":"https:\/\/zepestonia.com\/en\/toode\/q1-glass-2l\/#breadcrumb"},"inLanguage":"en-US","potentialAction":[{"@type":"ReadAction","target":["https:\/\/zepestonia.com\/en\/toode\/q1-glass-2l\/"]}]},{"@type":"ImageObject","inLanguage":"en-US","@id":"https:\/\/zepestonia.com\/en\/toode\/q1-glass-2l\/#primaryimage","url":"https:\/\/zepestonia.com\/wp-content\/uploads\/2021\/12\/135-60e7df2304d3a2-95934082-Q120Glass.png","contentUrl":"https:\/\/zepestonia.com\/wp-content\/uploads\/2021\/12\/135-60e7df2304d3a2-95934082-Q120Glass.png","width":400,"height":600,"caption":"135-60e7df2304d3a2-95934082-Q120Glass"},{"@type":"BreadcrumbList","@id":"https:\/\/zepestonia.com\/en\/toode\/q1-glass-2l\/#breadcrumb","itemListElement":[{"@type":"ListItem","position":1,"name":"Home","item":"https:\/\/zepestonia.com\/en\/"},{"@type":"ListItem","position":2,"name":"Shop","item":"https:\/\/zepestonia.com\/en\/?page_id=4643"},{"@type":"ListItem","position":3,"name":"Q1 GLASS 2L &#8211; Kontsentreeritud klaasipuhastusvahend"}]},{"@type":"WebSite","@id":"https:\/\/zepestonia.com\/en\/#website","url":"https:\/\/zepestonia.com\/en\/","name":"ZEP Eesti I Puhastusvahendid I E-pood","description":"Pakume puhastus- ja hooldusprobleemidele efektiivseid keskkonnas\u00f5bralikke lahendusi!","publisher":{"@id":"https:\/\/zepestonia.com\/en\/#organization"},"potentialAction":[{"@type":"SearchAction","target":{"@type":"EntryPoint","urlTemplate":"https:\/\/zepestonia.com\/en\/?s={search_term_string}"},"query-input":{"@type":"PropertyValueSpecification","valueRequired":true,"valueName":"search_term_string"}}],"inLanguage":"en-US"},{"@type":"Organization","@id":"https:\/\/zepestonia.com\/en\/#organization","name":"Zep Estonia","url":"https:\/\/zepestonia.com\/en\/","logo":{"@type":"ImageObject","inLanguage":"en-US","@id":"https:\/\/zepestonia.com\/en\/#\/schema\/logo\/image\/","url":"https:\/\/zepestonia.com\/wp-content\/uploads\/2022\/03\/Zep-Logo_png.jpeg","contentUrl":"https:\/\/zepestonia.com\/wp-content\/uploads\/2022\/03\/Zep-Logo_png.jpeg","width":109,"height":70,"caption":"Zep Estonia"},"image":{"@id":"https:\/\/zepestonia.com\/en\/#\/schema\/logo\/image\/"},"sameAs":["https:\/\/www.facebook.com\/ZepEesti"]}]}},"_links":{"self":[{"href":"https:\/\/zepestonia.com\/en\/wp-json\/wp\/v2\/product\/2959","targetHints":{"allow":["GET"]}}],"collection":[{"href":"https:\/\/zepestonia.com\/en\/wp-json\/wp\/v2\/product"}],"about":[{"href":"https:\/\/zepestonia.com\/en\/wp-json\/wp\/v2\/types\/product"}],"replies":[{"embeddable":true,"href":"https:\/\/zepestonia.com\/en\/wp-json\/wp\/v2\/comments?post=2959"}],"version-history":[{"count":2,"href":"https:\/\/zepestonia.com\/en\/wp-json\/wp\/v2\/product\/2959\/revisions"}],"predecessor-version":[{"id":14269,"href":"https:\/\/zepestonia.com\/en\/wp-json\/wp\/v2\/product\/2959\/revisions\/14269"}],"wp:featuredmedia":[{"embeddable":true,"href":"https:\/\/zepestonia.com\/en\/wp-json\/wp\/v2\/media\/3917"}],"wp:attachment":[{"href":"https:\/\/zepestonia.com\/en\/wp-json\/wp\/v2\/media?parent=2959"}],"wp:term":[{"taxonomy":"product_brand","embeddable":true,"href":"https:\/\/zepestonia.com\/en\/wp-json\/wp\/v2\/product_brand?post=2959"},{"taxonomy":"product_cat","embeddable":true,"href":"https:\/\/zepestonia.com\/en\/wp-json\/wp\/v2\/product_cat?post=2959"},{"taxonomy":"product_tag","embeddable":true,"href":"https:\/\/zepestonia.com\/en\/wp-json\/wp\/v2\/product_tag?post=2959"}],"curies":[{"name":"wp","href":"https:\/\/api.w.org\/{rel}","templated":true}]}}