{"id":2951,"date":"2021-11-29T19:00:44","date_gmt":"2021-11-29T19:00:44","guid":{"rendered":"https:\/\/zep.valgekana.ee\/toode\/brake-wash\/"},"modified":"2026-03-23T00:00:06","modified_gmt":"2026-03-23T00:00:06","slug":"brake-wash","status":"publish","type":"product","link":"https:\/\/zepestonia.com\/en\/toode\/brake-wash\/","title":{"rendered":"BRAKE WASH &#8211; Piduriosade puhastaja"},"content":{"rendered":"<ul>\n<li><span style=\"font-family: Arial;font-size: 13px;font-style: normal;font-weight: 400;letter-spacing: normal;text-align: left;text-indent: 0px;text-transform: none;display: inline !important;float: none\">Piserdada piduriosadele. <\/span><\/li>\n<li><span style=\"font-family: Arial;font-size: 13px;font-style: normal;font-weight: 400;letter-spacing: normal;text-align: left;text-indent: 0px;text-transform: none;display: inline !important;float: none\">P\u00fchkida kuiva lapiga v\u00f5i lasta \u00f5hu k\u00e4es kuivada. <\/span><\/li>\n<li><span style=\"font-family: Arial;font-size: 13px;font-style: normal;font-weight: 400;letter-spacing: normal;text-align: left;text-indent: 0px;text-transform: none;display: inline !important;float: none\">Vajadusel korrata protseduuri. <\/span><\/li>\n<li><span style=\"font-family: Arial;font-size: 13px;font-style: normal;font-weight: 400;letter-spacing: normal;text-align: left;text-indent: 0px;text-transform: none;display: inline !important;float: none\">V\u00e4ltida korduvat kasutust kummist osadel.<\/span><\/li>\n<\/ul>\n","protected":false},"excerpt":{"rendered":"<p>Kloorivaba toode aurustub kiiresti ja t\u00e4ielikult ning ei sega p\u00e4rastist pidurite t\u00f6\u00f6d.<br \/>\nM\u00e4rgab t\u00e4ielikult asbestitolmu ning peseb selle \u00e4ra, v\u00e4hendades \u00f5hukontsentratsiooni.<br \/>\nPuhastaja peseb \u00e4ra rasva, \u00f5li, pidurivedeliku, kinnikiilunud tolmu ilma metalli, kummi jms. rikkumata.<\/p>\n","protected":false},"featured_media":3682,"comment_status":"closed","ping_status":"closed","template":"","meta":[],"product_brand":[],"product_cat":[199],"product_tag":[],"class_list":{"0":"post-2951","1":"product","2":"type-product","3":"status-publish","4":"has-post-thumbnail","6":"product_cat-autod","8":"first","9":"instock","10":"taxable","11":"shipping-taxable","12":"purchasable","13":"product-type-simple"},"yoast_head":"<!-- This site is optimized with the Yoast SEO plugin v26.5 - https:\/\/yoast.com\/wordpress\/plugins\/seo\/ -->\n<title>BRAKE WASH - Piduriosade puhastaja, 0.65kg I ZEP Eesti<\/title>\n<meta name=\"description\" content=\"Toode aurustub kiiresti ja ei sega p\u00e4rastist pidurite t\u00f6\u00f6d. Peseb \u00e4ra rasva, \u00f5li, pidurivedeliku ning kinnikiilunud tolmu, ilma metalli ja kummi rikkumata.\" \/>\n<meta name=\"robots\" content=\"index, follow, max-snippet:-1, max-image-preview:large, max-video-preview:-1\" \/>\n<link rel=\"canonical\" href=\"https:\/\/zepestonia.com\/en\/toode\/brake-wash\/\" \/>\n<meta property=\"og:locale\" content=\"en_US\" \/>\n<meta property=\"og:type\" content=\"article\" \/>\n<meta property=\"og:title\" content=\"BRAKE WASH - Piduriosade puhastaja, 0.65kg I ZEP Eesti\" \/>\n<meta property=\"og:description\" content=\"Toode aurustub kiiresti ja ei sega p\u00e4rastist pidurite t\u00f6\u00f6d. Peseb \u00e4ra rasva, \u00f5li, pidurivedeliku ning kinnikiilunud tolmu, ilma metalli ja kummi rikkumata.\" \/>\n<meta property=\"og:url\" content=\"https:\/\/zepestonia.com\/en\/toode\/brake-wash\/\" \/>\n<meta property=\"og:site_name\" content=\"ZEP Eesti I Puhastusvahendid I E-pood\" \/>\n<meta property=\"article:publisher\" content=\"https:\/\/www.facebook.com\/ZepEesti\" \/>\n<meta property=\"article:modified_time\" content=\"2026-03-23T00:00:06+00:00\" \/>\n<meta property=\"og:image\" content=\"https:\/\/zepestonia.com\/wp-content\/uploads\/2021\/12\/44-60badb482f50e1-34075848-BRAKE20WASH.png\" \/>\n\t<meta property=\"og:image:width\" content=\"400\" \/>\n\t<meta property=\"og:image:height\" content=\"600\" \/>\n\t<meta property=\"og:image:type\" content=\"image\/png\" \/>\n<meta name=\"twitter:card\" content=\"summary_large_image\" \/>\n<script type=\"application\/ld+json\" class=\"yoast-schema-graph\">{\"@context\":\"https:\/\/schema.org\",\"@graph\":[{\"@type\":\"WebPage\",\"@id\":\"https:\/\/zepestonia.com\/en\/toode\/brake-wash\/\",\"url\":\"https:\/\/zepestonia.com\/en\/toode\/brake-wash\/\",\"name\":\"BRAKE WASH - Piduriosade puhastaja, 0.65kg I ZEP Eesti\",\"isPartOf\":{\"@id\":\"https:\/\/zepestonia.com\/en\/#website\"},\"primaryImageOfPage\":{\"@id\":\"https:\/\/zepestonia.com\/en\/toode\/brake-wash\/#primaryimage\"},\"image\":{\"@id\":\"https:\/\/zepestonia.com\/en\/toode\/brake-wash\/#primaryimage\"},\"thumbnailUrl\":\"https:\/\/zepestonia.com\/wp-content\/uploads\/2021\/12\/44-60badb482f50e1-34075848-BRAKE20WASH.png\",\"datePublished\":\"2021-11-29T19:00:44+00:00\",\"dateModified\":\"2026-03-23T00:00:06+00:00\",\"description\":\"Toode aurustub kiiresti ja ei sega p\u00e4rastist pidurite t\u00f6\u00f6d. Peseb \u00e4ra rasva, \u00f5li, pidurivedeliku ning kinnikiilunud tolmu, ilma metalli ja kummi rikkumata.\",\"breadcrumb\":{\"@id\":\"https:\/\/zepestonia.com\/en\/toode\/brake-wash\/#breadcrumb\"},\"inLanguage\":\"en-US\",\"potentialAction\":[{\"@type\":\"ReadAction\",\"target\":[\"https:\/\/zepestonia.com\/en\/toode\/brake-wash\/\"]}]},{\"@type\":\"ImageObject\",\"inLanguage\":\"en-US\",\"@id\":\"https:\/\/zepestonia.com\/en\/toode\/brake-wash\/#primaryimage\",\"url\":\"https:\/\/zepestonia.com\/wp-content\/uploads\/2021\/12\/44-60badb482f50e1-34075848-BRAKE20WASH.png\",\"contentUrl\":\"https:\/\/zepestonia.com\/wp-content\/uploads\/2021\/12\/44-60badb482f50e1-34075848-BRAKE20WASH.png\",\"width\":400,\"height\":600,\"caption\":\"44-60badb482f50e1-34075848-BRAKE20WASH\"},{\"@type\":\"BreadcrumbList\",\"@id\":\"https:\/\/zepestonia.com\/en\/toode\/brake-wash\/#breadcrumb\",\"itemListElement\":[{\"@type\":\"ListItem\",\"position\":1,\"name\":\"Home\",\"item\":\"https:\/\/zepestonia.com\/en\/\"},{\"@type\":\"ListItem\",\"position\":2,\"name\":\"Shop\",\"item\":\"https:\/\/zepestonia.com\/en\/?page_id=4643\"},{\"@type\":\"ListItem\",\"position\":3,\"name\":\"BRAKE WASH &#8211; Piduriosade puhastaja\"}]},{\"@type\":\"WebSite\",\"@id\":\"https:\/\/zepestonia.com\/en\/#website\",\"url\":\"https:\/\/zepestonia.com\/en\/\",\"name\":\"ZEP Eesti I Puhastusvahendid I E-pood\",\"description\":\"Pakume puhastus- ja hooldusprobleemidele efektiivseid keskkonnas\u00f5bralikke lahendusi!\",\"publisher\":{\"@id\":\"https:\/\/zepestonia.com\/en\/#organization\"},\"potentialAction\":[{\"@type\":\"SearchAction\",\"target\":{\"@type\":\"EntryPoint\",\"urlTemplate\":\"https:\/\/zepestonia.com\/en\/?s={search_term_string}\"},\"query-input\":{\"@type\":\"PropertyValueSpecification\",\"valueRequired\":true,\"valueName\":\"search_term_string\"}}],\"inLanguage\":\"en-US\"},{\"@type\":\"Organization\",\"@id\":\"https:\/\/zepestonia.com\/en\/#organization\",\"name\":\"Zep Estonia\",\"url\":\"https:\/\/zepestonia.com\/en\/\",\"logo\":{\"@type\":\"ImageObject\",\"inLanguage\":\"en-US\",\"@id\":\"https:\/\/zepestonia.com\/en\/#\/schema\/logo\/image\/\",\"url\":\"https:\/\/zepestonia.com\/wp-content\/uploads\/2022\/03\/Zep-Logo_png.jpeg\",\"contentUrl\":\"https:\/\/zepestonia.com\/wp-content\/uploads\/2022\/03\/Zep-Logo_png.jpeg\",\"width\":109,\"height\":70,\"caption\":\"Zep Estonia\"},\"image\":{\"@id\":\"https:\/\/zepestonia.com\/en\/#\/schema\/logo\/image\/\"},\"sameAs\":[\"https:\/\/www.facebook.com\/ZepEesti\"]}]}<\/script>\n<!-- \/ Yoast SEO plugin. -->","yoast_head_json":{"title":"BRAKE WASH - Piduriosade puhastaja, 0.65kg I ZEP Eesti","description":"Toode aurustub kiiresti ja ei sega p\u00e4rastist pidurite t\u00f6\u00f6d. Peseb \u00e4ra rasva, \u00f5li, pidurivedeliku ning kinnikiilunud tolmu, ilma metalli ja kummi rikkumata.","robots":{"index":"index","follow":"follow","max-snippet":"max-snippet:-1","max-image-preview":"max-image-preview:large","max-video-preview":"max-video-preview:-1"},"canonical":"https:\/\/zepestonia.com\/en\/toode\/brake-wash\/","og_locale":"en_US","og_type":"article","og_title":"BRAKE WASH - Piduriosade puhastaja, 0.65kg I ZEP Eesti","og_description":"Toode aurustub kiiresti ja ei sega p\u00e4rastist pidurite t\u00f6\u00f6d. Peseb \u00e4ra rasva, \u00f5li, pidurivedeliku ning kinnikiilunud tolmu, ilma metalli ja kummi rikkumata.","og_url":"https:\/\/zepestonia.com\/en\/toode\/brake-wash\/","og_site_name":"ZEP Eesti I Puhastusvahendid I E-pood","article_publisher":"https:\/\/www.facebook.com\/ZepEesti","article_modified_time":"2026-03-23T00:00:06+00:00","og_image":[{"width":400,"height":600,"url":"https:\/\/zepestonia.com\/wp-content\/uploads\/2021\/12\/44-60badb482f50e1-34075848-BRAKE20WASH.png","type":"image\/png"}],"twitter_card":"summary_large_image","schema":{"@context":"https:\/\/schema.org","@graph":[{"@type":"WebPage","@id":"https:\/\/zepestonia.com\/en\/toode\/brake-wash\/","url":"https:\/\/zepestonia.com\/en\/toode\/brake-wash\/","name":"BRAKE WASH - Piduriosade puhastaja, 0.65kg I ZEP Eesti","isPartOf":{"@id":"https:\/\/zepestonia.com\/en\/#website"},"primaryImageOfPage":{"@id":"https:\/\/zepestonia.com\/en\/toode\/brake-wash\/#primaryimage"},"image":{"@id":"https:\/\/zepestonia.com\/en\/toode\/brake-wash\/#primaryimage"},"thumbnailUrl":"https:\/\/zepestonia.com\/wp-content\/uploads\/2021\/12\/44-60badb482f50e1-34075848-BRAKE20WASH.png","datePublished":"2021-11-29T19:00:44+00:00","dateModified":"2026-03-23T00:00:06+00:00","description":"Toode aurustub kiiresti ja ei sega p\u00e4rastist pidurite t\u00f6\u00f6d. Peseb \u00e4ra rasva, \u00f5li, pidurivedeliku ning kinnikiilunud tolmu, ilma metalli ja kummi rikkumata.","breadcrumb":{"@id":"https:\/\/zepestonia.com\/en\/toode\/brake-wash\/#breadcrumb"},"inLanguage":"en-US","potentialAction":[{"@type":"ReadAction","target":["https:\/\/zepestonia.com\/en\/toode\/brake-wash\/"]}]},{"@type":"ImageObject","inLanguage":"en-US","@id":"https:\/\/zepestonia.com\/en\/toode\/brake-wash\/#primaryimage","url":"https:\/\/zepestonia.com\/wp-content\/uploads\/2021\/12\/44-60badb482f50e1-34075848-BRAKE20WASH.png","contentUrl":"https:\/\/zepestonia.com\/wp-content\/uploads\/2021\/12\/44-60badb482f50e1-34075848-BRAKE20WASH.png","width":400,"height":600,"caption":"44-60badb482f50e1-34075848-BRAKE20WASH"},{"@type":"BreadcrumbList","@id":"https:\/\/zepestonia.com\/en\/toode\/brake-wash\/#breadcrumb","itemListElement":[{"@type":"ListItem","position":1,"name":"Home","item":"https:\/\/zepestonia.com\/en\/"},{"@type":"ListItem","position":2,"name":"Shop","item":"https:\/\/zepestonia.com\/en\/?page_id=4643"},{"@type":"ListItem","position":3,"name":"BRAKE WASH &#8211; Piduriosade puhastaja"}]},{"@type":"WebSite","@id":"https:\/\/zepestonia.com\/en\/#website","url":"https:\/\/zepestonia.com\/en\/","name":"ZEP Eesti I Puhastusvahendid I E-pood","description":"Pakume puhastus- ja hooldusprobleemidele efektiivseid keskkonnas\u00f5bralikke lahendusi!","publisher":{"@id":"https:\/\/zepestonia.com\/en\/#organization"},"potentialAction":[{"@type":"SearchAction","target":{"@type":"EntryPoint","urlTemplate":"https:\/\/zepestonia.com\/en\/?s={search_term_string}"},"query-input":{"@type":"PropertyValueSpecification","valueRequired":true,"valueName":"search_term_string"}}],"inLanguage":"en-US"},{"@type":"Organization","@id":"https:\/\/zepestonia.com\/en\/#organization","name":"Zep Estonia","url":"https:\/\/zepestonia.com\/en\/","logo":{"@type":"ImageObject","inLanguage":"en-US","@id":"https:\/\/zepestonia.com\/en\/#\/schema\/logo\/image\/","url":"https:\/\/zepestonia.com\/wp-content\/uploads\/2022\/03\/Zep-Logo_png.jpeg","contentUrl":"https:\/\/zepestonia.com\/wp-content\/uploads\/2022\/03\/Zep-Logo_png.jpeg","width":109,"height":70,"caption":"Zep Estonia"},"image":{"@id":"https:\/\/zepestonia.com\/en\/#\/schema\/logo\/image\/"},"sameAs":["https:\/\/www.facebook.com\/ZepEesti"]}]}},"_links":{"self":[{"href":"https:\/\/zepestonia.com\/en\/wp-json\/wp\/v2\/product\/2951","targetHints":{"allow":["GET"]}}],"collection":[{"href":"https:\/\/zepestonia.com\/en\/wp-json\/wp\/v2\/product"}],"about":[{"href":"https:\/\/zepestonia.com\/en\/wp-json\/wp\/v2\/types\/product"}],"replies":[{"embeddable":true,"href":"https:\/\/zepestonia.com\/en\/wp-json\/wp\/v2\/comments?post=2951"}],"version-history":[{"count":1,"href":"https:\/\/zepestonia.com\/en\/wp-json\/wp\/v2\/product\/2951\/revisions"}],"predecessor-version":[{"id":10240,"href":"https:\/\/zepestonia.com\/en\/wp-json\/wp\/v2\/product\/2951\/revisions\/10240"}],"wp:featuredmedia":[{"embeddable":true,"href":"https:\/\/zepestonia.com\/en\/wp-json\/wp\/v2\/media\/3682"}],"wp:attachment":[{"href":"https:\/\/zepestonia.com\/en\/wp-json\/wp\/v2\/media?parent=2951"}],"wp:term":[{"taxonomy":"product_brand","embeddable":true,"href":"https:\/\/zepestonia.com\/en\/wp-json\/wp\/v2\/product_brand?post=2951"},{"taxonomy":"product_cat","embeddable":true,"href":"https:\/\/zepestonia.com\/en\/wp-json\/wp\/v2\/product_cat?post=2951"},{"taxonomy":"product_tag","embeddable":true,"href":"https:\/\/zepestonia.com\/en\/wp-json\/wp\/v2\/product_tag?post=2951"}],"curies":[{"name":"wp","href":"https:\/\/api.w.org\/{rel}","templated":true}]}}