{"id":2946,"date":"2021-11-29T19:00:43","date_gmt":"2021-11-29T19:00:43","guid":{"rendered":"https:\/\/zep.valgekana.ee\/toode\/zep-bio-zyme-5kg\/"},"modified":"2026-04-23T00:00:07","modified_gmt":"2026-04-23T00:00:07","slug":"zep-bio-zyme-5kg","status":"publish","type":"product","link":"https:\/\/zepestonia.com\/en\/toode\/zep-bio-zyme-5kg\/","title":{"rendered":"Biozyme Powder 5kg &#8211; Bioaktivaator pulber"},"content":{"rendered":"<p><span style=\"font-family: Arial;font-size: 13px;font-style: normal;font-weight: normal;letter-spacing: normal;text-align: left;text-indent: 0px;text-transform: none;white-space: pre-wrap;text-decoration: none\">\u2022 Enne torustikku lisamist segada veega vahekorras 100 g Zep-Bio-Zyme ja 1 liiter vett (kuni 38\u00b0C)<br \/>\n\u2022 Lasta lahust seista 20-60 minutit ja valada kanalisatsiooni. <\/span><\/p>\n<p><span style=\"font-family: Arial;font-size: 13px;font-style: normal;letter-spacing: normal;text-align: left;text-indent: 0px;text-transform: none;white-space: pre-wrap;text-decoration: none;font-weight: bold\">Hooldus:<\/span><br \/>\n<span style=\"font-family: Arial;font-size: 13px;font-style: normal;font-weight: normal;letter-spacing: normal;text-align: left;text-indent: 0px;text-transform: none;white-space: pre-wrap;text-decoration: none\">\u2022 Septik 50g\/m3(2xn\u00e4dalas),<br \/>\n\u2022 Trassi 100g\/100jm (2xn\u00e4dalas),<br \/>\n\u2022 Rasvap\u00fc\u00fcdur 100g\/100toiduportsu\/p\u00e4evas (2xn\u00e4dalas)<\/span><\/p>\n<p><span style=\"font-family: Arial;font-size: 13px;font-style: normal;letter-spacing: normal;text-align: left;text-indent: 0px;text-transform: none;white-space: pre-wrap;text-decoration: none;font-weight: bold\">Omadused:<\/span><br \/>\n<span style=\"font-family: Arial;font-size: 13px;font-style: normal;font-weight: normal;letter-spacing: normal;text-align: left;text-indent: 0px;text-transform: none;white-space: pre-wrap;text-decoration: none\">Valge pulber<br \/>\npH 6,5-8,5<\/span><br \/>\nBakterite arv &nbsp;&nbsp; &#8211;&nbsp; aeroobne . . . . . .\u00fcle 1,5 miljardi cfu\/gm<br \/>\n&nbsp;&nbsp;&nbsp;&nbsp;&nbsp;&nbsp;&nbsp;&nbsp;&nbsp;&nbsp;&nbsp;&nbsp;&nbsp;&nbsp;&nbsp;&nbsp;&nbsp; &nbsp; &nbsp; &#8211; fakultatiivne . . . .1,0 miljardit cfu\/gm<br \/>\nEns\u00fc\u00fcmide arv &#8211; proteaas . . . . .suurem kui 2000 PV\/gm<br \/>\n&nbsp;&nbsp;&nbsp;&nbsp;&nbsp;&nbsp;&nbsp;&nbsp;&nbsp;&nbsp;&nbsp;&nbsp;&nbsp;&nbsp;&nbsp;&nbsp;&nbsp;&nbsp;&nbsp;&nbsp;&nbsp; &#8211; am\u00fclaas . . . . .suurem kui 300 PV\/gm<br \/>\n&nbsp;&nbsp;&nbsp;&nbsp;&nbsp;&nbsp;&nbsp;&nbsp;&nbsp;&nbsp;&nbsp;&nbsp;&nbsp;&nbsp;&nbsp;&nbsp;&nbsp;&nbsp;&nbsp;&nbsp;&nbsp; &#8211; lipaas . . . . . . .156 USP \u00fchikut\/gm<\/p>\n","protected":false},"excerpt":{"rendered":"<p>Bakteri ja ens\u00fc\u00fcmide p\u00f5hine pulber aktiveerib bioloogiliselt kanalisatsioonitrassid, septikud, rasvap\u00fc\u00fcdurid ja -kaevud.<br \/>\nToode eemaldab divesiniksulfiidi (H2S) e. m\u00e4damuna haisu, rasva, \u00f5lid, valgu, t\u00e4rklise, suhkru ja paberi.<\/p>\n","protected":false},"featured_media":3599,"comment_status":"closed","ping_status":"closed","template":"","meta":[],"product_brand":[],"product_cat":[208],"product_tag":[],"class_list":{"0":"post-2946","1":"product","2":"type-product","3":"status-publish","4":"has-post-thumbnail","6":"product_cat-heitvesi","8":"first","9":"instock","10":"taxable","11":"shipping-taxable","12":"purchasable","13":"product-type-simple"},"yoast_head":"<!-- This site is optimized with the Yoast SEO plugin v26.5 - https:\/\/yoast.com\/wordpress\/plugins\/seo\/ -->\n<title>ZEP-BIO-ZYME 5kg - Bioloogiline aktivaator, pulber I ZEP Eesti<\/title>\n<meta name=\"description\" content=\"Bakteri ja ens\u00fc\u00fcmide p\u00f5hine pulber aktiveerib bioloogiliselt kanalisatsioonitrassid, septikud, rasvap\u00fc\u00fcdurid ja -kaevud. Antud toode eemaldab m\u00e4damuna haisu.\" \/>\n<meta name=\"robots\" content=\"index, follow, max-snippet:-1, max-image-preview:large, max-video-preview:-1\" \/>\n<link rel=\"canonical\" href=\"https:\/\/zepestonia.com\/en\/toode\/zep-bio-zyme-5kg\/\" \/>\n<meta property=\"og:locale\" content=\"en_US\" \/>\n<meta property=\"og:type\" content=\"article\" \/>\n<meta property=\"og:title\" content=\"ZEP-BIO-ZYME 5kg - Bioloogiline aktivaator, pulber I ZEP Eesti\" \/>\n<meta property=\"og:description\" content=\"Bakteri ja ens\u00fc\u00fcmide p\u00f5hine pulber aktiveerib bioloogiliselt kanalisatsioonitrassid, septikud, rasvap\u00fc\u00fcdurid ja -kaevud. Antud toode eemaldab m\u00e4damuna haisu.\" \/>\n<meta property=\"og:url\" content=\"https:\/\/zepestonia.com\/en\/toode\/zep-bio-zyme-5kg\/\" \/>\n<meta property=\"og:site_name\" content=\"ZEP Eesti I Puhastusvahendid I E-pood\" \/>\n<meta property=\"article:publisher\" content=\"https:\/\/www.facebook.com\/ZepEesti\" \/>\n<meta property=\"article:modified_time\" content=\"2026-04-23T00:00:07+00:00\" \/>\n<meta property=\"og:image\" content=\"https:\/\/zepestonia.com\/wp-content\/uploads\/2021\/12\/186-60ea35e1bb7b37-15518787-ZEP-BIO-ZYME.png\" \/>\n\t<meta property=\"og:image:width\" content=\"400\" \/>\n\t<meta property=\"og:image:height\" content=\"600\" \/>\n\t<meta property=\"og:image:type\" content=\"image\/png\" \/>\n<meta name=\"twitter:card\" content=\"summary_large_image\" \/>\n<meta name=\"twitter:label1\" content=\"Est. reading time\" \/>\n\t<meta name=\"twitter:data1\" content=\"1 minute\" \/>\n<script type=\"application\/ld+json\" class=\"yoast-schema-graph\">{\"@context\":\"https:\/\/schema.org\",\"@graph\":[{\"@type\":\"WebPage\",\"@id\":\"https:\/\/zepestonia.com\/en\/toode\/zep-bio-zyme-5kg\/\",\"url\":\"https:\/\/zepestonia.com\/en\/toode\/zep-bio-zyme-5kg\/\",\"name\":\"ZEP-BIO-ZYME 5kg - Bioloogiline aktivaator, pulber I ZEP Eesti\",\"isPartOf\":{\"@id\":\"https:\/\/zepestonia.com\/en\/#website\"},\"primaryImageOfPage\":{\"@id\":\"https:\/\/zepestonia.com\/en\/toode\/zep-bio-zyme-5kg\/#primaryimage\"},\"image\":{\"@id\":\"https:\/\/zepestonia.com\/en\/toode\/zep-bio-zyme-5kg\/#primaryimage\"},\"thumbnailUrl\":\"https:\/\/zepestonia.com\/wp-content\/uploads\/2021\/12\/186-60ea35e1bb7b37-15518787-ZEP-BIO-ZYME.png\",\"datePublished\":\"2021-11-29T19:00:43+00:00\",\"dateModified\":\"2026-04-23T00:00:07+00:00\",\"description\":\"Bakteri ja ens\u00fc\u00fcmide p\u00f5hine pulber aktiveerib bioloogiliselt kanalisatsioonitrassid, septikud, rasvap\u00fc\u00fcdurid ja -kaevud. Antud toode eemaldab m\u00e4damuna haisu.\",\"breadcrumb\":{\"@id\":\"https:\/\/zepestonia.com\/en\/toode\/zep-bio-zyme-5kg\/#breadcrumb\"},\"inLanguage\":\"en-US\",\"potentialAction\":[{\"@type\":\"ReadAction\",\"target\":[\"https:\/\/zepestonia.com\/en\/toode\/zep-bio-zyme-5kg\/\"]}]},{\"@type\":\"ImageObject\",\"inLanguage\":\"en-US\",\"@id\":\"https:\/\/zepestonia.com\/en\/toode\/zep-bio-zyme-5kg\/#primaryimage\",\"url\":\"https:\/\/zepestonia.com\/wp-content\/uploads\/2021\/12\/186-60ea35e1bb7b37-15518787-ZEP-BIO-ZYME.png\",\"contentUrl\":\"https:\/\/zepestonia.com\/wp-content\/uploads\/2021\/12\/186-60ea35e1bb7b37-15518787-ZEP-BIO-ZYME.png\",\"width\":400,\"height\":600,\"caption\":\"186-60ea35e1bb7b37-15518787-ZEP-BIO-ZYME\"},{\"@type\":\"BreadcrumbList\",\"@id\":\"https:\/\/zepestonia.com\/en\/toode\/zep-bio-zyme-5kg\/#breadcrumb\",\"itemListElement\":[{\"@type\":\"ListItem\",\"position\":1,\"name\":\"Home\",\"item\":\"https:\/\/zepestonia.com\/en\/\"},{\"@type\":\"ListItem\",\"position\":2,\"name\":\"Shop\",\"item\":\"https:\/\/zepestonia.com\/en\/?page_id=4643\"},{\"@type\":\"ListItem\",\"position\":3,\"name\":\"Biozyme Powder 5kg &#8211; Bioaktivaator pulber\"}]},{\"@type\":\"WebSite\",\"@id\":\"https:\/\/zepestonia.com\/en\/#website\",\"url\":\"https:\/\/zepestonia.com\/en\/\",\"name\":\"ZEP Eesti I Puhastusvahendid I E-pood\",\"description\":\"Pakume puhastus- ja hooldusprobleemidele efektiivseid keskkonnas\u00f5bralikke lahendusi!\",\"publisher\":{\"@id\":\"https:\/\/zepestonia.com\/en\/#organization\"},\"potentialAction\":[{\"@type\":\"SearchAction\",\"target\":{\"@type\":\"EntryPoint\",\"urlTemplate\":\"https:\/\/zepestonia.com\/en\/?s={search_term_string}\"},\"query-input\":{\"@type\":\"PropertyValueSpecification\",\"valueRequired\":true,\"valueName\":\"search_term_string\"}}],\"inLanguage\":\"en-US\"},{\"@type\":\"Organization\",\"@id\":\"https:\/\/zepestonia.com\/en\/#organization\",\"name\":\"Zep Estonia\",\"url\":\"https:\/\/zepestonia.com\/en\/\",\"logo\":{\"@type\":\"ImageObject\",\"inLanguage\":\"en-US\",\"@id\":\"https:\/\/zepestonia.com\/en\/#\/schema\/logo\/image\/\",\"url\":\"https:\/\/zepestonia.com\/wp-content\/uploads\/2022\/03\/Zep-Logo_png.jpeg\",\"contentUrl\":\"https:\/\/zepestonia.com\/wp-content\/uploads\/2022\/03\/Zep-Logo_png.jpeg\",\"width\":109,\"height\":70,\"caption\":\"Zep Estonia\"},\"image\":{\"@id\":\"https:\/\/zepestonia.com\/en\/#\/schema\/logo\/image\/\"},\"sameAs\":[\"https:\/\/www.facebook.com\/ZepEesti\"]}]}<\/script>\n<!-- \/ Yoast SEO plugin. -->","yoast_head_json":{"title":"ZEP-BIO-ZYME 5kg - Bioloogiline aktivaator, pulber I ZEP Eesti","description":"Bakteri ja ens\u00fc\u00fcmide p\u00f5hine pulber aktiveerib bioloogiliselt kanalisatsioonitrassid, septikud, rasvap\u00fc\u00fcdurid ja -kaevud. Antud toode eemaldab m\u00e4damuna haisu.","robots":{"index":"index","follow":"follow","max-snippet":"max-snippet:-1","max-image-preview":"max-image-preview:large","max-video-preview":"max-video-preview:-1"},"canonical":"https:\/\/zepestonia.com\/en\/toode\/zep-bio-zyme-5kg\/","og_locale":"en_US","og_type":"article","og_title":"ZEP-BIO-ZYME 5kg - Bioloogiline aktivaator, pulber I ZEP Eesti","og_description":"Bakteri ja ens\u00fc\u00fcmide p\u00f5hine pulber aktiveerib bioloogiliselt kanalisatsioonitrassid, septikud, rasvap\u00fc\u00fcdurid ja -kaevud. Antud toode eemaldab m\u00e4damuna haisu.","og_url":"https:\/\/zepestonia.com\/en\/toode\/zep-bio-zyme-5kg\/","og_site_name":"ZEP Eesti I Puhastusvahendid I E-pood","article_publisher":"https:\/\/www.facebook.com\/ZepEesti","article_modified_time":"2026-04-23T00:00:07+00:00","og_image":[{"width":400,"height":600,"url":"https:\/\/zepestonia.com\/wp-content\/uploads\/2021\/12\/186-60ea35e1bb7b37-15518787-ZEP-BIO-ZYME.png","type":"image\/png"}],"twitter_card":"summary_large_image","twitter_misc":{"Est. reading time":"1 minute"},"schema":{"@context":"https:\/\/schema.org","@graph":[{"@type":"WebPage","@id":"https:\/\/zepestonia.com\/en\/toode\/zep-bio-zyme-5kg\/","url":"https:\/\/zepestonia.com\/en\/toode\/zep-bio-zyme-5kg\/","name":"ZEP-BIO-ZYME 5kg - Bioloogiline aktivaator, pulber I ZEP Eesti","isPartOf":{"@id":"https:\/\/zepestonia.com\/en\/#website"},"primaryImageOfPage":{"@id":"https:\/\/zepestonia.com\/en\/toode\/zep-bio-zyme-5kg\/#primaryimage"},"image":{"@id":"https:\/\/zepestonia.com\/en\/toode\/zep-bio-zyme-5kg\/#primaryimage"},"thumbnailUrl":"https:\/\/zepestonia.com\/wp-content\/uploads\/2021\/12\/186-60ea35e1bb7b37-15518787-ZEP-BIO-ZYME.png","datePublished":"2021-11-29T19:00:43+00:00","dateModified":"2026-04-23T00:00:07+00:00","description":"Bakteri ja ens\u00fc\u00fcmide p\u00f5hine pulber aktiveerib bioloogiliselt kanalisatsioonitrassid, septikud, rasvap\u00fc\u00fcdurid ja -kaevud. Antud toode eemaldab m\u00e4damuna haisu.","breadcrumb":{"@id":"https:\/\/zepestonia.com\/en\/toode\/zep-bio-zyme-5kg\/#breadcrumb"},"inLanguage":"en-US","potentialAction":[{"@type":"ReadAction","target":["https:\/\/zepestonia.com\/en\/toode\/zep-bio-zyme-5kg\/"]}]},{"@type":"ImageObject","inLanguage":"en-US","@id":"https:\/\/zepestonia.com\/en\/toode\/zep-bio-zyme-5kg\/#primaryimage","url":"https:\/\/zepestonia.com\/wp-content\/uploads\/2021\/12\/186-60ea35e1bb7b37-15518787-ZEP-BIO-ZYME.png","contentUrl":"https:\/\/zepestonia.com\/wp-content\/uploads\/2021\/12\/186-60ea35e1bb7b37-15518787-ZEP-BIO-ZYME.png","width":400,"height":600,"caption":"186-60ea35e1bb7b37-15518787-ZEP-BIO-ZYME"},{"@type":"BreadcrumbList","@id":"https:\/\/zepestonia.com\/en\/toode\/zep-bio-zyme-5kg\/#breadcrumb","itemListElement":[{"@type":"ListItem","position":1,"name":"Home","item":"https:\/\/zepestonia.com\/en\/"},{"@type":"ListItem","position":2,"name":"Shop","item":"https:\/\/zepestonia.com\/en\/?page_id=4643"},{"@type":"ListItem","position":3,"name":"Biozyme Powder 5kg &#8211; Bioaktivaator pulber"}]},{"@type":"WebSite","@id":"https:\/\/zepestonia.com\/en\/#website","url":"https:\/\/zepestonia.com\/en\/","name":"ZEP Eesti I Puhastusvahendid I E-pood","description":"Pakume puhastus- ja hooldusprobleemidele efektiivseid keskkonnas\u00f5bralikke lahendusi!","publisher":{"@id":"https:\/\/zepestonia.com\/en\/#organization"},"potentialAction":[{"@type":"SearchAction","target":{"@type":"EntryPoint","urlTemplate":"https:\/\/zepestonia.com\/en\/?s={search_term_string}"},"query-input":{"@type":"PropertyValueSpecification","valueRequired":true,"valueName":"search_term_string"}}],"inLanguage":"en-US"},{"@type":"Organization","@id":"https:\/\/zepestonia.com\/en\/#organization","name":"Zep Estonia","url":"https:\/\/zepestonia.com\/en\/","logo":{"@type":"ImageObject","inLanguage":"en-US","@id":"https:\/\/zepestonia.com\/en\/#\/schema\/logo\/image\/","url":"https:\/\/zepestonia.com\/wp-content\/uploads\/2022\/03\/Zep-Logo_png.jpeg","contentUrl":"https:\/\/zepestonia.com\/wp-content\/uploads\/2022\/03\/Zep-Logo_png.jpeg","width":109,"height":70,"caption":"Zep Estonia"},"image":{"@id":"https:\/\/zepestonia.com\/en\/#\/schema\/logo\/image\/"},"sameAs":["https:\/\/www.facebook.com\/ZepEesti"]}]}},"_links":{"self":[{"href":"https:\/\/zepestonia.com\/en\/wp-json\/wp\/v2\/product\/2946","targetHints":{"allow":["GET"]}}],"collection":[{"href":"https:\/\/zepestonia.com\/en\/wp-json\/wp\/v2\/product"}],"about":[{"href":"https:\/\/zepestonia.com\/en\/wp-json\/wp\/v2\/types\/product"}],"replies":[{"embeddable":true,"href":"https:\/\/zepestonia.com\/en\/wp-json\/wp\/v2\/comments?post=2946"}],"version-history":[{"count":6,"href":"https:\/\/zepestonia.com\/en\/wp-json\/wp\/v2\/product\/2946\/revisions"}],"predecessor-version":[{"id":14274,"href":"https:\/\/zepestonia.com\/en\/wp-json\/wp\/v2\/product\/2946\/revisions\/14274"}],"wp:featuredmedia":[{"embeddable":true,"href":"https:\/\/zepestonia.com\/en\/wp-json\/wp\/v2\/media\/3599"}],"wp:attachment":[{"href":"https:\/\/zepestonia.com\/en\/wp-json\/wp\/v2\/media?parent=2946"}],"wp:term":[{"taxonomy":"product_brand","embeddable":true,"href":"https:\/\/zepestonia.com\/en\/wp-json\/wp\/v2\/product_brand?post=2946"},{"taxonomy":"product_cat","embeddable":true,"href":"https:\/\/zepestonia.com\/en\/wp-json\/wp\/v2\/product_cat?post=2946"},{"taxonomy":"product_tag","embeddable":true,"href":"https:\/\/zepestonia.com\/en\/wp-json\/wp\/v2\/product_tag?post=2946"}],"curies":[{"name":"wp","href":"https:\/\/api.w.org\/{rel}","templated":true}]}}