{"id":2937,"date":"2021-11-29T19:00:43","date_gmt":"2021-11-29T19:00:43","guid":{"rendered":"https:\/\/zep.valgekana.ee\/toode\/natura-cuisine-5l\/"},"modified":"2026-04-07T08:20:35","modified_gmt":"2026-04-07T08:20:35","slug":"natura-cuisine-5l","status":"publish","type":"product","link":"https:\/\/zepestonia.com\/en\/toode\/natura-cuisine-5l\/","title":{"rendered":"NATURA CUISINE 5L &#8211; Bioloogiline puhastusvahend ja rasvade eemaldaja"},"content":{"rendered":"<p><strong>\u00dcldpindade puhastus<\/strong><br \/>\n\u2022 Valmistada sooja veega (kuni 40\u00baC) 1% lahus.<br \/>\n\u2022 Puhastada pind lahusega niiskeks tehtud lapiga v\u00f5i piserdada pinnale ja p\u00fchkida.<\/p>\n<p><strong>P\u00f5randate pesu<\/strong><br \/>\n\u2022 Igap\u00e4evaseks puhastuseks 1-2% lahus.<br \/>\n\u2022 Kanda toode mopiga p\u00f5randale.<br \/>\n\u2022 Ei loputata.<\/p>\n<p><strong>PS!<\/strong> J\u00e4relej\u00e4\u00e4nud lahuse v\u00f5ib kallata kanalisatsiooni.<br \/>\n\u2022 Lahust ei tohi teha ette rohkemaks kui 48 tunniks.<br \/>\n\u2022 Parima tulemuse saavutamiseks valmistada v\u00e4rske lahus iga p\u00e4ev.<br \/>\n\u2022 Mitte segada aluste, hapete ega desinfitseerivate ainetega.<\/p>\n<p><strong>Omadused: &nbsp;<\/strong><br \/>\npH: 7,5-8,0<br \/>\nKulu: 100ml+10L\/H2O \u2248 120m\u00b2<\/p>\n","protected":false},"excerpt":{"rendered":"<p>K\u00f6\u00f6kide k\u00f5rge efektiivsusega kontsentreeritud (1:100) bioloogiline puhastusvahend rasvastele pindadele ja l\u00f5hnastaja,<br \/>\nT\u00f5hus vahend puhastamaks k\u00f5ik pinnad, raskesti ligip\u00e4\u00e4setavad kohad, vuugid jm.kohad: restoranides, kohvikutes, kiirtoidukohtades, spordisaalides, vastuv\u00f5turuumides, s\u00f6\u00f6klates,<br \/>\nkoolide k\u00f6\u00f6kides, lennujaamades jne.<br \/>\nKanalisatsioonis parandab bakterite t\u00f6\u00f6d ja ebameeldivate l\u00f5hnade teket.<\/p>\n","protected":false},"featured_media":3628,"comment_status":"closed","ping_status":"closed","template":"","meta":[],"product_brand":[],"product_cat":[192],"product_tag":[],"class_list":{"0":"post-2937","1":"product","2":"type-product","3":"status-publish","4":"has-post-thumbnail","6":"product_cat-horeca","8":"first","9":"instock","10":"taxable","11":"shipping-taxable","12":"purchasable","13":"product-type-simple"},"yoast_head":"<!-- This site is optimized with the Yoast SEO plugin v26.5 - https:\/\/yoast.com\/wordpress\/plugins\/seo\/ -->\n<title>NATURA CUISINE 5L - Puhastusvahend ja rasvade eemaldaja I ZEP Eesti<\/title>\n<meta name=\"description\" content=\"K\u00f6\u00f6kide k\u00f5rge efektiivsusega kontsentreeritud (1:100) bioloogiline puhastusvahend rasvastele pindadele ja l\u00f5hnastaja, T\u00f5hus vahend puhastamaks k\u00f5ik pinnad.\" \/>\n<meta name=\"robots\" content=\"index, follow, max-snippet:-1, max-image-preview:large, max-video-preview:-1\" \/>\n<link rel=\"canonical\" href=\"https:\/\/zepestonia.com\/en\/toode\/natura-cuisine-5l\/\" \/>\n<meta property=\"og:locale\" content=\"en_US\" \/>\n<meta property=\"og:type\" content=\"article\" \/>\n<meta property=\"og:title\" content=\"NATURA CUISINE 5L - Puhastusvahend ja rasvade eemaldaja I ZEP Eesti\" \/>\n<meta property=\"og:description\" content=\"K\u00f6\u00f6kide k\u00f5rge efektiivsusega kontsentreeritud (1:100) bioloogiline puhastusvahend rasvastele pindadele ja l\u00f5hnastaja, T\u00f5hus vahend puhastamaks k\u00f5ik pinnad.\" \/>\n<meta property=\"og:url\" content=\"https:\/\/zepestonia.com\/en\/toode\/natura-cuisine-5l\/\" \/>\n<meta property=\"og:site_name\" content=\"ZEP Eesti I Puhastusvahendid I E-pood\" \/>\n<meta property=\"article:publisher\" content=\"https:\/\/www.facebook.com\/ZepEesti\" \/>\n<meta property=\"article:modified_time\" content=\"2026-04-07T08:20:35+00:00\" \/>\n<meta property=\"og:image\" content=\"https:\/\/zepestonia.com\/wp-content\/uploads\/2021\/12\/116-60e115ddd7c5f4-20939898-NATURA20CUISINE.png\" \/>\n\t<meta property=\"og:image:width\" content=\"400\" \/>\n\t<meta property=\"og:image:height\" content=\"600\" \/>\n\t<meta property=\"og:image:type\" content=\"image\/png\" \/>\n<meta name=\"twitter:card\" content=\"summary_large_image\" \/>\n<script type=\"application\/ld+json\" class=\"yoast-schema-graph\">{\"@context\":\"https:\/\/schema.org\",\"@graph\":[{\"@type\":\"WebPage\",\"@id\":\"https:\/\/zepestonia.com\/en\/toode\/natura-cuisine-5l\/\",\"url\":\"https:\/\/zepestonia.com\/en\/toode\/natura-cuisine-5l\/\",\"name\":\"NATURA CUISINE 5L - Puhastusvahend ja rasvade eemaldaja I ZEP Eesti\",\"isPartOf\":{\"@id\":\"https:\/\/zepestonia.com\/en\/#website\"},\"primaryImageOfPage\":{\"@id\":\"https:\/\/zepestonia.com\/en\/toode\/natura-cuisine-5l\/#primaryimage\"},\"image\":{\"@id\":\"https:\/\/zepestonia.com\/en\/toode\/natura-cuisine-5l\/#primaryimage\"},\"thumbnailUrl\":\"https:\/\/zepestonia.com\/wp-content\/uploads\/2021\/12\/116-60e115ddd7c5f4-20939898-NATURA20CUISINE.png\",\"datePublished\":\"2021-11-29T19:00:43+00:00\",\"dateModified\":\"2026-04-07T08:20:35+00:00\",\"description\":\"K\u00f6\u00f6kide k\u00f5rge efektiivsusega kontsentreeritud (1:100) bioloogiline puhastusvahend rasvastele pindadele ja l\u00f5hnastaja, T\u00f5hus vahend puhastamaks k\u00f5ik pinnad.\",\"breadcrumb\":{\"@id\":\"https:\/\/zepestonia.com\/en\/toode\/natura-cuisine-5l\/#breadcrumb\"},\"inLanguage\":\"en-US\",\"potentialAction\":[{\"@type\":\"ReadAction\",\"target\":[\"https:\/\/zepestonia.com\/en\/toode\/natura-cuisine-5l\/\"]}]},{\"@type\":\"ImageObject\",\"inLanguage\":\"en-US\",\"@id\":\"https:\/\/zepestonia.com\/en\/toode\/natura-cuisine-5l\/#primaryimage\",\"url\":\"https:\/\/zepestonia.com\/wp-content\/uploads\/2021\/12\/116-60e115ddd7c5f4-20939898-NATURA20CUISINE.png\",\"contentUrl\":\"https:\/\/zepestonia.com\/wp-content\/uploads\/2021\/12\/116-60e115ddd7c5f4-20939898-NATURA20CUISINE.png\",\"width\":400,\"height\":600,\"caption\":\"116-60e115ddd7c5f4-20939898-NATURA20CUISINE\"},{\"@type\":\"BreadcrumbList\",\"@id\":\"https:\/\/zepestonia.com\/en\/toode\/natura-cuisine-5l\/#breadcrumb\",\"itemListElement\":[{\"@type\":\"ListItem\",\"position\":1,\"name\":\"Home\",\"item\":\"https:\/\/zepestonia.com\/en\/\"},{\"@type\":\"ListItem\",\"position\":2,\"name\":\"Shop\",\"item\":\"https:\/\/zepestonia.com\/en\/?page_id=4643\"},{\"@type\":\"ListItem\",\"position\":3,\"name\":\"NATURA CUISINE 5L &#8211; Bioloogiline puhastusvahend ja rasvade eemaldaja\"}]},{\"@type\":\"WebSite\",\"@id\":\"https:\/\/zepestonia.com\/en\/#website\",\"url\":\"https:\/\/zepestonia.com\/en\/\",\"name\":\"ZEP Eesti I Puhastusvahendid I E-pood\",\"description\":\"Pakume puhastus- ja hooldusprobleemidele efektiivseid keskkonnas\u00f5bralikke lahendusi!\",\"publisher\":{\"@id\":\"https:\/\/zepestonia.com\/en\/#organization\"},\"potentialAction\":[{\"@type\":\"SearchAction\",\"target\":{\"@type\":\"EntryPoint\",\"urlTemplate\":\"https:\/\/zepestonia.com\/en\/?s={search_term_string}\"},\"query-input\":{\"@type\":\"PropertyValueSpecification\",\"valueRequired\":true,\"valueName\":\"search_term_string\"}}],\"inLanguage\":\"en-US\"},{\"@type\":\"Organization\",\"@id\":\"https:\/\/zepestonia.com\/en\/#organization\",\"name\":\"Zep Estonia\",\"url\":\"https:\/\/zepestonia.com\/en\/\",\"logo\":{\"@type\":\"ImageObject\",\"inLanguage\":\"en-US\",\"@id\":\"https:\/\/zepestonia.com\/en\/#\/schema\/logo\/image\/\",\"url\":\"https:\/\/zepestonia.com\/wp-content\/uploads\/2022\/03\/Zep-Logo_png.jpeg\",\"contentUrl\":\"https:\/\/zepestonia.com\/wp-content\/uploads\/2022\/03\/Zep-Logo_png.jpeg\",\"width\":109,\"height\":70,\"caption\":\"Zep Estonia\"},\"image\":{\"@id\":\"https:\/\/zepestonia.com\/en\/#\/schema\/logo\/image\/\"},\"sameAs\":[\"https:\/\/www.facebook.com\/ZepEesti\"]}]}<\/script>\n<!-- \/ Yoast SEO plugin. -->","yoast_head_json":{"title":"NATURA CUISINE 5L - Puhastusvahend ja rasvade eemaldaja I ZEP Eesti","description":"K\u00f6\u00f6kide k\u00f5rge efektiivsusega kontsentreeritud (1:100) bioloogiline puhastusvahend rasvastele pindadele ja l\u00f5hnastaja, T\u00f5hus vahend puhastamaks k\u00f5ik pinnad.","robots":{"index":"index","follow":"follow","max-snippet":"max-snippet:-1","max-image-preview":"max-image-preview:large","max-video-preview":"max-video-preview:-1"},"canonical":"https:\/\/zepestonia.com\/en\/toode\/natura-cuisine-5l\/","og_locale":"en_US","og_type":"article","og_title":"NATURA CUISINE 5L - Puhastusvahend ja rasvade eemaldaja I ZEP Eesti","og_description":"K\u00f6\u00f6kide k\u00f5rge efektiivsusega kontsentreeritud (1:100) bioloogiline puhastusvahend rasvastele pindadele ja l\u00f5hnastaja, T\u00f5hus vahend puhastamaks k\u00f5ik pinnad.","og_url":"https:\/\/zepestonia.com\/en\/toode\/natura-cuisine-5l\/","og_site_name":"ZEP Eesti I Puhastusvahendid I E-pood","article_publisher":"https:\/\/www.facebook.com\/ZepEesti","article_modified_time":"2026-04-07T08:20:35+00:00","og_image":[{"width":400,"height":600,"url":"https:\/\/zepestonia.com\/wp-content\/uploads\/2021\/12\/116-60e115ddd7c5f4-20939898-NATURA20CUISINE.png","type":"image\/png"}],"twitter_card":"summary_large_image","schema":{"@context":"https:\/\/schema.org","@graph":[{"@type":"WebPage","@id":"https:\/\/zepestonia.com\/en\/toode\/natura-cuisine-5l\/","url":"https:\/\/zepestonia.com\/en\/toode\/natura-cuisine-5l\/","name":"NATURA CUISINE 5L - Puhastusvahend ja rasvade eemaldaja I ZEP Eesti","isPartOf":{"@id":"https:\/\/zepestonia.com\/en\/#website"},"primaryImageOfPage":{"@id":"https:\/\/zepestonia.com\/en\/toode\/natura-cuisine-5l\/#primaryimage"},"image":{"@id":"https:\/\/zepestonia.com\/en\/toode\/natura-cuisine-5l\/#primaryimage"},"thumbnailUrl":"https:\/\/zepestonia.com\/wp-content\/uploads\/2021\/12\/116-60e115ddd7c5f4-20939898-NATURA20CUISINE.png","datePublished":"2021-11-29T19:00:43+00:00","dateModified":"2026-04-07T08:20:35+00:00","description":"K\u00f6\u00f6kide k\u00f5rge efektiivsusega kontsentreeritud (1:100) bioloogiline puhastusvahend rasvastele pindadele ja l\u00f5hnastaja, T\u00f5hus vahend puhastamaks k\u00f5ik pinnad.","breadcrumb":{"@id":"https:\/\/zepestonia.com\/en\/toode\/natura-cuisine-5l\/#breadcrumb"},"inLanguage":"en-US","potentialAction":[{"@type":"ReadAction","target":["https:\/\/zepestonia.com\/en\/toode\/natura-cuisine-5l\/"]}]},{"@type":"ImageObject","inLanguage":"en-US","@id":"https:\/\/zepestonia.com\/en\/toode\/natura-cuisine-5l\/#primaryimage","url":"https:\/\/zepestonia.com\/wp-content\/uploads\/2021\/12\/116-60e115ddd7c5f4-20939898-NATURA20CUISINE.png","contentUrl":"https:\/\/zepestonia.com\/wp-content\/uploads\/2021\/12\/116-60e115ddd7c5f4-20939898-NATURA20CUISINE.png","width":400,"height":600,"caption":"116-60e115ddd7c5f4-20939898-NATURA20CUISINE"},{"@type":"BreadcrumbList","@id":"https:\/\/zepestonia.com\/en\/toode\/natura-cuisine-5l\/#breadcrumb","itemListElement":[{"@type":"ListItem","position":1,"name":"Home","item":"https:\/\/zepestonia.com\/en\/"},{"@type":"ListItem","position":2,"name":"Shop","item":"https:\/\/zepestonia.com\/en\/?page_id=4643"},{"@type":"ListItem","position":3,"name":"NATURA CUISINE 5L &#8211; Bioloogiline puhastusvahend ja rasvade eemaldaja"}]},{"@type":"WebSite","@id":"https:\/\/zepestonia.com\/en\/#website","url":"https:\/\/zepestonia.com\/en\/","name":"ZEP Eesti I Puhastusvahendid I E-pood","description":"Pakume puhastus- ja hooldusprobleemidele efektiivseid keskkonnas\u00f5bralikke lahendusi!","publisher":{"@id":"https:\/\/zepestonia.com\/en\/#organization"},"potentialAction":[{"@type":"SearchAction","target":{"@type":"EntryPoint","urlTemplate":"https:\/\/zepestonia.com\/en\/?s={search_term_string}"},"query-input":{"@type":"PropertyValueSpecification","valueRequired":true,"valueName":"search_term_string"}}],"inLanguage":"en-US"},{"@type":"Organization","@id":"https:\/\/zepestonia.com\/en\/#organization","name":"Zep Estonia","url":"https:\/\/zepestonia.com\/en\/","logo":{"@type":"ImageObject","inLanguage":"en-US","@id":"https:\/\/zepestonia.com\/en\/#\/schema\/logo\/image\/","url":"https:\/\/zepestonia.com\/wp-content\/uploads\/2022\/03\/Zep-Logo_png.jpeg","contentUrl":"https:\/\/zepestonia.com\/wp-content\/uploads\/2022\/03\/Zep-Logo_png.jpeg","width":109,"height":70,"caption":"Zep Estonia"},"image":{"@id":"https:\/\/zepestonia.com\/en\/#\/schema\/logo\/image\/"},"sameAs":["https:\/\/www.facebook.com\/ZepEesti"]}]}},"_links":{"self":[{"href":"https:\/\/zepestonia.com\/en\/wp-json\/wp\/v2\/product\/2937","targetHints":{"allow":["GET"]}}],"collection":[{"href":"https:\/\/zepestonia.com\/en\/wp-json\/wp\/v2\/product"}],"about":[{"href":"https:\/\/zepestonia.com\/en\/wp-json\/wp\/v2\/types\/product"}],"replies":[{"embeddable":true,"href":"https:\/\/zepestonia.com\/en\/wp-json\/wp\/v2\/comments?post=2937"}],"version-history":[{"count":1,"href":"https:\/\/zepestonia.com\/en\/wp-json\/wp\/v2\/product\/2937\/revisions"}],"predecessor-version":[{"id":11981,"href":"https:\/\/zepestonia.com\/en\/wp-json\/wp\/v2\/product\/2937\/revisions\/11981"}],"wp:featuredmedia":[{"embeddable":true,"href":"https:\/\/zepestonia.com\/en\/wp-json\/wp\/v2\/media\/3628"}],"wp:attachment":[{"href":"https:\/\/zepestonia.com\/en\/wp-json\/wp\/v2\/media?parent=2937"}],"wp:term":[{"taxonomy":"product_brand","embeddable":true,"href":"https:\/\/zepestonia.com\/en\/wp-json\/wp\/v2\/product_brand?post=2937"},{"taxonomy":"product_cat","embeddable":true,"href":"https:\/\/zepestonia.com\/en\/wp-json\/wp\/v2\/product_cat?post=2937"},{"taxonomy":"product_tag","embeddable":true,"href":"https:\/\/zepestonia.com\/en\/wp-json\/wp\/v2\/product_tag?post=2937"}],"curies":[{"name":"wp","href":"https:\/\/api.w.org\/{rel}","templated":true}]}}