{"id":2922,"date":"2021-11-29T19:00:42","date_gmt":"2021-11-29T19:00:42","guid":{"rendered":"https:\/\/zep.valgekana.ee\/toode\/minifog-as\/"},"modified":"2025-07-01T00:24:37","modified_gmt":"2025-07-01T00:24:37","slug":"minifog-as","status":"publish","type":"product","link":"https:\/\/zepestonia.com\/en\/toode\/minifog-as\/","title":{"rendered":"MINIFOG AS* &#8211; Desinfitseeriv aerosool"},"content":{"rendered":"<p><span style=\"font-size:14px\"><span class=\"markedContent\" id=\"page47R_mcid7\"><span dir=\"ltr\" role=\"presentation\" style=\"left: 90px;top: 302.661px;font-family: sans-serif\">K\u00c4SITSI DOSEERING<\/span><\/span><span class=\"markedContent\" id=\"page47R_mcid8\"><span dir=\"ltr\" role=\"presentation\" style=\"left: 292.233px;top: 302.661px;font-family: sans-serif\">:<\/span><\/span><\/span><\/p>\n<ul>\n<li><span style=\"font-size:14px\"><span class=\"markedContent\" id=\"page47R_mcid11\"><span dir=\"ltr\" role=\"presentation\" style=\"left: 149.04px;top: 327.061px;font-family: sans-serif\">Enne kasutamist loksutada ballooni<\/span><\/span><span class=\"markedContent\" id=\"page47R_mcid12\"><span dir=\"ltr\" role=\"presentation\" style=\"left: 462.64px;top: 327.061px;font-family: sans-serif\"> <\/span><span dir=\"ltr\" role=\"presentation\" style=\"left: 468.483px;top: 327.061px;font-family: sans-serif\">umbes<\/span><\/span><span class=\"markedContent\" id=\"page47R_mcid13\"><span dir=\"ltr\" role=\"presentation\" style=\"left: 528.443px;top: 327.061px;font-family: sans-serif\"> <\/span><span dir=\"ltr\" role=\"presentation\" style=\"left: 534.117px;top: 327.061px;font-family: sans-serif\">30 sekundit<\/span><\/span><\/span><\/li>\n<li><span style=\"font-size:14px\"><span class=\"markedContent\" id=\"page47R_mcid16\"><span dir=\"ltr\" role=\"presentation\" style=\"left: 149.04px;top: 351.261px;font-family: sans-serif\">Vajutad<\/span><\/span><span class=\"markedContent\" id=\"page47R_mcid17\"><span dir=\"ltr\" role=\"presentation\" style=\"left: 215.433px;top: 351.261px;font-family: sans-serif\">a<\/span><\/span><span class=\"markedContent\" id=\"page47R_mcid19\"><span dir=\"ltr\" role=\"presentation\" style=\"left: 226.553px;top: 351.261px;font-family: sans-serif\"> <\/span><span dir=\"ltr\" role=\"presentation\" style=\"left: 232.233px;top: 351.261px;font-family: sans-serif\">\u00f5rnalt<\/span><\/span><span class=\"markedContent\" id=\"page47R_mcid20\"><span dir=\"ltr\" role=\"presentation\" style=\"left: 282.193px;top: 351.261px;font-family: sans-serif\"> <\/span><span dir=\"ltr\" role=\"presentation\" style=\"left: 287.833px;top: 351.261px;font-family: sans-serif\">pihustile<\/span><\/span><span class=\"markedContent\" id=\"page47R_mcid21\"><span dir=\"ltr\" role=\"presentation\" style=\"left: 361.083px;top: 351.261px;font-family: sans-serif\">.<\/span><\/span><span class=\"markedContent\" id=\"page47R_mcid23\"><span dir=\"ltr\" role=\"presentation\" style=\"left: 366.643px;top: 351.261px;font-family: sans-serif\"> <\/span><span dir=\"ltr\" role=\"presentation\" style=\"left: 372.283px;top: 351.261px;font-family: sans-serif\">Ettevaatust!<\/span><\/span><span class=\"markedContent\" id=\"page47R_mcid24\"><span dir=\"ltr\" role=\"presentation\" style=\"left: 477.763px;top: 351.261px;font-family: sans-serif\"> <\/span><span dir=\"ltr\" role=\"presentation\" style=\"left: 483.483px;top: 351.261px;font-family: sans-serif\">Mitte vajutada liiga tugevasti!<\/span><\/span><\/span><\/li>\n<li><span style=\"font-size:14px\"><span class=\"markedContent\" id=\"page47R_mcid27\"><span dir=\"ltr\" role=\"presentation\" style=\"left: 149.04px;top: 375.661px;font-family: sans-serif\">O<\/span><\/span><span class=\"markedContent\" id=\"page47R_mcid28\"><span dir=\"ltr\" role=\"presentation\" style=\"left: 164.64px;top: 375.661px;font-family: sans-serif\">lenevalt vajadusele p<\/span><\/span><span class=\"markedContent\" id=\"page47R_mcid29\"><span dir=\"ltr\" role=\"presentation\" style=\"left: 351.483px;top: 375.661px;font-family: sans-serif\">ih<\/span><\/span><span class=\"markedContent\" id=\"page47R_mcid30\"><span dir=\"ltr\" role=\"presentation\" style=\"left: 367.083px;top: 375.661px;font-family: sans-serif\">ustada<\/span><\/span><span class=\"markedContent\" id=\"page47R_mcid32\"><span dir=\"ltr\" role=\"presentation\" style=\"left: 427.163px;top: 375.661px;font-family: sans-serif\"> <\/span><span dir=\"ltr\" role=\"presentation\" style=\"left: 432.883px;top: 375.661px;font-family: sans-serif\">v\u00e4rskendamist vajavale<\/span><\/span><span class=\"markedContent\" id=\"page47R_mcid33\"><span dir=\"ltr\" role=\"presentation\" style=\"left: 640.443px;top: 375.661px;font-family: sans-serif\"> <\/span><span dir=\"ltr\" role=\"presentation\" style=\"left: 646.317px;top: 375.661px;font-family: sans-serif\">pinnale v\u00f5i \u00f5hku<\/span><\/span><span class=\"markedContent\" id=\"page47R_mcid34\"><span dir=\"ltr\" role=\"presentation\" style=\"left: 790.967px;top: 375.661px;font-family: sans-serif\">.<\/span><\/span><\/span><\/li>\n<\/ul>\n<p><span style=\"font-size:14px\"><span class=\"markedContent\"><span dir=\"ltr\" role=\"presentation\" style=\"left: 790.967px;top: 375.661px;font-family: sans-serif\"><span class=\"markedContent\" id=\"page47R_mcid37\"><span dir=\"ltr\" role=\"presentation\" style=\"left: 90px;top: 421.661px;font-family: sans-serif\">AUTOMAATNE DOSEER<\/span><\/span><span class=\"markedContent\" id=\"page47R_mcid38\"><span dir=\"ltr\" role=\"presentation\" style=\"left: 317.283px;top: 421.661px;font-family: sans-serif\">ING<\/span><\/span><span class=\"markedContent\" id=\"page47R_mcid39\"><span dir=\"ltr\" role=\"presentation\" style=\"left: 352.883px;top: 421.661px;font-family: sans-serif\">:<\/span><\/span><\/span><\/span><\/span><\/p>\n<ul>\n<li><span style=\"font-size:14px\"><span class=\"markedContent\"><span dir=\"ltr\" role=\"presentation\" style=\"left: 790.967px;top: 375.661px;font-family: sans-serif\"><span class=\"markedContent\"><span dir=\"ltr\" role=\"presentation\" style=\"left: 352.883px;top: 421.661px;font-family: sans-serif\"><span class=\"markedContent\" id=\"page47R_mcid42\"><span dir=\"ltr\" role=\"presentation\" style=\"left: 149.04px;top: 446.111px;font-family: sans-serif\">Veenduda, et k\u00f5ik aknad on suletud<\/span><\/span><span class=\"markedContent\" id=\"page47R_mcid43\"><span dir=\"ltr\" role=\"presentation\" style=\"left: 466.083px;top: 446.111px;font-family: sans-serif\">.<\/span><\/span><\/span><\/span><\/span><\/span><\/span><\/li>\n<li><span style=\"font-size:14px\"><span class=\"markedContent\"><span dir=\"ltr\" role=\"presentation\" style=\"left: 790.967px;top: 375.661px;font-family: sans-serif\"><span class=\"markedContent\"><span dir=\"ltr\" role=\"presentation\" style=\"left: 352.883px;top: 421.661px;font-family: sans-serif\"><span class=\"markedContent\"><span dir=\"ltr\" role=\"presentation\" style=\"left: 466.083px;top: 446.111px;font-family: sans-serif\"><span class=\"markedContent\" id=\"page47R_mcid46\"><span dir=\"ltr\" role=\"presentation\" style=\"left: 149.04px;top: 470.311px;font-family: sans-serif\">L\u00fclitada v\u00e4lja suitsu<\/span><\/span><span class=\"markedContent\" id=\"page47R_mcid47\"><span dir=\"ltr\" role=\"presentation\" style=\"left: 323.883px;top: 470.311px;font-family: sans-serif\">&#8211;<\/span><\/span><span class=\"markedContent\" id=\"page47R_mcid49\"><span dir=\"ltr\" role=\"presentation\" style=\"left: 330.543px;top: 470.311px;font-family: sans-serif\"> <\/span><span dir=\"ltr\" role=\"presentation\" style=\"left: 336.083px;top: 470.311px;font-family: sans-serif\">ja tulekahjuandurid.<\/span><\/span><\/span><\/span><\/span><\/span><\/span><\/span><\/span><\/li>\n<li><span style=\"font-size:14px\"><span class=\"markedContent\"><span dir=\"ltr\" role=\"presentation\" style=\"left: 790.967px;top: 375.661px;font-family: sans-serif\"><span class=\"markedContent\"><span dir=\"ltr\" role=\"presentation\" style=\"left: 352.883px;top: 421.661px;font-family: sans-serif\"><span class=\"markedContent\"><span dir=\"ltr\" role=\"presentation\" style=\"left: 466.083px;top: 446.111px;font-family: sans-serif\"><span class=\"markedContent\"><span dir=\"ltr\" role=\"presentation\" style=\"left: 336.083px;top: 470.311px;font-family: sans-serif\"><span class=\"markedContent\" id=\"page47R_mcid52\"><span dir=\"ltr\" role=\"presentation\" style=\"left: 149.04px;top: 494.711px;font-family: sans-serif\">Loksutada<\/span><\/span><span class=\"markedContent\" id=\"page47R_mcid54\"><span dir=\"ltr\" role=\"presentation\" style=\"left: 241.46px;top: 494.711px;font-family: sans-serif\"> <\/span><span dir=\"ltr\" role=\"presentation\" style=\"left: 247.033px;top: 494.711px;font-family: sans-serif\">ballooni<\/span><\/span><span class=\"markedContent\" id=\"page47R_mcid55\"><span dir=\"ltr\" role=\"presentation\" style=\"left: 315.993px;top: 494.711px;font-family: sans-serif\"> <\/span><span dir=\"ltr\" role=\"presentation\" style=\"left: 321.483px;top: 494.711px;font-family: sans-serif\">umbes<\/span><\/span><span class=\"markedContent\" id=\"page47R_mcid57\"><span dir=\"ltr\" role=\"presentation\" style=\"left: 381.623px;top: 494.711px;font-family: sans-serif\"> <\/span><span dir=\"ltr\" role=\"presentation\" style=\"left: 387.283px;top: 494.711px;font-family: sans-serif\">30 sekundit enne selle p<\/span><\/span><span class=\"markedContent\" id=\"page47R_mcid58\"><span dir=\"ltr\" role=\"presentation\" style=\"left: 603.117px;top: 494.711px;font-family: sans-serif\">\u00fcsti asetamist ruumi keskele.<\/span><\/span><\/span><\/span><\/span><\/span><\/span><\/span><\/span><\/span><\/span><\/li>\n<li><span style=\"font-size:14px\"><span class=\"markedContent\"><span dir=\"ltr\" role=\"presentation\" style=\"left: 790.967px;top: 375.661px;font-family: sans-serif\"><span class=\"markedContent\"><span dir=\"ltr\" role=\"presentation\" style=\"left: 352.883px;top: 421.661px;font-family: sans-serif\"><span class=\"markedContent\"><span dir=\"ltr\" role=\"presentation\" style=\"left: 466.083px;top: 446.111px;font-family: sans-serif\"><span class=\"markedContent\"><span dir=\"ltr\" role=\"presentation\" style=\"left: 336.083px;top: 470.311px;font-family: sans-serif\"><span class=\"markedContent\"><span dir=\"ltr\" role=\"presentation\" style=\"left: 603.117px;top: 494.711px;font-family: sans-serif\"><span class=\"markedContent\" id=\"page47R_mcid61\"><span dir=\"ltr\" role=\"presentation\" style=\"left: 149.04px;top: 519.111px;font-family: sans-serif\">Ak<\/span><\/span><span class=\"markedContent\" id=\"page47R_mcid62\"><span dir=\"ltr\" role=\"presentation\" style=\"left: 172.433px;top: 519.111px;font-family: sans-serif\">tiveerida pihustusprotsess, vajutades tugevalt<\/span><\/span><span class=\"markedContent\" id=\"page47R_mcid64\"><span dir=\"ltr\" role=\"presentation\" style=\"left: 575.693px;top: 519.111px;font-family: sans-serif\"> <\/span><span dir=\"ltr\" role=\"presentation\" style=\"left: 581.717px;top: 519.111px;font-family: sans-serif\">pihustit<\/span><\/span><span class=\"markedContent\" id=\"page47R_mcid65\"><span dir=\"ltr\" role=\"presentation\" style=\"left: 645.037px;top: 519.111px;font-family: sans-serif\"> <\/span><span dir=\"ltr\" role=\"presentation\" style=\"left: 650.717px;top: 519.111px;font-family: sans-serif\">kuni<\/span><\/span><span class=\"markedContent\" id=\"page47R_mcid66\"><span dir=\"ltr\" role=\"presentation\" style=\"left: 687.337px;top: 519.111px;font-family: sans-serif\"> <\/span><span dir=\"ltr\" role=\"presentation\" style=\"left: 692.917px;top: 519.111px;font-family: sans-serif\">selle lukustumiseni.<\/span><\/span><\/span><\/span><\/span><\/span><\/span><\/span><\/span><\/span><\/span><\/span><\/span><\/li>\n<li><span style=\"font-size:14px\"><span class=\"markedContent\"><span dir=\"ltr\" role=\"presentation\" style=\"left: 790.967px;top: 375.661px;font-family: sans-serif\"><span class=\"markedContent\"><span dir=\"ltr\" role=\"presentation\" style=\"left: 352.883px;top: 421.661px;font-family: sans-serif\"><span class=\"markedContent\"><span dir=\"ltr\" role=\"presentation\" style=\"left: 466.083px;top: 446.111px;font-family: sans-serif\"><span class=\"markedContent\"><span dir=\"ltr\" role=\"presentation\" style=\"left: 336.083px;top: 470.311px;font-family: sans-serif\"><span class=\"markedContent\"><span dir=\"ltr\" role=\"presentation\" style=\"left: 603.117px;top: 494.711px;font-family: sans-serif\"><span class=\"markedContent\"><span dir=\"ltr\" role=\"presentation\" style=\"left: 692.917px;top: 519.111px;font-family: sans-serif\"><span class=\"markedContent\" id=\"page47R_mcid69\"><span dir=\"ltr\" role=\"presentation\" style=\"left: 149.04px;top: 543.511px;font-family: sans-serif\">V\u00e4ljuda<\/span><\/span><span class=\"markedContent\" id=\"page47R_mcid71\"><span dir=\"ltr\" role=\"presentation\" style=\"left: 215.88px;top: 543.511px;font-family: sans-serif\"> <\/span><span dir=\"ltr\" role=\"presentation\" style=\"left: 227.033px;top: 543.511px;font-family: sans-serif\">ruumist ja sulgeda enda j\u00e4relt<\/span><\/span><span class=\"markedContent\" id=\"page47R_mcid72\"><span dir=\"ltr\" role=\"presentation\" style=\"left: 488.033px;top: 543.511px;font-family: sans-serif\"> <\/span><span dir=\"ltr\" role=\"presentation\" style=\"left: 493.883px;top: 543.511px;font-family: sans-serif\">k\u00f5ik<\/span><\/span><span class=\"markedContent\" id=\"page47R_mcid73\"><span dir=\"ltr\" role=\"presentation\" style=\"left: 529.503px;top: 543.511px;font-family: sans-serif\"> <\/span><span dir=\"ltr\" role=\"presentation\" style=\"left: 534.917px;top: 543.511px;font-family: sans-serif\">uksed.<\/span><\/span><\/span><\/span><\/span><\/span><\/span><\/span><\/span><\/span><\/span><\/span><\/span><\/span><\/span><\/li>\n<li><span style=\"font-size:14px\"><span class=\"markedContent\"><span dir=\"ltr\" role=\"presentation\" style=\"left: 790.967px;top: 375.661px;font-family: sans-serif\"><span class=\"markedContent\"><span dir=\"ltr\" role=\"presentation\" style=\"left: 352.883px;top: 421.661px;font-family: sans-serif\"><span class=\"markedContent\"><span dir=\"ltr\" role=\"presentation\" style=\"left: 466.083px;top: 446.111px;font-family: sans-serif\"><span class=\"markedContent\"><span dir=\"ltr\" role=\"presentation\" style=\"left: 336.083px;top: 470.311px;font-family: sans-serif\"><span class=\"markedContent\"><span dir=\"ltr\" role=\"presentation\" style=\"left: 603.117px;top: 494.711px;font-family: sans-serif\"><span class=\"markedContent\"><span dir=\"ltr\" role=\"presentation\" style=\"left: 692.917px;top: 519.111px;font-family: sans-serif\"><span class=\"markedContent\"><span dir=\"ltr\" role=\"presentation\" style=\"left: 534.917px;top: 543.511px;font-family: sans-serif\"><span style=\"font-size:14px\"><span class=\"markedContent\" id=\"page47R_mcid77\"><span dir=\"ltr\" role=\"presentation\" style=\"left: 149.04px;top: 567.711px;font-family: sans-serif\">P\u00e4rast 10 minutit siseneda ruumi ja avada tuulutamiseks k\u00f5ik a<\/span><\/span><span class=\"markedContent\" id=\"page47R_mcid78\"><span dir=\"ltr\" role=\"presentation\" style=\"left: 716.917px;top: 567.711px;font-family: sans-serif\">knad ning uksed 15<\/span><\/span><span class=\"markedContent\" id=\"page47R_mcid79\"><span dir=\"ltr\" role=\"presentation\" style=\"left: 893.767px;top: 567.711px;font-family: sans-serif\">&#8211;<\/span><\/span><span class=\"markedContent\" id=\"page47R_mcid80\"><span dir=\"ltr\" role=\"presentation\" style=\"left: 150.04px;top: 590.711px;font-family: sans-serif\">20 minu<\/span><\/span><span class=\"markedContent\" id=\"page47R_mcid81\"><span dir=\"ltr\" role=\"presentation\" style=\"left: 221.433px;top: 590.711px;font-family: sans-serif\">tiks.<\/span><\/span><\/span><\/span><\/span><\/span><\/span><\/span><\/span><\/span><\/span><\/span><\/span><\/span><\/span><\/span><\/span><\/span><\/li>\n<\/ul>\n","protected":false},"excerpt":{"rendered":"<p>Puhastab ja v\u00e4rskendab kiirelt erinevad pinnad ja siseruumides oleva \u00f5hu.<br \/>\nSobib kasutamiseks k\u00f5ikjal, kus on vaja kiirelt teostada \u00f5hupuhastust ning  desinfitseerida erinevaid pindu ja seadmeid (hotellid, taksod, juuksurisalongid, spordi- ja hooldeasutused jne.)<br \/>\nBiotsiidi reg.nr. 2153\/21<\/p>\n","protected":false},"featured_media":3596,"comment_status":"closed","ping_status":"closed","template":"","meta":[],"product_brand":[],"product_cat":[211],"product_tag":[],"class_list":{"0":"post-2922","1":"product","2":"type-product","3":"status-publish","4":"has-post-thumbnail","6":"product_cat-desinfitseerimine","8":"first","9":"instock","10":"taxable","11":"shipping-taxable","12":"purchasable","13":"product-type-simple"},"yoast_head":"<!-- This site is optimized with the Yoast SEO plugin v26.5 - https:\/\/yoast.com\/wordpress\/plugins\/seo\/ -->\n<title>MINIFOG AS* - Desinfitseeriv aerosool, \u00f5hu puhastaja I ZEP Eesti<\/title>\n<meta name=\"description\" content=\"Puhastab ja v\u00e4rskendab kiirelt erinevad pinnad ja siseruumides oleva \u00f5hu. Sobib kasutamiseks k\u00f5ikjal, teostades \u00f5hupuhastust, desinfitseerides erinevaid pindu.\" \/>\n<meta name=\"robots\" content=\"index, follow, max-snippet:-1, max-image-preview:large, max-video-preview:-1\" \/>\n<link rel=\"canonical\" href=\"https:\/\/zepestonia.com\/en\/toode\/minifog-as\/\" \/>\n<meta property=\"og:locale\" content=\"en_US\" \/>\n<meta property=\"og:type\" content=\"article\" \/>\n<meta property=\"og:title\" content=\"MINIFOG AS* - Desinfitseeriv aerosool, \u00f5hu puhastaja I ZEP Eesti\" \/>\n<meta property=\"og:description\" content=\"Puhastab ja v\u00e4rskendab kiirelt erinevad pinnad ja siseruumides oleva \u00f5hu. Sobib kasutamiseks k\u00f5ikjal, teostades \u00f5hupuhastust, desinfitseerides erinevaid pindu.\" \/>\n<meta property=\"og:url\" content=\"https:\/\/zepestonia.com\/en\/toode\/minifog-as\/\" \/>\n<meta property=\"og:site_name\" content=\"ZEP Eesti I Puhastusvahendid I E-pood\" \/>\n<meta property=\"article:publisher\" content=\"https:\/\/www.facebook.com\/ZepEesti\" \/>\n<meta property=\"article:modified_time\" content=\"2025-07-01T00:24:37+00:00\" \/>\n<meta property=\"og:image\" content=\"https:\/\/zepestonia.com\/wp-content\/uploads\/2021\/12\/655-60e1103d5332e5-08349250-MINIFOG.png\" \/>\n\t<meta property=\"og:image:width\" content=\"400\" \/>\n\t<meta property=\"og:image:height\" content=\"600\" \/>\n\t<meta property=\"og:image:type\" content=\"image\/png\" \/>\n<meta name=\"twitter:card\" content=\"summary_large_image\" \/>\n<script type=\"application\/ld+json\" class=\"yoast-schema-graph\">{\"@context\":\"https:\/\/schema.org\",\"@graph\":[{\"@type\":\"WebPage\",\"@id\":\"https:\/\/zepestonia.com\/en\/toode\/minifog-as\/\",\"url\":\"https:\/\/zepestonia.com\/en\/toode\/minifog-as\/\",\"name\":\"MINIFOG AS* - Desinfitseeriv aerosool, \u00f5hu puhastaja I ZEP Eesti\",\"isPartOf\":{\"@id\":\"https:\/\/zepestonia.com\/en\/#website\"},\"primaryImageOfPage\":{\"@id\":\"https:\/\/zepestonia.com\/en\/toode\/minifog-as\/#primaryimage\"},\"image\":{\"@id\":\"https:\/\/zepestonia.com\/en\/toode\/minifog-as\/#primaryimage\"},\"thumbnailUrl\":\"https:\/\/zepestonia.com\/wp-content\/uploads\/2021\/12\/655-60e1103d5332e5-08349250-MINIFOG.png\",\"datePublished\":\"2021-11-29T19:00:42+00:00\",\"dateModified\":\"2025-07-01T00:24:37+00:00\",\"description\":\"Puhastab ja v\u00e4rskendab kiirelt erinevad pinnad ja siseruumides oleva \u00f5hu. Sobib kasutamiseks k\u00f5ikjal, teostades \u00f5hupuhastust, desinfitseerides erinevaid pindu.\",\"breadcrumb\":{\"@id\":\"https:\/\/zepestonia.com\/en\/toode\/minifog-as\/#breadcrumb\"},\"inLanguage\":\"en-US\",\"potentialAction\":[{\"@type\":\"ReadAction\",\"target\":[\"https:\/\/zepestonia.com\/en\/toode\/minifog-as\/\"]}]},{\"@type\":\"ImageObject\",\"inLanguage\":\"en-US\",\"@id\":\"https:\/\/zepestonia.com\/en\/toode\/minifog-as\/#primaryimage\",\"url\":\"https:\/\/zepestonia.com\/wp-content\/uploads\/2021\/12\/655-60e1103d5332e5-08349250-MINIFOG.png\",\"contentUrl\":\"https:\/\/zepestonia.com\/wp-content\/uploads\/2021\/12\/655-60e1103d5332e5-08349250-MINIFOG.png\",\"width\":400,\"height\":600,\"caption\":\"655-60e1103d5332e5-08349250-MINIFOG\"},{\"@type\":\"BreadcrumbList\",\"@id\":\"https:\/\/zepestonia.com\/en\/toode\/minifog-as\/#breadcrumb\",\"itemListElement\":[{\"@type\":\"ListItem\",\"position\":1,\"name\":\"Home\",\"item\":\"https:\/\/zepestonia.com\/en\/\"},{\"@type\":\"ListItem\",\"position\":2,\"name\":\"Shop\",\"item\":\"https:\/\/zepestonia.com\/en\/?page_id=4643\"},{\"@type\":\"ListItem\",\"position\":3,\"name\":\"MINIFOG AS* &#8211; Desinfitseeriv aerosool\"}]},{\"@type\":\"WebSite\",\"@id\":\"https:\/\/zepestonia.com\/en\/#website\",\"url\":\"https:\/\/zepestonia.com\/en\/\",\"name\":\"ZEP Eesti I Puhastusvahendid I E-pood\",\"description\":\"Pakume puhastus- ja hooldusprobleemidele efektiivseid keskkonnas\u00f5bralikke lahendusi!\",\"publisher\":{\"@id\":\"https:\/\/zepestonia.com\/en\/#organization\"},\"potentialAction\":[{\"@type\":\"SearchAction\",\"target\":{\"@type\":\"EntryPoint\",\"urlTemplate\":\"https:\/\/zepestonia.com\/en\/?s={search_term_string}\"},\"query-input\":{\"@type\":\"PropertyValueSpecification\",\"valueRequired\":true,\"valueName\":\"search_term_string\"}}],\"inLanguage\":\"en-US\"},{\"@type\":\"Organization\",\"@id\":\"https:\/\/zepestonia.com\/en\/#organization\",\"name\":\"Zep Estonia\",\"url\":\"https:\/\/zepestonia.com\/en\/\",\"logo\":{\"@type\":\"ImageObject\",\"inLanguage\":\"en-US\",\"@id\":\"https:\/\/zepestonia.com\/en\/#\/schema\/logo\/image\/\",\"url\":\"https:\/\/zepestonia.com\/wp-content\/uploads\/2022\/03\/Zep-Logo_png.jpeg\",\"contentUrl\":\"https:\/\/zepestonia.com\/wp-content\/uploads\/2022\/03\/Zep-Logo_png.jpeg\",\"width\":109,\"height\":70,\"caption\":\"Zep Estonia\"},\"image\":{\"@id\":\"https:\/\/zepestonia.com\/en\/#\/schema\/logo\/image\/\"},\"sameAs\":[\"https:\/\/www.facebook.com\/ZepEesti\"]}]}<\/script>\n<!-- \/ Yoast SEO plugin. -->","yoast_head_json":{"title":"MINIFOG AS* - Desinfitseeriv aerosool, \u00f5hu puhastaja I ZEP Eesti","description":"Puhastab ja v\u00e4rskendab kiirelt erinevad pinnad ja siseruumides oleva \u00f5hu. Sobib kasutamiseks k\u00f5ikjal, teostades \u00f5hupuhastust, desinfitseerides erinevaid pindu.","robots":{"index":"index","follow":"follow","max-snippet":"max-snippet:-1","max-image-preview":"max-image-preview:large","max-video-preview":"max-video-preview:-1"},"canonical":"https:\/\/zepestonia.com\/en\/toode\/minifog-as\/","og_locale":"en_US","og_type":"article","og_title":"MINIFOG AS* - Desinfitseeriv aerosool, \u00f5hu puhastaja I ZEP Eesti","og_description":"Puhastab ja v\u00e4rskendab kiirelt erinevad pinnad ja siseruumides oleva \u00f5hu. Sobib kasutamiseks k\u00f5ikjal, teostades \u00f5hupuhastust, desinfitseerides erinevaid pindu.","og_url":"https:\/\/zepestonia.com\/en\/toode\/minifog-as\/","og_site_name":"ZEP Eesti I Puhastusvahendid I E-pood","article_publisher":"https:\/\/www.facebook.com\/ZepEesti","article_modified_time":"2025-07-01T00:24:37+00:00","og_image":[{"width":400,"height":600,"url":"https:\/\/zepestonia.com\/wp-content\/uploads\/2021\/12\/655-60e1103d5332e5-08349250-MINIFOG.png","type":"image\/png"}],"twitter_card":"summary_large_image","schema":{"@context":"https:\/\/schema.org","@graph":[{"@type":"WebPage","@id":"https:\/\/zepestonia.com\/en\/toode\/minifog-as\/","url":"https:\/\/zepestonia.com\/en\/toode\/minifog-as\/","name":"MINIFOG AS* - Desinfitseeriv aerosool, \u00f5hu puhastaja I ZEP Eesti","isPartOf":{"@id":"https:\/\/zepestonia.com\/en\/#website"},"primaryImageOfPage":{"@id":"https:\/\/zepestonia.com\/en\/toode\/minifog-as\/#primaryimage"},"image":{"@id":"https:\/\/zepestonia.com\/en\/toode\/minifog-as\/#primaryimage"},"thumbnailUrl":"https:\/\/zepestonia.com\/wp-content\/uploads\/2021\/12\/655-60e1103d5332e5-08349250-MINIFOG.png","datePublished":"2021-11-29T19:00:42+00:00","dateModified":"2025-07-01T00:24:37+00:00","description":"Puhastab ja v\u00e4rskendab kiirelt erinevad pinnad ja siseruumides oleva \u00f5hu. Sobib kasutamiseks k\u00f5ikjal, teostades \u00f5hupuhastust, desinfitseerides erinevaid pindu.","breadcrumb":{"@id":"https:\/\/zepestonia.com\/en\/toode\/minifog-as\/#breadcrumb"},"inLanguage":"en-US","potentialAction":[{"@type":"ReadAction","target":["https:\/\/zepestonia.com\/en\/toode\/minifog-as\/"]}]},{"@type":"ImageObject","inLanguage":"en-US","@id":"https:\/\/zepestonia.com\/en\/toode\/minifog-as\/#primaryimage","url":"https:\/\/zepestonia.com\/wp-content\/uploads\/2021\/12\/655-60e1103d5332e5-08349250-MINIFOG.png","contentUrl":"https:\/\/zepestonia.com\/wp-content\/uploads\/2021\/12\/655-60e1103d5332e5-08349250-MINIFOG.png","width":400,"height":600,"caption":"655-60e1103d5332e5-08349250-MINIFOG"},{"@type":"BreadcrumbList","@id":"https:\/\/zepestonia.com\/en\/toode\/minifog-as\/#breadcrumb","itemListElement":[{"@type":"ListItem","position":1,"name":"Home","item":"https:\/\/zepestonia.com\/en\/"},{"@type":"ListItem","position":2,"name":"Shop","item":"https:\/\/zepestonia.com\/en\/?page_id=4643"},{"@type":"ListItem","position":3,"name":"MINIFOG AS* &#8211; Desinfitseeriv aerosool"}]},{"@type":"WebSite","@id":"https:\/\/zepestonia.com\/en\/#website","url":"https:\/\/zepestonia.com\/en\/","name":"ZEP Eesti I Puhastusvahendid I E-pood","description":"Pakume puhastus- ja hooldusprobleemidele efektiivseid keskkonnas\u00f5bralikke lahendusi!","publisher":{"@id":"https:\/\/zepestonia.com\/en\/#organization"},"potentialAction":[{"@type":"SearchAction","target":{"@type":"EntryPoint","urlTemplate":"https:\/\/zepestonia.com\/en\/?s={search_term_string}"},"query-input":{"@type":"PropertyValueSpecification","valueRequired":true,"valueName":"search_term_string"}}],"inLanguage":"en-US"},{"@type":"Organization","@id":"https:\/\/zepestonia.com\/en\/#organization","name":"Zep Estonia","url":"https:\/\/zepestonia.com\/en\/","logo":{"@type":"ImageObject","inLanguage":"en-US","@id":"https:\/\/zepestonia.com\/en\/#\/schema\/logo\/image\/","url":"https:\/\/zepestonia.com\/wp-content\/uploads\/2022\/03\/Zep-Logo_png.jpeg","contentUrl":"https:\/\/zepestonia.com\/wp-content\/uploads\/2022\/03\/Zep-Logo_png.jpeg","width":109,"height":70,"caption":"Zep Estonia"},"image":{"@id":"https:\/\/zepestonia.com\/en\/#\/schema\/logo\/image\/"},"sameAs":["https:\/\/www.facebook.com\/ZepEesti"]}]}},"_links":{"self":[{"href":"https:\/\/zepestonia.com\/en\/wp-json\/wp\/v2\/product\/2922","targetHints":{"allow":["GET"]}}],"collection":[{"href":"https:\/\/zepestonia.com\/en\/wp-json\/wp\/v2\/product"}],"about":[{"href":"https:\/\/zepestonia.com\/en\/wp-json\/wp\/v2\/types\/product"}],"replies":[{"embeddable":true,"href":"https:\/\/zepestonia.com\/en\/wp-json\/wp\/v2\/comments?post=2922"}],"version-history":[{"count":2,"href":"https:\/\/zepestonia.com\/en\/wp-json\/wp\/v2\/product\/2922\/revisions"}],"predecessor-version":[{"id":11233,"href":"https:\/\/zepestonia.com\/en\/wp-json\/wp\/v2\/product\/2922\/revisions\/11233"}],"wp:featuredmedia":[{"embeddable":true,"href":"https:\/\/zepestonia.com\/en\/wp-json\/wp\/v2\/media\/3596"}],"wp:attachment":[{"href":"https:\/\/zepestonia.com\/en\/wp-json\/wp\/v2\/media?parent=2922"}],"wp:term":[{"taxonomy":"product_brand","embeddable":true,"href":"https:\/\/zepestonia.com\/en\/wp-json\/wp\/v2\/product_brand?post=2922"},{"taxonomy":"product_cat","embeddable":true,"href":"https:\/\/zepestonia.com\/en\/wp-json\/wp\/v2\/product_cat?post=2922"},{"taxonomy":"product_tag","embeddable":true,"href":"https:\/\/zepestonia.com\/en\/wp-json\/wp\/v2\/product_tag?post=2922"}],"curies":[{"name":"wp","href":"https:\/\/api.w.org\/{rel}","templated":true}]}}