{"id":2920,"date":"2021-11-29T19:00:42","date_gmt":"2021-11-29T19:00:42","guid":{"rendered":"https:\/\/zep.valgekana.ee\/toode\/special-5l\/"},"modified":"2025-11-22T00:00:08","modified_gmt":"2025-11-22T00:00:08","slug":"special-5l","status":"publish","type":"product","link":"https:\/\/zepestonia.com\/en\/toode\/special-5l\/","title":{"rendered":"Special 5L* &#8211; Vaha eemaldaja"},"content":{"rendered":"<ul>\n<li><span style=\"font-size:14px\"><span class=\"markedContent\" id=\"page3R_mcid39\"><span dir=\"ltr\" role=\"presentation\" style=\"left: 149.28px;top: 989.511px;font-family: sans-serif\">P\u00f5randate puhastuseks valmistada 1:20<\/span><span dir=\"ltr\" role=\"presentation\" style=\"left: 505.4px;top: 989.511px;font-family: sans-serif\">&#8211;<\/span><span dir=\"ltr\" role=\"presentation\" style=\"left: 512.2px;top: 989.511px;font-family: sans-serif\">30 lahus<\/span><span dir=\"ltr\" role=\"presentation\" style=\"left: 587.433px;top: 989.511px;font-family: sans-serif\">.<\/span><\/span><\/span><\/li>\n<li><span style=\"font-size:14px\"><span class=\"markedContent\" id=\"page3R_mcid40\"><span dir=\"ltr\" role=\"presentation\" style=\"left: 149.28px;top: 1013.91px;font-family: sans-serif\">Vaha ee<\/span><span dir=\"ltr\" role=\"presentation\" style=\"left: 224.083px;top: 1013.91px;font-family: sans-serif\">maldamiseks kasutada 1:1<\/span><span dir=\"ltr\" role=\"presentation\" style=\"left: 461px;top: 1013.91px;font-family: sans-serif\">&#8211;<\/span><span dir=\"ltr\" role=\"presentation\" style=\"left: 467.8px;top: 1013.91px;font-family: sans-serif\">30 lahust<\/span><span dir=\"ltr\" role=\"presentation\" style=\"left: 549.033px;top: 1013.91px;font-family: sans-serif\">.<\/span><\/span><\/span><\/li>\n<li><span style=\"font-size:14px\"><span style=\"color:#FF0000\"><span class=\"markedContent\" id=\"page3R_mcid41\"><span dir=\"ltr\" role=\"presentation\" style=\"left: 188.083px;top: 1038.34px;font-family: sans-serif\">Mi<\/span><span dir=\"ltr\" role=\"presentation\" style=\"left: 209.283px;top: 1038.34px;font-family: sans-serif\">tte kasutada<\/span><span dir=\"ltr\" role=\"presentation\" style=\"left: 318.303px;top: 1038.34px;font-family: sans-serif\"> <\/span><span dir=\"ltr\" role=\"presentation\" style=\"left: 324.117px;top: 1038.34px;font-family: sans-serif\">lah<\/span><span dir=\"ltr\" role=\"presentation\" style=\"left: 350.967px;top: 1038.34px;font-family: sans-serif\">j<\/span><span dir=\"ltr\" role=\"presentation\" style=\"left: 355.367px;top: 1038.34px;font-family: sans-serif\">endamisel<\/span><span dir=\"ltr\" role=\"presentation\" style=\"left: 446.487px;top: 1038.34px;font-family: sans-serif\"> <\/span><span dir=\"ltr\" role=\"presentation\" style=\"left: 452.2px;top: 1038.34px;font-family: sans-serif\">kuuma ve<\/span><span dir=\"ltr\" role=\"presentation\" style=\"left: 538.633px;top: 1038.34px;font-family: sans-serif\">tt<\/span><span dir=\"ltr\" role=\"presentation\" style=\"left: 549.833px;top: 1038.34px;font-family: sans-serif\">!<\/span><\/span><\/span><\/span><\/li>\n<li><span style=\"font-size:14px\"><span class=\"markedContent\" id=\"page3R_mcid42\"><span dir=\"ltr\" role=\"presentation\" style=\"left: 149.28px;top: 1062.34px;font-family: sans-serif\">Kanda<\/span><span dir=\"ltr\" role=\"presentation\" style=\"left: 207.14px;top: 1062.34px;font-family: sans-serif\"> <\/span><span dir=\"ltr\" role=\"presentation\" style=\"left: 212.883px;top: 1062.34px;font-family: sans-serif\">tootelahus<\/span><span dir=\"ltr\" role=\"presentation\" style=\"left: 305.183px;top: 1062.34px;font-family: sans-serif\"> <\/span><span dir=\"ltr\" role=\"presentation\" style=\"left: 310.917px;top: 1062.34px;font-family: sans-serif\">mopiga<\/span><span dir=\"ltr\" role=\"presentation\" style=\"left: 376.357px;top: 1062.34px;font-family: sans-serif\"> <\/span><span dir=\"ltr\" role=\"presentation\" style=\"left: 382.167px;top: 1062.34px;font-family: sans-serif\">puhastatavale pinnale<\/span><span dir=\"ltr\" role=\"presentation\" style=\"left: 576.633px;top: 1062.34px;font-family: sans-serif\">.<\/span><\/span><\/span><\/li>\n<li><span style=\"font-size:14px\"><span class=\"markedContent\" id=\"page3R_mcid43\"><span dir=\"ltr\" role=\"presentation\" style=\"left: 149.28px;top: 1086.74px;font-family: sans-serif\">Las<\/span><span dir=\"ltr\" role=\"presentation\" style=\"left: 181.683px;top: 1086.74px;font-family: sans-serif\">ta<\/span><span dir=\"ltr\" role=\"presentation\" style=\"left: 198.403px;top: 1086.74px;font-family: sans-serif\"> <\/span><span dir=\"ltr\" role=\"presentation\" style=\"left: 204.083px;top: 1086.74px;font-family: sans-serif\">m\u00f5n<\/span><span dir=\"ltr\" role=\"presentation\" style=\"left: 242.917px;top: 1086.74px;font-family: sans-serif\">da aega m\u00f5juda<\/span><span dir=\"ltr\" role=\"presentation\" style=\"left: 386.567px;top: 1086.74px;font-family: sans-serif\">.<\/span><\/span><\/span><\/li>\n<li><span style=\"font-size:14px\"><span class=\"markedContent\" id=\"page3R_mcid44\"><span dir=\"ltr\" role=\"presentation\" style=\"left: 149.28px;top: 1111.14px;font-family: sans-serif\">M\u00f5juaja m\u00f6\u00f6dud<\/span><span dir=\"ltr\" role=\"presentation\" style=\"left: 297.317px;top: 1111.14px;font-family: sans-serif\">es<\/span><span dir=\"ltr\" role=\"presentation\" style=\"left: 318.497px;top: 1111.14px;font-family: sans-serif\"> <\/span><span dir=\"ltr\" role=\"presentation\" style=\"left: 324.117px;top: 1111.14px;font-family: sans-serif\">eemaldada<\/span><span dir=\"ltr\" role=\"presentation\" style=\"left: 423.137px;top: 1111.14px;font-family: sans-serif\"> <\/span><span dir=\"ltr\" role=\"presentation\" style=\"left: 429px;top: 1111.14px;font-family: sans-serif\">spetsiaa<\/span><span dir=\"ltr\" role=\"presentation\" style=\"left: 503.4px;top: 1111.14px;font-family: sans-serif\">lse<\/span><span dir=\"ltr\" role=\"presentation\" style=\"left: 528.96px;top: 1111.14px;font-family: sans-serif\"> <\/span><span dir=\"ltr\" role=\"presentation\" style=\"left: 534.233px;top: 1111.14px;font-family: sans-serif\">masina<\/span><span dir=\"ltr\" role=\"presentation\" style=\"left: 598.493px;top: 1111.14px;font-family: sans-serif\"> <\/span><span dir=\"ltr\" role=\"presentation\" style=\"left: 604.233px;top: 1111.14px;font-family: sans-serif\">abil<\/span><span dir=\"ltr\" role=\"presentation\" style=\"left: 635.473px;top: 1111.14px;font-family: sans-serif\"> <\/span><span dir=\"ltr\" role=\"presentation\" style=\"left: 641.083px;top: 1111.14px;font-family: sans-serif\">kogu<\/span><span dir=\"ltr\" role=\"presentation\" style=\"left: 684.563px;top: 1111.14px;font-family: sans-serif\"> <\/span><span dir=\"ltr\" role=\"presentation\" style=\"left: 689.883px;top: 1111.14px;font-family: sans-serif\">alles<\/span><span dir=\"ltr\" role=\"presentation\" style=\"left: 731.117px;top: 1111.14px;font-family: sans-serif\">j\u00e4\u00e4nud<\/span> <span dir=\"ltr\" role=\"presentation\" style=\"left: 150.08px;top: 1134.34px;font-family: sans-serif\">tootevedelik<\/span><span dir=\"ltr\" role=\"presentation\" style=\"left: 257.16px;top: 1134.34px;font-family: sans-serif\"> <\/span><span dir=\"ltr\" role=\"presentation\" style=\"left: 262.917px;top: 1134.34px;font-family: sans-serif\">koos eraldunud mustuse ja vahaga<\/span><span dir=\"ltr\" role=\"presentation\" style=\"left: 572.633px;top: 1134.34px;font-family: sans-serif\">.<\/span><\/span><\/span><\/li>\n<li><span style=\"font-size:14px\"><span class=\"markedContent\" id=\"page3R_mcid45\"><span dir=\"ltr\" role=\"presentation\" style=\"left: 149.28px;top: 1158.39px;font-family: sans-serif\">P<\/span><span dir=\"ltr\" role=\"presentation\" style=\"left: 162.48px;top: 1158.39px;font-family: sans-serif\">eale pu<\/span><span dir=\"ltr\" role=\"presentation\" style=\"left: 228.483px;top: 1158.39px;font-family: sans-serif\">hastusprotsessi<\/span><span dir=\"ltr\" role=\"presentation\" style=\"left: 367.583px;top: 1158.39px;font-family: sans-serif\"> <\/span><span dir=\"ltr\" role=\"presentation\" style=\"left: 373.367px;top: 1158.39px;font-family: sans-serif\">l<\/span><span dir=\"ltr\" role=\"presentation\" style=\"left: 377.367px;top: 1158.39px;font-family: sans-serif\">asta pind<\/span><span dir=\"ltr\" role=\"presentation\" style=\"left: 458.787px;top: 1158.39px;font-family: sans-serif\"> <\/span><span dir=\"ltr\" role=\"presentation\" style=\"left: 464.2px;top: 1158.39px;font-family: sans-serif\">e<\/span><span dir=\"ltr\" role=\"presentation\" style=\"left: 475.4px;top: 1158.39px;font-family: sans-serif\">nne uue vahakihi<\/span><span dir=\"ltr\" role=\"presentation\" style=\"left: 626.42px;top: 1158.39px;font-family: sans-serif\"> <\/span><span dir=\"ltr\" role=\"presentation\" style=\"left: 632.283px;top: 1158.39px;font-family: sans-serif\">pealekandmist<\/span><span dir=\"ltr\" role=\"presentation\" style=\"left: 761.343px;top: 1158.39px;font-family: sans-serif\"> <\/span><span dir=\"ltr\" role=\"presentation\" style=\"left: 150.08px;top: 1181.59px;font-family: sans-serif\">korralikultkuivad<\/span><span dir=\"ltr\" role=\"presentation\" style=\"left: 208.083px;top: 1181.59px;font-family: sans-serif\">a<\/span><\/span><\/span><\/li>\n<\/ul>\n<p><span style=\"font-size:14px\"><span class=\"markedContent\"><span dir=\"ltr\" role=\"presentation\" style=\"left: 208.083px;top: 1181.59px;font-family: sans-serif\">pH 9,4<\/span><\/span><\/span><\/p>\n","protected":false},"excerpt":{"rendered":"<p>Tugevatoimeline puhastaja ja vaha eemaldaja.<br \/>\nEemaldab kiiresti enamus vaha ka ilma suurema harjamiseta.<br \/>\nSuurep\u00e4rane rasva\u00e4rastaja ning efektiivne vahend \u00f5liplekkide, tr\u00fckiv\u00e4rvide, liimide eemaldamiseks.<br \/>\n\u00d5ige lahjenduse korral ei m\u00f5juta see t\u00f6\u00f6deldavaid pindu.<br \/>\nArvestades kasutusmugavust ja toote kiiretoimelisust, s\u00e4\u00e4stab see kasutaja jaoks v\u00e4\u00e4rtuslikku aega.<br \/>\nKasutamiseks k\u00f5ikide p\u00f5randapindade puhul, mis kannatavad vett.<br \/>\nSobilik kasutamiseks hotellides, koolides, haiglates, puhkemajades, hooldusasutustes, kaubanduskeskustes, avalikes ruumides jm. institutsioonides.<\/p>\n","protected":false},"featured_media":3910,"comment_status":"closed","ping_status":"closed","template":"","meta":[],"product_brand":[],"product_cat":[196],"product_tag":[],"class_list":{"0":"post-2920","1":"product","2":"type-product","3":"status-publish","4":"has-post-thumbnail","6":"product_cat-suvapuhastus","8":"first","9":"instock","10":"taxable","11":"shipping-taxable","12":"purchasable","13":"product-type-simple"},"yoast_head":"<!-- This site is optimized with the Yoast SEO plugin v26.5 - https:\/\/yoast.com\/wordpress\/plugins\/seo\/ -->\n<title>Special 5L* - Vaha eemaldaja, tugevatoimeline I ZEP Eesti<\/title>\n<meta name=\"description\" content=\"Tugevatoimeline puhastaja eemaldab kiiresti vaha ka ilma suurema harjamiseta. Suurep\u00e4rane rasva\u00e4rastaja ja efektiivne vahend \u00f5liplekkide, liimide eemaldamiseks.\" \/>\n<meta name=\"robots\" content=\"index, follow, max-snippet:-1, max-image-preview:large, max-video-preview:-1\" \/>\n<link rel=\"canonical\" href=\"https:\/\/zepestonia.com\/en\/toode\/special-5l\/\" \/>\n<meta property=\"og:locale\" content=\"en_US\" \/>\n<meta property=\"og:type\" content=\"article\" \/>\n<meta property=\"og:title\" content=\"Special 5L* - Vaha eemaldaja, tugevatoimeline I ZEP Eesti\" \/>\n<meta property=\"og:description\" content=\"Tugevatoimeline puhastaja eemaldab kiiresti vaha ka ilma suurema harjamiseta. Suurep\u00e4rane rasva\u00e4rastaja ja efektiivne vahend \u00f5liplekkide, liimide eemaldamiseks.\" \/>\n<meta property=\"og:url\" content=\"https:\/\/zepestonia.com\/en\/toode\/special-5l\/\" \/>\n<meta property=\"og:site_name\" content=\"ZEP Eesti I Puhastusvahendid I E-pood\" \/>\n<meta property=\"article:publisher\" content=\"https:\/\/www.facebook.com\/ZepEesti\" \/>\n<meta property=\"article:modified_time\" content=\"2025-11-22T00:00:08+00:00\" \/>\n<meta property=\"og:image\" content=\"https:\/\/zepestonia.com\/wp-content\/uploads\/2021\/12\/333-60e909c904b954-39499868-Special.png\" \/>\n\t<meta property=\"og:image:width\" content=\"400\" \/>\n\t<meta property=\"og:image:height\" content=\"600\" \/>\n\t<meta property=\"og:image:type\" content=\"image\/png\" \/>\n<meta name=\"twitter:card\" content=\"summary_large_image\" \/>\n<script type=\"application\/ld+json\" class=\"yoast-schema-graph\">{\"@context\":\"https:\/\/schema.org\",\"@graph\":[{\"@type\":\"WebPage\",\"@id\":\"https:\/\/zepestonia.com\/en\/toode\/special-5l\/\",\"url\":\"https:\/\/zepestonia.com\/en\/toode\/special-5l\/\",\"name\":\"Special 5L* - Vaha eemaldaja, tugevatoimeline I ZEP Eesti\",\"isPartOf\":{\"@id\":\"https:\/\/zepestonia.com\/en\/#website\"},\"primaryImageOfPage\":{\"@id\":\"https:\/\/zepestonia.com\/en\/toode\/special-5l\/#primaryimage\"},\"image\":{\"@id\":\"https:\/\/zepestonia.com\/en\/toode\/special-5l\/#primaryimage\"},\"thumbnailUrl\":\"https:\/\/zepestonia.com\/wp-content\/uploads\/2021\/12\/333-60e909c904b954-39499868-Special.png\",\"datePublished\":\"2021-11-29T19:00:42+00:00\",\"dateModified\":\"2025-11-22T00:00:08+00:00\",\"description\":\"Tugevatoimeline puhastaja eemaldab kiiresti vaha ka ilma suurema harjamiseta. Suurep\u00e4rane rasva\u00e4rastaja ja efektiivne vahend \u00f5liplekkide, liimide eemaldamiseks.\",\"breadcrumb\":{\"@id\":\"https:\/\/zepestonia.com\/en\/toode\/special-5l\/#breadcrumb\"},\"inLanguage\":\"en-US\",\"potentialAction\":[{\"@type\":\"ReadAction\",\"target\":[\"https:\/\/zepestonia.com\/en\/toode\/special-5l\/\"]}]},{\"@type\":\"ImageObject\",\"inLanguage\":\"en-US\",\"@id\":\"https:\/\/zepestonia.com\/en\/toode\/special-5l\/#primaryimage\",\"url\":\"https:\/\/zepestonia.com\/wp-content\/uploads\/2021\/12\/333-60e909c904b954-39499868-Special.png\",\"contentUrl\":\"https:\/\/zepestonia.com\/wp-content\/uploads\/2021\/12\/333-60e909c904b954-39499868-Special.png\",\"width\":400,\"height\":600,\"caption\":\"333-60e909c904b954-39499868-Special\"},{\"@type\":\"BreadcrumbList\",\"@id\":\"https:\/\/zepestonia.com\/en\/toode\/special-5l\/#breadcrumb\",\"itemListElement\":[{\"@type\":\"ListItem\",\"position\":1,\"name\":\"Home\",\"item\":\"https:\/\/zepestonia.com\/en\/\"},{\"@type\":\"ListItem\",\"position\":2,\"name\":\"Shop\",\"item\":\"https:\/\/zepestonia.com\/en\/?page_id=4643\"},{\"@type\":\"ListItem\",\"position\":3,\"name\":\"Special 5L* &#8211; Vaha eemaldaja\"}]},{\"@type\":\"WebSite\",\"@id\":\"https:\/\/zepestonia.com\/en\/#website\",\"url\":\"https:\/\/zepestonia.com\/en\/\",\"name\":\"ZEP Eesti I Puhastusvahendid I E-pood\",\"description\":\"Pakume puhastus- ja hooldusprobleemidele efektiivseid keskkonnas\u00f5bralikke lahendusi!\",\"publisher\":{\"@id\":\"https:\/\/zepestonia.com\/en\/#organization\"},\"potentialAction\":[{\"@type\":\"SearchAction\",\"target\":{\"@type\":\"EntryPoint\",\"urlTemplate\":\"https:\/\/zepestonia.com\/en\/?s={search_term_string}\"},\"query-input\":{\"@type\":\"PropertyValueSpecification\",\"valueRequired\":true,\"valueName\":\"search_term_string\"}}],\"inLanguage\":\"en-US\"},{\"@type\":\"Organization\",\"@id\":\"https:\/\/zepestonia.com\/en\/#organization\",\"name\":\"Zep Estonia\",\"url\":\"https:\/\/zepestonia.com\/en\/\",\"logo\":{\"@type\":\"ImageObject\",\"inLanguage\":\"en-US\",\"@id\":\"https:\/\/zepestonia.com\/en\/#\/schema\/logo\/image\/\",\"url\":\"https:\/\/zepestonia.com\/wp-content\/uploads\/2022\/03\/Zep-Logo_png.jpeg\",\"contentUrl\":\"https:\/\/zepestonia.com\/wp-content\/uploads\/2022\/03\/Zep-Logo_png.jpeg\",\"width\":109,\"height\":70,\"caption\":\"Zep Estonia\"},\"image\":{\"@id\":\"https:\/\/zepestonia.com\/en\/#\/schema\/logo\/image\/\"},\"sameAs\":[\"https:\/\/www.facebook.com\/ZepEesti\"]}]}<\/script>\n<!-- \/ Yoast SEO plugin. -->","yoast_head_json":{"title":"Special 5L* - Vaha eemaldaja, tugevatoimeline I ZEP Eesti","description":"Tugevatoimeline puhastaja eemaldab kiiresti vaha ka ilma suurema harjamiseta. Suurep\u00e4rane rasva\u00e4rastaja ja efektiivne vahend \u00f5liplekkide, liimide eemaldamiseks.","robots":{"index":"index","follow":"follow","max-snippet":"max-snippet:-1","max-image-preview":"max-image-preview:large","max-video-preview":"max-video-preview:-1"},"canonical":"https:\/\/zepestonia.com\/en\/toode\/special-5l\/","og_locale":"en_US","og_type":"article","og_title":"Special 5L* - Vaha eemaldaja, tugevatoimeline I ZEP Eesti","og_description":"Tugevatoimeline puhastaja eemaldab kiiresti vaha ka ilma suurema harjamiseta. Suurep\u00e4rane rasva\u00e4rastaja ja efektiivne vahend \u00f5liplekkide, liimide eemaldamiseks.","og_url":"https:\/\/zepestonia.com\/en\/toode\/special-5l\/","og_site_name":"ZEP Eesti I Puhastusvahendid I E-pood","article_publisher":"https:\/\/www.facebook.com\/ZepEesti","article_modified_time":"2025-11-22T00:00:08+00:00","og_image":[{"width":400,"height":600,"url":"https:\/\/zepestonia.com\/wp-content\/uploads\/2021\/12\/333-60e909c904b954-39499868-Special.png","type":"image\/png"}],"twitter_card":"summary_large_image","schema":{"@context":"https:\/\/schema.org","@graph":[{"@type":"WebPage","@id":"https:\/\/zepestonia.com\/en\/toode\/special-5l\/","url":"https:\/\/zepestonia.com\/en\/toode\/special-5l\/","name":"Special 5L* - Vaha eemaldaja, tugevatoimeline I ZEP Eesti","isPartOf":{"@id":"https:\/\/zepestonia.com\/en\/#website"},"primaryImageOfPage":{"@id":"https:\/\/zepestonia.com\/en\/toode\/special-5l\/#primaryimage"},"image":{"@id":"https:\/\/zepestonia.com\/en\/toode\/special-5l\/#primaryimage"},"thumbnailUrl":"https:\/\/zepestonia.com\/wp-content\/uploads\/2021\/12\/333-60e909c904b954-39499868-Special.png","datePublished":"2021-11-29T19:00:42+00:00","dateModified":"2025-11-22T00:00:08+00:00","description":"Tugevatoimeline puhastaja eemaldab kiiresti vaha ka ilma suurema harjamiseta. Suurep\u00e4rane rasva\u00e4rastaja ja efektiivne vahend \u00f5liplekkide, liimide eemaldamiseks.","breadcrumb":{"@id":"https:\/\/zepestonia.com\/en\/toode\/special-5l\/#breadcrumb"},"inLanguage":"en-US","potentialAction":[{"@type":"ReadAction","target":["https:\/\/zepestonia.com\/en\/toode\/special-5l\/"]}]},{"@type":"ImageObject","inLanguage":"en-US","@id":"https:\/\/zepestonia.com\/en\/toode\/special-5l\/#primaryimage","url":"https:\/\/zepestonia.com\/wp-content\/uploads\/2021\/12\/333-60e909c904b954-39499868-Special.png","contentUrl":"https:\/\/zepestonia.com\/wp-content\/uploads\/2021\/12\/333-60e909c904b954-39499868-Special.png","width":400,"height":600,"caption":"333-60e909c904b954-39499868-Special"},{"@type":"BreadcrumbList","@id":"https:\/\/zepestonia.com\/en\/toode\/special-5l\/#breadcrumb","itemListElement":[{"@type":"ListItem","position":1,"name":"Home","item":"https:\/\/zepestonia.com\/en\/"},{"@type":"ListItem","position":2,"name":"Shop","item":"https:\/\/zepestonia.com\/en\/?page_id=4643"},{"@type":"ListItem","position":3,"name":"Special 5L* &#8211; Vaha eemaldaja"}]},{"@type":"WebSite","@id":"https:\/\/zepestonia.com\/en\/#website","url":"https:\/\/zepestonia.com\/en\/","name":"ZEP Eesti I Puhastusvahendid I E-pood","description":"Pakume puhastus- ja hooldusprobleemidele efektiivseid keskkonnas\u00f5bralikke lahendusi!","publisher":{"@id":"https:\/\/zepestonia.com\/en\/#organization"},"potentialAction":[{"@type":"SearchAction","target":{"@type":"EntryPoint","urlTemplate":"https:\/\/zepestonia.com\/en\/?s={search_term_string}"},"query-input":{"@type":"PropertyValueSpecification","valueRequired":true,"valueName":"search_term_string"}}],"inLanguage":"en-US"},{"@type":"Organization","@id":"https:\/\/zepestonia.com\/en\/#organization","name":"Zep Estonia","url":"https:\/\/zepestonia.com\/en\/","logo":{"@type":"ImageObject","inLanguage":"en-US","@id":"https:\/\/zepestonia.com\/en\/#\/schema\/logo\/image\/","url":"https:\/\/zepestonia.com\/wp-content\/uploads\/2022\/03\/Zep-Logo_png.jpeg","contentUrl":"https:\/\/zepestonia.com\/wp-content\/uploads\/2022\/03\/Zep-Logo_png.jpeg","width":109,"height":70,"caption":"Zep Estonia"},"image":{"@id":"https:\/\/zepestonia.com\/en\/#\/schema\/logo\/image\/"},"sameAs":["https:\/\/www.facebook.com\/ZepEesti"]}]}},"_links":{"self":[{"href":"https:\/\/zepestonia.com\/en\/wp-json\/wp\/v2\/product\/2920","targetHints":{"allow":["GET"]}}],"collection":[{"href":"https:\/\/zepestonia.com\/en\/wp-json\/wp\/v2\/product"}],"about":[{"href":"https:\/\/zepestonia.com\/en\/wp-json\/wp\/v2\/types\/product"}],"replies":[{"embeddable":true,"href":"https:\/\/zepestonia.com\/en\/wp-json\/wp\/v2\/comments?post=2920"}],"version-history":[{"count":2,"href":"https:\/\/zepestonia.com\/en\/wp-json\/wp\/v2\/product\/2920\/revisions"}],"predecessor-version":[{"id":11290,"href":"https:\/\/zepestonia.com\/en\/wp-json\/wp\/v2\/product\/2920\/revisions\/11290"}],"wp:featuredmedia":[{"embeddable":true,"href":"https:\/\/zepestonia.com\/en\/wp-json\/wp\/v2\/media\/3910"}],"wp:attachment":[{"href":"https:\/\/zepestonia.com\/en\/wp-json\/wp\/v2\/media?parent=2920"}],"wp:term":[{"taxonomy":"product_brand","embeddable":true,"href":"https:\/\/zepestonia.com\/en\/wp-json\/wp\/v2\/product_brand?post=2920"},{"taxonomy":"product_cat","embeddable":true,"href":"https:\/\/zepestonia.com\/en\/wp-json\/wp\/v2\/product_cat?post=2920"},{"taxonomy":"product_tag","embeddable":true,"href":"https:\/\/zepestonia.com\/en\/wp-json\/wp\/v2\/product_tag?post=2920"}],"curies":[{"name":"wp","href":"https:\/\/api.w.org\/{rel}","templated":true}]}}