{"id":2918,"date":"2021-11-29T19:00:41","date_gmt":"2021-11-29T19:00:41","guid":{"rendered":"https:\/\/zep.valgekana.ee\/toode\/gervex-gel-menthe-1l\/"},"modified":"2026-01-12T00:00:07","modified_gmt":"2026-01-12T00:00:07","slug":"gervex-gel-menthe-1l","status":"publish","type":"product","link":"https:\/\/zepestonia.com\/en\/toode\/gervex-gel-menthe-1l\/","title":{"rendered":"Gervex Gel Menthe 1L &#8211; Kivistunud ainete eemaldaja"},"content":{"rendered":"<ul>\n<li><span style=\"font-size:14px\"><span class=\"markedContent\" id=\"page3R_mcid29\"><span dir=\"ltr\" role=\"presentation\" style=\"left: 90px;top: 745.344px;font-family: sans-serif\">Lahjendada toodet<\/span><span dir=\"ltr\" role=\"presentation\" style=\"left: 268.96px;top: 745.344px;font-family: sans-serif\"> <\/span><span dir=\"ltr\" role=\"presentation\" style=\"left: 290.98px;top: 745.344px;font-family: sans-serif\">1 : 5<\/span><span dir=\"ltr\" role=\"presentation\" style=\"left: 330.02px;top: 745.344px;font-family: sans-serif\"> <\/span><span dir=\"ltr\" role=\"presentation\" style=\"left: 335.883px;top: 745.344px;font-family: sans-serif\">&#8211;<\/span><span dir=\"ltr\" role=\"presentation\" style=\"left: 342.543px;top: 745.344px;font-family: sans-serif\"> <\/span><span dir=\"ltr\" role=\"presentation\" style=\"left: 348.083px;top: 745.344px;font-family: sans-serif\">50<\/span><\/span><\/span><\/li>\n<li><span style=\"font-size:14px\"><span class=\"markedContent\" id=\"page3R_mcid30\"><span dir=\"ltr\" role=\"presentation\" style=\"left: 90px;top: 768.344px;font-family: sans-serif\">Pihustada v\u00f5i valada pinnale.<\/span><\/span><\/span><\/li>\n<li><span style=\"font-size:14px\"><span class=\"markedContent\" id=\"page3R_mcid31\"><span dir=\"ltr\" role=\"presentation\" style=\"left: 90px;top: 791.344px;font-family: sans-serif\">Lasta m\u00f5ni minut m\u00f5juda<\/span><\/span><\/span><\/li>\n<li><span style=\"font-size:14px\"><span class=\"markedContent\" id=\"page3R_mcid32\"><span dir=\"ltr\" role=\"presentation\" style=\"left: 90px;top: 814.344px;font-family: sans-serif\">Tugeva saastatuse korral kasutada<\/span><span dir=\"ltr\" role=\"presentation\" style=\"left: 414.68px;top: 814.344px;font-family: sans-serif\"> <\/span><span dir=\"ltr\" role=\"presentation\" style=\"left: 420.483px;top: 814.344px;font-family: sans-serif\">protsessi kiirendamiseks harja.<\/span><\/span><\/span><\/li>\n<li><span style=\"font-size:14px\"><span class=\"markedContent\"><span dir=\"ltr\" role=\"presentation\" style=\"left: 90px;top: 837.344px;font-family: sans-serif\">Loputada rohke veega<\/span><\/span><\/span><\/li>\n<\/ul>\n<p><span style=\"font-size:14px\"><span class=\"markedContent\" id=\"page3R_mcid44\"><span dir=\"ltr\" role=\"presentation\" style=\"left: 90px;top: 1090.39px;font-family: sans-serif\"><span style=\"color:#FF0000\">NB!<\/span> Mitte kasutada v\u00e4rvilistel metallidel ning marmorist v\u00f5i paekivist pindadel.<\/span><\/span><br \/>\n<span class=\"markedContent\"><span dir=\"ltr\" role=\"presentation\" style=\"left: 90px;top: 837.344px;font-family: sans-serif\">pH&lt;1<\/span><\/span><\/span><\/p>\n","protected":false},"excerpt":{"rendered":"<p>Sobib rasva, kipsi, katlakivi ja tsemendi eemaldamiseks.<br \/>\nTungib ka l\u00e4bi paksude kihtide.<br \/>\nEhitusmaterjalide ja t\u00f6\u00f6vahendite, k.a erinevate ehitusmasinate (veokid, t\u00f5stukid jne.) puhastamiseks tsemendij\u00e4\u00e4kidest.<br \/>\nPlaatide, kivim\u00e4lestiste (kujud, hauakivid jne), basseinide, veeriste, kasvuhooneklaaside, akende puhastamiseks.<\/p>\n","protected":false},"featured_media":4862,"comment_status":"closed","ping_status":"closed","template":"","meta":[],"product_brand":[],"product_cat":[213],"product_tag":[],"class_list":{"0":"post-2918","1":"product","2":"type-product","3":"status-publish","4":"has-post-thumbnail","6":"product_cat-kivi-betoon","8":"first","9":"instock","10":"taxable","11":"shipping-taxable","12":"purchasable","13":"product-type-simple"},"yoast_head":"<!-- This site is optimized with the Yoast SEO plugin v26.5 - https:\/\/yoast.com\/wordpress\/plugins\/seo\/ -->\n<title>Gervex Gel Menthe 1L - Kivistunud ainete eemaldaja I ZEP Eesti<\/title>\n<meta name=\"description\" content=\"Sobib rasva, kipsi, katlakivi ja tsemendi eemaldamiseks. Ehitusmaterjalide, t\u00f6\u00f6vahendite ja erinevate ehitusmasinate (t\u00f5stukid) puhastamiseks tsemendij\u00e4\u00e4kidest.\" \/>\n<meta name=\"robots\" content=\"index, follow, max-snippet:-1, max-image-preview:large, max-video-preview:-1\" \/>\n<link rel=\"canonical\" href=\"https:\/\/zepestonia.com\/en\/toode\/gervex-gel-menthe-1l\/\" \/>\n<meta property=\"og:locale\" content=\"en_US\" \/>\n<meta property=\"og:type\" content=\"article\" \/>\n<meta property=\"og:title\" content=\"Gervex Gel Menthe 1L - Kivistunud ainete eemaldaja I ZEP Eesti\" \/>\n<meta property=\"og:description\" content=\"Sobib rasva, kipsi, katlakivi ja tsemendi eemaldamiseks. Ehitusmaterjalide, t\u00f6\u00f6vahendite ja erinevate ehitusmasinate (t\u00f5stukid) puhastamiseks tsemendij\u00e4\u00e4kidest.\" \/>\n<meta property=\"og:url\" content=\"https:\/\/zepestonia.com\/en\/toode\/gervex-gel-menthe-1l\/\" \/>\n<meta property=\"og:site_name\" content=\"ZEP Eesti I Puhastusvahendid I E-pood\" \/>\n<meta property=\"article:publisher\" content=\"https:\/\/www.facebook.com\/ZepEesti\" \/>\n<meta property=\"article:modified_time\" content=\"2026-01-12T00:00:07+00:00\" \/>\n<meta property=\"og:image\" content=\"https:\/\/zepestonia.com\/wp-content\/uploads\/2022\/02\/GERVEX-GEL-MENTH.png\" \/>\n\t<meta property=\"og:image:width\" content=\"400\" \/>\n\t<meta property=\"og:image:height\" content=\"600\" \/>\n\t<meta property=\"og:image:type\" content=\"image\/png\" \/>\n<meta name=\"twitter:card\" content=\"summary_large_image\" \/>\n<script type=\"application\/ld+json\" class=\"yoast-schema-graph\">{\"@context\":\"https:\/\/schema.org\",\"@graph\":[{\"@type\":\"WebPage\",\"@id\":\"https:\/\/zepestonia.com\/en\/toode\/gervex-gel-menthe-1l\/\",\"url\":\"https:\/\/zepestonia.com\/en\/toode\/gervex-gel-menthe-1l\/\",\"name\":\"Gervex Gel Menthe 1L - Kivistunud ainete eemaldaja I ZEP Eesti\",\"isPartOf\":{\"@id\":\"https:\/\/zepestonia.com\/en\/#website\"},\"primaryImageOfPage\":{\"@id\":\"https:\/\/zepestonia.com\/en\/toode\/gervex-gel-menthe-1l\/#primaryimage\"},\"image\":{\"@id\":\"https:\/\/zepestonia.com\/en\/toode\/gervex-gel-menthe-1l\/#primaryimage\"},\"thumbnailUrl\":\"https:\/\/zepestonia.com\/wp-content\/uploads\/2022\/02\/GERVEX-GEL-MENTH.png\",\"datePublished\":\"2021-11-29T19:00:41+00:00\",\"dateModified\":\"2026-01-12T00:00:07+00:00\",\"description\":\"Sobib rasva, kipsi, katlakivi ja tsemendi eemaldamiseks. Ehitusmaterjalide, t\u00f6\u00f6vahendite ja erinevate ehitusmasinate (t\u00f5stukid) puhastamiseks tsemendij\u00e4\u00e4kidest.\",\"breadcrumb\":{\"@id\":\"https:\/\/zepestonia.com\/en\/toode\/gervex-gel-menthe-1l\/#breadcrumb\"},\"inLanguage\":\"en-US\",\"potentialAction\":[{\"@type\":\"ReadAction\",\"target\":[\"https:\/\/zepestonia.com\/en\/toode\/gervex-gel-menthe-1l\/\"]}]},{\"@type\":\"ImageObject\",\"inLanguage\":\"en-US\",\"@id\":\"https:\/\/zepestonia.com\/en\/toode\/gervex-gel-menthe-1l\/#primaryimage\",\"url\":\"https:\/\/zepestonia.com\/wp-content\/uploads\/2022\/02\/GERVEX-GEL-MENTH.png\",\"contentUrl\":\"https:\/\/zepestonia.com\/wp-content\/uploads\/2022\/02\/GERVEX-GEL-MENTH.png\",\"width\":400,\"height\":600,\"caption\":\"GERVEX-GEL-MENTH\"},{\"@type\":\"BreadcrumbList\",\"@id\":\"https:\/\/zepestonia.com\/en\/toode\/gervex-gel-menthe-1l\/#breadcrumb\",\"itemListElement\":[{\"@type\":\"ListItem\",\"position\":1,\"name\":\"Home\",\"item\":\"https:\/\/zepestonia.com\/en\/\"},{\"@type\":\"ListItem\",\"position\":2,\"name\":\"Shop\",\"item\":\"https:\/\/zepestonia.com\/en\/?page_id=4643\"},{\"@type\":\"ListItem\",\"position\":3,\"name\":\"Gervex Gel Menthe 1L &#8211; Kivistunud ainete eemaldaja\"}]},{\"@type\":\"WebSite\",\"@id\":\"https:\/\/zepestonia.com\/en\/#website\",\"url\":\"https:\/\/zepestonia.com\/en\/\",\"name\":\"ZEP Eesti I Puhastusvahendid I E-pood\",\"description\":\"Pakume puhastus- ja hooldusprobleemidele efektiivseid keskkonnas\u00f5bralikke lahendusi!\",\"publisher\":{\"@id\":\"https:\/\/zepestonia.com\/en\/#organization\"},\"potentialAction\":[{\"@type\":\"SearchAction\",\"target\":{\"@type\":\"EntryPoint\",\"urlTemplate\":\"https:\/\/zepestonia.com\/en\/?s={search_term_string}\"},\"query-input\":{\"@type\":\"PropertyValueSpecification\",\"valueRequired\":true,\"valueName\":\"search_term_string\"}}],\"inLanguage\":\"en-US\"},{\"@type\":\"Organization\",\"@id\":\"https:\/\/zepestonia.com\/en\/#organization\",\"name\":\"Zep Estonia\",\"url\":\"https:\/\/zepestonia.com\/en\/\",\"logo\":{\"@type\":\"ImageObject\",\"inLanguage\":\"en-US\",\"@id\":\"https:\/\/zepestonia.com\/en\/#\/schema\/logo\/image\/\",\"url\":\"https:\/\/zepestonia.com\/wp-content\/uploads\/2022\/03\/Zep-Logo_png.jpeg\",\"contentUrl\":\"https:\/\/zepestonia.com\/wp-content\/uploads\/2022\/03\/Zep-Logo_png.jpeg\",\"width\":109,\"height\":70,\"caption\":\"Zep Estonia\"},\"image\":{\"@id\":\"https:\/\/zepestonia.com\/en\/#\/schema\/logo\/image\/\"},\"sameAs\":[\"https:\/\/www.facebook.com\/ZepEesti\"]}]}<\/script>\n<!-- \/ Yoast SEO plugin. -->","yoast_head_json":{"title":"Gervex Gel Menthe 1L - Kivistunud ainete eemaldaja I ZEP Eesti","description":"Sobib rasva, kipsi, katlakivi ja tsemendi eemaldamiseks. Ehitusmaterjalide, t\u00f6\u00f6vahendite ja erinevate ehitusmasinate (t\u00f5stukid) puhastamiseks tsemendij\u00e4\u00e4kidest.","robots":{"index":"index","follow":"follow","max-snippet":"max-snippet:-1","max-image-preview":"max-image-preview:large","max-video-preview":"max-video-preview:-1"},"canonical":"https:\/\/zepestonia.com\/en\/toode\/gervex-gel-menthe-1l\/","og_locale":"en_US","og_type":"article","og_title":"Gervex Gel Menthe 1L - Kivistunud ainete eemaldaja I ZEP Eesti","og_description":"Sobib rasva, kipsi, katlakivi ja tsemendi eemaldamiseks. Ehitusmaterjalide, t\u00f6\u00f6vahendite ja erinevate ehitusmasinate (t\u00f5stukid) puhastamiseks tsemendij\u00e4\u00e4kidest.","og_url":"https:\/\/zepestonia.com\/en\/toode\/gervex-gel-menthe-1l\/","og_site_name":"ZEP Eesti I Puhastusvahendid I E-pood","article_publisher":"https:\/\/www.facebook.com\/ZepEesti","article_modified_time":"2026-01-12T00:00:07+00:00","og_image":[{"width":400,"height":600,"url":"https:\/\/zepestonia.com\/wp-content\/uploads\/2022\/02\/GERVEX-GEL-MENTH.png","type":"image\/png"}],"twitter_card":"summary_large_image","schema":{"@context":"https:\/\/schema.org","@graph":[{"@type":"WebPage","@id":"https:\/\/zepestonia.com\/en\/toode\/gervex-gel-menthe-1l\/","url":"https:\/\/zepestonia.com\/en\/toode\/gervex-gel-menthe-1l\/","name":"Gervex Gel Menthe 1L - Kivistunud ainete eemaldaja I ZEP Eesti","isPartOf":{"@id":"https:\/\/zepestonia.com\/en\/#website"},"primaryImageOfPage":{"@id":"https:\/\/zepestonia.com\/en\/toode\/gervex-gel-menthe-1l\/#primaryimage"},"image":{"@id":"https:\/\/zepestonia.com\/en\/toode\/gervex-gel-menthe-1l\/#primaryimage"},"thumbnailUrl":"https:\/\/zepestonia.com\/wp-content\/uploads\/2022\/02\/GERVEX-GEL-MENTH.png","datePublished":"2021-11-29T19:00:41+00:00","dateModified":"2026-01-12T00:00:07+00:00","description":"Sobib rasva, kipsi, katlakivi ja tsemendi eemaldamiseks. Ehitusmaterjalide, t\u00f6\u00f6vahendite ja erinevate ehitusmasinate (t\u00f5stukid) puhastamiseks tsemendij\u00e4\u00e4kidest.","breadcrumb":{"@id":"https:\/\/zepestonia.com\/en\/toode\/gervex-gel-menthe-1l\/#breadcrumb"},"inLanguage":"en-US","potentialAction":[{"@type":"ReadAction","target":["https:\/\/zepestonia.com\/en\/toode\/gervex-gel-menthe-1l\/"]}]},{"@type":"ImageObject","inLanguage":"en-US","@id":"https:\/\/zepestonia.com\/en\/toode\/gervex-gel-menthe-1l\/#primaryimage","url":"https:\/\/zepestonia.com\/wp-content\/uploads\/2022\/02\/GERVEX-GEL-MENTH.png","contentUrl":"https:\/\/zepestonia.com\/wp-content\/uploads\/2022\/02\/GERVEX-GEL-MENTH.png","width":400,"height":600,"caption":"GERVEX-GEL-MENTH"},{"@type":"BreadcrumbList","@id":"https:\/\/zepestonia.com\/en\/toode\/gervex-gel-menthe-1l\/#breadcrumb","itemListElement":[{"@type":"ListItem","position":1,"name":"Home","item":"https:\/\/zepestonia.com\/en\/"},{"@type":"ListItem","position":2,"name":"Shop","item":"https:\/\/zepestonia.com\/en\/?page_id=4643"},{"@type":"ListItem","position":3,"name":"Gervex Gel Menthe 1L &#8211; Kivistunud ainete eemaldaja"}]},{"@type":"WebSite","@id":"https:\/\/zepestonia.com\/en\/#website","url":"https:\/\/zepestonia.com\/en\/","name":"ZEP Eesti I Puhastusvahendid I E-pood","description":"Pakume puhastus- ja hooldusprobleemidele efektiivseid keskkonnas\u00f5bralikke lahendusi!","publisher":{"@id":"https:\/\/zepestonia.com\/en\/#organization"},"potentialAction":[{"@type":"SearchAction","target":{"@type":"EntryPoint","urlTemplate":"https:\/\/zepestonia.com\/en\/?s={search_term_string}"},"query-input":{"@type":"PropertyValueSpecification","valueRequired":true,"valueName":"search_term_string"}}],"inLanguage":"en-US"},{"@type":"Organization","@id":"https:\/\/zepestonia.com\/en\/#organization","name":"Zep Estonia","url":"https:\/\/zepestonia.com\/en\/","logo":{"@type":"ImageObject","inLanguage":"en-US","@id":"https:\/\/zepestonia.com\/en\/#\/schema\/logo\/image\/","url":"https:\/\/zepestonia.com\/wp-content\/uploads\/2022\/03\/Zep-Logo_png.jpeg","contentUrl":"https:\/\/zepestonia.com\/wp-content\/uploads\/2022\/03\/Zep-Logo_png.jpeg","width":109,"height":70,"caption":"Zep Estonia"},"image":{"@id":"https:\/\/zepestonia.com\/en\/#\/schema\/logo\/image\/"},"sameAs":["https:\/\/www.facebook.com\/ZepEesti"]}]}},"_links":{"self":[{"href":"https:\/\/zepestonia.com\/en\/wp-json\/wp\/v2\/product\/2918","targetHints":{"allow":["GET"]}}],"collection":[{"href":"https:\/\/zepestonia.com\/en\/wp-json\/wp\/v2\/product"}],"about":[{"href":"https:\/\/zepestonia.com\/en\/wp-json\/wp\/v2\/types\/product"}],"replies":[{"embeddable":true,"href":"https:\/\/zepestonia.com\/en\/wp-json\/wp\/v2\/comments?post=2918"}],"version-history":[{"count":2,"href":"https:\/\/zepestonia.com\/en\/wp-json\/wp\/v2\/product\/2918\/revisions"}],"predecessor-version":[{"id":11319,"href":"https:\/\/zepestonia.com\/en\/wp-json\/wp\/v2\/product\/2918\/revisions\/11319"}],"wp:featuredmedia":[{"embeddable":true,"href":"https:\/\/zepestonia.com\/en\/wp-json\/wp\/v2\/media\/4862"}],"wp:attachment":[{"href":"https:\/\/zepestonia.com\/en\/wp-json\/wp\/v2\/media?parent=2918"}],"wp:term":[{"taxonomy":"product_brand","embeddable":true,"href":"https:\/\/zepestonia.com\/en\/wp-json\/wp\/v2\/product_brand?post=2918"},{"taxonomy":"product_cat","embeddable":true,"href":"https:\/\/zepestonia.com\/en\/wp-json\/wp\/v2\/product_cat?post=2918"},{"taxonomy":"product_tag","embeddable":true,"href":"https:\/\/zepestonia.com\/en\/wp-json\/wp\/v2\/product_tag?post=2918"}],"curies":[{"name":"wp","href":"https:\/\/api.w.org\/{rel}","templated":true}]}}