{"id":2917,"date":"2021-11-29T19:00:41","date_gmt":"2021-11-29T19:00:41","guid":{"rendered":"https:\/\/zep.valgekana.ee\/toode\/kymax-fix-5kg\/"},"modified":"2025-07-01T00:24:39","modified_gmt":"2025-07-01T00:24:39","slug":"kymax-fix-5kg","status":"publish","type":"product","link":"https:\/\/zepestonia.com\/en\/toode\/kymax-fix-5kg\/","title":{"rendered":"FIX 5kg  &#8211; K\u00fclmpoleeriv fiksaator"},"content":{"rendered":"<p><span class=\"VIiyi\" lang=\"et\"><span class=\"JLqJ4b ChMk0b\" data-language-for-alternatives=\"et\" data-language-to-translate-into=\"it\" data-number-of-phrases=\"29\" data-phrase-index=\"2\"><span>Mustmetallide ja malmi jaoks:<\/span><\/span><br \/>\n<span class=\"JLqJ4b ChMk0b\" data-language-for-alternatives=\"et\" data-language-to-translate-into=\"it\" data-number-of-phrases=\"29\" data-phrase-index=\"4\"><span>1 &#8211; P\u00f5hjalikult eemaldada t\u00f6\u00f6deldavad t\u00fckid<\/span><\/span><span class=\"JLqJ4b\" data-language-for-alternatives=\"et\" data-language-to-translate-into=\"it\" data-number-of-phrases=\"29\" data-phrase-index=\"5\"><span> rasvast, sobib<\/span><\/span><span class=\"JLqJ4b ChMk0b\" data-language-for-alternatives=\"et\" data-language-to-translate-into=\"it\" data-number-of-phrases=\"29\" data-phrase-index=\"6\"><span> KAMPAS 700.<br \/>\nJuhul kui see ka olemas on<\/span><\/span><span class=\"JLqJ4b\" data-language-for-alternatives=\"et\" data-language-to-translate-into=\"it\" data-number-of-phrases=\"29\" data-phrase-index=\"7\"><span> <\/span><\/span><span class=\"JLqJ4b ChMk0b\" data-language-for-alternatives=\"et\" data-language-to-translate-into=\"it\" data-number-of-phrases=\"29\" data-phrase-index=\"8\"><span>rooste rasvatustamine ja desoks\u00fcdatsioon samal ajal<\/span><\/span><span class=\"JLqJ4b\" data-language-for-alternatives=\"et\" data-language-to-translate-into=\"it\" data-number-of-phrases=\"29\" data-phrase-index=\"9\"><span> <\/span><\/span><span class=\"JLqJ4b ChMk0b\" data-language-for-alternatives=\"et\" data-language-to-translate-into=\"it\" data-number-of-phrases=\"29\" data-phrase-index=\"10\"><span>METAL K4-ga, millele j\u00e4rgneb loputamine ja kuivatamine.<\/span><\/span><span class=\"JLqJ4b\" data-language-for-alternatives=\"et\" data-language-to-translate-into=\"it\" data-number-of-phrases=\"29\" data-phrase-index=\"11\"><span> <\/span><\/span><br \/>\n<span class=\"JLqJ4b ChMk0b\" data-language-for-alternatives=\"et\" data-language-to-translate-into=\"it\" data-number-of-phrases=\"29\" data-phrase-index=\"12\"><span>2 &#8211; Kastke t\u00f6\u00f6deldavad t\u00fckid puhtasse v\u00f5i lahjendatud TR-B-sse<\/span><\/span><span class=\"JLqJ4b\" data-language-for-alternatives=\"et\" data-language-to-translate-into=\"it\" data-number-of-phrases=\"29\" data-phrase-index=\"13\"><span> <\/span><\/span><span class=\"JLqJ4b ChMk0b\" data-language-for-alternatives=\"et\" data-language-to-translate-into=\"it\" data-number-of-phrases=\"29\" data-phrase-index=\"14\"><span>1:1 veega, j\u00e4ttes 2\u201310 minutiks m\u00f5juma (ideaalne<\/span><\/span><span class=\"JLqJ4b\" data-language-for-alternatives=\"et\" data-language-to-translate-into=\"it\" data-number-of-phrases=\"29\" data-phrase-index=\"15\"><span> <\/span><\/span><span class=\"JLqJ4b ChMk0b\" data-language-for-alternatives=\"et\" data-language-to-translate-into=\"it\" data-number-of-phrases=\"29\" data-phrase-index=\"16\"><span>5 minutit).<\/span><\/span><span class=\"JLqJ4b\" data-language-for-alternatives=\"et\" data-language-to-translate-into=\"it\" data-number-of-phrases=\"29\" data-phrase-index=\"17\"><span> <\/span><\/span><br \/>\n<span class=\"JLqJ4b ChMk0b\" data-language-for-alternatives=\"et\" data-language-to-translate-into=\"it\" data-number-of-phrases=\"29\" data-phrase-index=\"18\"><span>3 &#8211; T\u00f5mmake t\u00fckk v\u00e4lja ja sukeldage see umbes 10 sekundiks vette<\/span><\/span><span class=\"JLqJ4b\" data-language-for-alternatives=\"et\" data-language-to-translate-into=\"it\" data-number-of-phrases=\"29\" data-phrase-index=\"19\"><span> <\/span><\/span><span class=\"JLqJ4b ChMk0b\" data-language-for-alternatives=\"et\" data-language-to-translate-into=\"it\" data-number-of-phrases=\"29\" data-phrase-index=\"20\"><span>vees.<\/span><\/span><br \/>\n<span class=\"JLqJ4b ChMk0b\" data-language-for-alternatives=\"et\" data-language-to-translate-into=\"it\" data-number-of-phrases=\"29\" data-phrase-index=\"21\"><span>Seej\u00e4rel kastke FIX-fiksaatorisse umbes 60-ks<\/span><\/span><span class=\"JLqJ4b\" data-language-for-alternatives=\"et\" data-language-to-translate-into=\"it\" data-number-of-phrases=\"29\" data-phrase-index=\"22\"><span> <\/span><\/span><span class=\"JLqJ4b ChMk0b\" data-language-for-alternatives=\"et\" data-language-to-translate-into=\"it\" data-number-of-phrases=\"29\" data-phrase-index=\"23\"><span>sekundit, et sinatamist blokeerida ja heledamaks muuta.<\/span><\/span><br \/>\n<span class=\"JLqJ4b ChMk0b\" data-language-for-alternatives=\"et\" data-language-to-translate-into=\"it\" data-number-of-phrases=\"28\" data-phrase-index=\"25\"><span>Seej\u00e4rel j\u00e4ta t\u00fckk eelnevalt umbes 45 minutiks seisma<\/span><\/span><span class=\"JLqJ4b\" data-language-for-alternatives=\"et\" data-language-to-translate-into=\"it\" data-number-of-phrases=\"28\" data-phrase-index=\"26\"><span> <\/span><\/span><span class=\"JLqJ4b ChMk0b\" data-language-for-alternatives=\"et\" data-language-to-translate-into=\"it\" data-number-of-phrases=\"28\" data-phrase-index=\"27\"><span>sellega hakkama saama.<br \/>\npH 10,1<\/span><\/span><\/span><br \/>\n&nbsp;<\/p>\n","protected":false},"excerpt":{"rendered":"<p>Kasutatuna p\u00e4rast t\u00f6\u00f6tlemist TR-B-ga v\u00f5imaldab see saavutada homogeensema, s\u00e4ravama ja ennek\u00f5ike kaitstud oks\u00fcdatsiooni eest.<br \/>\nSobib raua, malmi, aga ka poleerimiseks et messingi ja muude vasesulamite t\u00f6\u00f6tlemiseks, koos viimane viimistlus peapruuni v\u00e4rviga tumepruun.<\/p>\n","protected":false},"featured_media":3571,"comment_status":"closed","ping_status":"closed","template":"","meta":[],"product_brand":[],"product_cat":[215],"product_tag":[],"class_list":{"0":"post-2917","1":"product","2":"type-product","3":"status-publish","4":"has-post-thumbnail","6":"product_cat-metall","8":"first","9":"instock","10":"taxable","11":"shipping-taxable","12":"purchasable","13":"product-type-simple"},"yoast_head":"<!-- This site is optimized with the Yoast SEO plugin v26.5 - https:\/\/yoast.com\/wordpress\/plugins\/seo\/ -->\n<title>FIX 5kg - K\u00fclmpoleeriv fiksaator, metallile I ZEP Eesti<\/title>\n<meta name=\"description\" content=\"Kasutatuna p\u00e4rast t\u00f6\u00f6tlemist TR-B-ga v\u00f5imaldab see saavutada homogeensema, s\u00e4ravama ja kaitstud oks\u00fcdatsiooni eest. Sobib raua, malmi, messingi t\u00f6\u00f6tlemiseks.\" \/>\n<meta name=\"robots\" content=\"index, follow, max-snippet:-1, max-image-preview:large, max-video-preview:-1\" \/>\n<link rel=\"canonical\" href=\"https:\/\/zepestonia.com\/en\/toode\/kymax-fix-5kg\/\" \/>\n<meta property=\"og:locale\" content=\"en_US\" \/>\n<meta property=\"og:type\" content=\"article\" \/>\n<meta property=\"og:title\" content=\"FIX 5kg - K\u00fclmpoleeriv fiksaator, metallile I ZEP Eesti\" \/>\n<meta property=\"og:description\" content=\"Kasutatuna p\u00e4rast t\u00f6\u00f6tlemist TR-B-ga v\u00f5imaldab see saavutada homogeensema, s\u00e4ravama ja kaitstud oks\u00fcdatsiooni eest. Sobib raua, malmi, messingi t\u00f6\u00f6tlemiseks.\" \/>\n<meta property=\"og:url\" content=\"https:\/\/zepestonia.com\/en\/toode\/kymax-fix-5kg\/\" \/>\n<meta property=\"og:site_name\" content=\"ZEP Eesti I Puhastusvahendid I E-pood\" \/>\n<meta property=\"article:publisher\" content=\"https:\/\/www.facebook.com\/ZepEesti\" \/>\n<meta property=\"article:modified_time\" content=\"2025-07-01T00:24:39+00:00\" \/>\n<meta property=\"og:image\" content=\"https:\/\/zepestonia.com\/wp-content\/uploads\/2021\/12\/97-60dfcb02c79ee3-96679885-FIX.png\" \/>\n\t<meta property=\"og:image:width\" content=\"200\" \/>\n\t<meta property=\"og:image:height\" content=\"300\" \/>\n\t<meta property=\"og:image:type\" content=\"image\/png\" \/>\n<meta name=\"twitter:card\" content=\"summary_large_image\" \/>\n<script type=\"application\/ld+json\" class=\"yoast-schema-graph\">{\"@context\":\"https:\/\/schema.org\",\"@graph\":[{\"@type\":\"WebPage\",\"@id\":\"https:\/\/zepestonia.com\/en\/toode\/kymax-fix-5kg\/\",\"url\":\"https:\/\/zepestonia.com\/en\/toode\/kymax-fix-5kg\/\",\"name\":\"FIX 5kg - K\u00fclmpoleeriv fiksaator, metallile I ZEP Eesti\",\"isPartOf\":{\"@id\":\"https:\/\/zepestonia.com\/en\/#website\"},\"primaryImageOfPage\":{\"@id\":\"https:\/\/zepestonia.com\/en\/toode\/kymax-fix-5kg\/#primaryimage\"},\"image\":{\"@id\":\"https:\/\/zepestonia.com\/en\/toode\/kymax-fix-5kg\/#primaryimage\"},\"thumbnailUrl\":\"https:\/\/zepestonia.com\/wp-content\/uploads\/2021\/12\/97-60dfcb02c79ee3-96679885-FIX.png\",\"datePublished\":\"2021-11-29T19:00:41+00:00\",\"dateModified\":\"2025-07-01T00:24:39+00:00\",\"description\":\"Kasutatuna p\u00e4rast t\u00f6\u00f6tlemist TR-B-ga v\u00f5imaldab see saavutada homogeensema, s\u00e4ravama ja kaitstud oks\u00fcdatsiooni eest. Sobib raua, malmi, messingi t\u00f6\u00f6tlemiseks.\",\"breadcrumb\":{\"@id\":\"https:\/\/zepestonia.com\/en\/toode\/kymax-fix-5kg\/#breadcrumb\"},\"inLanguage\":\"en-US\",\"potentialAction\":[{\"@type\":\"ReadAction\",\"target\":[\"https:\/\/zepestonia.com\/en\/toode\/kymax-fix-5kg\/\"]}]},{\"@type\":\"ImageObject\",\"inLanguage\":\"en-US\",\"@id\":\"https:\/\/zepestonia.com\/en\/toode\/kymax-fix-5kg\/#primaryimage\",\"url\":\"https:\/\/zepestonia.com\/wp-content\/uploads\/2021\/12\/97-60dfcb02c79ee3-96679885-FIX.png\",\"contentUrl\":\"https:\/\/zepestonia.com\/wp-content\/uploads\/2021\/12\/97-60dfcb02c79ee3-96679885-FIX.png\",\"width\":200,\"height\":300,\"caption\":\"97-60dfcb02c79ee3-96679885-FIX\"},{\"@type\":\"BreadcrumbList\",\"@id\":\"https:\/\/zepestonia.com\/en\/toode\/kymax-fix-5kg\/#breadcrumb\",\"itemListElement\":[{\"@type\":\"ListItem\",\"position\":1,\"name\":\"Home\",\"item\":\"https:\/\/zepestonia.com\/en\/\"},{\"@type\":\"ListItem\",\"position\":2,\"name\":\"Shop\",\"item\":\"https:\/\/zepestonia.com\/en\/?page_id=4643\"},{\"@type\":\"ListItem\",\"position\":3,\"name\":\"FIX 5kg &#8211; K\u00fclmpoleeriv fiksaator\"}]},{\"@type\":\"WebSite\",\"@id\":\"https:\/\/zepestonia.com\/en\/#website\",\"url\":\"https:\/\/zepestonia.com\/en\/\",\"name\":\"ZEP Eesti I Puhastusvahendid I E-pood\",\"description\":\"Pakume puhastus- ja hooldusprobleemidele efektiivseid keskkonnas\u00f5bralikke lahendusi!\",\"publisher\":{\"@id\":\"https:\/\/zepestonia.com\/en\/#organization\"},\"potentialAction\":[{\"@type\":\"SearchAction\",\"target\":{\"@type\":\"EntryPoint\",\"urlTemplate\":\"https:\/\/zepestonia.com\/en\/?s={search_term_string}\"},\"query-input\":{\"@type\":\"PropertyValueSpecification\",\"valueRequired\":true,\"valueName\":\"search_term_string\"}}],\"inLanguage\":\"en-US\"},{\"@type\":\"Organization\",\"@id\":\"https:\/\/zepestonia.com\/en\/#organization\",\"name\":\"Zep Estonia\",\"url\":\"https:\/\/zepestonia.com\/en\/\",\"logo\":{\"@type\":\"ImageObject\",\"inLanguage\":\"en-US\",\"@id\":\"https:\/\/zepestonia.com\/en\/#\/schema\/logo\/image\/\",\"url\":\"https:\/\/zepestonia.com\/wp-content\/uploads\/2022\/03\/Zep-Logo_png.jpeg\",\"contentUrl\":\"https:\/\/zepestonia.com\/wp-content\/uploads\/2022\/03\/Zep-Logo_png.jpeg\",\"width\":109,\"height\":70,\"caption\":\"Zep Estonia\"},\"image\":{\"@id\":\"https:\/\/zepestonia.com\/en\/#\/schema\/logo\/image\/\"},\"sameAs\":[\"https:\/\/www.facebook.com\/ZepEesti\"]}]}<\/script>\n<!-- \/ Yoast SEO plugin. -->","yoast_head_json":{"title":"FIX 5kg - K\u00fclmpoleeriv fiksaator, metallile I ZEP Eesti","description":"Kasutatuna p\u00e4rast t\u00f6\u00f6tlemist TR-B-ga v\u00f5imaldab see saavutada homogeensema, s\u00e4ravama ja kaitstud oks\u00fcdatsiooni eest. Sobib raua, malmi, messingi t\u00f6\u00f6tlemiseks.","robots":{"index":"index","follow":"follow","max-snippet":"max-snippet:-1","max-image-preview":"max-image-preview:large","max-video-preview":"max-video-preview:-1"},"canonical":"https:\/\/zepestonia.com\/en\/toode\/kymax-fix-5kg\/","og_locale":"en_US","og_type":"article","og_title":"FIX 5kg - K\u00fclmpoleeriv fiksaator, metallile I ZEP Eesti","og_description":"Kasutatuna p\u00e4rast t\u00f6\u00f6tlemist TR-B-ga v\u00f5imaldab see saavutada homogeensema, s\u00e4ravama ja kaitstud oks\u00fcdatsiooni eest. Sobib raua, malmi, messingi t\u00f6\u00f6tlemiseks.","og_url":"https:\/\/zepestonia.com\/en\/toode\/kymax-fix-5kg\/","og_site_name":"ZEP Eesti I Puhastusvahendid I E-pood","article_publisher":"https:\/\/www.facebook.com\/ZepEesti","article_modified_time":"2025-07-01T00:24:39+00:00","og_image":[{"width":200,"height":300,"url":"https:\/\/zepestonia.com\/wp-content\/uploads\/2021\/12\/97-60dfcb02c79ee3-96679885-FIX.png","type":"image\/png"}],"twitter_card":"summary_large_image","schema":{"@context":"https:\/\/schema.org","@graph":[{"@type":"WebPage","@id":"https:\/\/zepestonia.com\/en\/toode\/kymax-fix-5kg\/","url":"https:\/\/zepestonia.com\/en\/toode\/kymax-fix-5kg\/","name":"FIX 5kg - K\u00fclmpoleeriv fiksaator, metallile I ZEP Eesti","isPartOf":{"@id":"https:\/\/zepestonia.com\/en\/#website"},"primaryImageOfPage":{"@id":"https:\/\/zepestonia.com\/en\/toode\/kymax-fix-5kg\/#primaryimage"},"image":{"@id":"https:\/\/zepestonia.com\/en\/toode\/kymax-fix-5kg\/#primaryimage"},"thumbnailUrl":"https:\/\/zepestonia.com\/wp-content\/uploads\/2021\/12\/97-60dfcb02c79ee3-96679885-FIX.png","datePublished":"2021-11-29T19:00:41+00:00","dateModified":"2025-07-01T00:24:39+00:00","description":"Kasutatuna p\u00e4rast t\u00f6\u00f6tlemist TR-B-ga v\u00f5imaldab see saavutada homogeensema, s\u00e4ravama ja kaitstud oks\u00fcdatsiooni eest. Sobib raua, malmi, messingi t\u00f6\u00f6tlemiseks.","breadcrumb":{"@id":"https:\/\/zepestonia.com\/en\/toode\/kymax-fix-5kg\/#breadcrumb"},"inLanguage":"en-US","potentialAction":[{"@type":"ReadAction","target":["https:\/\/zepestonia.com\/en\/toode\/kymax-fix-5kg\/"]}]},{"@type":"ImageObject","inLanguage":"en-US","@id":"https:\/\/zepestonia.com\/en\/toode\/kymax-fix-5kg\/#primaryimage","url":"https:\/\/zepestonia.com\/wp-content\/uploads\/2021\/12\/97-60dfcb02c79ee3-96679885-FIX.png","contentUrl":"https:\/\/zepestonia.com\/wp-content\/uploads\/2021\/12\/97-60dfcb02c79ee3-96679885-FIX.png","width":200,"height":300,"caption":"97-60dfcb02c79ee3-96679885-FIX"},{"@type":"BreadcrumbList","@id":"https:\/\/zepestonia.com\/en\/toode\/kymax-fix-5kg\/#breadcrumb","itemListElement":[{"@type":"ListItem","position":1,"name":"Home","item":"https:\/\/zepestonia.com\/en\/"},{"@type":"ListItem","position":2,"name":"Shop","item":"https:\/\/zepestonia.com\/en\/?page_id=4643"},{"@type":"ListItem","position":3,"name":"FIX 5kg &#8211; K\u00fclmpoleeriv fiksaator"}]},{"@type":"WebSite","@id":"https:\/\/zepestonia.com\/en\/#website","url":"https:\/\/zepestonia.com\/en\/","name":"ZEP Eesti I Puhastusvahendid I E-pood","description":"Pakume puhastus- ja hooldusprobleemidele efektiivseid keskkonnas\u00f5bralikke lahendusi!","publisher":{"@id":"https:\/\/zepestonia.com\/en\/#organization"},"potentialAction":[{"@type":"SearchAction","target":{"@type":"EntryPoint","urlTemplate":"https:\/\/zepestonia.com\/en\/?s={search_term_string}"},"query-input":{"@type":"PropertyValueSpecification","valueRequired":true,"valueName":"search_term_string"}}],"inLanguage":"en-US"},{"@type":"Organization","@id":"https:\/\/zepestonia.com\/en\/#organization","name":"Zep Estonia","url":"https:\/\/zepestonia.com\/en\/","logo":{"@type":"ImageObject","inLanguage":"en-US","@id":"https:\/\/zepestonia.com\/en\/#\/schema\/logo\/image\/","url":"https:\/\/zepestonia.com\/wp-content\/uploads\/2022\/03\/Zep-Logo_png.jpeg","contentUrl":"https:\/\/zepestonia.com\/wp-content\/uploads\/2022\/03\/Zep-Logo_png.jpeg","width":109,"height":70,"caption":"Zep Estonia"},"image":{"@id":"https:\/\/zepestonia.com\/en\/#\/schema\/logo\/image\/"},"sameAs":["https:\/\/www.facebook.com\/ZepEesti"]}]}},"_links":{"self":[{"href":"https:\/\/zepestonia.com\/en\/wp-json\/wp\/v2\/product\/2917","targetHints":{"allow":["GET"]}}],"collection":[{"href":"https:\/\/zepestonia.com\/en\/wp-json\/wp\/v2\/product"}],"about":[{"href":"https:\/\/zepestonia.com\/en\/wp-json\/wp\/v2\/types\/product"}],"replies":[{"embeddable":true,"href":"https:\/\/zepestonia.com\/en\/wp-json\/wp\/v2\/comments?post=2917"}],"version-history":[{"count":1,"href":"https:\/\/zepestonia.com\/en\/wp-json\/wp\/v2\/product\/2917\/revisions"}],"predecessor-version":[{"id":10281,"href":"https:\/\/zepestonia.com\/en\/wp-json\/wp\/v2\/product\/2917\/revisions\/10281"}],"wp:featuredmedia":[{"embeddable":true,"href":"https:\/\/zepestonia.com\/en\/wp-json\/wp\/v2\/media\/3571"}],"wp:attachment":[{"href":"https:\/\/zepestonia.com\/en\/wp-json\/wp\/v2\/media?parent=2917"}],"wp:term":[{"taxonomy":"product_brand","embeddable":true,"href":"https:\/\/zepestonia.com\/en\/wp-json\/wp\/v2\/product_brand?post=2917"},{"taxonomy":"product_cat","embeddable":true,"href":"https:\/\/zepestonia.com\/en\/wp-json\/wp\/v2\/product_cat?post=2917"},{"taxonomy":"product_tag","embeddable":true,"href":"https:\/\/zepestonia.com\/en\/wp-json\/wp\/v2\/product_tag?post=2917"}],"curies":[{"name":"wp","href":"https:\/\/api.w.org\/{rel}","templated":true}]}}