{"id":2912,"date":"2021-11-29T19:00:41","date_gmt":"2021-11-29T19:00:41","guid":{"rendered":"https:\/\/zep.valgekana.ee\/toode\/zeplon\/"},"modified":"2026-03-05T09:24:49","modified_gmt":"2026-03-05T09:24:49","slug":"zeplon","status":"publish","type":"product","link":"https:\/\/zepestonia.com\/en\/toode\/zeplon\/","title":{"rendered":"Zeplon &#8211; Kuivm\u00e4\u00e4re"},"content":{"rendered":"<ul>\n<li><span style=\"font-size:14px\"><span class=\"markedContent\" id=\"page39R_mcid11\"><span dir=\"ltr\" role=\"presentation\" style=\"left: 149.04px;top: 500.311px;font-family: sans-serif\">Parima tulemuse saavutamiseks loksutada<\/span><span dir=\"ltr\" role=\"presentation\" style=\"left: 533.42px;top: 500.311px;font-family: sans-serif\"> <\/span><span dir=\"ltr\" role=\"presentation\" style=\"left: 541.317px;top: 500.311px;font-family: sans-serif\">enne kasutamise alustamis<\/span><span dir=\"ltr\" role=\"presentation\" style=\"left: 786.367px;top: 500.311px;font-family: sans-serif\">t<\/span><span dir=\"ltr\" role=\"presentation\" style=\"left: 791.927px;top: 500.311px;font-family: sans-serif\"> <\/span><span dir=\"ltr\" role=\"presentation\" style=\"left: 799.367px;top: 500.311px;font-family: sans-serif\">pudelit kuni<\/span> <span dir=\"ltr\" role=\"presentation\" style=\"left: 150.04px;top: 523.311px;font-family: sans-serif\">segamiskuul vabalt liigub<\/span><span dir=\"ltr\" role=\"presentation\" style=\"left: 372.683px;top: 523.311px;font-family: sans-serif\">.<\/span><\/span><\/span><\/li>\n<li><span style=\"font-size:14px\"><span class=\"markedContent\" id=\"page39R_mcid12\"><span dir=\"ltr\" role=\"presentation\" style=\"left: 149.04px;top: 547.711px;font-family: sans-serif\">Kan<\/span><span dir=\"ltr\" role=\"presentation\" style=\"left: 184.833px;top: 547.711px;font-family: sans-serif\">da<\/span><span dir=\"ltr\" role=\"presentation\" style=\"left: 206.953px;top: 547.711px;font-family: sans-serif\"> <\/span><span dir=\"ltr\" role=\"presentation\" style=\"left: 212.633px;top: 547.711px;font-family: sans-serif\">vahe<\/span><span dir=\"ltr\" role=\"presentation\" style=\"left: 255.833px;top: 547.711px;font-family: sans-serif\">nd puhtale ja kuivale pinnale.<\/span><\/span><\/span><\/li>\n<li><span style=\"font-size:14px\"><span class=\"markedContent\" id=\"page39R_mcid13\"><span dir=\"ltr\" role=\"presentation\" style=\"left: 149.04px;top: 572.111px;font-family: sans-serif\">Hoida pudel<\/span><span dir=\"ltr\" role=\"presentation\" style=\"left: 258.833px;top: 572.111px;font-family: sans-serif\">it<\/span><span dir=\"ltr\" role=\"presentation\" style=\"left: 268.793px;top: 572.111px;font-family: sans-serif\"> <\/span><span dir=\"ltr\" role=\"presentation\" style=\"left: 277.233px;top: 572.111px;font-family: sans-serif\">p\u00fcstises asendis<\/span><span dir=\"ltr\" role=\"presentation\" style=\"left: 427.933px;top: 572.111px;font-family: sans-serif\"> <\/span><span dir=\"ltr\" role=\"presentation\" style=\"left: 436.483px;top: 572.111px;font-family: sans-serif\">ning piserdada<\/span><span dir=\"ltr\" role=\"presentation\" style=\"left: 570.263px;top: 572.111px;font-family: sans-serif\"> <\/span><span dir=\"ltr\" role=\"presentation\" style=\"left: 578.917px;top: 572.111px;font-family: sans-serif\">20<\/span><span dir=\"ltr\" role=\"presentation\" style=\"left: 601.237px;top: 572.111px;font-family: sans-serif\"> <\/span><span dir=\"ltr\" role=\"presentation\" style=\"left: 609.517px;top: 572.111px;font-family: sans-serif\">\u2013<\/span><span dir=\"ltr\" role=\"presentation\" style=\"left: 620.637px;top: 572.111px;font-family: sans-serif\"> <\/span><span dir=\"ltr\" role=\"presentation\" style=\"left: 629.117px;top: 572.111px;font-family: sans-serif\">25 cm<\/span><span dir=\"ltr\" role=\"presentation\" style=\"left: 686.317px;top: 572.111px;font-family: sans-serif\"> <\/span><span dir=\"ltr\" role=\"presentation\" style=\"left: 694.917px;top: 572.111px;font-family: sans-serif\">kaugusel<\/span><span dir=\"ltr\" role=\"presentation\" style=\"left: 774.967px;top: 572.111px;font-family: sans-serif\">t<\/span><span dir=\"ltr\" role=\"presentation\" style=\"left: 780.527px;top: 572.111px;font-family: sans-serif\"> <\/span><span dir=\"ltr\" role=\"presentation\" style=\"left: 788.967px;top: 572.111px;font-family: sans-serif\">t\u00f6\u00f6deldavale<\/span> <span dir=\"ltr\" role=\"presentation\" style=\"left: 150.04px;top: 595.111px;font-family: sans-serif\">pinna<\/span><span dir=\"ltr\" role=\"presentation\" style=\"left: 199.233px;top: 595.111px;font-family: sans-serif\">le<\/span><span dir=\"ltr\" role=\"presentation\" style=\"left: 214.753px;top: 595.111px;font-family: sans-serif\"> <\/span><span dir=\"ltr\" role=\"presentation\" style=\"left: 220.233px;top: 595.111px;font-family: sans-serif\">kerge \u00fchtlane kiht.<\/span><\/span><\/span><\/li>\n<li><span style=\"font-size:14px\"><span class=\"markedContent\" id=\"page39R_mcid14\"><span dir=\"ltr\" role=\"presentation\" style=\"left: 149.04px;top: 619.511px;font-family: sans-serif\">Lasta m\u00f5juda 3 kuni 5 minutit.<\/span><\/span><\/span><\/li>\n<li><span style=\"font-size:14px\"><span class=\"markedContent\" id=\"page39R_mcid15\"><span dir=\"ltr\" role=\"presentation\" style=\"left: 149.04px;top: 643.711px;font-family: sans-serif\">Vajadusel korrata protseduuri.<\/span><\/span><\/span><\/li>\n<li><span style=\"font-size:14px\"><span class=\"markedContent\" id=\"page39R_mcid16\"><span dir=\"ltr\" role=\"presentation\" style=\"left: 149.04px;top: 668.111px;font-family: sans-serif\">P\u00e4rast<\/span><span dir=\"ltr\" role=\"presentation\" style=\"left: 206.94px;top: 668.111px;font-family: sans-serif\"> <\/span><span dir=\"ltr\" role=\"presentation\" style=\"left: 219.033px;top: 668.111px;font-family: sans-serif\">pinna<\/span><span dir=\"ltr\" role=\"presentation\" style=\"left: 267.913px;top: 668.111px;font-family: sans-serif\"> <\/span><span dir=\"ltr\" role=\"presentation\" style=\"left: 280.033px;top: 668.111px;font-family: sans-serif\">korralikku<\/span><span dir=\"ltr\" role=\"presentation\" style=\"left: 365.313px;top: 668.111px;font-family: sans-serif\"> <\/span><span dir=\"ltr\" role=\"presentation\" style=\"left: 377.483px;top: 668.111px;font-family: sans-serif\">kuivamist<\/span><span dir=\"ltr\" role=\"presentation\" style=\"left: 461.043px;top: 668.111px;font-family: sans-serif\"> <\/span><span dir=\"ltr\" role=\"presentation\" style=\"left: 473.083px;top: 668.111px;font-family: sans-serif\">v\u00f5ib<\/span><span dir=\"ltr\" role=\"presentation\" style=\"left: 509.623px;top: 668.111px;font-family: sans-serif\"> <\/span><span dir=\"ltr\" role=\"presentation\" style=\"left: 521.683px;top: 668.111px;font-family: sans-serif\">seda<\/span><span dir=\"ltr\" role=\"presentation\" style=\"left: 564.983px;top: 668.111px;font-family: sans-serif\"> <\/span><span dir=\"ltr\" role=\"presentation\" style=\"left: 577.117px;top: 668.111px;font-family: sans-serif\">v\u00e4rvida, \u00fchendada<\/span><span dir=\"ltr\" role=\"presentation\" style=\"left: 747.877px;top: 668.111px;font-family: sans-serif\"> <\/span><span dir=\"ltr\" role=\"presentation\" style=\"left: 759.917px;top: 668.111px;font-family: sans-serif\">v\u00f5i muudmoodi<\/span> <span dir=\"ltr\" role=\"presentation\" style=\"left: 150.04px;top: 691.111px;font-family: sans-serif\">t\u00f6\u00f6delda.<\/span><\/span><\/span><\/li>\n<li><span style=\"font-size:14px\"><span dir=\"ltr\">On vastupidav temperatuuril -40\u00b0C kuni +200\u00b0C<\/span><\/span><\/li>\n<\/ul>\n<p><strong><span style=\"color:#FF0000\"><span style=\"font-size:14px\"><span class=\"markedContent\"><span dir=\"ltr\" role=\"presentation\" style=\"left: 149.04px;top: 715.511px;font-family: sans-serif\">NB! <\/span><\/span><\/span><\/span><\/strong><\/p>\n<ul>\n<li><span style=\"font-size:14px\"><span class=\"markedContent\"><span dir=\"ltr\" role=\"presentation\" style=\"left: 149.04px;top: 715.511px;font-family: sans-serif\">Pritsmed on v\u00e4ga tuleohtlikud.<\/span><span dir=\"ltr\" role=\"presentation\" style=\"left: 502px;top: 715.511px;font-family: sans-serif\"> <\/span><\/span><\/span><\/li>\n<li><span style=\"font-size:14px\"><span class=\"markedContent\" id=\"page39R_mcid17\"><span dir=\"ltr\" role=\"presentation\" style=\"left: 512.883px;top: 715.511px;font-family: sans-serif\">Mitte kasutada, kui l\u00e4hedal on v\u00f5imalikke<\/span> <span dir=\"ltr\" role=\"presentation\" style=\"left: 150.04px;top: 738.511px;font-family: sans-serif\">s\u00fcttimisohuga vedelikke v\u00f5i aur<\/span><span dir=\"ltr\" role=\"presentation\" style=\"left: 432.283px;top: 738.511px;font-family: sans-serif\">usid (nt. aktiivsed elektrijaotused, pistikud, k\u00e4ivitatud<\/span> <span dir=\"ltr\" role=\"presentation\" style=\"left: 150.04px;top: 761.511px;font-family: sans-serif\">mootorid v\u00f5i leegid)<\/span><\/span><\/span><\/li>\n<\/ul>\n<p><img decoding=\"async\" src=\"https:\/\/cdn.erply.com\/assets\/386945\/file\/hDvMfH2w1EgjEDhy6n0KaZd3ZtPG1aUD78gdm5WhUPbuuX3v9i.jpg\" \/><\/p>\n","protected":false},"excerpt":{"rendered":"<p>Mitmek\u00fclgne m\u00e4\u00e4rdeaine kuna sisaldab DuPont\u2019i Teflonit, millel on k\u00f5ikidest tahketest materjalidest k\u00f5ige v\u00e4iksem h\u00f5\u00f5rdumise koefitsient.<br \/>\nTeflon on DuPont\u2019i registreeritud kaubam\u00e4rk ja seda kasutatakse Zep Inc. poolt litsentsi alusel.<br \/>\nM\u00e4\u00e4rdekiht on kuiv ja ei v\u00f5ta k\u00fclge tolmu ega mustust.<br \/>\nPealekantud kiht on l\u00f5hnatu ja ei reageeri hapete, aluste,<br \/>\n\u00f5lide, puhastusvahendite ega veega.<br \/>\nOn efektiivne m\u00e4\u00e4rdeaine puidule, metallile, plastmassile, klaasile ja paljudele teistele pindadele.<br \/>\nImbub t\u00f6\u00f6deldud pinna sisse ja t\u00f5stab efektiivsust iga kasutuskorra j\u00e4rel.<br \/>\n\u00d5litab lukkusid, hingesid, sahtleid, uksi, tr\u00fckimasinaid, vedrusid, snepperlukke, kette ja teisi liikuvaid osasid.<br \/>\nSobib ideaalselt mehaaniliste, elektriliste ja elektrooniliste seadmete detailide kuivaks m\u00e4\u00e4rimiseks.<br \/>\nElimineerib materjali venimist riide, kummi v\u00f5i naha l\u00f5ikamisel v\u00f5i \u00f5mblemisel.<br \/>\nIdeaalne hallituse eemaldamiseks kummilt ja plastikult.<br \/>\nRegistreeritud NSF H2<\/p>\n","protected":false},"featured_media":3942,"comment_status":"closed","ping_status":"closed","template":"","meta":[],"product_brand":[],"product_cat":[224],"product_tag":[],"class_list":{"0":"post-2912","1":"product","2":"type-product","3":"status-publish","4":"has-post-thumbnail","6":"product_cat-maarded","8":"first","9":"instock","10":"taxable","11":"shipping-taxable","12":"purchasable","13":"product-type-simple"},"yoast_head":"<!-- This site is optimized with the Yoast SEO plugin v26.5 - https:\/\/yoast.com\/wordpress\/plugins\/seo\/ -->\n<title>Zeplon - Kuivm\u00e4\u00e4re, mitmek\u00fclgne m\u00e4\u00e4rdeaine I ZEP Eesti<\/title>\n<meta name=\"description\" content=\"M\u00e4\u00e4rdeaine sisaldab DuPont\u2019i Teflonit, mis on k\u00f5ikidest tahketest materjalidest k\u00f5ige v\u00e4iksem h\u00f5\u00f5rdumise koefitsent. M\u00e4\u00e4rdekiht ei v\u00f5ta k\u00fclge tolmu ega mustust.\" \/>\n<meta name=\"robots\" content=\"index, follow, max-snippet:-1, max-image-preview:large, max-video-preview:-1\" \/>\n<link rel=\"canonical\" href=\"https:\/\/zepestonia.com\/en\/toode\/zeplon\/\" \/>\n<meta property=\"og:locale\" content=\"en_US\" \/>\n<meta property=\"og:type\" content=\"article\" \/>\n<meta property=\"og:title\" content=\"Zeplon - Kuivm\u00e4\u00e4re, mitmek\u00fclgne m\u00e4\u00e4rdeaine I ZEP Eesti\" \/>\n<meta property=\"og:description\" content=\"M\u00e4\u00e4rdeaine sisaldab DuPont\u2019i Teflonit, mis on k\u00f5ikidest tahketest materjalidest k\u00f5ige v\u00e4iksem h\u00f5\u00f5rdumise koefitsent. M\u00e4\u00e4rdekiht ei v\u00f5ta k\u00fclge tolmu ega mustust.\" \/>\n<meta property=\"og:url\" content=\"https:\/\/zepestonia.com\/en\/toode\/zeplon\/\" \/>\n<meta property=\"og:site_name\" content=\"ZEP Eesti I Puhastusvahendid I E-pood\" \/>\n<meta property=\"article:publisher\" content=\"https:\/\/www.facebook.com\/ZepEesti\" \/>\n<meta property=\"article:modified_time\" content=\"2026-03-05T09:24:49+00:00\" \/>\n<meta property=\"og:image\" content=\"https:\/\/zepestonia.com\/wp-content\/uploads\/2021\/12\/188-60ea3628d227c7-59269106-ZEPLON.png\" \/>\n\t<meta property=\"og:image:width\" content=\"400\" \/>\n\t<meta property=\"og:image:height\" content=\"600\" \/>\n\t<meta property=\"og:image:type\" content=\"image\/png\" \/>\n<meta name=\"twitter:card\" content=\"summary_large_image\" \/>\n<script type=\"application\/ld+json\" class=\"yoast-schema-graph\">{\"@context\":\"https:\/\/schema.org\",\"@graph\":[{\"@type\":\"WebPage\",\"@id\":\"https:\/\/zepestonia.com\/en\/toode\/zeplon\/\",\"url\":\"https:\/\/zepestonia.com\/en\/toode\/zeplon\/\",\"name\":\"Zeplon - Kuivm\u00e4\u00e4re, mitmek\u00fclgne m\u00e4\u00e4rdeaine I ZEP Eesti\",\"isPartOf\":{\"@id\":\"https:\/\/zepestonia.com\/en\/#website\"},\"primaryImageOfPage\":{\"@id\":\"https:\/\/zepestonia.com\/en\/toode\/zeplon\/#primaryimage\"},\"image\":{\"@id\":\"https:\/\/zepestonia.com\/en\/toode\/zeplon\/#primaryimage\"},\"thumbnailUrl\":\"https:\/\/zepestonia.com\/wp-content\/uploads\/2021\/12\/188-60ea3628d227c7-59269106-ZEPLON.png\",\"datePublished\":\"2021-11-29T19:00:41+00:00\",\"dateModified\":\"2026-03-05T09:24:49+00:00\",\"description\":\"M\u00e4\u00e4rdeaine sisaldab DuPont\u2019i Teflonit, mis on k\u00f5ikidest tahketest materjalidest k\u00f5ige v\u00e4iksem h\u00f5\u00f5rdumise koefitsent. M\u00e4\u00e4rdekiht ei v\u00f5ta k\u00fclge tolmu ega mustust.\",\"breadcrumb\":{\"@id\":\"https:\/\/zepestonia.com\/en\/toode\/zeplon\/#breadcrumb\"},\"inLanguage\":\"en-US\",\"potentialAction\":[{\"@type\":\"ReadAction\",\"target\":[\"https:\/\/zepestonia.com\/en\/toode\/zeplon\/\"]}]},{\"@type\":\"ImageObject\",\"inLanguage\":\"en-US\",\"@id\":\"https:\/\/zepestonia.com\/en\/toode\/zeplon\/#primaryimage\",\"url\":\"https:\/\/zepestonia.com\/wp-content\/uploads\/2021\/12\/188-60ea3628d227c7-59269106-ZEPLON.png\",\"contentUrl\":\"https:\/\/zepestonia.com\/wp-content\/uploads\/2021\/12\/188-60ea3628d227c7-59269106-ZEPLON.png\",\"width\":400,\"height\":600,\"caption\":\"188-60ea3628d227c7-59269106-ZEPLON\"},{\"@type\":\"BreadcrumbList\",\"@id\":\"https:\/\/zepestonia.com\/en\/toode\/zeplon\/#breadcrumb\",\"itemListElement\":[{\"@type\":\"ListItem\",\"position\":1,\"name\":\"Home\",\"item\":\"https:\/\/zepestonia.com\/en\/\"},{\"@type\":\"ListItem\",\"position\":2,\"name\":\"Shop\",\"item\":\"https:\/\/zepestonia.com\/en\/?page_id=4643\"},{\"@type\":\"ListItem\",\"position\":3,\"name\":\"Zeplon &#8211; Kuivm\u00e4\u00e4re\"}]},{\"@type\":\"WebSite\",\"@id\":\"https:\/\/zepestonia.com\/en\/#website\",\"url\":\"https:\/\/zepestonia.com\/en\/\",\"name\":\"ZEP Eesti I Puhastusvahendid I E-pood\",\"description\":\"Pakume puhastus- ja hooldusprobleemidele efektiivseid keskkonnas\u00f5bralikke lahendusi!\",\"publisher\":{\"@id\":\"https:\/\/zepestonia.com\/en\/#organization\"},\"potentialAction\":[{\"@type\":\"SearchAction\",\"target\":{\"@type\":\"EntryPoint\",\"urlTemplate\":\"https:\/\/zepestonia.com\/en\/?s={search_term_string}\"},\"query-input\":{\"@type\":\"PropertyValueSpecification\",\"valueRequired\":true,\"valueName\":\"search_term_string\"}}],\"inLanguage\":\"en-US\"},{\"@type\":\"Organization\",\"@id\":\"https:\/\/zepestonia.com\/en\/#organization\",\"name\":\"Zep Estonia\",\"url\":\"https:\/\/zepestonia.com\/en\/\",\"logo\":{\"@type\":\"ImageObject\",\"inLanguage\":\"en-US\",\"@id\":\"https:\/\/zepestonia.com\/en\/#\/schema\/logo\/image\/\",\"url\":\"https:\/\/zepestonia.com\/wp-content\/uploads\/2022\/03\/Zep-Logo_png.jpeg\",\"contentUrl\":\"https:\/\/zepestonia.com\/wp-content\/uploads\/2022\/03\/Zep-Logo_png.jpeg\",\"width\":109,\"height\":70,\"caption\":\"Zep Estonia\"},\"image\":{\"@id\":\"https:\/\/zepestonia.com\/en\/#\/schema\/logo\/image\/\"},\"sameAs\":[\"https:\/\/www.facebook.com\/ZepEesti\"]}]}<\/script>\n<!-- \/ Yoast SEO plugin. -->","yoast_head_json":{"title":"Zeplon - Kuivm\u00e4\u00e4re, mitmek\u00fclgne m\u00e4\u00e4rdeaine I ZEP Eesti","description":"M\u00e4\u00e4rdeaine sisaldab DuPont\u2019i Teflonit, mis on k\u00f5ikidest tahketest materjalidest k\u00f5ige v\u00e4iksem h\u00f5\u00f5rdumise koefitsent. M\u00e4\u00e4rdekiht ei v\u00f5ta k\u00fclge tolmu ega mustust.","robots":{"index":"index","follow":"follow","max-snippet":"max-snippet:-1","max-image-preview":"max-image-preview:large","max-video-preview":"max-video-preview:-1"},"canonical":"https:\/\/zepestonia.com\/en\/toode\/zeplon\/","og_locale":"en_US","og_type":"article","og_title":"Zeplon - Kuivm\u00e4\u00e4re, mitmek\u00fclgne m\u00e4\u00e4rdeaine I ZEP Eesti","og_description":"M\u00e4\u00e4rdeaine sisaldab DuPont\u2019i Teflonit, mis on k\u00f5ikidest tahketest materjalidest k\u00f5ige v\u00e4iksem h\u00f5\u00f5rdumise koefitsent. M\u00e4\u00e4rdekiht ei v\u00f5ta k\u00fclge tolmu ega mustust.","og_url":"https:\/\/zepestonia.com\/en\/toode\/zeplon\/","og_site_name":"ZEP Eesti I Puhastusvahendid I E-pood","article_publisher":"https:\/\/www.facebook.com\/ZepEesti","article_modified_time":"2026-03-05T09:24:49+00:00","og_image":[{"width":400,"height":600,"url":"https:\/\/zepestonia.com\/wp-content\/uploads\/2021\/12\/188-60ea3628d227c7-59269106-ZEPLON.png","type":"image\/png"}],"twitter_card":"summary_large_image","schema":{"@context":"https:\/\/schema.org","@graph":[{"@type":"WebPage","@id":"https:\/\/zepestonia.com\/en\/toode\/zeplon\/","url":"https:\/\/zepestonia.com\/en\/toode\/zeplon\/","name":"Zeplon - Kuivm\u00e4\u00e4re, mitmek\u00fclgne m\u00e4\u00e4rdeaine I ZEP Eesti","isPartOf":{"@id":"https:\/\/zepestonia.com\/en\/#website"},"primaryImageOfPage":{"@id":"https:\/\/zepestonia.com\/en\/toode\/zeplon\/#primaryimage"},"image":{"@id":"https:\/\/zepestonia.com\/en\/toode\/zeplon\/#primaryimage"},"thumbnailUrl":"https:\/\/zepestonia.com\/wp-content\/uploads\/2021\/12\/188-60ea3628d227c7-59269106-ZEPLON.png","datePublished":"2021-11-29T19:00:41+00:00","dateModified":"2026-03-05T09:24:49+00:00","description":"M\u00e4\u00e4rdeaine sisaldab DuPont\u2019i Teflonit, mis on k\u00f5ikidest tahketest materjalidest k\u00f5ige v\u00e4iksem h\u00f5\u00f5rdumise koefitsent. M\u00e4\u00e4rdekiht ei v\u00f5ta k\u00fclge tolmu ega mustust.","breadcrumb":{"@id":"https:\/\/zepestonia.com\/en\/toode\/zeplon\/#breadcrumb"},"inLanguage":"en-US","potentialAction":[{"@type":"ReadAction","target":["https:\/\/zepestonia.com\/en\/toode\/zeplon\/"]}]},{"@type":"ImageObject","inLanguage":"en-US","@id":"https:\/\/zepestonia.com\/en\/toode\/zeplon\/#primaryimage","url":"https:\/\/zepestonia.com\/wp-content\/uploads\/2021\/12\/188-60ea3628d227c7-59269106-ZEPLON.png","contentUrl":"https:\/\/zepestonia.com\/wp-content\/uploads\/2021\/12\/188-60ea3628d227c7-59269106-ZEPLON.png","width":400,"height":600,"caption":"188-60ea3628d227c7-59269106-ZEPLON"},{"@type":"BreadcrumbList","@id":"https:\/\/zepestonia.com\/en\/toode\/zeplon\/#breadcrumb","itemListElement":[{"@type":"ListItem","position":1,"name":"Home","item":"https:\/\/zepestonia.com\/en\/"},{"@type":"ListItem","position":2,"name":"Shop","item":"https:\/\/zepestonia.com\/en\/?page_id=4643"},{"@type":"ListItem","position":3,"name":"Zeplon &#8211; Kuivm\u00e4\u00e4re"}]},{"@type":"WebSite","@id":"https:\/\/zepestonia.com\/en\/#website","url":"https:\/\/zepestonia.com\/en\/","name":"ZEP Eesti I Puhastusvahendid I E-pood","description":"Pakume puhastus- ja hooldusprobleemidele efektiivseid keskkonnas\u00f5bralikke lahendusi!","publisher":{"@id":"https:\/\/zepestonia.com\/en\/#organization"},"potentialAction":[{"@type":"SearchAction","target":{"@type":"EntryPoint","urlTemplate":"https:\/\/zepestonia.com\/en\/?s={search_term_string}"},"query-input":{"@type":"PropertyValueSpecification","valueRequired":true,"valueName":"search_term_string"}}],"inLanguage":"en-US"},{"@type":"Organization","@id":"https:\/\/zepestonia.com\/en\/#organization","name":"Zep Estonia","url":"https:\/\/zepestonia.com\/en\/","logo":{"@type":"ImageObject","inLanguage":"en-US","@id":"https:\/\/zepestonia.com\/en\/#\/schema\/logo\/image\/","url":"https:\/\/zepestonia.com\/wp-content\/uploads\/2022\/03\/Zep-Logo_png.jpeg","contentUrl":"https:\/\/zepestonia.com\/wp-content\/uploads\/2022\/03\/Zep-Logo_png.jpeg","width":109,"height":70,"caption":"Zep Estonia"},"image":{"@id":"https:\/\/zepestonia.com\/en\/#\/schema\/logo\/image\/"},"sameAs":["https:\/\/www.facebook.com\/ZepEesti"]}]}},"_links":{"self":[{"href":"https:\/\/zepestonia.com\/en\/wp-json\/wp\/v2\/product\/2912","targetHints":{"allow":["GET"]}}],"collection":[{"href":"https:\/\/zepestonia.com\/en\/wp-json\/wp\/v2\/product"}],"about":[{"href":"https:\/\/zepestonia.com\/en\/wp-json\/wp\/v2\/types\/product"}],"replies":[{"embeddable":true,"href":"https:\/\/zepestonia.com\/en\/wp-json\/wp\/v2\/comments?post=2912"}],"version-history":[{"count":4,"href":"https:\/\/zepestonia.com\/en\/wp-json\/wp\/v2\/product\/2912\/revisions"}],"predecessor-version":[{"id":14227,"href":"https:\/\/zepestonia.com\/en\/wp-json\/wp\/v2\/product\/2912\/revisions\/14227"}],"wp:featuredmedia":[{"embeddable":true,"href":"https:\/\/zepestonia.com\/en\/wp-json\/wp\/v2\/media\/3942"}],"wp:attachment":[{"href":"https:\/\/zepestonia.com\/en\/wp-json\/wp\/v2\/media?parent=2912"}],"wp:term":[{"taxonomy":"product_brand","embeddable":true,"href":"https:\/\/zepestonia.com\/en\/wp-json\/wp\/v2\/product_brand?post=2912"},{"taxonomy":"product_cat","embeddable":true,"href":"https:\/\/zepestonia.com\/en\/wp-json\/wp\/v2\/product_cat?post=2912"},{"taxonomy":"product_tag","embeddable":true,"href":"https:\/\/zepestonia.com\/en\/wp-json\/wp\/v2\/product_tag?post=2912"}],"curies":[{"name":"wp","href":"https:\/\/api.w.org\/{rel}","templated":true}]}}