{"id":2905,"date":"2021-11-29T19:00:41","date_gmt":"2021-11-29T19:00:41","guid":{"rendered":"https:\/\/zep.valgekana.ee\/toode\/morado-20kg\/"},"modified":"2026-04-02T08:15:34","modified_gmt":"2026-04-02T08:15:34","slug":"morado-20kg","status":"publish","type":"product","link":"https:\/\/zepestonia.com\/en\/toode\/morado-20kg\/","title":{"rendered":"Morado 20kg  &#8211; Tulekahju j\u00e4rgseks koristuseks"},"content":{"rendered":"<p><span style=\"font-size:16px\"><strong><span class=\"markedContent\" id=\"page3R_mcid62\"><span dir=\"ltr\" role=\"presentation\" style=\"left: 90px;top: 1119.99px;font-family: sans-serif\">\u00dcldpesu:<\/span><\/span><\/strong><\/span><\/p>\n<ul>\n<li><span style=\"font-size:14px\"><span class=\"markedContent\" id=\"page3R_mcid63\"><span dir=\"ltr\" role=\"presentation\" style=\"left: 150.04px;top: 1144.19px;font-family: sans-serif\">Lahjendada k\u00fclma v\u00f5i kuuma veega<\/span><span dir=\"ltr\" role=\"presentation\" style=\"left: 470.08px;top: 1144.19px;font-family: sans-serif\"> <\/span><span dir=\"ltr\" role=\"presentation\" style=\"left: 476.083px;top: 1144.19px;font-family: sans-serif\">1:5<\/span><span dir=\"ltr\" role=\"presentation\" style=\"left: 503.783px;top: 1144.19px;font-family: sans-serif\"> <\/span><span dir=\"ltr\" role=\"presentation\" style=\"left: 509.483px;top: 1144.19px;font-family: sans-serif\">&#8211;<\/span><span dir=\"ltr\" role=\"presentation\" style=\"left: 516.083px;top: 1144.19px;font-family: sans-serif\">100<\/span><span dir=\"ltr\" role=\"presentation\" style=\"left: 549.517px;top: 1144.19px;font-family: sans-serif\">.<\/span><\/span><\/span><\/li>\n<li><span style=\"font-size:14px\"><span class=\"markedContent\" id=\"page3R_mcid64\"><span dir=\"ltr\" role=\"presentation\" style=\"left: 150.04px;top: 1168.59px;font-family: sans-serif\">Kanda pinnale pihusti v\u00f5i mopiga.<\/span><\/span><\/span><\/li>\n<li><span style=\"font-size:14px\"><span class=\"markedContent\" id=\"page3R_mcid65\"><span dir=\"ltr\" role=\"presentation\" style=\"left: 150.04px;top: 1192.99px;font-family: sans-serif\">Lasta m\u00f5juda 3<\/span><span dir=\"ltr\" role=\"presentation\" style=\"left: 286.84px;top: 1192.99px;font-family: sans-serif\"> <\/span><span dir=\"ltr\" role=\"presentation\" style=\"left: 292.633px;top: 1192.99px;font-family: sans-serif\">&#8211;<\/span><span dir=\"ltr\" role=\"presentation\" style=\"left: 299.293px;top: 1192.99px;font-family: sans-serif\"> <\/span><span dir=\"ltr\" role=\"presentation\" style=\"left: 304.633px;top: 1192.99px;font-family: sans-serif\">5 minutit ja h\u00f5\u00f5ruda.<\/span><\/span><\/span><\/li>\n<li><span class=\"markedContent\"><span dir=\"ltr\" role=\"presentation\" style=\"left: 150.04px;top: 1217.39px;font-family: sans-serif\"><span style=\"font-size:14px\">Loputada veega.<\/span><\/span><\/span><\/li>\n<\/ul>\n<p><span style=\"font-size:14px\"><strong><span class=\"markedContent\" id=\"page40R_mcid2\"><span dir=\"ltr\" role=\"presentation\" style=\"left: 90px;top: 241.261px;font-family: sans-serif\">Suitsu<\/span><span dir=\"ltr\" role=\"presentation\" style=\"left: 151.24px;top: 241.261px;font-family: sans-serif\">&#8211;<\/span><span dir=\"ltr\" role=\"presentation\" style=\"left: 157.9px;top: 241.261px;font-family: sans-serif\"> <\/span><span dir=\"ltr\" role=\"presentation\" style=\"left: 163.44px;top: 241.261px;font-family: sans-serif\">ja tule<\/span><span dir=\"ltr\" role=\"presentation\" style=\"left: 221.233px;top: 241.261px;font-family: sans-serif\">kahjustus:<\/span><\/span><\/strong><\/span><\/p>\n<ul>\n<li><span style=\"font-size:14px\"><span class=\"markedContent\" id=\"page40R_mcid3\"><span dir=\"ltr\" role=\"presentation\" style=\"left: 150.04px;top: 265.661px;font-family: sans-serif\">Lahjendad<\/span><span dir=\"ltr\" role=\"presentation\" style=\"left: 243.46px;top: 265.661px;font-family: sans-serif\"> <\/span><span dir=\"ltr\" role=\"presentation\" style=\"left: 249.233px;top: 265.661px;font-family: sans-serif\">kuuma veega<\/span><span dir=\"ltr\" role=\"presentation\" style=\"left: 369.093px;top: 265.661px;font-family: sans-serif\"> <\/span><span dir=\"ltr\" role=\"presentation\" style=\"left: 374.883px;top: 265.661px;font-family: sans-serif\">1:3.<\/span><\/span><\/span><\/li>\n<li><span style=\"font-size:14px\"><span class=\"markedContent\" id=\"page40R_mcid4\"><span dir=\"ltr\" role=\"presentation\" style=\"left: 150.04px;top: 290.061px;font-family: sans-serif\">Kanda saastunud kohale harja<\/span><span dir=\"ltr\" role=\"presentation\" style=\"left: 420.14px;top: 290.061px;font-family: sans-serif\"> <\/span><span dir=\"ltr\" role=\"presentation\" style=\"left: 426.083px;top: 290.061px;font-family: sans-serif\">v\u00f5i pihustiga.<\/span><\/span><\/span><\/li>\n<li><span style=\"font-size:14px\"><span class=\"markedContent\" id=\"page40R_mcid5\"><span dir=\"ltr\" role=\"presentation\" style=\"left: 150.04px;top: 314.261px;font-family: sans-serif\">Lasta m\u00f5juda ja loputada hoolikalt.<\/span><\/span><\/span><\/li>\n<\/ul>\n<p><span style=\"font-size:14px\"><strong><span class=\"markedContent\" id=\"page40R_mcid7\"><span dir=\"ltr\" role=\"presentation\" style=\"left: 90px;top: 360.261px;font-family: sans-serif\">T\u00f6\u00f6stuslikud p\u00f5randad ja betoon:<\/span><\/span><\/strong><\/span><\/p>\n<ul>\n<li><span style=\"font-size:14px\"><span class=\"markedContent\" id=\"page40R_mcid8\"><span dir=\"ltr\" role=\"presentation\" style=\"left: 150.04px;top: 384.661px;font-family: sans-serif\">Lahjendada<\/span><span dir=\"ltr\" role=\"presentation\" style=\"left: 254.64px;top: 384.661px;font-family: sans-serif\"> <\/span><span dir=\"ltr\" role=\"presentation\" style=\"left: 260.433px;top: 384.661px;font-family: sans-serif\">kuuma veega<\/span><span dir=\"ltr\" role=\"presentation\" style=\"left: 380.253px;top: 384.661px;font-family: sans-serif\"> <\/span><span dir=\"ltr\" role=\"presentation\" style=\"left: 385.883px;top: 384.661px;font-family: sans-serif\">1:2<\/span><span dir=\"ltr\" role=\"presentation\" style=\"left: 413.743px;top: 384.661px;font-family: sans-serif\"> <\/span><span dir=\"ltr\" role=\"presentation\" style=\"left: 419.283px;top: 384.661px;font-family: sans-serif\">&#8211;<\/span><span dir=\"ltr\" role=\"presentation\" style=\"left: 425.943px;top: 384.661px;font-family: sans-serif\"> <\/span><span dir=\"ltr\" role=\"presentation\" style=\"left: 431.483px;top: 384.661px;font-family: sans-serif\">20 ja kanda peale mopi v\u00f5i survepesuriga.<\/span><\/span><\/span><\/li>\n<li><span style=\"font-size:14px\"><span style=\"font-size:14px\"><span class=\"markedContent\" id=\"page40R_mcid9\"><span dir=\"ltr\" role=\"presentation\" style=\"left: 155.64px;top: 409.061px;font-family: sans-serif\">H\u00f5\u00f5ruda p\u00f5randapesumasinaga.<\/span><\/span><\/span><\/span><\/li>\n<li>L<span style=\"font-size:14px\"><span class=\"markedContent\" id=\"page40R_mcid10\"><span dir=\"ltr\" role=\"presentation\" style=\"left: 150.04px;top: 433.511px;font-family: sans-serif\">asta seista 5<\/span><span dir=\"ltr\" role=\"presentation\" style=\"left: 273.46px;top: 433.511px;font-family: sans-serif\"> <\/span><span dir=\"ltr\" role=\"presentation\" style=\"left: 279.233px;top: 433.511px;font-family: sans-serif\">&#8211;<\/span><span dir=\"ltr\" role=\"presentation\" style=\"left: 285.833px;top: 433.511px;font-family: sans-serif\">10 minutit, aga mitte lasta kuivada.<\/span><\/span><\/span><\/li>\n<li><span style=\"font-size:14px\"><span class=\"markedContent\" id=\"page40R_mcid11\"><span dir=\"ltr\" role=\"presentation\" style=\"left: 150.04px;top: 457.711px;font-family: sans-serif\">Korjata veeim<\/span><span dir=\"ltr\" role=\"presentation\" style=\"left: 272.433px;top: 457.711px;font-family: sans-serif\">uriga mustu<\/span><span dir=\"ltr\" role=\"presentation\" style=\"left: 377.083px;top: 457.711px;font-family: sans-serif\">s kokku ja korralikult loputada<\/span><span dir=\"ltr\" role=\"presentation\" style=\"left: 639.517px;top: 457.711px;font-family: sans-serif\">.<\/span><\/span><\/span><\/li>\n<\/ul>\n<p>pH 13,0-14-0<\/p>\n","protected":false},"excerpt":{"rendered":"<p>Vahend on toodetud eesk\u00e4tt eriti tugevatoimeliseks puhastuseks t\u00f6\u00f6stuses.<br \/>\nEemaldab efektiivsemalt ka k\u00f5ige raskema mustuse (s\u00fcsinik, n\u00f5gi, tint).<br \/>\nBiolagunev, v\u00e4hese vahutavusega, puhastab betoonp\u00f5randad ja teised betoonpinnad, rasvased mootorid jne.<br \/>\nAinet v\u00f5ib peale kanda mopi, harja, pritsiga v\u00f5i kasutada automaatsetes h\u00f5\u00f5rumismasinates.<br \/>\nMitte kasutada sega-t\u00fc\u00fcpi p\u00f5randatel.<\/p>\n","protected":false},"featured_media":3914,"comment_status":"closed","ping_status":"closed","template":"","meta":[],"product_brand":[],"product_cat":[196],"product_tag":[],"class_list":{"0":"post-2905","1":"product","2":"type-product","3":"status-publish","4":"has-post-thumbnail","6":"product_cat-suvapuhastus","8":"first","9":"instock","10":"taxable","11":"shipping-taxable","12":"purchasable","13":"product-type-simple"},"yoast_head":"<!-- This site is optimized with the Yoast SEO plugin v26.5 - https:\/\/yoast.com\/wordpress\/plugins\/seo\/ -->\n<title>Morado 20kg - Tulekahju j\u00e4rgseks koristuseks I ZEP Eesti<\/title>\n<meta name=\"description\" content=\"Vahend on toodetud eesk\u00e4tt eriti tugevatoimeliseks puhastuseks t\u00f6\u00f6stuses. Eemaldab efektiivsemalt ka k\u00f5ige raskema mustuse (s\u00fcsinik, n\u00f5gi, tint). Biolagunev.\" \/>\n<meta name=\"robots\" content=\"index, follow, max-snippet:-1, max-image-preview:large, max-video-preview:-1\" \/>\n<link rel=\"canonical\" href=\"https:\/\/zepestonia.com\/en\/toode\/morado-20kg\/\" \/>\n<meta property=\"og:locale\" content=\"en_US\" \/>\n<meta property=\"og:type\" content=\"article\" \/>\n<meta property=\"og:title\" content=\"Morado 20kg - Tulekahju j\u00e4rgseks koristuseks I ZEP Eesti\" \/>\n<meta property=\"og:description\" content=\"Vahend on toodetud eesk\u00e4tt eriti tugevatoimeliseks puhastuseks t\u00f6\u00f6stuses. Eemaldab efektiivsemalt ka k\u00f5ige raskema mustuse (s\u00fcsinik, n\u00f5gi, tint). Biolagunev.\" \/>\n<meta property=\"og:url\" content=\"https:\/\/zepestonia.com\/en\/toode\/morado-20kg\/\" \/>\n<meta property=\"og:site_name\" content=\"ZEP Eesti I Puhastusvahendid I E-pood\" \/>\n<meta property=\"article:publisher\" content=\"https:\/\/www.facebook.com\/ZepEesti\" \/>\n<meta property=\"article:modified_time\" content=\"2026-04-02T08:15:34+00:00\" \/>\n<meta property=\"og:image\" content=\"https:\/\/zepestonia.com\/wp-content\/uploads\/2021\/12\/113-60e111c98eb995-56467095-MORADO.png\" \/>\n\t<meta property=\"og:image:width\" content=\"400\" \/>\n\t<meta property=\"og:image:height\" content=\"600\" \/>\n\t<meta property=\"og:image:type\" content=\"image\/png\" \/>\n<meta name=\"twitter:card\" content=\"summary_large_image\" \/>\n<script type=\"application\/ld+json\" class=\"yoast-schema-graph\">{\"@context\":\"https:\/\/schema.org\",\"@graph\":[{\"@type\":\"WebPage\",\"@id\":\"https:\/\/zepestonia.com\/en\/toode\/morado-20kg\/\",\"url\":\"https:\/\/zepestonia.com\/en\/toode\/morado-20kg\/\",\"name\":\"Morado 20kg - Tulekahju j\u00e4rgseks koristuseks I ZEP Eesti\",\"isPartOf\":{\"@id\":\"https:\/\/zepestonia.com\/en\/#website\"},\"primaryImageOfPage\":{\"@id\":\"https:\/\/zepestonia.com\/en\/toode\/morado-20kg\/#primaryimage\"},\"image\":{\"@id\":\"https:\/\/zepestonia.com\/en\/toode\/morado-20kg\/#primaryimage\"},\"thumbnailUrl\":\"https:\/\/zepestonia.com\/wp-content\/uploads\/2021\/12\/113-60e111c98eb995-56467095-MORADO.png\",\"datePublished\":\"2021-11-29T19:00:41+00:00\",\"dateModified\":\"2026-04-02T08:15:34+00:00\",\"description\":\"Vahend on toodetud eesk\u00e4tt eriti tugevatoimeliseks puhastuseks t\u00f6\u00f6stuses. Eemaldab efektiivsemalt ka k\u00f5ige raskema mustuse (s\u00fcsinik, n\u00f5gi, tint). Biolagunev.\",\"breadcrumb\":{\"@id\":\"https:\/\/zepestonia.com\/en\/toode\/morado-20kg\/#breadcrumb\"},\"inLanguage\":\"en-US\",\"potentialAction\":[{\"@type\":\"ReadAction\",\"target\":[\"https:\/\/zepestonia.com\/en\/toode\/morado-20kg\/\"]}]},{\"@type\":\"ImageObject\",\"inLanguage\":\"en-US\",\"@id\":\"https:\/\/zepestonia.com\/en\/toode\/morado-20kg\/#primaryimage\",\"url\":\"https:\/\/zepestonia.com\/wp-content\/uploads\/2021\/12\/113-60e111c98eb995-56467095-MORADO.png\",\"contentUrl\":\"https:\/\/zepestonia.com\/wp-content\/uploads\/2021\/12\/113-60e111c98eb995-56467095-MORADO.png\",\"width\":400,\"height\":600,\"caption\":\"113-60e111c98eb995-56467095-MORADO\"},{\"@type\":\"BreadcrumbList\",\"@id\":\"https:\/\/zepestonia.com\/en\/toode\/morado-20kg\/#breadcrumb\",\"itemListElement\":[{\"@type\":\"ListItem\",\"position\":1,\"name\":\"Home\",\"item\":\"https:\/\/zepestonia.com\/en\/\"},{\"@type\":\"ListItem\",\"position\":2,\"name\":\"Shop\",\"item\":\"https:\/\/zepestonia.com\/en\/?page_id=4643\"},{\"@type\":\"ListItem\",\"position\":3,\"name\":\"Morado 20kg &#8211; Tulekahju j\u00e4rgseks koristuseks\"}]},{\"@type\":\"WebSite\",\"@id\":\"https:\/\/zepestonia.com\/en\/#website\",\"url\":\"https:\/\/zepestonia.com\/en\/\",\"name\":\"ZEP Eesti I Puhastusvahendid I E-pood\",\"description\":\"Pakume puhastus- ja hooldusprobleemidele efektiivseid keskkonnas\u00f5bralikke lahendusi!\",\"publisher\":{\"@id\":\"https:\/\/zepestonia.com\/en\/#organization\"},\"potentialAction\":[{\"@type\":\"SearchAction\",\"target\":{\"@type\":\"EntryPoint\",\"urlTemplate\":\"https:\/\/zepestonia.com\/en\/?s={search_term_string}\"},\"query-input\":{\"@type\":\"PropertyValueSpecification\",\"valueRequired\":true,\"valueName\":\"search_term_string\"}}],\"inLanguage\":\"en-US\"},{\"@type\":\"Organization\",\"@id\":\"https:\/\/zepestonia.com\/en\/#organization\",\"name\":\"Zep Estonia\",\"url\":\"https:\/\/zepestonia.com\/en\/\",\"logo\":{\"@type\":\"ImageObject\",\"inLanguage\":\"en-US\",\"@id\":\"https:\/\/zepestonia.com\/en\/#\/schema\/logo\/image\/\",\"url\":\"https:\/\/zepestonia.com\/wp-content\/uploads\/2022\/03\/Zep-Logo_png.jpeg\",\"contentUrl\":\"https:\/\/zepestonia.com\/wp-content\/uploads\/2022\/03\/Zep-Logo_png.jpeg\",\"width\":109,\"height\":70,\"caption\":\"Zep Estonia\"},\"image\":{\"@id\":\"https:\/\/zepestonia.com\/en\/#\/schema\/logo\/image\/\"},\"sameAs\":[\"https:\/\/www.facebook.com\/ZepEesti\"]}]}<\/script>\n<!-- \/ Yoast SEO plugin. -->","yoast_head_json":{"title":"Morado 20kg - Tulekahju j\u00e4rgseks koristuseks I ZEP Eesti","description":"Vahend on toodetud eesk\u00e4tt eriti tugevatoimeliseks puhastuseks t\u00f6\u00f6stuses. Eemaldab efektiivsemalt ka k\u00f5ige raskema mustuse (s\u00fcsinik, n\u00f5gi, tint). Biolagunev.","robots":{"index":"index","follow":"follow","max-snippet":"max-snippet:-1","max-image-preview":"max-image-preview:large","max-video-preview":"max-video-preview:-1"},"canonical":"https:\/\/zepestonia.com\/en\/toode\/morado-20kg\/","og_locale":"en_US","og_type":"article","og_title":"Morado 20kg - Tulekahju j\u00e4rgseks koristuseks I ZEP Eesti","og_description":"Vahend on toodetud eesk\u00e4tt eriti tugevatoimeliseks puhastuseks t\u00f6\u00f6stuses. Eemaldab efektiivsemalt ka k\u00f5ige raskema mustuse (s\u00fcsinik, n\u00f5gi, tint). Biolagunev.","og_url":"https:\/\/zepestonia.com\/en\/toode\/morado-20kg\/","og_site_name":"ZEP Eesti I Puhastusvahendid I E-pood","article_publisher":"https:\/\/www.facebook.com\/ZepEesti","article_modified_time":"2026-04-02T08:15:34+00:00","og_image":[{"width":400,"height":600,"url":"https:\/\/zepestonia.com\/wp-content\/uploads\/2021\/12\/113-60e111c98eb995-56467095-MORADO.png","type":"image\/png"}],"twitter_card":"summary_large_image","schema":{"@context":"https:\/\/schema.org","@graph":[{"@type":"WebPage","@id":"https:\/\/zepestonia.com\/en\/toode\/morado-20kg\/","url":"https:\/\/zepestonia.com\/en\/toode\/morado-20kg\/","name":"Morado 20kg - Tulekahju j\u00e4rgseks koristuseks I ZEP Eesti","isPartOf":{"@id":"https:\/\/zepestonia.com\/en\/#website"},"primaryImageOfPage":{"@id":"https:\/\/zepestonia.com\/en\/toode\/morado-20kg\/#primaryimage"},"image":{"@id":"https:\/\/zepestonia.com\/en\/toode\/morado-20kg\/#primaryimage"},"thumbnailUrl":"https:\/\/zepestonia.com\/wp-content\/uploads\/2021\/12\/113-60e111c98eb995-56467095-MORADO.png","datePublished":"2021-11-29T19:00:41+00:00","dateModified":"2026-04-02T08:15:34+00:00","description":"Vahend on toodetud eesk\u00e4tt eriti tugevatoimeliseks puhastuseks t\u00f6\u00f6stuses. Eemaldab efektiivsemalt ka k\u00f5ige raskema mustuse (s\u00fcsinik, n\u00f5gi, tint). Biolagunev.","breadcrumb":{"@id":"https:\/\/zepestonia.com\/en\/toode\/morado-20kg\/#breadcrumb"},"inLanguage":"en-US","potentialAction":[{"@type":"ReadAction","target":["https:\/\/zepestonia.com\/en\/toode\/morado-20kg\/"]}]},{"@type":"ImageObject","inLanguage":"en-US","@id":"https:\/\/zepestonia.com\/en\/toode\/morado-20kg\/#primaryimage","url":"https:\/\/zepestonia.com\/wp-content\/uploads\/2021\/12\/113-60e111c98eb995-56467095-MORADO.png","contentUrl":"https:\/\/zepestonia.com\/wp-content\/uploads\/2021\/12\/113-60e111c98eb995-56467095-MORADO.png","width":400,"height":600,"caption":"113-60e111c98eb995-56467095-MORADO"},{"@type":"BreadcrumbList","@id":"https:\/\/zepestonia.com\/en\/toode\/morado-20kg\/#breadcrumb","itemListElement":[{"@type":"ListItem","position":1,"name":"Home","item":"https:\/\/zepestonia.com\/en\/"},{"@type":"ListItem","position":2,"name":"Shop","item":"https:\/\/zepestonia.com\/en\/?page_id=4643"},{"@type":"ListItem","position":3,"name":"Morado 20kg &#8211; Tulekahju j\u00e4rgseks koristuseks"}]},{"@type":"WebSite","@id":"https:\/\/zepestonia.com\/en\/#website","url":"https:\/\/zepestonia.com\/en\/","name":"ZEP Eesti I Puhastusvahendid I E-pood","description":"Pakume puhastus- ja hooldusprobleemidele efektiivseid keskkonnas\u00f5bralikke lahendusi!","publisher":{"@id":"https:\/\/zepestonia.com\/en\/#organization"},"potentialAction":[{"@type":"SearchAction","target":{"@type":"EntryPoint","urlTemplate":"https:\/\/zepestonia.com\/en\/?s={search_term_string}"},"query-input":{"@type":"PropertyValueSpecification","valueRequired":true,"valueName":"search_term_string"}}],"inLanguage":"en-US"},{"@type":"Organization","@id":"https:\/\/zepestonia.com\/en\/#organization","name":"Zep Estonia","url":"https:\/\/zepestonia.com\/en\/","logo":{"@type":"ImageObject","inLanguage":"en-US","@id":"https:\/\/zepestonia.com\/en\/#\/schema\/logo\/image\/","url":"https:\/\/zepestonia.com\/wp-content\/uploads\/2022\/03\/Zep-Logo_png.jpeg","contentUrl":"https:\/\/zepestonia.com\/wp-content\/uploads\/2022\/03\/Zep-Logo_png.jpeg","width":109,"height":70,"caption":"Zep Estonia"},"image":{"@id":"https:\/\/zepestonia.com\/en\/#\/schema\/logo\/image\/"},"sameAs":["https:\/\/www.facebook.com\/ZepEesti"]}]}},"_links":{"self":[{"href":"https:\/\/zepestonia.com\/en\/wp-json\/wp\/v2\/product\/2905","targetHints":{"allow":["GET"]}}],"collection":[{"href":"https:\/\/zepestonia.com\/en\/wp-json\/wp\/v2\/product"}],"about":[{"href":"https:\/\/zepestonia.com\/en\/wp-json\/wp\/v2\/types\/product"}],"replies":[{"embeddable":true,"href":"https:\/\/zepestonia.com\/en\/wp-json\/wp\/v2\/comments?post=2905"}],"version-history":[{"count":2,"href":"https:\/\/zepestonia.com\/en\/wp-json\/wp\/v2\/product\/2905\/revisions"}],"predecessor-version":[{"id":11289,"href":"https:\/\/zepestonia.com\/en\/wp-json\/wp\/v2\/product\/2905\/revisions\/11289"}],"wp:featuredmedia":[{"embeddable":true,"href":"https:\/\/zepestonia.com\/en\/wp-json\/wp\/v2\/media\/3914"}],"wp:attachment":[{"href":"https:\/\/zepestonia.com\/en\/wp-json\/wp\/v2\/media?parent=2905"}],"wp:term":[{"taxonomy":"product_brand","embeddable":true,"href":"https:\/\/zepestonia.com\/en\/wp-json\/wp\/v2\/product_brand?post=2905"},{"taxonomy":"product_cat","embeddable":true,"href":"https:\/\/zepestonia.com\/en\/wp-json\/wp\/v2\/product_cat?post=2905"},{"taxonomy":"product_tag","embeddable":true,"href":"https:\/\/zepestonia.com\/en\/wp-json\/wp\/v2\/product_tag?post=2905"}],"curies":[{"name":"wp","href":"https:\/\/api.w.org\/{rel}","templated":true}]}}