{"id":2903,"date":"2021-11-29T19:00:40","date_gmt":"2021-11-29T19:00:40","guid":{"rendered":"https:\/\/zep.valgekana.ee\/toode\/q7-1-sanitizer-rtu-1l\/"},"modified":"2026-02-18T00:00:08","modified_gmt":"2026-02-18T00:00:08","slug":"q7-1-sanitizer-rtu-1l","status":"publish","type":"product","link":"https:\/\/zepestonia.com\/en\/toode\/q7-1-sanitizer-rtu-1l\/","title":{"rendered":"Q7.1 Sanitizer RTU **  1L- Desinfitseeriv puhastusvahend"},"content":{"rendered":"<ul>\n<li><span style=\"font-family: Arial;font-size: 13px;font-style: normal;font-weight: 400;letter-spacing: normal;text-align: left;text-indent: 0px;text-transform: none;display: inline !important;float: none\">Piserdada pinnale. <\/span><\/li>\n<li><span style=\"font-family: Arial;font-size: 13px;font-style: normal;font-weight: 400;letter-spacing: normal;text-align: left;text-indent: 0px;text-transform: none;display: inline !important;float: none\">P\u00fchkida puhta lapi v\u00f5i paberiga.<\/span><\/li>\n<li><span style=\"font-family: Arial;font-size: 13px;font-style: normal;font-weight: 400;letter-spacing: normal;text-align: left;text-indent: 0px;text-transform: none;display: inline !important;float: none\">Ei vaja loputamist!<\/span><\/li>\n<\/ul>\n","protected":false},"excerpt":{"rendered":"<p>Loputusvaba toode lagundab mustuse kiiresti ning h\u00e4vitab ebameeldivad l\u00f5hnad ja bakterid lihtsalt.<br \/>\nVahend ei sisalda l\u00f5hnaaineid, mis rikuksid toiduaineid. <\/p>\n","protected":false},"featured_media":3886,"comment_status":"closed","ping_status":"closed","template":"","meta":[],"product_brand":[],"product_cat":[211],"product_tag":[],"class_list":{"0":"post-2903","1":"product","2":"type-product","3":"status-publish","4":"has-post-thumbnail","6":"product_cat-desinfitseerimine","8":"first","9":"instock","10":"taxable","11":"shipping-taxable","12":"purchasable","13":"product-type-simple"},"yoast_head":"<!-- This site is optimized with the Yoast SEO plugin v26.5 - https:\/\/yoast.com\/wordpress\/plugins\/seo\/ -->\n<title>Q7.1 Sanitizer RTU ** 1L- Desinfitseeriv puhastusvahend I ZEP Eesti<\/title>\n<meta name=\"description\" content=\"Loputusvaba toode lagundab mustuse kiiresti ning h\u00e4vitab ebameeldivad l\u00f5hnad ja bakterid lihtsalt. Vahend ei sisalda l\u00f5hnaaineid, mis rikuksid toiduaineid.\" \/>\n<meta name=\"robots\" content=\"index, follow, max-snippet:-1, max-image-preview:large, max-video-preview:-1\" \/>\n<link rel=\"canonical\" href=\"https:\/\/zepestonia.com\/en\/toode\/q7-1-sanitizer-rtu-1l\/\" \/>\n<meta property=\"og:locale\" content=\"en_US\" \/>\n<meta property=\"og:type\" content=\"article\" \/>\n<meta property=\"og:title\" content=\"Q7.1 Sanitizer RTU ** 1L- Desinfitseeriv puhastusvahend I ZEP Eesti\" \/>\n<meta property=\"og:description\" content=\"Loputusvaba toode lagundab mustuse kiiresti ning h\u00e4vitab ebameeldivad l\u00f5hnad ja bakterid lihtsalt. Vahend ei sisalda l\u00f5hnaaineid, mis rikuksid toiduaineid.\" \/>\n<meta property=\"og:url\" content=\"https:\/\/zepestonia.com\/en\/toode\/q7-1-sanitizer-rtu-1l\/\" \/>\n<meta property=\"og:site_name\" content=\"ZEP Eesti I Puhastusvahendid I E-pood\" \/>\n<meta property=\"article:publisher\" content=\"https:\/\/www.facebook.com\/ZepEesti\" \/>\n<meta property=\"article:modified_time\" content=\"2026-02-18T00:00:08+00:00\" \/>\n<meta property=\"og:image\" content=\"https:\/\/zepestonia.com\/wp-content\/uploads\/2021\/12\/629-60e7e3a2dc09c1-49519671-Q7-120Sanitizer20Debac20RTU.png\" \/>\n\t<meta property=\"og:image:width\" content=\"400\" \/>\n\t<meta property=\"og:image:height\" content=\"600\" \/>\n\t<meta property=\"og:image:type\" content=\"image\/png\" \/>\n<meta name=\"twitter:card\" content=\"summary_large_image\" \/>\n<script type=\"application\/ld+json\" class=\"yoast-schema-graph\">{\"@context\":\"https:\/\/schema.org\",\"@graph\":[{\"@type\":\"WebPage\",\"@id\":\"https:\/\/zepestonia.com\/en\/toode\/q7-1-sanitizer-rtu-1l\/\",\"url\":\"https:\/\/zepestonia.com\/en\/toode\/q7-1-sanitizer-rtu-1l\/\",\"name\":\"Q7.1 Sanitizer RTU ** 1L- Desinfitseeriv puhastusvahend I ZEP Eesti\",\"isPartOf\":{\"@id\":\"https:\/\/zepestonia.com\/en\/#website\"},\"primaryImageOfPage\":{\"@id\":\"https:\/\/zepestonia.com\/en\/toode\/q7-1-sanitizer-rtu-1l\/#primaryimage\"},\"image\":{\"@id\":\"https:\/\/zepestonia.com\/en\/toode\/q7-1-sanitizer-rtu-1l\/#primaryimage\"},\"thumbnailUrl\":\"https:\/\/zepestonia.com\/wp-content\/uploads\/2021\/12\/629-60e7e3a2dc09c1-49519671-Q7-120Sanitizer20Debac20RTU.png\",\"datePublished\":\"2021-11-29T19:00:40+00:00\",\"dateModified\":\"2026-02-18T00:00:08+00:00\",\"description\":\"Loputusvaba toode lagundab mustuse kiiresti ning h\u00e4vitab ebameeldivad l\u00f5hnad ja bakterid lihtsalt. Vahend ei sisalda l\u00f5hnaaineid, mis rikuksid toiduaineid.\",\"breadcrumb\":{\"@id\":\"https:\/\/zepestonia.com\/en\/toode\/q7-1-sanitizer-rtu-1l\/#breadcrumb\"},\"inLanguage\":\"en-US\",\"potentialAction\":[{\"@type\":\"ReadAction\",\"target\":[\"https:\/\/zepestonia.com\/en\/toode\/q7-1-sanitizer-rtu-1l\/\"]}]},{\"@type\":\"ImageObject\",\"inLanguage\":\"en-US\",\"@id\":\"https:\/\/zepestonia.com\/en\/toode\/q7-1-sanitizer-rtu-1l\/#primaryimage\",\"url\":\"https:\/\/zepestonia.com\/wp-content\/uploads\/2021\/12\/629-60e7e3a2dc09c1-49519671-Q7-120Sanitizer20Debac20RTU.png\",\"contentUrl\":\"https:\/\/zepestonia.com\/wp-content\/uploads\/2021\/12\/629-60e7e3a2dc09c1-49519671-Q7-120Sanitizer20Debac20RTU.png\",\"width\":400,\"height\":600,\"caption\":\"629-60e7e3a2dc09c1-49519671-Q7-120Sanitizer20Debac20RTU\"},{\"@type\":\"BreadcrumbList\",\"@id\":\"https:\/\/zepestonia.com\/en\/toode\/q7-1-sanitizer-rtu-1l\/#breadcrumb\",\"itemListElement\":[{\"@type\":\"ListItem\",\"position\":1,\"name\":\"Home\",\"item\":\"https:\/\/zepestonia.com\/en\/\"},{\"@type\":\"ListItem\",\"position\":2,\"name\":\"Shop\",\"item\":\"https:\/\/zepestonia.com\/en\/?page_id=4643\"},{\"@type\":\"ListItem\",\"position\":3,\"name\":\"Q7.1 Sanitizer RTU ** 1L- Desinfitseeriv puhastusvahend\"}]},{\"@type\":\"WebSite\",\"@id\":\"https:\/\/zepestonia.com\/en\/#website\",\"url\":\"https:\/\/zepestonia.com\/en\/\",\"name\":\"ZEP Eesti I Puhastusvahendid I E-pood\",\"description\":\"Pakume puhastus- ja hooldusprobleemidele efektiivseid keskkonnas\u00f5bralikke lahendusi!\",\"publisher\":{\"@id\":\"https:\/\/zepestonia.com\/en\/#organization\"},\"potentialAction\":[{\"@type\":\"SearchAction\",\"target\":{\"@type\":\"EntryPoint\",\"urlTemplate\":\"https:\/\/zepestonia.com\/en\/?s={search_term_string}\"},\"query-input\":{\"@type\":\"PropertyValueSpecification\",\"valueRequired\":true,\"valueName\":\"search_term_string\"}}],\"inLanguage\":\"en-US\"},{\"@type\":\"Organization\",\"@id\":\"https:\/\/zepestonia.com\/en\/#organization\",\"name\":\"Zep Estonia\",\"url\":\"https:\/\/zepestonia.com\/en\/\",\"logo\":{\"@type\":\"ImageObject\",\"inLanguage\":\"en-US\",\"@id\":\"https:\/\/zepestonia.com\/en\/#\/schema\/logo\/image\/\",\"url\":\"https:\/\/zepestonia.com\/wp-content\/uploads\/2022\/03\/Zep-Logo_png.jpeg\",\"contentUrl\":\"https:\/\/zepestonia.com\/wp-content\/uploads\/2022\/03\/Zep-Logo_png.jpeg\",\"width\":109,\"height\":70,\"caption\":\"Zep Estonia\"},\"image\":{\"@id\":\"https:\/\/zepestonia.com\/en\/#\/schema\/logo\/image\/\"},\"sameAs\":[\"https:\/\/www.facebook.com\/ZepEesti\"]}]}<\/script>\n<!-- \/ Yoast SEO plugin. -->","yoast_head_json":{"title":"Q7.1 Sanitizer RTU ** 1L- Desinfitseeriv puhastusvahend I ZEP Eesti","description":"Loputusvaba toode lagundab mustuse kiiresti ning h\u00e4vitab ebameeldivad l\u00f5hnad ja bakterid lihtsalt. Vahend ei sisalda l\u00f5hnaaineid, mis rikuksid toiduaineid.","robots":{"index":"index","follow":"follow","max-snippet":"max-snippet:-1","max-image-preview":"max-image-preview:large","max-video-preview":"max-video-preview:-1"},"canonical":"https:\/\/zepestonia.com\/en\/toode\/q7-1-sanitizer-rtu-1l\/","og_locale":"en_US","og_type":"article","og_title":"Q7.1 Sanitizer RTU ** 1L- Desinfitseeriv puhastusvahend I ZEP Eesti","og_description":"Loputusvaba toode lagundab mustuse kiiresti ning h\u00e4vitab ebameeldivad l\u00f5hnad ja bakterid lihtsalt. Vahend ei sisalda l\u00f5hnaaineid, mis rikuksid toiduaineid.","og_url":"https:\/\/zepestonia.com\/en\/toode\/q7-1-sanitizer-rtu-1l\/","og_site_name":"ZEP Eesti I Puhastusvahendid I E-pood","article_publisher":"https:\/\/www.facebook.com\/ZepEesti","article_modified_time":"2026-02-18T00:00:08+00:00","og_image":[{"width":400,"height":600,"url":"https:\/\/zepestonia.com\/wp-content\/uploads\/2021\/12\/629-60e7e3a2dc09c1-49519671-Q7-120Sanitizer20Debac20RTU.png","type":"image\/png"}],"twitter_card":"summary_large_image","schema":{"@context":"https:\/\/schema.org","@graph":[{"@type":"WebPage","@id":"https:\/\/zepestonia.com\/en\/toode\/q7-1-sanitizer-rtu-1l\/","url":"https:\/\/zepestonia.com\/en\/toode\/q7-1-sanitizer-rtu-1l\/","name":"Q7.1 Sanitizer RTU ** 1L- Desinfitseeriv puhastusvahend I ZEP Eesti","isPartOf":{"@id":"https:\/\/zepestonia.com\/en\/#website"},"primaryImageOfPage":{"@id":"https:\/\/zepestonia.com\/en\/toode\/q7-1-sanitizer-rtu-1l\/#primaryimage"},"image":{"@id":"https:\/\/zepestonia.com\/en\/toode\/q7-1-sanitizer-rtu-1l\/#primaryimage"},"thumbnailUrl":"https:\/\/zepestonia.com\/wp-content\/uploads\/2021\/12\/629-60e7e3a2dc09c1-49519671-Q7-120Sanitizer20Debac20RTU.png","datePublished":"2021-11-29T19:00:40+00:00","dateModified":"2026-02-18T00:00:08+00:00","description":"Loputusvaba toode lagundab mustuse kiiresti ning h\u00e4vitab ebameeldivad l\u00f5hnad ja bakterid lihtsalt. Vahend ei sisalda l\u00f5hnaaineid, mis rikuksid toiduaineid.","breadcrumb":{"@id":"https:\/\/zepestonia.com\/en\/toode\/q7-1-sanitizer-rtu-1l\/#breadcrumb"},"inLanguage":"en-US","potentialAction":[{"@type":"ReadAction","target":["https:\/\/zepestonia.com\/en\/toode\/q7-1-sanitizer-rtu-1l\/"]}]},{"@type":"ImageObject","inLanguage":"en-US","@id":"https:\/\/zepestonia.com\/en\/toode\/q7-1-sanitizer-rtu-1l\/#primaryimage","url":"https:\/\/zepestonia.com\/wp-content\/uploads\/2021\/12\/629-60e7e3a2dc09c1-49519671-Q7-120Sanitizer20Debac20RTU.png","contentUrl":"https:\/\/zepestonia.com\/wp-content\/uploads\/2021\/12\/629-60e7e3a2dc09c1-49519671-Q7-120Sanitizer20Debac20RTU.png","width":400,"height":600,"caption":"629-60e7e3a2dc09c1-49519671-Q7-120Sanitizer20Debac20RTU"},{"@type":"BreadcrumbList","@id":"https:\/\/zepestonia.com\/en\/toode\/q7-1-sanitizer-rtu-1l\/#breadcrumb","itemListElement":[{"@type":"ListItem","position":1,"name":"Home","item":"https:\/\/zepestonia.com\/en\/"},{"@type":"ListItem","position":2,"name":"Shop","item":"https:\/\/zepestonia.com\/en\/?page_id=4643"},{"@type":"ListItem","position":3,"name":"Q7.1 Sanitizer RTU ** 1L- Desinfitseeriv puhastusvahend"}]},{"@type":"WebSite","@id":"https:\/\/zepestonia.com\/en\/#website","url":"https:\/\/zepestonia.com\/en\/","name":"ZEP Eesti I Puhastusvahendid I E-pood","description":"Pakume puhastus- ja hooldusprobleemidele efektiivseid keskkonnas\u00f5bralikke lahendusi!","publisher":{"@id":"https:\/\/zepestonia.com\/en\/#organization"},"potentialAction":[{"@type":"SearchAction","target":{"@type":"EntryPoint","urlTemplate":"https:\/\/zepestonia.com\/en\/?s={search_term_string}"},"query-input":{"@type":"PropertyValueSpecification","valueRequired":true,"valueName":"search_term_string"}}],"inLanguage":"en-US"},{"@type":"Organization","@id":"https:\/\/zepestonia.com\/en\/#organization","name":"Zep Estonia","url":"https:\/\/zepestonia.com\/en\/","logo":{"@type":"ImageObject","inLanguage":"en-US","@id":"https:\/\/zepestonia.com\/en\/#\/schema\/logo\/image\/","url":"https:\/\/zepestonia.com\/wp-content\/uploads\/2022\/03\/Zep-Logo_png.jpeg","contentUrl":"https:\/\/zepestonia.com\/wp-content\/uploads\/2022\/03\/Zep-Logo_png.jpeg","width":109,"height":70,"caption":"Zep Estonia"},"image":{"@id":"https:\/\/zepestonia.com\/en\/#\/schema\/logo\/image\/"},"sameAs":["https:\/\/www.facebook.com\/ZepEesti"]}]}},"_links":{"self":[{"href":"https:\/\/zepestonia.com\/en\/wp-json\/wp\/v2\/product\/2903","targetHints":{"allow":["GET"]}}],"collection":[{"href":"https:\/\/zepestonia.com\/en\/wp-json\/wp\/v2\/product"}],"about":[{"href":"https:\/\/zepestonia.com\/en\/wp-json\/wp\/v2\/types\/product"}],"replies":[{"embeddable":true,"href":"https:\/\/zepestonia.com\/en\/wp-json\/wp\/v2\/comments?post=2903"}],"version-history":[{"count":2,"href":"https:\/\/zepestonia.com\/en\/wp-json\/wp\/v2\/product\/2903\/revisions"}],"predecessor-version":[{"id":12473,"href":"https:\/\/zepestonia.com\/en\/wp-json\/wp\/v2\/product\/2903\/revisions\/12473"}],"wp:featuredmedia":[{"embeddable":true,"href":"https:\/\/zepestonia.com\/en\/wp-json\/wp\/v2\/media\/3886"}],"wp:attachment":[{"href":"https:\/\/zepestonia.com\/en\/wp-json\/wp\/v2\/media?parent=2903"}],"wp:term":[{"taxonomy":"product_brand","embeddable":true,"href":"https:\/\/zepestonia.com\/en\/wp-json\/wp\/v2\/product_brand?post=2903"},{"taxonomy":"product_cat","embeddable":true,"href":"https:\/\/zepestonia.com\/en\/wp-json\/wp\/v2\/product_cat?post=2903"},{"taxonomy":"product_tag","embeddable":true,"href":"https:\/\/zepestonia.com\/en\/wp-json\/wp\/v2\/product_tag?post=2903"}],"curies":[{"name":"wp","href":"https:\/\/api.w.org\/{rel}","templated":true}]}}