{"id":2885,"date":"2021-11-29T19:00:39","date_gmt":"2021-11-29T19:00:39","guid":{"rendered":"https:\/\/zep.valgekana.ee\/toode\/re-pel-5l-klaas\/"},"modified":"2025-07-01T00:23:55","modified_gmt":"2025-07-01T00:23:55","slug":"re-pel-5l-klaas","status":"publish","type":"product","link":"https:\/\/zepestonia.com\/en\/toode\/re-pel-5l-klaas\/","title":{"rendered":"REPEL 5L &#8211; Vett- ja \u00f5li h\u00fclgav poleerimisvahend"},"content":{"rendered":"<ul>\n<li><span style=\"font-size:14px\"><span class=\"markedContent\" id=\"page3R_mcid16\"><span dir=\"ltr\" role=\"presentation\" style=\"left: 149.04px;top: 703.711px;font-family: sans-serif\">Kasutada lahjendamata v\u00f5i valmistada kuni 20% vesilahus.<\/span><\/span><\/span><\/li>\n<li><span style=\"font-size:14px\"><span class=\"markedContent\" id=\"page3R_mcid17\"><span dir=\"ltr\" role=\"presentation\" style=\"left: 149.04px;top: 728.144px;font-family: sans-serif\">Piserdada pinnale ja h\u00f5\u00f5ruda mopiga.<\/span><\/span><\/span><\/li>\n<li><span style=\"font-size:14px\"><span class=\"markedContent\" id=\"page3R_mcid18\"><span dir=\"ltr\" role=\"presentation\" style=\"left: 150.04px;top: 752.344px;font-family: sans-serif\">Toode j\u00e4tab puhastatud pindadele kaitsva kihi<\/span><\/span><\/span><\/li>\n<\/ul>\n<p><span style=\"font-size:14px\"><span class=\"markedContent\"><span dir=\"ltr\" role=\"presentation\" style=\"left: 150.04px;top: 752.344px;font-family: sans-serif\">pH 7,4<\/span><\/span><\/span><\/p>\n","protected":false},"excerpt":{"rendered":"<p>H\u00fclgab vett klaasidelt ja akendelt<br \/>\nPoleerib klaas-, v\u00e4rvitud- ja kroomitud pindasid.<br \/>\nToode ei ole m\u00fcrgine<br \/>\nSertifikaat MIL-C-87937A<\/p>\n","protected":false},"featured_media":3555,"comment_status":"closed","ping_status":"closed","template":"","meta":[],"product_brand":[],"product_cat":[199],"product_tag":[],"class_list":{"0":"post-2885","1":"product","2":"type-product","3":"status-publish","4":"has-post-thumbnail","6":"product_cat-autod","8":"first","9":"instock","10":"taxable","11":"shipping-taxable","12":"purchasable","13":"product-type-simple"},"yoast_head":"<!-- This site is optimized with the Yoast SEO plugin v26.5 - https:\/\/yoast.com\/wordpress\/plugins\/seo\/ -->\n<title>REPEL 5L - Puhastus- ja poleerimisvahend I ZEP Eesti<\/title>\n<meta name=\"description\" content=\"Puhastus- ja poleerimisvahend h\u00fclgab vett nii klaasidelt kui ka akendelt. Vahen poleerib klaas-, v\u00e4rvitud- ning kroomitud pindasid. Antud toode ei ole m\u00fcrgine.\" \/>\n<meta name=\"robots\" content=\"index, follow, max-snippet:-1, max-image-preview:large, max-video-preview:-1\" \/>\n<link rel=\"canonical\" href=\"https:\/\/zepestonia.com\/en\/toode\/re-pel-5l-klaas\/\" \/>\n<meta property=\"og:locale\" content=\"en_US\" \/>\n<meta property=\"og:type\" content=\"article\" \/>\n<meta property=\"og:title\" content=\"REPEL 5L - Puhastus- ja poleerimisvahend I ZEP Eesti\" \/>\n<meta property=\"og:description\" content=\"Puhastus- ja poleerimisvahend h\u00fclgab vett nii klaasidelt kui ka akendelt. Vahen poleerib klaas-, v\u00e4rvitud- ning kroomitud pindasid. Antud toode ei ole m\u00fcrgine.\" \/>\n<meta property=\"og:url\" content=\"https:\/\/zepestonia.com\/en\/toode\/re-pel-5l-klaas\/\" \/>\n<meta property=\"og:site_name\" content=\"ZEP Eesti I Puhastusvahendid I E-pood\" \/>\n<meta property=\"article:publisher\" content=\"https:\/\/www.facebook.com\/ZepEesti\" \/>\n<meta property=\"article:modified_time\" content=\"2025-07-01T00:23:55+00:00\" \/>\n<meta property=\"og:image\" content=\"https:\/\/zepestonia.com\/wp-content\/uploads\/2021\/12\/145-60e8eed7f0c183-44766693-REPEL.png\" \/>\n\t<meta property=\"og:image:width\" content=\"400\" \/>\n\t<meta property=\"og:image:height\" content=\"600\" \/>\n\t<meta property=\"og:image:type\" content=\"image\/png\" \/>\n<meta name=\"twitter:card\" content=\"summary_large_image\" \/>\n<script type=\"application\/ld+json\" class=\"yoast-schema-graph\">{\"@context\":\"https:\/\/schema.org\",\"@graph\":[{\"@type\":\"WebPage\",\"@id\":\"https:\/\/zepestonia.com\/en\/toode\/re-pel-5l-klaas\/\",\"url\":\"https:\/\/zepestonia.com\/en\/toode\/re-pel-5l-klaas\/\",\"name\":\"REPEL 5L - Puhastus- ja poleerimisvahend I ZEP Eesti\",\"isPartOf\":{\"@id\":\"https:\/\/zepestonia.com\/en\/#website\"},\"primaryImageOfPage\":{\"@id\":\"https:\/\/zepestonia.com\/en\/toode\/re-pel-5l-klaas\/#primaryimage\"},\"image\":{\"@id\":\"https:\/\/zepestonia.com\/en\/toode\/re-pel-5l-klaas\/#primaryimage\"},\"thumbnailUrl\":\"https:\/\/zepestonia.com\/wp-content\/uploads\/2021\/12\/145-60e8eed7f0c183-44766693-REPEL.png\",\"datePublished\":\"2021-11-29T19:00:39+00:00\",\"dateModified\":\"2025-07-01T00:23:55+00:00\",\"description\":\"Puhastus- ja poleerimisvahend h\u00fclgab vett nii klaasidelt kui ka akendelt. Vahen poleerib klaas-, v\u00e4rvitud- ning kroomitud pindasid. Antud toode ei ole m\u00fcrgine.\",\"breadcrumb\":{\"@id\":\"https:\/\/zepestonia.com\/en\/toode\/re-pel-5l-klaas\/#breadcrumb\"},\"inLanguage\":\"en-US\",\"potentialAction\":[{\"@type\":\"ReadAction\",\"target\":[\"https:\/\/zepestonia.com\/en\/toode\/re-pel-5l-klaas\/\"]}]},{\"@type\":\"ImageObject\",\"inLanguage\":\"en-US\",\"@id\":\"https:\/\/zepestonia.com\/en\/toode\/re-pel-5l-klaas\/#primaryimage\",\"url\":\"https:\/\/zepestonia.com\/wp-content\/uploads\/2021\/12\/145-60e8eed7f0c183-44766693-REPEL.png\",\"contentUrl\":\"https:\/\/zepestonia.com\/wp-content\/uploads\/2021\/12\/145-60e8eed7f0c183-44766693-REPEL.png\",\"width\":400,\"height\":600,\"caption\":\"145-60e8eed7f0c183-44766693-REPEL\"},{\"@type\":\"BreadcrumbList\",\"@id\":\"https:\/\/zepestonia.com\/en\/toode\/re-pel-5l-klaas\/#breadcrumb\",\"itemListElement\":[{\"@type\":\"ListItem\",\"position\":1,\"name\":\"Home\",\"item\":\"https:\/\/zepestonia.com\/en\/\"},{\"@type\":\"ListItem\",\"position\":2,\"name\":\"Shop\",\"item\":\"https:\/\/zepestonia.com\/en\/?page_id=4643\"},{\"@type\":\"ListItem\",\"position\":3,\"name\":\"REPEL 5L &#8211; Vett- ja \u00f5li h\u00fclgav poleerimisvahend\"}]},{\"@type\":\"WebSite\",\"@id\":\"https:\/\/zepestonia.com\/en\/#website\",\"url\":\"https:\/\/zepestonia.com\/en\/\",\"name\":\"ZEP Eesti I Puhastusvahendid I E-pood\",\"description\":\"Pakume puhastus- ja hooldusprobleemidele efektiivseid keskkonnas\u00f5bralikke lahendusi!\",\"publisher\":{\"@id\":\"https:\/\/zepestonia.com\/en\/#organization\"},\"potentialAction\":[{\"@type\":\"SearchAction\",\"target\":{\"@type\":\"EntryPoint\",\"urlTemplate\":\"https:\/\/zepestonia.com\/en\/?s={search_term_string}\"},\"query-input\":{\"@type\":\"PropertyValueSpecification\",\"valueRequired\":true,\"valueName\":\"search_term_string\"}}],\"inLanguage\":\"en-US\"},{\"@type\":\"Organization\",\"@id\":\"https:\/\/zepestonia.com\/en\/#organization\",\"name\":\"Zep Estonia\",\"url\":\"https:\/\/zepestonia.com\/en\/\",\"logo\":{\"@type\":\"ImageObject\",\"inLanguage\":\"en-US\",\"@id\":\"https:\/\/zepestonia.com\/en\/#\/schema\/logo\/image\/\",\"url\":\"https:\/\/zepestonia.com\/wp-content\/uploads\/2022\/03\/Zep-Logo_png.jpeg\",\"contentUrl\":\"https:\/\/zepestonia.com\/wp-content\/uploads\/2022\/03\/Zep-Logo_png.jpeg\",\"width\":109,\"height\":70,\"caption\":\"Zep Estonia\"},\"image\":{\"@id\":\"https:\/\/zepestonia.com\/en\/#\/schema\/logo\/image\/\"},\"sameAs\":[\"https:\/\/www.facebook.com\/ZepEesti\"]}]}<\/script>\n<!-- \/ Yoast SEO plugin. -->","yoast_head_json":{"title":"REPEL 5L - Puhastus- ja poleerimisvahend I ZEP Eesti","description":"Puhastus- ja poleerimisvahend h\u00fclgab vett nii klaasidelt kui ka akendelt. Vahen poleerib klaas-, v\u00e4rvitud- ning kroomitud pindasid. Antud toode ei ole m\u00fcrgine.","robots":{"index":"index","follow":"follow","max-snippet":"max-snippet:-1","max-image-preview":"max-image-preview:large","max-video-preview":"max-video-preview:-1"},"canonical":"https:\/\/zepestonia.com\/en\/toode\/re-pel-5l-klaas\/","og_locale":"en_US","og_type":"article","og_title":"REPEL 5L - Puhastus- ja poleerimisvahend I ZEP Eesti","og_description":"Puhastus- ja poleerimisvahend h\u00fclgab vett nii klaasidelt kui ka akendelt. Vahen poleerib klaas-, v\u00e4rvitud- ning kroomitud pindasid. Antud toode ei ole m\u00fcrgine.","og_url":"https:\/\/zepestonia.com\/en\/toode\/re-pel-5l-klaas\/","og_site_name":"ZEP Eesti I Puhastusvahendid I E-pood","article_publisher":"https:\/\/www.facebook.com\/ZepEesti","article_modified_time":"2025-07-01T00:23:55+00:00","og_image":[{"width":400,"height":600,"url":"https:\/\/zepestonia.com\/wp-content\/uploads\/2021\/12\/145-60e8eed7f0c183-44766693-REPEL.png","type":"image\/png"}],"twitter_card":"summary_large_image","schema":{"@context":"https:\/\/schema.org","@graph":[{"@type":"WebPage","@id":"https:\/\/zepestonia.com\/en\/toode\/re-pel-5l-klaas\/","url":"https:\/\/zepestonia.com\/en\/toode\/re-pel-5l-klaas\/","name":"REPEL 5L - Puhastus- ja poleerimisvahend I ZEP Eesti","isPartOf":{"@id":"https:\/\/zepestonia.com\/en\/#website"},"primaryImageOfPage":{"@id":"https:\/\/zepestonia.com\/en\/toode\/re-pel-5l-klaas\/#primaryimage"},"image":{"@id":"https:\/\/zepestonia.com\/en\/toode\/re-pel-5l-klaas\/#primaryimage"},"thumbnailUrl":"https:\/\/zepestonia.com\/wp-content\/uploads\/2021\/12\/145-60e8eed7f0c183-44766693-REPEL.png","datePublished":"2021-11-29T19:00:39+00:00","dateModified":"2025-07-01T00:23:55+00:00","description":"Puhastus- ja poleerimisvahend h\u00fclgab vett nii klaasidelt kui ka akendelt. Vahen poleerib klaas-, v\u00e4rvitud- ning kroomitud pindasid. Antud toode ei ole m\u00fcrgine.","breadcrumb":{"@id":"https:\/\/zepestonia.com\/en\/toode\/re-pel-5l-klaas\/#breadcrumb"},"inLanguage":"en-US","potentialAction":[{"@type":"ReadAction","target":["https:\/\/zepestonia.com\/en\/toode\/re-pel-5l-klaas\/"]}]},{"@type":"ImageObject","inLanguage":"en-US","@id":"https:\/\/zepestonia.com\/en\/toode\/re-pel-5l-klaas\/#primaryimage","url":"https:\/\/zepestonia.com\/wp-content\/uploads\/2021\/12\/145-60e8eed7f0c183-44766693-REPEL.png","contentUrl":"https:\/\/zepestonia.com\/wp-content\/uploads\/2021\/12\/145-60e8eed7f0c183-44766693-REPEL.png","width":400,"height":600,"caption":"145-60e8eed7f0c183-44766693-REPEL"},{"@type":"BreadcrumbList","@id":"https:\/\/zepestonia.com\/en\/toode\/re-pel-5l-klaas\/#breadcrumb","itemListElement":[{"@type":"ListItem","position":1,"name":"Home","item":"https:\/\/zepestonia.com\/en\/"},{"@type":"ListItem","position":2,"name":"Shop","item":"https:\/\/zepestonia.com\/en\/?page_id=4643"},{"@type":"ListItem","position":3,"name":"REPEL 5L &#8211; Vett- ja \u00f5li h\u00fclgav poleerimisvahend"}]},{"@type":"WebSite","@id":"https:\/\/zepestonia.com\/en\/#website","url":"https:\/\/zepestonia.com\/en\/","name":"ZEP Eesti I Puhastusvahendid I E-pood","description":"Pakume puhastus- ja hooldusprobleemidele efektiivseid keskkonnas\u00f5bralikke lahendusi!","publisher":{"@id":"https:\/\/zepestonia.com\/en\/#organization"},"potentialAction":[{"@type":"SearchAction","target":{"@type":"EntryPoint","urlTemplate":"https:\/\/zepestonia.com\/en\/?s={search_term_string}"},"query-input":{"@type":"PropertyValueSpecification","valueRequired":true,"valueName":"search_term_string"}}],"inLanguage":"en-US"},{"@type":"Organization","@id":"https:\/\/zepestonia.com\/en\/#organization","name":"Zep Estonia","url":"https:\/\/zepestonia.com\/en\/","logo":{"@type":"ImageObject","inLanguage":"en-US","@id":"https:\/\/zepestonia.com\/en\/#\/schema\/logo\/image\/","url":"https:\/\/zepestonia.com\/wp-content\/uploads\/2022\/03\/Zep-Logo_png.jpeg","contentUrl":"https:\/\/zepestonia.com\/wp-content\/uploads\/2022\/03\/Zep-Logo_png.jpeg","width":109,"height":70,"caption":"Zep Estonia"},"image":{"@id":"https:\/\/zepestonia.com\/en\/#\/schema\/logo\/image\/"},"sameAs":["https:\/\/www.facebook.com\/ZepEesti"]}]}},"_links":{"self":[{"href":"https:\/\/zepestonia.com\/en\/wp-json\/wp\/v2\/product\/2885","targetHints":{"allow":["GET"]}}],"collection":[{"href":"https:\/\/zepestonia.com\/en\/wp-json\/wp\/v2\/product"}],"about":[{"href":"https:\/\/zepestonia.com\/en\/wp-json\/wp\/v2\/types\/product"}],"replies":[{"embeddable":true,"href":"https:\/\/zepestonia.com\/en\/wp-json\/wp\/v2\/comments?post=2885"}],"version-history":[{"count":3,"href":"https:\/\/zepestonia.com\/en\/wp-json\/wp\/v2\/product\/2885\/revisions"}],"predecessor-version":[{"id":12015,"href":"https:\/\/zepestonia.com\/en\/wp-json\/wp\/v2\/product\/2885\/revisions\/12015"}],"wp:featuredmedia":[{"embeddable":true,"href":"https:\/\/zepestonia.com\/en\/wp-json\/wp\/v2\/media\/3555"}],"wp:attachment":[{"href":"https:\/\/zepestonia.com\/en\/wp-json\/wp\/v2\/media?parent=2885"}],"wp:term":[{"taxonomy":"product_brand","embeddable":true,"href":"https:\/\/zepestonia.com\/en\/wp-json\/wp\/v2\/product_brand?post=2885"},{"taxonomy":"product_cat","embeddable":true,"href":"https:\/\/zepestonia.com\/en\/wp-json\/wp\/v2\/product_cat?post=2885"},{"taxonomy":"product_tag","embeddable":true,"href":"https:\/\/zepestonia.com\/en\/wp-json\/wp\/v2\/product_tag?post=2885"}],"curies":[{"name":"wp","href":"https:\/\/api.w.org\/{rel}","templated":true}]}}