{"id":2884,"date":"2021-11-29T19:00:39","date_gmt":"2021-11-29T19:00:39","guid":{"rendered":"https:\/\/zep.valgekana.ee\/toode\/odorgate-20kg\/"},"modified":"2026-02-26T00:00:11","modified_gmt":"2026-02-26T00:00:11","slug":"odorgate-20kg","status":"publish","type":"product","link":"https:\/\/zepestonia.com\/en\/toode\/odorgate-20kg\/","title":{"rendered":"Odorgate 20kg &#8211; Pr\u00fcgihaisude elimineeria"},"content":{"rendered":"<ul>\n<li>Lahjendada veega vahekorras 1:100 \u2013 1:500 vastavalt olukorrale.<\/li>\n<li>V\u00f5ib kasutada k\u00e4sitsi v\u00f5i ZEP piserduss\u00fcsteemiga.<\/li>\n<li>Keemiliste tualettide mahutites v\u00f5ib kasutada lahjendamata toodet.<\/li>\n<\/ul>\n<p>\n<strong>NB!<\/strong> Kontsentreeritud toode v\u00f5ib kahjustada teatud t\u00fc\u00fcpi kummi v\u00f5i plastikut.<\/p>\n<p><strong>Omadused: <\/strong><br \/>\n<span style=\"font-family: Arial;font-size: 13px;font-style: normal;font-weight: 400;letter-spacing: normal;text-align: left;text-indent: 0px;text-transform: none;display: inline !important;float: none\">Konsentraat pH 3,0 +\/-1,0<br \/>\nLahusel 1:500 pH: 5,5,&nbsp; <\/span><br style=\"font-family: Arial;font-size: 13px;font-style: normal;font-weight: 400;letter-spacing: normal;text-align: left;text-indent: 0px;text-transform: none\" \/><br \/>\n<br \/>\n<span style=\"font-family: Arial;font-size: 13px;font-style: normal;font-weight: 400;letter-spacing: normal;text-align: left;text-indent: 0px;text-transform: none;display: inline !important;float: none\"><strong>Tarvikud:<\/strong> pihusti v\u00f5i ZEP Stop Odor <\/span><\/p>\n","protected":false},"excerpt":{"rendered":"<p>Kontsentreeritud vahend blokeerib pr\u00fcgi k\u00e4\u00e4rimiste ja bioloogiliste lagunemisprotsesside haisud.<br \/>\nMitte-patogeensete bakterite segu eemaldab halvad l\u00f5hnad elimineerides haisu p\u00f5hjustavad lenduvad orgaanilised komponendid.<br \/>\nVahend sisaldab spetsiaalset lisaainet, mis maskeerib plekid ilma pinda kahjustamata.<br \/>\nToode on 100% biolagunev.<\/p>\n","protected":false},"featured_media":3940,"comment_status":"closed","ping_status":"closed","template":"","meta":[],"product_brand":[],"product_cat":[217],"product_tag":[],"class_list":{"0":"post-2884","1":"product","2":"type-product","3":"status-publish","4":"has-post-thumbnail","6":"product_cat-suvapuhastus-horeca","8":"first","9":"instock","10":"taxable","11":"shipping-taxable","12":"purchasable","13":"product-type-simple"},"yoast_head":"<!-- This site is optimized with the Yoast SEO plugin v26.5 - https:\/\/yoast.com\/wordpress\/plugins\/seo\/ -->\n<title>Odorgate 20kg - Pr\u00fcgihaisude elimineeria I ZEP Eesti<\/title>\n<meta name=\"description\" content=\"Vahend blokeerib pr\u00fcgi k\u00e4\u00e4rimiste ja bioloogiliste lagunemisprotsesside haisud. Sisaldab lisaainet, maskeerides plekid pinda kahjustamata. 100% biolagunev.\" \/>\n<meta name=\"robots\" content=\"index, follow, max-snippet:-1, max-image-preview:large, max-video-preview:-1\" \/>\n<link rel=\"canonical\" href=\"https:\/\/zepestonia.com\/en\/toode\/odorgate-20kg\/\" \/>\n<meta property=\"og:locale\" content=\"en_US\" \/>\n<meta property=\"og:type\" content=\"article\" \/>\n<meta property=\"og:title\" content=\"Odorgate 20kg - Pr\u00fcgihaisude elimineeria I ZEP Eesti\" \/>\n<meta property=\"og:description\" content=\"Vahend blokeerib pr\u00fcgi k\u00e4\u00e4rimiste ja bioloogiliste lagunemisprotsesside haisud. Sisaldab lisaainet, maskeerides plekid pinda kahjustamata. 100% biolagunev.\" \/>\n<meta property=\"og:url\" content=\"https:\/\/zepestonia.com\/en\/toode\/odorgate-20kg\/\" \/>\n<meta property=\"og:site_name\" content=\"ZEP Eesti I Puhastusvahendid I E-pood\" \/>\n<meta property=\"article:publisher\" content=\"https:\/\/www.facebook.com\/ZepEesti\" \/>\n<meta property=\"article:modified_time\" content=\"2026-02-26T00:00:11+00:00\" \/>\n<meta property=\"og:image\" content=\"https:\/\/zepestonia.com\/wp-content\/uploads\/2021\/12\/122-60e7996372e173-48315078-ODORGATE.png\" \/>\n\t<meta property=\"og:image:width\" content=\"400\" \/>\n\t<meta property=\"og:image:height\" content=\"600\" \/>\n\t<meta property=\"og:image:type\" content=\"image\/png\" \/>\n<meta name=\"twitter:card\" content=\"summary_large_image\" \/>\n<script type=\"application\/ld+json\" class=\"yoast-schema-graph\">{\"@context\":\"https:\/\/schema.org\",\"@graph\":[{\"@type\":\"WebPage\",\"@id\":\"https:\/\/zepestonia.com\/en\/toode\/odorgate-20kg\/\",\"url\":\"https:\/\/zepestonia.com\/en\/toode\/odorgate-20kg\/\",\"name\":\"Odorgate 20kg - Pr\u00fcgihaisude elimineeria I ZEP Eesti\",\"isPartOf\":{\"@id\":\"https:\/\/zepestonia.com\/en\/#website\"},\"primaryImageOfPage\":{\"@id\":\"https:\/\/zepestonia.com\/en\/toode\/odorgate-20kg\/#primaryimage\"},\"image\":{\"@id\":\"https:\/\/zepestonia.com\/en\/toode\/odorgate-20kg\/#primaryimage\"},\"thumbnailUrl\":\"https:\/\/zepestonia.com\/wp-content\/uploads\/2021\/12\/122-60e7996372e173-48315078-ODORGATE.png\",\"datePublished\":\"2021-11-29T19:00:39+00:00\",\"dateModified\":\"2026-02-26T00:00:11+00:00\",\"description\":\"Vahend blokeerib pr\u00fcgi k\u00e4\u00e4rimiste ja bioloogiliste lagunemisprotsesside haisud. Sisaldab lisaainet, maskeerides plekid pinda kahjustamata. 100% biolagunev.\",\"breadcrumb\":{\"@id\":\"https:\/\/zepestonia.com\/en\/toode\/odorgate-20kg\/#breadcrumb\"},\"inLanguage\":\"en-US\",\"potentialAction\":[{\"@type\":\"ReadAction\",\"target\":[\"https:\/\/zepestonia.com\/en\/toode\/odorgate-20kg\/\"]}]},{\"@type\":\"ImageObject\",\"inLanguage\":\"en-US\",\"@id\":\"https:\/\/zepestonia.com\/en\/toode\/odorgate-20kg\/#primaryimage\",\"url\":\"https:\/\/zepestonia.com\/wp-content\/uploads\/2021\/12\/122-60e7996372e173-48315078-ODORGATE.png\",\"contentUrl\":\"https:\/\/zepestonia.com\/wp-content\/uploads\/2021\/12\/122-60e7996372e173-48315078-ODORGATE.png\",\"width\":400,\"height\":600,\"caption\":\"122-60e7996372e173-48315078-ODORGATE\"},{\"@type\":\"BreadcrumbList\",\"@id\":\"https:\/\/zepestonia.com\/en\/toode\/odorgate-20kg\/#breadcrumb\",\"itemListElement\":[{\"@type\":\"ListItem\",\"position\":1,\"name\":\"Home\",\"item\":\"https:\/\/zepestonia.com\/en\/\"},{\"@type\":\"ListItem\",\"position\":2,\"name\":\"Shop\",\"item\":\"https:\/\/zepestonia.com\/en\/?page_id=4643\"},{\"@type\":\"ListItem\",\"position\":3,\"name\":\"Odorgate 20kg &#8211; Pr\u00fcgihaisude elimineeria\"}]},{\"@type\":\"WebSite\",\"@id\":\"https:\/\/zepestonia.com\/en\/#website\",\"url\":\"https:\/\/zepestonia.com\/en\/\",\"name\":\"ZEP Eesti I Puhastusvahendid I E-pood\",\"description\":\"Pakume puhastus- ja hooldusprobleemidele efektiivseid keskkonnas\u00f5bralikke lahendusi!\",\"publisher\":{\"@id\":\"https:\/\/zepestonia.com\/en\/#organization\"},\"potentialAction\":[{\"@type\":\"SearchAction\",\"target\":{\"@type\":\"EntryPoint\",\"urlTemplate\":\"https:\/\/zepestonia.com\/en\/?s={search_term_string}\"},\"query-input\":{\"@type\":\"PropertyValueSpecification\",\"valueRequired\":true,\"valueName\":\"search_term_string\"}}],\"inLanguage\":\"en-US\"},{\"@type\":\"Organization\",\"@id\":\"https:\/\/zepestonia.com\/en\/#organization\",\"name\":\"Zep Estonia\",\"url\":\"https:\/\/zepestonia.com\/en\/\",\"logo\":{\"@type\":\"ImageObject\",\"inLanguage\":\"en-US\",\"@id\":\"https:\/\/zepestonia.com\/en\/#\/schema\/logo\/image\/\",\"url\":\"https:\/\/zepestonia.com\/wp-content\/uploads\/2022\/03\/Zep-Logo_png.jpeg\",\"contentUrl\":\"https:\/\/zepestonia.com\/wp-content\/uploads\/2022\/03\/Zep-Logo_png.jpeg\",\"width\":109,\"height\":70,\"caption\":\"Zep Estonia\"},\"image\":{\"@id\":\"https:\/\/zepestonia.com\/en\/#\/schema\/logo\/image\/\"},\"sameAs\":[\"https:\/\/www.facebook.com\/ZepEesti\"]}]}<\/script>\n<!-- \/ Yoast SEO plugin. -->","yoast_head_json":{"title":"Odorgate 20kg - Pr\u00fcgihaisude elimineeria I ZEP Eesti","description":"Vahend blokeerib pr\u00fcgi k\u00e4\u00e4rimiste ja bioloogiliste lagunemisprotsesside haisud. Sisaldab lisaainet, maskeerides plekid pinda kahjustamata. 100% biolagunev.","robots":{"index":"index","follow":"follow","max-snippet":"max-snippet:-1","max-image-preview":"max-image-preview:large","max-video-preview":"max-video-preview:-1"},"canonical":"https:\/\/zepestonia.com\/en\/toode\/odorgate-20kg\/","og_locale":"en_US","og_type":"article","og_title":"Odorgate 20kg - Pr\u00fcgihaisude elimineeria I ZEP Eesti","og_description":"Vahend blokeerib pr\u00fcgi k\u00e4\u00e4rimiste ja bioloogiliste lagunemisprotsesside haisud. Sisaldab lisaainet, maskeerides plekid pinda kahjustamata. 100% biolagunev.","og_url":"https:\/\/zepestonia.com\/en\/toode\/odorgate-20kg\/","og_site_name":"ZEP Eesti I Puhastusvahendid I E-pood","article_publisher":"https:\/\/www.facebook.com\/ZepEesti","article_modified_time":"2026-02-26T00:00:11+00:00","og_image":[{"width":400,"height":600,"url":"https:\/\/zepestonia.com\/wp-content\/uploads\/2021\/12\/122-60e7996372e173-48315078-ODORGATE.png","type":"image\/png"}],"twitter_card":"summary_large_image","schema":{"@context":"https:\/\/schema.org","@graph":[{"@type":"WebPage","@id":"https:\/\/zepestonia.com\/en\/toode\/odorgate-20kg\/","url":"https:\/\/zepestonia.com\/en\/toode\/odorgate-20kg\/","name":"Odorgate 20kg - Pr\u00fcgihaisude elimineeria I ZEP Eesti","isPartOf":{"@id":"https:\/\/zepestonia.com\/en\/#website"},"primaryImageOfPage":{"@id":"https:\/\/zepestonia.com\/en\/toode\/odorgate-20kg\/#primaryimage"},"image":{"@id":"https:\/\/zepestonia.com\/en\/toode\/odorgate-20kg\/#primaryimage"},"thumbnailUrl":"https:\/\/zepestonia.com\/wp-content\/uploads\/2021\/12\/122-60e7996372e173-48315078-ODORGATE.png","datePublished":"2021-11-29T19:00:39+00:00","dateModified":"2026-02-26T00:00:11+00:00","description":"Vahend blokeerib pr\u00fcgi k\u00e4\u00e4rimiste ja bioloogiliste lagunemisprotsesside haisud. Sisaldab lisaainet, maskeerides plekid pinda kahjustamata. 100% biolagunev.","breadcrumb":{"@id":"https:\/\/zepestonia.com\/en\/toode\/odorgate-20kg\/#breadcrumb"},"inLanguage":"en-US","potentialAction":[{"@type":"ReadAction","target":["https:\/\/zepestonia.com\/en\/toode\/odorgate-20kg\/"]}]},{"@type":"ImageObject","inLanguage":"en-US","@id":"https:\/\/zepestonia.com\/en\/toode\/odorgate-20kg\/#primaryimage","url":"https:\/\/zepestonia.com\/wp-content\/uploads\/2021\/12\/122-60e7996372e173-48315078-ODORGATE.png","contentUrl":"https:\/\/zepestonia.com\/wp-content\/uploads\/2021\/12\/122-60e7996372e173-48315078-ODORGATE.png","width":400,"height":600,"caption":"122-60e7996372e173-48315078-ODORGATE"},{"@type":"BreadcrumbList","@id":"https:\/\/zepestonia.com\/en\/toode\/odorgate-20kg\/#breadcrumb","itemListElement":[{"@type":"ListItem","position":1,"name":"Home","item":"https:\/\/zepestonia.com\/en\/"},{"@type":"ListItem","position":2,"name":"Shop","item":"https:\/\/zepestonia.com\/en\/?page_id=4643"},{"@type":"ListItem","position":3,"name":"Odorgate 20kg &#8211; Pr\u00fcgihaisude elimineeria"}]},{"@type":"WebSite","@id":"https:\/\/zepestonia.com\/en\/#website","url":"https:\/\/zepestonia.com\/en\/","name":"ZEP Eesti I Puhastusvahendid I E-pood","description":"Pakume puhastus- ja hooldusprobleemidele efektiivseid keskkonnas\u00f5bralikke lahendusi!","publisher":{"@id":"https:\/\/zepestonia.com\/en\/#organization"},"potentialAction":[{"@type":"SearchAction","target":{"@type":"EntryPoint","urlTemplate":"https:\/\/zepestonia.com\/en\/?s={search_term_string}"},"query-input":{"@type":"PropertyValueSpecification","valueRequired":true,"valueName":"search_term_string"}}],"inLanguage":"en-US"},{"@type":"Organization","@id":"https:\/\/zepestonia.com\/en\/#organization","name":"Zep Estonia","url":"https:\/\/zepestonia.com\/en\/","logo":{"@type":"ImageObject","inLanguage":"en-US","@id":"https:\/\/zepestonia.com\/en\/#\/schema\/logo\/image\/","url":"https:\/\/zepestonia.com\/wp-content\/uploads\/2022\/03\/Zep-Logo_png.jpeg","contentUrl":"https:\/\/zepestonia.com\/wp-content\/uploads\/2022\/03\/Zep-Logo_png.jpeg","width":109,"height":70,"caption":"Zep Estonia"},"image":{"@id":"https:\/\/zepestonia.com\/en\/#\/schema\/logo\/image\/"},"sameAs":["https:\/\/www.facebook.com\/ZepEesti"]}]}},"_links":{"self":[{"href":"https:\/\/zepestonia.com\/en\/wp-json\/wp\/v2\/product\/2884","targetHints":{"allow":["GET"]}}],"collection":[{"href":"https:\/\/zepestonia.com\/en\/wp-json\/wp\/v2\/product"}],"about":[{"href":"https:\/\/zepestonia.com\/en\/wp-json\/wp\/v2\/types\/product"}],"replies":[{"embeddable":true,"href":"https:\/\/zepestonia.com\/en\/wp-json\/wp\/v2\/comments?post=2884"}],"version-history":[{"count":1,"href":"https:\/\/zepestonia.com\/en\/wp-json\/wp\/v2\/product\/2884\/revisions"}],"predecessor-version":[{"id":10247,"href":"https:\/\/zepestonia.com\/en\/wp-json\/wp\/v2\/product\/2884\/revisions\/10247"}],"wp:featuredmedia":[{"embeddable":true,"href":"https:\/\/zepestonia.com\/en\/wp-json\/wp\/v2\/media\/3940"}],"wp:attachment":[{"href":"https:\/\/zepestonia.com\/en\/wp-json\/wp\/v2\/media?parent=2884"}],"wp:term":[{"taxonomy":"product_brand","embeddable":true,"href":"https:\/\/zepestonia.com\/en\/wp-json\/wp\/v2\/product_brand?post=2884"},{"taxonomy":"product_cat","embeddable":true,"href":"https:\/\/zepestonia.com\/en\/wp-json\/wp\/v2\/product_cat?post=2884"},{"taxonomy":"product_tag","embeddable":true,"href":"https:\/\/zepestonia.com\/en\/wp-json\/wp\/v2\/product_tag?post=2884"}],"curies":[{"name":"wp","href":"https:\/\/api.w.org\/{rel}","templated":true}]}}