{"id":2875,"date":"2021-11-29T19:00:39","date_gmt":"2021-11-29T19:00:39","guid":{"rendered":"https:\/\/zep.valgekana.ee\/toode\/i-d-red-aero-new\/"},"modified":"2026-01-24T00:00:07","modified_gmt":"2026-01-24T00:00:07","slug":"i-d-red-aero-new","status":"publish","type":"product","link":"https:\/\/zepestonia.com\/en\/toode\/i-d-red-aero-new\/","title":{"rendered":"ID RED AERO &#8211; Aurustuv dielektriline puhastusvahend"},"content":{"rendered":"<ul>\n<li><span style=\"font-family: Arial;font-size: 13px;font-style: normal;font-weight: 400;letter-spacing: normal;text-align: left;text-indent: 0px;text-transform: none;display: inline !important;float: none\">Kergema mustuse puhul piserdada pinnale ja p\u00fchkida. <\/span><\/li>\n<li><span style=\"font-family: Arial;font-size: 13px;font-style: normal;font-weight: 400;letter-spacing: normal;text-align: left;text-indent: 0px;text-transform: none;display: inline !important;float: none\">Raskema mustuse korral piserdada ainet ohtralt pinnale, lasta seista 15 kuni 30 sekundit. Piserdada veel kord ning p\u00fchkida lapiga. <\/span><\/li>\n<li><span style=\"font-family: Arial;font-size: 13px;font-style: normal;font-weight: 400;letter-spacing: normal;text-align: left;text-indent: 0px;text-transform: none;display: inline !important;float: none\">Raskesti ligip\u00e4\u00e4setavatele kohtadele kasutada vastavat otsikut. <\/span><\/li>\n<li><span style=\"font-family: Arial;font-size: 13px;font-style: normal;font-weight: 400;letter-spacing: normal;text-align: left;text-indent: 0px;text-transform: none;display: inline !important;float: none\">V\u00f5ib piserdada ka hoides pudelit tagurpidi. <\/span><\/li>\n<\/ul>\n<p><span style=\"color:#FF0000\"><span style=\"font-family: Arial;font-size: 13px;font-style: normal;font-weight: 400;letter-spacing: normal;text-align: left;text-indent: 0px;text-transform: none;display: inline !important;float: none\">NB!<\/span><\/span><span style=\"font-family: Arial;font-size: 13px;font-style: normal;font-weight: 400;letter-spacing: normal;text-align: left;text-indent: 0px;text-transform: none;display: inline !important;float: none\"> Enne elektriliste mootorite uuesti k\u00e4ivitamist v\u00f5i v\u00f5imaliku s\u00fcttimisohu puhul lasta aine t\u00e4ielikult aurustuda<\/span><\/p>\n","protected":false},"excerpt":{"rendered":"<p>Efektiivne aerosoolpuhastaja on alternatiiviks 1,1,1-trikloroetaanile eemaldamaks \u00f5li, rasva, pigi, mustuse ja m\u00e4\u00e4rded<br \/>\nVahend aurustub pinnalt v\u00e4ga kiiresti ning imbub kiiresti ja eemaldab pinnalt mustuse.<br \/>\nDielektriline (38600V) puhastusvahend elektrikontaktidele, elektrimootoritele, masinaosadele, elektroonilisele varustusele, valuvormidele jne<\/p>\n","protected":false},"featured_media":3893,"comment_status":"closed","ping_status":"closed","template":"","meta":[],"product_brand":[],"product_cat":[222],"product_tag":[],"class_list":{"0":"post-2875","1":"product","2":"type-product","3":"status-publish","4":"has-post-thumbnail","6":"product_cat-elektroonika","8":"first","9":"instock","10":"taxable","11":"shipping-taxable","12":"purchasable","13":"product-type-simple"},"yoast_head":"<!-- This site is optimized with the Yoast SEO plugin v26.5 - https:\/\/yoast.com\/wordpress\/plugins\/seo\/ -->\n<title>I.D. RED AERO - Aurustuv dielektriline puhastusvahend I ZEP Eesti<\/title>\n<meta name=\"description\" content=\"Efektiivne aerosoolpuhastaja eemaldab \u00f5li, rasva, pigi, mustuse ja m\u00e4\u00e4rded. Vahend aurustub ja imbub pinnalt v\u00e4ga kiiresti, lisaks eemaldab pinnalt mustuse.\" \/>\n<meta name=\"robots\" content=\"index, follow, max-snippet:-1, max-image-preview:large, max-video-preview:-1\" \/>\n<link rel=\"canonical\" href=\"https:\/\/zepestonia.com\/en\/toode\/i-d-red-aero-new\/\" \/>\n<meta property=\"og:locale\" content=\"en_US\" \/>\n<meta property=\"og:type\" content=\"article\" \/>\n<meta property=\"og:title\" content=\"I.D. RED AERO - Aurustuv dielektriline puhastusvahend I ZEP Eesti\" \/>\n<meta property=\"og:description\" content=\"Efektiivne aerosoolpuhastaja eemaldab \u00f5li, rasva, pigi, mustuse ja m\u00e4\u00e4rded. Vahend aurustub ja imbub pinnalt v\u00e4ga kiiresti, lisaks eemaldab pinnalt mustuse.\" \/>\n<meta property=\"og:url\" content=\"https:\/\/zepestonia.com\/en\/toode\/i-d-red-aero-new\/\" \/>\n<meta property=\"og:site_name\" content=\"ZEP Eesti I Puhastusvahendid I E-pood\" \/>\n<meta property=\"article:publisher\" content=\"https:\/\/www.facebook.com\/ZepEesti\" \/>\n<meta property=\"article:modified_time\" content=\"2026-01-24T00:00:07+00:00\" \/>\n<meta property=\"og:image\" content=\"https:\/\/zepestonia.com\/wp-content\/uploads\/2021\/12\/84-60deaf62bd2a73-22012470-I-D-RED.png\" \/>\n\t<meta property=\"og:image:width\" content=\"400\" \/>\n\t<meta property=\"og:image:height\" content=\"600\" \/>\n\t<meta property=\"og:image:type\" content=\"image\/png\" \/>\n<meta name=\"twitter:card\" content=\"summary_large_image\" \/>\n<script type=\"application\/ld+json\" class=\"yoast-schema-graph\">{\"@context\":\"https:\/\/schema.org\",\"@graph\":[{\"@type\":\"WebPage\",\"@id\":\"https:\/\/zepestonia.com\/en\/toode\/i-d-red-aero-new\/\",\"url\":\"https:\/\/zepestonia.com\/en\/toode\/i-d-red-aero-new\/\",\"name\":\"I.D. RED AERO - Aurustuv dielektriline puhastusvahend I ZEP Eesti\",\"isPartOf\":{\"@id\":\"https:\/\/zepestonia.com\/en\/#website\"},\"primaryImageOfPage\":{\"@id\":\"https:\/\/zepestonia.com\/en\/toode\/i-d-red-aero-new\/#primaryimage\"},\"image\":{\"@id\":\"https:\/\/zepestonia.com\/en\/toode\/i-d-red-aero-new\/#primaryimage\"},\"thumbnailUrl\":\"https:\/\/zepestonia.com\/wp-content\/uploads\/2021\/12\/84-60deaf62bd2a73-22012470-I-D-RED.png\",\"datePublished\":\"2021-11-29T19:00:39+00:00\",\"dateModified\":\"2026-01-24T00:00:07+00:00\",\"description\":\"Efektiivne aerosoolpuhastaja eemaldab \u00f5li, rasva, pigi, mustuse ja m\u00e4\u00e4rded. Vahend aurustub ja imbub pinnalt v\u00e4ga kiiresti, lisaks eemaldab pinnalt mustuse.\",\"breadcrumb\":{\"@id\":\"https:\/\/zepestonia.com\/en\/toode\/i-d-red-aero-new\/#breadcrumb\"},\"inLanguage\":\"en-US\",\"potentialAction\":[{\"@type\":\"ReadAction\",\"target\":[\"https:\/\/zepestonia.com\/en\/toode\/i-d-red-aero-new\/\"]}]},{\"@type\":\"ImageObject\",\"inLanguage\":\"en-US\",\"@id\":\"https:\/\/zepestonia.com\/en\/toode\/i-d-red-aero-new\/#primaryimage\",\"url\":\"https:\/\/zepestonia.com\/wp-content\/uploads\/2021\/12\/84-60deaf62bd2a73-22012470-I-D-RED.png\",\"contentUrl\":\"https:\/\/zepestonia.com\/wp-content\/uploads\/2021\/12\/84-60deaf62bd2a73-22012470-I-D-RED.png\",\"width\":400,\"height\":600,\"caption\":\"84-60deaf62bd2a73-22012470-I-D-RED\"},{\"@type\":\"BreadcrumbList\",\"@id\":\"https:\/\/zepestonia.com\/en\/toode\/i-d-red-aero-new\/#breadcrumb\",\"itemListElement\":[{\"@type\":\"ListItem\",\"position\":1,\"name\":\"Home\",\"item\":\"https:\/\/zepestonia.com\/en\/\"},{\"@type\":\"ListItem\",\"position\":2,\"name\":\"Shop\",\"item\":\"https:\/\/zepestonia.com\/en\/?page_id=4643\"},{\"@type\":\"ListItem\",\"position\":3,\"name\":\"ID RED AERO &#8211; Aurustuv dielektriline puhastusvahend\"}]},{\"@type\":\"WebSite\",\"@id\":\"https:\/\/zepestonia.com\/en\/#website\",\"url\":\"https:\/\/zepestonia.com\/en\/\",\"name\":\"ZEP Eesti I Puhastusvahendid I E-pood\",\"description\":\"Pakume puhastus- ja hooldusprobleemidele efektiivseid keskkonnas\u00f5bralikke lahendusi!\",\"publisher\":{\"@id\":\"https:\/\/zepestonia.com\/en\/#organization\"},\"potentialAction\":[{\"@type\":\"SearchAction\",\"target\":{\"@type\":\"EntryPoint\",\"urlTemplate\":\"https:\/\/zepestonia.com\/en\/?s={search_term_string}\"},\"query-input\":{\"@type\":\"PropertyValueSpecification\",\"valueRequired\":true,\"valueName\":\"search_term_string\"}}],\"inLanguage\":\"en-US\"},{\"@type\":\"Organization\",\"@id\":\"https:\/\/zepestonia.com\/en\/#organization\",\"name\":\"Zep Estonia\",\"url\":\"https:\/\/zepestonia.com\/en\/\",\"logo\":{\"@type\":\"ImageObject\",\"inLanguage\":\"en-US\",\"@id\":\"https:\/\/zepestonia.com\/en\/#\/schema\/logo\/image\/\",\"url\":\"https:\/\/zepestonia.com\/wp-content\/uploads\/2022\/03\/Zep-Logo_png.jpeg\",\"contentUrl\":\"https:\/\/zepestonia.com\/wp-content\/uploads\/2022\/03\/Zep-Logo_png.jpeg\",\"width\":109,\"height\":70,\"caption\":\"Zep Estonia\"},\"image\":{\"@id\":\"https:\/\/zepestonia.com\/en\/#\/schema\/logo\/image\/\"},\"sameAs\":[\"https:\/\/www.facebook.com\/ZepEesti\"]}]}<\/script>\n<!-- \/ Yoast SEO plugin. -->","yoast_head_json":{"title":"I.D. RED AERO - Aurustuv dielektriline puhastusvahend I ZEP Eesti","description":"Efektiivne aerosoolpuhastaja eemaldab \u00f5li, rasva, pigi, mustuse ja m\u00e4\u00e4rded. Vahend aurustub ja imbub pinnalt v\u00e4ga kiiresti, lisaks eemaldab pinnalt mustuse.","robots":{"index":"index","follow":"follow","max-snippet":"max-snippet:-1","max-image-preview":"max-image-preview:large","max-video-preview":"max-video-preview:-1"},"canonical":"https:\/\/zepestonia.com\/en\/toode\/i-d-red-aero-new\/","og_locale":"en_US","og_type":"article","og_title":"I.D. RED AERO - Aurustuv dielektriline puhastusvahend I ZEP Eesti","og_description":"Efektiivne aerosoolpuhastaja eemaldab \u00f5li, rasva, pigi, mustuse ja m\u00e4\u00e4rded. Vahend aurustub ja imbub pinnalt v\u00e4ga kiiresti, lisaks eemaldab pinnalt mustuse.","og_url":"https:\/\/zepestonia.com\/en\/toode\/i-d-red-aero-new\/","og_site_name":"ZEP Eesti I Puhastusvahendid I E-pood","article_publisher":"https:\/\/www.facebook.com\/ZepEesti","article_modified_time":"2026-01-24T00:00:07+00:00","og_image":[{"width":400,"height":600,"url":"https:\/\/zepestonia.com\/wp-content\/uploads\/2021\/12\/84-60deaf62bd2a73-22012470-I-D-RED.png","type":"image\/png"}],"twitter_card":"summary_large_image","schema":{"@context":"https:\/\/schema.org","@graph":[{"@type":"WebPage","@id":"https:\/\/zepestonia.com\/en\/toode\/i-d-red-aero-new\/","url":"https:\/\/zepestonia.com\/en\/toode\/i-d-red-aero-new\/","name":"I.D. RED AERO - Aurustuv dielektriline puhastusvahend I ZEP Eesti","isPartOf":{"@id":"https:\/\/zepestonia.com\/en\/#website"},"primaryImageOfPage":{"@id":"https:\/\/zepestonia.com\/en\/toode\/i-d-red-aero-new\/#primaryimage"},"image":{"@id":"https:\/\/zepestonia.com\/en\/toode\/i-d-red-aero-new\/#primaryimage"},"thumbnailUrl":"https:\/\/zepestonia.com\/wp-content\/uploads\/2021\/12\/84-60deaf62bd2a73-22012470-I-D-RED.png","datePublished":"2021-11-29T19:00:39+00:00","dateModified":"2026-01-24T00:00:07+00:00","description":"Efektiivne aerosoolpuhastaja eemaldab \u00f5li, rasva, pigi, mustuse ja m\u00e4\u00e4rded. Vahend aurustub ja imbub pinnalt v\u00e4ga kiiresti, lisaks eemaldab pinnalt mustuse.","breadcrumb":{"@id":"https:\/\/zepestonia.com\/en\/toode\/i-d-red-aero-new\/#breadcrumb"},"inLanguage":"en-US","potentialAction":[{"@type":"ReadAction","target":["https:\/\/zepestonia.com\/en\/toode\/i-d-red-aero-new\/"]}]},{"@type":"ImageObject","inLanguage":"en-US","@id":"https:\/\/zepestonia.com\/en\/toode\/i-d-red-aero-new\/#primaryimage","url":"https:\/\/zepestonia.com\/wp-content\/uploads\/2021\/12\/84-60deaf62bd2a73-22012470-I-D-RED.png","contentUrl":"https:\/\/zepestonia.com\/wp-content\/uploads\/2021\/12\/84-60deaf62bd2a73-22012470-I-D-RED.png","width":400,"height":600,"caption":"84-60deaf62bd2a73-22012470-I-D-RED"},{"@type":"BreadcrumbList","@id":"https:\/\/zepestonia.com\/en\/toode\/i-d-red-aero-new\/#breadcrumb","itemListElement":[{"@type":"ListItem","position":1,"name":"Home","item":"https:\/\/zepestonia.com\/en\/"},{"@type":"ListItem","position":2,"name":"Shop","item":"https:\/\/zepestonia.com\/en\/?page_id=4643"},{"@type":"ListItem","position":3,"name":"ID RED AERO &#8211; Aurustuv dielektriline puhastusvahend"}]},{"@type":"WebSite","@id":"https:\/\/zepestonia.com\/en\/#website","url":"https:\/\/zepestonia.com\/en\/","name":"ZEP Eesti I Puhastusvahendid I E-pood","description":"Pakume puhastus- ja hooldusprobleemidele efektiivseid keskkonnas\u00f5bralikke lahendusi!","publisher":{"@id":"https:\/\/zepestonia.com\/en\/#organization"},"potentialAction":[{"@type":"SearchAction","target":{"@type":"EntryPoint","urlTemplate":"https:\/\/zepestonia.com\/en\/?s={search_term_string}"},"query-input":{"@type":"PropertyValueSpecification","valueRequired":true,"valueName":"search_term_string"}}],"inLanguage":"en-US"},{"@type":"Organization","@id":"https:\/\/zepestonia.com\/en\/#organization","name":"Zep Estonia","url":"https:\/\/zepestonia.com\/en\/","logo":{"@type":"ImageObject","inLanguage":"en-US","@id":"https:\/\/zepestonia.com\/en\/#\/schema\/logo\/image\/","url":"https:\/\/zepestonia.com\/wp-content\/uploads\/2022\/03\/Zep-Logo_png.jpeg","contentUrl":"https:\/\/zepestonia.com\/wp-content\/uploads\/2022\/03\/Zep-Logo_png.jpeg","width":109,"height":70,"caption":"Zep Estonia"},"image":{"@id":"https:\/\/zepestonia.com\/en\/#\/schema\/logo\/image\/"},"sameAs":["https:\/\/www.facebook.com\/ZepEesti"]}]}},"_links":{"self":[{"href":"https:\/\/zepestonia.com\/en\/wp-json\/wp\/v2\/product\/2875","targetHints":{"allow":["GET"]}}],"collection":[{"href":"https:\/\/zepestonia.com\/en\/wp-json\/wp\/v2\/product"}],"about":[{"href":"https:\/\/zepestonia.com\/en\/wp-json\/wp\/v2\/types\/product"}],"replies":[{"embeddable":true,"href":"https:\/\/zepestonia.com\/en\/wp-json\/wp\/v2\/comments?post=2875"}],"version-history":[{"count":2,"href":"https:\/\/zepestonia.com\/en\/wp-json\/wp\/v2\/product\/2875\/revisions"}],"predecessor-version":[{"id":10888,"href":"https:\/\/zepestonia.com\/en\/wp-json\/wp\/v2\/product\/2875\/revisions\/10888"}],"wp:featuredmedia":[{"embeddable":true,"href":"https:\/\/zepestonia.com\/en\/wp-json\/wp\/v2\/media\/3893"}],"wp:attachment":[{"href":"https:\/\/zepestonia.com\/en\/wp-json\/wp\/v2\/media?parent=2875"}],"wp:term":[{"taxonomy":"product_brand","embeddable":true,"href":"https:\/\/zepestonia.com\/en\/wp-json\/wp\/v2\/product_brand?post=2875"},{"taxonomy":"product_cat","embeddable":true,"href":"https:\/\/zepestonia.com\/en\/wp-json\/wp\/v2\/product_cat?post=2875"},{"taxonomy":"product_tag","embeddable":true,"href":"https:\/\/zepestonia.com\/en\/wp-json\/wp\/v2\/product_tag?post=2875"}],"curies":[{"name":"wp","href":"https:\/\/api.w.org\/{rel}","templated":true}]}}