{"id":2873,"date":"2021-11-29T19:00:38","date_gmt":"2021-11-29T19:00:38","guid":{"rendered":"https:\/\/zep.valgekana.ee\/toode\/aqua-soja-5l\/"},"modified":"2026-02-21T00:15:32","modified_gmt":"2026-02-21T00:15:32","slug":"aqua-soja-5l","status":"publish","type":"product","link":"https:\/\/zepestonia.com\/en\/toode\/aqua-soja-5l\/","title":{"rendered":"Aqua Soja 5L   &#8211; Looduskil puhastusvahend"},"content":{"rendered":"<p>S\u00f5ltuvalt mustusest lahjendada veega j\u00e4rgnevalt<\/p>\n<ul>\n<li>Tugev mustus: 1:3 &#8211; 1:10<\/li>\n<li>Keskmine mustus: 1:10 &#8211; 1:40<\/li>\n<li>Kerge mustus: 1:30 &#8211; 1:50<\/li>\n<\/ul>\n<p><span style=\"color:#FF0000\">NB!<\/span><\/p>\n<ul>\n<li>K\u00f5rge kontsentratsioon v\u00f5ib kahjustada v\u00e4rvitud pinda.<\/li>\n<li>Loputada korralikult.<\/li>\n<\/ul>\n<p><img decoding=\"async\" src=\"https:\/\/cdn.erply.com\/assets\/386945\/file\/hDvMfH2w1EgjEDhy6n0KaZd3ZtPG1aUD78gdm5WhUPbuuX3v9i.jpg\" \/><\/p>\n","protected":false},"excerpt":{"rendered":"<p>Sojap\u00f5hine toode lahustab ja eemaldab toidurasva ja paljud t\u00f6\u00f6stuslikud \u00f5lid ning rasvad.<br \/>\nV\u00f5ib kasutada nii \u00fcldpuhastusvahendina kui ka eriotstarbeliselt. V\u00f5ib kanda peale nii mopi, k\u00e4sna, pritsi v\u00f5i survepesuriga.<br \/>\nMitte s\u00f6\u00f6biv &#8211; v\u00f5ib kasutada k\u00f5ikidel pindadel, mida vesi ei kahjusta.<br \/>\nIdeaalne igap\u00e4evane puhastusvahend hotellides, motellides, haiglates, lennujaamades, remondit\u00f6\u00f6kodades, tanklates, toitlustusasutustes, vabaaja keskustes, koolides jne.<br \/>\nRegistreeritud NSF A1<\/p>\n","protected":false},"featured_media":14134,"comment_status":"closed","ping_status":"closed","template":"","meta":[],"product_brand":[],"product_cat":[196],"product_tag":[],"class_list":{"0":"post-2873","1":"product","2":"type-product","3":"status-publish","4":"has-post-thumbnail","6":"product_cat-suvapuhastus","8":"first","9":"instock","10":"taxable","11":"shipping-taxable","12":"purchasable","13":"product-type-simple"},"yoast_head":"<!-- This site is optimized with the Yoast SEO plugin v26.5 - https:\/\/yoast.com\/wordpress\/plugins\/seo\/ -->\n<title>Aqua Soja 5L - Looduslik puhastusvahend I ZEP Eesti<\/title>\n<meta name=\"description\" content=\"Sojap\u00f5hine toode lahustab ja eemaldab toidurasva\/\u00f5lid. Kasutada \u00fcldpuhastusvahendina ja eriotstarbeliselt k\u00f5ikidel pindadel. Ideaalne igap\u00e4evane puhastusvahend.\" \/>\n<meta name=\"robots\" content=\"index, follow, max-snippet:-1, max-image-preview:large, max-video-preview:-1\" \/>\n<link rel=\"canonical\" href=\"https:\/\/zepestonia.com\/en\/toode\/aqua-soja-5l\/\" \/>\n<meta property=\"og:locale\" content=\"en_US\" \/>\n<meta property=\"og:type\" content=\"article\" \/>\n<meta property=\"og:title\" content=\"Aqua Soja 5L - Looduslik puhastusvahend I ZEP Eesti\" \/>\n<meta property=\"og:description\" content=\"Sojap\u00f5hine toode lahustab ja eemaldab toidurasva\/\u00f5lid. Kasutada \u00fcldpuhastusvahendina ja eriotstarbeliselt k\u00f5ikidel pindadel. Ideaalne igap\u00e4evane puhastusvahend.\" \/>\n<meta property=\"og:url\" content=\"https:\/\/zepestonia.com\/en\/toode\/aqua-soja-5l\/\" \/>\n<meta property=\"og:site_name\" content=\"ZEP Eesti I Puhastusvahendid I E-pood\" \/>\n<meta property=\"article:publisher\" content=\"https:\/\/www.facebook.com\/ZepEesti\" \/>\n<meta property=\"article:modified_time\" content=\"2026-02-21T00:15:32+00:00\" \/>\n<meta property=\"og:image\" content=\"https:\/\/zepestonia.com\/wp-content\/uploads\/2026\/02\/AQUA-SOJA.png\" \/>\n\t<meta property=\"og:image:width\" content=\"200\" \/>\n\t<meta property=\"og:image:height\" content=\"300\" \/>\n\t<meta property=\"og:image:type\" content=\"image\/png\" \/>\n<meta name=\"twitter:card\" content=\"summary_large_image\" \/>\n<script type=\"application\/ld+json\" class=\"yoast-schema-graph\">{\"@context\":\"https:\/\/schema.org\",\"@graph\":[{\"@type\":\"WebPage\",\"@id\":\"https:\/\/zepestonia.com\/en\/toode\/aqua-soja-5l\/\",\"url\":\"https:\/\/zepestonia.com\/en\/toode\/aqua-soja-5l\/\",\"name\":\"Aqua Soja 5L - Looduslik puhastusvahend I ZEP Eesti\",\"isPartOf\":{\"@id\":\"https:\/\/zepestonia.com\/en\/#website\"},\"primaryImageOfPage\":{\"@id\":\"https:\/\/zepestonia.com\/en\/toode\/aqua-soja-5l\/#primaryimage\"},\"image\":{\"@id\":\"https:\/\/zepestonia.com\/en\/toode\/aqua-soja-5l\/#primaryimage\"},\"thumbnailUrl\":\"https:\/\/zepestonia.com\/wp-content\/uploads\/2026\/02\/AQUA-SOJA.png\",\"datePublished\":\"2021-11-29T19:00:38+00:00\",\"dateModified\":\"2026-02-21T00:15:32+00:00\",\"description\":\"Sojap\u00f5hine toode lahustab ja eemaldab toidurasva\/\u00f5lid. Kasutada \u00fcldpuhastusvahendina ja eriotstarbeliselt k\u00f5ikidel pindadel. Ideaalne igap\u00e4evane puhastusvahend.\",\"breadcrumb\":{\"@id\":\"https:\/\/zepestonia.com\/en\/toode\/aqua-soja-5l\/#breadcrumb\"},\"inLanguage\":\"en-US\",\"potentialAction\":[{\"@type\":\"ReadAction\",\"target\":[\"https:\/\/zepestonia.com\/en\/toode\/aqua-soja-5l\/\"]}]},{\"@type\":\"ImageObject\",\"inLanguage\":\"en-US\",\"@id\":\"https:\/\/zepestonia.com\/en\/toode\/aqua-soja-5l\/#primaryimage\",\"url\":\"https:\/\/zepestonia.com\/wp-content\/uploads\/2026\/02\/AQUA-SOJA.png\",\"contentUrl\":\"https:\/\/zepestonia.com\/wp-content\/uploads\/2026\/02\/AQUA-SOJA.png\",\"width\":200,\"height\":300,\"caption\":\"AQUA-SOJA\"},{\"@type\":\"BreadcrumbList\",\"@id\":\"https:\/\/zepestonia.com\/en\/toode\/aqua-soja-5l\/#breadcrumb\",\"itemListElement\":[{\"@type\":\"ListItem\",\"position\":1,\"name\":\"Home\",\"item\":\"https:\/\/zepestonia.com\/en\/\"},{\"@type\":\"ListItem\",\"position\":2,\"name\":\"Shop\",\"item\":\"https:\/\/zepestonia.com\/en\/?page_id=4643\"},{\"@type\":\"ListItem\",\"position\":3,\"name\":\"Aqua Soja 5L &#8211; Looduskil puhastusvahend\"}]},{\"@type\":\"WebSite\",\"@id\":\"https:\/\/zepestonia.com\/en\/#website\",\"url\":\"https:\/\/zepestonia.com\/en\/\",\"name\":\"ZEP Eesti I Puhastusvahendid I E-pood\",\"description\":\"Pakume puhastus- ja hooldusprobleemidele efektiivseid keskkonnas\u00f5bralikke lahendusi!\",\"publisher\":{\"@id\":\"https:\/\/zepestonia.com\/en\/#organization\"},\"potentialAction\":[{\"@type\":\"SearchAction\",\"target\":{\"@type\":\"EntryPoint\",\"urlTemplate\":\"https:\/\/zepestonia.com\/en\/?s={search_term_string}\"},\"query-input\":{\"@type\":\"PropertyValueSpecification\",\"valueRequired\":true,\"valueName\":\"search_term_string\"}}],\"inLanguage\":\"en-US\"},{\"@type\":\"Organization\",\"@id\":\"https:\/\/zepestonia.com\/en\/#organization\",\"name\":\"Zep Estonia\",\"url\":\"https:\/\/zepestonia.com\/en\/\",\"logo\":{\"@type\":\"ImageObject\",\"inLanguage\":\"en-US\",\"@id\":\"https:\/\/zepestonia.com\/en\/#\/schema\/logo\/image\/\",\"url\":\"https:\/\/zepestonia.com\/wp-content\/uploads\/2022\/03\/Zep-Logo_png.jpeg\",\"contentUrl\":\"https:\/\/zepestonia.com\/wp-content\/uploads\/2022\/03\/Zep-Logo_png.jpeg\",\"width\":109,\"height\":70,\"caption\":\"Zep Estonia\"},\"image\":{\"@id\":\"https:\/\/zepestonia.com\/en\/#\/schema\/logo\/image\/\"},\"sameAs\":[\"https:\/\/www.facebook.com\/ZepEesti\"]}]}<\/script>\n<!-- \/ Yoast SEO plugin. -->","yoast_head_json":{"title":"Aqua Soja 5L - Looduslik puhastusvahend I ZEP Eesti","description":"Sojap\u00f5hine toode lahustab ja eemaldab toidurasva\/\u00f5lid. Kasutada \u00fcldpuhastusvahendina ja eriotstarbeliselt k\u00f5ikidel pindadel. Ideaalne igap\u00e4evane puhastusvahend.","robots":{"index":"index","follow":"follow","max-snippet":"max-snippet:-1","max-image-preview":"max-image-preview:large","max-video-preview":"max-video-preview:-1"},"canonical":"https:\/\/zepestonia.com\/en\/toode\/aqua-soja-5l\/","og_locale":"en_US","og_type":"article","og_title":"Aqua Soja 5L - Looduslik puhastusvahend I ZEP Eesti","og_description":"Sojap\u00f5hine toode lahustab ja eemaldab toidurasva\/\u00f5lid. Kasutada \u00fcldpuhastusvahendina ja eriotstarbeliselt k\u00f5ikidel pindadel. Ideaalne igap\u00e4evane puhastusvahend.","og_url":"https:\/\/zepestonia.com\/en\/toode\/aqua-soja-5l\/","og_site_name":"ZEP Eesti I Puhastusvahendid I E-pood","article_publisher":"https:\/\/www.facebook.com\/ZepEesti","article_modified_time":"2026-02-21T00:15:32+00:00","og_image":[{"width":200,"height":300,"url":"https:\/\/zepestonia.com\/wp-content\/uploads\/2026\/02\/AQUA-SOJA.png","type":"image\/png"}],"twitter_card":"summary_large_image","schema":{"@context":"https:\/\/schema.org","@graph":[{"@type":"WebPage","@id":"https:\/\/zepestonia.com\/en\/toode\/aqua-soja-5l\/","url":"https:\/\/zepestonia.com\/en\/toode\/aqua-soja-5l\/","name":"Aqua Soja 5L - Looduslik puhastusvahend I ZEP Eesti","isPartOf":{"@id":"https:\/\/zepestonia.com\/en\/#website"},"primaryImageOfPage":{"@id":"https:\/\/zepestonia.com\/en\/toode\/aqua-soja-5l\/#primaryimage"},"image":{"@id":"https:\/\/zepestonia.com\/en\/toode\/aqua-soja-5l\/#primaryimage"},"thumbnailUrl":"https:\/\/zepestonia.com\/wp-content\/uploads\/2026\/02\/AQUA-SOJA.png","datePublished":"2021-11-29T19:00:38+00:00","dateModified":"2026-02-21T00:15:32+00:00","description":"Sojap\u00f5hine toode lahustab ja eemaldab toidurasva\/\u00f5lid. Kasutada \u00fcldpuhastusvahendina ja eriotstarbeliselt k\u00f5ikidel pindadel. Ideaalne igap\u00e4evane puhastusvahend.","breadcrumb":{"@id":"https:\/\/zepestonia.com\/en\/toode\/aqua-soja-5l\/#breadcrumb"},"inLanguage":"en-US","potentialAction":[{"@type":"ReadAction","target":["https:\/\/zepestonia.com\/en\/toode\/aqua-soja-5l\/"]}]},{"@type":"ImageObject","inLanguage":"en-US","@id":"https:\/\/zepestonia.com\/en\/toode\/aqua-soja-5l\/#primaryimage","url":"https:\/\/zepestonia.com\/wp-content\/uploads\/2026\/02\/AQUA-SOJA.png","contentUrl":"https:\/\/zepestonia.com\/wp-content\/uploads\/2026\/02\/AQUA-SOJA.png","width":200,"height":300,"caption":"AQUA-SOJA"},{"@type":"BreadcrumbList","@id":"https:\/\/zepestonia.com\/en\/toode\/aqua-soja-5l\/#breadcrumb","itemListElement":[{"@type":"ListItem","position":1,"name":"Home","item":"https:\/\/zepestonia.com\/en\/"},{"@type":"ListItem","position":2,"name":"Shop","item":"https:\/\/zepestonia.com\/en\/?page_id=4643"},{"@type":"ListItem","position":3,"name":"Aqua Soja 5L &#8211; Looduskil puhastusvahend"}]},{"@type":"WebSite","@id":"https:\/\/zepestonia.com\/en\/#website","url":"https:\/\/zepestonia.com\/en\/","name":"ZEP Eesti I Puhastusvahendid I E-pood","description":"Pakume puhastus- ja hooldusprobleemidele efektiivseid keskkonnas\u00f5bralikke lahendusi!","publisher":{"@id":"https:\/\/zepestonia.com\/en\/#organization"},"potentialAction":[{"@type":"SearchAction","target":{"@type":"EntryPoint","urlTemplate":"https:\/\/zepestonia.com\/en\/?s={search_term_string}"},"query-input":{"@type":"PropertyValueSpecification","valueRequired":true,"valueName":"search_term_string"}}],"inLanguage":"en-US"},{"@type":"Organization","@id":"https:\/\/zepestonia.com\/en\/#organization","name":"Zep Estonia","url":"https:\/\/zepestonia.com\/en\/","logo":{"@type":"ImageObject","inLanguage":"en-US","@id":"https:\/\/zepestonia.com\/en\/#\/schema\/logo\/image\/","url":"https:\/\/zepestonia.com\/wp-content\/uploads\/2022\/03\/Zep-Logo_png.jpeg","contentUrl":"https:\/\/zepestonia.com\/wp-content\/uploads\/2022\/03\/Zep-Logo_png.jpeg","width":109,"height":70,"caption":"Zep Estonia"},"image":{"@id":"https:\/\/zepestonia.com\/en\/#\/schema\/logo\/image\/"},"sameAs":["https:\/\/www.facebook.com\/ZepEesti"]}]}},"_links":{"self":[{"href":"https:\/\/zepestonia.com\/en\/wp-json\/wp\/v2\/product\/2873","targetHints":{"allow":["GET"]}}],"collection":[{"href":"https:\/\/zepestonia.com\/en\/wp-json\/wp\/v2\/product"}],"about":[{"href":"https:\/\/zepestonia.com\/en\/wp-json\/wp\/v2\/types\/product"}],"replies":[{"embeddable":true,"href":"https:\/\/zepestonia.com\/en\/wp-json\/wp\/v2\/comments?post=2873"}],"version-history":[{"count":3,"href":"https:\/\/zepestonia.com\/en\/wp-json\/wp\/v2\/product\/2873\/revisions"}],"predecessor-version":[{"id":14150,"href":"https:\/\/zepestonia.com\/en\/wp-json\/wp\/v2\/product\/2873\/revisions\/14150"}],"wp:featuredmedia":[{"embeddable":true,"href":"https:\/\/zepestonia.com\/en\/wp-json\/wp\/v2\/media\/14134"}],"wp:attachment":[{"href":"https:\/\/zepestonia.com\/en\/wp-json\/wp\/v2\/media?parent=2873"}],"wp:term":[{"taxonomy":"product_brand","embeddable":true,"href":"https:\/\/zepestonia.com\/en\/wp-json\/wp\/v2\/product_brand?post=2873"},{"taxonomy":"product_cat","embeddable":true,"href":"https:\/\/zepestonia.com\/en\/wp-json\/wp\/v2\/product_cat?post=2873"},{"taxonomy":"product_tag","embeddable":true,"href":"https:\/\/zepestonia.com\/en\/wp-json\/wp\/v2\/product_tag?post=2873"}],"curies":[{"name":"wp","href":"https:\/\/api.w.org\/{rel}","templated":true}]}}