{"id":2859,"date":"2021-11-29T19:00:37","date_gmt":"2021-11-29T19:00:37","guid":{"rendered":"https:\/\/zep.valgekana.ee\/toode\/kit-signolo-ferro\/"},"modified":"2025-07-01T00:24:25","modified_gmt":"2025-07-01T00:24:25","slug":"kit-signolo-ferro","status":"publish","type":"product","link":"https:\/\/zepestonia.com\/en\/toode\/kit-signolo-ferro\/","title":{"rendered":"KIT Signolo Ferro &#8211; Fe anal\u00fc\u00fcs"},"content":{"rendered":"","protected":false},"excerpt":{"rendered":"<p>Lihtne ja \u00f6konoomne komplekt Fe anal\u00fc\u00fcsimiseks. <\/p>\n","protected":false},"featured_media":3780,"comment_status":"closed","ping_status":"closed","template":"","meta":[],"product_brand":[],"product_cat":[225],"product_tag":[],"class_list":{"0":"post-2859","1":"product","2":"type-product","3":"status-publish","4":"has-post-thumbnail","6":"product_cat-tarvikud-veehooldus","8":"first","9":"instock","10":"taxable","11":"shipping-taxable","12":"purchasable","13":"product-type-simple"},"yoast_head":"<!-- This site is optimized with the Yoast SEO plugin v26.5 - https:\/\/yoast.com\/wordpress\/plugins\/seo\/ -->\n<title>KIT Signolo Ferro-Fe anal\u00fc\u00fcs, vees raua sisalduse m\u00f5\u00f5tmine I ZEP Eesti<\/title>\n<meta name=\"description\" content=\"Lihtne ja \u00f6konoomne komplekt anal\u00fc\u00fcsimiseks vees sisalduva Fe (raua) sisaldust. Komplekt raua sisalduse m\u00f5\u00f5tmiseks vees.\" \/>\n<meta name=\"robots\" content=\"index, follow, max-snippet:-1, max-image-preview:large, max-video-preview:-1\" \/>\n<link rel=\"canonical\" href=\"https:\/\/zepestonia.com\/en\/toode\/kit-signolo-ferro\/\" \/>\n<meta property=\"og:locale\" content=\"en_US\" \/>\n<meta property=\"og:type\" content=\"article\" \/>\n<meta property=\"og:title\" content=\"KIT Signolo Ferro-Fe anal\u00fc\u00fcs, vees raua sisalduse m\u00f5\u00f5tmine I ZEP Eesti\" \/>\n<meta property=\"og:description\" content=\"Lihtne ja \u00f6konoomne komplekt anal\u00fc\u00fcsimiseks vees sisalduva Fe (raua) sisaldust. Komplekt raua sisalduse m\u00f5\u00f5tmiseks vees.\" \/>\n<meta property=\"og:url\" content=\"https:\/\/zepestonia.com\/en\/toode\/kit-signolo-ferro\/\" \/>\n<meta property=\"og:site_name\" content=\"ZEP Eesti I Puhastusvahendid I E-pood\" \/>\n<meta property=\"article:publisher\" content=\"https:\/\/www.facebook.com\/ZepEesti\" \/>\n<meta property=\"article:modified_time\" content=\"2025-07-01T00:24:25+00:00\" \/>\n<meta property=\"og:image\" content=\"https:\/\/zepestonia.com\/wp-content\/uploads\/2021\/12\/575-60e25c932f8854-65663925-KIT20SINGOLO20FERRO.png\" \/>\n\t<meta property=\"og:image:width\" content=\"200\" \/>\n\t<meta property=\"og:image:height\" content=\"300\" \/>\n\t<meta property=\"og:image:type\" content=\"image\/png\" \/>\n<meta name=\"twitter:card\" content=\"summary_large_image\" \/>\n<script type=\"application\/ld+json\" class=\"yoast-schema-graph\">{\"@context\":\"https:\/\/schema.org\",\"@graph\":[{\"@type\":\"WebPage\",\"@id\":\"https:\/\/zepestonia.com\/en\/toode\/kit-signolo-ferro\/\",\"url\":\"https:\/\/zepestonia.com\/en\/toode\/kit-signolo-ferro\/\",\"name\":\"KIT Signolo Ferro-Fe anal\u00fc\u00fcs, vees raua sisalduse m\u00f5\u00f5tmine I ZEP Eesti\",\"isPartOf\":{\"@id\":\"https:\/\/zepestonia.com\/en\/#website\"},\"primaryImageOfPage\":{\"@id\":\"https:\/\/zepestonia.com\/en\/toode\/kit-signolo-ferro\/#primaryimage\"},\"image\":{\"@id\":\"https:\/\/zepestonia.com\/en\/toode\/kit-signolo-ferro\/#primaryimage\"},\"thumbnailUrl\":\"https:\/\/zepestonia.com\/wp-content\/uploads\/2021\/12\/575-60e25c932f8854-65663925-KIT20SINGOLO20FERRO.png\",\"datePublished\":\"2021-11-29T19:00:37+00:00\",\"dateModified\":\"2025-07-01T00:24:25+00:00\",\"description\":\"Lihtne ja \u00f6konoomne komplekt anal\u00fc\u00fcsimiseks vees sisalduva Fe (raua) sisaldust. Komplekt raua sisalduse m\u00f5\u00f5tmiseks vees.\",\"breadcrumb\":{\"@id\":\"https:\/\/zepestonia.com\/en\/toode\/kit-signolo-ferro\/#breadcrumb\"},\"inLanguage\":\"en-US\",\"potentialAction\":[{\"@type\":\"ReadAction\",\"target\":[\"https:\/\/zepestonia.com\/en\/toode\/kit-signolo-ferro\/\"]}]},{\"@type\":\"ImageObject\",\"inLanguage\":\"en-US\",\"@id\":\"https:\/\/zepestonia.com\/en\/toode\/kit-signolo-ferro\/#primaryimage\",\"url\":\"https:\/\/zepestonia.com\/wp-content\/uploads\/2021\/12\/575-60e25c932f8854-65663925-KIT20SINGOLO20FERRO.png\",\"contentUrl\":\"https:\/\/zepestonia.com\/wp-content\/uploads\/2021\/12\/575-60e25c932f8854-65663925-KIT20SINGOLO20FERRO.png\",\"width\":200,\"height\":300,\"caption\":\"575-60e25c932f8854-65663925-KIT20SINGOLO20FERRO\"},{\"@type\":\"BreadcrumbList\",\"@id\":\"https:\/\/zepestonia.com\/en\/toode\/kit-signolo-ferro\/#breadcrumb\",\"itemListElement\":[{\"@type\":\"ListItem\",\"position\":1,\"name\":\"Home\",\"item\":\"https:\/\/zepestonia.com\/en\/\"},{\"@type\":\"ListItem\",\"position\":2,\"name\":\"Shop\",\"item\":\"https:\/\/zepestonia.com\/en\/?page_id=4643\"},{\"@type\":\"ListItem\",\"position\":3,\"name\":\"KIT Signolo Ferro &#8211; Fe anal\u00fc\u00fcs\"}]},{\"@type\":\"WebSite\",\"@id\":\"https:\/\/zepestonia.com\/en\/#website\",\"url\":\"https:\/\/zepestonia.com\/en\/\",\"name\":\"ZEP Eesti I Puhastusvahendid I E-pood\",\"description\":\"Pakume puhastus- ja hooldusprobleemidele efektiivseid keskkonnas\u00f5bralikke lahendusi!\",\"publisher\":{\"@id\":\"https:\/\/zepestonia.com\/en\/#organization\"},\"potentialAction\":[{\"@type\":\"SearchAction\",\"target\":{\"@type\":\"EntryPoint\",\"urlTemplate\":\"https:\/\/zepestonia.com\/en\/?s={search_term_string}\"},\"query-input\":{\"@type\":\"PropertyValueSpecification\",\"valueRequired\":true,\"valueName\":\"search_term_string\"}}],\"inLanguage\":\"en-US\"},{\"@type\":\"Organization\",\"@id\":\"https:\/\/zepestonia.com\/en\/#organization\",\"name\":\"Zep Estonia\",\"url\":\"https:\/\/zepestonia.com\/en\/\",\"logo\":{\"@type\":\"ImageObject\",\"inLanguage\":\"en-US\",\"@id\":\"https:\/\/zepestonia.com\/en\/#\/schema\/logo\/image\/\",\"url\":\"https:\/\/zepestonia.com\/wp-content\/uploads\/2022\/03\/Zep-Logo_png.jpeg\",\"contentUrl\":\"https:\/\/zepestonia.com\/wp-content\/uploads\/2022\/03\/Zep-Logo_png.jpeg\",\"width\":109,\"height\":70,\"caption\":\"Zep Estonia\"},\"image\":{\"@id\":\"https:\/\/zepestonia.com\/en\/#\/schema\/logo\/image\/\"},\"sameAs\":[\"https:\/\/www.facebook.com\/ZepEesti\"]}]}<\/script>\n<!-- \/ Yoast SEO plugin. -->","yoast_head_json":{"title":"KIT Signolo Ferro-Fe anal\u00fc\u00fcs, vees raua sisalduse m\u00f5\u00f5tmine I ZEP Eesti","description":"Lihtne ja \u00f6konoomne komplekt anal\u00fc\u00fcsimiseks vees sisalduva Fe (raua) sisaldust. Komplekt raua sisalduse m\u00f5\u00f5tmiseks vees.","robots":{"index":"index","follow":"follow","max-snippet":"max-snippet:-1","max-image-preview":"max-image-preview:large","max-video-preview":"max-video-preview:-1"},"canonical":"https:\/\/zepestonia.com\/en\/toode\/kit-signolo-ferro\/","og_locale":"en_US","og_type":"article","og_title":"KIT Signolo Ferro-Fe anal\u00fc\u00fcs, vees raua sisalduse m\u00f5\u00f5tmine I ZEP Eesti","og_description":"Lihtne ja \u00f6konoomne komplekt anal\u00fc\u00fcsimiseks vees sisalduva Fe (raua) sisaldust. Komplekt raua sisalduse m\u00f5\u00f5tmiseks vees.","og_url":"https:\/\/zepestonia.com\/en\/toode\/kit-signolo-ferro\/","og_site_name":"ZEP Eesti I Puhastusvahendid I E-pood","article_publisher":"https:\/\/www.facebook.com\/ZepEesti","article_modified_time":"2025-07-01T00:24:25+00:00","og_image":[{"width":200,"height":300,"url":"https:\/\/zepestonia.com\/wp-content\/uploads\/2021\/12\/575-60e25c932f8854-65663925-KIT20SINGOLO20FERRO.png","type":"image\/png"}],"twitter_card":"summary_large_image","schema":{"@context":"https:\/\/schema.org","@graph":[{"@type":"WebPage","@id":"https:\/\/zepestonia.com\/en\/toode\/kit-signolo-ferro\/","url":"https:\/\/zepestonia.com\/en\/toode\/kit-signolo-ferro\/","name":"KIT Signolo Ferro-Fe anal\u00fc\u00fcs, vees raua sisalduse m\u00f5\u00f5tmine I ZEP Eesti","isPartOf":{"@id":"https:\/\/zepestonia.com\/en\/#website"},"primaryImageOfPage":{"@id":"https:\/\/zepestonia.com\/en\/toode\/kit-signolo-ferro\/#primaryimage"},"image":{"@id":"https:\/\/zepestonia.com\/en\/toode\/kit-signolo-ferro\/#primaryimage"},"thumbnailUrl":"https:\/\/zepestonia.com\/wp-content\/uploads\/2021\/12\/575-60e25c932f8854-65663925-KIT20SINGOLO20FERRO.png","datePublished":"2021-11-29T19:00:37+00:00","dateModified":"2025-07-01T00:24:25+00:00","description":"Lihtne ja \u00f6konoomne komplekt anal\u00fc\u00fcsimiseks vees sisalduva Fe (raua) sisaldust. Komplekt raua sisalduse m\u00f5\u00f5tmiseks vees.","breadcrumb":{"@id":"https:\/\/zepestonia.com\/en\/toode\/kit-signolo-ferro\/#breadcrumb"},"inLanguage":"en-US","potentialAction":[{"@type":"ReadAction","target":["https:\/\/zepestonia.com\/en\/toode\/kit-signolo-ferro\/"]}]},{"@type":"ImageObject","inLanguage":"en-US","@id":"https:\/\/zepestonia.com\/en\/toode\/kit-signolo-ferro\/#primaryimage","url":"https:\/\/zepestonia.com\/wp-content\/uploads\/2021\/12\/575-60e25c932f8854-65663925-KIT20SINGOLO20FERRO.png","contentUrl":"https:\/\/zepestonia.com\/wp-content\/uploads\/2021\/12\/575-60e25c932f8854-65663925-KIT20SINGOLO20FERRO.png","width":200,"height":300,"caption":"575-60e25c932f8854-65663925-KIT20SINGOLO20FERRO"},{"@type":"BreadcrumbList","@id":"https:\/\/zepestonia.com\/en\/toode\/kit-signolo-ferro\/#breadcrumb","itemListElement":[{"@type":"ListItem","position":1,"name":"Home","item":"https:\/\/zepestonia.com\/en\/"},{"@type":"ListItem","position":2,"name":"Shop","item":"https:\/\/zepestonia.com\/en\/?page_id=4643"},{"@type":"ListItem","position":3,"name":"KIT Signolo Ferro &#8211; Fe anal\u00fc\u00fcs"}]},{"@type":"WebSite","@id":"https:\/\/zepestonia.com\/en\/#website","url":"https:\/\/zepestonia.com\/en\/","name":"ZEP Eesti I Puhastusvahendid I E-pood","description":"Pakume puhastus- ja hooldusprobleemidele efektiivseid keskkonnas\u00f5bralikke lahendusi!","publisher":{"@id":"https:\/\/zepestonia.com\/en\/#organization"},"potentialAction":[{"@type":"SearchAction","target":{"@type":"EntryPoint","urlTemplate":"https:\/\/zepestonia.com\/en\/?s={search_term_string}"},"query-input":{"@type":"PropertyValueSpecification","valueRequired":true,"valueName":"search_term_string"}}],"inLanguage":"en-US"},{"@type":"Organization","@id":"https:\/\/zepestonia.com\/en\/#organization","name":"Zep Estonia","url":"https:\/\/zepestonia.com\/en\/","logo":{"@type":"ImageObject","inLanguage":"en-US","@id":"https:\/\/zepestonia.com\/en\/#\/schema\/logo\/image\/","url":"https:\/\/zepestonia.com\/wp-content\/uploads\/2022\/03\/Zep-Logo_png.jpeg","contentUrl":"https:\/\/zepestonia.com\/wp-content\/uploads\/2022\/03\/Zep-Logo_png.jpeg","width":109,"height":70,"caption":"Zep Estonia"},"image":{"@id":"https:\/\/zepestonia.com\/en\/#\/schema\/logo\/image\/"},"sameAs":["https:\/\/www.facebook.com\/ZepEesti"]}]}},"_links":{"self":[{"href":"https:\/\/zepestonia.com\/en\/wp-json\/wp\/v2\/product\/2859","targetHints":{"allow":["GET"]}}],"collection":[{"href":"https:\/\/zepestonia.com\/en\/wp-json\/wp\/v2\/product"}],"about":[{"href":"https:\/\/zepestonia.com\/en\/wp-json\/wp\/v2\/types\/product"}],"replies":[{"embeddable":true,"href":"https:\/\/zepestonia.com\/en\/wp-json\/wp\/v2\/comments?post=2859"}],"version-history":[{"count":1,"href":"https:\/\/zepestonia.com\/en\/wp-json\/wp\/v2\/product\/2859\/revisions"}],"predecessor-version":[{"id":12369,"href":"https:\/\/zepestonia.com\/en\/wp-json\/wp\/v2\/product\/2859\/revisions\/12369"}],"wp:featuredmedia":[{"embeddable":true,"href":"https:\/\/zepestonia.com\/en\/wp-json\/wp\/v2\/media\/3780"}],"wp:attachment":[{"href":"https:\/\/zepestonia.com\/en\/wp-json\/wp\/v2\/media?parent=2859"}],"wp:term":[{"taxonomy":"product_brand","embeddable":true,"href":"https:\/\/zepestonia.com\/en\/wp-json\/wp\/v2\/product_brand?post=2859"},{"taxonomy":"product_cat","embeddable":true,"href":"https:\/\/zepestonia.com\/en\/wp-json\/wp\/v2\/product_cat?post=2859"},{"taxonomy":"product_tag","embeddable":true,"href":"https:\/\/zepestonia.com\/en\/wp-json\/wp\/v2\/product_tag?post=2859"}],"curies":[{"name":"wp","href":"https:\/\/api.w.org\/{rel}","templated":true}]}}