{"id":2853,"date":"2021-11-29T19:00:37","date_gmt":"2021-11-29T19:00:37","guid":{"rendered":"https:\/\/zep.valgekana.ee\/toode\/a-one-5l\/"},"modified":"2025-07-01T00:24:38","modified_gmt":"2025-07-01T00:24:38","slug":"a-one-5l","status":"publish","type":"product","link":"https:\/\/zepestonia.com\/en\/toode\/a-one-5l\/","title":{"rendered":"A-ONE 5L  &#8211; Tugevatoimeline t\u00f6\u00f6stuslik puhastusvahend"},"content":{"rendered":"<h3><span style=\"font-size:14px\"><strong><span class=\"markedContent\" id=\"page35R_mcid3\"><span dir=\"ltr\" role=\"presentation\" style=\"left: 120.04px;top: 266.261px;font-family: sans-serif\">\u00dcldpuhastus:<\/span><\/span><\/strong><\/span><\/h3>\n<ul>\n<li><span style=\"font-size:14px\"><span class=\"markedContent\" id=\"page35R_mcid4\"><span dir=\"ltr\" role=\"presentation\" style=\"left: 180.033px;top: 290.461px;font-family: sans-serif\">Valmistada vesilahus vahekorras 1:5<\/span><span dir=\"ltr\" role=\"presentation\" style=\"left: 506.083px;top: 290.461px;font-family: sans-serif\">&#8211;<\/span><span dir=\"ltr\" role=\"presentation\" style=\"left: 512.483px;top: 290.461px;font-family: sans-serif\">10.<\/span><\/span><\/span><\/li>\n<li><span style=\"font-size:14px\"><span class=\"markedContent\" id=\"page35R_mcid5\"><span dir=\"ltr\" role=\"presentation\" style=\"left: 180.033px;top: 314.861px;font-family: sans-serif\">Kanda mop<\/span><span dir=\"ltr\" role=\"presentation\" style=\"left: 282.633px;top: 314.861px;font-family: sans-serif\">i v\u00f5<\/span><span dir=\"ltr\" role=\"presentation\" style=\"left: 313.633px;top: 314.861px;font-family: sans-serif\">i pritsiga pinnale.<\/span><\/span><\/span><\/li>\n<li><span style=\"font-size:14px\"><span class=\"markedContent\" id=\"page35R_mcid6\"><span dir=\"ltr\" role=\"presentation\" style=\"left: 180.033px;top: 339.261px;font-family: sans-serif\">Lasta m\u00f5juda 3<\/span><span dir=\"ltr\" role=\"presentation\" style=\"left: 317.083px;top: 339.261px;font-family: sans-serif\">&#8211;<\/span><span dir=\"ltr\" role=\"presentation\" style=\"left: 323.683px;top: 339.261px;font-family: sans-serif\">5 minutit, h\u00f5\u00f5ruda.<\/span><\/span><\/span><\/li>\n<li><span style=\"font-size:14px\"><span class=\"markedContent\" id=\"page35R_mcid7\"><span dir=\"ltr\" role=\"presentation\" style=\"left: 180.033px;top: 363.661px;font-family: sans-serif\">Loputada veega.<\/span><\/span><\/span><\/li>\n<\/ul>\n<p><span style=\"font-size:14px\"><strong><span class=\"markedContent\" id=\"page35R_mcid8\"><span dir=\"ltr\" role=\"presentation\" style=\"left: 120.04px;top: 386.661px;font-family: sans-serif\">Su<\/span><span dir=\"ltr\" role=\"presentation\" style=\"left: 144.64px;top: 386.661px;font-family: sans-serif\">itsukahjustused:<\/span><\/span><\/strong><\/span><\/p>\n<ul>\n<li><span style=\"font-size:14px\"><span class=\"markedContent\" id=\"page35R_mcid9\"><span dir=\"ltr\" role=\"presentation\" style=\"left: 180.033px;top: 410.861px;font-family: sans-serif\">Valmistada kuuma veega lahus 1:3.<\/span><\/span><\/span><\/li>\n<li><span style=\"font-size:14px\"><span class=\"markedContent\" id=\"page35R_mcid10\"><span dir=\"ltr\" role=\"presentation\" style=\"left: 180.033px;top: 435.311px;font-family: sans-serif\">Kanda peale harja v\u00f5i madala survega survepesuriga.<\/span><\/span><\/span><\/li>\n<li><span style=\"font-size:14px\"><span class=\"markedContent\" id=\"page35R_mcid11\"><span dir=\"ltr\" role=\"presentation\" style=\"left: 180.033px;top: 459.711px;font-family: sans-serif\">Vahendi kogus s\u00f5ltub mustuse<\/span><span dir=\"ltr\" role=\"presentation\" style=\"left: 452.293px;top: 459.711px;font-family: sans-serif\"> <\/span><span dir=\"ltr\" role=\"presentation\" style=\"left: 458.083px;top: 459.711px;font-family: sans-serif\">astmest ja pinna poorsusest.<\/span><\/span><\/span><\/li>\n<li><span style=\"font-size:14px\"><span class=\"markedContent\" id=\"page35R_mcid12\"><span dir=\"ltr\" role=\"presentation\" style=\"left: 180.033px;top: 483.911px;font-family: sans-serif\">Loputada veega.<\/span><\/span><\/span><\/li>\n<\/ul>\n<p><span style=\"font-size:14px\"><strong><span class=\"markedContent\" id=\"page35R_mcid13\"><span dir=\"ltr\" role=\"presentation\" style=\"left: 118.04px;top: 506.911px;font-family: sans-serif\">T<\/span><span dir=\"ltr\" role=\"presentation\" style=\"left: 130.24px;top: 506.911px;font-family: sans-serif\">\u00f6\u00f6stuslikud p\u00f5randad:<\/span><\/span><\/strong><\/span><\/p>\n<ul>\n<li><span style=\"font-size:14px\"><span class=\"markedContent\" id=\"page35R_mcid14\"><span dir=\"ltr\" role=\"presentation\" style=\"left: 180.033px;top: 531.311px;font-family: sans-serif\">Valmistada kuuma veega lahus 1:3<\/span><span dir=\"ltr\" role=\"presentation\" style=\"left: 491.683px;top: 531.311px;font-family: sans-serif\">&#8211;<\/span><span dir=\"ltr\" role=\"presentation\" style=\"left: 498.283px;top: 531.311px;font-family: sans-serif\">5.<\/span><\/span><\/span><\/li>\n<li><span style=\"font-size:14px\"><span class=\"markedContent\" id=\"page35R_mcid15\"><span dir=\"ltr\" role=\"presentation\" style=\"left: 180.033px;top: 555.711px;font-family: sans-serif\">Kanda pinnale<\/span><span dir=\"ltr\" role=\"presentation\" style=\"left: 308.033px;top: 555.711px;font-family: sans-serif\"> <\/span><span dir=\"ltr\" role=\"presentation\" style=\"left: 313.633px;top: 555.711px;font-family: sans-serif\">mopi v\u00f5i surve<\/span><span dir=\"ltr\" role=\"presentation\" style=\"left: 442.483px;top: 555.711px;font-family: sans-serif\">p<\/span><span dir=\"ltr\" role=\"presentation\" style=\"left: 453.683px;top: 555.711px;font-family: sans-serif\">esuriga.<\/span><\/span><\/span><\/li>\n<li><span style=\"font-size:14px\"><span class=\"markedContent\" id=\"page35R_mcid16\"><span dir=\"ltr\" role=\"presentation\" style=\"left: 180.033px;top: 580.111px;font-family: sans-serif\">Lasta m\u00f5juda 5<\/span><span dir=\"ltr\" role=\"presentation\" style=\"left: 317.083px;top: 580.111px;font-family: sans-serif\">&#8211;<\/span><span dir=\"ltr\" role=\"presentation\" style=\"left: 323.683px;top: 580.111px;font-family: sans-serif\">10 minutit.<\/span><\/span><\/span><\/li>\n<li><span style=\"font-size:14px\"><span class=\"markedContent\" id=\"page35R_mcid17\"><span dir=\"ltr\" role=\"presentation\" style=\"left: 180.033px;top: 604.311px;font-family: sans-serif\">Mitte lasta \u00e4ra kuivada.<\/span><\/span><\/span><\/li>\n<li><span style=\"font-size:14px\"><span class=\"markedContent\" id=\"page35R_mcid18\"><span dir=\"ltr\" role=\"presentation\" style=\"left: 180.033px;top: 628.711px;font-family: sans-serif\">Mustus korjata<\/span><span dir=\"ltr\" role=\"presentation\" style=\"left: 310.073px;top: 628.711px;font-family: sans-serif\"> <\/span><span dir=\"ltr\" role=\"presentation\" style=\"left: 315.883px;top: 628.711px;font-family: sans-serif\">kokku mopi v\u00f5i imuriga.<\/span><\/span><\/span><\/li>\n<li><span style=\"font-size:14px\"><span class=\"markedContent\" id=\"page35R_mcid19\"><span dir=\"ltr\" role=\"presentation\" style=\"left: 180.033px;top: 653.111px;font-family: sans-serif\">Loputada korralikult.<\/span><\/span><\/span><\/li>\n<\/ul>\n<p><span style=\"font-size:14px\"><strong><span class=\"markedContent\" id=\"page35R_mcid20\"><span dir=\"ltr\" role=\"presentation\" style=\"left: 118.04px;top: 676.111px;font-family: sans-serif\">Automaatsed p\u00f5randapesumasinad:<\/span><\/span><\/strong><\/span><\/p>\n<ul>\n<li><span style=\"font-size:14px\"><span class=\"markedContent\"><span dir=\"ltr\" role=\"presentation\" style=\"left: 180.033px;top: 700.511px;font-family: sans-serif\">Kasut<\/span><span dir=\"ltr\" role=\"presentation\" style=\"left: 231.233px;top: 700.511px;font-family: sans-serif\">ada<\/span><span dir=\"ltr\" role=\"presentation\" style=\"left: 264.713px;top: 700.511px;font-family: sans-serif\"> <\/span><span dir=\"ltr\" role=\"presentation\" style=\"left: 270.233px;top: 700.511px;font-family: sans-serif\">lahust 1:34 kuni 1:10 s\u00f5ltuvalt mustuse astmest.<\/span><\/span><\/span><\/li>\n<\/ul>\n<h3><span style=\"font-size:14px\"><span class=\"markedContent\" id=\"page35R_mcid23\"><strong><span style=\"color:#FF0000\"><span dir=\"ltr\" role=\"presentation\" style=\"left: 90px;top: 746.965px;font-family: sans-serif\">NB!<\/span><\/span><\/strong><span dir=\"ltr\" role=\"presentation\" style=\"left: 131.558px;top: 746.965px;font-family: sans-serif\"> <\/span><span dir=\"ltr\" role=\"presentation\" style=\"left: 138.04px;top: 746.965px;font-family: sans-serif\">M<\/span><span dir=\"ltr\" role=\"presentation\" style=\"left: 157.44px;top: 746.965px;font-family: sans-serif\">itte kasutada v\u00e4r<\/span><span dir=\"ltr\" role=\"presentation\" style=\"left: 341.683px;top: 746.965px;font-family: sans-serif\">vitud pindadel.<\/span><\/span><br \/>\n<span class=\"markedContent\"><span dir=\"ltr\" role=\"presentation\" style=\"left: 270.233px;top: 700.511px;font-family: sans-serif\">pH 10,5<\/span><\/span><\/span><\/h3>\n","protected":false},"excerpt":{"rendered":"<p>Ideaalne betoonp\u00f5randate, seinte, sissek\u00e4ikude ja  suurte ladude ning tehaste p\u00f5randate puhastust\u00f6\u00f6ks.<br \/>\nEemaldab tugeva mustuse, rasva, suitsukahjustused ja s\u00fcsinikuj\u00e4\u00e4gid.<br \/>\nSobilik nii survepesuri kui ka p\u00f5randapesumasinaga aga ka mopi v\u00f5i harjaga erinevate pindade puhastamiseks.<br \/>\nLubatud p\u00f5randapesuvahend toiduainetet\u00f6\u00f6stuse ruumides, kus ei t\u00f6\u00f6delda toiduaineid.<\/p>\n","protected":false},"featured_media":3704,"comment_status":"closed","ping_status":"closed","template":"","meta":[],"product_brand":[],"product_cat":[196],"product_tag":[],"class_list":{"0":"post-2853","1":"product","2":"type-product","3":"status-publish","4":"has-post-thumbnail","6":"product_cat-suvapuhastus","8":"first","9":"instock","10":"taxable","11":"shipping-taxable","12":"purchasable","13":"product-type-simple"},"yoast_head":"<!-- This site is optimized with the Yoast SEO plugin v26.5 - https:\/\/yoast.com\/wordpress\/plugins\/seo\/ -->\n<title>A-ONE 5L - Tugevatoimeline t\u00f6\u00f6stuslik puhastusvahend I ZEP Eesti<\/title>\n<meta name=\"description\" content=\"Sobib betoonp\u00f5randate, seinte, sissek\u00e4ikude, ladude ja tehaste p\u00f5randate puhastust\u00f6\u00f6ks. Eemaldab tugeva mustuse, rasva, suitsukahjustused ja s\u00fcsinikuj\u00e4\u00e4gid.\" \/>\n<meta name=\"robots\" content=\"index, follow, max-snippet:-1, max-image-preview:large, max-video-preview:-1\" \/>\n<link rel=\"canonical\" href=\"https:\/\/zepestonia.com\/en\/toode\/a-one-5l\/\" \/>\n<meta property=\"og:locale\" content=\"en_US\" \/>\n<meta property=\"og:type\" content=\"article\" \/>\n<meta property=\"og:title\" content=\"A-ONE 5L - Tugevatoimeline t\u00f6\u00f6stuslik puhastusvahend I ZEP Eesti\" \/>\n<meta property=\"og:description\" content=\"Sobib betoonp\u00f5randate, seinte, sissek\u00e4ikude, ladude ja tehaste p\u00f5randate puhastust\u00f6\u00f6ks. Eemaldab tugeva mustuse, rasva, suitsukahjustused ja s\u00fcsinikuj\u00e4\u00e4gid.\" \/>\n<meta property=\"og:url\" content=\"https:\/\/zepestonia.com\/en\/toode\/a-one-5l\/\" \/>\n<meta property=\"og:site_name\" content=\"ZEP Eesti I Puhastusvahendid I E-pood\" \/>\n<meta property=\"article:publisher\" content=\"https:\/\/www.facebook.com\/ZepEesti\" \/>\n<meta property=\"article:modified_time\" content=\"2025-07-01T00:24:38+00:00\" \/>\n<meta property=\"og:image\" content=\"https:\/\/zepestonia.com\/wp-content\/uploads\/2021\/12\/217-60b98082a851a1-04657671-A-ONE-1.png\" \/>\n\t<meta property=\"og:image:width\" content=\"400\" \/>\n\t<meta property=\"og:image:height\" content=\"600\" \/>\n\t<meta property=\"og:image:type\" content=\"image\/png\" \/>\n<meta name=\"twitter:card\" content=\"summary_large_image\" \/>\n<script type=\"application\/ld+json\" class=\"yoast-schema-graph\">{\"@context\":\"https:\/\/schema.org\",\"@graph\":[{\"@type\":\"WebPage\",\"@id\":\"https:\/\/zepestonia.com\/en\/toode\/a-one-5l\/\",\"url\":\"https:\/\/zepestonia.com\/en\/toode\/a-one-5l\/\",\"name\":\"A-ONE 5L - Tugevatoimeline t\u00f6\u00f6stuslik puhastusvahend I ZEP Eesti\",\"isPartOf\":{\"@id\":\"https:\/\/zepestonia.com\/en\/#website\"},\"primaryImageOfPage\":{\"@id\":\"https:\/\/zepestonia.com\/en\/toode\/a-one-5l\/#primaryimage\"},\"image\":{\"@id\":\"https:\/\/zepestonia.com\/en\/toode\/a-one-5l\/#primaryimage\"},\"thumbnailUrl\":\"https:\/\/zepestonia.com\/wp-content\/uploads\/2021\/12\/217-60b98082a851a1-04657671-A-ONE-1.png\",\"datePublished\":\"2021-11-29T19:00:37+00:00\",\"dateModified\":\"2025-07-01T00:24:38+00:00\",\"description\":\"Sobib betoonp\u00f5randate, seinte, sissek\u00e4ikude, ladude ja tehaste p\u00f5randate puhastust\u00f6\u00f6ks. Eemaldab tugeva mustuse, rasva, suitsukahjustused ja s\u00fcsinikuj\u00e4\u00e4gid.\",\"breadcrumb\":{\"@id\":\"https:\/\/zepestonia.com\/en\/toode\/a-one-5l\/#breadcrumb\"},\"inLanguage\":\"en-US\",\"potentialAction\":[{\"@type\":\"ReadAction\",\"target\":[\"https:\/\/zepestonia.com\/en\/toode\/a-one-5l\/\"]}]},{\"@type\":\"ImageObject\",\"inLanguage\":\"en-US\",\"@id\":\"https:\/\/zepestonia.com\/en\/toode\/a-one-5l\/#primaryimage\",\"url\":\"https:\/\/zepestonia.com\/wp-content\/uploads\/2021\/12\/217-60b98082a851a1-04657671-A-ONE-1.png\",\"contentUrl\":\"https:\/\/zepestonia.com\/wp-content\/uploads\/2021\/12\/217-60b98082a851a1-04657671-A-ONE-1.png\",\"width\":400,\"height\":600,\"caption\":\"217-60b98082a851a1-04657671-A-ONE-1\"},{\"@type\":\"BreadcrumbList\",\"@id\":\"https:\/\/zepestonia.com\/en\/toode\/a-one-5l\/#breadcrumb\",\"itemListElement\":[{\"@type\":\"ListItem\",\"position\":1,\"name\":\"Home\",\"item\":\"https:\/\/zepestonia.com\/en\/\"},{\"@type\":\"ListItem\",\"position\":2,\"name\":\"Shop\",\"item\":\"https:\/\/zepestonia.com\/en\/?page_id=4643\"},{\"@type\":\"ListItem\",\"position\":3,\"name\":\"A-ONE 5L &#8211; Tugevatoimeline t\u00f6\u00f6stuslik puhastusvahend\"}]},{\"@type\":\"WebSite\",\"@id\":\"https:\/\/zepestonia.com\/en\/#website\",\"url\":\"https:\/\/zepestonia.com\/en\/\",\"name\":\"ZEP Eesti I Puhastusvahendid I E-pood\",\"description\":\"Pakume puhastus- ja hooldusprobleemidele efektiivseid keskkonnas\u00f5bralikke lahendusi!\",\"publisher\":{\"@id\":\"https:\/\/zepestonia.com\/en\/#organization\"},\"potentialAction\":[{\"@type\":\"SearchAction\",\"target\":{\"@type\":\"EntryPoint\",\"urlTemplate\":\"https:\/\/zepestonia.com\/en\/?s={search_term_string}\"},\"query-input\":{\"@type\":\"PropertyValueSpecification\",\"valueRequired\":true,\"valueName\":\"search_term_string\"}}],\"inLanguage\":\"en-US\"},{\"@type\":\"Organization\",\"@id\":\"https:\/\/zepestonia.com\/en\/#organization\",\"name\":\"Zep Estonia\",\"url\":\"https:\/\/zepestonia.com\/en\/\",\"logo\":{\"@type\":\"ImageObject\",\"inLanguage\":\"en-US\",\"@id\":\"https:\/\/zepestonia.com\/en\/#\/schema\/logo\/image\/\",\"url\":\"https:\/\/zepestonia.com\/wp-content\/uploads\/2022\/03\/Zep-Logo_png.jpeg\",\"contentUrl\":\"https:\/\/zepestonia.com\/wp-content\/uploads\/2022\/03\/Zep-Logo_png.jpeg\",\"width\":109,\"height\":70,\"caption\":\"Zep Estonia\"},\"image\":{\"@id\":\"https:\/\/zepestonia.com\/en\/#\/schema\/logo\/image\/\"},\"sameAs\":[\"https:\/\/www.facebook.com\/ZepEesti\"]}]}<\/script>\n<!-- \/ Yoast SEO plugin. -->","yoast_head_json":{"title":"A-ONE 5L - Tugevatoimeline t\u00f6\u00f6stuslik puhastusvahend I ZEP Eesti","description":"Sobib betoonp\u00f5randate, seinte, sissek\u00e4ikude, ladude ja tehaste p\u00f5randate puhastust\u00f6\u00f6ks. Eemaldab tugeva mustuse, rasva, suitsukahjustused ja s\u00fcsinikuj\u00e4\u00e4gid.","robots":{"index":"index","follow":"follow","max-snippet":"max-snippet:-1","max-image-preview":"max-image-preview:large","max-video-preview":"max-video-preview:-1"},"canonical":"https:\/\/zepestonia.com\/en\/toode\/a-one-5l\/","og_locale":"en_US","og_type":"article","og_title":"A-ONE 5L - Tugevatoimeline t\u00f6\u00f6stuslik puhastusvahend I ZEP Eesti","og_description":"Sobib betoonp\u00f5randate, seinte, sissek\u00e4ikude, ladude ja tehaste p\u00f5randate puhastust\u00f6\u00f6ks. Eemaldab tugeva mustuse, rasva, suitsukahjustused ja s\u00fcsinikuj\u00e4\u00e4gid.","og_url":"https:\/\/zepestonia.com\/en\/toode\/a-one-5l\/","og_site_name":"ZEP Eesti I Puhastusvahendid I E-pood","article_publisher":"https:\/\/www.facebook.com\/ZepEesti","article_modified_time":"2025-07-01T00:24:38+00:00","og_image":[{"width":400,"height":600,"url":"https:\/\/zepestonia.com\/wp-content\/uploads\/2021\/12\/217-60b98082a851a1-04657671-A-ONE-1.png","type":"image\/png"}],"twitter_card":"summary_large_image","schema":{"@context":"https:\/\/schema.org","@graph":[{"@type":"WebPage","@id":"https:\/\/zepestonia.com\/en\/toode\/a-one-5l\/","url":"https:\/\/zepestonia.com\/en\/toode\/a-one-5l\/","name":"A-ONE 5L - Tugevatoimeline t\u00f6\u00f6stuslik puhastusvahend I ZEP Eesti","isPartOf":{"@id":"https:\/\/zepestonia.com\/en\/#website"},"primaryImageOfPage":{"@id":"https:\/\/zepestonia.com\/en\/toode\/a-one-5l\/#primaryimage"},"image":{"@id":"https:\/\/zepestonia.com\/en\/toode\/a-one-5l\/#primaryimage"},"thumbnailUrl":"https:\/\/zepestonia.com\/wp-content\/uploads\/2021\/12\/217-60b98082a851a1-04657671-A-ONE-1.png","datePublished":"2021-11-29T19:00:37+00:00","dateModified":"2025-07-01T00:24:38+00:00","description":"Sobib betoonp\u00f5randate, seinte, sissek\u00e4ikude, ladude ja tehaste p\u00f5randate puhastust\u00f6\u00f6ks. Eemaldab tugeva mustuse, rasva, suitsukahjustused ja s\u00fcsinikuj\u00e4\u00e4gid.","breadcrumb":{"@id":"https:\/\/zepestonia.com\/en\/toode\/a-one-5l\/#breadcrumb"},"inLanguage":"en-US","potentialAction":[{"@type":"ReadAction","target":["https:\/\/zepestonia.com\/en\/toode\/a-one-5l\/"]}]},{"@type":"ImageObject","inLanguage":"en-US","@id":"https:\/\/zepestonia.com\/en\/toode\/a-one-5l\/#primaryimage","url":"https:\/\/zepestonia.com\/wp-content\/uploads\/2021\/12\/217-60b98082a851a1-04657671-A-ONE-1.png","contentUrl":"https:\/\/zepestonia.com\/wp-content\/uploads\/2021\/12\/217-60b98082a851a1-04657671-A-ONE-1.png","width":400,"height":600,"caption":"217-60b98082a851a1-04657671-A-ONE-1"},{"@type":"BreadcrumbList","@id":"https:\/\/zepestonia.com\/en\/toode\/a-one-5l\/#breadcrumb","itemListElement":[{"@type":"ListItem","position":1,"name":"Home","item":"https:\/\/zepestonia.com\/en\/"},{"@type":"ListItem","position":2,"name":"Shop","item":"https:\/\/zepestonia.com\/en\/?page_id=4643"},{"@type":"ListItem","position":3,"name":"A-ONE 5L &#8211; Tugevatoimeline t\u00f6\u00f6stuslik puhastusvahend"}]},{"@type":"WebSite","@id":"https:\/\/zepestonia.com\/en\/#website","url":"https:\/\/zepestonia.com\/en\/","name":"ZEP Eesti I Puhastusvahendid I E-pood","description":"Pakume puhastus- ja hooldusprobleemidele efektiivseid keskkonnas\u00f5bralikke lahendusi!","publisher":{"@id":"https:\/\/zepestonia.com\/en\/#organization"},"potentialAction":[{"@type":"SearchAction","target":{"@type":"EntryPoint","urlTemplate":"https:\/\/zepestonia.com\/en\/?s={search_term_string}"},"query-input":{"@type":"PropertyValueSpecification","valueRequired":true,"valueName":"search_term_string"}}],"inLanguage":"en-US"},{"@type":"Organization","@id":"https:\/\/zepestonia.com\/en\/#organization","name":"Zep Estonia","url":"https:\/\/zepestonia.com\/en\/","logo":{"@type":"ImageObject","inLanguage":"en-US","@id":"https:\/\/zepestonia.com\/en\/#\/schema\/logo\/image\/","url":"https:\/\/zepestonia.com\/wp-content\/uploads\/2022\/03\/Zep-Logo_png.jpeg","contentUrl":"https:\/\/zepestonia.com\/wp-content\/uploads\/2022\/03\/Zep-Logo_png.jpeg","width":109,"height":70,"caption":"Zep Estonia"},"image":{"@id":"https:\/\/zepestonia.com\/en\/#\/schema\/logo\/image\/"},"sameAs":["https:\/\/www.facebook.com\/ZepEesti"]}]}},"_links":{"self":[{"href":"https:\/\/zepestonia.com\/en\/wp-json\/wp\/v2\/product\/2853","targetHints":{"allow":["GET"]}}],"collection":[{"href":"https:\/\/zepestonia.com\/en\/wp-json\/wp\/v2\/product"}],"about":[{"href":"https:\/\/zepestonia.com\/en\/wp-json\/wp\/v2\/types\/product"}],"replies":[{"embeddable":true,"href":"https:\/\/zepestonia.com\/en\/wp-json\/wp\/v2\/comments?post=2853"}],"version-history":[{"count":2,"href":"https:\/\/zepestonia.com\/en\/wp-json\/wp\/v2\/product\/2853\/revisions"}],"predecessor-version":[{"id":11182,"href":"https:\/\/zepestonia.com\/en\/wp-json\/wp\/v2\/product\/2853\/revisions\/11182"}],"wp:featuredmedia":[{"embeddable":true,"href":"https:\/\/zepestonia.com\/en\/wp-json\/wp\/v2\/media\/3704"}],"wp:attachment":[{"href":"https:\/\/zepestonia.com\/en\/wp-json\/wp\/v2\/media?parent=2853"}],"wp:term":[{"taxonomy":"product_brand","embeddable":true,"href":"https:\/\/zepestonia.com\/en\/wp-json\/wp\/v2\/product_brand?post=2853"},{"taxonomy":"product_cat","embeddable":true,"href":"https:\/\/zepestonia.com\/en\/wp-json\/wp\/v2\/product_cat?post=2853"},{"taxonomy":"product_tag","embeddable":true,"href":"https:\/\/zepestonia.com\/en\/wp-json\/wp\/v2\/product_tag?post=2853"}],"curies":[{"name":"wp","href":"https:\/\/api.w.org\/{rel}","templated":true}]}}