{"id":2846,"date":"2021-11-29T19:00:36","date_gmt":"2021-11-29T19:00:36","guid":{"rendered":"https:\/\/zep.valgekana.ee\/toode\/cerfox-1l\/"},"modified":"2026-01-26T00:00:08","modified_gmt":"2026-01-26T00:00:08","slug":"cerfox-1l","status":"publish","type":"product","link":"https:\/\/zepestonia.com\/en\/toode\/cerfox-1l\/","title":{"rendered":"Cerfox 1L &#8211; Soojusvahetite katlakivi ja mustuse eemaldaja"},"content":{"rendered":"<ul>\n<li><span style=\"font-family:arial,helvetica,sans-serif\"><span style=\"font-size:14px\"><span class=\"markedContent\" id=\"page3R_mcid18\"><span dir=\"ltr\" role=\"presentation\" style=\"left: 150.04px;top: 585.711px\">Eemaldada surveveega suuremad setted.<\/span><\/span><\/span><\/span><\/li>\n<li><span style=\"font-family:arial,helvetica,sans-serif\"><span style=\"font-size:14px\"><span class=\"markedContent\" id=\"page3R_mcid19\"><span dir=\"ltr\" role=\"presentation\" style=\"left: 150.04px;top: 610.111px\">Pihustada<\/span><span dir=\"ltr\" role=\"presentation\" style=\"left: 239.1px;top: 610.111px\"> <\/span><span dir=\"ltr\" role=\"presentation\" style=\"left: 244.833px;top: 610.111px\">Cerfox<\/span><span dir=\"ltr\" role=\"presentation\" style=\"left: 308.033px;top: 610.111px\">\u2019i<\/span><span dir=\"ltr\" role=\"presentation\" style=\"left: 316.873px;top: 610.111px\"> <\/span><span dir=\"ltr\" role=\"presentation\" style=\"left: 322.483px;top: 610.111px\">vesilahust vahekorras 1:3<\/span><span dir=\"ltr\" role=\"presentation\" style=\"left: 548.983px;top: 610.111px\"> <\/span><span dir=\"ltr\" role=\"presentation\" style=\"left: 554.717px;top: 610.111px\">\u2013<\/span><span dir=\"ltr\" role=\"presentation\" style=\"left: 565.837px;top: 610.111px\"> <\/span><span dir=\"ltr\" role=\"presentation\" style=\"left: 571.517px;top: 610.111px\">1:5<\/span><span dir=\"ltr\" role=\"presentation\" style=\"left: 599.217px;top: 610.111px\"> <\/span><span dir=\"ltr\" role=\"presentation\" style=\"left: 604.917px;top: 610.111px\">puhastatavale<\/span><span dir=\"ltr\" role=\"presentation\" style=\"left: 729.357px;top: 610.111px\"> <\/span><span dir=\"ltr\" role=\"presentation\" style=\"left: 734.967px;top: 610.111px\">pinnale<\/span><span dir=\"ltr\" role=\"presentation\" style=\"left: 799.567px;top: 610.111px\">.<\/span><\/span><\/span><\/span><\/li>\n<li><span style=\"font-family:arial,helvetica,sans-serif\"><span style=\"font-size:14px\"><span class=\"markedContent\" id=\"page3R_mcid20\"><span dir=\"ltr\" role=\"presentation\" style=\"left: 150.04px;top: 634.511px\">Loputa<\/span><span dir=\"ltr\" role=\"presentation\" style=\"left: 211.433px;top: 634.511px\">da p\u00f5hjalikult.<\/span><\/span><\/span><\/span><\/li>\n<\/ul>\n<p><span style=\"font-family:arial,helvetica,sans-serif\"><span style=\"font-size:14px\"><span class=\"markedContent\"><span dir=\"ltr\" role=\"presentation\" style=\"left: 211.433px;top: 634.511px\">pH &lt; 1,0<\/span><\/span><\/span><\/span><\/p>\n","protected":false},"excerpt":{"rendered":"<p>V\u00e4ga ohutu, kuid tugevatoimeline happeline vahend, mis eemaldab nii anorgaanilised j\u00e4\u00e4gid (rooste, katlakivi jne), kui ka orgaanilised (sudu, rasv jne.) j\u00e4ttes meeldiva kirsi aroomi.<br \/>\nIdeaalne k\u00f5ikidele pindadele; eriti efektiivne \u00f5hukonditsioneeride soojusvahetitele.<\/p>\n","protected":false},"featured_media":4994,"comment_status":"closed","ping_status":"closed","template":"","meta":[],"product_brand":[],"product_cat":[196],"product_tag":[],"class_list":{"0":"post-2846","1":"product","2":"type-product","3":"status-publish","4":"has-post-thumbnail","6":"product_cat-suvapuhastus","8":"first","9":"instock","10":"taxable","11":"shipping-taxable","12":"purchasable","13":"product-type-simple"},"yoast_head":"<!-- This site is optimized with the Yoast SEO plugin v26.5 - https:\/\/yoast.com\/wordpress\/plugins\/seo\/ -->\n<title>Cerfox 1L - Soojusvahetite katlakivi ja mustuse eemaldaja I ZEP Eesti<\/title>\n<meta name=\"description\" content=\"V\u00e4ga ohutu, kuid tugevatoimeline happeline vahend, mis eemaldab nii anorgaanilised j\u00e4\u00e4gid kui ka orgaanilised j\u00e4ttes meeldiva kirsi aroomi. K\u00f5ikidele pindadele.\" \/>\n<meta name=\"robots\" content=\"index, follow, max-snippet:-1, max-image-preview:large, max-video-preview:-1\" \/>\n<link rel=\"canonical\" href=\"https:\/\/zepestonia.com\/en\/toode\/cerfox-1l\/\" \/>\n<meta property=\"og:locale\" content=\"en_US\" \/>\n<meta property=\"og:type\" content=\"article\" \/>\n<meta property=\"og:title\" content=\"Cerfox 1L - Soojusvahetite katlakivi ja mustuse eemaldaja I ZEP Eesti\" \/>\n<meta property=\"og:description\" content=\"V\u00e4ga ohutu, kuid tugevatoimeline happeline vahend, mis eemaldab nii anorgaanilised j\u00e4\u00e4gid kui ka orgaanilised j\u00e4ttes meeldiva kirsi aroomi. K\u00f5ikidele pindadele.\" \/>\n<meta property=\"og:url\" content=\"https:\/\/zepestonia.com\/en\/toode\/cerfox-1l\/\" \/>\n<meta property=\"og:site_name\" content=\"ZEP Eesti I Puhastusvahendid I E-pood\" \/>\n<meta property=\"article:publisher\" content=\"https:\/\/www.facebook.com\/ZepEesti\" \/>\n<meta property=\"article:modified_time\" content=\"2026-01-26T00:00:08+00:00\" \/>\n<meta property=\"og:image\" content=\"https:\/\/zepestonia.com\/wp-content\/uploads\/2022\/02\/CERFOX-4.png\" \/>\n\t<meta property=\"og:image:width\" content=\"400\" \/>\n\t<meta property=\"og:image:height\" content=\"600\" \/>\n\t<meta property=\"og:image:type\" content=\"image\/png\" \/>\n<meta name=\"twitter:card\" content=\"summary_large_image\" \/>\n<script type=\"application\/ld+json\" class=\"yoast-schema-graph\">{\"@context\":\"https:\/\/schema.org\",\"@graph\":[{\"@type\":\"WebPage\",\"@id\":\"https:\/\/zepestonia.com\/en\/toode\/cerfox-1l\/\",\"url\":\"https:\/\/zepestonia.com\/en\/toode\/cerfox-1l\/\",\"name\":\"Cerfox 1L - Soojusvahetite katlakivi ja mustuse eemaldaja I ZEP Eesti\",\"isPartOf\":{\"@id\":\"https:\/\/zepestonia.com\/en\/#website\"},\"primaryImageOfPage\":{\"@id\":\"https:\/\/zepestonia.com\/en\/toode\/cerfox-1l\/#primaryimage\"},\"image\":{\"@id\":\"https:\/\/zepestonia.com\/en\/toode\/cerfox-1l\/#primaryimage\"},\"thumbnailUrl\":\"https:\/\/zepestonia.com\/wp-content\/uploads\/2022\/02\/CERFOX-4.png\",\"datePublished\":\"2021-11-29T19:00:36+00:00\",\"dateModified\":\"2026-01-26T00:00:08+00:00\",\"description\":\"V\u00e4ga ohutu, kuid tugevatoimeline happeline vahend, mis eemaldab nii anorgaanilised j\u00e4\u00e4gid kui ka orgaanilised j\u00e4ttes meeldiva kirsi aroomi. K\u00f5ikidele pindadele.\",\"breadcrumb\":{\"@id\":\"https:\/\/zepestonia.com\/en\/toode\/cerfox-1l\/#breadcrumb\"},\"inLanguage\":\"en-US\",\"potentialAction\":[{\"@type\":\"ReadAction\",\"target\":[\"https:\/\/zepestonia.com\/en\/toode\/cerfox-1l\/\"]}]},{\"@type\":\"ImageObject\",\"inLanguage\":\"en-US\",\"@id\":\"https:\/\/zepestonia.com\/en\/toode\/cerfox-1l\/#primaryimage\",\"url\":\"https:\/\/zepestonia.com\/wp-content\/uploads\/2022\/02\/CERFOX-4.png\",\"contentUrl\":\"https:\/\/zepestonia.com\/wp-content\/uploads\/2022\/02\/CERFOX-4.png\",\"width\":400,\"height\":600,\"caption\":\"CERFOX-4\"},{\"@type\":\"BreadcrumbList\",\"@id\":\"https:\/\/zepestonia.com\/en\/toode\/cerfox-1l\/#breadcrumb\",\"itemListElement\":[{\"@type\":\"ListItem\",\"position\":1,\"name\":\"Home\",\"item\":\"https:\/\/zepestonia.com\/en\/\"},{\"@type\":\"ListItem\",\"position\":2,\"name\":\"Shop\",\"item\":\"https:\/\/zepestonia.com\/en\/?page_id=4643\"},{\"@type\":\"ListItem\",\"position\":3,\"name\":\"Cerfox 1L &#8211; Soojusvahetite katlakivi ja mustuse eemaldaja\"}]},{\"@type\":\"WebSite\",\"@id\":\"https:\/\/zepestonia.com\/en\/#website\",\"url\":\"https:\/\/zepestonia.com\/en\/\",\"name\":\"ZEP Eesti I Puhastusvahendid I E-pood\",\"description\":\"Pakume puhastus- ja hooldusprobleemidele efektiivseid keskkonnas\u00f5bralikke lahendusi!\",\"publisher\":{\"@id\":\"https:\/\/zepestonia.com\/en\/#organization\"},\"potentialAction\":[{\"@type\":\"SearchAction\",\"target\":{\"@type\":\"EntryPoint\",\"urlTemplate\":\"https:\/\/zepestonia.com\/en\/?s={search_term_string}\"},\"query-input\":{\"@type\":\"PropertyValueSpecification\",\"valueRequired\":true,\"valueName\":\"search_term_string\"}}],\"inLanguage\":\"en-US\"},{\"@type\":\"Organization\",\"@id\":\"https:\/\/zepestonia.com\/en\/#organization\",\"name\":\"Zep Estonia\",\"url\":\"https:\/\/zepestonia.com\/en\/\",\"logo\":{\"@type\":\"ImageObject\",\"inLanguage\":\"en-US\",\"@id\":\"https:\/\/zepestonia.com\/en\/#\/schema\/logo\/image\/\",\"url\":\"https:\/\/zepestonia.com\/wp-content\/uploads\/2022\/03\/Zep-Logo_png.jpeg\",\"contentUrl\":\"https:\/\/zepestonia.com\/wp-content\/uploads\/2022\/03\/Zep-Logo_png.jpeg\",\"width\":109,\"height\":70,\"caption\":\"Zep Estonia\"},\"image\":{\"@id\":\"https:\/\/zepestonia.com\/en\/#\/schema\/logo\/image\/\"},\"sameAs\":[\"https:\/\/www.facebook.com\/ZepEesti\"]}]}<\/script>\n<!-- \/ Yoast SEO plugin. -->","yoast_head_json":{"title":"Cerfox 1L - Soojusvahetite katlakivi ja mustuse eemaldaja I ZEP Eesti","description":"V\u00e4ga ohutu, kuid tugevatoimeline happeline vahend, mis eemaldab nii anorgaanilised j\u00e4\u00e4gid kui ka orgaanilised j\u00e4ttes meeldiva kirsi aroomi. K\u00f5ikidele pindadele.","robots":{"index":"index","follow":"follow","max-snippet":"max-snippet:-1","max-image-preview":"max-image-preview:large","max-video-preview":"max-video-preview:-1"},"canonical":"https:\/\/zepestonia.com\/en\/toode\/cerfox-1l\/","og_locale":"en_US","og_type":"article","og_title":"Cerfox 1L - Soojusvahetite katlakivi ja mustuse eemaldaja I ZEP Eesti","og_description":"V\u00e4ga ohutu, kuid tugevatoimeline happeline vahend, mis eemaldab nii anorgaanilised j\u00e4\u00e4gid kui ka orgaanilised j\u00e4ttes meeldiva kirsi aroomi. K\u00f5ikidele pindadele.","og_url":"https:\/\/zepestonia.com\/en\/toode\/cerfox-1l\/","og_site_name":"ZEP Eesti I Puhastusvahendid I E-pood","article_publisher":"https:\/\/www.facebook.com\/ZepEesti","article_modified_time":"2026-01-26T00:00:08+00:00","og_image":[{"width":400,"height":600,"url":"https:\/\/zepestonia.com\/wp-content\/uploads\/2022\/02\/CERFOX-4.png","type":"image\/png"}],"twitter_card":"summary_large_image","schema":{"@context":"https:\/\/schema.org","@graph":[{"@type":"WebPage","@id":"https:\/\/zepestonia.com\/en\/toode\/cerfox-1l\/","url":"https:\/\/zepestonia.com\/en\/toode\/cerfox-1l\/","name":"Cerfox 1L - Soojusvahetite katlakivi ja mustuse eemaldaja I ZEP Eesti","isPartOf":{"@id":"https:\/\/zepestonia.com\/en\/#website"},"primaryImageOfPage":{"@id":"https:\/\/zepestonia.com\/en\/toode\/cerfox-1l\/#primaryimage"},"image":{"@id":"https:\/\/zepestonia.com\/en\/toode\/cerfox-1l\/#primaryimage"},"thumbnailUrl":"https:\/\/zepestonia.com\/wp-content\/uploads\/2022\/02\/CERFOX-4.png","datePublished":"2021-11-29T19:00:36+00:00","dateModified":"2026-01-26T00:00:08+00:00","description":"V\u00e4ga ohutu, kuid tugevatoimeline happeline vahend, mis eemaldab nii anorgaanilised j\u00e4\u00e4gid kui ka orgaanilised j\u00e4ttes meeldiva kirsi aroomi. K\u00f5ikidele pindadele.","breadcrumb":{"@id":"https:\/\/zepestonia.com\/en\/toode\/cerfox-1l\/#breadcrumb"},"inLanguage":"en-US","potentialAction":[{"@type":"ReadAction","target":["https:\/\/zepestonia.com\/en\/toode\/cerfox-1l\/"]}]},{"@type":"ImageObject","inLanguage":"en-US","@id":"https:\/\/zepestonia.com\/en\/toode\/cerfox-1l\/#primaryimage","url":"https:\/\/zepestonia.com\/wp-content\/uploads\/2022\/02\/CERFOX-4.png","contentUrl":"https:\/\/zepestonia.com\/wp-content\/uploads\/2022\/02\/CERFOX-4.png","width":400,"height":600,"caption":"CERFOX-4"},{"@type":"BreadcrumbList","@id":"https:\/\/zepestonia.com\/en\/toode\/cerfox-1l\/#breadcrumb","itemListElement":[{"@type":"ListItem","position":1,"name":"Home","item":"https:\/\/zepestonia.com\/en\/"},{"@type":"ListItem","position":2,"name":"Shop","item":"https:\/\/zepestonia.com\/en\/?page_id=4643"},{"@type":"ListItem","position":3,"name":"Cerfox 1L &#8211; Soojusvahetite katlakivi ja mustuse eemaldaja"}]},{"@type":"WebSite","@id":"https:\/\/zepestonia.com\/en\/#website","url":"https:\/\/zepestonia.com\/en\/","name":"ZEP Eesti I Puhastusvahendid I E-pood","description":"Pakume puhastus- ja hooldusprobleemidele efektiivseid keskkonnas\u00f5bralikke lahendusi!","publisher":{"@id":"https:\/\/zepestonia.com\/en\/#organization"},"potentialAction":[{"@type":"SearchAction","target":{"@type":"EntryPoint","urlTemplate":"https:\/\/zepestonia.com\/en\/?s={search_term_string}"},"query-input":{"@type":"PropertyValueSpecification","valueRequired":true,"valueName":"search_term_string"}}],"inLanguage":"en-US"},{"@type":"Organization","@id":"https:\/\/zepestonia.com\/en\/#organization","name":"Zep Estonia","url":"https:\/\/zepestonia.com\/en\/","logo":{"@type":"ImageObject","inLanguage":"en-US","@id":"https:\/\/zepestonia.com\/en\/#\/schema\/logo\/image\/","url":"https:\/\/zepestonia.com\/wp-content\/uploads\/2022\/03\/Zep-Logo_png.jpeg","contentUrl":"https:\/\/zepestonia.com\/wp-content\/uploads\/2022\/03\/Zep-Logo_png.jpeg","width":109,"height":70,"caption":"Zep Estonia"},"image":{"@id":"https:\/\/zepestonia.com\/en\/#\/schema\/logo\/image\/"},"sameAs":["https:\/\/www.facebook.com\/ZepEesti"]}]}},"_links":{"self":[{"href":"https:\/\/zepestonia.com\/en\/wp-json\/wp\/v2\/product\/2846","targetHints":{"allow":["GET"]}}],"collection":[{"href":"https:\/\/zepestonia.com\/en\/wp-json\/wp\/v2\/product"}],"about":[{"href":"https:\/\/zepestonia.com\/en\/wp-json\/wp\/v2\/types\/product"}],"replies":[{"embeddable":true,"href":"https:\/\/zepestonia.com\/en\/wp-json\/wp\/v2\/comments?post=2846"}],"version-history":[{"count":2,"href":"https:\/\/zepestonia.com\/en\/wp-json\/wp\/v2\/product\/2846\/revisions"}],"predecessor-version":[{"id":11235,"href":"https:\/\/zepestonia.com\/en\/wp-json\/wp\/v2\/product\/2846\/revisions\/11235"}],"wp:featuredmedia":[{"embeddable":true,"href":"https:\/\/zepestonia.com\/en\/wp-json\/wp\/v2\/media\/4994"}],"wp:attachment":[{"href":"https:\/\/zepestonia.com\/en\/wp-json\/wp\/v2\/media?parent=2846"}],"wp:term":[{"taxonomy":"product_brand","embeddable":true,"href":"https:\/\/zepestonia.com\/en\/wp-json\/wp\/v2\/product_brand?post=2846"},{"taxonomy":"product_cat","embeddable":true,"href":"https:\/\/zepestonia.com\/en\/wp-json\/wp\/v2\/product_cat?post=2846"},{"taxonomy":"product_tag","embeddable":true,"href":"https:\/\/zepestonia.com\/en\/wp-json\/wp\/v2\/product_tag?post=2846"}],"curies":[{"name":"wp","href":"https:\/\/api.w.org\/{rel}","templated":true}]}}