{"id":2841,"date":"2021-11-29T19:00:36","date_gmt":"2021-11-29T19:00:36","guid":{"rendered":"https:\/\/zep.valgekana.ee\/toode\/tko-250ml\/"},"modified":"2025-12-22T00:00:07","modified_gmt":"2025-12-22T00:00:07","slug":"tko-250ml","status":"publish","type":"product","link":"https:\/\/zepestonia.com\/en\/toode\/tko-250ml\/","title":{"rendered":"TKO 250ml &#8211; Abrasiivne seep"},"content":{"rendered":"<p><span style=\"font-family: Arial;font-size: 13px;font-style: normal;font-weight: 400;letter-spacing: normal;text-align: left;text-indent: 0px;text-transform: none;display: inline !important;float: none\">\u2022 <\/span>Tugevatoimeline seep m\u00e4\u00e4rdunud k\u00e4tele.<br \/>\n<span style=\"font-family: Arial;font-size: 13px;font-style: normal;font-weight: 400;letter-spacing: normal;text-align: left;text-indent: 0px;text-transform: none;display: inline !important;float: none\">\u2022 <\/span> Vahend ei sisalda lahustit, vaid pol\u00fcesterterasid, puhastusaineid, emulgaatoreid ja pehmendeid.<br \/>\n<span style=\"font-family: Arial;font-size: 13px;font-style: normal;font-weight: 400;letter-spacing: normal;text-align: left;text-indent: 0px;text-transform: none;display: inline !important;float: none\">\u2022 <\/span>K\u00f5ik koostisained on t\u00e4ielikult biolagunevad.<br \/>\n<span style=\"font-family: Arial;font-size: 13px;font-style: normal;font-weight: 400;letter-spacing: normal;text-align: left;text-indent: 0px;text-transform: none;display: inline !important;float: none\">\u2022 <\/span>Seep on h\u00e4sti vahutav ja ei j\u00e4ta p\u00e4rast loputamist k\u00e4tele seebikihti.<br \/>\n<span style=\"font-family: Arial;font-size: 13px;font-style: normal;font-weight: 400;letter-spacing: normal;text-align: left;text-indent: 0px;text-transform: none;display: inline !important;float: none\">\u2022 <\/span>Sidruni l\u00f5hn ei j\u00e4ta k\u00e4tele lahustihaisu.<br \/>\n<span style=\"font-family: Arial;font-size: 13px;font-style: normal;font-weight: 400;letter-spacing: normal;text-align: left;text-indent: 0px;text-transform: none;display: inline !important;float: none\">\u2022 <\/span>Suurep\u00e4rane kasutamiseks igasuguses ilmastikus.<br \/>\n<span style=\"font-family: Arial;font-size: 13px;font-style: normal;font-weight: 400;letter-spacing: normal;text-align: left;text-indent: 0px;text-transform: none;display: inline !important;float: none\">\u2022 <\/span>Kasutamiseks mehaanikutele, tr\u00fckkijatele, tehase- ja t\u00f6\u00f6stust\u00f6\u00f6tajatel.<br \/>\n<span style=\"font-family: Arial;font-size: 13px;font-style: normal;font-weight: 400;letter-spacing: normal;text-align: left;text-indent: 0px;text-transform: none;display: inline !important;float: none\">\u2022 <\/span>V\u00f5ib kasutada k\u00f5igil juhtudel, kui on vaja tugevat puhastust v\u00e4ga m\u00e4\u00e4rdunud k\u00e4tele.<\/p>\n<p><strong>Omadused:<\/strong> pH: 7,4,&nbsp;<br \/>\n<strong>Tarvik<\/strong>: D-4000<br \/>\n<strong>Kulu:<\/strong> <span style=\"font-family: Arial;font-size: 13px;font-style: normal;font-weight: 400;letter-spacing: normal;text-align: left;text-indent: 0px;text-transform: none;display: inline !important;float: none\">250ml \u2248 60-100 k\u00e4tepesu<\/span><\/p>\n","protected":false},"excerpt":{"rendered":"<p>Abrassiivne seep tugeva m\u00e4\u00e4rdumise eemaldamiseks. Vahend ei sisalda lahustit, vaid pol\u00fcesterterasid, puhastusaineid, emulgaatoreid ja pehmendeid. K\u00f5ik koostisained on t\u00e4ielikult biolagunevad. Seep on h\u00e4sti vahutav ja ei j\u00e4ta p\u00e4rast loputamist k\u00e4tele seebikihti. Sidruni l\u00f5hn ei j\u00e4ta k\u00e4tele lahustihaisu. Suurep\u00e4rane kasutamiseks igasuguses ilmastikus.<\/p>\n","protected":false},"featured_media":4894,"comment_status":"closed","ping_status":"closed","template":"","meta":[],"product_brand":[],"product_cat":[196],"product_tag":[],"class_list":{"0":"post-2841","1":"product","2":"type-product","3":"status-publish","4":"has-post-thumbnail","6":"product_cat-suvapuhastus","8":"first","9":"instock","10":"taxable","11":"shipping-taxable","12":"purchasable","13":"product-type-simple"},"yoast_head":"<!-- This site is optimized with the Yoast SEO plugin v26.5 - https:\/\/yoast.com\/wordpress\/plugins\/seo\/ -->\n<title>TKO 250ml - Abrasiivne seep, biolagunev koostis I ZEP Eesti<\/title>\n<meta name=\"description\" content=\"Abrassiivne seep tugeva m\u00e4\u00e4rdumise eemaldamiseks. K\u00f5ik koostisained on t\u00e4ielikult biolagunevad. Sidruni l\u00f5hn ei j\u00e4ta k\u00e4tele lahustihaisu. Kasutamine iga ilmaga.\" \/>\n<meta name=\"robots\" content=\"index, follow, max-snippet:-1, max-image-preview:large, max-video-preview:-1\" \/>\n<link rel=\"canonical\" href=\"https:\/\/zepestonia.com\/en\/toode\/tko-250ml\/\" \/>\n<meta property=\"og:locale\" content=\"en_US\" \/>\n<meta property=\"og:type\" content=\"article\" \/>\n<meta property=\"og:title\" content=\"TKO 250ml - Abrasiivne seep, biolagunev koostis I ZEP Eesti\" \/>\n<meta property=\"og:description\" content=\"Abrassiivne seep tugeva m\u00e4\u00e4rdumise eemaldamiseks. K\u00f5ik koostisained on t\u00e4ielikult biolagunevad. Sidruni l\u00f5hn ei j\u00e4ta k\u00e4tele lahustihaisu. Kasutamine iga ilmaga.\" \/>\n<meta property=\"og:url\" content=\"https:\/\/zepestonia.com\/en\/toode\/tko-250ml\/\" \/>\n<meta property=\"og:site_name\" content=\"ZEP Eesti I Puhastusvahendid I E-pood\" \/>\n<meta property=\"article:publisher\" content=\"https:\/\/www.facebook.com\/ZepEesti\" \/>\n<meta property=\"article:modified_time\" content=\"2025-12-22T00:00:07+00:00\" \/>\n<meta property=\"og:image\" content=\"https:\/\/zepestonia.com\/wp-content\/uploads\/2022\/02\/TKO-8.png\" \/>\n\t<meta property=\"og:image:width\" content=\"400\" \/>\n\t<meta property=\"og:image:height\" content=\"600\" \/>\n\t<meta property=\"og:image:type\" content=\"image\/png\" \/>\n<meta name=\"twitter:card\" content=\"summary_large_image\" \/>\n<script type=\"application\/ld+json\" class=\"yoast-schema-graph\">{\"@context\":\"https:\/\/schema.org\",\"@graph\":[{\"@type\":\"WebPage\",\"@id\":\"https:\/\/zepestonia.com\/en\/toode\/tko-250ml\/\",\"url\":\"https:\/\/zepestonia.com\/en\/toode\/tko-250ml\/\",\"name\":\"TKO 250ml - Abrasiivne seep, biolagunev koostis I ZEP Eesti\",\"isPartOf\":{\"@id\":\"https:\/\/zepestonia.com\/en\/#website\"},\"primaryImageOfPage\":{\"@id\":\"https:\/\/zepestonia.com\/en\/toode\/tko-250ml\/#primaryimage\"},\"image\":{\"@id\":\"https:\/\/zepestonia.com\/en\/toode\/tko-250ml\/#primaryimage\"},\"thumbnailUrl\":\"https:\/\/zepestonia.com\/wp-content\/uploads\/2022\/02\/TKO-8.png\",\"datePublished\":\"2021-11-29T19:00:36+00:00\",\"dateModified\":\"2025-12-22T00:00:07+00:00\",\"description\":\"Abrassiivne seep tugeva m\u00e4\u00e4rdumise eemaldamiseks. K\u00f5ik koostisained on t\u00e4ielikult biolagunevad. Sidruni l\u00f5hn ei j\u00e4ta k\u00e4tele lahustihaisu. Kasutamine iga ilmaga.\",\"breadcrumb\":{\"@id\":\"https:\/\/zepestonia.com\/en\/toode\/tko-250ml\/#breadcrumb\"},\"inLanguage\":\"en-US\",\"potentialAction\":[{\"@type\":\"ReadAction\",\"target\":[\"https:\/\/zepestonia.com\/en\/toode\/tko-250ml\/\"]}]},{\"@type\":\"ImageObject\",\"inLanguage\":\"en-US\",\"@id\":\"https:\/\/zepestonia.com\/en\/toode\/tko-250ml\/#primaryimage\",\"url\":\"https:\/\/zepestonia.com\/wp-content\/uploads\/2022\/02\/TKO-8.png\",\"contentUrl\":\"https:\/\/zepestonia.com\/wp-content\/uploads\/2022\/02\/TKO-8.png\",\"width\":400,\"height\":600,\"caption\":\"TKO-8\"},{\"@type\":\"BreadcrumbList\",\"@id\":\"https:\/\/zepestonia.com\/en\/toode\/tko-250ml\/#breadcrumb\",\"itemListElement\":[{\"@type\":\"ListItem\",\"position\":1,\"name\":\"Home\",\"item\":\"https:\/\/zepestonia.com\/en\/\"},{\"@type\":\"ListItem\",\"position\":2,\"name\":\"Shop\",\"item\":\"https:\/\/zepestonia.com\/en\/?page_id=4643\"},{\"@type\":\"ListItem\",\"position\":3,\"name\":\"TKO 250ml &#8211; Abrasiivne seep\"}]},{\"@type\":\"WebSite\",\"@id\":\"https:\/\/zepestonia.com\/en\/#website\",\"url\":\"https:\/\/zepestonia.com\/en\/\",\"name\":\"ZEP Eesti I Puhastusvahendid I E-pood\",\"description\":\"Pakume puhastus- ja hooldusprobleemidele efektiivseid keskkonnas\u00f5bralikke lahendusi!\",\"publisher\":{\"@id\":\"https:\/\/zepestonia.com\/en\/#organization\"},\"potentialAction\":[{\"@type\":\"SearchAction\",\"target\":{\"@type\":\"EntryPoint\",\"urlTemplate\":\"https:\/\/zepestonia.com\/en\/?s={search_term_string}\"},\"query-input\":{\"@type\":\"PropertyValueSpecification\",\"valueRequired\":true,\"valueName\":\"search_term_string\"}}],\"inLanguage\":\"en-US\"},{\"@type\":\"Organization\",\"@id\":\"https:\/\/zepestonia.com\/en\/#organization\",\"name\":\"Zep Estonia\",\"url\":\"https:\/\/zepestonia.com\/en\/\",\"logo\":{\"@type\":\"ImageObject\",\"inLanguage\":\"en-US\",\"@id\":\"https:\/\/zepestonia.com\/en\/#\/schema\/logo\/image\/\",\"url\":\"https:\/\/zepestonia.com\/wp-content\/uploads\/2022\/03\/Zep-Logo_png.jpeg\",\"contentUrl\":\"https:\/\/zepestonia.com\/wp-content\/uploads\/2022\/03\/Zep-Logo_png.jpeg\",\"width\":109,\"height\":70,\"caption\":\"Zep Estonia\"},\"image\":{\"@id\":\"https:\/\/zepestonia.com\/en\/#\/schema\/logo\/image\/\"},\"sameAs\":[\"https:\/\/www.facebook.com\/ZepEesti\"]}]}<\/script>\n<!-- \/ Yoast SEO plugin. -->","yoast_head_json":{"title":"TKO 250ml - Abrasiivne seep, biolagunev koostis I ZEP Eesti","description":"Abrassiivne seep tugeva m\u00e4\u00e4rdumise eemaldamiseks. K\u00f5ik koostisained on t\u00e4ielikult biolagunevad. Sidruni l\u00f5hn ei j\u00e4ta k\u00e4tele lahustihaisu. Kasutamine iga ilmaga.","robots":{"index":"index","follow":"follow","max-snippet":"max-snippet:-1","max-image-preview":"max-image-preview:large","max-video-preview":"max-video-preview:-1"},"canonical":"https:\/\/zepestonia.com\/en\/toode\/tko-250ml\/","og_locale":"en_US","og_type":"article","og_title":"TKO 250ml - Abrasiivne seep, biolagunev koostis I ZEP Eesti","og_description":"Abrassiivne seep tugeva m\u00e4\u00e4rdumise eemaldamiseks. K\u00f5ik koostisained on t\u00e4ielikult biolagunevad. Sidruni l\u00f5hn ei j\u00e4ta k\u00e4tele lahustihaisu. Kasutamine iga ilmaga.","og_url":"https:\/\/zepestonia.com\/en\/toode\/tko-250ml\/","og_site_name":"ZEP Eesti I Puhastusvahendid I E-pood","article_publisher":"https:\/\/www.facebook.com\/ZepEesti","article_modified_time":"2025-12-22T00:00:07+00:00","og_image":[{"width":400,"height":600,"url":"https:\/\/zepestonia.com\/wp-content\/uploads\/2022\/02\/TKO-8.png","type":"image\/png"}],"twitter_card":"summary_large_image","schema":{"@context":"https:\/\/schema.org","@graph":[{"@type":"WebPage","@id":"https:\/\/zepestonia.com\/en\/toode\/tko-250ml\/","url":"https:\/\/zepestonia.com\/en\/toode\/tko-250ml\/","name":"TKO 250ml - Abrasiivne seep, biolagunev koostis I ZEP Eesti","isPartOf":{"@id":"https:\/\/zepestonia.com\/en\/#website"},"primaryImageOfPage":{"@id":"https:\/\/zepestonia.com\/en\/toode\/tko-250ml\/#primaryimage"},"image":{"@id":"https:\/\/zepestonia.com\/en\/toode\/tko-250ml\/#primaryimage"},"thumbnailUrl":"https:\/\/zepestonia.com\/wp-content\/uploads\/2022\/02\/TKO-8.png","datePublished":"2021-11-29T19:00:36+00:00","dateModified":"2025-12-22T00:00:07+00:00","description":"Abrassiivne seep tugeva m\u00e4\u00e4rdumise eemaldamiseks. K\u00f5ik koostisained on t\u00e4ielikult biolagunevad. Sidruni l\u00f5hn ei j\u00e4ta k\u00e4tele lahustihaisu. Kasutamine iga ilmaga.","breadcrumb":{"@id":"https:\/\/zepestonia.com\/en\/toode\/tko-250ml\/#breadcrumb"},"inLanguage":"en-US","potentialAction":[{"@type":"ReadAction","target":["https:\/\/zepestonia.com\/en\/toode\/tko-250ml\/"]}]},{"@type":"ImageObject","inLanguage":"en-US","@id":"https:\/\/zepestonia.com\/en\/toode\/tko-250ml\/#primaryimage","url":"https:\/\/zepestonia.com\/wp-content\/uploads\/2022\/02\/TKO-8.png","contentUrl":"https:\/\/zepestonia.com\/wp-content\/uploads\/2022\/02\/TKO-8.png","width":400,"height":600,"caption":"TKO-8"},{"@type":"BreadcrumbList","@id":"https:\/\/zepestonia.com\/en\/toode\/tko-250ml\/#breadcrumb","itemListElement":[{"@type":"ListItem","position":1,"name":"Home","item":"https:\/\/zepestonia.com\/en\/"},{"@type":"ListItem","position":2,"name":"Shop","item":"https:\/\/zepestonia.com\/en\/?page_id=4643"},{"@type":"ListItem","position":3,"name":"TKO 250ml &#8211; Abrasiivne seep"}]},{"@type":"WebSite","@id":"https:\/\/zepestonia.com\/en\/#website","url":"https:\/\/zepestonia.com\/en\/","name":"ZEP Eesti I Puhastusvahendid I E-pood","description":"Pakume puhastus- ja hooldusprobleemidele efektiivseid keskkonnas\u00f5bralikke lahendusi!","publisher":{"@id":"https:\/\/zepestonia.com\/en\/#organization"},"potentialAction":[{"@type":"SearchAction","target":{"@type":"EntryPoint","urlTemplate":"https:\/\/zepestonia.com\/en\/?s={search_term_string}"},"query-input":{"@type":"PropertyValueSpecification","valueRequired":true,"valueName":"search_term_string"}}],"inLanguage":"en-US"},{"@type":"Organization","@id":"https:\/\/zepestonia.com\/en\/#organization","name":"Zep Estonia","url":"https:\/\/zepestonia.com\/en\/","logo":{"@type":"ImageObject","inLanguage":"en-US","@id":"https:\/\/zepestonia.com\/en\/#\/schema\/logo\/image\/","url":"https:\/\/zepestonia.com\/wp-content\/uploads\/2022\/03\/Zep-Logo_png.jpeg","contentUrl":"https:\/\/zepestonia.com\/wp-content\/uploads\/2022\/03\/Zep-Logo_png.jpeg","width":109,"height":70,"caption":"Zep Estonia"},"image":{"@id":"https:\/\/zepestonia.com\/en\/#\/schema\/logo\/image\/"},"sameAs":["https:\/\/www.facebook.com\/ZepEesti"]}]}},"_links":{"self":[{"href":"https:\/\/zepestonia.com\/en\/wp-json\/wp\/v2\/product\/2841","targetHints":{"allow":["GET"]}}],"collection":[{"href":"https:\/\/zepestonia.com\/en\/wp-json\/wp\/v2\/product"}],"about":[{"href":"https:\/\/zepestonia.com\/en\/wp-json\/wp\/v2\/types\/product"}],"replies":[{"embeddable":true,"href":"https:\/\/zepestonia.com\/en\/wp-json\/wp\/v2\/comments?post=2841"}],"version-history":[{"count":1,"href":"https:\/\/zepestonia.com\/en\/wp-json\/wp\/v2\/product\/2841\/revisions"}],"predecessor-version":[{"id":10195,"href":"https:\/\/zepestonia.com\/en\/wp-json\/wp\/v2\/product\/2841\/revisions\/10195"}],"wp:featuredmedia":[{"embeddable":true,"href":"https:\/\/zepestonia.com\/en\/wp-json\/wp\/v2\/media\/4894"}],"wp:attachment":[{"href":"https:\/\/zepestonia.com\/en\/wp-json\/wp\/v2\/media?parent=2841"}],"wp:term":[{"taxonomy":"product_brand","embeddable":true,"href":"https:\/\/zepestonia.com\/en\/wp-json\/wp\/v2\/product_brand?post=2841"},{"taxonomy":"product_cat","embeddable":true,"href":"https:\/\/zepestonia.com\/en\/wp-json\/wp\/v2\/product_cat?post=2841"},{"taxonomy":"product_tag","embeddable":true,"href":"https:\/\/zepestonia.com\/en\/wp-json\/wp\/v2\/product_tag?post=2841"}],"curies":[{"name":"wp","href":"https:\/\/api.w.org\/{rel}","templated":true}]}}