{"id":2839,"date":"2021-11-29T19:00:36","date_gmt":"2021-11-29T19:00:36","guid":{"rendered":"https:\/\/zep.valgekana.ee\/toode\/sale-granulare\/"},"modified":"2026-03-02T00:00:07","modified_gmt":"2026-03-02T00:00:07","slug":"sale-granulare","status":"publish","type":"product","link":"https:\/\/zepestonia.com\/en\/toode\/sale-granulare\/","title":{"rendered":"SALE GRANULARE &#8211; Veepehmenduse sool"},"content":{"rendered":"<ul>\n<li><span class=\"VIiyi\" lang=\"et\"><span class=\"JLqJ4b\" data-language-for-alternatives=\"et\" data-language-to-translate-into=\"nl\" data-number-of-phrases=\"1\" data-phrase-index=\"0\"><span>Kastuage vastavslt seadme kasutusjuhendi j\u00e4rgi.<\/span><\/span><\/span><\/li>\n<\/ul>\n<p><span class=\"VIiyi\" lang=\"et\"><span class=\"JLqJ4b\" data-language-for-alternatives=\"et\" data-language-to-translate-into=\"nl\" data-number-of-phrases=\"1\" data-phrase-index=\"0\"><span>Naatriumkloriid (NaCl) &gt; 99,4%<br \/>\nPadjakujuline tablett 25x20x14 mm<\/span><\/span><\/span><\/p>\n<p>&nbsp;<\/p>\n","protected":false},"excerpt":{"rendered":"<p>Sellel veepehmendamiseks m\u00f5eldud soolal on j\u00e4medam struktuur, et v\u00e4ltida kleepumist.<br \/>\nVeepehmendaja tagab v\u00e4hem katlakivi, mis t\u00e4hendab, et s\u00e4\u00e4state puhastusvahenditelt.<br \/>\nSoolatabletid sobivad igat t\u00fc\u00fcpi veepehmendajatesse ja ka elektrol\u00fc\u00fcsiseadmetes (basseinid), joogivees\u00fcsteemid ja autopesulad.<br \/>\nStandard EN 973:2009.<\/p>\n","protected":false},"featured_media":3542,"comment_status":"closed","ping_status":"closed","template":"","meta":[],"product_brand":[],"product_cat":[220],"product_tag":[],"class_list":{"0":"post-2839","1":"product","2":"type-product","3":"status-publish","4":"has-post-thumbnail","6":"product_cat-tarbevesi","8":"first","9":"instock","10":"taxable","11":"shipping-taxable","12":"purchasable","13":"product-type-simple"},"yoast_head":"<!-- This site is optimized with the Yoast SEO plugin v26.5 - https:\/\/yoast.com\/wordpress\/plugins\/seo\/ -->\n<title>SALE GRANULARE - Veepehmenduse sool, soolatabletid I ZEP Eesti<\/title>\n<meta name=\"description\" content=\"Veepehmendamiseks m\u00f5eldud soolal on j\u00e4medam struktuur, et v\u00e4ltida kleepumist. Veepehmendaja tagab palju v\u00e4hem katlakivi, seega s\u00e4\u00e4state puhastusvahendite pealt.\" \/>\n<meta name=\"robots\" content=\"index, follow, max-snippet:-1, max-image-preview:large, max-video-preview:-1\" \/>\n<link rel=\"canonical\" href=\"https:\/\/zepestonia.com\/en\/toode\/sale-granulare\/\" \/>\n<meta property=\"og:locale\" content=\"en_US\" \/>\n<meta property=\"og:type\" content=\"article\" \/>\n<meta property=\"og:title\" content=\"SALE GRANULARE - Veepehmenduse sool, soolatabletid I ZEP Eesti\" \/>\n<meta property=\"og:description\" content=\"Veepehmendamiseks m\u00f5eldud soolal on j\u00e4medam struktuur, et v\u00e4ltida kleepumist. Veepehmendaja tagab palju v\u00e4hem katlakivi, seega s\u00e4\u00e4state puhastusvahendite pealt.\" \/>\n<meta property=\"og:url\" content=\"https:\/\/zepestonia.com\/en\/toode\/sale-granulare\/\" \/>\n<meta property=\"og:site_name\" content=\"ZEP Eesti I Puhastusvahendid I E-pood\" \/>\n<meta property=\"article:publisher\" content=\"https:\/\/www.facebook.com\/ZepEesti\" \/>\n<meta property=\"article:modified_time\" content=\"2026-03-02T00:00:07+00:00\" \/>\n<meta property=\"og:image\" content=\"https:\/\/zepestonia.com\/wp-content\/uploads\/2021\/12\/693-60fa5844a868a6-46958314-SALE20GRANULARE.png\" \/>\n\t<meta property=\"og:image:width\" content=\"200\" \/>\n\t<meta property=\"og:image:height\" content=\"300\" \/>\n\t<meta property=\"og:image:type\" content=\"image\/png\" \/>\n<meta name=\"twitter:card\" content=\"summary_large_image\" \/>\n<script type=\"application\/ld+json\" class=\"yoast-schema-graph\">{\"@context\":\"https:\/\/schema.org\",\"@graph\":[{\"@type\":\"WebPage\",\"@id\":\"https:\/\/zepestonia.com\/en\/toode\/sale-granulare\/\",\"url\":\"https:\/\/zepestonia.com\/en\/toode\/sale-granulare\/\",\"name\":\"SALE GRANULARE - Veepehmenduse sool, soolatabletid I ZEP Eesti\",\"isPartOf\":{\"@id\":\"https:\/\/zepestonia.com\/en\/#website\"},\"primaryImageOfPage\":{\"@id\":\"https:\/\/zepestonia.com\/en\/toode\/sale-granulare\/#primaryimage\"},\"image\":{\"@id\":\"https:\/\/zepestonia.com\/en\/toode\/sale-granulare\/#primaryimage\"},\"thumbnailUrl\":\"https:\/\/zepestonia.com\/wp-content\/uploads\/2021\/12\/693-60fa5844a868a6-46958314-SALE20GRANULARE.png\",\"datePublished\":\"2021-11-29T19:00:36+00:00\",\"dateModified\":\"2026-03-02T00:00:07+00:00\",\"description\":\"Veepehmendamiseks m\u00f5eldud soolal on j\u00e4medam struktuur, et v\u00e4ltida kleepumist. Veepehmendaja tagab palju v\u00e4hem katlakivi, seega s\u00e4\u00e4state puhastusvahendite pealt.\",\"breadcrumb\":{\"@id\":\"https:\/\/zepestonia.com\/en\/toode\/sale-granulare\/#breadcrumb\"},\"inLanguage\":\"en-US\",\"potentialAction\":[{\"@type\":\"ReadAction\",\"target\":[\"https:\/\/zepestonia.com\/en\/toode\/sale-granulare\/\"]}]},{\"@type\":\"ImageObject\",\"inLanguage\":\"en-US\",\"@id\":\"https:\/\/zepestonia.com\/en\/toode\/sale-granulare\/#primaryimage\",\"url\":\"https:\/\/zepestonia.com\/wp-content\/uploads\/2021\/12\/693-60fa5844a868a6-46958314-SALE20GRANULARE.png\",\"contentUrl\":\"https:\/\/zepestonia.com\/wp-content\/uploads\/2021\/12\/693-60fa5844a868a6-46958314-SALE20GRANULARE.png\",\"width\":200,\"height\":300,\"caption\":\"693-60fa5844a868a6-46958314-SALE20GRANULARE\"},{\"@type\":\"BreadcrumbList\",\"@id\":\"https:\/\/zepestonia.com\/en\/toode\/sale-granulare\/#breadcrumb\",\"itemListElement\":[{\"@type\":\"ListItem\",\"position\":1,\"name\":\"Home\",\"item\":\"https:\/\/zepestonia.com\/en\/\"},{\"@type\":\"ListItem\",\"position\":2,\"name\":\"Shop\",\"item\":\"https:\/\/zepestonia.com\/en\/?page_id=4643\"},{\"@type\":\"ListItem\",\"position\":3,\"name\":\"SALE GRANULARE &#8211; Veepehmenduse sool\"}]},{\"@type\":\"WebSite\",\"@id\":\"https:\/\/zepestonia.com\/en\/#website\",\"url\":\"https:\/\/zepestonia.com\/en\/\",\"name\":\"ZEP Eesti I Puhastusvahendid I E-pood\",\"description\":\"Pakume puhastus- ja hooldusprobleemidele efektiivseid keskkonnas\u00f5bralikke lahendusi!\",\"publisher\":{\"@id\":\"https:\/\/zepestonia.com\/en\/#organization\"},\"potentialAction\":[{\"@type\":\"SearchAction\",\"target\":{\"@type\":\"EntryPoint\",\"urlTemplate\":\"https:\/\/zepestonia.com\/en\/?s={search_term_string}\"},\"query-input\":{\"@type\":\"PropertyValueSpecification\",\"valueRequired\":true,\"valueName\":\"search_term_string\"}}],\"inLanguage\":\"en-US\"},{\"@type\":\"Organization\",\"@id\":\"https:\/\/zepestonia.com\/en\/#organization\",\"name\":\"Zep Estonia\",\"url\":\"https:\/\/zepestonia.com\/en\/\",\"logo\":{\"@type\":\"ImageObject\",\"inLanguage\":\"en-US\",\"@id\":\"https:\/\/zepestonia.com\/en\/#\/schema\/logo\/image\/\",\"url\":\"https:\/\/zepestonia.com\/wp-content\/uploads\/2022\/03\/Zep-Logo_png.jpeg\",\"contentUrl\":\"https:\/\/zepestonia.com\/wp-content\/uploads\/2022\/03\/Zep-Logo_png.jpeg\",\"width\":109,\"height\":70,\"caption\":\"Zep Estonia\"},\"image\":{\"@id\":\"https:\/\/zepestonia.com\/en\/#\/schema\/logo\/image\/\"},\"sameAs\":[\"https:\/\/www.facebook.com\/ZepEesti\"]}]}<\/script>\n<!-- \/ Yoast SEO plugin. -->","yoast_head_json":{"title":"SALE GRANULARE - Veepehmenduse sool, soolatabletid I ZEP Eesti","description":"Veepehmendamiseks m\u00f5eldud soolal on j\u00e4medam struktuur, et v\u00e4ltida kleepumist. Veepehmendaja tagab palju v\u00e4hem katlakivi, seega s\u00e4\u00e4state puhastusvahendite pealt.","robots":{"index":"index","follow":"follow","max-snippet":"max-snippet:-1","max-image-preview":"max-image-preview:large","max-video-preview":"max-video-preview:-1"},"canonical":"https:\/\/zepestonia.com\/en\/toode\/sale-granulare\/","og_locale":"en_US","og_type":"article","og_title":"SALE GRANULARE - Veepehmenduse sool, soolatabletid I ZEP Eesti","og_description":"Veepehmendamiseks m\u00f5eldud soolal on j\u00e4medam struktuur, et v\u00e4ltida kleepumist. Veepehmendaja tagab palju v\u00e4hem katlakivi, seega s\u00e4\u00e4state puhastusvahendite pealt.","og_url":"https:\/\/zepestonia.com\/en\/toode\/sale-granulare\/","og_site_name":"ZEP Eesti I Puhastusvahendid I E-pood","article_publisher":"https:\/\/www.facebook.com\/ZepEesti","article_modified_time":"2026-03-02T00:00:07+00:00","og_image":[{"width":200,"height":300,"url":"https:\/\/zepestonia.com\/wp-content\/uploads\/2021\/12\/693-60fa5844a868a6-46958314-SALE20GRANULARE.png","type":"image\/png"}],"twitter_card":"summary_large_image","schema":{"@context":"https:\/\/schema.org","@graph":[{"@type":"WebPage","@id":"https:\/\/zepestonia.com\/en\/toode\/sale-granulare\/","url":"https:\/\/zepestonia.com\/en\/toode\/sale-granulare\/","name":"SALE GRANULARE - Veepehmenduse sool, soolatabletid I ZEP Eesti","isPartOf":{"@id":"https:\/\/zepestonia.com\/en\/#website"},"primaryImageOfPage":{"@id":"https:\/\/zepestonia.com\/en\/toode\/sale-granulare\/#primaryimage"},"image":{"@id":"https:\/\/zepestonia.com\/en\/toode\/sale-granulare\/#primaryimage"},"thumbnailUrl":"https:\/\/zepestonia.com\/wp-content\/uploads\/2021\/12\/693-60fa5844a868a6-46958314-SALE20GRANULARE.png","datePublished":"2021-11-29T19:00:36+00:00","dateModified":"2026-03-02T00:00:07+00:00","description":"Veepehmendamiseks m\u00f5eldud soolal on j\u00e4medam struktuur, et v\u00e4ltida kleepumist. Veepehmendaja tagab palju v\u00e4hem katlakivi, seega s\u00e4\u00e4state puhastusvahendite pealt.","breadcrumb":{"@id":"https:\/\/zepestonia.com\/en\/toode\/sale-granulare\/#breadcrumb"},"inLanguage":"en-US","potentialAction":[{"@type":"ReadAction","target":["https:\/\/zepestonia.com\/en\/toode\/sale-granulare\/"]}]},{"@type":"ImageObject","inLanguage":"en-US","@id":"https:\/\/zepestonia.com\/en\/toode\/sale-granulare\/#primaryimage","url":"https:\/\/zepestonia.com\/wp-content\/uploads\/2021\/12\/693-60fa5844a868a6-46958314-SALE20GRANULARE.png","contentUrl":"https:\/\/zepestonia.com\/wp-content\/uploads\/2021\/12\/693-60fa5844a868a6-46958314-SALE20GRANULARE.png","width":200,"height":300,"caption":"693-60fa5844a868a6-46958314-SALE20GRANULARE"},{"@type":"BreadcrumbList","@id":"https:\/\/zepestonia.com\/en\/toode\/sale-granulare\/#breadcrumb","itemListElement":[{"@type":"ListItem","position":1,"name":"Home","item":"https:\/\/zepestonia.com\/en\/"},{"@type":"ListItem","position":2,"name":"Shop","item":"https:\/\/zepestonia.com\/en\/?page_id=4643"},{"@type":"ListItem","position":3,"name":"SALE GRANULARE &#8211; Veepehmenduse sool"}]},{"@type":"WebSite","@id":"https:\/\/zepestonia.com\/en\/#website","url":"https:\/\/zepestonia.com\/en\/","name":"ZEP Eesti I Puhastusvahendid I E-pood","description":"Pakume puhastus- ja hooldusprobleemidele efektiivseid keskkonnas\u00f5bralikke lahendusi!","publisher":{"@id":"https:\/\/zepestonia.com\/en\/#organization"},"potentialAction":[{"@type":"SearchAction","target":{"@type":"EntryPoint","urlTemplate":"https:\/\/zepestonia.com\/en\/?s={search_term_string}"},"query-input":{"@type":"PropertyValueSpecification","valueRequired":true,"valueName":"search_term_string"}}],"inLanguage":"en-US"},{"@type":"Organization","@id":"https:\/\/zepestonia.com\/en\/#organization","name":"Zep Estonia","url":"https:\/\/zepestonia.com\/en\/","logo":{"@type":"ImageObject","inLanguage":"en-US","@id":"https:\/\/zepestonia.com\/en\/#\/schema\/logo\/image\/","url":"https:\/\/zepestonia.com\/wp-content\/uploads\/2022\/03\/Zep-Logo_png.jpeg","contentUrl":"https:\/\/zepestonia.com\/wp-content\/uploads\/2022\/03\/Zep-Logo_png.jpeg","width":109,"height":70,"caption":"Zep Estonia"},"image":{"@id":"https:\/\/zepestonia.com\/en\/#\/schema\/logo\/image\/"},"sameAs":["https:\/\/www.facebook.com\/ZepEesti"]}]}},"_links":{"self":[{"href":"https:\/\/zepestonia.com\/en\/wp-json\/wp\/v2\/product\/2839","targetHints":{"allow":["GET"]}}],"collection":[{"href":"https:\/\/zepestonia.com\/en\/wp-json\/wp\/v2\/product"}],"about":[{"href":"https:\/\/zepestonia.com\/en\/wp-json\/wp\/v2\/types\/product"}],"replies":[{"embeddable":true,"href":"https:\/\/zepestonia.com\/en\/wp-json\/wp\/v2\/comments?post=2839"}],"version-history":[{"count":1,"href":"https:\/\/zepestonia.com\/en\/wp-json\/wp\/v2\/product\/2839\/revisions"}],"predecessor-version":[{"id":10175,"href":"https:\/\/zepestonia.com\/en\/wp-json\/wp\/v2\/product\/2839\/revisions\/10175"}],"wp:featuredmedia":[{"embeddable":true,"href":"https:\/\/zepestonia.com\/en\/wp-json\/wp\/v2\/media\/3542"}],"wp:attachment":[{"href":"https:\/\/zepestonia.com\/en\/wp-json\/wp\/v2\/media?parent=2839"}],"wp:term":[{"taxonomy":"product_brand","embeddable":true,"href":"https:\/\/zepestonia.com\/en\/wp-json\/wp\/v2\/product_brand?post=2839"},{"taxonomy":"product_cat","embeddable":true,"href":"https:\/\/zepestonia.com\/en\/wp-json\/wp\/v2\/product_cat?post=2839"},{"taxonomy":"product_tag","embeddable":true,"href":"https:\/\/zepestonia.com\/en\/wp-json\/wp\/v2\/product_tag?post=2839"}],"curies":[{"name":"wp","href":"https:\/\/api.w.org\/{rel}","templated":true}]}}