{"id":2838,"date":"2021-11-29T19:00:36","date_gmt":"2021-11-29T19:00:36","guid":{"rendered":"https:\/\/zep.valgekana.ee\/toode\/terbutin\/"},"modified":"2025-07-01T00:24:27","modified_gmt":"2025-07-01T00:24:27","slug":"terbutin","status":"publish","type":"product","link":"https:\/\/zepestonia.com\/en\/toode\/terbutin\/","title":{"rendered":"TERBUTIN* &#8211; Looduslik putukat\u00f5rjevahend"},"content":{"rendered":"<ul>\n<li><span style=\"font-size:14px\"><span class=\"markedContent\" id=\"page3R_mcid33\"><span dir=\"ltr\" role=\"presentation\" style=\"left: 149.04px;top: 627.511px;font-family: sans-serif\">Lahjenda<\/span><span dir=\"ltr\" role=\"presentation\" style=\"left: 231.433px;top: 627.511px;font-family: sans-serif\">da<\/span><span dir=\"ltr\" role=\"presentation\" style=\"left: 253.753px;top: 627.511px;font-family: sans-serif\"> <\/span><span dir=\"ltr\" role=\"presentation\" style=\"left: 259.433px;top: 627.511px;font-family: sans-serif\">vahekorras 0,2<\/span><span dir=\"ltr\" role=\"presentation\" style=\"left: 391.483px;top: 627.511px;font-family: sans-serif\">\u2013<\/span><span dir=\"ltr\" role=\"presentation\" style=\"left: 402.683px;top: 627.511px;font-family: sans-serif\">0,4%<\/span><\/span><\/span><\/li>\n<li><span style=\"font-size:14px\"><span class=\"markedContent\" id=\"page3R_mcid34\"><span dir=\"ltr\" role=\"presentation\" style=\"left: 208.233px;top: 650.511px;font-family: sans-serif\">20<\/span><span dir=\"ltr\" role=\"presentation\" style=\"left: 230.633px;top: 650.511px;font-family: sans-serif\">\u2013<\/span><span dir=\"ltr\" role=\"presentation\" style=\"left: 241.633px;top: 650.511px;font-family: sans-serif\">40 ml<\/span><span dir=\"ltr\" role=\"presentation\" style=\"left: 290.613px;top: 650.511px;font-family: sans-serif\"> <\/span><span dir=\"ltr\" role=\"presentation\" style=\"left: 296.233px;top: 650.511px;font-family: sans-serif\">&#8211;<\/span><span dir=\"ltr\" role=\"presentation\" style=\"left: 302.893px;top: 650.511px;font-family: sans-serif\"> <\/span><span dir=\"ltr\" role=\"presentation\" style=\"left: 308.433px;top: 650.511px;font-family: sans-serif\">10 li<\/span><span dir=\"ltr\" role=\"presentation\" style=\"left: 345.083px;top: 650.511px;font-family: sans-serif\">itris vees<\/span><\/span><\/span><\/li>\n<li><span style=\"font-size:14px\"><span class=\"markedContent\" id=\"page3R_mcid36\"><span dir=\"ltr\" role=\"presentation\" style=\"left: 154.64px;top: 697.911px;font-family: sans-serif\">P<\/span><span dir=\"ltr\" role=\"presentation\" style=\"left: 168.033px;top: 697.911px;font-family: sans-serif\">ihusta<\/span><span dir=\"ltr\" role=\"presentation\" style=\"left: 221.433px;top: 697.911px;font-family: sans-serif\">da<\/span><span dir=\"ltr\" role=\"presentation\" style=\"left: 243.753px;top: 697.911px;font-family: sans-serif\"> <\/span><span dir=\"ltr\" role=\"presentation\" style=\"left: 249.233px;top: 697.911px;font-family: sans-serif\">saad<\/span><span dir=\"ltr\" role=\"presentation\" style=\"left: 292.633px;top: 697.911px;font-family: sans-serif\">ud emulsioon<\/span><span dir=\"ltr\" role=\"presentation\" style=\"left: 411.473px;top: 697.911px;font-family: sans-serif\"> <\/span><span dir=\"ltr\" role=\"presentation\" style=\"left: 417.083px;top: 697.911px;font-family: sans-serif\">t\u00f5rje<\/span><span dir=\"ltr\" role=\"presentation\" style=\"left: 456.083px;top: 697.911px;font-family: sans-serif\">koht<\/span><span dir=\"ltr\" role=\"presentation\" style=\"left: 493.883px;top: 697.911px;font-family: sans-serif\">a<\/span><span dir=\"ltr\" role=\"presentation\" style=\"left: 505.083px;top: 697.911px;font-family: sans-serif\">.<\/span><\/span><\/span><\/li>\n<\/ul>\n<p><strong><span style=\"color:#FF0000\"><span style=\"font-size:14px\"><span class=\"markedContent\" id=\"page3R_mcid37\"><span dir=\"ltr\" role=\"presentation\" style=\"left: 149.04px;top: 722.311px;font-family: sans-serif\">NB!<\/span><\/span><\/span><\/span><\/strong><\/p>\n<ul>\n<li><span style=\"font-size:14px\"><span class=\"markedContent\"><span dir=\"ltr\" role=\"presentation\" style=\"left: 149.04px;top: 722.311px;font-family: sans-serif\">Toodet tohib kasutada ainult<\/span><span dir=\"ltr\" role=\"presentation\" style=\"left: 400.2px;top: 722.311px;font-family: sans-serif\"> <\/span><span dir=\"ltr\" role=\"presentation\" style=\"left: 406.083px;top: 722.311px;font-family: sans-serif\">sellek<\/span><span dir=\"ltr\" role=\"presentation\" style=\"left: 457.083px;top: 722.311px;font-family: sans-serif\">s etten\u00e4<\/span><span dir=\"ltr\" role=\"presentation\" style=\"left: 528.317px;top: 722.311px;font-family: sans-serif\">htud<\/span><span dir=\"ltr\" role=\"presentation\" style=\"left: 567.017px;top: 722.311px;font-family: sans-serif\"> <\/span><span dir=\"ltr\" role=\"presentation\" style=\"left: 572.717px;top: 722.311px;font-family: sans-serif\">viisil<\/span><span dir=\"ltr\" role=\"presentation\" style=\"left: 610.317px;top: 722.311px;font-family: sans-serif\">!<\/span><\/span><\/span><\/li>\n<li><span style=\"font-size:14px\"><span class=\"markedContent\" id=\"page3R_mcid38\"><span dir=\"ltr\" role=\"presentation\" style=\"left: 149.04px;top: 746.511px;font-family: sans-serif\">Kasutamise ajal<\/span><span dir=\"ltr\" role=\"presentation\" style=\"left: 290.32px;top: 746.511px;font-family: sans-serif\"> <\/span><span dir=\"ltr\" role=\"presentation\" style=\"left: 296.033px;top: 746.511px;font-family: sans-serif\">v\u00e4ltida kokkupuudet<\/span><span dir=\"ltr\" role=\"presentation\" style=\"left: 472.673px;top: 746.511px;font-family: sans-serif\"> <\/span><span dir=\"ltr\" role=\"presentation\" style=\"left: 478.283px;top: 746.511px;font-family: sans-serif\">toit<\/span><span dir=\"ltr\" role=\"presentation\" style=\"left: 505.083px;top: 746.511px;font-family: sans-serif\">ainete<\/span><span dir=\"ltr\" role=\"presentation\" style=\"left: 559.517px;top: 746.511px;font-family: sans-serif\">, jook<\/span><span dir=\"ltr\" role=\"presentation\" style=\"left: 607.517px;top: 746.511px;font-family: sans-serif\">ide<\/span><span dir=\"ltr\" role=\"presentation\" style=\"left: 634.017px;top: 746.511px;font-family: sans-serif\"> <\/span><span dir=\"ltr\" role=\"presentation\" style=\"left: 639.717px;top: 746.511px;font-family: sans-serif\">ja<\/span><span dir=\"ltr\" role=\"presentation\" style=\"left: 655.277px;top: 746.511px;font-family: sans-serif\"> <\/span><span dir=\"ltr\" role=\"presentation\" style=\"left: 660.917px;top: 746.511px;font-family: sans-serif\">lauan\u00f5udega.<\/span><\/span><\/span><\/li>\n<li><span style=\"font-size:14px\"><span class=\"markedContent\" id=\"page3R_mcid39\"><span dir=\"ltr\" role=\"presentation\" style=\"left: 149.04px;top: 770.944px;font-family: sans-serif\">Mitte kasutada kontsentreeritud kujul<\/span><span dir=\"ltr\" role=\"presentation\" style=\"left: 475.083px;top: 770.944px;font-family: sans-serif\">.<\/span><\/span><\/span><\/li>\n<li><span style=\"font-size:14px\"><span class=\"markedContent\" id=\"page3R_mcid41\"><span dir=\"ltr\" role=\"presentation\" style=\"left: 149.04px;top: 819.744px;font-family: sans-serif\">Kinnistes<\/span><span dir=\"ltr\" role=\"presentation\" style=\"left: 230.38px;top: 819.744px;font-family: sans-serif\"> <\/span><span dir=\"ltr\" role=\"presentation\" style=\"left: 244.96px;top: 819.744px;font-family: sans-serif\">r<\/span><span dir=\"ltr\" role=\"presentation\" style=\"left: 251.633px;top: 819.744px;font-family: sans-serif\">uumides<\/span><span dir=\"ltr\" role=\"presentation\" style=\"left: 327.283px;top: 819.744px;font-family: sans-serif\">,<\/span><span dir=\"ltr\" role=\"presentation\" style=\"left: 332.843px;top: 819.744px;font-family: sans-serif\"> <\/span><span dir=\"ltr\" role=\"presentation\" style=\"left: 347.283px;top: 819.744px;font-family: sans-serif\">kus<\/span><span dir=\"ltr\" role=\"presentation\" style=\"left: 378.463px;top: 819.744px;font-family: sans-serif\"> <\/span><span dir=\"ltr\" role=\"presentation\" style=\"left: 393.083px;top: 819.744px;font-family: sans-serif\">t<\/span><span dir=\"ltr\" role=\"presentation\" style=\"left: 398.683px;top: 819.744px;font-family: sans-serif\">\u00f5rje<\/span><span dir=\"ltr\" role=\"presentation\" style=\"left: 432.083px;top: 819.744px;font-family: sans-serif\">t<\/span><span dir=\"ltr\" role=\"presentation\" style=\"left: 437.643px;top: 819.744px;font-family: sans-serif\"> <\/span><span dir=\"ltr\" role=\"presentation\" style=\"left: 452.283px;top: 819.744px;font-family: sans-serif\">on<\/span><span dir=\"ltr\" role=\"presentation\" style=\"left: 474.403px;top: 819.744px;font-family: sans-serif\"> <\/span><span dir=\"ltr\" role=\"presentation\" style=\"left: 489.083px;top: 819.744px;font-family: sans-serif\">teo<\/span><span dir=\"ltr\" role=\"presentation\" style=\"left: 517.083px;top: 819.744px;font-family: sans-serif\">statud<\/span><span dir=\"ltr\" role=\"presentation\" style=\"left: 571.517px;top: 819.744px;font-family: sans-serif\">,<\/span><span dir=\"ltr\" role=\"presentation\" style=\"left: 577.077px;top: 819.744px;font-family: sans-serif\"> <\/span><span dir=\"ltr\" role=\"presentation\" style=\"left: 591.717px;top: 819.744px;font-family: sans-serif\">tuleb<\/span><span dir=\"ltr\" role=\"presentation\" style=\"left: 634.997px;top: 819.744px;font-family: sans-serif\"> <\/span><span dir=\"ltr\" role=\"presentation\" style=\"left: 649.717px;top: 819.744px;font-family: sans-serif\">e<\/span><span dir=\"ltr\" role=\"presentation\" style=\"left: 660.717px;top: 819.744px;font-family: sans-serif\">nn<\/span><span dir=\"ltr\" role=\"presentation\" style=\"left: 683.117px;top: 819.744px;font-family: sans-serif\">e<\/span><span dir=\"ltr\" role=\"presentation\" style=\"left: 694.237px;top: 819.744px;font-family: sans-serif\"> <\/span><span dir=\"ltr\" role=\"presentation\" style=\"left: 708.917px;top: 819.744px;font-family: sans-serif\">kasutuselev\u00f5<\/span><span dir=\"ltr\" role=\"presentation\" style=\"left: 825.567px;top: 819.744px;font-family: sans-serif\">tt<\/span><span dir=\"ltr\" role=\"presentation\" style=\"left: 836.767px;top: 819.744px;font-family: sans-serif\">u<\/span><span dir=\"ltr\" role=\"presentation\" style=\"left: 847.887px;top: 819.744px;font-family: sans-serif\"> <\/span><span dir=\"ltr\" role=\"presentation\" style=\"left: 862.367px;top: 819.744px;font-family: sans-serif\">n<\/span><span dir=\"ltr\" role=\"presentation\" style=\"left: 873.567px;top: 819.744px;font-family: sans-serif\">eid<\/span> <span dir=\"ltr\" role=\"presentation\" style=\"left: 150.04px;top: 842.744px;font-family: sans-serif\">korralikult<\/span><span dir=\"ltr\" role=\"presentation\" style=\"left: 235.58px;top: 842.744px;font-family: sans-serif\"> <\/span><span dir=\"ltr\" role=\"presentation\" style=\"left: 241.233px;top: 842.744px;font-family: sans-serif\">tuulutada<\/span><span dir=\"ltr\" role=\"presentation\" style=\"left: 323.683px;top: 842.744px;font-family: sans-serif\">.<\/span><\/span><\/span><\/li>\n<\/ul>\n","protected":false},"excerpt":{"rendered":"<p>Efektiivne putukate, nagu k\u00e4rbsed, s\u00e4\u00e4sed, prussakad, kirbud, puugid jt. t\u00f5rjumiseks.<br \/>\nH\u00e4vitamistoiming on usaldatud looduslikule p\u00fcreetriinile (taimeekstrakt), p\u00fcsivuse tagab permetriin (s\u00fcnteetiline p\u00fcretroid).<br \/>\nToode on vees emulgeeritav.<br \/>\nSobib kasutamiseks nii sise- kui v\u00e4liskeskkonnas.<\/p>\n","protected":false},"featured_media":3695,"comment_status":"closed","ping_status":"closed","template":"","meta":[],"product_brand":[],"product_cat":[206],"product_tag":[],"class_list":{"0":"post-2838","1":"product","2":"type-product","3":"status-publish","4":"has-post-thumbnail","6":"product_cat-putukad-kahjurid","8":"first","9":"instock","10":"taxable","11":"shipping-taxable","12":"purchasable","13":"product-type-simple"},"yoast_head":"<!-- This site is optimized with the Yoast SEO plugin v26.5 - https:\/\/yoast.com\/wordpress\/plugins\/seo\/ -->\n<title>TERBUTIN* - Looduslik putukat\u00f5rjevahend I ZEP Eesti<\/title>\n<meta name=\"description\" content=\"Efektiivne putukate t\u00f5rjumiseks. H\u00e4vitamistoiming on usaldatud looduslikule p\u00fcreetriinile (taimeekstrakt), p\u00fcsivuse tagab permetriin (s\u00fcnteetiline p\u00fcretroid).\" \/>\n<meta name=\"robots\" content=\"index, follow, max-snippet:-1, max-image-preview:large, max-video-preview:-1\" \/>\n<link rel=\"canonical\" href=\"https:\/\/zepestonia.com\/en\/toode\/terbutin\/\" \/>\n<meta property=\"og:locale\" content=\"en_US\" \/>\n<meta property=\"og:type\" content=\"article\" \/>\n<meta property=\"og:title\" content=\"TERBUTIN* - Looduslik putukat\u00f5rjevahend I ZEP Eesti\" \/>\n<meta property=\"og:description\" content=\"Efektiivne putukate t\u00f5rjumiseks. H\u00e4vitamistoiming on usaldatud looduslikule p\u00fcreetriinile (taimeekstrakt), p\u00fcsivuse tagab permetriin (s\u00fcnteetiline p\u00fcretroid).\" \/>\n<meta property=\"og:url\" content=\"https:\/\/zepestonia.com\/en\/toode\/terbutin\/\" \/>\n<meta property=\"og:site_name\" content=\"ZEP Eesti I Puhastusvahendid I E-pood\" \/>\n<meta property=\"article:publisher\" content=\"https:\/\/www.facebook.com\/ZepEesti\" \/>\n<meta property=\"article:modified_time\" content=\"2025-07-01T00:24:27+00:00\" \/>\n<meta property=\"og:image\" content=\"https:\/\/zepestonia.com\/wp-content\/uploads\/2021\/12\/652-60ea38f90b6ea3-86446779-TERBUTIN.png\" \/>\n\t<meta property=\"og:image:width\" content=\"400\" \/>\n\t<meta property=\"og:image:height\" content=\"600\" \/>\n\t<meta property=\"og:image:type\" content=\"image\/png\" \/>\n<meta name=\"twitter:card\" content=\"summary_large_image\" \/>\n<script type=\"application\/ld+json\" class=\"yoast-schema-graph\">{\"@context\":\"https:\/\/schema.org\",\"@graph\":[{\"@type\":\"WebPage\",\"@id\":\"https:\/\/zepestonia.com\/en\/toode\/terbutin\/\",\"url\":\"https:\/\/zepestonia.com\/en\/toode\/terbutin\/\",\"name\":\"TERBUTIN* - Looduslik putukat\u00f5rjevahend I ZEP Eesti\",\"isPartOf\":{\"@id\":\"https:\/\/zepestonia.com\/en\/#website\"},\"primaryImageOfPage\":{\"@id\":\"https:\/\/zepestonia.com\/en\/toode\/terbutin\/#primaryimage\"},\"image\":{\"@id\":\"https:\/\/zepestonia.com\/en\/toode\/terbutin\/#primaryimage\"},\"thumbnailUrl\":\"https:\/\/zepestonia.com\/wp-content\/uploads\/2021\/12\/652-60ea38f90b6ea3-86446779-TERBUTIN.png\",\"datePublished\":\"2021-11-29T19:00:36+00:00\",\"dateModified\":\"2025-07-01T00:24:27+00:00\",\"description\":\"Efektiivne putukate t\u00f5rjumiseks. H\u00e4vitamistoiming on usaldatud looduslikule p\u00fcreetriinile (taimeekstrakt), p\u00fcsivuse tagab permetriin (s\u00fcnteetiline p\u00fcretroid).\",\"breadcrumb\":{\"@id\":\"https:\/\/zepestonia.com\/en\/toode\/terbutin\/#breadcrumb\"},\"inLanguage\":\"en-US\",\"potentialAction\":[{\"@type\":\"ReadAction\",\"target\":[\"https:\/\/zepestonia.com\/en\/toode\/terbutin\/\"]}]},{\"@type\":\"ImageObject\",\"inLanguage\":\"en-US\",\"@id\":\"https:\/\/zepestonia.com\/en\/toode\/terbutin\/#primaryimage\",\"url\":\"https:\/\/zepestonia.com\/wp-content\/uploads\/2021\/12\/652-60ea38f90b6ea3-86446779-TERBUTIN.png\",\"contentUrl\":\"https:\/\/zepestonia.com\/wp-content\/uploads\/2021\/12\/652-60ea38f90b6ea3-86446779-TERBUTIN.png\",\"width\":400,\"height\":600,\"caption\":\"652-60ea38f90b6ea3-86446779-TERBUTIN\"},{\"@type\":\"BreadcrumbList\",\"@id\":\"https:\/\/zepestonia.com\/en\/toode\/terbutin\/#breadcrumb\",\"itemListElement\":[{\"@type\":\"ListItem\",\"position\":1,\"name\":\"Home\",\"item\":\"https:\/\/zepestonia.com\/en\/\"},{\"@type\":\"ListItem\",\"position\":2,\"name\":\"Shop\",\"item\":\"https:\/\/zepestonia.com\/en\/?page_id=4643\"},{\"@type\":\"ListItem\",\"position\":3,\"name\":\"TERBUTIN* &#8211; Looduslik putukat\u00f5rjevahend\"}]},{\"@type\":\"WebSite\",\"@id\":\"https:\/\/zepestonia.com\/en\/#website\",\"url\":\"https:\/\/zepestonia.com\/en\/\",\"name\":\"ZEP Eesti I Puhastusvahendid I E-pood\",\"description\":\"Pakume puhastus- ja hooldusprobleemidele efektiivseid keskkonnas\u00f5bralikke lahendusi!\",\"publisher\":{\"@id\":\"https:\/\/zepestonia.com\/en\/#organization\"},\"potentialAction\":[{\"@type\":\"SearchAction\",\"target\":{\"@type\":\"EntryPoint\",\"urlTemplate\":\"https:\/\/zepestonia.com\/en\/?s={search_term_string}\"},\"query-input\":{\"@type\":\"PropertyValueSpecification\",\"valueRequired\":true,\"valueName\":\"search_term_string\"}}],\"inLanguage\":\"en-US\"},{\"@type\":\"Organization\",\"@id\":\"https:\/\/zepestonia.com\/en\/#organization\",\"name\":\"Zep Estonia\",\"url\":\"https:\/\/zepestonia.com\/en\/\",\"logo\":{\"@type\":\"ImageObject\",\"inLanguage\":\"en-US\",\"@id\":\"https:\/\/zepestonia.com\/en\/#\/schema\/logo\/image\/\",\"url\":\"https:\/\/zepestonia.com\/wp-content\/uploads\/2022\/03\/Zep-Logo_png.jpeg\",\"contentUrl\":\"https:\/\/zepestonia.com\/wp-content\/uploads\/2022\/03\/Zep-Logo_png.jpeg\",\"width\":109,\"height\":70,\"caption\":\"Zep Estonia\"},\"image\":{\"@id\":\"https:\/\/zepestonia.com\/en\/#\/schema\/logo\/image\/\"},\"sameAs\":[\"https:\/\/www.facebook.com\/ZepEesti\"]}]}<\/script>\n<!-- \/ Yoast SEO plugin. -->","yoast_head_json":{"title":"TERBUTIN* - Looduslik putukat\u00f5rjevahend I ZEP Eesti","description":"Efektiivne putukate t\u00f5rjumiseks. H\u00e4vitamistoiming on usaldatud looduslikule p\u00fcreetriinile (taimeekstrakt), p\u00fcsivuse tagab permetriin (s\u00fcnteetiline p\u00fcretroid).","robots":{"index":"index","follow":"follow","max-snippet":"max-snippet:-1","max-image-preview":"max-image-preview:large","max-video-preview":"max-video-preview:-1"},"canonical":"https:\/\/zepestonia.com\/en\/toode\/terbutin\/","og_locale":"en_US","og_type":"article","og_title":"TERBUTIN* - Looduslik putukat\u00f5rjevahend I ZEP Eesti","og_description":"Efektiivne putukate t\u00f5rjumiseks. H\u00e4vitamistoiming on usaldatud looduslikule p\u00fcreetriinile (taimeekstrakt), p\u00fcsivuse tagab permetriin (s\u00fcnteetiline p\u00fcretroid).","og_url":"https:\/\/zepestonia.com\/en\/toode\/terbutin\/","og_site_name":"ZEP Eesti I Puhastusvahendid I E-pood","article_publisher":"https:\/\/www.facebook.com\/ZepEesti","article_modified_time":"2025-07-01T00:24:27+00:00","og_image":[{"width":400,"height":600,"url":"https:\/\/zepestonia.com\/wp-content\/uploads\/2021\/12\/652-60ea38f90b6ea3-86446779-TERBUTIN.png","type":"image\/png"}],"twitter_card":"summary_large_image","schema":{"@context":"https:\/\/schema.org","@graph":[{"@type":"WebPage","@id":"https:\/\/zepestonia.com\/en\/toode\/terbutin\/","url":"https:\/\/zepestonia.com\/en\/toode\/terbutin\/","name":"TERBUTIN* - Looduslik putukat\u00f5rjevahend I ZEP Eesti","isPartOf":{"@id":"https:\/\/zepestonia.com\/en\/#website"},"primaryImageOfPage":{"@id":"https:\/\/zepestonia.com\/en\/toode\/terbutin\/#primaryimage"},"image":{"@id":"https:\/\/zepestonia.com\/en\/toode\/terbutin\/#primaryimage"},"thumbnailUrl":"https:\/\/zepestonia.com\/wp-content\/uploads\/2021\/12\/652-60ea38f90b6ea3-86446779-TERBUTIN.png","datePublished":"2021-11-29T19:00:36+00:00","dateModified":"2025-07-01T00:24:27+00:00","description":"Efektiivne putukate t\u00f5rjumiseks. H\u00e4vitamistoiming on usaldatud looduslikule p\u00fcreetriinile (taimeekstrakt), p\u00fcsivuse tagab permetriin (s\u00fcnteetiline p\u00fcretroid).","breadcrumb":{"@id":"https:\/\/zepestonia.com\/en\/toode\/terbutin\/#breadcrumb"},"inLanguage":"en-US","potentialAction":[{"@type":"ReadAction","target":["https:\/\/zepestonia.com\/en\/toode\/terbutin\/"]}]},{"@type":"ImageObject","inLanguage":"en-US","@id":"https:\/\/zepestonia.com\/en\/toode\/terbutin\/#primaryimage","url":"https:\/\/zepestonia.com\/wp-content\/uploads\/2021\/12\/652-60ea38f90b6ea3-86446779-TERBUTIN.png","contentUrl":"https:\/\/zepestonia.com\/wp-content\/uploads\/2021\/12\/652-60ea38f90b6ea3-86446779-TERBUTIN.png","width":400,"height":600,"caption":"652-60ea38f90b6ea3-86446779-TERBUTIN"},{"@type":"BreadcrumbList","@id":"https:\/\/zepestonia.com\/en\/toode\/terbutin\/#breadcrumb","itemListElement":[{"@type":"ListItem","position":1,"name":"Home","item":"https:\/\/zepestonia.com\/en\/"},{"@type":"ListItem","position":2,"name":"Shop","item":"https:\/\/zepestonia.com\/en\/?page_id=4643"},{"@type":"ListItem","position":3,"name":"TERBUTIN* &#8211; Looduslik putukat\u00f5rjevahend"}]},{"@type":"WebSite","@id":"https:\/\/zepestonia.com\/en\/#website","url":"https:\/\/zepestonia.com\/en\/","name":"ZEP Eesti I Puhastusvahendid I E-pood","description":"Pakume puhastus- ja hooldusprobleemidele efektiivseid keskkonnas\u00f5bralikke lahendusi!","publisher":{"@id":"https:\/\/zepestonia.com\/en\/#organization"},"potentialAction":[{"@type":"SearchAction","target":{"@type":"EntryPoint","urlTemplate":"https:\/\/zepestonia.com\/en\/?s={search_term_string}"},"query-input":{"@type":"PropertyValueSpecification","valueRequired":true,"valueName":"search_term_string"}}],"inLanguage":"en-US"},{"@type":"Organization","@id":"https:\/\/zepestonia.com\/en\/#organization","name":"Zep Estonia","url":"https:\/\/zepestonia.com\/en\/","logo":{"@type":"ImageObject","inLanguage":"en-US","@id":"https:\/\/zepestonia.com\/en\/#\/schema\/logo\/image\/","url":"https:\/\/zepestonia.com\/wp-content\/uploads\/2022\/03\/Zep-Logo_png.jpeg","contentUrl":"https:\/\/zepestonia.com\/wp-content\/uploads\/2022\/03\/Zep-Logo_png.jpeg","width":109,"height":70,"caption":"Zep Estonia"},"image":{"@id":"https:\/\/zepestonia.com\/en\/#\/schema\/logo\/image\/"},"sameAs":["https:\/\/www.facebook.com\/ZepEesti"]}]}},"_links":{"self":[{"href":"https:\/\/zepestonia.com\/en\/wp-json\/wp\/v2\/product\/2838","targetHints":{"allow":["GET"]}}],"collection":[{"href":"https:\/\/zepestonia.com\/en\/wp-json\/wp\/v2\/product"}],"about":[{"href":"https:\/\/zepestonia.com\/en\/wp-json\/wp\/v2\/types\/product"}],"replies":[{"embeddable":true,"href":"https:\/\/zepestonia.com\/en\/wp-json\/wp\/v2\/comments?post=2838"}],"version-history":[{"count":2,"href":"https:\/\/zepestonia.com\/en\/wp-json\/wp\/v2\/product\/2838\/revisions"}],"predecessor-version":[{"id":11306,"href":"https:\/\/zepestonia.com\/en\/wp-json\/wp\/v2\/product\/2838\/revisions\/11306"}],"wp:featuredmedia":[{"embeddable":true,"href":"https:\/\/zepestonia.com\/en\/wp-json\/wp\/v2\/media\/3695"}],"wp:attachment":[{"href":"https:\/\/zepestonia.com\/en\/wp-json\/wp\/v2\/media?parent=2838"}],"wp:term":[{"taxonomy":"product_brand","embeddable":true,"href":"https:\/\/zepestonia.com\/en\/wp-json\/wp\/v2\/product_brand?post=2838"},{"taxonomy":"product_cat","embeddable":true,"href":"https:\/\/zepestonia.com\/en\/wp-json\/wp\/v2\/product_cat?post=2838"},{"taxonomy":"product_tag","embeddable":true,"href":"https:\/\/zepestonia.com\/en\/wp-json\/wp\/v2\/product_tag?post=2838"}],"curies":[{"name":"wp","href":"https:\/\/api.w.org\/{rel}","templated":true}]}}