{"id":2837,"date":"2021-11-29T19:00:36","date_gmt":"2021-11-29T19:00:36","guid":{"rendered":"https:\/\/zep.valgekana.ee\/toode\/kamove-zinc\/"},"modified":"2025-10-16T07:57:57","modified_gmt":"2025-10-16T07:57:57","slug":"kamove-zinc","status":"publish","type":"product","link":"https:\/\/zepestonia.com\/en\/toode\/kamove-zinc\/","title":{"rendered":"KAMOVE ZINC &#8211; K\u00fclm galvaniseerija (Zn)"},"content":{"rendered":"<ul>\n<li><span style=\"font-size:14px\"><span class=\"markedContent\" id=\"page3R_mcid30\"><span dir=\"ltr\" role=\"presentation\" style=\"left: 149.04px;top: 919.344px;font-family: sans-serif\">Enne kasutamist<\/span><span dir=\"ltr\" role=\"presentation\" style=\"left: 296.94px;top: 919.344px;font-family: sans-serif\"> <\/span><span dir=\"ltr\" role=\"presentation\" style=\"left: 302.633px;top: 919.344px;font-family: sans-serif\">luge<\/span><span dir=\"ltr\" role=\"presentation\" style=\"left: 340.483px;top: 919.344px;font-family: sans-serif\">da<\/span><span dir=\"ltr\" role=\"presentation\" style=\"left: 362.603px;top: 919.344px;font-family: sans-serif\"> <\/span><span dir=\"ltr\" role=\"presentation\" style=\"left: 368.283px;top: 919.344px;font-family: sans-serif\">hoo<\/span><span dir=\"ltr\" role=\"presentation\" style=\"left: 401.683px;top: 919.344px;font-family: sans-serif\">likalt pakendil olevaid juhiseid ja tegutse<\/span><span dir=\"ltr\" role=\"presentation\" style=\"left: 756.367px;top: 919.344px;font-family: sans-serif\">da<\/span><span dir=\"ltr\" role=\"presentation\" style=\"left: 778.687px;top: 919.344px;font-family: sans-serif\"> <\/span><span dir=\"ltr\" role=\"presentation\" style=\"left: 784.367px;top: 919.344px;font-family: sans-serif\">vastavalt.<\/span><\/span><\/span><\/li>\n<li><span style=\"font-size:14px\"><span class=\"markedContent\" id=\"page3R_mcid32\"><span dir=\"ltr\" role=\"presentation\" style=\"left: 149.04px;top: 943.544px;font-family: sans-serif\">Veenduda, et t\u00f6\u00f6deldav p<\/span><span dir=\"ltr\" role=\"presentation\" style=\"left: 377.283px;top: 943.544px;font-family: sans-serif\">ind<\/span><span dir=\"ltr\" role=\"presentation\" style=\"left: 403.963px;top: 943.544px;font-family: sans-serif\"> <\/span><span dir=\"ltr\" role=\"presentation\" style=\"left: 409.483px;top: 943.544px;font-family: sans-serif\">ole<\/span><span dir=\"ltr\" role=\"presentation\" style=\"left: 436.283px;top: 943.544px;font-family: sans-serif\">ks<\/span><span dir=\"ltr\" role=\"presentation\" style=\"left: 456.283px;top: 943.544px;font-family: sans-serif\"> <\/span><span dir=\"ltr\" role=\"presentation\" style=\"left: 461.883px;top: 943.544px;font-family: sans-serif\">puhas, kuiv ja rasvavaba.<\/span><\/span><\/span><\/li>\n<li><span style=\"font-size:14px\"><span class=\"markedContent\" id=\"page3R_mcid34\"><span dir=\"ltr\" role=\"presentation\" style=\"left: 149.04px;top: 967.944px;font-family: sans-serif\">Eemalda<\/span><span dir=\"ltr\" role=\"presentation\" style=\"left: 228.033px;top: 967.944px;font-family: sans-serif\">da<\/span><span dir=\"ltr\" role=\"presentation\" style=\"left: 250.353px;top: 967.944px;font-family: sans-serif\"> <\/span><span dir=\"ltr\" role=\"presentation\" style=\"left: 256.033px;top: 967.944px;font-family: sans-serif\">lahtine vana lakk<\/span><span dir=\"ltr\" role=\"presentation\" style=\"left: 404.753px;top: 967.944px;font-family: sans-serif\"> <\/span><span dir=\"ltr\" role=\"presentation\" style=\"left: 410.483px;top: 967.944px;font-family: sans-serif\">v\u00f5i<\/span><span dir=\"ltr\" role=\"presentation\" style=\"left: 436.103px;top: 967.944px;font-family: sans-serif\"> <\/span><span dir=\"ltr\" role=\"presentation\" style=\"left: 441.683px;top: 967.944px;font-family: sans-serif\">rooste ning lihvi<\/span><span dir=\"ltr\" role=\"presentation\" style=\"left: 580.517px;top: 967.944px;font-family: sans-serif\">da<\/span><span dir=\"ltr\" role=\"presentation\" style=\"left: 602.837px;top: 967.944px;font-family: sans-serif\"> <\/span><span dir=\"ltr\" role=\"presentation\" style=\"left: 608.317px;top: 967.944px;font-family: sans-serif\">pind<\/span><span dir=\"ltr\" role=\"presentation\" style=\"left: 646.177px;top: 967.944px;font-family: sans-serif\"> <\/span><span dir=\"ltr\" role=\"presentation\" style=\"left: 651.717px;top: 967.944px;font-family: sans-serif\">\u00fcle.<\/span><\/span><\/span><\/li>\n<li><span style=\"font-size:14px\"><span class=\"markedContent\" id=\"page3R_mcid36\"><span dir=\"ltr\" role=\"presentation\" style=\"left: 149.04px;top: 992.344px;font-family: sans-serif\">Parim t\u00f6\u00f6tlemistemperatuur 15<\/span><span dir=\"ltr\" role=\"presentation\" style=\"left: 422.683px;top: 992.344px;font-family: sans-serif\">\u2013<\/span><span dir=\"ltr\" role=\"presentation\" style=\"left: 433.683px;top: 992.344px;font-family: sans-serif\">25 \u00b0 C.<\/span><\/span><\/span><\/li>\n<li><span style=\"font-size:14px\"><span class=\"markedContent\" id=\"page3R_mcid38\"><span dir=\"ltr\" role=\"presentation\" style=\"left: 149.04px;top: 1016.74px;font-family: sans-serif\">Enne kasutamist loksuta<\/span><span dir=\"ltr\" role=\"presentation\" style=\"left: 366.083px;top: 1016.74px;font-family: sans-serif\">da<\/span><span dir=\"ltr\" role=\"presentation\" style=\"left: 388.403px;top: 1016.74px;font-family: sans-serif\"> <\/span><span dir=\"ltr\" role=\"presentation\" style=\"left: 393.883px;top: 1016.74px;font-family: sans-serif\">aerosooli 2<\/span><span dir=\"ltr\" role=\"presentation\" style=\"left: 491.683px;top: 1016.74px;font-family: sans-serif\"> <\/span><span dir=\"ltr\" role=\"presentation\" style=\"left: 497.283px;top: 1016.74px;font-family: sans-serif\">minutit ja<\/span><span dir=\"ltr\" role=\"presentation\" style=\"left: 577.183px;top: 1016.74px;font-family: sans-serif\"> <\/span><span dir=\"ltr\" role=\"presentation\" style=\"left: 582.917px;top: 1016.74px;font-family: sans-serif\">teha proovi<\/span><span dir=\"ltr\" role=\"presentation\" style=\"left: 681.917px;top: 1016.74px;font-family: sans-serif\">piserd<\/span><span dir=\"ltr\" role=\"presentation\" style=\"left: 736.317px;top: 1016.74px;font-family: sans-serif\">us<\/span><span dir=\"ltr\" role=\"presentation\" style=\"left: 757.367px;top: 1016.74px;font-family: sans-serif\">.<\/span><\/span><\/span><\/li>\n<li><span style=\"font-size:14px\"><span class=\"markedContent\" id=\"page3R_mcid40\"><span dir=\"ltr\" role=\"presentation\" style=\"left: 149.04px;top: 1040.94px;font-family: sans-serif\">Kindlasti loksutada<\/span><span dir=\"ltr\" role=\"presentation\" style=\"left: 315.86px;top: 1040.94px;font-family: sans-serif\"> <\/span><span dir=\"ltr\" role=\"presentation\" style=\"left: 321.483px;top: 1040.94px;font-family: sans-serif\">toodet<\/span><span dir=\"ltr\" role=\"presentation\" style=\"left: 377.183px;top: 1040.94px;font-family: sans-serif\"> <\/span><span dir=\"ltr\" role=\"presentation\" style=\"left: 382.883px;top: 1040.94px;font-family: sans-serif\">regulaarselt<\/span><span dir=\"ltr\" role=\"presentation\" style=\"left: 487.203px;top: 1040.94px;font-family: sans-serif\"> <\/span><span dir=\"ltr\" role=\"presentation\" style=\"left: 492.883px;top: 1040.94px;font-family: sans-serif\">ka<\/span><span dir=\"ltr\" role=\"presentation\" style=\"left: 514.003px;top: 1040.94px;font-family: sans-serif\"> <\/span><span dir=\"ltr\" role=\"presentation\" style=\"left: 519.483px;top: 1040.94px;font-family: sans-serif\">t\u00f6\u00f6protsessi<\/span><span dir=\"ltr\" role=\"presentation\" style=\"left: 627.463px;top: 1040.94px;font-family: sans-serif\"> <\/span><span dir=\"ltr\" role=\"presentation\" style=\"left: 633.117px;top: 1040.94px;font-family: sans-serif\">ajal<\/span><span dir=\"ltr\" role=\"presentation\" style=\"left: 664.117px;top: 1040.94px;font-family: sans-serif\">.<\/span><\/span><\/span><\/li>\n<li><span style=\"font-size:14px\"><span class=\"markedContent\" id=\"page3R_mcid42\"><span dir=\"ltr\" role=\"presentation\" style=\"left: 149.04px;top: 1065.34px;font-family: sans-serif\">Kaugus t\u00f6\u00f6deldavast pinnast umbes 25<\/span><span dir=\"ltr\" role=\"presentation\" style=\"left: 499.483px;top: 1065.34px;font-family: sans-serif\">\u2013<\/span><span dir=\"ltr\" role=\"presentation\" style=\"left: 510.683px;top: 1065.34px;font-family: sans-serif\">30 cm.<\/span><\/span><\/span><\/li>\n<li><span style=\"font-size:14px\"><span class=\"markedContent\" id=\"page3R_mcid44\"><span dir=\"ltr\" role=\"presentation\" style=\"left: 149.04px;top: 1089.79px;font-family: sans-serif\">Kand<\/span><span dir=\"ltr\" role=\"presentation\" style=\"left: 195.833px;top: 1089.79px;font-family: sans-serif\">a<\/span><span dir=\"ltr\" role=\"presentation\" style=\"left: 206.953px;top: 1089.79px;font-family: sans-serif\"> <\/span><span dir=\"ltr\" role=\"presentation\" style=\"left: 212.633px;top: 1089.79px;font-family: sans-serif\">peale<\/span><span dir=\"ltr\" role=\"presentation\" style=\"left: 261.553px;top: 1089.79px;font-family: sans-serif\"> <\/span><span dir=\"ltr\" role=\"presentation\" style=\"left: 272.633px;top: 1089.79px;font-family: sans-serif\">mitme \u00f5hukese kihina.<\/span><\/span><\/span><\/li>\n<li><span style=\"font-size:14px\"><span class=\"markedContent\" id=\"page3R_mcid46\"><span dir=\"ltr\" role=\"presentation\" style=\"left: 149.04px;top: 1113.99px;font-family: sans-serif\">Enne<\/span><span dir=\"ltr\" role=\"presentation\" style=\"left: 195.9px;top: 1113.99px;font-family: sans-serif\"> <\/span><span dir=\"ltr\" role=\"presentation\" style=\"left: 201.433px;top: 1113.99px;font-family: sans-serif\">j\u00e4rgmise<\/span><span dir=\"ltr\" role=\"presentation\" style=\"left: 276.973px;top: 1113.99px;font-family: sans-serif\"> <\/span><span dir=\"ltr\" role=\"presentation\" style=\"left: 282.633px;top: 1113.99px;font-family: sans-serif\">kihi pealekandmist<\/span><span dir=\"ltr\" role=\"presentation\" style=\"left: 447.153px;top: 1113.99px;font-family: sans-serif\"> <\/span><span dir=\"ltr\" role=\"presentation\" style=\"left: 452.683px;top: 1113.99px;font-family: sans-serif\">oodat<\/span><span dir=\"ltr\" role=\"presentation\" style=\"left: 502.883px;top: 1113.99px;font-family: sans-serif\">a eelmise<\/span><span dir=\"ltr\" role=\"presentation\" style=\"left: 588.383px;top: 1113.99px;font-family: sans-serif\"> <\/span><span dir=\"ltr\" role=\"presentation\" style=\"left: 594.117px;top: 1113.99px;font-family: sans-serif\">kihi kuivamiseni<\/span><span dir=\"ltr\" role=\"presentation\" style=\"left: 734.117px;top: 1113.99px;font-family: sans-serif\">.<\/span><\/span><\/span><\/li>\n<li><span style=\"font-size:14px\"><span class=\"markedContent\" id=\"page3R_mcid48\"><span dir=\"ltr\" role=\"presentation\" style=\"left: 149.04px;top: 1138.39px;font-family: sans-serif\">P\u00e4rast kasutami<\/span><span dir=\"ltr\" role=\"presentation\" style=\"left: 294.833px;top: 1138.39px;font-family: sans-serif\">st puhasta<\/span><span dir=\"ltr\" role=\"presentation\" style=\"left: 389.283px;top: 1138.39px;font-family: sans-serif\">da<\/span><span dir=\"ltr\" role=\"presentation\" style=\"left: 411.403px;top: 1138.39px;font-family: sans-serif\"> <\/span><span dir=\"ltr\" role=\"presentation\" style=\"left: 419.283px;top: 1138.39px;font-family: sans-serif\">pihustiava<\/span><span dir=\"ltr\" role=\"presentation\" style=\"left: 509.123px;top: 1138.39px;font-family: sans-serif\"> <\/span><span dir=\"ltr\" role=\"presentation\" style=\"left: 517.083px;top: 1138.39px;font-family: sans-serif\">p\u00f6\u00f6ra<\/span><span dir=\"ltr\" role=\"presentation\" style=\"left: 568.117px;top: 1138.39px;font-family: sans-serif\">t<\/span><span dir=\"ltr\" role=\"presentation\" style=\"left: 573.717px;top: 1138.39px;font-family: sans-serif\">es<\/span><span dir=\"ltr\" role=\"presentation\" style=\"left: 594.917px;top: 1138.39px;font-family: sans-serif\"> <\/span><span dir=\"ltr\" role=\"presentation\" style=\"left: 602.717px;top: 1138.39px;font-family: sans-serif\">toode<\/span><span dir=\"ltr\" role=\"presentation\" style=\"left: 652.617px;top: 1138.39px;font-family: sans-serif\"> <\/span><span dir=\"ltr\" role=\"presentation\" style=\"left: 660.517px;top: 1138.39px;font-family: sans-serif\">tagurpidi<\/span><span dir=\"ltr\" role=\"presentation\" style=\"left: 737.297px;top: 1138.39px;font-family: sans-serif\"> <\/span><span dir=\"ltr\" role=\"presentation\" style=\"left: 745.167px;top: 1138.39px;font-family: sans-serif\">vajuta<\/span><span dir=\"ltr\" role=\"presentation\" style=\"left: 798.367px;top: 1138.39px;font-family: sans-serif\">d<\/span><span dir=\"ltr\" role=\"presentation\" style=\"left: 809.567px;top: 1138.39px;font-family: sans-serif\">es<\/span><span dir=\"ltr\" role=\"presentation\" style=\"left: 830.767px;top: 1138.39px;font-family: sans-serif\"> <\/span><span dir=\"ltr\" role=\"presentation\" style=\"left: 150.04px;top: 1161.39px;font-family: sans-serif\">d\u00fc\u00fcsi umbes 5 sekundi<\/span><span dir=\"ltr\" role=\"presentation\" style=\"left: 301.433px;top: 1161.39px;font-family: sans-serif\">t<\/span><span dir=\"ltr\" role=\"presentation\" style=\"left: 307.033px;top: 1161.39px;font-family: sans-serif\">.<\/span><\/span><\/span><\/li>\n<li><span style=\"font-size:14px\"><span class=\"markedContent\" id=\"page3R_mcid50\"><span dir=\"ltr\" role=\"presentation\" style=\"left: 149.04px;top: 1185.79px;font-family: sans-serif\">T\u00f6\u00f6del<\/span><span dir=\"ltr\" role=\"presentation\" style=\"left: 210.233px;top: 1185.79px;font-family: sans-serif\">dud pinna k<\/span><span dir=\"ltr\" role=\"presentation\" style=\"left: 314.033px;top: 1185.79px;font-family: sans-serif\">uivamisaeg s\u00f5ltub \u00fcmbritsevast tempe<\/span><span dir=\"ltr\" role=\"presentation\" style=\"left: 654.717px;top: 1185.79px;font-family: sans-serif\">ratuurist, \u00f5hu niiskusest ja<\/span> <span dir=\"ltr\" role=\"presentation\" style=\"left: 150.04px;top: 1208.79px;font-family: sans-serif\">kihi<\/span><span dir=\"ltr\" role=\"presentation\" style=\"left: 180.04px;top: 1208.79px;font-family: sans-serif\"> <\/span><span dir=\"ltr\" role=\"presentation\" style=\"left: 185.633px;top: 1208.79px;font-family: sans-serif\">paksusest<\/span><\/span><\/span><\/li>\n<\/ul>\n","protected":false},"excerpt":{"rendered":"<p>K\u00f5rgendatud tsingisisaldusega k\u00fclm galvaniseerija, mis on rikastatud spetsiaalsete vaikudega.<br \/>\nMetallilise tsingi kate tagab raua ja terase pikaajalise kaitse korrosiooni eest.<br \/>\nKamove Zinc ei ole v\u00e4rv, see sisaldab p\u00e4rast kuivamist 97% puhast tsinki.<br \/>\nMetallilise tsingi kate tagab raua ja terase pikaajalise kaitse korrosiooni eest.<br \/>\nPeatab koheselt pinna korrosiooni.P\u00e4rast k\u00f5venemist on kate vastupidav vee, soola, karmide ilmastikutingimuste ja bensiini suhtes.<br \/>\nTalub kuni 500\u00b0 C temperatuuri.<br \/>\nT\u00f6\u00f6deldud pindu saab keevitada ilma p\u00f5lemisohuta.<br \/>\nSobib kasutamiseks k\u00f5ikidel metallpindadel ja k\u00f5ikjal, kus niiskus v\u00f5ib metalli kahjustada: ehituses, s\u00f5idukite ja haagiste metallpaneelidel,<br \/>\nrestidel, vihmaveerennidel ja metallist katusekatetel, t\u00f6\u00f6riistadel, roostes sulguritel, p\u00f5llut\u00f6\u00f6masinatel, laevadel, torudes.<\/p>\n","protected":false},"featured_media":3715,"comment_status":"closed","ping_status":"closed","template":"","meta":[],"product_brand":[],"product_cat":[215],"product_tag":[],"class_list":{"0":"post-2837","1":"product","2":"type-product","3":"status-publish","4":"has-post-thumbnail","6":"product_cat-metall","8":"first","9":"instock","10":"taxable","11":"shipping-taxable","12":"purchasable","13":"product-type-simple"},"yoast_head":"<!-- This site is optimized with the Yoast SEO plugin v26.5 - https:\/\/yoast.com\/wordpress\/plugins\/seo\/ -->\n<title>KAMOVE ZINC - K\u00fclm galvaniseerija (Zn) I ZEP Eesti<\/title>\n<meta name=\"description\" content=\"K\u00f5rgendatud tsingisisaldusega k\u00fclm galvaniseerija on spetsiaalsete vaikudega. Kasuta k\u00f5ikidel metallpindadel ja k\u00f5ikjal, kus niiskus v\u00f5ib metalli kahjustada.\" \/>\n<meta name=\"robots\" content=\"index, follow, max-snippet:-1, max-image-preview:large, max-video-preview:-1\" \/>\n<link rel=\"canonical\" href=\"https:\/\/zepestonia.com\/en\/toode\/kamove-zinc\/\" \/>\n<meta property=\"og:locale\" content=\"en_US\" \/>\n<meta property=\"og:type\" content=\"article\" \/>\n<meta property=\"og:title\" content=\"KAMOVE ZINC - K\u00fclm galvaniseerija (Zn) I ZEP Eesti\" \/>\n<meta property=\"og:description\" content=\"K\u00f5rgendatud tsingisisaldusega k\u00fclm galvaniseerija on spetsiaalsete vaikudega. Kasuta k\u00f5ikidel metallpindadel ja k\u00f5ikjal, kus niiskus v\u00f5ib metalli kahjustada.\" \/>\n<meta property=\"og:url\" content=\"https:\/\/zepestonia.com\/en\/toode\/kamove-zinc\/\" \/>\n<meta property=\"og:site_name\" content=\"ZEP Eesti I Puhastusvahendid I E-pood\" \/>\n<meta property=\"article:publisher\" content=\"https:\/\/www.facebook.com\/ZepEesti\" \/>\n<meta property=\"article:modified_time\" content=\"2025-10-16T07:57:57+00:00\" \/>\n<meta property=\"og:image\" content=\"https:\/\/zepestonia.com\/wp-content\/uploads\/2021\/12\/653-60debc80ecedf5-12691177-KAMOVE20ZINC.png\" \/>\n\t<meta property=\"og:image:width\" content=\"400\" \/>\n\t<meta property=\"og:image:height\" content=\"600\" \/>\n\t<meta property=\"og:image:type\" content=\"image\/png\" \/>\n<meta name=\"twitter:card\" content=\"summary_large_image\" \/>\n<script type=\"application\/ld+json\" class=\"yoast-schema-graph\">{\"@context\":\"https:\/\/schema.org\",\"@graph\":[{\"@type\":\"WebPage\",\"@id\":\"https:\/\/zepestonia.com\/en\/toode\/kamove-zinc\/\",\"url\":\"https:\/\/zepestonia.com\/en\/toode\/kamove-zinc\/\",\"name\":\"KAMOVE ZINC - K\u00fclm galvaniseerija (Zn) I ZEP Eesti\",\"isPartOf\":{\"@id\":\"https:\/\/zepestonia.com\/en\/#website\"},\"primaryImageOfPage\":{\"@id\":\"https:\/\/zepestonia.com\/en\/toode\/kamove-zinc\/#primaryimage\"},\"image\":{\"@id\":\"https:\/\/zepestonia.com\/en\/toode\/kamove-zinc\/#primaryimage\"},\"thumbnailUrl\":\"https:\/\/zepestonia.com\/wp-content\/uploads\/2021\/12\/653-60debc80ecedf5-12691177-KAMOVE20ZINC.png\",\"datePublished\":\"2021-11-29T19:00:36+00:00\",\"dateModified\":\"2025-10-16T07:57:57+00:00\",\"description\":\"K\u00f5rgendatud tsingisisaldusega k\u00fclm galvaniseerija on spetsiaalsete vaikudega. Kasuta k\u00f5ikidel metallpindadel ja k\u00f5ikjal, kus niiskus v\u00f5ib metalli kahjustada.\",\"breadcrumb\":{\"@id\":\"https:\/\/zepestonia.com\/en\/toode\/kamove-zinc\/#breadcrumb\"},\"inLanguage\":\"en-US\",\"potentialAction\":[{\"@type\":\"ReadAction\",\"target\":[\"https:\/\/zepestonia.com\/en\/toode\/kamove-zinc\/\"]}]},{\"@type\":\"ImageObject\",\"inLanguage\":\"en-US\",\"@id\":\"https:\/\/zepestonia.com\/en\/toode\/kamove-zinc\/#primaryimage\",\"url\":\"https:\/\/zepestonia.com\/wp-content\/uploads\/2021\/12\/653-60debc80ecedf5-12691177-KAMOVE20ZINC.png\",\"contentUrl\":\"https:\/\/zepestonia.com\/wp-content\/uploads\/2021\/12\/653-60debc80ecedf5-12691177-KAMOVE20ZINC.png\",\"width\":400,\"height\":600,\"caption\":\"653-60debc80ecedf5-12691177-KAMOVE20ZINC\"},{\"@type\":\"BreadcrumbList\",\"@id\":\"https:\/\/zepestonia.com\/en\/toode\/kamove-zinc\/#breadcrumb\",\"itemListElement\":[{\"@type\":\"ListItem\",\"position\":1,\"name\":\"Home\",\"item\":\"https:\/\/zepestonia.com\/en\/\"},{\"@type\":\"ListItem\",\"position\":2,\"name\":\"Shop\",\"item\":\"https:\/\/zepestonia.com\/en\/?page_id=4643\"},{\"@type\":\"ListItem\",\"position\":3,\"name\":\"KAMOVE ZINC &#8211; K\u00fclm galvaniseerija (Zn)\"}]},{\"@type\":\"WebSite\",\"@id\":\"https:\/\/zepestonia.com\/en\/#website\",\"url\":\"https:\/\/zepestonia.com\/en\/\",\"name\":\"ZEP Eesti I Puhastusvahendid I E-pood\",\"description\":\"Pakume puhastus- ja hooldusprobleemidele efektiivseid keskkonnas\u00f5bralikke lahendusi!\",\"publisher\":{\"@id\":\"https:\/\/zepestonia.com\/en\/#organization\"},\"potentialAction\":[{\"@type\":\"SearchAction\",\"target\":{\"@type\":\"EntryPoint\",\"urlTemplate\":\"https:\/\/zepestonia.com\/en\/?s={search_term_string}\"},\"query-input\":{\"@type\":\"PropertyValueSpecification\",\"valueRequired\":true,\"valueName\":\"search_term_string\"}}],\"inLanguage\":\"en-US\"},{\"@type\":\"Organization\",\"@id\":\"https:\/\/zepestonia.com\/en\/#organization\",\"name\":\"Zep Estonia\",\"url\":\"https:\/\/zepestonia.com\/en\/\",\"logo\":{\"@type\":\"ImageObject\",\"inLanguage\":\"en-US\",\"@id\":\"https:\/\/zepestonia.com\/en\/#\/schema\/logo\/image\/\",\"url\":\"https:\/\/zepestonia.com\/wp-content\/uploads\/2022\/03\/Zep-Logo_png.jpeg\",\"contentUrl\":\"https:\/\/zepestonia.com\/wp-content\/uploads\/2022\/03\/Zep-Logo_png.jpeg\",\"width\":109,\"height\":70,\"caption\":\"Zep Estonia\"},\"image\":{\"@id\":\"https:\/\/zepestonia.com\/en\/#\/schema\/logo\/image\/\"},\"sameAs\":[\"https:\/\/www.facebook.com\/ZepEesti\"]}]}<\/script>\n<!-- \/ Yoast SEO plugin. -->","yoast_head_json":{"title":"KAMOVE ZINC - K\u00fclm galvaniseerija (Zn) I ZEP Eesti","description":"K\u00f5rgendatud tsingisisaldusega k\u00fclm galvaniseerija on spetsiaalsete vaikudega. Kasuta k\u00f5ikidel metallpindadel ja k\u00f5ikjal, kus niiskus v\u00f5ib metalli kahjustada.","robots":{"index":"index","follow":"follow","max-snippet":"max-snippet:-1","max-image-preview":"max-image-preview:large","max-video-preview":"max-video-preview:-1"},"canonical":"https:\/\/zepestonia.com\/en\/toode\/kamove-zinc\/","og_locale":"en_US","og_type":"article","og_title":"KAMOVE ZINC - K\u00fclm galvaniseerija (Zn) I ZEP Eesti","og_description":"K\u00f5rgendatud tsingisisaldusega k\u00fclm galvaniseerija on spetsiaalsete vaikudega. Kasuta k\u00f5ikidel metallpindadel ja k\u00f5ikjal, kus niiskus v\u00f5ib metalli kahjustada.","og_url":"https:\/\/zepestonia.com\/en\/toode\/kamove-zinc\/","og_site_name":"ZEP Eesti I Puhastusvahendid I E-pood","article_publisher":"https:\/\/www.facebook.com\/ZepEesti","article_modified_time":"2025-10-16T07:57:57+00:00","og_image":[{"width":400,"height":600,"url":"https:\/\/zepestonia.com\/wp-content\/uploads\/2021\/12\/653-60debc80ecedf5-12691177-KAMOVE20ZINC.png","type":"image\/png"}],"twitter_card":"summary_large_image","schema":{"@context":"https:\/\/schema.org","@graph":[{"@type":"WebPage","@id":"https:\/\/zepestonia.com\/en\/toode\/kamove-zinc\/","url":"https:\/\/zepestonia.com\/en\/toode\/kamove-zinc\/","name":"KAMOVE ZINC - K\u00fclm galvaniseerija (Zn) I ZEP Eesti","isPartOf":{"@id":"https:\/\/zepestonia.com\/en\/#website"},"primaryImageOfPage":{"@id":"https:\/\/zepestonia.com\/en\/toode\/kamove-zinc\/#primaryimage"},"image":{"@id":"https:\/\/zepestonia.com\/en\/toode\/kamove-zinc\/#primaryimage"},"thumbnailUrl":"https:\/\/zepestonia.com\/wp-content\/uploads\/2021\/12\/653-60debc80ecedf5-12691177-KAMOVE20ZINC.png","datePublished":"2021-11-29T19:00:36+00:00","dateModified":"2025-10-16T07:57:57+00:00","description":"K\u00f5rgendatud tsingisisaldusega k\u00fclm galvaniseerija on spetsiaalsete vaikudega. Kasuta k\u00f5ikidel metallpindadel ja k\u00f5ikjal, kus niiskus v\u00f5ib metalli kahjustada.","breadcrumb":{"@id":"https:\/\/zepestonia.com\/en\/toode\/kamove-zinc\/#breadcrumb"},"inLanguage":"en-US","potentialAction":[{"@type":"ReadAction","target":["https:\/\/zepestonia.com\/en\/toode\/kamove-zinc\/"]}]},{"@type":"ImageObject","inLanguage":"en-US","@id":"https:\/\/zepestonia.com\/en\/toode\/kamove-zinc\/#primaryimage","url":"https:\/\/zepestonia.com\/wp-content\/uploads\/2021\/12\/653-60debc80ecedf5-12691177-KAMOVE20ZINC.png","contentUrl":"https:\/\/zepestonia.com\/wp-content\/uploads\/2021\/12\/653-60debc80ecedf5-12691177-KAMOVE20ZINC.png","width":400,"height":600,"caption":"653-60debc80ecedf5-12691177-KAMOVE20ZINC"},{"@type":"BreadcrumbList","@id":"https:\/\/zepestonia.com\/en\/toode\/kamove-zinc\/#breadcrumb","itemListElement":[{"@type":"ListItem","position":1,"name":"Home","item":"https:\/\/zepestonia.com\/en\/"},{"@type":"ListItem","position":2,"name":"Shop","item":"https:\/\/zepestonia.com\/en\/?page_id=4643"},{"@type":"ListItem","position":3,"name":"KAMOVE ZINC &#8211; K\u00fclm galvaniseerija (Zn)"}]},{"@type":"WebSite","@id":"https:\/\/zepestonia.com\/en\/#website","url":"https:\/\/zepestonia.com\/en\/","name":"ZEP Eesti I Puhastusvahendid I E-pood","description":"Pakume puhastus- ja hooldusprobleemidele efektiivseid keskkonnas\u00f5bralikke lahendusi!","publisher":{"@id":"https:\/\/zepestonia.com\/en\/#organization"},"potentialAction":[{"@type":"SearchAction","target":{"@type":"EntryPoint","urlTemplate":"https:\/\/zepestonia.com\/en\/?s={search_term_string}"},"query-input":{"@type":"PropertyValueSpecification","valueRequired":true,"valueName":"search_term_string"}}],"inLanguage":"en-US"},{"@type":"Organization","@id":"https:\/\/zepestonia.com\/en\/#organization","name":"Zep Estonia","url":"https:\/\/zepestonia.com\/en\/","logo":{"@type":"ImageObject","inLanguage":"en-US","@id":"https:\/\/zepestonia.com\/en\/#\/schema\/logo\/image\/","url":"https:\/\/zepestonia.com\/wp-content\/uploads\/2022\/03\/Zep-Logo_png.jpeg","contentUrl":"https:\/\/zepestonia.com\/wp-content\/uploads\/2022\/03\/Zep-Logo_png.jpeg","width":109,"height":70,"caption":"Zep Estonia"},"image":{"@id":"https:\/\/zepestonia.com\/en\/#\/schema\/logo\/image\/"},"sameAs":["https:\/\/www.facebook.com\/ZepEesti"]}]}},"_links":{"self":[{"href":"https:\/\/zepestonia.com\/en\/wp-json\/wp\/v2\/product\/2837","targetHints":{"allow":["GET"]}}],"collection":[{"href":"https:\/\/zepestonia.com\/en\/wp-json\/wp\/v2\/product"}],"about":[{"href":"https:\/\/zepestonia.com\/en\/wp-json\/wp\/v2\/types\/product"}],"replies":[{"embeddable":true,"href":"https:\/\/zepestonia.com\/en\/wp-json\/wp\/v2\/comments?post=2837"}],"version-history":[{"count":3,"href":"https:\/\/zepestonia.com\/en\/wp-json\/wp\/v2\/product\/2837\/revisions"}],"predecessor-version":[{"id":13984,"href":"https:\/\/zepestonia.com\/en\/wp-json\/wp\/v2\/product\/2837\/revisions\/13984"}],"wp:featuredmedia":[{"embeddable":true,"href":"https:\/\/zepestonia.com\/en\/wp-json\/wp\/v2\/media\/3715"}],"wp:attachment":[{"href":"https:\/\/zepestonia.com\/en\/wp-json\/wp\/v2\/media?parent=2837"}],"wp:term":[{"taxonomy":"product_brand","embeddable":true,"href":"https:\/\/zepestonia.com\/en\/wp-json\/wp\/v2\/product_brand?post=2837"},{"taxonomy":"product_cat","embeddable":true,"href":"https:\/\/zepestonia.com\/en\/wp-json\/wp\/v2\/product_cat?post=2837"},{"taxonomy":"product_tag","embeddable":true,"href":"https:\/\/zepestonia.com\/en\/wp-json\/wp\/v2\/product_tag?post=2837"}],"curies":[{"name":"wp","href":"https:\/\/api.w.org\/{rel}","templated":true}]}}