{"id":2832,"date":"2021-11-29T19:00:35","date_gmt":"2021-11-29T19:00:35","guid":{"rendered":"https:\/\/zep.valgekana.ee\/toode\/oxy-spray-1l\/"},"modified":"2026-04-21T00:00:11","modified_gmt":"2026-04-21T00:00:11","slug":"oxy-spray-1l","status":"publish","type":"product","link":"https:\/\/zepestonia.com\/en\/toode\/oxy-spray-1l\/","title":{"rendered":"OXY SPRAY 1L &#8211; Plekieemaldusvahend tekstiililt"},"content":{"rendered":"<p>\u2022 Eelnevalt eemaldada lahtine mustus puhastatavalt pinnalt.<br \/>\n\u2022 Pihustada tooded ~30 cm kauguselt plekile nii, et plekk saaks korralikult niisutatud.<br \/>\n\u2022 Toodet plekil mitte h\u00f5\u00f5ruda ega harjata.<br \/>\n\u2022 Niisutatud kohal lasta kuivada kuni OXYSPRAY lagundab pleki ja see kaob.<\/p>\n<p><span style=\"color:#FF0000\"><strong>NB!<\/strong><\/span> M\u00f5ned vaiba tekstuurid ei ole v\u00e4rvikindlad, seet\u00f5ttu testida toodet enne kasutamist n\u00e4htamatus kohas.<\/p>\n<p><strong>Omadused:<\/strong> pH: 8.0,&nbsp;<br \/>\n<strong>Kulu<\/strong>: 1L \u2248 8-10m\u00b2<\/p>\n","protected":false},"excerpt":{"rendered":"<p>Spetsiaalne loputusvaba vahend eemaldab nii vanu kui ka uusi kohvi, tee, punase veini, mahla, cola, uriini, muda, rohu- ja toidu ning lemmikloomade poolt tekitatud plekke. Hapniku baasil pleegitaja tungib s\u00fcgavale m\u00e4\u00e4rdunud vaipa v\u00f5i kangasse ning lagundab plekid ja aitab kontrollida ebameeldivaid l\u00f5hnu. Toode ei j\u00e4ta j\u00e4\u00e4ke t\u00f6\u00f6deldud vaibale v\u00f5i kangale.<br \/>\nIdeaalne kasutamiseks lasteaedades, koolides, hooldekodudes, restoranides, hotellides, motellides, haiglates jne.<\/p>\n","protected":false},"featured_media":4850,"comment_status":"closed","ping_status":"closed","template":"","meta":[],"product_brand":[],"product_cat":[196],"product_tag":[],"class_list":{"0":"post-2832","1":"product","2":"type-product","3":"status-publish","4":"has-post-thumbnail","6":"product_cat-suvapuhastus","8":"first","9":"instock","10":"taxable","11":"shipping-taxable","12":"purchasable","13":"product-type-simple"},"yoast_head":"<!-- This site is optimized with the Yoast SEO plugin v26.5 - https:\/\/yoast.com\/wordpress\/plugins\/seo\/ -->\n<title>OXY SPRAY 1L - Plekieemaldusvahend tekstiililt I ZEP Eesti<\/title>\n<meta name=\"description\" content=\"Hapniku baasil pleegitaja tungib s\u00fcgavale m\u00e4\u00e4rdunud vaipa v\u00f5i kangasse ja lagundab plekid. Aitab kontrollida ebameeldivaid l\u00f5hnu. Toode ei j\u00e4ta pindadele j\u00e4\u00e4ke.\" \/>\n<meta name=\"robots\" content=\"index, follow, max-snippet:-1, max-image-preview:large, max-video-preview:-1\" \/>\n<link rel=\"canonical\" href=\"https:\/\/zepestonia.com\/en\/toode\/oxy-spray-1l\/\" \/>\n<meta property=\"og:locale\" content=\"en_US\" \/>\n<meta property=\"og:type\" content=\"article\" \/>\n<meta property=\"og:title\" content=\"OXY SPRAY 1L - Plekieemaldusvahend tekstiililt I ZEP Eesti\" \/>\n<meta property=\"og:description\" content=\"Hapniku baasil pleegitaja tungib s\u00fcgavale m\u00e4\u00e4rdunud vaipa v\u00f5i kangasse ja lagundab plekid. Aitab kontrollida ebameeldivaid l\u00f5hnu. Toode ei j\u00e4ta pindadele j\u00e4\u00e4ke.\" \/>\n<meta property=\"og:url\" content=\"https:\/\/zepestonia.com\/en\/toode\/oxy-spray-1l\/\" \/>\n<meta property=\"og:site_name\" content=\"ZEP Eesti I Puhastusvahendid I E-pood\" \/>\n<meta property=\"article:publisher\" content=\"https:\/\/www.facebook.com\/ZepEesti\" \/>\n<meta property=\"article:modified_time\" content=\"2026-04-21T00:00:11+00:00\" \/>\n<meta property=\"og:image\" content=\"https:\/\/zepestonia.com\/wp-content\/uploads\/2022\/02\/OXY-SPRAY.png\" \/>\n\t<meta property=\"og:image:width\" content=\"400\" \/>\n\t<meta property=\"og:image:height\" content=\"600\" \/>\n\t<meta property=\"og:image:type\" content=\"image\/png\" \/>\n<meta name=\"twitter:card\" content=\"summary_large_image\" \/>\n<script type=\"application\/ld+json\" class=\"yoast-schema-graph\">{\"@context\":\"https:\/\/schema.org\",\"@graph\":[{\"@type\":\"WebPage\",\"@id\":\"https:\/\/zepestonia.com\/en\/toode\/oxy-spray-1l\/\",\"url\":\"https:\/\/zepestonia.com\/en\/toode\/oxy-spray-1l\/\",\"name\":\"OXY SPRAY 1L - Plekieemaldusvahend tekstiililt I ZEP Eesti\",\"isPartOf\":{\"@id\":\"https:\/\/zepestonia.com\/en\/#website\"},\"primaryImageOfPage\":{\"@id\":\"https:\/\/zepestonia.com\/en\/toode\/oxy-spray-1l\/#primaryimage\"},\"image\":{\"@id\":\"https:\/\/zepestonia.com\/en\/toode\/oxy-spray-1l\/#primaryimage\"},\"thumbnailUrl\":\"https:\/\/zepestonia.com\/wp-content\/uploads\/2022\/02\/OXY-SPRAY.png\",\"datePublished\":\"2021-11-29T19:00:35+00:00\",\"dateModified\":\"2026-04-21T00:00:11+00:00\",\"description\":\"Hapniku baasil pleegitaja tungib s\u00fcgavale m\u00e4\u00e4rdunud vaipa v\u00f5i kangasse ja lagundab plekid. Aitab kontrollida ebameeldivaid l\u00f5hnu. Toode ei j\u00e4ta pindadele j\u00e4\u00e4ke.\",\"breadcrumb\":{\"@id\":\"https:\/\/zepestonia.com\/en\/toode\/oxy-spray-1l\/#breadcrumb\"},\"inLanguage\":\"en-US\",\"potentialAction\":[{\"@type\":\"ReadAction\",\"target\":[\"https:\/\/zepestonia.com\/en\/toode\/oxy-spray-1l\/\"]}]},{\"@type\":\"ImageObject\",\"inLanguage\":\"en-US\",\"@id\":\"https:\/\/zepestonia.com\/en\/toode\/oxy-spray-1l\/#primaryimage\",\"url\":\"https:\/\/zepestonia.com\/wp-content\/uploads\/2022\/02\/OXY-SPRAY.png\",\"contentUrl\":\"https:\/\/zepestonia.com\/wp-content\/uploads\/2022\/02\/OXY-SPRAY.png\",\"width\":400,\"height\":600,\"caption\":\"OXY-SPRAY\"},{\"@type\":\"BreadcrumbList\",\"@id\":\"https:\/\/zepestonia.com\/en\/toode\/oxy-spray-1l\/#breadcrumb\",\"itemListElement\":[{\"@type\":\"ListItem\",\"position\":1,\"name\":\"Home\",\"item\":\"https:\/\/zepestonia.com\/en\/\"},{\"@type\":\"ListItem\",\"position\":2,\"name\":\"Shop\",\"item\":\"https:\/\/zepestonia.com\/en\/?page_id=4643\"},{\"@type\":\"ListItem\",\"position\":3,\"name\":\"OXY SPRAY 1L &#8211; Plekieemaldusvahend tekstiililt\"}]},{\"@type\":\"WebSite\",\"@id\":\"https:\/\/zepestonia.com\/en\/#website\",\"url\":\"https:\/\/zepestonia.com\/en\/\",\"name\":\"ZEP Eesti I Puhastusvahendid I E-pood\",\"description\":\"Pakume puhastus- ja hooldusprobleemidele efektiivseid keskkonnas\u00f5bralikke lahendusi!\",\"publisher\":{\"@id\":\"https:\/\/zepestonia.com\/en\/#organization\"},\"potentialAction\":[{\"@type\":\"SearchAction\",\"target\":{\"@type\":\"EntryPoint\",\"urlTemplate\":\"https:\/\/zepestonia.com\/en\/?s={search_term_string}\"},\"query-input\":{\"@type\":\"PropertyValueSpecification\",\"valueRequired\":true,\"valueName\":\"search_term_string\"}}],\"inLanguage\":\"en-US\"},{\"@type\":\"Organization\",\"@id\":\"https:\/\/zepestonia.com\/en\/#organization\",\"name\":\"Zep Estonia\",\"url\":\"https:\/\/zepestonia.com\/en\/\",\"logo\":{\"@type\":\"ImageObject\",\"inLanguage\":\"en-US\",\"@id\":\"https:\/\/zepestonia.com\/en\/#\/schema\/logo\/image\/\",\"url\":\"https:\/\/zepestonia.com\/wp-content\/uploads\/2022\/03\/Zep-Logo_png.jpeg\",\"contentUrl\":\"https:\/\/zepestonia.com\/wp-content\/uploads\/2022\/03\/Zep-Logo_png.jpeg\",\"width\":109,\"height\":70,\"caption\":\"Zep Estonia\"},\"image\":{\"@id\":\"https:\/\/zepestonia.com\/en\/#\/schema\/logo\/image\/\"},\"sameAs\":[\"https:\/\/www.facebook.com\/ZepEesti\"]}]}<\/script>\n<!-- \/ Yoast SEO plugin. -->","yoast_head_json":{"title":"OXY SPRAY 1L - Plekieemaldusvahend tekstiililt I ZEP Eesti","description":"Hapniku baasil pleegitaja tungib s\u00fcgavale m\u00e4\u00e4rdunud vaipa v\u00f5i kangasse ja lagundab plekid. Aitab kontrollida ebameeldivaid l\u00f5hnu. Toode ei j\u00e4ta pindadele j\u00e4\u00e4ke.","robots":{"index":"index","follow":"follow","max-snippet":"max-snippet:-1","max-image-preview":"max-image-preview:large","max-video-preview":"max-video-preview:-1"},"canonical":"https:\/\/zepestonia.com\/en\/toode\/oxy-spray-1l\/","og_locale":"en_US","og_type":"article","og_title":"OXY SPRAY 1L - Plekieemaldusvahend tekstiililt I ZEP Eesti","og_description":"Hapniku baasil pleegitaja tungib s\u00fcgavale m\u00e4\u00e4rdunud vaipa v\u00f5i kangasse ja lagundab plekid. Aitab kontrollida ebameeldivaid l\u00f5hnu. Toode ei j\u00e4ta pindadele j\u00e4\u00e4ke.","og_url":"https:\/\/zepestonia.com\/en\/toode\/oxy-spray-1l\/","og_site_name":"ZEP Eesti I Puhastusvahendid I E-pood","article_publisher":"https:\/\/www.facebook.com\/ZepEesti","article_modified_time":"2026-04-21T00:00:11+00:00","og_image":[{"width":400,"height":600,"url":"https:\/\/zepestonia.com\/wp-content\/uploads\/2022\/02\/OXY-SPRAY.png","type":"image\/png"}],"twitter_card":"summary_large_image","schema":{"@context":"https:\/\/schema.org","@graph":[{"@type":"WebPage","@id":"https:\/\/zepestonia.com\/en\/toode\/oxy-spray-1l\/","url":"https:\/\/zepestonia.com\/en\/toode\/oxy-spray-1l\/","name":"OXY SPRAY 1L - Plekieemaldusvahend tekstiililt I ZEP Eesti","isPartOf":{"@id":"https:\/\/zepestonia.com\/en\/#website"},"primaryImageOfPage":{"@id":"https:\/\/zepestonia.com\/en\/toode\/oxy-spray-1l\/#primaryimage"},"image":{"@id":"https:\/\/zepestonia.com\/en\/toode\/oxy-spray-1l\/#primaryimage"},"thumbnailUrl":"https:\/\/zepestonia.com\/wp-content\/uploads\/2022\/02\/OXY-SPRAY.png","datePublished":"2021-11-29T19:00:35+00:00","dateModified":"2026-04-21T00:00:11+00:00","description":"Hapniku baasil pleegitaja tungib s\u00fcgavale m\u00e4\u00e4rdunud vaipa v\u00f5i kangasse ja lagundab plekid. Aitab kontrollida ebameeldivaid l\u00f5hnu. Toode ei j\u00e4ta pindadele j\u00e4\u00e4ke.","breadcrumb":{"@id":"https:\/\/zepestonia.com\/en\/toode\/oxy-spray-1l\/#breadcrumb"},"inLanguage":"en-US","potentialAction":[{"@type":"ReadAction","target":["https:\/\/zepestonia.com\/en\/toode\/oxy-spray-1l\/"]}]},{"@type":"ImageObject","inLanguage":"en-US","@id":"https:\/\/zepestonia.com\/en\/toode\/oxy-spray-1l\/#primaryimage","url":"https:\/\/zepestonia.com\/wp-content\/uploads\/2022\/02\/OXY-SPRAY.png","contentUrl":"https:\/\/zepestonia.com\/wp-content\/uploads\/2022\/02\/OXY-SPRAY.png","width":400,"height":600,"caption":"OXY-SPRAY"},{"@type":"BreadcrumbList","@id":"https:\/\/zepestonia.com\/en\/toode\/oxy-spray-1l\/#breadcrumb","itemListElement":[{"@type":"ListItem","position":1,"name":"Home","item":"https:\/\/zepestonia.com\/en\/"},{"@type":"ListItem","position":2,"name":"Shop","item":"https:\/\/zepestonia.com\/en\/?page_id=4643"},{"@type":"ListItem","position":3,"name":"OXY SPRAY 1L &#8211; Plekieemaldusvahend tekstiililt"}]},{"@type":"WebSite","@id":"https:\/\/zepestonia.com\/en\/#website","url":"https:\/\/zepestonia.com\/en\/","name":"ZEP Eesti I Puhastusvahendid I E-pood","description":"Pakume puhastus- ja hooldusprobleemidele efektiivseid keskkonnas\u00f5bralikke lahendusi!","publisher":{"@id":"https:\/\/zepestonia.com\/en\/#organization"},"potentialAction":[{"@type":"SearchAction","target":{"@type":"EntryPoint","urlTemplate":"https:\/\/zepestonia.com\/en\/?s={search_term_string}"},"query-input":{"@type":"PropertyValueSpecification","valueRequired":true,"valueName":"search_term_string"}}],"inLanguage":"en-US"},{"@type":"Organization","@id":"https:\/\/zepestonia.com\/en\/#organization","name":"Zep Estonia","url":"https:\/\/zepestonia.com\/en\/","logo":{"@type":"ImageObject","inLanguage":"en-US","@id":"https:\/\/zepestonia.com\/en\/#\/schema\/logo\/image\/","url":"https:\/\/zepestonia.com\/wp-content\/uploads\/2022\/03\/Zep-Logo_png.jpeg","contentUrl":"https:\/\/zepestonia.com\/wp-content\/uploads\/2022\/03\/Zep-Logo_png.jpeg","width":109,"height":70,"caption":"Zep Estonia"},"image":{"@id":"https:\/\/zepestonia.com\/en\/#\/schema\/logo\/image\/"},"sameAs":["https:\/\/www.facebook.com\/ZepEesti"]}]}},"_links":{"self":[{"href":"https:\/\/zepestonia.com\/en\/wp-json\/wp\/v2\/product\/2832","targetHints":{"allow":["GET"]}}],"collection":[{"href":"https:\/\/zepestonia.com\/en\/wp-json\/wp\/v2\/product"}],"about":[{"href":"https:\/\/zepestonia.com\/en\/wp-json\/wp\/v2\/types\/product"}],"replies":[{"embeddable":true,"href":"https:\/\/zepestonia.com\/en\/wp-json\/wp\/v2\/comments?post=2832"}],"version-history":[{"count":1,"href":"https:\/\/zepestonia.com\/en\/wp-json\/wp\/v2\/product\/2832\/revisions"}],"predecessor-version":[{"id":10272,"href":"https:\/\/zepestonia.com\/en\/wp-json\/wp\/v2\/product\/2832\/revisions\/10272"}],"wp:featuredmedia":[{"embeddable":true,"href":"https:\/\/zepestonia.com\/en\/wp-json\/wp\/v2\/media\/4850"}],"wp:attachment":[{"href":"https:\/\/zepestonia.com\/en\/wp-json\/wp\/v2\/media?parent=2832"}],"wp:term":[{"taxonomy":"product_brand","embeddable":true,"href":"https:\/\/zepestonia.com\/en\/wp-json\/wp\/v2\/product_brand?post=2832"},{"taxonomy":"product_cat","embeddable":true,"href":"https:\/\/zepestonia.com\/en\/wp-json\/wp\/v2\/product_cat?post=2832"},{"taxonomy":"product_tag","embeddable":true,"href":"https:\/\/zepestonia.com\/en\/wp-json\/wp\/v2\/product_tag?post=2832"}],"curies":[{"name":"wp","href":"https:\/\/api.w.org\/{rel}","templated":true}]}}