{"id":2828,"date":"2021-11-29T19:00:35","date_gmt":"2021-11-29T19:00:35","guid":{"rendered":"https:\/\/zep.valgekana.ee\/toode\/multi-wrap\/"},"modified":"2025-07-01T00:24:10","modified_gmt":"2025-07-01T00:24:10","slug":"multi-wrap","status":"publish","type":"product","link":"https:\/\/zepestonia.com\/en\/toode\/multi-wrap\/","title":{"rendered":"Multi-Wrap &#8211; Isevulkaniseeruv teip"},"content":{"rendered":"<ul>\n<li><span class=\"markedContent\" id=\"page23R_mcid19\"><span dir=\"ltr\" role=\"presentation\" style=\"left: 120.04px;top: 608.711px;font-family: sans-serif\">Puhastada remonditav pind.<\/span><\/span><\/li>\n<li><span class=\"markedContent\" id=\"page23R_mcid20\"><span dir=\"ltr\" role=\"presentation\" style=\"left: 120.04px;top: 631.711px;font-family: sans-serif\">Eemaldada l\u00fchike jupp Multi<\/span><span dir=\"ltr\" role=\"presentation\" style=\"left: 370.283px;top: 631.711px;font-family: sans-serif\">&#8211;<\/span><span dir=\"ltr\" role=\"presentation\" style=\"left: 376.483px;top: 631.711px;font-family: sans-serif\">Wrapi kaitsekilet, fikseerida teibi ots ja kanda \u00fcks kiht<\/span> <span dir=\"ltr\" role=\"presentation\" style=\"left: 120.04px;top: 654.711px;font-family: sans-serif\">remontimist vajava pinna peale<\/span><span dir=\"ltr\" role=\"presentation\" style=\"left: 395.8px;top: 654.711px;font-family: sans-serif\"> <\/span><span dir=\"ltr\" role=\"presentation\" style=\"left: 401.483px;top: 654.711px;font-family: sans-serif\">\u2013<\/span><span dir=\"ltr\" role=\"presentation\" style=\"left: 412.603px;top: 654.711px;font-family: sans-serif\"> <\/span><span dir=\"ltr\" role=\"presentation\" style=\"left: 418.283px;top: 654.711px;font-family: sans-serif\">koheselt mitte venitada (pingutada)!<\/span><\/span><\/li>\n<li><span class=\"markedContent\" id=\"page23R_mcid21\"><span dir=\"ltr\" role=\"presentation\" style=\"left: 120.04px;top: 677.711px;font-family: sans-serif\">J\u00e4tkata m\u00e4hkimist samaaegselt teipi venitades. Mida tihedam kiht, seda suurem<\/span> <span dir=\"ltr\" role=\"presentation\" style=\"left: 120.04px;top: 700.711px;font-family: sans-serif\">survetakistus.<\/span><\/span><\/li>\n<li><span class=\"markedContent\" id=\"page23R_mcid22\"><span dir=\"ltr\" role=\"presentation\" style=\"left: 120.04px;top: 723.711px;font-family: sans-serif\">Sobiva paksuse saavutamisel l\u00f5igata j\u00e4relej\u00e4\u00e4nud teip \u00e4ra ja suruda remonditud<\/span><\/span> <span class=\"markedContent\" id=\"page23R_mcid23\"><span dir=\"ltr\" role=\"presentation\" style=\"left: 120.04px;top: 746.744px;font-family: sans-serif\">koht veel k\u00e4ega \u00fcle.<\/span><\/span><\/li>\n<li><span class=\"markedContent\" id=\"page23R_mcid24\"><span dir=\"ltr\" role=\"presentation\" style=\"left: 120.04px;top: 769.744px;font-family: sans-serif\">Tagab v\u00e4hemalt 24 tunniks p\u00fcsiva siduse. Kohene paranemistul<\/span><span dir=\"ltr\" role=\"presentation\" style=\"left: 692.717px;top: 769.744px;font-family: sans-serif\">emus vaid m\u00f5ne minuti<\/span> <span dir=\"ltr\" role=\"presentation\" style=\"left: 120.04px;top: 792.744px;font-family: sans-serif\">p\u00e4rast pealekandmist.<\/span><\/span><\/li>\n<li>Suur t\u00f6\u00f6temperatuurivahemik + 260 kuni \u201350 \u00b0 C.<\/li>\n<li><span class=\"markedContent\" id=\"page3R_mcid37\"><span dir=\"ltr\" role=\"presentation\" style=\"left: 60px;top: 1037.39px;font-family: sans-serif\">8000 voldine isolatsioon venitamata<\/span><span dir=\"ltr\" role=\"presentation\" style=\"left: 389.24px;top: 1037.39px;font-family: sans-serif\"> <\/span><span dir=\"ltr\" role=\"presentation\" style=\"left: 395.283px;top: 1037.39px;font-family: sans-serif\">kihi kohta<\/span><\/span><\/li>\n<li>T\u00f5mbetugevus 600 psi.<\/li>\n<li>V\u00e4rvus: must v\u00f5i valge<\/li>\n<\/ul>\n","protected":false},"excerpt":{"rendered":"<p>Parandusteip igat t\u00fc\u00fcpi avariiremondi jaoks.<br \/>\nToode on valmistatud spetsiaalsest kvaliteetsest silikoonkummisegust, mis kleepub pinge all ise kinni.<br \/>\nPeale parandusprotsessi saavutatakse elektrit mittejuhtiv, \u00f5hu- ja veekindel isolatsioon.<br \/>\nAvariivoolikute remont, h\u00fcdraulilised purunemised, isolatsiooniparandused, pikendusjuhtmete \u00fchendused, t\u00f6\u00f6riistade haaratsid, \u00f5hutustorude \u00fchendused, mitmesuguste torude remont. Ideaalne kasutamiseks mere-, kodu-, hooldus-, tootmis- ja elektrit\u00f6\u00f6del.<br \/>\nV\u00e4ga head korrosioonivastased omadused.<br \/>\nOhutu k\u00f5ikidel pindadel.<\/p>\n","protected":false},"featured_media":3946,"comment_status":"closed","ping_status":"closed","template":"","meta":[],"product_brand":[],"product_cat":[223],"product_tag":[],"class_list":{"0":"post-2828","1":"product","2":"type-product","3":"status-publish","4":"has-post-thumbnail","6":"product_cat-varv-liim-teip","8":"first","9":"instock","10":"taxable","11":"shipping-taxable","12":"purchasable","13":"product-type-simple"},"yoast_head":"<!-- This site is optimized with the Yoast SEO plugin v26.5 - https:\/\/yoast.com\/wordpress\/plugins\/seo\/ -->\n<title>Multi-Wrap - Isevulkaniseeruv teip, parandusteip I ZEP Eesti<\/title>\n<meta name=\"description\" content=\"Parandusteip igat t\u00fc\u00fcpi avariiremondi jaoks. Toode on valmistatud spetsiaalsest kvaliteetsest silikoonkummisegust, mis kleepub pinge all ise kinni. Ohutu!\" \/>\n<meta name=\"robots\" content=\"index, follow, max-snippet:-1, max-image-preview:large, max-video-preview:-1\" \/>\n<link rel=\"canonical\" href=\"https:\/\/zepestonia.com\/en\/toode\/multi-wrap\/\" \/>\n<meta property=\"og:locale\" content=\"en_US\" \/>\n<meta property=\"og:type\" content=\"article\" \/>\n<meta property=\"og:title\" content=\"Multi-Wrap - Isevulkaniseeruv teip, parandusteip I ZEP Eesti\" \/>\n<meta property=\"og:description\" content=\"Parandusteip igat t\u00fc\u00fcpi avariiremondi jaoks. Toode on valmistatud spetsiaalsest kvaliteetsest silikoonkummisegust, mis kleepub pinge all ise kinni. Ohutu!\" \/>\n<meta property=\"og:url\" content=\"https:\/\/zepestonia.com\/en\/toode\/multi-wrap\/\" \/>\n<meta property=\"og:site_name\" content=\"ZEP Eesti I Puhastusvahendid I E-pood\" \/>\n<meta property=\"article:publisher\" content=\"https:\/\/www.facebook.com\/ZepEesti\" \/>\n<meta property=\"article:modified_time\" content=\"2025-07-01T00:24:10+00:00\" \/>\n<meta property=\"og:image\" content=\"https:\/\/zepestonia.com\/wp-content\/uploads\/2021\/12\/584-60e112ec511645-10595735-MULTI20WRAP.png\" \/>\n\t<meta property=\"og:image:width\" content=\"400\" \/>\n\t<meta property=\"og:image:height\" content=\"600\" \/>\n\t<meta property=\"og:image:type\" content=\"image\/png\" \/>\n<meta name=\"twitter:card\" content=\"summary_large_image\" \/>\n<script type=\"application\/ld+json\" class=\"yoast-schema-graph\">{\"@context\":\"https:\/\/schema.org\",\"@graph\":[{\"@type\":\"WebPage\",\"@id\":\"https:\/\/zepestonia.com\/en\/toode\/multi-wrap\/\",\"url\":\"https:\/\/zepestonia.com\/en\/toode\/multi-wrap\/\",\"name\":\"Multi-Wrap - Isevulkaniseeruv teip, parandusteip I ZEP Eesti\",\"isPartOf\":{\"@id\":\"https:\/\/zepestonia.com\/en\/#website\"},\"primaryImageOfPage\":{\"@id\":\"https:\/\/zepestonia.com\/en\/toode\/multi-wrap\/#primaryimage\"},\"image\":{\"@id\":\"https:\/\/zepestonia.com\/en\/toode\/multi-wrap\/#primaryimage\"},\"thumbnailUrl\":\"https:\/\/zepestonia.com\/wp-content\/uploads\/2021\/12\/584-60e112ec511645-10595735-MULTI20WRAP.png\",\"datePublished\":\"2021-11-29T19:00:35+00:00\",\"dateModified\":\"2025-07-01T00:24:10+00:00\",\"description\":\"Parandusteip igat t\u00fc\u00fcpi avariiremondi jaoks. Toode on valmistatud spetsiaalsest kvaliteetsest silikoonkummisegust, mis kleepub pinge all ise kinni. Ohutu!\",\"breadcrumb\":{\"@id\":\"https:\/\/zepestonia.com\/en\/toode\/multi-wrap\/#breadcrumb\"},\"inLanguage\":\"en-US\",\"potentialAction\":[{\"@type\":\"ReadAction\",\"target\":[\"https:\/\/zepestonia.com\/en\/toode\/multi-wrap\/\"]}]},{\"@type\":\"ImageObject\",\"inLanguage\":\"en-US\",\"@id\":\"https:\/\/zepestonia.com\/en\/toode\/multi-wrap\/#primaryimage\",\"url\":\"https:\/\/zepestonia.com\/wp-content\/uploads\/2021\/12\/584-60e112ec511645-10595735-MULTI20WRAP.png\",\"contentUrl\":\"https:\/\/zepestonia.com\/wp-content\/uploads\/2021\/12\/584-60e112ec511645-10595735-MULTI20WRAP.png\",\"width\":400,\"height\":600,\"caption\":\"584-60e112ec511645-10595735-MULTI20WRAP\"},{\"@type\":\"BreadcrumbList\",\"@id\":\"https:\/\/zepestonia.com\/en\/toode\/multi-wrap\/#breadcrumb\",\"itemListElement\":[{\"@type\":\"ListItem\",\"position\":1,\"name\":\"Home\",\"item\":\"https:\/\/zepestonia.com\/en\/\"},{\"@type\":\"ListItem\",\"position\":2,\"name\":\"Shop\",\"item\":\"https:\/\/zepestonia.com\/en\/?page_id=4643\"},{\"@type\":\"ListItem\",\"position\":3,\"name\":\"Multi-Wrap &#8211; Isevulkaniseeruv teip\"}]},{\"@type\":\"WebSite\",\"@id\":\"https:\/\/zepestonia.com\/en\/#website\",\"url\":\"https:\/\/zepestonia.com\/en\/\",\"name\":\"ZEP Eesti I Puhastusvahendid I E-pood\",\"description\":\"Pakume puhastus- ja hooldusprobleemidele efektiivseid keskkonnas\u00f5bralikke lahendusi!\",\"publisher\":{\"@id\":\"https:\/\/zepestonia.com\/en\/#organization\"},\"potentialAction\":[{\"@type\":\"SearchAction\",\"target\":{\"@type\":\"EntryPoint\",\"urlTemplate\":\"https:\/\/zepestonia.com\/en\/?s={search_term_string}\"},\"query-input\":{\"@type\":\"PropertyValueSpecification\",\"valueRequired\":true,\"valueName\":\"search_term_string\"}}],\"inLanguage\":\"en-US\"},{\"@type\":\"Organization\",\"@id\":\"https:\/\/zepestonia.com\/en\/#organization\",\"name\":\"Zep Estonia\",\"url\":\"https:\/\/zepestonia.com\/en\/\",\"logo\":{\"@type\":\"ImageObject\",\"inLanguage\":\"en-US\",\"@id\":\"https:\/\/zepestonia.com\/en\/#\/schema\/logo\/image\/\",\"url\":\"https:\/\/zepestonia.com\/wp-content\/uploads\/2022\/03\/Zep-Logo_png.jpeg\",\"contentUrl\":\"https:\/\/zepestonia.com\/wp-content\/uploads\/2022\/03\/Zep-Logo_png.jpeg\",\"width\":109,\"height\":70,\"caption\":\"Zep Estonia\"},\"image\":{\"@id\":\"https:\/\/zepestonia.com\/en\/#\/schema\/logo\/image\/\"},\"sameAs\":[\"https:\/\/www.facebook.com\/ZepEesti\"]}]}<\/script>\n<!-- \/ Yoast SEO plugin. -->","yoast_head_json":{"title":"Multi-Wrap - Isevulkaniseeruv teip, parandusteip I ZEP Eesti","description":"Parandusteip igat t\u00fc\u00fcpi avariiremondi jaoks. Toode on valmistatud spetsiaalsest kvaliteetsest silikoonkummisegust, mis kleepub pinge all ise kinni. Ohutu!","robots":{"index":"index","follow":"follow","max-snippet":"max-snippet:-1","max-image-preview":"max-image-preview:large","max-video-preview":"max-video-preview:-1"},"canonical":"https:\/\/zepestonia.com\/en\/toode\/multi-wrap\/","og_locale":"en_US","og_type":"article","og_title":"Multi-Wrap - Isevulkaniseeruv teip, parandusteip I ZEP Eesti","og_description":"Parandusteip igat t\u00fc\u00fcpi avariiremondi jaoks. Toode on valmistatud spetsiaalsest kvaliteetsest silikoonkummisegust, mis kleepub pinge all ise kinni. Ohutu!","og_url":"https:\/\/zepestonia.com\/en\/toode\/multi-wrap\/","og_site_name":"ZEP Eesti I Puhastusvahendid I E-pood","article_publisher":"https:\/\/www.facebook.com\/ZepEesti","article_modified_time":"2025-07-01T00:24:10+00:00","og_image":[{"width":400,"height":600,"url":"https:\/\/zepestonia.com\/wp-content\/uploads\/2021\/12\/584-60e112ec511645-10595735-MULTI20WRAP.png","type":"image\/png"}],"twitter_card":"summary_large_image","schema":{"@context":"https:\/\/schema.org","@graph":[{"@type":"WebPage","@id":"https:\/\/zepestonia.com\/en\/toode\/multi-wrap\/","url":"https:\/\/zepestonia.com\/en\/toode\/multi-wrap\/","name":"Multi-Wrap - Isevulkaniseeruv teip, parandusteip I ZEP Eesti","isPartOf":{"@id":"https:\/\/zepestonia.com\/en\/#website"},"primaryImageOfPage":{"@id":"https:\/\/zepestonia.com\/en\/toode\/multi-wrap\/#primaryimage"},"image":{"@id":"https:\/\/zepestonia.com\/en\/toode\/multi-wrap\/#primaryimage"},"thumbnailUrl":"https:\/\/zepestonia.com\/wp-content\/uploads\/2021\/12\/584-60e112ec511645-10595735-MULTI20WRAP.png","datePublished":"2021-11-29T19:00:35+00:00","dateModified":"2025-07-01T00:24:10+00:00","description":"Parandusteip igat t\u00fc\u00fcpi avariiremondi jaoks. Toode on valmistatud spetsiaalsest kvaliteetsest silikoonkummisegust, mis kleepub pinge all ise kinni. Ohutu!","breadcrumb":{"@id":"https:\/\/zepestonia.com\/en\/toode\/multi-wrap\/#breadcrumb"},"inLanguage":"en-US","potentialAction":[{"@type":"ReadAction","target":["https:\/\/zepestonia.com\/en\/toode\/multi-wrap\/"]}]},{"@type":"ImageObject","inLanguage":"en-US","@id":"https:\/\/zepestonia.com\/en\/toode\/multi-wrap\/#primaryimage","url":"https:\/\/zepestonia.com\/wp-content\/uploads\/2021\/12\/584-60e112ec511645-10595735-MULTI20WRAP.png","contentUrl":"https:\/\/zepestonia.com\/wp-content\/uploads\/2021\/12\/584-60e112ec511645-10595735-MULTI20WRAP.png","width":400,"height":600,"caption":"584-60e112ec511645-10595735-MULTI20WRAP"},{"@type":"BreadcrumbList","@id":"https:\/\/zepestonia.com\/en\/toode\/multi-wrap\/#breadcrumb","itemListElement":[{"@type":"ListItem","position":1,"name":"Home","item":"https:\/\/zepestonia.com\/en\/"},{"@type":"ListItem","position":2,"name":"Shop","item":"https:\/\/zepestonia.com\/en\/?page_id=4643"},{"@type":"ListItem","position":3,"name":"Multi-Wrap &#8211; Isevulkaniseeruv teip"}]},{"@type":"WebSite","@id":"https:\/\/zepestonia.com\/en\/#website","url":"https:\/\/zepestonia.com\/en\/","name":"ZEP Eesti I Puhastusvahendid I E-pood","description":"Pakume puhastus- ja hooldusprobleemidele efektiivseid keskkonnas\u00f5bralikke lahendusi!","publisher":{"@id":"https:\/\/zepestonia.com\/en\/#organization"},"potentialAction":[{"@type":"SearchAction","target":{"@type":"EntryPoint","urlTemplate":"https:\/\/zepestonia.com\/en\/?s={search_term_string}"},"query-input":{"@type":"PropertyValueSpecification","valueRequired":true,"valueName":"search_term_string"}}],"inLanguage":"en-US"},{"@type":"Organization","@id":"https:\/\/zepestonia.com\/en\/#organization","name":"Zep Estonia","url":"https:\/\/zepestonia.com\/en\/","logo":{"@type":"ImageObject","inLanguage":"en-US","@id":"https:\/\/zepestonia.com\/en\/#\/schema\/logo\/image\/","url":"https:\/\/zepestonia.com\/wp-content\/uploads\/2022\/03\/Zep-Logo_png.jpeg","contentUrl":"https:\/\/zepestonia.com\/wp-content\/uploads\/2022\/03\/Zep-Logo_png.jpeg","width":109,"height":70,"caption":"Zep Estonia"},"image":{"@id":"https:\/\/zepestonia.com\/en\/#\/schema\/logo\/image\/"},"sameAs":["https:\/\/www.facebook.com\/ZepEesti"]}]}},"_links":{"self":[{"href":"https:\/\/zepestonia.com\/en\/wp-json\/wp\/v2\/product\/2828","targetHints":{"allow":["GET"]}}],"collection":[{"href":"https:\/\/zepestonia.com\/en\/wp-json\/wp\/v2\/product"}],"about":[{"href":"https:\/\/zepestonia.com\/en\/wp-json\/wp\/v2\/types\/product"}],"replies":[{"embeddable":true,"href":"https:\/\/zepestonia.com\/en\/wp-json\/wp\/v2\/comments?post=2828"}],"version-history":[{"count":2,"href":"https:\/\/zepestonia.com\/en\/wp-json\/wp\/v2\/product\/2828\/revisions"}],"predecessor-version":[{"id":11232,"href":"https:\/\/zepestonia.com\/en\/wp-json\/wp\/v2\/product\/2828\/revisions\/11232"}],"wp:featuredmedia":[{"embeddable":true,"href":"https:\/\/zepestonia.com\/en\/wp-json\/wp\/v2\/media\/3946"}],"wp:attachment":[{"href":"https:\/\/zepestonia.com\/en\/wp-json\/wp\/v2\/media?parent=2828"}],"wp:term":[{"taxonomy":"product_brand","embeddable":true,"href":"https:\/\/zepestonia.com\/en\/wp-json\/wp\/v2\/product_brand?post=2828"},{"taxonomy":"product_cat","embeddable":true,"href":"https:\/\/zepestonia.com\/en\/wp-json\/wp\/v2\/product_cat?post=2828"},{"taxonomy":"product_tag","embeddable":true,"href":"https:\/\/zepestonia.com\/en\/wp-json\/wp\/v2\/product_tag?post=2828"}],"curies":[{"name":"wp","href":"https:\/\/api.w.org\/{rel}","templated":true}]}}