{"id":2824,"date":"2021-11-29T19:00:35","date_gmt":"2021-11-29T19:00:35","guid":{"rendered":"https:\/\/zep.valgekana.ee\/toode\/chlor-15-sw-25kg\/"},"modified":"2026-03-28T00:00:07","modified_gmt":"2026-03-28T00:00:07","slug":"chlor-15-sw-25kg","status":"publish","type":"product","link":"https:\/\/zepestonia.com\/en\/toode\/chlor-15-sw-25kg\/","title":{"rendered":"Chlor 15 SW 25kg  &#8211; Joogivee puhastaja"},"content":{"rendered":"<ul>\n<li><span style=\"font-size:14px\"><span style=\"font-family:arial,helvetica,sans-serif\"><span class=\"markedContent\"><span dir=\"ltr\" role=\"presentation\" style=\"left: 90px;top: 490.311px\">Vahendit<\/span><span dir=\"ltr\" role=\"presentation\" style=\"left: 169.1px;top: 490.311px\"> <\/span><span dir=\"ltr\" role=\"presentation\" style=\"left: 184.833px;top: 490.311px\">tuleb<\/span><span dir=\"ltr\" role=\"presentation\" style=\"left: 228.093px;top: 490.311px\"> <\/span><span dir=\"ltr\" role=\"presentation\" style=\"left: 243.773px;top: 490.311px\">doseerida<\/span><span dir=\"ltr\" role=\"presentation\" style=\"left: 331.433px;top: 490.311px\"> <\/span><span dir=\"ltr\" role=\"presentation\" style=\"left: 347.073px;top: 490.311px\">otse<\/span><span dir=\"ltr\" role=\"presentation\" style=\"left: 384.933px;top: 490.311px\"> <\/span><span dir=\"ltr\" role=\"presentation\" style=\"left: 400.613px;top: 490.311px\">sissetulevasse<\/span><span dir=\"ltr\" role=\"presentation\" style=\"left: 530.493px;top: 490.311px\"> <\/span><span dir=\"ltr\" role=\"presentation\" style=\"left: 546.133px;top: 490.311px\">vette.<\/span><span dir=\"ltr\" role=\"presentation\" style=\"left: 595.053px;top: 490.311px\"> <\/span><\/span><\/span><\/span><\/li>\n<li><span style=\"font-size:14px\"><span style=\"font-family:arial,helvetica,sans-serif\"><span class=\"markedContent\"><span dir=\"ltr\" role=\"presentation\" style=\"left: 610.673px;top: 490.311px\">Doseerimispump<\/span><span dir=\"ltr\" role=\"presentation\" style=\"left: 760.733px;top: 490.311px\"> <\/span><span dir=\"ltr\" role=\"presentation\" style=\"left: 776.967px;top: 490.311px\">peaks<\/span><span dir=\"ltr\" role=\"presentation\" style=\"left: 830.327px;top: 490.311px\"> <\/span><span dir=\"ltr\" role=\"presentation\" style=\"left: 845.907px;top: 490.311px\">olema<\/span> <span dir=\"ltr\" role=\"presentation\" style=\"left: 90px;top: 513.311px\">\u00fchendatud automaatse monitoriga, mis n\u00e4itab vaba kloori<\/span><span dir=\"ltr\" role=\"presentation\" style=\"left: 612.72px;top: 513.311px\"> <\/span><span dir=\"ltr\" role=\"presentation\" style=\"left: 621.517px;top: 513.311px\">sisaldust<\/span><span dir=\"ltr\" role=\"presentation\" style=\"left: 699.117px;top: 513.311px\">.<\/span><span dir=\"ltr\" role=\"presentation\" style=\"left: 704.677px;top: 513.311px\"> <\/span><\/span><\/span><\/span><\/li>\n<li><span style=\"font-size:14px\"><span style=\"font-family:arial,helvetica,sans-serif\"><span class=\"markedContent\"><span dir=\"ltr\" role=\"presentation\" style=\"left: 712.917px;top: 513.311px\">Et v\u00e4ltida sissepritse<\/span> <span dir=\"ltr\" role=\"presentation\" style=\"left: 90px;top: 536.311px\">ummistust<\/span><span dir=\"ltr\" role=\"presentation\" style=\"left: 181.233px;top: 536.311px\">, mis teki<\/span><span dir=\"ltr\" role=\"presentation\" style=\"left: 268.433px;top: 536.311px\">b<\/span><span dir=\"ltr\" role=\"presentation\" style=\"left: 279.553px;top: 536.311px\"> <\/span><span dir=\"ltr\" role=\"presentation\" style=\"left: 289.233px;top: 536.311px\">toote kristalliseer<\/span><span dir=\"ltr\" role=\"presentation\" style=\"left: 443.683px;top: 536.311px\">u<\/span><span dir=\"ltr\" role=\"presentation\" style=\"left: 454.683px;top: 536.311px\">misest, tuleks kasutada spetsiaalset kloori jaoks<\/span> <span dir=\"ltr\" role=\"presentation\" style=\"left: 90px;top: 559.311px\">m\u00f5eldud sissepritse mehhanismi.<\/span><\/span><\/span><\/span><\/li>\n<\/ul>\n<p><span style=\"font-size:14px\"><span style=\"font-family:arial,helvetica,sans-serif\"><span class=\"markedContent\" id=\"page3R_mcid23\"><strong><span dir=\"ltr\" role=\"presentation\" style=\"left: 90px;top: 829.744px\">PS!<\/span><span dir=\"ltr\" role=\"presentation\" style=\"left: 123.42px;top: 829.744px\"> <\/span><\/strong><span dir=\"ltr\" role=\"presentation\" style=\"left: 149.04px;top: 829.744px\">Kloorip\u00f5hised lahused kaotavad ajaga oma efektiivsust, eriti kui<\/span><\/span> <span class=\"markedContent\" id=\"page3R_mcid24\"><span dir=\"ltr\" role=\"presentation\" style=\"left: 149.04px;top: 852.744px\">tooten\u00f5ud j\u00e4etakse lahti ja\/v\u00f5i hoitakse k\u00f5<\/span><span dir=\"ltr\" role=\"presentation\" style=\"left: 550.717px;top: 852.744px\">r<\/span><span dir=\"ltr\" role=\"presentation\" style=\"left: 558.317px;top: 852.744px\">ge temperatuuriga ruumides.<br \/>\npH 11,0<br \/>\n<strong>Dosaatorpump:<\/strong> <\/span><\/span><\/span><\/span>Pompa KPLUS CLORO\/CONTATORE PVDF<br \/>\n<span style=\"font-size:14px\"><span style=\"font-family:arial,helvetica,sans-serif\"><span class=\"markedContent\"><strong><span dir=\"ltr\" role=\"presentation\" style=\"left: 90px;top: 559.311px\">Sissepritse mehhanism:<\/span><\/strong><span dir=\"ltr\" role=\"presentation\" style=\"left: 558.317px;top: 852.744px\"> <\/span><\/span><\/span><\/span>Lancia di iniezione PVDF 1\/2&#8243;<\/p>\n<p>\n&nbsp;<\/p>\n","protected":false},"excerpt":{"rendered":"<p>Kloorip\u00f5hine lahus (13%-15%) joogivee puhastamiseks.<br \/>\nVahendit v\u00f5ib doseerida nii igap\u00e4evaseks hoolduseks kui ka vee esmaseks h\u00fcperkloreerimiseks.<br \/>\nDoseerida otse sissetulevasse vette.<br \/>\nToode on FDA poolt heaks kiidetud.<\/p>\n","protected":false},"featured_media":3916,"comment_status":"closed","ping_status":"closed","template":"","meta":[],"product_brand":[],"product_cat":[207],"product_tag":[],"class_list":{"0":"post-2824","1":"product","2":"type-product","3":"status-publish","4":"has-post-thumbnail","6":"product_cat-joogivesi","8":"first","9":"instock","10":"taxable","11":"shipping-taxable","12":"purchasable","13":"product-type-simple"},"yoast_head":"<!-- This site is optimized with the Yoast SEO plugin v26.5 - https:\/\/yoast.com\/wordpress\/plugins\/seo\/ -->\n<title>Chlor 15 SW 25kg - Joogivee puhastaja, kloorip\u00f5hine I ZEP Eesti<\/title>\n<meta name=\"description\" content=\"Kloorip\u00f5hine lahus joogivee puhastamiseks. Vahendit v\u00f5ib doseerida nii igap\u00e4evaseks hoolduseks ning vee esmaseks h\u00fcperkloreerimiseks kohe sissetulevasse vette.\" \/>\n<meta name=\"robots\" content=\"index, follow, max-snippet:-1, max-image-preview:large, max-video-preview:-1\" \/>\n<link rel=\"canonical\" href=\"https:\/\/zepestonia.com\/en\/toode\/chlor-15-sw-25kg\/\" \/>\n<meta property=\"og:locale\" content=\"en_US\" \/>\n<meta property=\"og:type\" content=\"article\" \/>\n<meta property=\"og:title\" content=\"Chlor 15 SW 25kg - Joogivee puhastaja, kloorip\u00f5hine I ZEP Eesti\" \/>\n<meta property=\"og:description\" content=\"Kloorip\u00f5hine lahus joogivee puhastamiseks. Vahendit v\u00f5ib doseerida nii igap\u00e4evaseks hoolduseks ning vee esmaseks h\u00fcperkloreerimiseks kohe sissetulevasse vette.\" \/>\n<meta property=\"og:url\" content=\"https:\/\/zepestonia.com\/en\/toode\/chlor-15-sw-25kg\/\" \/>\n<meta property=\"og:site_name\" content=\"ZEP Eesti I Puhastusvahendid I E-pood\" \/>\n<meta property=\"article:publisher\" content=\"https:\/\/www.facebook.com\/ZepEesti\" \/>\n<meta property=\"article:modified_time\" content=\"2026-03-28T00:00:07+00:00\" \/>\n<meta property=\"og:image\" content=\"https:\/\/zepestonia.com\/wp-content\/uploads\/2021\/12\/52-60bb2924846770-01944985-Chlor201520SW.png\" \/>\n\t<meta property=\"og:image:width\" content=\"400\" \/>\n\t<meta property=\"og:image:height\" content=\"600\" \/>\n\t<meta property=\"og:image:type\" content=\"image\/png\" \/>\n<meta name=\"twitter:card\" content=\"summary_large_image\" \/>\n<script type=\"application\/ld+json\" class=\"yoast-schema-graph\">{\"@context\":\"https:\/\/schema.org\",\"@graph\":[{\"@type\":\"WebPage\",\"@id\":\"https:\/\/zepestonia.com\/en\/toode\/chlor-15-sw-25kg\/\",\"url\":\"https:\/\/zepestonia.com\/en\/toode\/chlor-15-sw-25kg\/\",\"name\":\"Chlor 15 SW 25kg - Joogivee puhastaja, kloorip\u00f5hine I ZEP Eesti\",\"isPartOf\":{\"@id\":\"https:\/\/zepestonia.com\/en\/#website\"},\"primaryImageOfPage\":{\"@id\":\"https:\/\/zepestonia.com\/en\/toode\/chlor-15-sw-25kg\/#primaryimage\"},\"image\":{\"@id\":\"https:\/\/zepestonia.com\/en\/toode\/chlor-15-sw-25kg\/#primaryimage\"},\"thumbnailUrl\":\"https:\/\/zepestonia.com\/wp-content\/uploads\/2021\/12\/52-60bb2924846770-01944985-Chlor201520SW.png\",\"datePublished\":\"2021-11-29T19:00:35+00:00\",\"dateModified\":\"2026-03-28T00:00:07+00:00\",\"description\":\"Kloorip\u00f5hine lahus joogivee puhastamiseks. Vahendit v\u00f5ib doseerida nii igap\u00e4evaseks hoolduseks ning vee esmaseks h\u00fcperkloreerimiseks kohe sissetulevasse vette.\",\"breadcrumb\":{\"@id\":\"https:\/\/zepestonia.com\/en\/toode\/chlor-15-sw-25kg\/#breadcrumb\"},\"inLanguage\":\"en-US\",\"potentialAction\":[{\"@type\":\"ReadAction\",\"target\":[\"https:\/\/zepestonia.com\/en\/toode\/chlor-15-sw-25kg\/\"]}]},{\"@type\":\"ImageObject\",\"inLanguage\":\"en-US\",\"@id\":\"https:\/\/zepestonia.com\/en\/toode\/chlor-15-sw-25kg\/#primaryimage\",\"url\":\"https:\/\/zepestonia.com\/wp-content\/uploads\/2021\/12\/52-60bb2924846770-01944985-Chlor201520SW.png\",\"contentUrl\":\"https:\/\/zepestonia.com\/wp-content\/uploads\/2021\/12\/52-60bb2924846770-01944985-Chlor201520SW.png\",\"width\":400,\"height\":600,\"caption\":\"52-60bb2924846770-01944985-Chlor201520SW\"},{\"@type\":\"BreadcrumbList\",\"@id\":\"https:\/\/zepestonia.com\/en\/toode\/chlor-15-sw-25kg\/#breadcrumb\",\"itemListElement\":[{\"@type\":\"ListItem\",\"position\":1,\"name\":\"Home\",\"item\":\"https:\/\/zepestonia.com\/en\/\"},{\"@type\":\"ListItem\",\"position\":2,\"name\":\"Shop\",\"item\":\"https:\/\/zepestonia.com\/en\/?page_id=4643\"},{\"@type\":\"ListItem\",\"position\":3,\"name\":\"Chlor 15 SW 25kg &#8211; Joogivee puhastaja\"}]},{\"@type\":\"WebSite\",\"@id\":\"https:\/\/zepestonia.com\/en\/#website\",\"url\":\"https:\/\/zepestonia.com\/en\/\",\"name\":\"ZEP Eesti I Puhastusvahendid I E-pood\",\"description\":\"Pakume puhastus- ja hooldusprobleemidele efektiivseid keskkonnas\u00f5bralikke lahendusi!\",\"publisher\":{\"@id\":\"https:\/\/zepestonia.com\/en\/#organization\"},\"potentialAction\":[{\"@type\":\"SearchAction\",\"target\":{\"@type\":\"EntryPoint\",\"urlTemplate\":\"https:\/\/zepestonia.com\/en\/?s={search_term_string}\"},\"query-input\":{\"@type\":\"PropertyValueSpecification\",\"valueRequired\":true,\"valueName\":\"search_term_string\"}}],\"inLanguage\":\"en-US\"},{\"@type\":\"Organization\",\"@id\":\"https:\/\/zepestonia.com\/en\/#organization\",\"name\":\"Zep Estonia\",\"url\":\"https:\/\/zepestonia.com\/en\/\",\"logo\":{\"@type\":\"ImageObject\",\"inLanguage\":\"en-US\",\"@id\":\"https:\/\/zepestonia.com\/en\/#\/schema\/logo\/image\/\",\"url\":\"https:\/\/zepestonia.com\/wp-content\/uploads\/2022\/03\/Zep-Logo_png.jpeg\",\"contentUrl\":\"https:\/\/zepestonia.com\/wp-content\/uploads\/2022\/03\/Zep-Logo_png.jpeg\",\"width\":109,\"height\":70,\"caption\":\"Zep Estonia\"},\"image\":{\"@id\":\"https:\/\/zepestonia.com\/en\/#\/schema\/logo\/image\/\"},\"sameAs\":[\"https:\/\/www.facebook.com\/ZepEesti\"]}]}<\/script>\n<!-- \/ Yoast SEO plugin. -->","yoast_head_json":{"title":"Chlor 15 SW 25kg - Joogivee puhastaja, kloorip\u00f5hine I ZEP Eesti","description":"Kloorip\u00f5hine lahus joogivee puhastamiseks. Vahendit v\u00f5ib doseerida nii igap\u00e4evaseks hoolduseks ning vee esmaseks h\u00fcperkloreerimiseks kohe sissetulevasse vette.","robots":{"index":"index","follow":"follow","max-snippet":"max-snippet:-1","max-image-preview":"max-image-preview:large","max-video-preview":"max-video-preview:-1"},"canonical":"https:\/\/zepestonia.com\/en\/toode\/chlor-15-sw-25kg\/","og_locale":"en_US","og_type":"article","og_title":"Chlor 15 SW 25kg - Joogivee puhastaja, kloorip\u00f5hine I ZEP Eesti","og_description":"Kloorip\u00f5hine lahus joogivee puhastamiseks. Vahendit v\u00f5ib doseerida nii igap\u00e4evaseks hoolduseks ning vee esmaseks h\u00fcperkloreerimiseks kohe sissetulevasse vette.","og_url":"https:\/\/zepestonia.com\/en\/toode\/chlor-15-sw-25kg\/","og_site_name":"ZEP Eesti I Puhastusvahendid I E-pood","article_publisher":"https:\/\/www.facebook.com\/ZepEesti","article_modified_time":"2026-03-28T00:00:07+00:00","og_image":[{"width":400,"height":600,"url":"https:\/\/zepestonia.com\/wp-content\/uploads\/2021\/12\/52-60bb2924846770-01944985-Chlor201520SW.png","type":"image\/png"}],"twitter_card":"summary_large_image","schema":{"@context":"https:\/\/schema.org","@graph":[{"@type":"WebPage","@id":"https:\/\/zepestonia.com\/en\/toode\/chlor-15-sw-25kg\/","url":"https:\/\/zepestonia.com\/en\/toode\/chlor-15-sw-25kg\/","name":"Chlor 15 SW 25kg - Joogivee puhastaja, kloorip\u00f5hine I ZEP Eesti","isPartOf":{"@id":"https:\/\/zepestonia.com\/en\/#website"},"primaryImageOfPage":{"@id":"https:\/\/zepestonia.com\/en\/toode\/chlor-15-sw-25kg\/#primaryimage"},"image":{"@id":"https:\/\/zepestonia.com\/en\/toode\/chlor-15-sw-25kg\/#primaryimage"},"thumbnailUrl":"https:\/\/zepestonia.com\/wp-content\/uploads\/2021\/12\/52-60bb2924846770-01944985-Chlor201520SW.png","datePublished":"2021-11-29T19:00:35+00:00","dateModified":"2026-03-28T00:00:07+00:00","description":"Kloorip\u00f5hine lahus joogivee puhastamiseks. Vahendit v\u00f5ib doseerida nii igap\u00e4evaseks hoolduseks ning vee esmaseks h\u00fcperkloreerimiseks kohe sissetulevasse vette.","breadcrumb":{"@id":"https:\/\/zepestonia.com\/en\/toode\/chlor-15-sw-25kg\/#breadcrumb"},"inLanguage":"en-US","potentialAction":[{"@type":"ReadAction","target":["https:\/\/zepestonia.com\/en\/toode\/chlor-15-sw-25kg\/"]}]},{"@type":"ImageObject","inLanguage":"en-US","@id":"https:\/\/zepestonia.com\/en\/toode\/chlor-15-sw-25kg\/#primaryimage","url":"https:\/\/zepestonia.com\/wp-content\/uploads\/2021\/12\/52-60bb2924846770-01944985-Chlor201520SW.png","contentUrl":"https:\/\/zepestonia.com\/wp-content\/uploads\/2021\/12\/52-60bb2924846770-01944985-Chlor201520SW.png","width":400,"height":600,"caption":"52-60bb2924846770-01944985-Chlor201520SW"},{"@type":"BreadcrumbList","@id":"https:\/\/zepestonia.com\/en\/toode\/chlor-15-sw-25kg\/#breadcrumb","itemListElement":[{"@type":"ListItem","position":1,"name":"Home","item":"https:\/\/zepestonia.com\/en\/"},{"@type":"ListItem","position":2,"name":"Shop","item":"https:\/\/zepestonia.com\/en\/?page_id=4643"},{"@type":"ListItem","position":3,"name":"Chlor 15 SW 25kg &#8211; Joogivee puhastaja"}]},{"@type":"WebSite","@id":"https:\/\/zepestonia.com\/en\/#website","url":"https:\/\/zepestonia.com\/en\/","name":"ZEP Eesti I Puhastusvahendid I E-pood","description":"Pakume puhastus- ja hooldusprobleemidele efektiivseid keskkonnas\u00f5bralikke lahendusi!","publisher":{"@id":"https:\/\/zepestonia.com\/en\/#organization"},"potentialAction":[{"@type":"SearchAction","target":{"@type":"EntryPoint","urlTemplate":"https:\/\/zepestonia.com\/en\/?s={search_term_string}"},"query-input":{"@type":"PropertyValueSpecification","valueRequired":true,"valueName":"search_term_string"}}],"inLanguage":"en-US"},{"@type":"Organization","@id":"https:\/\/zepestonia.com\/en\/#organization","name":"Zep Estonia","url":"https:\/\/zepestonia.com\/en\/","logo":{"@type":"ImageObject","inLanguage":"en-US","@id":"https:\/\/zepestonia.com\/en\/#\/schema\/logo\/image\/","url":"https:\/\/zepestonia.com\/wp-content\/uploads\/2022\/03\/Zep-Logo_png.jpeg","contentUrl":"https:\/\/zepestonia.com\/wp-content\/uploads\/2022\/03\/Zep-Logo_png.jpeg","width":109,"height":70,"caption":"Zep Estonia"},"image":{"@id":"https:\/\/zepestonia.com\/en\/#\/schema\/logo\/image\/"},"sameAs":["https:\/\/www.facebook.com\/ZepEesti"]}]}},"_links":{"self":[{"href":"https:\/\/zepestonia.com\/en\/wp-json\/wp\/v2\/product\/2824","targetHints":{"allow":["GET"]}}],"collection":[{"href":"https:\/\/zepestonia.com\/en\/wp-json\/wp\/v2\/product"}],"about":[{"href":"https:\/\/zepestonia.com\/en\/wp-json\/wp\/v2\/types\/product"}],"replies":[{"embeddable":true,"href":"https:\/\/zepestonia.com\/en\/wp-json\/wp\/v2\/comments?post=2824"}],"version-history":[{"count":2,"href":"https:\/\/zepestonia.com\/en\/wp-json\/wp\/v2\/product\/2824\/revisions"}],"predecessor-version":[{"id":11173,"href":"https:\/\/zepestonia.com\/en\/wp-json\/wp\/v2\/product\/2824\/revisions\/11173"}],"wp:featuredmedia":[{"embeddable":true,"href":"https:\/\/zepestonia.com\/en\/wp-json\/wp\/v2\/media\/3916"}],"wp:attachment":[{"href":"https:\/\/zepestonia.com\/en\/wp-json\/wp\/v2\/media?parent=2824"}],"wp:term":[{"taxonomy":"product_brand","embeddable":true,"href":"https:\/\/zepestonia.com\/en\/wp-json\/wp\/v2\/product_brand?post=2824"},{"taxonomy":"product_cat","embeddable":true,"href":"https:\/\/zepestonia.com\/en\/wp-json\/wp\/v2\/product_cat?post=2824"},{"taxonomy":"product_tag","embeddable":true,"href":"https:\/\/zepestonia.com\/en\/wp-json\/wp\/v2\/product_tag?post=2824"}],"curies":[{"name":"wp","href":"https:\/\/api.w.org\/{rel}","templated":true}]}}