{"id":2820,"date":"2021-11-29T19:00:35","date_gmt":"2021-11-29T19:00:35","guid":{"rendered":"https:\/\/zep.valgekana.ee\/toode\/venture\/"},"modified":"2025-12-16T11:48:37","modified_gmt":"2025-12-16T11:48:37","slug":"venture","status":"publish","type":"product","link":"https:\/\/zepestonia.com\/en\/toode\/venture\/","title":{"rendered":"VENTURE  &#8211;  Puhastav- ja desinfitseeriv l\u00f5hnastaja"},"content":{"rendered":"<ul>\n<li>Enne kasutamist loksutada.<\/li>\n<li>Pihustada pinnale u. 20 cm kauguselt \u00fchtlane kiht ja p\u00fchkida lapiga.<\/li>\n<li>Ei vaja loputamist, kui ei ole tegemist toiduainetega kokkupuutuva pinnaga.<\/li>\n<\/ul>\n<p><strong>Kulu:<\/strong> \u2248 10m\u00b2<\/p>\n","protected":false},"excerpt":{"rendered":"<p>Suurep\u00e4rase puhastusv\u00f5imega vahend, mis eemaldab kiiresti rasva, tugeva mustuse, seebi ja katlakivi kihi.<br \/>\nTugevatoimeline kvaternaarne ammoonium bakteritsiidne aine tapab staf\u00fclokoki, salmonelloosi, Pseudomonas aeruginosa ja Herpes Simplex t\u00fc\u00fcp 2 pisikud.<br \/>\nNeutraliseerib ebameeldivad haisud j\u00e4ttes meeldiva v\u00e4rske l\u00f5hna.<br \/>\nIdeaalne kasutamiseks igap\u00e4evases puhastuses ja desinfitseerimises mittepoorsetel pindadel.<br \/>\nSuurep\u00e4rane vahend haiglates, hooldusasutustes, kliinikutes, arstikabinettides, koolides, hotellides ja teistes asutustes ning konditsioneerides kasutamiseks.<\/p>\n<p>Biotsiidi reg.nr. 1330\/15<\/p>\n","protected":false},"featured_media":3915,"comment_status":"closed","ping_status":"closed","template":"","meta":[],"product_brand":[],"product_cat":[211],"product_tag":[],"class_list":{"0":"post-2820","1":"product","2":"type-product","3":"status-publish","4":"has-post-thumbnail","6":"product_cat-desinfitseerimine","8":"first","9":"instock","10":"taxable","11":"shipping-taxable","12":"purchasable","13":"product-type-simple"},"yoast_head":"<!-- This site is optimized with the Yoast SEO plugin v26.5 - https:\/\/yoast.com\/wordpress\/plugins\/seo\/ -->\n<title>VENTURE - Puhastav- ja desinfitseeriv l\u00f5hnastaja I ZEP Eesti<\/title>\n<meta name=\"description\" content=\"Suurep\u00e4rase puhastusv\u00f5imega vahend. Eemaldab kiiresti rasva, mustuse, seebi ja katlakivi kihi. Neutraliseerib ebameeldivad haisud j\u00e4ttes meeldiva v\u00e4rske l\u00f5hna.\" \/>\n<meta name=\"robots\" content=\"index, follow, max-snippet:-1, max-image-preview:large, max-video-preview:-1\" \/>\n<link rel=\"canonical\" href=\"https:\/\/zepestonia.com\/en\/toode\/venture\/\" \/>\n<meta property=\"og:locale\" content=\"en_US\" \/>\n<meta property=\"og:type\" content=\"article\" \/>\n<meta property=\"og:title\" content=\"VENTURE - Puhastav- ja desinfitseeriv l\u00f5hnastaja I ZEP Eesti\" \/>\n<meta property=\"og:description\" content=\"Suurep\u00e4rase puhastusv\u00f5imega vahend. Eemaldab kiiresti rasva, mustuse, seebi ja katlakivi kihi. Neutraliseerib ebameeldivad haisud j\u00e4ttes meeldiva v\u00e4rske l\u00f5hna.\" \/>\n<meta property=\"og:url\" content=\"https:\/\/zepestonia.com\/en\/toode\/venture\/\" \/>\n<meta property=\"og:site_name\" content=\"ZEP Eesti I Puhastusvahendid I E-pood\" \/>\n<meta property=\"article:publisher\" content=\"https:\/\/www.facebook.com\/ZepEesti\" \/>\n<meta property=\"article:modified_time\" content=\"2025-12-16T11:48:37+00:00\" \/>\n<meta property=\"og:image\" content=\"https:\/\/zepestonia.com\/wp-content\/uploads\/2021\/12\/203-60ea46e608f847-87962664-Venture2020.png\" \/>\n\t<meta property=\"og:image:width\" content=\"400\" \/>\n\t<meta property=\"og:image:height\" content=\"600\" \/>\n\t<meta property=\"og:image:type\" content=\"image\/png\" \/>\n<meta name=\"twitter:card\" content=\"summary_large_image\" \/>\n<script type=\"application\/ld+json\" class=\"yoast-schema-graph\">{\"@context\":\"https:\/\/schema.org\",\"@graph\":[{\"@type\":\"WebPage\",\"@id\":\"https:\/\/zepestonia.com\/en\/toode\/venture\/\",\"url\":\"https:\/\/zepestonia.com\/en\/toode\/venture\/\",\"name\":\"VENTURE - Puhastav- ja desinfitseeriv l\u00f5hnastaja I ZEP Eesti\",\"isPartOf\":{\"@id\":\"https:\/\/zepestonia.com\/en\/#website\"},\"primaryImageOfPage\":{\"@id\":\"https:\/\/zepestonia.com\/en\/toode\/venture\/#primaryimage\"},\"image\":{\"@id\":\"https:\/\/zepestonia.com\/en\/toode\/venture\/#primaryimage\"},\"thumbnailUrl\":\"https:\/\/zepestonia.com\/wp-content\/uploads\/2021\/12\/203-60ea46e608f847-87962664-Venture2020.png\",\"datePublished\":\"2021-11-29T19:00:35+00:00\",\"dateModified\":\"2025-12-16T11:48:37+00:00\",\"description\":\"Suurep\u00e4rase puhastusv\u00f5imega vahend. Eemaldab kiiresti rasva, mustuse, seebi ja katlakivi kihi. Neutraliseerib ebameeldivad haisud j\u00e4ttes meeldiva v\u00e4rske l\u00f5hna.\",\"breadcrumb\":{\"@id\":\"https:\/\/zepestonia.com\/en\/toode\/venture\/#breadcrumb\"},\"inLanguage\":\"en-US\",\"potentialAction\":[{\"@type\":\"ReadAction\",\"target\":[\"https:\/\/zepestonia.com\/en\/toode\/venture\/\"]}]},{\"@type\":\"ImageObject\",\"inLanguage\":\"en-US\",\"@id\":\"https:\/\/zepestonia.com\/en\/toode\/venture\/#primaryimage\",\"url\":\"https:\/\/zepestonia.com\/wp-content\/uploads\/2021\/12\/203-60ea46e608f847-87962664-Venture2020.png\",\"contentUrl\":\"https:\/\/zepestonia.com\/wp-content\/uploads\/2021\/12\/203-60ea46e608f847-87962664-Venture2020.png\",\"width\":400,\"height\":600,\"caption\":\"203-60ea46e608f847-87962664-Venture2020\"},{\"@type\":\"BreadcrumbList\",\"@id\":\"https:\/\/zepestonia.com\/en\/toode\/venture\/#breadcrumb\",\"itemListElement\":[{\"@type\":\"ListItem\",\"position\":1,\"name\":\"Home\",\"item\":\"https:\/\/zepestonia.com\/en\/\"},{\"@type\":\"ListItem\",\"position\":2,\"name\":\"Shop\",\"item\":\"https:\/\/zepestonia.com\/en\/?page_id=4643\"},{\"@type\":\"ListItem\",\"position\":3,\"name\":\"VENTURE &#8211; Puhastav- ja desinfitseeriv l\u00f5hnastaja\"}]},{\"@type\":\"WebSite\",\"@id\":\"https:\/\/zepestonia.com\/en\/#website\",\"url\":\"https:\/\/zepestonia.com\/en\/\",\"name\":\"ZEP Eesti I Puhastusvahendid I E-pood\",\"description\":\"Pakume puhastus- ja hooldusprobleemidele efektiivseid keskkonnas\u00f5bralikke lahendusi!\",\"publisher\":{\"@id\":\"https:\/\/zepestonia.com\/en\/#organization\"},\"potentialAction\":[{\"@type\":\"SearchAction\",\"target\":{\"@type\":\"EntryPoint\",\"urlTemplate\":\"https:\/\/zepestonia.com\/en\/?s={search_term_string}\"},\"query-input\":{\"@type\":\"PropertyValueSpecification\",\"valueRequired\":true,\"valueName\":\"search_term_string\"}}],\"inLanguage\":\"en-US\"},{\"@type\":\"Organization\",\"@id\":\"https:\/\/zepestonia.com\/en\/#organization\",\"name\":\"Zep Estonia\",\"url\":\"https:\/\/zepestonia.com\/en\/\",\"logo\":{\"@type\":\"ImageObject\",\"inLanguage\":\"en-US\",\"@id\":\"https:\/\/zepestonia.com\/en\/#\/schema\/logo\/image\/\",\"url\":\"https:\/\/zepestonia.com\/wp-content\/uploads\/2022\/03\/Zep-Logo_png.jpeg\",\"contentUrl\":\"https:\/\/zepestonia.com\/wp-content\/uploads\/2022\/03\/Zep-Logo_png.jpeg\",\"width\":109,\"height\":70,\"caption\":\"Zep Estonia\"},\"image\":{\"@id\":\"https:\/\/zepestonia.com\/en\/#\/schema\/logo\/image\/\"},\"sameAs\":[\"https:\/\/www.facebook.com\/ZepEesti\"]}]}<\/script>\n<!-- \/ Yoast SEO plugin. -->","yoast_head_json":{"title":"VENTURE - Puhastav- ja desinfitseeriv l\u00f5hnastaja I ZEP Eesti","description":"Suurep\u00e4rase puhastusv\u00f5imega vahend. Eemaldab kiiresti rasva, mustuse, seebi ja katlakivi kihi. Neutraliseerib ebameeldivad haisud j\u00e4ttes meeldiva v\u00e4rske l\u00f5hna.","robots":{"index":"index","follow":"follow","max-snippet":"max-snippet:-1","max-image-preview":"max-image-preview:large","max-video-preview":"max-video-preview:-1"},"canonical":"https:\/\/zepestonia.com\/en\/toode\/venture\/","og_locale":"en_US","og_type":"article","og_title":"VENTURE - Puhastav- ja desinfitseeriv l\u00f5hnastaja I ZEP Eesti","og_description":"Suurep\u00e4rase puhastusv\u00f5imega vahend. Eemaldab kiiresti rasva, mustuse, seebi ja katlakivi kihi. Neutraliseerib ebameeldivad haisud j\u00e4ttes meeldiva v\u00e4rske l\u00f5hna.","og_url":"https:\/\/zepestonia.com\/en\/toode\/venture\/","og_site_name":"ZEP Eesti I Puhastusvahendid I E-pood","article_publisher":"https:\/\/www.facebook.com\/ZepEesti","article_modified_time":"2025-12-16T11:48:37+00:00","og_image":[{"width":400,"height":600,"url":"https:\/\/zepestonia.com\/wp-content\/uploads\/2021\/12\/203-60ea46e608f847-87962664-Venture2020.png","type":"image\/png"}],"twitter_card":"summary_large_image","schema":{"@context":"https:\/\/schema.org","@graph":[{"@type":"WebPage","@id":"https:\/\/zepestonia.com\/en\/toode\/venture\/","url":"https:\/\/zepestonia.com\/en\/toode\/venture\/","name":"VENTURE - Puhastav- ja desinfitseeriv l\u00f5hnastaja I ZEP Eesti","isPartOf":{"@id":"https:\/\/zepestonia.com\/en\/#website"},"primaryImageOfPage":{"@id":"https:\/\/zepestonia.com\/en\/toode\/venture\/#primaryimage"},"image":{"@id":"https:\/\/zepestonia.com\/en\/toode\/venture\/#primaryimage"},"thumbnailUrl":"https:\/\/zepestonia.com\/wp-content\/uploads\/2021\/12\/203-60ea46e608f847-87962664-Venture2020.png","datePublished":"2021-11-29T19:00:35+00:00","dateModified":"2025-12-16T11:48:37+00:00","description":"Suurep\u00e4rase puhastusv\u00f5imega vahend. Eemaldab kiiresti rasva, mustuse, seebi ja katlakivi kihi. Neutraliseerib ebameeldivad haisud j\u00e4ttes meeldiva v\u00e4rske l\u00f5hna.","breadcrumb":{"@id":"https:\/\/zepestonia.com\/en\/toode\/venture\/#breadcrumb"},"inLanguage":"en-US","potentialAction":[{"@type":"ReadAction","target":["https:\/\/zepestonia.com\/en\/toode\/venture\/"]}]},{"@type":"ImageObject","inLanguage":"en-US","@id":"https:\/\/zepestonia.com\/en\/toode\/venture\/#primaryimage","url":"https:\/\/zepestonia.com\/wp-content\/uploads\/2021\/12\/203-60ea46e608f847-87962664-Venture2020.png","contentUrl":"https:\/\/zepestonia.com\/wp-content\/uploads\/2021\/12\/203-60ea46e608f847-87962664-Venture2020.png","width":400,"height":600,"caption":"203-60ea46e608f847-87962664-Venture2020"},{"@type":"BreadcrumbList","@id":"https:\/\/zepestonia.com\/en\/toode\/venture\/#breadcrumb","itemListElement":[{"@type":"ListItem","position":1,"name":"Home","item":"https:\/\/zepestonia.com\/en\/"},{"@type":"ListItem","position":2,"name":"Shop","item":"https:\/\/zepestonia.com\/en\/?page_id=4643"},{"@type":"ListItem","position":3,"name":"VENTURE &#8211; Puhastav- ja desinfitseeriv l\u00f5hnastaja"}]},{"@type":"WebSite","@id":"https:\/\/zepestonia.com\/en\/#website","url":"https:\/\/zepestonia.com\/en\/","name":"ZEP Eesti I Puhastusvahendid I E-pood","description":"Pakume puhastus- ja hooldusprobleemidele efektiivseid keskkonnas\u00f5bralikke lahendusi!","publisher":{"@id":"https:\/\/zepestonia.com\/en\/#organization"},"potentialAction":[{"@type":"SearchAction","target":{"@type":"EntryPoint","urlTemplate":"https:\/\/zepestonia.com\/en\/?s={search_term_string}"},"query-input":{"@type":"PropertyValueSpecification","valueRequired":true,"valueName":"search_term_string"}}],"inLanguage":"en-US"},{"@type":"Organization","@id":"https:\/\/zepestonia.com\/en\/#organization","name":"Zep Estonia","url":"https:\/\/zepestonia.com\/en\/","logo":{"@type":"ImageObject","inLanguage":"en-US","@id":"https:\/\/zepestonia.com\/en\/#\/schema\/logo\/image\/","url":"https:\/\/zepestonia.com\/wp-content\/uploads\/2022\/03\/Zep-Logo_png.jpeg","contentUrl":"https:\/\/zepestonia.com\/wp-content\/uploads\/2022\/03\/Zep-Logo_png.jpeg","width":109,"height":70,"caption":"Zep Estonia"},"image":{"@id":"https:\/\/zepestonia.com\/en\/#\/schema\/logo\/image\/"},"sameAs":["https:\/\/www.facebook.com\/ZepEesti"]}]}},"_links":{"self":[{"href":"https:\/\/zepestonia.com\/en\/wp-json\/wp\/v2\/product\/2820","targetHints":{"allow":["GET"]}}],"collection":[{"href":"https:\/\/zepestonia.com\/en\/wp-json\/wp\/v2\/product"}],"about":[{"href":"https:\/\/zepestonia.com\/en\/wp-json\/wp\/v2\/types\/product"}],"replies":[{"embeddable":true,"href":"https:\/\/zepestonia.com\/en\/wp-json\/wp\/v2\/comments?post=2820"}],"version-history":[{"count":1,"href":"https:\/\/zepestonia.com\/en\/wp-json\/wp\/v2\/product\/2820\/revisions"}],"predecessor-version":[{"id":12375,"href":"https:\/\/zepestonia.com\/en\/wp-json\/wp\/v2\/product\/2820\/revisions\/12375"}],"wp:featuredmedia":[{"embeddable":true,"href":"https:\/\/zepestonia.com\/en\/wp-json\/wp\/v2\/media\/3915"}],"wp:attachment":[{"href":"https:\/\/zepestonia.com\/en\/wp-json\/wp\/v2\/media?parent=2820"}],"wp:term":[{"taxonomy":"product_brand","embeddable":true,"href":"https:\/\/zepestonia.com\/en\/wp-json\/wp\/v2\/product_brand?post=2820"},{"taxonomy":"product_cat","embeddable":true,"href":"https:\/\/zepestonia.com\/en\/wp-json\/wp\/v2\/product_cat?post=2820"},{"taxonomy":"product_tag","embeddable":true,"href":"https:\/\/zepestonia.com\/en\/wp-json\/wp\/v2\/product_tag?post=2820"}],"curies":[{"name":"wp","href":"https:\/\/api.w.org\/{rel}","templated":true}]}}