{"id":2806,"date":"2021-11-29T19:00:34","date_gmt":"2021-11-29T19:00:34","guid":{"rendered":"https:\/\/zep.valgekana.ee\/toode\/dry-moly\/"},"modified":"2026-03-05T09:24:48","modified_gmt":"2026-03-05T09:24:48","slug":"dry-moly","status":"publish","type":"product","link":"https:\/\/zepestonia.com\/en\/toode\/dry-moly\/","title":{"rendered":"DRY MOLY *- Kuiv aerosoolm\u00e4\u00e4re"},"content":{"rendered":"<ul>\n<li>Kanda vahend toatemperatuuril puhtale ja kuivale pinnale.<\/li>\n<li>Parima tulemuse saavutamiseks loksutada pudelit kuni segamiskuul vabalt liigub. J\u00e4tkata loksutamist 30 sekundit.<\/li>\n<li>Hoida pudelit p\u00fcstises asendis 20 \u2013 25 cm kaugusel pinnast ja piserdada kerge \u00fchtlane kiht. Hoiduda paksust kihist, kuna see v\u00e4hendab efektiivsust.<\/li>\n<li>Lasta t\u00e4ielikult kuivada.<\/li>\n<li>Puhastada d\u00fc\u00fcs piserdades m\u00f5ned korrad pudelit tagurpidi hoides.<\/li>\n<\/ul>\n<p><span style=\"color:#FF0000\">NB!<\/span> Pritsmed on v\u00e4ga tuleohtlikud.<\/p>\n","protected":false},"excerpt":{"rendered":"<p>Vabastab kinnikiilunud osad, seiskab metalli kinnij\u00e4\u00e4mise ja marrastuse, hoiab \u00e4ra logisemise.<br \/>\nToode kaitseb ka rooste ja korrosiooni eest.<br \/>\nSamuti h\u00fclgab tolmu ja abrasiivseid osakesi.<br \/>\nVahend j\u00e4tab \u00f5hukese musta kihi, mis koheselt kinnitub enamustele pindadele ja kuivab sekunditega.<br \/>\nKasutamiseks k\u00f5ikide liikuvate osade \u00f5litamiseks eriti k\u00f5rgel temperatuuril ja suure r\u00f5huga \u2013 konveierite, laagrite, kett\u00fclekannete \u00f5litamiseks.<br \/>\nSobib ka kasutamiseks kaevandus- ja talutehnikaga, ehitustehnikaga jne.<\/p>\n","protected":false},"featured_media":3736,"comment_status":"closed","ping_status":"closed","template":"","meta":[],"product_brand":[],"product_cat":[224],"product_tag":[],"class_list":{"0":"post-2806","1":"product","2":"type-product","3":"status-publish","4":"has-post-thumbnail","6":"product_cat-maarded","8":"first","9":"instock","10":"taxable","11":"shipping-taxable","12":"purchasable","13":"product-type-simple"},"yoast_head":"<!-- This site is optimized with the Yoast SEO plugin v26.5 - https:\/\/yoast.com\/wordpress\/plugins\/seo\/ -->\n<title>DRY MOLY * - Kuiv aerosoolm\u00e4\u00e4re, autodele I ZEP Eesti<\/title>\n<meta name=\"description\" content=\"Vabastab kinnikiilunud osad, seiskab metalli kinnij\u00e4\u00e4mise ning hoiab \u00e4ra logisemise. Toode kaitseb ka rooste ja korrosiooni eest. M\u00e4\u00e4re h\u00fclgab ka tolmu osakesi.\" \/>\n<meta name=\"robots\" content=\"index, follow, max-snippet:-1, max-image-preview:large, max-video-preview:-1\" \/>\n<link rel=\"canonical\" href=\"https:\/\/zepestonia.com\/en\/toode\/dry-moly\/\" \/>\n<meta property=\"og:locale\" content=\"en_US\" \/>\n<meta property=\"og:type\" content=\"article\" \/>\n<meta property=\"og:title\" content=\"DRY MOLY * - Kuiv aerosoolm\u00e4\u00e4re, autodele I ZEP Eesti\" \/>\n<meta property=\"og:description\" content=\"Vabastab kinnikiilunud osad, seiskab metalli kinnij\u00e4\u00e4mise ning hoiab \u00e4ra logisemise. Toode kaitseb ka rooste ja korrosiooni eest. M\u00e4\u00e4re h\u00fclgab ka tolmu osakesi.\" \/>\n<meta property=\"og:url\" content=\"https:\/\/zepestonia.com\/en\/toode\/dry-moly\/\" \/>\n<meta property=\"og:site_name\" content=\"ZEP Eesti I Puhastusvahendid I E-pood\" \/>\n<meta property=\"article:publisher\" content=\"https:\/\/www.facebook.com\/ZepEesti\" \/>\n<meta property=\"article:modified_time\" content=\"2026-03-05T09:24:48+00:00\" \/>\n<meta property=\"og:image\" content=\"https:\/\/zepestonia.com\/wp-content\/uploads\/2021\/12\/60-60beff71721ce1-65422801-DRY20MOLY.png\" \/>\n\t<meta property=\"og:image:width\" content=\"400\" \/>\n\t<meta property=\"og:image:height\" content=\"600\" \/>\n\t<meta property=\"og:image:type\" content=\"image\/png\" \/>\n<meta name=\"twitter:card\" content=\"summary_large_image\" \/>\n<script type=\"application\/ld+json\" class=\"yoast-schema-graph\">{\"@context\":\"https:\/\/schema.org\",\"@graph\":[{\"@type\":\"WebPage\",\"@id\":\"https:\/\/zepestonia.com\/en\/toode\/dry-moly\/\",\"url\":\"https:\/\/zepestonia.com\/en\/toode\/dry-moly\/\",\"name\":\"DRY MOLY * - Kuiv aerosoolm\u00e4\u00e4re, autodele I ZEP Eesti\",\"isPartOf\":{\"@id\":\"https:\/\/zepestonia.com\/en\/#website\"},\"primaryImageOfPage\":{\"@id\":\"https:\/\/zepestonia.com\/en\/toode\/dry-moly\/#primaryimage\"},\"image\":{\"@id\":\"https:\/\/zepestonia.com\/en\/toode\/dry-moly\/#primaryimage\"},\"thumbnailUrl\":\"https:\/\/zepestonia.com\/wp-content\/uploads\/2021\/12\/60-60beff71721ce1-65422801-DRY20MOLY.png\",\"datePublished\":\"2021-11-29T19:00:34+00:00\",\"dateModified\":\"2026-03-05T09:24:48+00:00\",\"description\":\"Vabastab kinnikiilunud osad, seiskab metalli kinnij\u00e4\u00e4mise ning hoiab \u00e4ra logisemise. Toode kaitseb ka rooste ja korrosiooni eest. M\u00e4\u00e4re h\u00fclgab ka tolmu osakesi.\",\"breadcrumb\":{\"@id\":\"https:\/\/zepestonia.com\/en\/toode\/dry-moly\/#breadcrumb\"},\"inLanguage\":\"en-US\",\"potentialAction\":[{\"@type\":\"ReadAction\",\"target\":[\"https:\/\/zepestonia.com\/en\/toode\/dry-moly\/\"]}]},{\"@type\":\"ImageObject\",\"inLanguage\":\"en-US\",\"@id\":\"https:\/\/zepestonia.com\/en\/toode\/dry-moly\/#primaryimage\",\"url\":\"https:\/\/zepestonia.com\/wp-content\/uploads\/2021\/12\/60-60beff71721ce1-65422801-DRY20MOLY.png\",\"contentUrl\":\"https:\/\/zepestonia.com\/wp-content\/uploads\/2021\/12\/60-60beff71721ce1-65422801-DRY20MOLY.png\",\"width\":400,\"height\":600,\"caption\":\"60-60beff71721ce1-65422801-DRY20MOLY\"},{\"@type\":\"BreadcrumbList\",\"@id\":\"https:\/\/zepestonia.com\/en\/toode\/dry-moly\/#breadcrumb\",\"itemListElement\":[{\"@type\":\"ListItem\",\"position\":1,\"name\":\"Home\",\"item\":\"https:\/\/zepestonia.com\/en\/\"},{\"@type\":\"ListItem\",\"position\":2,\"name\":\"Shop\",\"item\":\"https:\/\/zepestonia.com\/en\/?page_id=4643\"},{\"@type\":\"ListItem\",\"position\":3,\"name\":\"DRY MOLY *- Kuiv aerosoolm\u00e4\u00e4re\"}]},{\"@type\":\"WebSite\",\"@id\":\"https:\/\/zepestonia.com\/en\/#website\",\"url\":\"https:\/\/zepestonia.com\/en\/\",\"name\":\"ZEP Eesti I Puhastusvahendid I E-pood\",\"description\":\"Pakume puhastus- ja hooldusprobleemidele efektiivseid keskkonnas\u00f5bralikke lahendusi!\",\"publisher\":{\"@id\":\"https:\/\/zepestonia.com\/en\/#organization\"},\"potentialAction\":[{\"@type\":\"SearchAction\",\"target\":{\"@type\":\"EntryPoint\",\"urlTemplate\":\"https:\/\/zepestonia.com\/en\/?s={search_term_string}\"},\"query-input\":{\"@type\":\"PropertyValueSpecification\",\"valueRequired\":true,\"valueName\":\"search_term_string\"}}],\"inLanguage\":\"en-US\"},{\"@type\":\"Organization\",\"@id\":\"https:\/\/zepestonia.com\/en\/#organization\",\"name\":\"Zep Estonia\",\"url\":\"https:\/\/zepestonia.com\/en\/\",\"logo\":{\"@type\":\"ImageObject\",\"inLanguage\":\"en-US\",\"@id\":\"https:\/\/zepestonia.com\/en\/#\/schema\/logo\/image\/\",\"url\":\"https:\/\/zepestonia.com\/wp-content\/uploads\/2022\/03\/Zep-Logo_png.jpeg\",\"contentUrl\":\"https:\/\/zepestonia.com\/wp-content\/uploads\/2022\/03\/Zep-Logo_png.jpeg\",\"width\":109,\"height\":70,\"caption\":\"Zep Estonia\"},\"image\":{\"@id\":\"https:\/\/zepestonia.com\/en\/#\/schema\/logo\/image\/\"},\"sameAs\":[\"https:\/\/www.facebook.com\/ZepEesti\"]}]}<\/script>\n<!-- \/ Yoast SEO plugin. -->","yoast_head_json":{"title":"DRY MOLY * - Kuiv aerosoolm\u00e4\u00e4re, autodele I ZEP Eesti","description":"Vabastab kinnikiilunud osad, seiskab metalli kinnij\u00e4\u00e4mise ning hoiab \u00e4ra logisemise. Toode kaitseb ka rooste ja korrosiooni eest. M\u00e4\u00e4re h\u00fclgab ka tolmu osakesi.","robots":{"index":"index","follow":"follow","max-snippet":"max-snippet:-1","max-image-preview":"max-image-preview:large","max-video-preview":"max-video-preview:-1"},"canonical":"https:\/\/zepestonia.com\/en\/toode\/dry-moly\/","og_locale":"en_US","og_type":"article","og_title":"DRY MOLY * - Kuiv aerosoolm\u00e4\u00e4re, autodele I ZEP Eesti","og_description":"Vabastab kinnikiilunud osad, seiskab metalli kinnij\u00e4\u00e4mise ning hoiab \u00e4ra logisemise. Toode kaitseb ka rooste ja korrosiooni eest. M\u00e4\u00e4re h\u00fclgab ka tolmu osakesi.","og_url":"https:\/\/zepestonia.com\/en\/toode\/dry-moly\/","og_site_name":"ZEP Eesti I Puhastusvahendid I E-pood","article_publisher":"https:\/\/www.facebook.com\/ZepEesti","article_modified_time":"2026-03-05T09:24:48+00:00","og_image":[{"width":400,"height":600,"url":"https:\/\/zepestonia.com\/wp-content\/uploads\/2021\/12\/60-60beff71721ce1-65422801-DRY20MOLY.png","type":"image\/png"}],"twitter_card":"summary_large_image","schema":{"@context":"https:\/\/schema.org","@graph":[{"@type":"WebPage","@id":"https:\/\/zepestonia.com\/en\/toode\/dry-moly\/","url":"https:\/\/zepestonia.com\/en\/toode\/dry-moly\/","name":"DRY MOLY * - Kuiv aerosoolm\u00e4\u00e4re, autodele I ZEP Eesti","isPartOf":{"@id":"https:\/\/zepestonia.com\/en\/#website"},"primaryImageOfPage":{"@id":"https:\/\/zepestonia.com\/en\/toode\/dry-moly\/#primaryimage"},"image":{"@id":"https:\/\/zepestonia.com\/en\/toode\/dry-moly\/#primaryimage"},"thumbnailUrl":"https:\/\/zepestonia.com\/wp-content\/uploads\/2021\/12\/60-60beff71721ce1-65422801-DRY20MOLY.png","datePublished":"2021-11-29T19:00:34+00:00","dateModified":"2026-03-05T09:24:48+00:00","description":"Vabastab kinnikiilunud osad, seiskab metalli kinnij\u00e4\u00e4mise ning hoiab \u00e4ra logisemise. Toode kaitseb ka rooste ja korrosiooni eest. M\u00e4\u00e4re h\u00fclgab ka tolmu osakesi.","breadcrumb":{"@id":"https:\/\/zepestonia.com\/en\/toode\/dry-moly\/#breadcrumb"},"inLanguage":"en-US","potentialAction":[{"@type":"ReadAction","target":["https:\/\/zepestonia.com\/en\/toode\/dry-moly\/"]}]},{"@type":"ImageObject","inLanguage":"en-US","@id":"https:\/\/zepestonia.com\/en\/toode\/dry-moly\/#primaryimage","url":"https:\/\/zepestonia.com\/wp-content\/uploads\/2021\/12\/60-60beff71721ce1-65422801-DRY20MOLY.png","contentUrl":"https:\/\/zepestonia.com\/wp-content\/uploads\/2021\/12\/60-60beff71721ce1-65422801-DRY20MOLY.png","width":400,"height":600,"caption":"60-60beff71721ce1-65422801-DRY20MOLY"},{"@type":"BreadcrumbList","@id":"https:\/\/zepestonia.com\/en\/toode\/dry-moly\/#breadcrumb","itemListElement":[{"@type":"ListItem","position":1,"name":"Home","item":"https:\/\/zepestonia.com\/en\/"},{"@type":"ListItem","position":2,"name":"Shop","item":"https:\/\/zepestonia.com\/en\/?page_id=4643"},{"@type":"ListItem","position":3,"name":"DRY MOLY *- Kuiv aerosoolm\u00e4\u00e4re"}]},{"@type":"WebSite","@id":"https:\/\/zepestonia.com\/en\/#website","url":"https:\/\/zepestonia.com\/en\/","name":"ZEP Eesti I Puhastusvahendid I E-pood","description":"Pakume puhastus- ja hooldusprobleemidele efektiivseid keskkonnas\u00f5bralikke lahendusi!","publisher":{"@id":"https:\/\/zepestonia.com\/en\/#organization"},"potentialAction":[{"@type":"SearchAction","target":{"@type":"EntryPoint","urlTemplate":"https:\/\/zepestonia.com\/en\/?s={search_term_string}"},"query-input":{"@type":"PropertyValueSpecification","valueRequired":true,"valueName":"search_term_string"}}],"inLanguage":"en-US"},{"@type":"Organization","@id":"https:\/\/zepestonia.com\/en\/#organization","name":"Zep Estonia","url":"https:\/\/zepestonia.com\/en\/","logo":{"@type":"ImageObject","inLanguage":"en-US","@id":"https:\/\/zepestonia.com\/en\/#\/schema\/logo\/image\/","url":"https:\/\/zepestonia.com\/wp-content\/uploads\/2022\/03\/Zep-Logo_png.jpeg","contentUrl":"https:\/\/zepestonia.com\/wp-content\/uploads\/2022\/03\/Zep-Logo_png.jpeg","width":109,"height":70,"caption":"Zep Estonia"},"image":{"@id":"https:\/\/zepestonia.com\/en\/#\/schema\/logo\/image\/"},"sameAs":["https:\/\/www.facebook.com\/ZepEesti"]}]}},"_links":{"self":[{"href":"https:\/\/zepestonia.com\/en\/wp-json\/wp\/v2\/product\/2806","targetHints":{"allow":["GET"]}}],"collection":[{"href":"https:\/\/zepestonia.com\/en\/wp-json\/wp\/v2\/product"}],"about":[{"href":"https:\/\/zepestonia.com\/en\/wp-json\/wp\/v2\/types\/product"}],"replies":[{"embeddable":true,"href":"https:\/\/zepestonia.com\/en\/wp-json\/wp\/v2\/comments?post=2806"}],"version-history":[{"count":1,"href":"https:\/\/zepestonia.com\/en\/wp-json\/wp\/v2\/product\/2806\/revisions"}],"predecessor-version":[{"id":10296,"href":"https:\/\/zepestonia.com\/en\/wp-json\/wp\/v2\/product\/2806\/revisions\/10296"}],"wp:featuredmedia":[{"embeddable":true,"href":"https:\/\/zepestonia.com\/en\/wp-json\/wp\/v2\/media\/3736"}],"wp:attachment":[{"href":"https:\/\/zepestonia.com\/en\/wp-json\/wp\/v2\/media?parent=2806"}],"wp:term":[{"taxonomy":"product_brand","embeddable":true,"href":"https:\/\/zepestonia.com\/en\/wp-json\/wp\/v2\/product_brand?post=2806"},{"taxonomy":"product_cat","embeddable":true,"href":"https:\/\/zepestonia.com\/en\/wp-json\/wp\/v2\/product_cat?post=2806"},{"taxonomy":"product_tag","embeddable":true,"href":"https:\/\/zepestonia.com\/en\/wp-json\/wp\/v2\/product_tag?post=2806"}],"curies":[{"name":"wp","href":"https:\/\/api.w.org\/{rel}","templated":true}]}}