{"id":2803,"date":"2021-11-29T19:00:34","date_gmt":"2021-11-29T19:00:34","guid":{"rendered":"https:\/\/zep.valgekana.ee\/toode\/watelec-aero\/"},"modified":"2025-10-31T00:00:15","modified_gmt":"2025-10-31T00:00:15","slug":"watelec-aero","status":"publish","type":"product","link":"https:\/\/zepestonia.com\/en\/toode\/watelec-aero\/","title":{"rendered":"Watelec Aero  &#8211; Vett ja niiskust eemaldav m\u00e4\u00e4re"},"content":{"rendered":"<p><strong><span style=\"font-size:14px\"><span class=\"markedContent\" id=\"page3R_mcid27\"><span dir=\"ltr\" role=\"presentation\" style=\"left: 90px;top: 864.944px;font-family: sans-serif\">Elektriskeemid ja mehaanilised osad<\/span><span dir=\"ltr\" role=\"presentation\" style=\"left: 508.883px;top: 864.944px;font-family: sans-serif\">:<\/span><\/span><\/span><\/strong><\/p>\n<ul>\n<li><span style=\"font-size:14px\"><span class=\"markedContent\" id=\"page3R_mcid28\"><span dir=\"ltr\" role=\"presentation\" style=\"left: 149.04px;top: 889.344px;font-family: sans-serif\">Pihusta<\/span><span dir=\"ltr\" role=\"presentation\" style=\"left: 215.833px;top: 889.344px;font-family: sans-serif\">d<\/span><span dir=\"ltr\" role=\"presentation\" style=\"left: 227.033px;top: 889.344px;font-family: sans-serif\">a<\/span><span dir=\"ltr\" role=\"presentation\" style=\"left: 238.153px;top: 889.344px;font-family: sans-serif\"> <\/span><span dir=\"ltr\" role=\"presentation\" style=\"left: 243.633px;top: 889.344px;font-family: sans-serif\">\u00fchtlaselt kogu seadmele umbes 15 cm kauguselt.<\/span><\/span><\/span><\/li>\n<li><span style=\"font-size:14px\"><span class=\"markedContent\" id=\"page3R_mcid29\"><span dir=\"ltr\" role=\"presentation\" style=\"left: 149.04px;top: 913.744px;font-family: sans-serif\">P\u00f6\u00f6ra<\/span><span dir=\"ltr\" role=\"presentation\" style=\"left: 202.633px;top: 913.744px;font-family: sans-serif\">ta<\/span><span dir=\"ltr\" role=\"presentation\" style=\"left: 219.153px;top: 913.744px;font-family: sans-serif\"> <\/span><span dir=\"ltr\" role=\"presentation\" style=\"left: 224.833px;top: 913.744px;font-family: sans-serif\">erilist t\u00e4helepanu l\u00f5hedele.<\/span><\/span><\/span><\/li>\n<\/ul>\n<p><strong><span style=\"font-size:14px\"><span class=\"markedContent\" id=\"page3R_mcid31\"><span dir=\"ltr\" role=\"presentation\" style=\"left: 90px;top: 959.744px;font-family: sans-serif\">Leotus<\/span><span dir=\"ltr\" role=\"presentation\" style=\"left: 170.233px;top: 959.744px;font-family: sans-serif\">:<\/span><\/span><\/span><\/strong><\/p>\n<ul>\n<li><span style=\"font-size:14px\"><span class=\"markedContent\" id=\"page3R_mcid32\"><span dir=\"ltr\" role=\"presentation\" style=\"left: 149.04px;top: 984.144px;font-family: sans-serif\">Pan<\/span><span dir=\"ltr\" role=\"presentation\" style=\"left: 184.833px;top: 984.144px;font-family: sans-serif\">na detail<\/span><span dir=\"ltr\" role=\"presentation\" style=\"left: 260.453px;top: 984.144px;font-family: sans-serif\"> <\/span><span dir=\"ltr\" role=\"presentation\" style=\"left: 265.833px;top: 984.144px;font-family: sans-serif\">umbes kahek\u00fcmneks sekundiks lahjendamata lahusesse<\/span><span dir=\"ltr\" role=\"presentation\" style=\"left: 770.767px;top: 984.144px;font-family: sans-serif\">, seej\u00e4rel<\/span> <span dir=\"ltr\" role=\"presentation\" style=\"left: 150.04px;top: 1007.14px;font-family: sans-serif\">eemaldada lahus<\/span><span dir=\"ltr\" role=\"presentation\" style=\"left: 302.433px;top: 1007.14px;font-family: sans-serif\">e<\/span><span dir=\"ltr\" role=\"presentation\" style=\"left: 313.633px;top: 1007.14px;font-family: sans-serif\">st ja last<\/span><span dir=\"ltr\" role=\"presentation\" style=\"left: 387.083px;top: 1007.14px;font-family: sans-serif\">a<\/span><span dir=\"ltr\" role=\"presentation\" style=\"left: 398.203px;top: 1007.14px;font-family: sans-serif\"> <\/span><span dir=\"ltr\" role=\"presentation\" style=\"left: 403.883px;top: 1007.14px;font-family: sans-serif\">tilkuda kuiva<\/span><span dir=\"ltr\" role=\"presentation\" style=\"left: 513.883px;top: 1007.14px;font-family: sans-serif\">ks<\/span><span dir=\"ltr\" role=\"presentation\" style=\"left: 533.917px;top: 1007.14px;font-family: sans-serif\">.<\/span><\/span><\/span><\/li>\n<\/ul>\n<p><strong><span style=\"color:#FF0000\">NB!<\/span><\/strong><\/p>\n<ul>\n<li><span style=\"font-size:14px\"><span class=\"markedContent\" id=\"page3R_mcid38\"><span dir=\"ltr\" role=\"presentation\" style=\"left: 149.04px;top: 1147.79px;font-family: sans-serif\">\u00c4ra kasuta<\/span>ge <span dir=\"ltr\" role=\"presentation\" style=\"left: 250.433px;top: 1147.79px;font-family: sans-serif\">pingel alla 24 V v\u00f5i \u00fcle 500 V<\/span><\/span><\/span><\/li>\n<\/ul>\n","protected":false},"excerpt":{"rendered":"<p>Tungib kiiresti l\u00e4bi mageda ja soolase vee, t\u00f5rjub niiskuse t\u00e4ielikult v\u00e4lja ja j\u00e4tab kohe kaitsva korrosioonivastase kile.<br \/>\nEemaldab niiskuse ja takistab niiskuse teket.<br \/>\nK\u00f5rvaldab l\u00fchised jaotuskorgi niiskuse kondenseerumise, k\u00f5rgete pingejuhtmete, pistikuisolaatorite, akujuhtmete, m\u00e4hise, generaatori v\u00f5i generaatori t\u00f5ttu<br \/>\nEi kleepu, ei m\u00e4\u00e4ri t\u00f6\u00f6deldud pinda, ei reageeri keemiliselt metallidega.ega m\u00f5juta kollektori j\u00f5udlust.<br \/>\nM\u00e4\u00e4rib mikromehaanilisi osi.<br \/>\nLoob h\u00fcdrofoobse (vetth\u00fclgava) t\u00f5kke mehaanilistele pindadele.<br \/>\nMitmeotstarbeline: korrosiooni ennetav, m\u00e4\u00e4rde-, veet\u00f5rje- ja l\u00e4bitungiv vedelik mida saab kasutada nii mustade kui ka v\u00e4rviliste metallide jaoks.<br \/>\nKaitseb elektrimootoreid, autotulesid, pistikupesasid ja pirne termilise \u0161oki eest.<br \/>\nKaitseb v\u00e4ikseid detaile korrosiooni eest ladustamise v\u00f5i t\u00f6\u00f6tlemise ajal.<br \/>\nL\u00fclitab taas kasutusele need elektriseadmed, mis tekitasid rikkeid kokkupuutel niiskuse v\u00f5i veega.<\/p>\n","protected":false},"featured_media":3679,"comment_status":"closed","ping_status":"closed","template":"","meta":[],"product_brand":[],"product_cat":[222],"product_tag":[],"class_list":{"0":"post-2803","1":"product","2":"type-product","3":"status-publish","4":"has-post-thumbnail","6":"product_cat-elektroonika","8":"first","9":"instock","10":"taxable","11":"shipping-taxable","12":"purchasable","13":"product-type-simple"},"yoast_head":"<!-- This site is optimized with the Yoast SEO plugin v26.5 - https:\/\/yoast.com\/wordpress\/plugins\/seo\/ -->\n<title>Watelec Aero - Vett ja niiskust eemaldav m\u00e4\u00e4re I ZEP Eesti<\/title>\n<meta name=\"description\" content=\"Tungib kiiresti l\u00e4bi mageda ning soolase vee, t\u00f5rjudes niiskuse v\u00e4lja ja j\u00e4ttes kohe kaitsva korrosioonivastase kile. Eemaldab ning takistab niiskuse teket.\" \/>\n<meta name=\"robots\" content=\"index, follow, max-snippet:-1, max-image-preview:large, max-video-preview:-1\" \/>\n<link rel=\"canonical\" href=\"https:\/\/zepestonia.com\/en\/toode\/watelec-aero\/\" \/>\n<meta property=\"og:locale\" content=\"en_US\" \/>\n<meta property=\"og:type\" content=\"article\" \/>\n<meta property=\"og:title\" content=\"Watelec Aero - Vett ja niiskust eemaldav m\u00e4\u00e4re I ZEP Eesti\" \/>\n<meta property=\"og:description\" content=\"Tungib kiiresti l\u00e4bi mageda ning soolase vee, t\u00f5rjudes niiskuse v\u00e4lja ja j\u00e4ttes kohe kaitsva korrosioonivastase kile. Eemaldab ning takistab niiskuse teket.\" \/>\n<meta property=\"og:url\" content=\"https:\/\/zepestonia.com\/en\/toode\/watelec-aero\/\" \/>\n<meta property=\"og:site_name\" content=\"ZEP Eesti I Puhastusvahendid I E-pood\" \/>\n<meta property=\"article:publisher\" content=\"https:\/\/www.facebook.com\/ZepEesti\" \/>\n<meta property=\"article:modified_time\" content=\"2025-10-31T00:00:15+00:00\" \/>\n<meta property=\"og:image\" content=\"https:\/\/zepestonia.com\/wp-content\/uploads\/2021\/12\/205-60deb544349bb5-64273407-WATELEC.png\" \/>\n\t<meta property=\"og:image:width\" content=\"400\" \/>\n\t<meta property=\"og:image:height\" content=\"600\" \/>\n\t<meta property=\"og:image:type\" content=\"image\/png\" \/>\n<meta name=\"twitter:card\" content=\"summary_large_image\" \/>\n<script type=\"application\/ld+json\" class=\"yoast-schema-graph\">{\"@context\":\"https:\/\/schema.org\",\"@graph\":[{\"@type\":\"WebPage\",\"@id\":\"https:\/\/zepestonia.com\/en\/toode\/watelec-aero\/\",\"url\":\"https:\/\/zepestonia.com\/en\/toode\/watelec-aero\/\",\"name\":\"Watelec Aero - Vett ja niiskust eemaldav m\u00e4\u00e4re I ZEP Eesti\",\"isPartOf\":{\"@id\":\"https:\/\/zepestonia.com\/en\/#website\"},\"primaryImageOfPage\":{\"@id\":\"https:\/\/zepestonia.com\/en\/toode\/watelec-aero\/#primaryimage\"},\"image\":{\"@id\":\"https:\/\/zepestonia.com\/en\/toode\/watelec-aero\/#primaryimage\"},\"thumbnailUrl\":\"https:\/\/zepestonia.com\/wp-content\/uploads\/2021\/12\/205-60deb544349bb5-64273407-WATELEC.png\",\"datePublished\":\"2021-11-29T19:00:34+00:00\",\"dateModified\":\"2025-10-31T00:00:15+00:00\",\"description\":\"Tungib kiiresti l\u00e4bi mageda ning soolase vee, t\u00f5rjudes niiskuse v\u00e4lja ja j\u00e4ttes kohe kaitsva korrosioonivastase kile. Eemaldab ning takistab niiskuse teket.\",\"breadcrumb\":{\"@id\":\"https:\/\/zepestonia.com\/en\/toode\/watelec-aero\/#breadcrumb\"},\"inLanguage\":\"en-US\",\"potentialAction\":[{\"@type\":\"ReadAction\",\"target\":[\"https:\/\/zepestonia.com\/en\/toode\/watelec-aero\/\"]}]},{\"@type\":\"ImageObject\",\"inLanguage\":\"en-US\",\"@id\":\"https:\/\/zepestonia.com\/en\/toode\/watelec-aero\/#primaryimage\",\"url\":\"https:\/\/zepestonia.com\/wp-content\/uploads\/2021\/12\/205-60deb544349bb5-64273407-WATELEC.png\",\"contentUrl\":\"https:\/\/zepestonia.com\/wp-content\/uploads\/2021\/12\/205-60deb544349bb5-64273407-WATELEC.png\",\"width\":400,\"height\":600,\"caption\":\"205-60deb544349bb5-64273407-WATELEC\"},{\"@type\":\"BreadcrumbList\",\"@id\":\"https:\/\/zepestonia.com\/en\/toode\/watelec-aero\/#breadcrumb\",\"itemListElement\":[{\"@type\":\"ListItem\",\"position\":1,\"name\":\"Home\",\"item\":\"https:\/\/zepestonia.com\/en\/\"},{\"@type\":\"ListItem\",\"position\":2,\"name\":\"Shop\",\"item\":\"https:\/\/zepestonia.com\/en\/?page_id=4643\"},{\"@type\":\"ListItem\",\"position\":3,\"name\":\"Watelec Aero &#8211; Vett ja niiskust eemaldav m\u00e4\u00e4re\"}]},{\"@type\":\"WebSite\",\"@id\":\"https:\/\/zepestonia.com\/en\/#website\",\"url\":\"https:\/\/zepestonia.com\/en\/\",\"name\":\"ZEP Eesti I Puhastusvahendid I E-pood\",\"description\":\"Pakume puhastus- ja hooldusprobleemidele efektiivseid keskkonnas\u00f5bralikke lahendusi!\",\"publisher\":{\"@id\":\"https:\/\/zepestonia.com\/en\/#organization\"},\"potentialAction\":[{\"@type\":\"SearchAction\",\"target\":{\"@type\":\"EntryPoint\",\"urlTemplate\":\"https:\/\/zepestonia.com\/en\/?s={search_term_string}\"},\"query-input\":{\"@type\":\"PropertyValueSpecification\",\"valueRequired\":true,\"valueName\":\"search_term_string\"}}],\"inLanguage\":\"en-US\"},{\"@type\":\"Organization\",\"@id\":\"https:\/\/zepestonia.com\/en\/#organization\",\"name\":\"Zep Estonia\",\"url\":\"https:\/\/zepestonia.com\/en\/\",\"logo\":{\"@type\":\"ImageObject\",\"inLanguage\":\"en-US\",\"@id\":\"https:\/\/zepestonia.com\/en\/#\/schema\/logo\/image\/\",\"url\":\"https:\/\/zepestonia.com\/wp-content\/uploads\/2022\/03\/Zep-Logo_png.jpeg\",\"contentUrl\":\"https:\/\/zepestonia.com\/wp-content\/uploads\/2022\/03\/Zep-Logo_png.jpeg\",\"width\":109,\"height\":70,\"caption\":\"Zep Estonia\"},\"image\":{\"@id\":\"https:\/\/zepestonia.com\/en\/#\/schema\/logo\/image\/\"},\"sameAs\":[\"https:\/\/www.facebook.com\/ZepEesti\"]}]}<\/script>\n<!-- \/ Yoast SEO plugin. -->","yoast_head_json":{"title":"Watelec Aero - Vett ja niiskust eemaldav m\u00e4\u00e4re I ZEP Eesti","description":"Tungib kiiresti l\u00e4bi mageda ning soolase vee, t\u00f5rjudes niiskuse v\u00e4lja ja j\u00e4ttes kohe kaitsva korrosioonivastase kile. Eemaldab ning takistab niiskuse teket.","robots":{"index":"index","follow":"follow","max-snippet":"max-snippet:-1","max-image-preview":"max-image-preview:large","max-video-preview":"max-video-preview:-1"},"canonical":"https:\/\/zepestonia.com\/en\/toode\/watelec-aero\/","og_locale":"en_US","og_type":"article","og_title":"Watelec Aero - Vett ja niiskust eemaldav m\u00e4\u00e4re I ZEP Eesti","og_description":"Tungib kiiresti l\u00e4bi mageda ning soolase vee, t\u00f5rjudes niiskuse v\u00e4lja ja j\u00e4ttes kohe kaitsva korrosioonivastase kile. Eemaldab ning takistab niiskuse teket.","og_url":"https:\/\/zepestonia.com\/en\/toode\/watelec-aero\/","og_site_name":"ZEP Eesti I Puhastusvahendid I E-pood","article_publisher":"https:\/\/www.facebook.com\/ZepEesti","article_modified_time":"2025-10-31T00:00:15+00:00","og_image":[{"width":400,"height":600,"url":"https:\/\/zepestonia.com\/wp-content\/uploads\/2021\/12\/205-60deb544349bb5-64273407-WATELEC.png","type":"image\/png"}],"twitter_card":"summary_large_image","schema":{"@context":"https:\/\/schema.org","@graph":[{"@type":"WebPage","@id":"https:\/\/zepestonia.com\/en\/toode\/watelec-aero\/","url":"https:\/\/zepestonia.com\/en\/toode\/watelec-aero\/","name":"Watelec Aero - Vett ja niiskust eemaldav m\u00e4\u00e4re I ZEP Eesti","isPartOf":{"@id":"https:\/\/zepestonia.com\/en\/#website"},"primaryImageOfPage":{"@id":"https:\/\/zepestonia.com\/en\/toode\/watelec-aero\/#primaryimage"},"image":{"@id":"https:\/\/zepestonia.com\/en\/toode\/watelec-aero\/#primaryimage"},"thumbnailUrl":"https:\/\/zepestonia.com\/wp-content\/uploads\/2021\/12\/205-60deb544349bb5-64273407-WATELEC.png","datePublished":"2021-11-29T19:00:34+00:00","dateModified":"2025-10-31T00:00:15+00:00","description":"Tungib kiiresti l\u00e4bi mageda ning soolase vee, t\u00f5rjudes niiskuse v\u00e4lja ja j\u00e4ttes kohe kaitsva korrosioonivastase kile. Eemaldab ning takistab niiskuse teket.","breadcrumb":{"@id":"https:\/\/zepestonia.com\/en\/toode\/watelec-aero\/#breadcrumb"},"inLanguage":"en-US","potentialAction":[{"@type":"ReadAction","target":["https:\/\/zepestonia.com\/en\/toode\/watelec-aero\/"]}]},{"@type":"ImageObject","inLanguage":"en-US","@id":"https:\/\/zepestonia.com\/en\/toode\/watelec-aero\/#primaryimage","url":"https:\/\/zepestonia.com\/wp-content\/uploads\/2021\/12\/205-60deb544349bb5-64273407-WATELEC.png","contentUrl":"https:\/\/zepestonia.com\/wp-content\/uploads\/2021\/12\/205-60deb544349bb5-64273407-WATELEC.png","width":400,"height":600,"caption":"205-60deb544349bb5-64273407-WATELEC"},{"@type":"BreadcrumbList","@id":"https:\/\/zepestonia.com\/en\/toode\/watelec-aero\/#breadcrumb","itemListElement":[{"@type":"ListItem","position":1,"name":"Home","item":"https:\/\/zepestonia.com\/en\/"},{"@type":"ListItem","position":2,"name":"Shop","item":"https:\/\/zepestonia.com\/en\/?page_id=4643"},{"@type":"ListItem","position":3,"name":"Watelec Aero &#8211; Vett ja niiskust eemaldav m\u00e4\u00e4re"}]},{"@type":"WebSite","@id":"https:\/\/zepestonia.com\/en\/#website","url":"https:\/\/zepestonia.com\/en\/","name":"ZEP Eesti I Puhastusvahendid I E-pood","description":"Pakume puhastus- ja hooldusprobleemidele efektiivseid keskkonnas\u00f5bralikke lahendusi!","publisher":{"@id":"https:\/\/zepestonia.com\/en\/#organization"},"potentialAction":[{"@type":"SearchAction","target":{"@type":"EntryPoint","urlTemplate":"https:\/\/zepestonia.com\/en\/?s={search_term_string}"},"query-input":{"@type":"PropertyValueSpecification","valueRequired":true,"valueName":"search_term_string"}}],"inLanguage":"en-US"},{"@type":"Organization","@id":"https:\/\/zepestonia.com\/en\/#organization","name":"Zep Estonia","url":"https:\/\/zepestonia.com\/en\/","logo":{"@type":"ImageObject","inLanguage":"en-US","@id":"https:\/\/zepestonia.com\/en\/#\/schema\/logo\/image\/","url":"https:\/\/zepestonia.com\/wp-content\/uploads\/2022\/03\/Zep-Logo_png.jpeg","contentUrl":"https:\/\/zepestonia.com\/wp-content\/uploads\/2022\/03\/Zep-Logo_png.jpeg","width":109,"height":70,"caption":"Zep Estonia"},"image":{"@id":"https:\/\/zepestonia.com\/en\/#\/schema\/logo\/image\/"},"sameAs":["https:\/\/www.facebook.com\/ZepEesti"]}]}},"_links":{"self":[{"href":"https:\/\/zepestonia.com\/en\/wp-json\/wp\/v2\/product\/2803","targetHints":{"allow":["GET"]}}],"collection":[{"href":"https:\/\/zepestonia.com\/en\/wp-json\/wp\/v2\/product"}],"about":[{"href":"https:\/\/zepestonia.com\/en\/wp-json\/wp\/v2\/types\/product"}],"replies":[{"embeddable":true,"href":"https:\/\/zepestonia.com\/en\/wp-json\/wp\/v2\/comments?post=2803"}],"version-history":[{"count":2,"href":"https:\/\/zepestonia.com\/en\/wp-json\/wp\/v2\/product\/2803\/revisions"}],"predecessor-version":[{"id":11206,"href":"https:\/\/zepestonia.com\/en\/wp-json\/wp\/v2\/product\/2803\/revisions\/11206"}],"wp:featuredmedia":[{"embeddable":true,"href":"https:\/\/zepestonia.com\/en\/wp-json\/wp\/v2\/media\/3679"}],"wp:attachment":[{"href":"https:\/\/zepestonia.com\/en\/wp-json\/wp\/v2\/media?parent=2803"}],"wp:term":[{"taxonomy":"product_brand","embeddable":true,"href":"https:\/\/zepestonia.com\/en\/wp-json\/wp\/v2\/product_brand?post=2803"},{"taxonomy":"product_cat","embeddable":true,"href":"https:\/\/zepestonia.com\/en\/wp-json\/wp\/v2\/product_cat?post=2803"},{"taxonomy":"product_tag","embeddable":true,"href":"https:\/\/zepestonia.com\/en\/wp-json\/wp\/v2\/product_tag?post=2803"}],"curies":[{"name":"wp","href":"https:\/\/api.w.org\/{rel}","templated":true}]}}