{"id":2801,"date":"2021-11-29T19:00:33","date_gmt":"2021-11-29T19:00:33","guid":{"rendered":"https:\/\/zep.valgekana.ee\/toode\/zinc-2000-aero\/"},"modified":"2025-10-31T00:00:15","modified_gmt":"2025-10-31T00:00:15","slug":"zinc-2000-aero","status":"publish","type":"product","link":"https:\/\/zepestonia.com\/en\/toode\/zinc-2000-aero\/","title":{"rendered":"Zinc 2000 Aero  &#8211; K\u00fclmtsinkija"},"content":{"rendered":"<ul>\n<li><span class=\"VIiyi\" lang=\"et\"><span class=\"JLqJ4b ChMk0b\" data-language-for-alternatives=\"et\" data-language-to-translate-into=\"en\" data-number-of-phrases=\"24\" data-phrase-index=\"0\"><span>Tuleb peale kanda<\/span><\/span><span class=\"JLqJ4b\" data-language-for-alternatives=\"et\" data-language-to-translate-into=\"en\" data-number-of-phrases=\"24\" data-phrase-index=\"1\"><span> <\/span><\/span><span class=\"JLqJ4b ChMk0b\" data-language-for-alternatives=\"et\" data-language-to-translate-into=\"en\" data-number-of-phrases=\"24\" data-phrase-index=\"2\"><span>t\u00e4iesti roostest vaba, rasvatustatud ja kuivale pinnale.<\/span><\/span><span class=\"JLqJ4b\" data-language-for-alternatives=\"et\" data-language-to-translate-into=\"en\" data-number-of-phrases=\"24\" data-phrase-index=\"3\"><span> <\/span><\/span><\/span><\/li>\n<li><span class=\"VIiyi\" lang=\"et\"><span class=\"JLqJ4b ChMk0b\" data-language-for-alternatives=\"et\" data-language-to-translate-into=\"en\" data-number-of-phrases=\"24\" data-phrase-index=\"4\"><span>Enne kasutamist ja perioodiliselt kasutamise ajal loksutage korralikult.<\/span><\/span><span class=\"JLqJ4b\" data-language-for-alternatives=\"et\" data-language-to-translate-into=\"en\" data-number-of-phrases=\"24\" data-phrase-index=\"5\"><span> <\/span><\/span><\/span><\/li>\n<li><span class=\"VIiyi\" lang=\"et\"><span class=\"JLqJ4b ChMk0b\" data-language-for-alternatives=\"et\" data-language-to-translate-into=\"en\" data-number-of-phrases=\"24\" data-phrase-index=\"6\"><span>Kandke \u00fchtlaselt pinnale, hoides aerosooli vertikaalselt,&nbsp;<\/span><\/span><span class=\"JLqJ4b\" data-language-for-alternatives=\"et\" data-language-to-translate-into=\"en\" data-number-of-phrases=\"24\" data-phrase-index=\"7\"><span> <\/span><\/span><span class=\"JLqJ4b ChMk0b\" data-language-for-alternatives=\"et\" data-language-to-translate-into=\"en\" data-number-of-phrases=\"24\" data-phrase-index=\"8\"><span>kaugus 20-25 cm.<\/span><\/span><span class=\"JLqJ4b\" data-language-for-alternatives=\"et\" data-language-to-translate-into=\"en\" data-number-of-phrases=\"24\" data-phrase-index=\"9\"><span> <\/span><\/span><\/span><\/li>\n<\/ul>\n<p><strong><span class=\"VIiyi\" lang=\"et\"><span class=\"JLqJ4b ChMk0b\" data-language-for-alternatives=\"et\" data-language-to-translate-into=\"en\" data-number-of-phrases=\"24\" data-phrase-index=\"10\"><span>NB! <\/span><\/span><\/span><\/strong><\/p>\n<ul>\n<li><span class=\"VIiyi\" lang=\"et\"><span class=\"JLqJ4b ChMk0b\" data-language-for-alternatives=\"et\" data-language-to-translate-into=\"en\" data-number-of-phrases=\"24\" data-phrase-index=\"10\"><span>Et saada t\u00f5husam<\/span><\/span><span class=\"JLqJ4b\" data-language-for-alternatives=\"et\" data-language-to-translate-into=\"en\" data-number-of-phrases=\"24\" data-phrase-index=\"11\"><span> <\/span><\/span><span class=\"JLqJ4b ChMk0b\" data-language-for-alternatives=\"et\" data-language-to-translate-into=\"en\" data-number-of-phrases=\"24\" data-phrase-index=\"12\"><span>ja vastupidav kaitse, on soovitatav kanda toodet 2 v\u00f5i 3 v\u00e4ga \u00f5hukese kihina, mitte<\/span><\/span><span class=\"JLqJ4b\" data-language-for-alternatives=\"et\" data-language-to-translate-into=\"en\" data-number-of-phrases=\"24\" data-phrase-index=\"13\"><span> <\/span><\/span><span class=\"JLqJ4b ChMk0b\" data-language-for-alternatives=\"et\" data-language-to-translate-into=\"en\" data-number-of-phrases=\"24\" data-phrase-index=\"14\"><span>\u00fcksik, paksem kiht.<\/span><\/span> <\/span><\/li>\n<li><span class=\"VIiyi\" lang=\"et\"><span class=\"JLqJ4b ChMk0b\" data-language-for-alternatives=\"et\" data-language-to-translate-into=\"en\" data-number-of-phrases=\"24\" data-phrase-index=\"15\"><span>Laske iga\u00fchel p\u00f5hjalikult kuivada<\/span><\/span><span class=\"JLqJ4b\" data-language-for-alternatives=\"et\" data-language-to-translate-into=\"en\" data-number-of-phrases=\"24\" data-phrase-index=\"16\"><span> <\/span><\/span><span class=\"JLqJ4b ChMk0b\" data-language-for-alternatives=\"et\" data-language-to-translate-into=\"en\" data-number-of-phrases=\"24\" data-phrase-index=\"17\"><span>katta enne j\u00e4rgmise pealekandmist.<\/span><\/span><\/span><\/li>\n<li><span class=\"VIiyi\" lang=\"et\"><span class=\"JLqJ4b ChMk0b\" data-language-for-alternatives=\"et\" data-language-to-translate-into=\"en\" data-number-of-phrases=\"24\" data-phrase-index=\"19\"><span>P\u00e4rast iga rakendust on soovitatav panna<\/span><\/span><span class=\"JLqJ4b\" data-language-for-alternatives=\"et\" data-language-to-translate-into=\"en\" data-number-of-phrases=\"24\" data-phrase-index=\"20\"><span> <\/span><\/span><span class=\"JLqJ4b ChMk0b\" data-language-for-alternatives=\"et\" data-language-to-translate-into=\"en\" data-number-of-phrases=\"24\" data-phrase-index=\"21\"><span>saab tagurpidi ja pihustada 2 sekundit j\u00e4rjekorras<\/span><\/span><span class=\"JLqJ4b\" data-language-for-alternatives=\"et\" data-language-to-translate-into=\"en\" data-number-of-phrases=\"24\" data-phrase-index=\"22\"><span> <\/span><\/span><span class=\"JLqJ4b ChMk0b\" data-language-for-alternatives=\"et\" data-language-to-translate-into=\"en\" data-number-of-phrases=\"24\" data-phrase-index=\"23\"><span>d\u00fc\u00fcsi vabastamiseks tsingij\u00e4\u00e4kidest.<\/span><\/span><\/span><\/li>\n<\/ul>\n","protected":false},"excerpt":{"rendered":"<p>Aerosool k\u00fclmtsinkija k\u00f5rgendatud tsingisisaldusega, rikastatud spetsiaalsete vaikudega.<br \/>\n\u2022 T\u00e4nu suurele kleepumisv\u00f5imele on see ideaalne kasutada alumiiniumil, tsingil ja sulamitel.<br \/>\n\u2022 V\u00e4ga vastupidav \u00e4\u00e4rmuslikele keskkondadele.<br \/>\n\u2022 Seda saab kasutada igasuguse v\u00e4rvimise alusv\u00e4rvina<br \/>\n\u2022 Selle k\u00f5rge tsingisisaldus kaitseb metallpindu niiskuse, h\u00f5\u00f5rdumise, keemilise korrosiooni eest, <\/p>\n","protected":false},"featured_media":10120,"comment_status":"closed","ping_status":"closed","template":"","meta":[],"product_brand":[],"product_cat":[215],"product_tag":[],"class_list":{"0":"post-2801","1":"product","2":"type-product","3":"status-publish","4":"has-post-thumbnail","6":"product_cat-metall","8":"first","9":"instock","10":"taxable","11":"shipping-taxable","12":"purchasable","13":"product-type-simple"},"yoast_head":"<!-- This site is optimized with the Yoast SEO plugin v26.5 - https:\/\/yoast.com\/wordpress\/plugins\/seo\/ -->\n<title>Zinc 2000 Aero - K\u00fclmtsinkija, aerosool I ZEP Eesti<\/title>\n<meta name=\"description\" content=\"K\u00fclmtsinkija k\u00f5rgendatud tsingisisaldusega ja rikastatud spetsiaalsete vaikudega. T\u00e4nu suurele kleepumisv\u00f5imele kasutada alumiiniumil, tsingil ja sulamitel.\" \/>\n<meta name=\"robots\" content=\"index, follow, max-snippet:-1, max-image-preview:large, max-video-preview:-1\" \/>\n<link rel=\"canonical\" href=\"https:\/\/zepestonia.com\/en\/toode\/zinc-2000-aero\/\" \/>\n<meta property=\"og:locale\" content=\"en_US\" \/>\n<meta property=\"og:type\" content=\"article\" \/>\n<meta property=\"og:title\" content=\"Zinc 2000 Aero - K\u00fclmtsinkija, aerosool I ZEP Eesti\" \/>\n<meta property=\"og:description\" content=\"K\u00fclmtsinkija k\u00f5rgendatud tsingisisaldusega ja rikastatud spetsiaalsete vaikudega. T\u00e4nu suurele kleepumisv\u00f5imele kasutada alumiiniumil, tsingil ja sulamitel.\" \/>\n<meta property=\"og:url\" content=\"https:\/\/zepestonia.com\/en\/toode\/zinc-2000-aero\/\" \/>\n<meta property=\"og:site_name\" content=\"ZEP Eesti I Puhastusvahendid I E-pood\" \/>\n<meta property=\"article:publisher\" content=\"https:\/\/www.facebook.com\/ZepEesti\" \/>\n<meta property=\"article:modified_time\" content=\"2025-10-31T00:00:15+00:00\" \/>\n<meta property=\"og:image\" content=\"https:\/\/zepestonia.com\/wp-content\/uploads\/2022\/09\/Zinc-2000-AERO.jpg\" \/>\n\t<meta property=\"og:image:width\" content=\"126\" \/>\n\t<meta property=\"og:image:height\" content=\"182\" \/>\n\t<meta property=\"og:image:type\" content=\"image\/jpeg\" \/>\n<meta name=\"twitter:card\" content=\"summary_large_image\" \/>\n<script type=\"application\/ld+json\" class=\"yoast-schema-graph\">{\"@context\":\"https:\/\/schema.org\",\"@graph\":[{\"@type\":\"WebPage\",\"@id\":\"https:\/\/zepestonia.com\/en\/toode\/zinc-2000-aero\/\",\"url\":\"https:\/\/zepestonia.com\/en\/toode\/zinc-2000-aero\/\",\"name\":\"Zinc 2000 Aero - K\u00fclmtsinkija, aerosool I ZEP Eesti\",\"isPartOf\":{\"@id\":\"https:\/\/zepestonia.com\/en\/#website\"},\"primaryImageOfPage\":{\"@id\":\"https:\/\/zepestonia.com\/en\/toode\/zinc-2000-aero\/#primaryimage\"},\"image\":{\"@id\":\"https:\/\/zepestonia.com\/en\/toode\/zinc-2000-aero\/#primaryimage\"},\"thumbnailUrl\":\"https:\/\/zepestonia.com\/wp-content\/uploads\/2022\/09\/Zinc-2000-AERO.jpg\",\"datePublished\":\"2021-11-29T19:00:33+00:00\",\"dateModified\":\"2025-10-31T00:00:15+00:00\",\"description\":\"K\u00fclmtsinkija k\u00f5rgendatud tsingisisaldusega ja rikastatud spetsiaalsete vaikudega. T\u00e4nu suurele kleepumisv\u00f5imele kasutada alumiiniumil, tsingil ja sulamitel.\",\"breadcrumb\":{\"@id\":\"https:\/\/zepestonia.com\/en\/toode\/zinc-2000-aero\/#breadcrumb\"},\"inLanguage\":\"en-US\",\"potentialAction\":[{\"@type\":\"ReadAction\",\"target\":[\"https:\/\/zepestonia.com\/en\/toode\/zinc-2000-aero\/\"]}]},{\"@type\":\"ImageObject\",\"inLanguage\":\"en-US\",\"@id\":\"https:\/\/zepestonia.com\/en\/toode\/zinc-2000-aero\/#primaryimage\",\"url\":\"https:\/\/zepestonia.com\/wp-content\/uploads\/2022\/09\/Zinc-2000-AERO.jpg\",\"contentUrl\":\"https:\/\/zepestonia.com\/wp-content\/uploads\/2022\/09\/Zinc-2000-AERO.jpg\",\"width\":126,\"height\":182,\"caption\":\"Zinc-2000-AERO\"},{\"@type\":\"BreadcrumbList\",\"@id\":\"https:\/\/zepestonia.com\/en\/toode\/zinc-2000-aero\/#breadcrumb\",\"itemListElement\":[{\"@type\":\"ListItem\",\"position\":1,\"name\":\"Home\",\"item\":\"https:\/\/zepestonia.com\/en\/\"},{\"@type\":\"ListItem\",\"position\":2,\"name\":\"Shop\",\"item\":\"https:\/\/zepestonia.com\/en\/?page_id=4643\"},{\"@type\":\"ListItem\",\"position\":3,\"name\":\"Zinc 2000 Aero &#8211; K\u00fclmtsinkija\"}]},{\"@type\":\"WebSite\",\"@id\":\"https:\/\/zepestonia.com\/en\/#website\",\"url\":\"https:\/\/zepestonia.com\/en\/\",\"name\":\"ZEP Eesti I Puhastusvahendid I E-pood\",\"description\":\"Pakume puhastus- ja hooldusprobleemidele efektiivseid keskkonnas\u00f5bralikke lahendusi!\",\"publisher\":{\"@id\":\"https:\/\/zepestonia.com\/en\/#organization\"},\"potentialAction\":[{\"@type\":\"SearchAction\",\"target\":{\"@type\":\"EntryPoint\",\"urlTemplate\":\"https:\/\/zepestonia.com\/en\/?s={search_term_string}\"},\"query-input\":{\"@type\":\"PropertyValueSpecification\",\"valueRequired\":true,\"valueName\":\"search_term_string\"}}],\"inLanguage\":\"en-US\"},{\"@type\":\"Organization\",\"@id\":\"https:\/\/zepestonia.com\/en\/#organization\",\"name\":\"Zep Estonia\",\"url\":\"https:\/\/zepestonia.com\/en\/\",\"logo\":{\"@type\":\"ImageObject\",\"inLanguage\":\"en-US\",\"@id\":\"https:\/\/zepestonia.com\/en\/#\/schema\/logo\/image\/\",\"url\":\"https:\/\/zepestonia.com\/wp-content\/uploads\/2022\/03\/Zep-Logo_png.jpeg\",\"contentUrl\":\"https:\/\/zepestonia.com\/wp-content\/uploads\/2022\/03\/Zep-Logo_png.jpeg\",\"width\":109,\"height\":70,\"caption\":\"Zep Estonia\"},\"image\":{\"@id\":\"https:\/\/zepestonia.com\/en\/#\/schema\/logo\/image\/\"},\"sameAs\":[\"https:\/\/www.facebook.com\/ZepEesti\"]}]}<\/script>\n<!-- \/ Yoast SEO plugin. -->","yoast_head_json":{"title":"Zinc 2000 Aero - K\u00fclmtsinkija, aerosool I ZEP Eesti","description":"K\u00fclmtsinkija k\u00f5rgendatud tsingisisaldusega ja rikastatud spetsiaalsete vaikudega. T\u00e4nu suurele kleepumisv\u00f5imele kasutada alumiiniumil, tsingil ja sulamitel.","robots":{"index":"index","follow":"follow","max-snippet":"max-snippet:-1","max-image-preview":"max-image-preview:large","max-video-preview":"max-video-preview:-1"},"canonical":"https:\/\/zepestonia.com\/en\/toode\/zinc-2000-aero\/","og_locale":"en_US","og_type":"article","og_title":"Zinc 2000 Aero - K\u00fclmtsinkija, aerosool I ZEP Eesti","og_description":"K\u00fclmtsinkija k\u00f5rgendatud tsingisisaldusega ja rikastatud spetsiaalsete vaikudega. T\u00e4nu suurele kleepumisv\u00f5imele kasutada alumiiniumil, tsingil ja sulamitel.","og_url":"https:\/\/zepestonia.com\/en\/toode\/zinc-2000-aero\/","og_site_name":"ZEP Eesti I Puhastusvahendid I E-pood","article_publisher":"https:\/\/www.facebook.com\/ZepEesti","article_modified_time":"2025-10-31T00:00:15+00:00","og_image":[{"width":126,"height":182,"url":"https:\/\/zepestonia.com\/wp-content\/uploads\/2022\/09\/Zinc-2000-AERO.jpg","type":"image\/jpeg"}],"twitter_card":"summary_large_image","schema":{"@context":"https:\/\/schema.org","@graph":[{"@type":"WebPage","@id":"https:\/\/zepestonia.com\/en\/toode\/zinc-2000-aero\/","url":"https:\/\/zepestonia.com\/en\/toode\/zinc-2000-aero\/","name":"Zinc 2000 Aero - K\u00fclmtsinkija, aerosool I ZEP Eesti","isPartOf":{"@id":"https:\/\/zepestonia.com\/en\/#website"},"primaryImageOfPage":{"@id":"https:\/\/zepestonia.com\/en\/toode\/zinc-2000-aero\/#primaryimage"},"image":{"@id":"https:\/\/zepestonia.com\/en\/toode\/zinc-2000-aero\/#primaryimage"},"thumbnailUrl":"https:\/\/zepestonia.com\/wp-content\/uploads\/2022\/09\/Zinc-2000-AERO.jpg","datePublished":"2021-11-29T19:00:33+00:00","dateModified":"2025-10-31T00:00:15+00:00","description":"K\u00fclmtsinkija k\u00f5rgendatud tsingisisaldusega ja rikastatud spetsiaalsete vaikudega. T\u00e4nu suurele kleepumisv\u00f5imele kasutada alumiiniumil, tsingil ja sulamitel.","breadcrumb":{"@id":"https:\/\/zepestonia.com\/en\/toode\/zinc-2000-aero\/#breadcrumb"},"inLanguage":"en-US","potentialAction":[{"@type":"ReadAction","target":["https:\/\/zepestonia.com\/en\/toode\/zinc-2000-aero\/"]}]},{"@type":"ImageObject","inLanguage":"en-US","@id":"https:\/\/zepestonia.com\/en\/toode\/zinc-2000-aero\/#primaryimage","url":"https:\/\/zepestonia.com\/wp-content\/uploads\/2022\/09\/Zinc-2000-AERO.jpg","contentUrl":"https:\/\/zepestonia.com\/wp-content\/uploads\/2022\/09\/Zinc-2000-AERO.jpg","width":126,"height":182,"caption":"Zinc-2000-AERO"},{"@type":"BreadcrumbList","@id":"https:\/\/zepestonia.com\/en\/toode\/zinc-2000-aero\/#breadcrumb","itemListElement":[{"@type":"ListItem","position":1,"name":"Home","item":"https:\/\/zepestonia.com\/en\/"},{"@type":"ListItem","position":2,"name":"Shop","item":"https:\/\/zepestonia.com\/en\/?page_id=4643"},{"@type":"ListItem","position":3,"name":"Zinc 2000 Aero &#8211; K\u00fclmtsinkija"}]},{"@type":"WebSite","@id":"https:\/\/zepestonia.com\/en\/#website","url":"https:\/\/zepestonia.com\/en\/","name":"ZEP Eesti I Puhastusvahendid I E-pood","description":"Pakume puhastus- ja hooldusprobleemidele efektiivseid keskkonnas\u00f5bralikke lahendusi!","publisher":{"@id":"https:\/\/zepestonia.com\/en\/#organization"},"potentialAction":[{"@type":"SearchAction","target":{"@type":"EntryPoint","urlTemplate":"https:\/\/zepestonia.com\/en\/?s={search_term_string}"},"query-input":{"@type":"PropertyValueSpecification","valueRequired":true,"valueName":"search_term_string"}}],"inLanguage":"en-US"},{"@type":"Organization","@id":"https:\/\/zepestonia.com\/en\/#organization","name":"Zep Estonia","url":"https:\/\/zepestonia.com\/en\/","logo":{"@type":"ImageObject","inLanguage":"en-US","@id":"https:\/\/zepestonia.com\/en\/#\/schema\/logo\/image\/","url":"https:\/\/zepestonia.com\/wp-content\/uploads\/2022\/03\/Zep-Logo_png.jpeg","contentUrl":"https:\/\/zepestonia.com\/wp-content\/uploads\/2022\/03\/Zep-Logo_png.jpeg","width":109,"height":70,"caption":"Zep Estonia"},"image":{"@id":"https:\/\/zepestonia.com\/en\/#\/schema\/logo\/image\/"},"sameAs":["https:\/\/www.facebook.com\/ZepEesti"]}]}},"_links":{"self":[{"href":"https:\/\/zepestonia.com\/en\/wp-json\/wp\/v2\/product\/2801","targetHints":{"allow":["GET"]}}],"collection":[{"href":"https:\/\/zepestonia.com\/en\/wp-json\/wp\/v2\/product"}],"about":[{"href":"https:\/\/zepestonia.com\/en\/wp-json\/wp\/v2\/types\/product"}],"replies":[{"embeddable":true,"href":"https:\/\/zepestonia.com\/en\/wp-json\/wp\/v2\/comments?post=2801"}],"version-history":[{"count":1,"href":"https:\/\/zepestonia.com\/en\/wp-json\/wp\/v2\/product\/2801\/revisions"}],"predecessor-version":[{"id":10416,"href":"https:\/\/zepestonia.com\/en\/wp-json\/wp\/v2\/product\/2801\/revisions\/10416"}],"wp:featuredmedia":[{"embeddable":true,"href":"https:\/\/zepestonia.com\/en\/wp-json\/wp\/v2\/media\/10120"}],"wp:attachment":[{"href":"https:\/\/zepestonia.com\/en\/wp-json\/wp\/v2\/media?parent=2801"}],"wp:term":[{"taxonomy":"product_brand","embeddable":true,"href":"https:\/\/zepestonia.com\/en\/wp-json\/wp\/v2\/product_brand?post=2801"},{"taxonomy":"product_cat","embeddable":true,"href":"https:\/\/zepestonia.com\/en\/wp-json\/wp\/v2\/product_cat?post=2801"},{"taxonomy":"product_tag","embeddable":true,"href":"https:\/\/zepestonia.com\/en\/wp-json\/wp\/v2\/product_tag?post=2801"}],"curies":[{"name":"wp","href":"https:\/\/api.w.org\/{rel}","templated":true}]}}