{"id":2797,"date":"2021-11-29T19:00:33","date_gmt":"2021-11-29T19:00:33","guid":{"rendered":"https:\/\/zep.valgekana.ee\/toode\/terminator-ce-5l\/"},"modified":"2025-07-04T00:03:29","modified_gmt":"2025-07-04T00:03:29","slug":"terminator-ce-5l","status":"publish","type":"product","link":"https:\/\/zepestonia.com\/en\/toode\/terminator-ce-5l\/","title":{"rendered":"Terminator CE 5L &#8211; Looduslik putukat\u00f5rjevahend"},"content":{"rendered":"<p><span style=\"font-size:14px\"><strong><span class=\"markedContent\" id=\"page3R_mcid15\"><span dir=\"ltr\" role=\"presentation\" style=\"left: 90px;top: 498.111px;font-family: sans-serif\">K\u00c4RB<\/span><span dir=\"ltr\" role=\"presentation\" style=\"left: 144.64px;top: 498.111px;font-family: sans-serif\">SED<\/span><span dir=\"ltr\" role=\"presentation\" style=\"left: 185.88px;top: 498.111px;font-family: sans-serif\"> <\/span><span dir=\"ltr\" role=\"presentation\" style=\"left: 191.433px;top: 498.111px;font-family: sans-serif\">JA MUUD<\/span><span dir=\"ltr\" role=\"presentation\" style=\"left: 280.093px;top: 498.111px;font-family: sans-serif\"> <\/span><span dir=\"ltr\" role=\"presentation\" style=\"left: 285.633px;top: 498.111px;font-family: sans-serif\">LENDAVA<\/span><span dir=\"ltr\" role=\"presentation\" style=\"left: 379.283px;top: 498.111px;font-family: sans-serif\">D<\/span><span dir=\"ltr\" role=\"presentation\" style=\"left: 393.723px;top: 498.111px;font-family: sans-serif\"> <\/span><span dir=\"ltr\" role=\"presentation\" style=\"left: 399.283px;top: 498.111px;font-family: sans-serif\">PUTUKA<\/span><span dir=\"ltr\" role=\"presentation\" style=\"left: 480.283px;top: 498.111px;font-family: sans-serif\">D<\/span><\/span><\/strong><\/span><\/p>\n<ul>\n<li><span style=\"font-size:14px\"><span class=\"markedContent\"><span dir=\"ltr\" role=\"presentation\" style=\"left: 149.04px;top: 522.511px;font-family: sans-serif\">L<\/span><span dir=\"ltr\" role=\"presentation\" style=\"left: 160.24px;top: 522.511px;font-family: sans-serif\">ahjendada vees annusega 2<\/span><span dir=\"ltr\" role=\"presentation\" style=\"left: 416.883px;top: 522.511px;font-family: sans-serif\">\u2013<\/span><span dir=\"ltr\" role=\"presentation\" style=\"left: 428.083px;top: 522.511px;font-family: sans-serif\">4% (200<\/span><span dir=\"ltr\" role=\"presentation\" style=\"left: 504.283px;top: 522.511px;font-family: sans-serif\">\u2013<\/span><span dir=\"ltr\" role=\"presentation\" style=\"left: 515.483px;top: 522.511px;font-family: sans-serif\">400 g toodet 10 liitris vees).<\/span><span dir=\"ltr\" role=\"presentation\" style=\"left: 768.503px;top: 522.511px;font-family: sans-serif\"> <\/span><\/span><\/span><\/li>\n<li><span style=\"font-size:14px\"><span class=\"markedContent\" id=\"page3R_mcid16\"><span dir=\"ltr\" role=\"presentation\" style=\"left: 776.167px;top: 522.511px;font-family: sans-serif\">S<\/span><span dir=\"ltr\" role=\"presentation\" style=\"left: 789.567px;top: 522.511px;font-family: sans-serif\">aadud<\/span><span dir=\"ltr\" role=\"presentation\" style=\"left: 845.047px;top: 522.511px;font-family: sans-serif\"> <\/span><span dir=\"ltr\" role=\"presentation\" style=\"left: 852.567px;top: 522.511px;font-family: sans-serif\">lahus<\/span> <span dir=\"ltr\" role=\"presentation\" style=\"left: 150.04px;top: 545.511px;font-family: sans-serif\">pihusta<\/span><span dir=\"ltr\" role=\"presentation\" style=\"left: 214.633px;top: 545.511px;font-family: sans-serif\">da<\/span><span dir=\"ltr\" role=\"presentation\" style=\"left: 236.953px;top: 545.511px;font-family: sans-serif\"> <\/span><span dir=\"ltr\" role=\"presentation\" style=\"left: 243.833px;top: 545.511px;font-family: sans-serif\">v\u00e4lis\u00f5hku k\u00e4esho<\/span><span dir=\"ltr\" role=\"presentation\" style=\"left: 398.683px;top: 545.511px;font-family: sans-serif\">itav<\/span><span dir=\"ltr\" role=\"presentation\" style=\"left: 429.883px;top: 545.511px;font-family: sans-serif\">a<\/span><span dir=\"ltr\" role=\"presentation\" style=\"left: 441.003px;top: 545.511px;font-family: sans-serif\"> <\/span><span dir=\"ltr\" role=\"presentation\" style=\"left: 447.883px;top: 545.511px;font-family: sans-serif\">pihusti<\/span><span dir=\"ltr\" role=\"presentation\" style=\"left: 505.683px;top: 545.511px;font-family: sans-serif\">g<\/span><span dir=\"ltr\" role=\"presentation\" style=\"left: 516.683px;top: 545.511px;font-family: sans-serif\">a.<\/span><span dir=\"ltr\" role=\"presentation\" style=\"left: 533.443px;top: 545.511px;font-family: sans-serif\"> <\/span><span dir=\"ltr\" role=\"presentation\" style=\"left: 540.317px;top: 545.511px;font-family: sans-serif\">40<\/span><span dir=\"ltr\" role=\"presentation\" style=\"left: 562.717px;top: 545.511px;font-family: sans-serif\">0 kuupmeetris<\/span><span dir=\"ltr\" role=\"presentation\" style=\"left: 689.517px;top: 545.511px;font-family: sans-serif\">esse<\/span><span dir=\"ltr\" role=\"presentation\" style=\"left: 731.817px;top: 545.511px;font-family: sans-serif\"> <\/span><span dir=\"ltr\" role=\"presentation\" style=\"left: 745.767px;top: 545.511px;font-family: sans-serif\">keskkonda<\/span><span dir=\"ltr\" role=\"presentation\" style=\"left: 841.427px;top: 545.511px;font-family: sans-serif\"> <\/span><span dir=\"ltr\" role=\"presentation\" style=\"left: 848.367px;top: 545.511px;font-family: sans-serif\">p<\/span><span dir=\"ltr\" role=\"presentation\" style=\"left: 859.567px;top: 545.511px;font-family: sans-serif\">iisab<\/span> <span dir=\"ltr\" role=\"presentation\" style=\"left: 150.04px;top: 568.511px;font-family: sans-serif\">1<\/span><span dir=\"ltr\" role=\"presentation\" style=\"left: 161.24px;top: 568.511px;font-family: sans-serif\">L lahuse pihustamisest.<\/span><\/span><\/span><\/li>\n<li><span style=\"font-size:14px\"><span class=\"markedContent\" id=\"page3R_mcid17\"><span dir=\"ltr\" role=\"presentation\" style=\"left: 149.04px;top: 592.911px;font-family: sans-serif\">V<\/span><span dir=\"ltr\" role=\"presentation\" style=\"left: 162.44px;top: 592.911px;font-family: sans-serif\">\u00e4listes t\u00f6\u00f6tlemistes v\u00f5ib<\/span><span dir=\"ltr\" role=\"presentation\" style=\"left: 373.46px;top: 592.911px;font-family: sans-serif\"> <\/span><span dir=\"ltr\" role=\"presentation\" style=\"left: 379.283px;top: 592.911px;font-family: sans-serif\">kasutada annuses 1% c.a. (100 g 10 liitris vees).<\/span><\/span><\/span><\/li>\n<li><span style=\"font-size:14px\"><span class=\"markedContent\" id=\"page3R_mcid18\"><span dir=\"ltr\" role=\"presentation\" style=\"left: 149.04px;top: 617.111px;font-family: sans-serif\">Ohutu<\/span><span dir=\"ltr\" role=\"presentation\" style=\"left: 203.52px;top: 617.111px;font-family: sans-serif\"> <\/span><span dir=\"ltr\" role=\"presentation\" style=\"left: 209.233px;top: 617.111px;font-family: sans-serif\">taimedele, kui kontsentratsioon on alla 0,5%.<\/span><\/span><\/span><\/li>\n<\/ul>\n<p><span style=\"font-size:14px\"><strong><span class=\"markedContent\" id=\"page3R_mcid19\"><span dir=\"ltr\" role=\"presentation\" style=\"left: 90px;top: 640.111px;font-family: sans-serif\">PRUSSAKAD JA MUUD<\/span><span dir=\"ltr\" role=\"presentation\" style=\"left: 307.74px;top: 640.111px;font-family: sans-serif\"> <\/span><span dir=\"ltr\" role=\"presentation\" style=\"left: 313.433px;top: 640.111px;font-family: sans-serif\">PUTUKAD<\/span><\/span><\/strong><\/span><\/p>\n<ul>\n<li><span style=\"font-size:14px\"><span class=\"markedContent\"><span dir=\"ltr\" role=\"presentation\" style=\"left: 149.04px;top: 664.511px;font-family: sans-serif\">Lahjenda<\/span><span dir=\"ltr\" role=\"presentation\" style=\"left: 231.433px;top: 664.511px;font-family: sans-serif\">da<\/span><span dir=\"ltr\" role=\"presentation\" style=\"left: 253.753px;top: 664.511px;font-family: sans-serif\"> <\/span><span dir=\"ltr\" role=\"presentation\" style=\"left: 260.433px;top: 664.511px;font-family: sans-serif\">vees annusega 3<\/span><span dir=\"ltr\" role=\"presentation\" style=\"left: 415.083px;top: 664.511px;font-family: sans-serif\">\u2013<\/span><span dir=\"ltr\" role=\"presentation\" style=\"left: 426.283px;top: 664.511px;font-family: sans-serif\">5% (300<\/span><span dir=\"ltr\" role=\"presentation\" style=\"left: 501.883px;top: 664.511px;font-family: sans-serif\">\u2013<\/span><span dir=\"ltr\" role=\"presentation\" style=\"left: 513.083px;top: 664.511px;font-family: sans-serif\">500<\/span><span dir=\"ltr\" role=\"presentation\" style=\"left: 546.383px;top: 664.511px;font-family: sans-serif\"> <\/span><span dir=\"ltr\" role=\"presentation\" style=\"left: 553.117px;top: 664.511px;font-family: sans-serif\">g toodet 10 liitris vees).<\/span><span dir=\"ltr\" role=\"presentation\" style=\"left: 763.137px;top: 664.511px;font-family: sans-serif\"> <\/span><\/span><\/span><\/li>\n<li><span style=\"font-size:14px\"><span class=\"markedContent\"><span dir=\"ltr\" role=\"presentation\" style=\"left: 770.167px;top: 664.511px;font-family: sans-serif\">Kand<\/span><span dir=\"ltr\" role=\"presentation\" style=\"left: 816.967px;top: 664.511px;font-family: sans-serif\">a<\/span><span dir=\"ltr\" role=\"presentation\" style=\"left: 828.087px;top: 664.511px;font-family: sans-serif\"> <\/span><span dir=\"ltr\" role=\"presentation\" style=\"left: 834.767px;top: 664.511px;font-family: sans-serif\">saadud<\/span> <span dir=\"ltr\" role=\"presentation\" style=\"left: 150.04px;top: 687.511px;font-family: sans-serif\">lahus<\/span><span dir=\"ltr\" role=\"presentation\" style=\"left: 198px;top: 687.511px;font-family: sans-serif\"> <\/span><span dir=\"ltr\" role=\"presentation\" style=\"left: 208.833px;top: 687.511px;font-family: sans-serif\">pihusti<\/span><span dir=\"ltr\" role=\"presentation\" style=\"left: 266.633px;top: 687.511px;font-family: sans-serif\">ga<\/span><span dir=\"ltr\" role=\"presentation\" style=\"left: 288.753px;top: 687.511px;font-family: sans-serif\"> <\/span><span dir=\"ltr\" role=\"presentation\" style=\"left: 299.633px;top: 687.511px;font-family: sans-serif\">putukate<\/span><span dir=\"ltr\" role=\"presentation\" style=\"left: 376.483px;top: 687.511px;font-family: sans-serif\">ga<\/span><span dir=\"ltr\" role=\"presentation\" style=\"left: 398.603px;top: 687.511px;font-family: sans-serif\"> <\/span><span dir=\"ltr\" role=\"presentation\" style=\"left: 409.483px;top: 687.511px;font-family: sans-serif\">nakatunud pindadele (<\/span><span dir=\"ltr\" role=\"presentation\" style=\"left: 617.917px;top: 687.511px;font-family: sans-serif\">valamu<\/span><span dir=\"ltr\" role=\"presentation\" style=\"left: 682.317px;top: 687.511px;font-family: sans-serif\">d<\/span><span dir=\"ltr\" role=\"presentation\" style=\"left: 693.517px;top: 687.511px;font-family: sans-serif\">, sokli<\/span><span dir=\"ltr\" role=\"presentation\" style=\"left: 749.757px;top: 687.511px;font-family: sans-serif\"> <\/span><span dir=\"ltr\" role=\"presentation\" style=\"left: 760.567px;top: 687.511px;font-family: sans-serif\">al<\/span><span dir=\"ltr\" role=\"presentation\" style=\"left: 776.167px;top: 687.511px;font-family: sans-serif\">used,<\/span><span dir=\"ltr\" role=\"presentation\" style=\"left: 825.087px;top: 687.511px;font-family: sans-serif\"> <\/span><span dir=\"ltr\" role=\"presentation\" style=\"left: 835.967px;top: 687.511px;font-family: sans-serif\">sein<\/span><span dir=\"ltr\" role=\"presentation\" style=\"left: 872.567px;top: 687.511px;font-family: sans-serif\">ad<\/span><span dir=\"ltr\" role=\"presentation\" style=\"left: 894.967px;top: 687.511px;font-family: sans-serif\">,<\/span> <span dir=\"ltr\" role=\"presentation\" style=\"left: 150.04px;top: 710.511px;font-family: sans-serif\">pra<\/span><span dir=\"ltr\" role=\"presentation\" style=\"left: 179.033px;top: 710.511px;font-family: sans-serif\">od<\/span><span dir=\"ltr\" role=\"presentation\" style=\"left: 201.433px;top: 710.511px;font-family: sans-serif\">, l\u00f5hed<\/span><span dir=\"ltr\" role=\"presentation\" style=\"left: 261.433px;top: 710.511px;font-family: sans-serif\">)<\/span><span dir=\"ltr\" role=\"presentation\" style=\"left: 268.033px;top: 710.511px;font-family: sans-serif\">.<\/span><span dir=\"ltr\" role=\"presentation\" style=\"left: 273.593px;top: 710.511px;font-family: sans-serif\"> <\/span><\/span><\/span><\/li>\n<li><span style=\"font-size:14px\"><span class=\"markedContent\" id=\"page3R_mcid20\"><span dir=\"ltr\" role=\"presentation\" style=\"left: 284.633px;top: 710.511px;font-family: sans-serif\">Lahuse kogus<\/span><span dir=\"ltr\" role=\"presentation\" style=\"left: 409.313px;top: 710.511px;font-family: sans-serif\"> <\/span><span dir=\"ltr\" role=\"presentation\" style=\"left: 414.883px;top: 710.511px;font-family: sans-serif\">1<\/span><span dir=\"ltr\" role=\"presentation\" style=\"left: 426.003px;top: 710.511px;font-family: sans-serif\"> <\/span><span dir=\"ltr\" role=\"presentation\" style=\"left: 431.683px;top: 710.511px;font-family: sans-serif\">liiter<\/span><span dir=\"ltr\" role=\"presentation\" style=\"left: 468.323px;top: 710.511px;font-family: sans-serif\"> <\/span><span dir=\"ltr\" role=\"presentation\" style=\"left: 473.883px;top: 710.511px;font-family: sans-serif\">iga 15 ruutmeetri kohta.<\/span><\/span><\/span><\/li>\n<\/ul>\n","protected":false},"excerpt":{"rendered":"<p>Looduslikel p\u00fcreetrumitel ja p\u00fcretroididel p\u00f5hinev insektitsiidid koduseks ja tsiviilotstarbeliseks kasutamiseks (hotellides, koolides, kauplustes, haiglates ja maapiirkondades).<br \/>\nT\u00f5rjub putukaid, samuti koisid ja muid putukkahjureid.<br \/>\nOn l\u00f5hnatu, mittes\u00fcttiv ja ei j\u00e4ta plekke.<\/p>\n","protected":false},"featured_media":3923,"comment_status":"closed","ping_status":"closed","template":"","meta":[],"product_brand":[],"product_cat":[206],"product_tag":[],"class_list":{"0":"post-2797","1":"product","2":"type-product","3":"status-publish","4":"has-post-thumbnail","6":"product_cat-putukad-kahjurid","8":"first","9":"instock","10":"taxable","11":"shipping-taxable","12":"purchasable","13":"product-type-simple"},"yoast_head":"<!-- This site is optimized with the Yoast SEO plugin v26.5 - https:\/\/yoast.com\/wordpress\/plugins\/seo\/ -->\n<title>Terminator CE 5L - Looduslik putukat\u00f5rjevahend I ZEP Eesti<\/title>\n<meta name=\"description\" content=\"Looduslikel p\u00fcreetrumitel ja p\u00fcretroididel p\u00f5hinev insektitsiidid koduseks ja tsiviilotstarbeliseks kasutamiseks. On l\u00f5hnatu, mittes\u00fcttiv ja ei j\u00e4ta plekke.\" \/>\n<meta name=\"robots\" content=\"index, follow, max-snippet:-1, max-image-preview:large, max-video-preview:-1\" \/>\n<link rel=\"canonical\" href=\"https:\/\/zepestonia.com\/en\/toode\/terminator-ce-5l\/\" \/>\n<meta property=\"og:locale\" content=\"en_US\" \/>\n<meta property=\"og:type\" content=\"article\" \/>\n<meta property=\"og:title\" content=\"Terminator CE 5L - Looduslik putukat\u00f5rjevahend I ZEP Eesti\" \/>\n<meta property=\"og:description\" content=\"Looduslikel p\u00fcreetrumitel ja p\u00fcretroididel p\u00f5hinev insektitsiidid koduseks ja tsiviilotstarbeliseks kasutamiseks. On l\u00f5hnatu, mittes\u00fcttiv ja ei j\u00e4ta plekke.\" \/>\n<meta property=\"og:url\" content=\"https:\/\/zepestonia.com\/en\/toode\/terminator-ce-5l\/\" \/>\n<meta property=\"og:site_name\" content=\"ZEP Eesti I Puhastusvahendid I E-pood\" \/>\n<meta property=\"article:publisher\" content=\"https:\/\/www.facebook.com\/ZepEesti\" \/>\n<meta property=\"article:modified_time\" content=\"2025-07-04T00:03:29+00:00\" \/>\n<meta property=\"og:image\" content=\"https:\/\/zepestonia.com\/wp-content\/uploads\/2021\/12\/195-60ea3d248729e9-81041685-Terminator.png\" \/>\n\t<meta property=\"og:image:width\" content=\"400\" \/>\n\t<meta property=\"og:image:height\" content=\"600\" \/>\n\t<meta property=\"og:image:type\" content=\"image\/png\" \/>\n<meta name=\"twitter:card\" content=\"summary_large_image\" \/>\n<script type=\"application\/ld+json\" class=\"yoast-schema-graph\">{\"@context\":\"https:\/\/schema.org\",\"@graph\":[{\"@type\":\"WebPage\",\"@id\":\"https:\/\/zepestonia.com\/en\/toode\/terminator-ce-5l\/\",\"url\":\"https:\/\/zepestonia.com\/en\/toode\/terminator-ce-5l\/\",\"name\":\"Terminator CE 5L - Looduslik putukat\u00f5rjevahend I ZEP Eesti\",\"isPartOf\":{\"@id\":\"https:\/\/zepestonia.com\/en\/#website\"},\"primaryImageOfPage\":{\"@id\":\"https:\/\/zepestonia.com\/en\/toode\/terminator-ce-5l\/#primaryimage\"},\"image\":{\"@id\":\"https:\/\/zepestonia.com\/en\/toode\/terminator-ce-5l\/#primaryimage\"},\"thumbnailUrl\":\"https:\/\/zepestonia.com\/wp-content\/uploads\/2021\/12\/195-60ea3d248729e9-81041685-Terminator.png\",\"datePublished\":\"2021-11-29T19:00:33+00:00\",\"dateModified\":\"2025-07-04T00:03:29+00:00\",\"description\":\"Looduslikel p\u00fcreetrumitel ja p\u00fcretroididel p\u00f5hinev insektitsiidid koduseks ja tsiviilotstarbeliseks kasutamiseks. On l\u00f5hnatu, mittes\u00fcttiv ja ei j\u00e4ta plekke.\",\"breadcrumb\":{\"@id\":\"https:\/\/zepestonia.com\/en\/toode\/terminator-ce-5l\/#breadcrumb\"},\"inLanguage\":\"en-US\",\"potentialAction\":[{\"@type\":\"ReadAction\",\"target\":[\"https:\/\/zepestonia.com\/en\/toode\/terminator-ce-5l\/\"]}]},{\"@type\":\"ImageObject\",\"inLanguage\":\"en-US\",\"@id\":\"https:\/\/zepestonia.com\/en\/toode\/terminator-ce-5l\/#primaryimage\",\"url\":\"https:\/\/zepestonia.com\/wp-content\/uploads\/2021\/12\/195-60ea3d248729e9-81041685-Terminator.png\",\"contentUrl\":\"https:\/\/zepestonia.com\/wp-content\/uploads\/2021\/12\/195-60ea3d248729e9-81041685-Terminator.png\",\"width\":400,\"height\":600,\"caption\":\"195-60ea3d248729e9-81041685-Terminator\"},{\"@type\":\"BreadcrumbList\",\"@id\":\"https:\/\/zepestonia.com\/en\/toode\/terminator-ce-5l\/#breadcrumb\",\"itemListElement\":[{\"@type\":\"ListItem\",\"position\":1,\"name\":\"Home\",\"item\":\"https:\/\/zepestonia.com\/en\/\"},{\"@type\":\"ListItem\",\"position\":2,\"name\":\"Shop\",\"item\":\"https:\/\/zepestonia.com\/en\/?page_id=4643\"},{\"@type\":\"ListItem\",\"position\":3,\"name\":\"Terminator CE 5L &#8211; Looduslik putukat\u00f5rjevahend\"}]},{\"@type\":\"WebSite\",\"@id\":\"https:\/\/zepestonia.com\/en\/#website\",\"url\":\"https:\/\/zepestonia.com\/en\/\",\"name\":\"ZEP Eesti I Puhastusvahendid I E-pood\",\"description\":\"Pakume puhastus- ja hooldusprobleemidele efektiivseid keskkonnas\u00f5bralikke lahendusi!\",\"publisher\":{\"@id\":\"https:\/\/zepestonia.com\/en\/#organization\"},\"potentialAction\":[{\"@type\":\"SearchAction\",\"target\":{\"@type\":\"EntryPoint\",\"urlTemplate\":\"https:\/\/zepestonia.com\/en\/?s={search_term_string}\"},\"query-input\":{\"@type\":\"PropertyValueSpecification\",\"valueRequired\":true,\"valueName\":\"search_term_string\"}}],\"inLanguage\":\"en-US\"},{\"@type\":\"Organization\",\"@id\":\"https:\/\/zepestonia.com\/en\/#organization\",\"name\":\"Zep Estonia\",\"url\":\"https:\/\/zepestonia.com\/en\/\",\"logo\":{\"@type\":\"ImageObject\",\"inLanguage\":\"en-US\",\"@id\":\"https:\/\/zepestonia.com\/en\/#\/schema\/logo\/image\/\",\"url\":\"https:\/\/zepestonia.com\/wp-content\/uploads\/2022\/03\/Zep-Logo_png.jpeg\",\"contentUrl\":\"https:\/\/zepestonia.com\/wp-content\/uploads\/2022\/03\/Zep-Logo_png.jpeg\",\"width\":109,\"height\":70,\"caption\":\"Zep Estonia\"},\"image\":{\"@id\":\"https:\/\/zepestonia.com\/en\/#\/schema\/logo\/image\/\"},\"sameAs\":[\"https:\/\/www.facebook.com\/ZepEesti\"]}]}<\/script>\n<!-- \/ Yoast SEO plugin. -->","yoast_head_json":{"title":"Terminator CE 5L - Looduslik putukat\u00f5rjevahend I ZEP Eesti","description":"Looduslikel p\u00fcreetrumitel ja p\u00fcretroididel p\u00f5hinev insektitsiidid koduseks ja tsiviilotstarbeliseks kasutamiseks. On l\u00f5hnatu, mittes\u00fcttiv ja ei j\u00e4ta plekke.","robots":{"index":"index","follow":"follow","max-snippet":"max-snippet:-1","max-image-preview":"max-image-preview:large","max-video-preview":"max-video-preview:-1"},"canonical":"https:\/\/zepestonia.com\/en\/toode\/terminator-ce-5l\/","og_locale":"en_US","og_type":"article","og_title":"Terminator CE 5L - Looduslik putukat\u00f5rjevahend I ZEP Eesti","og_description":"Looduslikel p\u00fcreetrumitel ja p\u00fcretroididel p\u00f5hinev insektitsiidid koduseks ja tsiviilotstarbeliseks kasutamiseks. On l\u00f5hnatu, mittes\u00fcttiv ja ei j\u00e4ta plekke.","og_url":"https:\/\/zepestonia.com\/en\/toode\/terminator-ce-5l\/","og_site_name":"ZEP Eesti I Puhastusvahendid I E-pood","article_publisher":"https:\/\/www.facebook.com\/ZepEesti","article_modified_time":"2025-07-04T00:03:29+00:00","og_image":[{"width":400,"height":600,"url":"https:\/\/zepestonia.com\/wp-content\/uploads\/2021\/12\/195-60ea3d248729e9-81041685-Terminator.png","type":"image\/png"}],"twitter_card":"summary_large_image","schema":{"@context":"https:\/\/schema.org","@graph":[{"@type":"WebPage","@id":"https:\/\/zepestonia.com\/en\/toode\/terminator-ce-5l\/","url":"https:\/\/zepestonia.com\/en\/toode\/terminator-ce-5l\/","name":"Terminator CE 5L - Looduslik putukat\u00f5rjevahend I ZEP Eesti","isPartOf":{"@id":"https:\/\/zepestonia.com\/en\/#website"},"primaryImageOfPage":{"@id":"https:\/\/zepestonia.com\/en\/toode\/terminator-ce-5l\/#primaryimage"},"image":{"@id":"https:\/\/zepestonia.com\/en\/toode\/terminator-ce-5l\/#primaryimage"},"thumbnailUrl":"https:\/\/zepestonia.com\/wp-content\/uploads\/2021\/12\/195-60ea3d248729e9-81041685-Terminator.png","datePublished":"2021-11-29T19:00:33+00:00","dateModified":"2025-07-04T00:03:29+00:00","description":"Looduslikel p\u00fcreetrumitel ja p\u00fcretroididel p\u00f5hinev insektitsiidid koduseks ja tsiviilotstarbeliseks kasutamiseks. On l\u00f5hnatu, mittes\u00fcttiv ja ei j\u00e4ta plekke.","breadcrumb":{"@id":"https:\/\/zepestonia.com\/en\/toode\/terminator-ce-5l\/#breadcrumb"},"inLanguage":"en-US","potentialAction":[{"@type":"ReadAction","target":["https:\/\/zepestonia.com\/en\/toode\/terminator-ce-5l\/"]}]},{"@type":"ImageObject","inLanguage":"en-US","@id":"https:\/\/zepestonia.com\/en\/toode\/terminator-ce-5l\/#primaryimage","url":"https:\/\/zepestonia.com\/wp-content\/uploads\/2021\/12\/195-60ea3d248729e9-81041685-Terminator.png","contentUrl":"https:\/\/zepestonia.com\/wp-content\/uploads\/2021\/12\/195-60ea3d248729e9-81041685-Terminator.png","width":400,"height":600,"caption":"195-60ea3d248729e9-81041685-Terminator"},{"@type":"BreadcrumbList","@id":"https:\/\/zepestonia.com\/en\/toode\/terminator-ce-5l\/#breadcrumb","itemListElement":[{"@type":"ListItem","position":1,"name":"Home","item":"https:\/\/zepestonia.com\/en\/"},{"@type":"ListItem","position":2,"name":"Shop","item":"https:\/\/zepestonia.com\/en\/?page_id=4643"},{"@type":"ListItem","position":3,"name":"Terminator CE 5L &#8211; Looduslik putukat\u00f5rjevahend"}]},{"@type":"WebSite","@id":"https:\/\/zepestonia.com\/en\/#website","url":"https:\/\/zepestonia.com\/en\/","name":"ZEP Eesti I Puhastusvahendid I E-pood","description":"Pakume puhastus- ja hooldusprobleemidele efektiivseid keskkonnas\u00f5bralikke lahendusi!","publisher":{"@id":"https:\/\/zepestonia.com\/en\/#organization"},"potentialAction":[{"@type":"SearchAction","target":{"@type":"EntryPoint","urlTemplate":"https:\/\/zepestonia.com\/en\/?s={search_term_string}"},"query-input":{"@type":"PropertyValueSpecification","valueRequired":true,"valueName":"search_term_string"}}],"inLanguage":"en-US"},{"@type":"Organization","@id":"https:\/\/zepestonia.com\/en\/#organization","name":"Zep Estonia","url":"https:\/\/zepestonia.com\/en\/","logo":{"@type":"ImageObject","inLanguage":"en-US","@id":"https:\/\/zepestonia.com\/en\/#\/schema\/logo\/image\/","url":"https:\/\/zepestonia.com\/wp-content\/uploads\/2022\/03\/Zep-Logo_png.jpeg","contentUrl":"https:\/\/zepestonia.com\/wp-content\/uploads\/2022\/03\/Zep-Logo_png.jpeg","width":109,"height":70,"caption":"Zep Estonia"},"image":{"@id":"https:\/\/zepestonia.com\/en\/#\/schema\/logo\/image\/"},"sameAs":["https:\/\/www.facebook.com\/ZepEesti"]}]}},"_links":{"self":[{"href":"https:\/\/zepestonia.com\/en\/wp-json\/wp\/v2\/product\/2797","targetHints":{"allow":["GET"]}}],"collection":[{"href":"https:\/\/zepestonia.com\/en\/wp-json\/wp\/v2\/product"}],"about":[{"href":"https:\/\/zepestonia.com\/en\/wp-json\/wp\/v2\/types\/product"}],"replies":[{"embeddable":true,"href":"https:\/\/zepestonia.com\/en\/wp-json\/wp\/v2\/comments?post=2797"}],"version-history":[{"count":2,"href":"https:\/\/zepestonia.com\/en\/wp-json\/wp\/v2\/product\/2797\/revisions"}],"predecessor-version":[{"id":11287,"href":"https:\/\/zepestonia.com\/en\/wp-json\/wp\/v2\/product\/2797\/revisions\/11287"}],"wp:featuredmedia":[{"embeddable":true,"href":"https:\/\/zepestonia.com\/en\/wp-json\/wp\/v2\/media\/3923"}],"wp:attachment":[{"href":"https:\/\/zepestonia.com\/en\/wp-json\/wp\/v2\/media?parent=2797"}],"wp:term":[{"taxonomy":"product_brand","embeddable":true,"href":"https:\/\/zepestonia.com\/en\/wp-json\/wp\/v2\/product_brand?post=2797"},{"taxonomy":"product_cat","embeddable":true,"href":"https:\/\/zepestonia.com\/en\/wp-json\/wp\/v2\/product_cat?post=2797"},{"taxonomy":"product_tag","embeddable":true,"href":"https:\/\/zepestonia.com\/en\/wp-json\/wp\/v2\/product_tag?post=2797"}],"curies":[{"name":"wp","href":"https:\/\/api.w.org\/{rel}","templated":true}]}}